{"id":95,"date":"2019-04-04T21:30:51","date_gmt":"2019-04-04T21:30:51","guid":{"rendered":"https:\/\/www.phyt-inov.com\/?post_type=product&#038;p=95"},"modified":"2026-03-30T09:12:49","modified_gmt":"2026-03-30T09:12:49","slug":"ail-coq10-q10-200-gelules","status":"publish","type":"product","link":"https:\/\/www.phyt-inov.com\/fr\/produit\/ail-coq10-q10-200-gelules\/","title":{"rendered":"AIL+CoQ10 + aub\u00e9pine + olivier"},"content":{"rendered":"<p>Bo\u00eete de 200 g\u00e9lules v\u00e9g\u00e9tales.<\/p>\n<p>Poids net : 98 g.<\/p>\n<p>Conseils d\u2019utilisation : prendre 2 g\u00e9lules 2 fois par jour aux repas.<\/p>\n","protected":false},"excerpt":{"rendered":"<p>Compl\u00e9ment alimentaire \u00e0 base d&rsquo;ail, de coenzyme Q10, d&rsquo;extrait d&rsquo;aub\u00e9pine et d&rsquo;olivier.<\/p>\n<p>De nombreux textes anciens mentionnent les effets b\u00e9n\u00e9fiques de l\u2019ail qui n\u2019ont jamais \u00e9t\u00e9 d\u00e9mentis. L\u2019ail aide \u00e0 maintenir un taux normal de cholest\u00e9rol. De plus, il soutient la circulation sanguine et contribue au fonctionnement normal du syst\u00e8me immunitaire.<br \/>\nL\u2019Aub\u00e9pine soutient la fonction cardiaque, participe \u00e0 l&rsquo;apport d&rsquo;oxyg\u00e8ne et favorise la circulation sanguine p\u00e9riph\u00e9rique.<\/p>\n<p>Le <b>Co-enzyme Q10<\/b> joue un r\u00f4le fondamental dans la synth\u00e8se de l\u2019ATP par les mitochondries, v\u00e9ritables unit\u00e9s de production d&rsquo;\u00e9nergie cellulaire.<\/p>\n","protected":false},"featured_media":180,"comment_status":"open","ping_status":"closed","template":"","meta":{"_et_pb_use_builder":"","_et_pb_old_content":"","_et_gb_content_width":""},"product_brand":[],"product_cat":[95,99,72,93],"product_tag":[],"class_list":{"0":"post-95","1":"product","2":"type-product","3":"status-publish","4":"has-post-thumbnail","6":"product_cat-accompagnement-sportif","7":"product_cat-animaux","8":"product_cat-harmonie-cardio-vasculaire","9":"product_cat-troubles-metabolisme","11":"first","12":"instock","13":"shipping-taxable","14":"purchasable","15":"product-type-simple"},"yoast_head":"<!-- This site is optimized with the Yoast SEO plugin v27.4 - https:\/\/yoast.com\/product\/yoast-seo-wordpress\/ -->\n<title>Produit naturel pour soutien cardio-vasculaire \u2013 Ail + Coq10 + aub\u00e9pine + olivier \u2013 Formule de JP Willem \u2013 200 g\u00e9lules v\u00e9g\u00e9tales dos\u00e9es \u00e0 400 mg | Phyt-inov.com<\/title>\n<meta name=\"description\" content=\"Phyt-Inov international\u00ae officiel, laboratoire suisse \u00e9labore avec JP Willem Ail+CoQ10 (200 g\u00e9lules v\u00e9g\u00e9tales dos\u00e9es \u00e0 400 mg) v\u00e9ritable alli\u00e9e au maintien d\u2019un bon fonctionnement du syst\u00e8me cardio-vasculaire (ail\/coenzyme Q10\/aub\u00e9pine\/olivier). Il aide au maintien un taux normal de cholest\u00e9rol, soutient la circulation. Il aide au fonctionnement normal du syst\u00e8me immunitaire.\" \/>\n<meta name=\"robots\" content=\"index, follow, max-snippet:-1, max-image-preview:large, max-video-preview:-1\" \/>\n<link rel=\"canonical\" href=\"https:\/\/www.phyt-inov.com\/fr\/produit\/ail-coq10-q10-200-gelules\/\" \/>\n<meta property=\"og:locale\" content=\"fr_FR\" \/>\n<meta property=\"og:type\" content=\"article\" \/>\n<meta property=\"og:title\" content=\"Produit naturel pour soutien cardio-vasculaire \u2013 Ail + Coq10 + aub\u00e9pine + olivier \u2013 Formule de JP Willem \u2013 200 g\u00e9lules v\u00e9g\u00e9tales dos\u00e9es \u00e0 400 mg | Phyt-inov.com\" \/>\n<meta property=\"og:description\" content=\"Phyt-Inov international\u00ae officiel, laboratoire suisse \u00e9labore avec JP Willem Ail+CoQ10 (200 g\u00e9lules v\u00e9g\u00e9tales dos\u00e9es \u00e0 400 mg) v\u00e9ritable alli\u00e9e au maintien d\u2019un bon fonctionnement du syst\u00e8me cardio-vasculaire (ail\/coenzyme Q10\/aub\u00e9pine\/olivier). Il aide au maintien un taux normal de cholest\u00e9rol, soutient la circulation. Il aide au fonctionnement normal du syst\u00e8me immunitaire.\" \/>\n<meta property=\"og:url\" content=\"https:\/\/www.phyt-inov.com\/fr\/produit\/ail-coq10-q10-200-gelules\/\" \/>\n<meta property=\"og:site_name\" content=\"Phyt-Inov\" \/>\n<meta property=\"article:publisher\" content=\"https:\/\/www.facebook.com\/phytinov\/\" \/>\n<meta property=\"article:modified_time\" content=\"2026-03-30T09:12:49+00:00\" \/>\n<meta property=\"og:image\" content=\"https:\/\/www.phyt-inov.com\/wp-content\/uploads\/2025\/09\/AilCoQ10-1.png\" \/>\n\t<meta property=\"og:image:width\" content=\"819\" \/>\n\t<meta property=\"og:image:height\" content=\"1024\" \/>\n\t<meta property=\"og:image:type\" content=\"image\/png\" \/>\n<meta name=\"twitter:card\" content=\"summary_large_image\" \/>\n<meta name=\"twitter:label1\" content=\"Dur\u00e9e de lecture estim\u00e9e\" \/>\n\t<meta name=\"twitter:data1\" content=\"1 minute\" \/>\n<script type=\"application\/ld+json\" class=\"yoast-schema-graph\">{\"@context\":\"https:\\\/\\\/schema.org\",\"@graph\":[{\"@type\":\"WebPage\",\"@id\":\"https:\\\/\\\/www.phyt-inov.com\\\/fr\\\/produit\\\/ail-coq10-q10-200-gelules\\\/\",\"url\":\"https:\\\/\\\/www.phyt-inov.com\\\/fr\\\/produit\\\/ail-coq10-q10-200-gelules\\\/\",\"name\":\"Produit naturel pour soutien cardio-vasculaire \u2013 Ail + Coq10 + aub\u00e9pine + olivier \u2013 Formule de JP Willem \u2013 200 g\u00e9lules v\u00e9g\u00e9tales dos\u00e9es \u00e0 400 mg | Phyt-inov.com\",\"isPartOf\":{\"@id\":\"https:\\\/\\\/www.phyt-inov.com\\\/fr\\\/#website\"},\"primaryImageOfPage\":{\"@id\":\"https:\\\/\\\/www.phyt-inov.com\\\/fr\\\/produit\\\/ail-coq10-q10-200-gelules\\\/#primaryimage\"},\"image\":{\"@id\":\"https:\\\/\\\/www.phyt-inov.com\\\/fr\\\/produit\\\/ail-coq10-q10-200-gelules\\\/#primaryimage\"},\"thumbnailUrl\":\"https:\\\/\\\/www.phyt-inov.com\\\/wp-content\\\/uploads\\\/2025\\\/09\\\/AilCoQ10-1.png\",\"datePublished\":\"2019-04-04T21:30:51+00:00\",\"dateModified\":\"2026-03-30T09:12:49+00:00\",\"description\":\"Phyt-Inov international\u00ae officiel, laboratoire suisse \u00e9labore avec JP Willem Ail+CoQ10 (200 g\u00e9lules v\u00e9g\u00e9tales dos\u00e9es \u00e0 400 mg) v\u00e9ritable alli\u00e9e au maintien d\u2019un bon fonctionnement du syst\u00e8me cardio-vasculaire (ail\\\/coenzyme Q10\\\/aub\u00e9pine\\\/olivier). Il aide au maintien un taux normal de cholest\u00e9rol, soutient la circulation. Il aide au fonctionnement normal du syst\u00e8me immunitaire.\",\"breadcrumb\":{\"@id\":\"https:\\\/\\\/www.phyt-inov.com\\\/fr\\\/produit\\\/ail-coq10-q10-200-gelules\\\/#breadcrumb\"},\"inLanguage\":\"fr-FR\",\"potentialAction\":[{\"@type\":\"ReadAction\",\"target\":[\"https:\\\/\\\/www.phyt-inov.com\\\/fr\\\/produit\\\/ail-coq10-q10-200-gelules\\\/\"]}]},{\"@type\":\"ImageObject\",\"inLanguage\":\"fr-FR\",\"@id\":\"https:\\\/\\\/www.phyt-inov.com\\\/fr\\\/produit\\\/ail-coq10-q10-200-gelules\\\/#primaryimage\",\"url\":\"https:\\\/\\\/www.phyt-inov.com\\\/wp-content\\\/uploads\\\/2025\\\/09\\\/AilCoQ10-1.png\",\"contentUrl\":\"https:\\\/\\\/www.phyt-inov.com\\\/wp-content\\\/uploads\\\/2025\\\/09\\\/AilCoQ10-1.png\",\"width\":6400,\"height\":8000,\"caption\":\"phyt-inov produit ail + coQ10\"},{\"@type\":\"BreadcrumbList\",\"@id\":\"https:\\\/\\\/www.phyt-inov.com\\\/fr\\\/produit\\\/ail-coq10-q10-200-gelules\\\/#breadcrumb\",\"itemListElement\":[{\"@type\":\"ListItem\",\"position\":1,\"name\":\"Accueil\",\"item\":\"https:\\\/\\\/www.phyt-inov.com\\\/fr\\\/\"},{\"@type\":\"ListItem\",\"position\":2,\"name\":\"Boutique\",\"item\":\"https:\\\/\\\/www.phyt-inov.com\\\/fr\\\/boutique\\\/\"},{\"@type\":\"ListItem\",\"position\":3,\"name\":\"AIL+CoQ10 + aub\u00e9pine + olivier\"}]},{\"@type\":\"WebSite\",\"@id\":\"https:\\\/\\\/www.phyt-inov.com\\\/fr\\\/#website\",\"url\":\"https:\\\/\\\/www.phyt-inov.com\\\/fr\\\/\",\"name\":\"Phyt-Inov International\",\"description\":\"L&#039;efficacit\u00e9 naturelle pour vos soins quotidiens\",\"publisher\":{\"@id\":\"https:\\\/\\\/www.phyt-inov.com\\\/fr\\\/#organization\"},\"alternateName\":\"phyt-inov\",\"potentialAction\":[{\"@type\":\"SearchAction\",\"target\":{\"@type\":\"EntryPoint\",\"urlTemplate\":\"https:\\\/\\\/www.phyt-inov.com\\\/fr\\\/?s={search_term_string}\"},\"query-input\":{\"@type\":\"PropertyValueSpecification\",\"valueRequired\":true,\"valueName\":\"search_term_string\"}}],\"inLanguage\":\"fr-FR\"},{\"@type\":\"Organization\",\"@id\":\"https:\\\/\\\/www.phyt-inov.com\\\/fr\\\/#organization\",\"name\":\"Phyt-Inov\",\"alternateName\":\"Phyt-Inov\",\"url\":\"https:\\\/\\\/www.phyt-inov.com\\\/fr\\\/\",\"logo\":{\"@type\":\"ImageObject\",\"inLanguage\":\"fr-FR\",\"@id\":\"https:\\\/\\\/www.phyt-inov.com\\\/fr\\\/#\\\/schema\\\/logo\\\/image\\\/\",\"url\":\"https:\\\/\\\/www.phyt-inov.com\\\/wp-content\\\/uploads\\\/2025\\\/09\\\/Logo-site-phyt-inov4_Plan-de-travail-1-2048x760-1.png\",\"contentUrl\":\"https:\\\/\\\/www.phyt-inov.com\\\/wp-content\\\/uploads\\\/2025\\\/09\\\/Logo-site-phyt-inov4_Plan-de-travail-1-2048x760-1.png\",\"width\":2048,\"height\":760,\"caption\":\"Phyt-Inov\"},\"image\":{\"@id\":\"https:\\\/\\\/www.phyt-inov.com\\\/fr\\\/#\\\/schema\\\/logo\\\/image\\\/\"},\"sameAs\":[\"https:\\\/\\\/www.facebook.com\\\/phytinov\\\/\",\"https:\\\/\\\/www.youtube.com\\\/channel\\\/UCE05sYsSXuuKbLqs4Au3e4Q\",\"https:\\\/\\\/www.instagram.com\\\/phytinov\\\/\"]}]}<\/script>\n<!-- \/ Yoast SEO plugin. -->","yoast_head_json":{"title":"Produit naturel pour soutien cardio-vasculaire \u2013 Ail + Coq10 + aub\u00e9pine + olivier \u2013 Formule de JP Willem \u2013 200 g\u00e9lules v\u00e9g\u00e9tales dos\u00e9es \u00e0 400 mg | Phyt-inov.com","description":"Phyt-Inov international\u00ae officiel, laboratoire suisse \u00e9labore avec JP Willem Ail+CoQ10 (200 g\u00e9lules v\u00e9g\u00e9tales dos\u00e9es \u00e0 400 mg) v\u00e9ritable alli\u00e9e au maintien d\u2019un bon fonctionnement du syst\u00e8me cardio-vasculaire (ail\/coenzyme Q10\/aub\u00e9pine\/olivier). Il aide au maintien un taux normal de cholest\u00e9rol, soutient la circulation. Il aide au fonctionnement normal du syst\u00e8me immunitaire.","robots":{"index":"index","follow":"follow","max-snippet":"max-snippet:-1","max-image-preview":"max-image-preview:large","max-video-preview":"max-video-preview:-1"},"canonical":"https:\/\/www.phyt-inov.com\/fr\/produit\/ail-coq10-q10-200-gelules\/","og_locale":"fr_FR","og_type":"article","og_title":"Produit naturel pour soutien cardio-vasculaire \u2013 Ail + Coq10 + aub\u00e9pine + olivier \u2013 Formule de JP Willem \u2013 200 g\u00e9lules v\u00e9g\u00e9tales dos\u00e9es \u00e0 400 mg | Phyt-inov.com","og_description":"Phyt-Inov international\u00ae officiel, laboratoire suisse \u00e9labore avec JP Willem Ail+CoQ10 (200 g\u00e9lules v\u00e9g\u00e9tales dos\u00e9es \u00e0 400 mg) v\u00e9ritable alli\u00e9e au maintien d\u2019un bon fonctionnement du syst\u00e8me cardio-vasculaire (ail\/coenzyme Q10\/aub\u00e9pine\/olivier). Il aide au maintien un taux normal de cholest\u00e9rol, soutient la circulation. Il aide au fonctionnement normal du syst\u00e8me immunitaire.","og_url":"https:\/\/www.phyt-inov.com\/fr\/produit\/ail-coq10-q10-200-gelules\/","og_site_name":"Phyt-Inov","article_publisher":"https:\/\/www.facebook.com\/phytinov\/","article_modified_time":"2026-03-30T09:12:49+00:00","og_image":[{"url":"https:\/\/www.phyt-inov.com\/wp-content\/uploads\/2025\/09\/AilCoQ10-1.png","width":819,"height":1024,"type":"image\/png"}],"twitter_card":"summary_large_image","twitter_misc":{"Dur\u00e9e de lecture estim\u00e9e":"1 minute"},"schema":{"@context":"https:\/\/schema.org","@graph":[{"@type":"WebPage","@id":"https:\/\/www.phyt-inov.com\/fr\/produit\/ail-coq10-q10-200-gelules\/","url":"https:\/\/www.phyt-inov.com\/fr\/produit\/ail-coq10-q10-200-gelules\/","name":"Produit naturel pour soutien cardio-vasculaire \u2013 Ail + Coq10 + aub\u00e9pine + olivier \u2013 Formule de JP Willem \u2013 200 g\u00e9lules v\u00e9g\u00e9tales dos\u00e9es \u00e0 400 mg | Phyt-inov.com","isPartOf":{"@id":"https:\/\/www.phyt-inov.com\/fr\/#website"},"primaryImageOfPage":{"@id":"https:\/\/www.phyt-inov.com\/fr\/produit\/ail-coq10-q10-200-gelules\/#primaryimage"},"image":{"@id":"https:\/\/www.phyt-inov.com\/fr\/produit\/ail-coq10-q10-200-gelules\/#primaryimage"},"thumbnailUrl":"https:\/\/www.phyt-inov.com\/wp-content\/uploads\/2025\/09\/AilCoQ10-1.png","datePublished":"2019-04-04T21:30:51+00:00","dateModified":"2026-03-30T09:12:49+00:00","description":"Phyt-Inov international\u00ae officiel, laboratoire suisse \u00e9labore avec JP Willem Ail+CoQ10 (200 g\u00e9lules v\u00e9g\u00e9tales dos\u00e9es \u00e0 400 mg) v\u00e9ritable alli\u00e9e au maintien d\u2019un bon fonctionnement du syst\u00e8me cardio-vasculaire (ail\/coenzyme Q10\/aub\u00e9pine\/olivier). Il aide au maintien un taux normal de cholest\u00e9rol, soutient la circulation. Il aide au fonctionnement normal du syst\u00e8me immunitaire.","breadcrumb":{"@id":"https:\/\/www.phyt-inov.com\/fr\/produit\/ail-coq10-q10-200-gelules\/#breadcrumb"},"inLanguage":"fr-FR","potentialAction":[{"@type":"ReadAction","target":["https:\/\/www.phyt-inov.com\/fr\/produit\/ail-coq10-q10-200-gelules\/"]}]},{"@type":"ImageObject","inLanguage":"fr-FR","@id":"https:\/\/www.phyt-inov.com\/fr\/produit\/ail-coq10-q10-200-gelules\/#primaryimage","url":"https:\/\/www.phyt-inov.com\/wp-content\/uploads\/2025\/09\/AilCoQ10-1.png","contentUrl":"https:\/\/www.phyt-inov.com\/wp-content\/uploads\/2025\/09\/AilCoQ10-1.png","width":6400,"height":8000,"caption":"phyt-inov produit ail + coQ10"},{"@type":"BreadcrumbList","@id":"https:\/\/www.phyt-inov.com\/fr\/produit\/ail-coq10-q10-200-gelules\/#breadcrumb","itemListElement":[{"@type":"ListItem","position":1,"name":"Accueil","item":"https:\/\/www.phyt-inov.com\/fr\/"},{"@type":"ListItem","position":2,"name":"Boutique","item":"https:\/\/www.phyt-inov.com\/fr\/boutique\/"},{"@type":"ListItem","position":3,"name":"AIL+CoQ10 + aub\u00e9pine + olivier"}]},{"@type":"WebSite","@id":"https:\/\/www.phyt-inov.com\/fr\/#website","url":"https:\/\/www.phyt-inov.com\/fr\/","name":"Phyt-Inov International","description":"L&#039;efficacit\u00e9 naturelle pour vos soins quotidiens","publisher":{"@id":"https:\/\/www.phyt-inov.com\/fr\/#organization"},"alternateName":"phyt-inov","potentialAction":[{"@type":"SearchAction","target":{"@type":"EntryPoint","urlTemplate":"https:\/\/www.phyt-inov.com\/fr\/?s={search_term_string}"},"query-input":{"@type":"PropertyValueSpecification","valueRequired":true,"valueName":"search_term_string"}}],"inLanguage":"fr-FR"},{"@type":"Organization","@id":"https:\/\/www.phyt-inov.com\/fr\/#organization","name":"Phyt-Inov","alternateName":"Phyt-Inov","url":"https:\/\/www.phyt-inov.com\/fr\/","logo":{"@type":"ImageObject","inLanguage":"fr-FR","@id":"https:\/\/www.phyt-inov.com\/fr\/#\/schema\/logo\/image\/","url":"https:\/\/www.phyt-inov.com\/wp-content\/uploads\/2025\/09\/Logo-site-phyt-inov4_Plan-de-travail-1-2048x760-1.png","contentUrl":"https:\/\/www.phyt-inov.com\/wp-content\/uploads\/2025\/09\/Logo-site-phyt-inov4_Plan-de-travail-1-2048x760-1.png","width":2048,"height":760,"caption":"Phyt-Inov"},"image":{"@id":"https:\/\/www.phyt-inov.com\/fr\/#\/schema\/logo\/image\/"},"sameAs":["https:\/\/www.facebook.com\/phytinov\/","https:\/\/www.youtube.com\/channel\/UCE05sYsSXuuKbLqs4Au3e4Q","https:\/\/www.instagram.com\/phytinov\/"]}]}},"jetpack_sharing_enabled":true,"_links":{"self":[{"href":"https:\/\/www.phyt-inov.com\/fr\/wp-json\/wp\/v2\/product\/95","targetHints":{"allow":["GET"]}}],"collection":[{"href":"https:\/\/www.phyt-inov.com\/fr\/wp-json\/wp\/v2\/product"}],"about":[{"href":"https:\/\/www.phyt-inov.com\/fr\/wp-json\/wp\/v2\/types\/product"}],"replies":[{"embeddable":true,"href":"https:\/\/www.phyt-inov.com\/fr\/wp-json\/wp\/v2\/comments?post=95"}],"wp:featuredmedia":[{"embeddable":true,"href":"https:\/\/www.phyt-inov.com\/fr\/wp-json\/wp\/v2\/media\/180"}],"wp:attachment":[{"href":"https:\/\/www.phyt-inov.com\/fr\/wp-json\/wp\/v2\/media?parent=95"}],"wp:term":[{"taxonomy":"product_brand","embeddable":true,"href":"https:\/\/www.phyt-inov.com\/fr\/wp-json\/wp\/v2\/product_brand?post=95"},{"taxonomy":"product_cat","embeddable":true,"href":"https:\/\/www.phyt-inov.com\/fr\/wp-json\/wp\/v2\/product_cat?post=95"},{"taxonomy":"product_tag","embeddable":true,"href":"https:\/\/www.phyt-inov.com\/fr\/wp-json\/wp\/v2\/product_tag?post=95"}],"curies":[{"name":"wp","href":"https:\/\/api.w.org\/{rel}","templated":true}]}}