{"id":67118,"date":"2026-02-24T09:50:58","date_gmt":"2026-02-24T09:50:58","guid":{"rendered":"https:\/\/www.phyt-inov.com\/?post_type=product&#038;p=67118"},"modified":"2026-03-30T09:14:26","modified_gmt":"2026-03-30T09:14:26","slug":"creme-hyper-hydratante","status":"publish","type":"product","link":"https:\/\/www.phyt-inov.com\/fr\/produit\/creme-hyper-hydratante\/","title":{"rendered":"Cr\u00e8me Hyper Hydratante"},"content":{"rendered":"<p data-start=\"1019\" data-end=\"1082\"><b>Biomaxi, pour un maximum bio du total des ingr\u00e9dients.<\/b><\/p>\n<h4 data-start=\"1019\" data-end=\"1082\">Une formule apaisante, protectrice et hautement hydratante<\/h4>\n<ul data-start=\"1084\" data-end=\"2034\">\n<li class=\"\" data-start=\"1084\" data-end=\"1315\">\n<p class=\"\" data-start=\"1086\" data-end=\"1315\"><strong data-start=\"1086\" data-end=\"1136\">S\u00e8ve de bouleau non filtr\u00e9e et non pasteuris\u00e9e<\/strong>, utilis\u00e9e en remplacement de l\u2019eau, riche en vitamines, oligo-\u00e9l\u00e9ments, min\u00e9raux et acides amin\u00e9s. Elle soutient le m\u00e9tabolisme cutan\u00e9 et am\u00e9liore la biodisponibilit\u00e9 des actifs.<\/p>\n<\/li>\n<li class=\"\" data-start=\"1316\" data-end=\"1440\">\n<p class=\"\" data-start=\"1318\" data-end=\"1440\"><strong data-start=\"1318\" data-end=\"1353\">Extrait de camomille matricaire<\/strong>, reconnu pour son action apaisante exceptionnelle sur les peaux sensibles ou irrit\u00e9es.<\/p>\n<\/li>\n<li class=\"\" data-start=\"1441\" data-end=\"1580\">\n<p class=\"\" data-start=\"1443\" data-end=\"1580\"><strong data-start=\"1443\" data-end=\"1474\">Extrait de chardon aux \u00e2nes<\/strong>, cicatrisant et r\u00e9parateur, associ\u00e9 \u00e0 la <strong data-start=\"1516\" data-end=\"1536\">cire de carnauba<\/strong>, aux propri\u00e9t\u00e9s filmog\u00e8nes et protectrices.<\/p>\n<\/li>\n<li class=\"\" data-start=\"1581\" data-end=\"1736\">\n<p class=\"\" data-start=\"1583\" data-end=\"1736\"><strong data-start=\"1583\" data-end=\"1603\">Beurre de karit\u00e9<\/strong>, nourrissant, assouplissant, riche en vitamines A, D, E et F. Il hydrate durablement la peau tout en renfor\u00e7ant sa barri\u00e8re cutan\u00e9e.<\/p>\n<\/li>\n<li class=\"\" data-start=\"1737\" data-end=\"1848\">\n<p class=\"\" data-start=\"1739\" data-end=\"1848\"><strong data-start=\"1739\" data-end=\"1758\">Gel d\u2019aloe vera<\/strong>, calmant, hydratant et adoucissant, parfaitement adapt\u00e9 aux peaux fragiles ou \u00e9chauff\u00e9es.<\/p>\n<\/li>\n<li class=\"\" data-start=\"1849\" data-end=\"2034\">\n<p class=\"\" data-start=\"1851\" data-end=\"2034\"><strong data-start=\"1851\" data-end=\"1876\">8 huiles essentielles<\/strong> aux multiples propri\u00e9t\u00e9s (carotte, palmarosa, bois de santal, lavande aspic, romarin\u2026), pour purifier, tonifier, apaiser et prot\u00e9ger la peau avec efficacit\u00e9.<\/p>\n<\/li>\n<\/ul>\n<p data-start=\"2036\" data-end=\"2063\"><strong>Conseils d\u2019application<\/strong><\/p>\n<p class=\"\" data-start=\"2065\" data-end=\"2320\">Appliquer <strong data-start=\"2075\" data-end=\"2087\">le matin<\/strong> sur une peau propre, id\u00e9alement apr\u00e8s un s\u00e9rum fluide ou le Floras\u00e9rum A . Pr\u00e9lever une noisette de produit, r\u00e9chauffer entre les mains, puis masser d\u00e9licatement le visage et le cou par mouvements ascendants, jusqu\u2019\u00e0 absorption compl\u00e8te.<\/p>\n<p class=\"\" data-start=\"2322\" data-end=\"2509\">Cette cr\u00e8me peut \u00e9galement \u00eatre utilis\u00e9e <strong data-start=\"2363\" data-end=\"2374\">le soir<\/strong>, selon les besoins de la peau. Elle constitue une excellente base de maquillage, en laissant un fini souple, non gras, et confortable.<\/p>\n<p><b>Flacon Airless de 50 ml<\/b>.<br \/>\n<b>100%<\/b> du total des ingr\u00e9dients sont naturels ou d\u2019origine naturelle.<br \/>\n<b>90.8%<\/b> du total des ingr\u00e9dients sont certifi\u00e9s bio, aucun conservateur m\u00eame autoris\u00e9 en bio.<\/p>\n","protected":false},"excerpt":{"rendered":"<p>La <strong data-start=\"268\" data-end=\"294\">Cr\u00e8me Hyper Hydratante<\/strong> est un soin quotidien con\u00e7u pour <strong data-start=\"328\" data-end=\"352\">hydrater intens\u00e9ment<\/strong>, <strong data-start=\"354\" data-end=\"367\">renforcer<\/strong> et <strong data-start=\"371\" data-end=\"382\">apaiser<\/strong> les <strong>peaux sensibles, r\u00e9actives ou fragilis\u00e9es<\/strong>. Id\u00e9ale en usage matin, elle forme une barri\u00e8re protectrice qui aide la peau \u00e0 faire face aux agressions ext\u00e9rieures (froid, vent, pollution, variations de temp\u00e9rature). Elle convient particuli\u00e8rement aux <strong>peaux fines<\/strong>,<strong> r\u00e9actives<\/strong>, sujettes aux <strong>rougeurs<\/strong> ou aux <strong>tiraillements<\/strong>, et \u00e0 toutes les peaux ayant besoin d\u2019un soin hydratant profond.<\/p>\n<p data-start=\"265\" data-end=\"598\">Gr\u00e2ce \u00e0 une synergie d\u2019actifs v\u00e9g\u00e9taux puissants et bien tol\u00e9r\u00e9s, cette cr\u00e8me restaure l\u2019\u00e9lasticit\u00e9 de la peau, pr\u00e9vient la d\u00e9shydratation et soulage les sensations d\u2019inconfort. La peau devient plus souple, plus douce et mieux prot\u00e9g\u00e9e au quotidien.<\/p>\n","protected":false},"featured_media":67119,"comment_status":"open","ping_status":"closed","template":"","meta":{"_et_pb_use_builder":"","_et_pb_old_content":"","_et_gb_content_width":""},"product_brand":[101],"product_cat":[86],"product_tag":[],"class_list":{"0":"post-67118","1":"product","2":"type-product","3":"status-publish","4":"has-post-thumbnail","6":"product_brand-flora-dessarts","7":"product_cat-cosmetiques-bio","9":"first","10":"instock","11":"shipping-taxable","12":"purchasable","13":"product-type-simple"},"yoast_head":"<!-- This site is optimized with the Yoast SEO plugin v27.4 - https:\/\/yoast.com\/product\/yoast-seo-wordpress\/ -->\n<title>Cr\u00e8me Hyper-Hydratante Bio : Visage &amp; Corps | Phyt-Inov<\/title>\n<meta name=\"description\" content=\"Hydratation intense pour peaux s\u00e8ches et sensibles. Formule bio naturelle, sans paraben, pour un confort imm\u00e9diat. Qualit\u00e9 suisse Flora d\u2019Essarts.\" \/>\n<meta name=\"robots\" content=\"index, follow, max-snippet:-1, max-image-preview:large, max-video-preview:-1\" \/>\n<link rel=\"canonical\" href=\"https:\/\/www.phyt-inov.com\/fr\/produit\/creme-hyper-hydratante\/\" \/>\n<meta property=\"og:locale\" content=\"fr_FR\" \/>\n<meta property=\"og:type\" content=\"article\" \/>\n<meta property=\"og:title\" content=\"Cr\u00e8me Hyper-Hydratante Bio : Visage &amp; Corps | Phyt-Inov\" \/>\n<meta property=\"og:description\" content=\"Hydratation intense pour peaux s\u00e8ches et sensibles. Formule bio naturelle, sans paraben, pour un confort imm\u00e9diat. Qualit\u00e9 suisse Flora d\u2019Essarts.\" \/>\n<meta property=\"og:url\" content=\"https:\/\/www.phyt-inov.com\/fr\/produit\/creme-hyper-hydratante\/\" \/>\n<meta property=\"og:site_name\" content=\"Phyt-Inov\" \/>\n<meta property=\"article:publisher\" content=\"https:\/\/www.facebook.com\/phytinov\/\" \/>\n<meta property=\"article:modified_time\" content=\"2026-03-30T09:14:26+00:00\" \/>\n<meta property=\"og:image\" content=\"https:\/\/www.phyt-inov.com\/wp-content\/uploads\/2026\/02\/Creme-Hyper-Hydratante--scaled.png\" \/>\n\t<meta property=\"og:image:width\" content=\"2446\" \/>\n\t<meta property=\"og:image:height\" content=\"2560\" \/>\n\t<meta property=\"og:image:type\" content=\"image\/png\" \/>\n<meta name=\"twitter:card\" content=\"summary_large_image\" \/>\n<meta name=\"twitter:label1\" content=\"Dur\u00e9e de lecture estim\u00e9e\" \/>\n\t<meta name=\"twitter:data1\" content=\"2 minutes\" \/>\n<script type=\"application\/ld+json\" class=\"yoast-schema-graph\">{\"@context\":\"https:\\\/\\\/schema.org\",\"@graph\":[{\"@type\":\"WebPage\",\"@id\":\"https:\\\/\\\/www.phyt-inov.com\\\/fr\\\/produit\\\/creme-hyper-hydratante\\\/\",\"url\":\"https:\\\/\\\/www.phyt-inov.com\\\/fr\\\/produit\\\/creme-hyper-hydratante\\\/\",\"name\":\"Cr\u00e8me Hyper-Hydratante Bio : Visage & Corps | Phyt-Inov\",\"isPartOf\":{\"@id\":\"https:\\\/\\\/www.phyt-inov.com\\\/fr\\\/#website\"},\"primaryImageOfPage\":{\"@id\":\"https:\\\/\\\/www.phyt-inov.com\\\/fr\\\/produit\\\/creme-hyper-hydratante\\\/#primaryimage\"},\"image\":{\"@id\":\"https:\\\/\\\/www.phyt-inov.com\\\/fr\\\/produit\\\/creme-hyper-hydratante\\\/#primaryimage\"},\"thumbnailUrl\":\"https:\\\/\\\/www.phyt-inov.com\\\/wp-content\\\/uploads\\\/2026\\\/02\\\/Creme-Hyper-Hydratante--scaled.png\",\"datePublished\":\"2026-02-24T09:50:58+00:00\",\"dateModified\":\"2026-03-30T09:14:26+00:00\",\"description\":\"Hydratation intense pour peaux s\u00e8ches et sensibles. Formule bio naturelle, sans paraben, pour un confort imm\u00e9diat. Qualit\u00e9 suisse Flora d\u2019Essarts.\",\"breadcrumb\":{\"@id\":\"https:\\\/\\\/www.phyt-inov.com\\\/fr\\\/produit\\\/creme-hyper-hydratante\\\/#breadcrumb\"},\"inLanguage\":\"fr-FR\",\"potentialAction\":[{\"@type\":\"ReadAction\",\"target\":[\"https:\\\/\\\/www.phyt-inov.com\\\/fr\\\/produit\\\/creme-hyper-hydratante\\\/\"]}]},{\"@type\":\"ImageObject\",\"inLanguage\":\"fr-FR\",\"@id\":\"https:\\\/\\\/www.phyt-inov.com\\\/fr\\\/produit\\\/creme-hyper-hydratante\\\/#primaryimage\",\"url\":\"https:\\\/\\\/www.phyt-inov.com\\\/wp-content\\\/uploads\\\/2026\\\/02\\\/Creme-Hyper-Hydratante--scaled.png\",\"contentUrl\":\"https:\\\/\\\/www.phyt-inov.com\\\/wp-content\\\/uploads\\\/2026\\\/02\\\/Creme-Hyper-Hydratante--scaled.png\",\"width\":2446,\"height\":2560,\"caption\":\"Flora d'essarts cr\u00e8me hyper hydratante\"},{\"@type\":\"BreadcrumbList\",\"@id\":\"https:\\\/\\\/www.phyt-inov.com\\\/fr\\\/produit\\\/creme-hyper-hydratante\\\/#breadcrumb\",\"itemListElement\":[{\"@type\":\"ListItem\",\"position\":1,\"name\":\"Accueil\",\"item\":\"https:\\\/\\\/www.phyt-inov.com\\\/fr\\\/\"},{\"@type\":\"ListItem\",\"position\":2,\"name\":\"Boutique\",\"item\":\"https:\\\/\\\/www.phyt-inov.com\\\/fr\\\/boutique\\\/\"},{\"@type\":\"ListItem\",\"position\":3,\"name\":\"Cr\u00e8me Hyper Hydratante\"}]},{\"@type\":\"WebSite\",\"@id\":\"https:\\\/\\\/www.phyt-inov.com\\\/fr\\\/#website\",\"url\":\"https:\\\/\\\/www.phyt-inov.com\\\/fr\\\/\",\"name\":\"Phyt-Inov International\",\"description\":\"L&#039;efficacit\u00e9 naturelle pour vos soins quotidiens\",\"publisher\":{\"@id\":\"https:\\\/\\\/www.phyt-inov.com\\\/fr\\\/#organization\"},\"alternateName\":\"phyt-inov\",\"potentialAction\":[{\"@type\":\"SearchAction\",\"target\":{\"@type\":\"EntryPoint\",\"urlTemplate\":\"https:\\\/\\\/www.phyt-inov.com\\\/fr\\\/?s={search_term_string}\"},\"query-input\":{\"@type\":\"PropertyValueSpecification\",\"valueRequired\":true,\"valueName\":\"search_term_string\"}}],\"inLanguage\":\"fr-FR\"},{\"@type\":\"Organization\",\"@id\":\"https:\\\/\\\/www.phyt-inov.com\\\/fr\\\/#organization\",\"name\":\"Phyt-Inov\",\"alternateName\":\"Phyt-Inov\",\"url\":\"https:\\\/\\\/www.phyt-inov.com\\\/fr\\\/\",\"logo\":{\"@type\":\"ImageObject\",\"inLanguage\":\"fr-FR\",\"@id\":\"https:\\\/\\\/www.phyt-inov.com\\\/fr\\\/#\\\/schema\\\/logo\\\/image\\\/\",\"url\":\"https:\\\/\\\/www.phyt-inov.com\\\/wp-content\\\/uploads\\\/2025\\\/09\\\/Logo-site-phyt-inov4_Plan-de-travail-1-2048x760-1.png\",\"contentUrl\":\"https:\\\/\\\/www.phyt-inov.com\\\/wp-content\\\/uploads\\\/2025\\\/09\\\/Logo-site-phyt-inov4_Plan-de-travail-1-2048x760-1.png\",\"width\":2048,\"height\":760,\"caption\":\"Phyt-Inov\"},\"image\":{\"@id\":\"https:\\\/\\\/www.phyt-inov.com\\\/fr\\\/#\\\/schema\\\/logo\\\/image\\\/\"},\"sameAs\":[\"https:\\\/\\\/www.facebook.com\\\/phytinov\\\/\",\"https:\\\/\\\/www.youtube.com\\\/channel\\\/UCE05sYsSXuuKbLqs4Au3e4Q\",\"https:\\\/\\\/www.instagram.com\\\/phytinov\\\/\"]}]}<\/script>\n<!-- \/ Yoast SEO plugin. -->","yoast_head_json":{"title":"Cr\u00e8me Hyper-Hydratante Bio : Visage & Corps | Phyt-Inov","description":"Hydratation intense pour peaux s\u00e8ches et sensibles. Formule bio naturelle, sans paraben, pour un confort imm\u00e9diat. Qualit\u00e9 suisse Flora d\u2019Essarts.","robots":{"index":"index","follow":"follow","max-snippet":"max-snippet:-1","max-image-preview":"max-image-preview:large","max-video-preview":"max-video-preview:-1"},"canonical":"https:\/\/www.phyt-inov.com\/fr\/produit\/creme-hyper-hydratante\/","og_locale":"fr_FR","og_type":"article","og_title":"Cr\u00e8me Hyper-Hydratante Bio : Visage & Corps | Phyt-Inov","og_description":"Hydratation intense pour peaux s\u00e8ches et sensibles. Formule bio naturelle, sans paraben, pour un confort imm\u00e9diat. Qualit\u00e9 suisse Flora d\u2019Essarts.","og_url":"https:\/\/www.phyt-inov.com\/fr\/produit\/creme-hyper-hydratante\/","og_site_name":"Phyt-Inov","article_publisher":"https:\/\/www.facebook.com\/phytinov\/","article_modified_time":"2026-03-30T09:14:26+00:00","og_image":[{"width":2446,"height":2560,"url":"https:\/\/www.phyt-inov.com\/wp-content\/uploads\/2026\/02\/Creme-Hyper-Hydratante--scaled.png","type":"image\/png"}],"twitter_card":"summary_large_image","twitter_misc":{"Dur\u00e9e de lecture estim\u00e9e":"2 minutes"},"schema":{"@context":"https:\/\/schema.org","@graph":[{"@type":"WebPage","@id":"https:\/\/www.phyt-inov.com\/fr\/produit\/creme-hyper-hydratante\/","url":"https:\/\/www.phyt-inov.com\/fr\/produit\/creme-hyper-hydratante\/","name":"Cr\u00e8me Hyper-Hydratante Bio : Visage & Corps | Phyt-Inov","isPartOf":{"@id":"https:\/\/www.phyt-inov.com\/fr\/#website"},"primaryImageOfPage":{"@id":"https:\/\/www.phyt-inov.com\/fr\/produit\/creme-hyper-hydratante\/#primaryimage"},"image":{"@id":"https:\/\/www.phyt-inov.com\/fr\/produit\/creme-hyper-hydratante\/#primaryimage"},"thumbnailUrl":"https:\/\/www.phyt-inov.com\/wp-content\/uploads\/2026\/02\/Creme-Hyper-Hydratante--scaled.png","datePublished":"2026-02-24T09:50:58+00:00","dateModified":"2026-03-30T09:14:26+00:00","description":"Hydratation intense pour peaux s\u00e8ches et sensibles. Formule bio naturelle, sans paraben, pour un confort imm\u00e9diat. Qualit\u00e9 suisse Flora d\u2019Essarts.","breadcrumb":{"@id":"https:\/\/www.phyt-inov.com\/fr\/produit\/creme-hyper-hydratante\/#breadcrumb"},"inLanguage":"fr-FR","potentialAction":[{"@type":"ReadAction","target":["https:\/\/www.phyt-inov.com\/fr\/produit\/creme-hyper-hydratante\/"]}]},{"@type":"ImageObject","inLanguage":"fr-FR","@id":"https:\/\/www.phyt-inov.com\/fr\/produit\/creme-hyper-hydratante\/#primaryimage","url":"https:\/\/www.phyt-inov.com\/wp-content\/uploads\/2026\/02\/Creme-Hyper-Hydratante--scaled.png","contentUrl":"https:\/\/www.phyt-inov.com\/wp-content\/uploads\/2026\/02\/Creme-Hyper-Hydratante--scaled.png","width":2446,"height":2560,"caption":"Flora d'essarts cr\u00e8me hyper hydratante"},{"@type":"BreadcrumbList","@id":"https:\/\/www.phyt-inov.com\/fr\/produit\/creme-hyper-hydratante\/#breadcrumb","itemListElement":[{"@type":"ListItem","position":1,"name":"Accueil","item":"https:\/\/www.phyt-inov.com\/fr\/"},{"@type":"ListItem","position":2,"name":"Boutique","item":"https:\/\/www.phyt-inov.com\/fr\/boutique\/"},{"@type":"ListItem","position":3,"name":"Cr\u00e8me Hyper Hydratante"}]},{"@type":"WebSite","@id":"https:\/\/www.phyt-inov.com\/fr\/#website","url":"https:\/\/www.phyt-inov.com\/fr\/","name":"Phyt-Inov International","description":"L&#039;efficacit\u00e9 naturelle pour vos soins quotidiens","publisher":{"@id":"https:\/\/www.phyt-inov.com\/fr\/#organization"},"alternateName":"phyt-inov","potentialAction":[{"@type":"SearchAction","target":{"@type":"EntryPoint","urlTemplate":"https:\/\/www.phyt-inov.com\/fr\/?s={search_term_string}"},"query-input":{"@type":"PropertyValueSpecification","valueRequired":true,"valueName":"search_term_string"}}],"inLanguage":"fr-FR"},{"@type":"Organization","@id":"https:\/\/www.phyt-inov.com\/fr\/#organization","name":"Phyt-Inov","alternateName":"Phyt-Inov","url":"https:\/\/www.phyt-inov.com\/fr\/","logo":{"@type":"ImageObject","inLanguage":"fr-FR","@id":"https:\/\/www.phyt-inov.com\/fr\/#\/schema\/logo\/image\/","url":"https:\/\/www.phyt-inov.com\/wp-content\/uploads\/2025\/09\/Logo-site-phyt-inov4_Plan-de-travail-1-2048x760-1.png","contentUrl":"https:\/\/www.phyt-inov.com\/wp-content\/uploads\/2025\/09\/Logo-site-phyt-inov4_Plan-de-travail-1-2048x760-1.png","width":2048,"height":760,"caption":"Phyt-Inov"},"image":{"@id":"https:\/\/www.phyt-inov.com\/fr\/#\/schema\/logo\/image\/"},"sameAs":["https:\/\/www.facebook.com\/phytinov\/","https:\/\/www.youtube.com\/channel\/UCE05sYsSXuuKbLqs4Au3e4Q","https:\/\/www.instagram.com\/phytinov\/"]}]}},"jetpack_sharing_enabled":true,"_links":{"self":[{"href":"https:\/\/www.phyt-inov.com\/fr\/wp-json\/wp\/v2\/product\/67118","targetHints":{"allow":["GET"]}}],"collection":[{"href":"https:\/\/www.phyt-inov.com\/fr\/wp-json\/wp\/v2\/product"}],"about":[{"href":"https:\/\/www.phyt-inov.com\/fr\/wp-json\/wp\/v2\/types\/product"}],"replies":[{"embeddable":true,"href":"https:\/\/www.phyt-inov.com\/fr\/wp-json\/wp\/v2\/comments?post=67118"}],"wp:featuredmedia":[{"embeddable":true,"href":"https:\/\/www.phyt-inov.com\/fr\/wp-json\/wp\/v2\/media\/67119"}],"wp:attachment":[{"href":"https:\/\/www.phyt-inov.com\/fr\/wp-json\/wp\/v2\/media?parent=67118"}],"wp:term":[{"taxonomy":"product_brand","embeddable":true,"href":"https:\/\/www.phyt-inov.com\/fr\/wp-json\/wp\/v2\/product_brand?post=67118"},{"taxonomy":"product_cat","embeddable":true,"href":"https:\/\/www.phyt-inov.com\/fr\/wp-json\/wp\/v2\/product_cat?post=67118"},{"taxonomy":"product_tag","embeddable":true,"href":"https:\/\/www.phyt-inov.com\/fr\/wp-json\/wp\/v2\/product_tag?post=67118"}],"curies":[{"name":"wp","href":"https:\/\/api.w.org\/{rel}","templated":true}]}}