{"id":67114,"date":"2026-02-24T09:37:46","date_gmt":"2026-02-24T09:37:46","guid":{"rendered":"https:\/\/www.phyt-inov.com\/?post_type=product&#038;p=67114"},"modified":"2026-03-20T14:54:24","modified_gmt":"2026-03-20T14:54:24","slug":"sirop-a-la-propolis-rouge-miel-de-manuka","status":"publish","type":"product","link":"https:\/\/www.phyt-inov.com\/fr\/produit\/sirop-a-la-propolis-rouge-miel-de-manuka\/","title":{"rendered":"Sirop \u00e0 la Propolis Rouge &#038; Miel de Manuka"},"content":{"rendered":"<p>Flacon de 150 ml.<\/p>\n<p>Conseils d\u2019utilisation : Agiter avant emploi. \u00c0 prendre de pr\u00e9f\u00e9rence le matin. 1 cuill\u00e8re \u00e0 soupe par jour.<\/p>\n","protected":false},"excerpt":{"rendered":"<p><strong>SIROP A LA PROPOLIS ROUGE ET AU MIEL DE MANUKA<\/strong><\/p>\n<p data-start=\"256\" data-end=\"466\">Un sirop d\u2019exception associant une <strong data-start=\"291\" data-end=\"331\">propolis rouge de tr\u00e8s haute qualit\u00e9<\/strong> \u00e0 du <strong data-start=\"337\" data-end=\"355\">miel de Manuka<\/strong>, enrichi en extraits de <strong data-start=\"380\" data-end=\"410\">cannelle, guarana, ginseng<\/strong>, et en <strong data-start=\"418\" data-end=\"465\">huile essentielle biologique d\u2019orange douce<\/strong>.<\/p>\n<p data-start=\"468\" data-end=\"673\">Cette formulation rare se distingue par la pr\u00e9sence de <strong data-start=\"523\" data-end=\"541\">propolis rouge<\/strong>, reconnue pour la richesse et l\u2019intensit\u00e9 de ses compos\u00e9s naturels, faisant d\u2019elle la propolis la plus concentr\u00e9e connue.<\/p>\n<p data-start=\"675\" data-end=\"845\">D\u00e8s la premi\u00e8re prise, le sirop r\u00e9v\u00e8le un <strong data-start=\"717\" data-end=\"749\">ar\u00f4me intense et enveloppant<\/strong>, offrant une sensation imm\u00e9diate de protection et de confort au contact de la muqueuse buccale.<\/p>\n<p><strong>Ce sirop est le fruit de la synergie d&rsquo;\u00e9l\u00e9ments issus de la nature :<\/strong><\/p>\n<p><strong>Le miel de Manuka,<\/strong><br \/>\nv\u00e9ritable tr\u00e9sor de Nouvelle-Z\u00e9lande, contenant au minimum 250 mg de m\u00e9thylglyoxal par kilo, garantissant ainsi sa qualit\u00e9 et son efficacit\u00e9.<\/p>\n<p><strong>La propolis rouge,<\/strong><br \/>\nr\u00e9sine pr\u00e9cieuse utilis\u00e9e par les abeilles pour prot\u00e9ger la ruche.<\/p>\n<p><strong>La cannelle, le guarana et le ginseng.<\/strong><\/p>\n","protected":false},"featured_media":67115,"comment_status":"open","ping_status":"closed","template":"","meta":{"_et_pb_use_builder":"","_et_pb_old_content":"","_et_gb_content_width":""},"product_brand":[100],"product_cat":[87,68,76],"product_tag":[],"class_list":{"0":"post-67114","1":"product","2":"type-product","3":"status-publish","4":"has-post-thumbnail","6":"product_brand-phyt-inov","7":"product_cat-complements-alimentaires","8":"product_cat-tonus-et-vitalite","9":"product_cat-tresors-de-la-ruche","11":"first","12":"instock","13":"shipping-taxable","14":"purchasable","15":"product-type-simple"},"yoast_head":"<!-- This site is optimized with the Yoast SEO plugin v27.3 - https:\/\/yoast.com\/product\/yoast-seo-wordpress\/ -->\n<title>Sirop Propolis Rouge &amp; Miel de Manuka | Immunit\u00e9 Phyt-Inov<\/title>\n<meta name=\"description\" content=\"Apaisez votre gorge et renforcez vos d\u00e9fenses avec la propolis rouge et le miel de manuka. Solution naturelle puissante et experte. Fabrication suisse.\" \/>\n<meta name=\"robots\" content=\"index, follow, max-snippet:-1, max-image-preview:large, max-video-preview:-1\" \/>\n<link rel=\"canonical\" href=\"https:\/\/www.phyt-inov.com\/fr\/produit\/sirop-a-la-propolis-rouge-miel-de-manuka\/\" \/>\n<meta property=\"og:locale\" content=\"fr_FR\" \/>\n<meta property=\"og:type\" content=\"article\" \/>\n<meta property=\"og:title\" content=\"Sirop Propolis Rouge &amp; Miel de Manuka | Immunit\u00e9 Phyt-Inov\" \/>\n<meta property=\"og:description\" content=\"Apaisez votre gorge et renforcez vos d\u00e9fenses avec la propolis rouge et le miel de manuka. Solution naturelle puissante et experte. Fabrication suisse.\" \/>\n<meta property=\"og:url\" content=\"https:\/\/www.phyt-inov.com\/fr\/produit\/sirop-a-la-propolis-rouge-miel-de-manuka\/\" \/>\n<meta property=\"og:site_name\" content=\"Phyt-Inov\" \/>\n<meta property=\"article:publisher\" content=\"https:\/\/www.facebook.com\/phytinov\/\" \/>\n<meta property=\"article:modified_time\" content=\"2026-03-20T14:54:24+00:00\" \/>\n<meta property=\"og:image\" content=\"https:\/\/www.phyt-inov.com\/wp-content\/uploads\/2026\/02\/Image-Sirop-2026-02-09-detoure-leger-scaled-1.jpg\" \/>\n\t<meta property=\"og:image:width\" content=\"2560\" \/>\n\t<meta property=\"og:image:height\" content=\"1761\" \/>\n\t<meta property=\"og:image:type\" content=\"image\/jpeg\" \/>\n<meta name=\"twitter:card\" content=\"summary_large_image\" \/>\n<meta name=\"twitter:label1\" content=\"Dur\u00e9e de lecture estim\u00e9e\" \/>\n\t<meta name=\"twitter:data1\" content=\"1 minute\" \/>\n<script type=\"application\/ld+json\" class=\"yoast-schema-graph\">{\"@context\":\"https:\\\/\\\/schema.org\",\"@graph\":[{\"@type\":\"WebPage\",\"@id\":\"https:\\\/\\\/www.phyt-inov.com\\\/fr\\\/produit\\\/sirop-a-la-propolis-rouge-miel-de-manuka\\\/\",\"url\":\"https:\\\/\\\/www.phyt-inov.com\\\/fr\\\/produit\\\/sirop-a-la-propolis-rouge-miel-de-manuka\\\/\",\"name\":\"Sirop Propolis Rouge & Miel de Manuka | Immunit\u00e9 Phyt-Inov\",\"isPartOf\":{\"@id\":\"https:\\\/\\\/www.phyt-inov.com\\\/fr\\\/#website\"},\"primaryImageOfPage\":{\"@id\":\"https:\\\/\\\/www.phyt-inov.com\\\/fr\\\/produit\\\/sirop-a-la-propolis-rouge-miel-de-manuka\\\/#primaryimage\"},\"image\":{\"@id\":\"https:\\\/\\\/www.phyt-inov.com\\\/fr\\\/produit\\\/sirop-a-la-propolis-rouge-miel-de-manuka\\\/#primaryimage\"},\"thumbnailUrl\":\"https:\\\/\\\/www.phyt-inov.com\\\/wp-content\\\/uploads\\\/2026\\\/02\\\/Image-Sirop-2026-02-09-detoure-leger-scaled-1.jpg\",\"datePublished\":\"2026-02-24T09:37:46+00:00\",\"dateModified\":\"2026-03-20T14:54:24+00:00\",\"description\":\"Apaisez votre gorge et renforcez vos d\u00e9fenses avec la propolis rouge et le miel de manuka. Solution naturelle puissante et experte. Fabrication suisse.\",\"breadcrumb\":{\"@id\":\"https:\\\/\\\/www.phyt-inov.com\\\/fr\\\/produit\\\/sirop-a-la-propolis-rouge-miel-de-manuka\\\/#breadcrumb\"},\"inLanguage\":\"fr-FR\",\"potentialAction\":[{\"@type\":\"ReadAction\",\"target\":[\"https:\\\/\\\/www.phyt-inov.com\\\/fr\\\/produit\\\/sirop-a-la-propolis-rouge-miel-de-manuka\\\/\"]}]},{\"@type\":\"ImageObject\",\"inLanguage\":\"fr-FR\",\"@id\":\"https:\\\/\\\/www.phyt-inov.com\\\/fr\\\/produit\\\/sirop-a-la-propolis-rouge-miel-de-manuka\\\/#primaryimage\",\"url\":\"https:\\\/\\\/www.phyt-inov.com\\\/wp-content\\\/uploads\\\/2026\\\/02\\\/Image-Sirop-2026-02-09-detoure-leger-scaled-1.jpg\",\"contentUrl\":\"https:\\\/\\\/www.phyt-inov.com\\\/wp-content\\\/uploads\\\/2026\\\/02\\\/Image-Sirop-2026-02-09-detoure-leger-scaled-1.jpg\",\"width\":2560,\"height\":1761,\"caption\":\"phyt-inov produit propolis rouge\"},{\"@type\":\"BreadcrumbList\",\"@id\":\"https:\\\/\\\/www.phyt-inov.com\\\/fr\\\/produit\\\/sirop-a-la-propolis-rouge-miel-de-manuka\\\/#breadcrumb\",\"itemListElement\":[{\"@type\":\"ListItem\",\"position\":1,\"name\":\"Accueil\",\"item\":\"https:\\\/\\\/www.phyt-inov.com\\\/fr\\\/\"},{\"@type\":\"ListItem\",\"position\":2,\"name\":\"Boutique\",\"item\":\"https:\\\/\\\/www.phyt-inov.com\\\/fr\\\/boutique\\\/\"},{\"@type\":\"ListItem\",\"position\":3,\"name\":\"Sirop \u00e0 la Propolis Rouge &#038; Miel de Manuka\"}]},{\"@type\":\"WebSite\",\"@id\":\"https:\\\/\\\/www.phyt-inov.com\\\/fr\\\/#website\",\"url\":\"https:\\\/\\\/www.phyt-inov.com\\\/fr\\\/\",\"name\":\"Phyt-Inov International\",\"description\":\"L&#039;efficacit\u00e9 naturelle pour vos soins quotidiens\",\"publisher\":{\"@id\":\"https:\\\/\\\/www.phyt-inov.com\\\/fr\\\/#organization\"},\"alternateName\":\"phyt-inov\",\"potentialAction\":[{\"@type\":\"SearchAction\",\"target\":{\"@type\":\"EntryPoint\",\"urlTemplate\":\"https:\\\/\\\/www.phyt-inov.com\\\/fr\\\/?s={search_term_string}\"},\"query-input\":{\"@type\":\"PropertyValueSpecification\",\"valueRequired\":true,\"valueName\":\"search_term_string\"}}],\"inLanguage\":\"fr-FR\"},{\"@type\":\"Organization\",\"@id\":\"https:\\\/\\\/www.phyt-inov.com\\\/fr\\\/#organization\",\"name\":\"Phyt-Inov\",\"alternateName\":\"Phyt-Inov\",\"url\":\"https:\\\/\\\/www.phyt-inov.com\\\/fr\\\/\",\"logo\":{\"@type\":\"ImageObject\",\"inLanguage\":\"fr-FR\",\"@id\":\"https:\\\/\\\/www.phyt-inov.com\\\/fr\\\/#\\\/schema\\\/logo\\\/image\\\/\",\"url\":\"https:\\\/\\\/www.phyt-inov.com\\\/wp-content\\\/uploads\\\/2025\\\/09\\\/Logo-site-phyt-inov4_Plan-de-travail-1-2048x760-1.png\",\"contentUrl\":\"https:\\\/\\\/www.phyt-inov.com\\\/wp-content\\\/uploads\\\/2025\\\/09\\\/Logo-site-phyt-inov4_Plan-de-travail-1-2048x760-1.png\",\"width\":2048,\"height\":760,\"caption\":\"Phyt-Inov\"},\"image\":{\"@id\":\"https:\\\/\\\/www.phyt-inov.com\\\/fr\\\/#\\\/schema\\\/logo\\\/image\\\/\"},\"sameAs\":[\"https:\\\/\\\/www.facebook.com\\\/phytinov\\\/\",\"https:\\\/\\\/www.youtube.com\\\/channel\\\/UCE05sYsSXuuKbLqs4Au3e4Q\",\"https:\\\/\\\/www.instagram.com\\\/phytinov\\\/\"]}]}<\/script>\n<!-- \/ Yoast SEO plugin. -->","yoast_head_json":{"title":"Sirop Propolis Rouge & Miel de Manuka | Immunit\u00e9 Phyt-Inov","description":"Apaisez votre gorge et renforcez vos d\u00e9fenses avec la propolis rouge et le miel de manuka. Solution naturelle puissante et experte. Fabrication suisse.","robots":{"index":"index","follow":"follow","max-snippet":"max-snippet:-1","max-image-preview":"max-image-preview:large","max-video-preview":"max-video-preview:-1"},"canonical":"https:\/\/www.phyt-inov.com\/fr\/produit\/sirop-a-la-propolis-rouge-miel-de-manuka\/","og_locale":"fr_FR","og_type":"article","og_title":"Sirop Propolis Rouge & Miel de Manuka | Immunit\u00e9 Phyt-Inov","og_description":"Apaisez votre gorge et renforcez vos d\u00e9fenses avec la propolis rouge et le miel de manuka. Solution naturelle puissante et experte. Fabrication suisse.","og_url":"https:\/\/www.phyt-inov.com\/fr\/produit\/sirop-a-la-propolis-rouge-miel-de-manuka\/","og_site_name":"Phyt-Inov","article_publisher":"https:\/\/www.facebook.com\/phytinov\/","article_modified_time":"2026-03-20T14:54:24+00:00","og_image":[{"width":2560,"height":1761,"url":"https:\/\/www.phyt-inov.com\/wp-content\/uploads\/2026\/02\/Image-Sirop-2026-02-09-detoure-leger-scaled-1.jpg","type":"image\/jpeg"}],"twitter_card":"summary_large_image","twitter_misc":{"Dur\u00e9e de lecture estim\u00e9e":"1 minute"},"schema":{"@context":"https:\/\/schema.org","@graph":[{"@type":"WebPage","@id":"https:\/\/www.phyt-inov.com\/fr\/produit\/sirop-a-la-propolis-rouge-miel-de-manuka\/","url":"https:\/\/www.phyt-inov.com\/fr\/produit\/sirop-a-la-propolis-rouge-miel-de-manuka\/","name":"Sirop Propolis Rouge & Miel de Manuka | Immunit\u00e9 Phyt-Inov","isPartOf":{"@id":"https:\/\/www.phyt-inov.com\/fr\/#website"},"primaryImageOfPage":{"@id":"https:\/\/www.phyt-inov.com\/fr\/produit\/sirop-a-la-propolis-rouge-miel-de-manuka\/#primaryimage"},"image":{"@id":"https:\/\/www.phyt-inov.com\/fr\/produit\/sirop-a-la-propolis-rouge-miel-de-manuka\/#primaryimage"},"thumbnailUrl":"https:\/\/www.phyt-inov.com\/wp-content\/uploads\/2026\/02\/Image-Sirop-2026-02-09-detoure-leger-scaled-1.jpg","datePublished":"2026-02-24T09:37:46+00:00","dateModified":"2026-03-20T14:54:24+00:00","description":"Apaisez votre gorge et renforcez vos d\u00e9fenses avec la propolis rouge et le miel de manuka. Solution naturelle puissante et experte. Fabrication suisse.","breadcrumb":{"@id":"https:\/\/www.phyt-inov.com\/fr\/produit\/sirop-a-la-propolis-rouge-miel-de-manuka\/#breadcrumb"},"inLanguage":"fr-FR","potentialAction":[{"@type":"ReadAction","target":["https:\/\/www.phyt-inov.com\/fr\/produit\/sirop-a-la-propolis-rouge-miel-de-manuka\/"]}]},{"@type":"ImageObject","inLanguage":"fr-FR","@id":"https:\/\/www.phyt-inov.com\/fr\/produit\/sirop-a-la-propolis-rouge-miel-de-manuka\/#primaryimage","url":"https:\/\/www.phyt-inov.com\/wp-content\/uploads\/2026\/02\/Image-Sirop-2026-02-09-detoure-leger-scaled-1.jpg","contentUrl":"https:\/\/www.phyt-inov.com\/wp-content\/uploads\/2026\/02\/Image-Sirop-2026-02-09-detoure-leger-scaled-1.jpg","width":2560,"height":1761,"caption":"phyt-inov produit propolis rouge"},{"@type":"BreadcrumbList","@id":"https:\/\/www.phyt-inov.com\/fr\/produit\/sirop-a-la-propolis-rouge-miel-de-manuka\/#breadcrumb","itemListElement":[{"@type":"ListItem","position":1,"name":"Accueil","item":"https:\/\/www.phyt-inov.com\/fr\/"},{"@type":"ListItem","position":2,"name":"Boutique","item":"https:\/\/www.phyt-inov.com\/fr\/boutique\/"},{"@type":"ListItem","position":3,"name":"Sirop \u00e0 la Propolis Rouge &#038; Miel de Manuka"}]},{"@type":"WebSite","@id":"https:\/\/www.phyt-inov.com\/fr\/#website","url":"https:\/\/www.phyt-inov.com\/fr\/","name":"Phyt-Inov International","description":"L&#039;efficacit\u00e9 naturelle pour vos soins quotidiens","publisher":{"@id":"https:\/\/www.phyt-inov.com\/fr\/#organization"},"alternateName":"phyt-inov","potentialAction":[{"@type":"SearchAction","target":{"@type":"EntryPoint","urlTemplate":"https:\/\/www.phyt-inov.com\/fr\/?s={search_term_string}"},"query-input":{"@type":"PropertyValueSpecification","valueRequired":true,"valueName":"search_term_string"}}],"inLanguage":"fr-FR"},{"@type":"Organization","@id":"https:\/\/www.phyt-inov.com\/fr\/#organization","name":"Phyt-Inov","alternateName":"Phyt-Inov","url":"https:\/\/www.phyt-inov.com\/fr\/","logo":{"@type":"ImageObject","inLanguage":"fr-FR","@id":"https:\/\/www.phyt-inov.com\/fr\/#\/schema\/logo\/image\/","url":"https:\/\/www.phyt-inov.com\/wp-content\/uploads\/2025\/09\/Logo-site-phyt-inov4_Plan-de-travail-1-2048x760-1.png","contentUrl":"https:\/\/www.phyt-inov.com\/wp-content\/uploads\/2025\/09\/Logo-site-phyt-inov4_Plan-de-travail-1-2048x760-1.png","width":2048,"height":760,"caption":"Phyt-Inov"},"image":{"@id":"https:\/\/www.phyt-inov.com\/fr\/#\/schema\/logo\/image\/"},"sameAs":["https:\/\/www.facebook.com\/phytinov\/","https:\/\/www.youtube.com\/channel\/UCE05sYsSXuuKbLqs4Au3e4Q","https:\/\/www.instagram.com\/phytinov\/"]}]}},"jetpack_sharing_enabled":true,"_links":{"self":[{"href":"https:\/\/www.phyt-inov.com\/fr\/wp-json\/wp\/v2\/product\/67114","targetHints":{"allow":["GET"]}}],"collection":[{"href":"https:\/\/www.phyt-inov.com\/fr\/wp-json\/wp\/v2\/product"}],"about":[{"href":"https:\/\/www.phyt-inov.com\/fr\/wp-json\/wp\/v2\/types\/product"}],"replies":[{"embeddable":true,"href":"https:\/\/www.phyt-inov.com\/fr\/wp-json\/wp\/v2\/comments?post=67114"}],"wp:featuredmedia":[{"embeddable":true,"href":"https:\/\/www.phyt-inov.com\/fr\/wp-json\/wp\/v2\/media\/67115"}],"wp:attachment":[{"href":"https:\/\/www.phyt-inov.com\/fr\/wp-json\/wp\/v2\/media?parent=67114"}],"wp:term":[{"taxonomy":"product_brand","embeddable":true,"href":"https:\/\/www.phyt-inov.com\/fr\/wp-json\/wp\/v2\/product_brand?post=67114"},{"taxonomy":"product_cat","embeddable":true,"href":"https:\/\/www.phyt-inov.com\/fr\/wp-json\/wp\/v2\/product_cat?post=67114"},{"taxonomy":"product_tag","embeddable":true,"href":"https:\/\/www.phyt-inov.com\/fr\/wp-json\/wp\/v2\/product_tag?post=67114"}],"curies":[{"name":"wp","href":"https:\/\/api.w.org\/{rel}","templated":true}]}}