{"id":67086,"date":"2026-02-16T16:32:14","date_gmt":"2026-02-16T16:32:14","guid":{"rendered":"https:\/\/www.phyt-inov.com\/?post_type=product&#038;p=67086"},"modified":"2026-03-30T09:16:10","modified_gmt":"2026-03-30T09:16:10","slug":"quiet-full-gelules","status":"publish","type":"product","link":"https:\/\/www.phyt-inov.com\/fr\/produit\/quiet-full-gelules\/","title":{"rendered":"Quiet Full g\u00e9lules"},"content":{"rendered":"<p>100 ou 200 g\u00e9lules v\u00e9g\u00e9tales dos\u00e9es \u00e0 520 mg<\/p>\n<p>Poids net : 61 g\/boites de 100 g\u00e9lules<\/p>\n<p>Conseils d\u2019utilisation : 1 g\u00e9lule 3 fois par jour<\/p>\n","protected":false},"excerpt":{"rendered":"<p>Les notions de stress, d\u2019anxi\u00e9t\u00e9, d\u2019angoisse et de d\u00e9pression prennent une place de plus en plus importante dans nos soci\u00e9t\u00e9s modernes.<\/p>\n<p><b>QUIET-FULL<\/b> est un concentr\u00e9 de nutriments utiles \u00e0 l\u2019organisme pour participer au bon maintien de son \u00e9quilibre physiologique. Les nutriments contenus dans le <b>QUIET-FULL<\/b> assurent l\u2019adaptation rapide et harmonieuse de l\u2019organisme face \u00e0 toute situation de stress et en amoindrissent les cons\u00e9quences p\u00e9joratives, telles la fatigue, l\u2019\u00e9tat de tension et le mal \u00eatre.<br \/>\n<b>QUIET-FULL<\/b> appara\u00eet donc comme le compl\u00e9ment alimentaire id\u00e9al pour les personnes stress\u00e9es ou surmen\u00e9es, en les aidant \u00e0 r\u00e9duire leur anxi\u00e9t\u00e9 et leur angoisse et \u00e0 am\u00e9liorer leur qualit\u00e9 de vie, leur bien \u00eatre ainsi que l\u2019humeur g\u00e9n\u00e9rale.<\/p>\n","protected":false},"featured_media":67087,"comment_status":"open","ping_status":"closed","template":"","meta":{"_et_pb_use_builder":"","_et_pb_old_content":"","_et_gb_content_width":""},"product_brand":[100],"product_cat":[87,75],"product_tag":[],"class_list":{"0":"post-67086","1":"product","2":"type-product","3":"status-publish","4":"has-post-thumbnail","6":"product_brand-phyt-inov","7":"product_cat-complements-alimentaires","8":"product_cat-stress-oxydatif-protection-cellulaire","10":"first","11":"instock","12":"shipping-taxable","13":"purchasable","14":"product-type-variable"},"yoast_head":"<!-- This site is optimized with the Yoast SEO plugin v27.3 - https:\/\/yoast.com\/product\/yoast-seo-wordpress\/ -->\n<title>Quiet Full : Sommeil R\u00e9parateur &amp; S\u00e9r\u00e9nit\u00e9 | Phyt-Inov<\/title>\n<meta name=\"description\" content=\"Retrouvez un sommeil profond et naturel avec Quiet Full. Apaisez votre stress et favorisez l&#039;endormissement sans accoutumance. Qualit\u00e9 suisse.\" \/>\n<meta name=\"robots\" content=\"index, follow, max-snippet:-1, max-image-preview:large, max-video-preview:-1\" \/>\n<link rel=\"canonical\" href=\"https:\/\/www.phyt-inov.com\/fr\/produit\/quiet-full-gelules\/\" \/>\n<meta property=\"og:locale\" content=\"fr_FR\" \/>\n<meta property=\"og:type\" content=\"article\" \/>\n<meta property=\"og:title\" content=\"Quiet Full : Sommeil R\u00e9parateur &amp; S\u00e9r\u00e9nit\u00e9 | Phyt-Inov\" \/>\n<meta property=\"og:description\" content=\"Retrouvez un sommeil profond et naturel avec Quiet Full. Apaisez votre stress et favorisez l&#039;endormissement sans accoutumance. Qualit\u00e9 suisse.\" \/>\n<meta property=\"og:url\" content=\"https:\/\/www.phyt-inov.com\/fr\/produit\/quiet-full-gelules\/\" \/>\n<meta property=\"og:site_name\" content=\"Phyt-Inov\" \/>\n<meta property=\"article:publisher\" content=\"https:\/\/www.facebook.com\/phytinov\/\" \/>\n<meta property=\"article:modified_time\" content=\"2026-03-30T09:16:10+00:00\" \/>\n<meta property=\"og:image\" content=\"https:\/\/www.phyt-inov.com\/wp-content\/uploads\/2026\/02\/Quiet-Full-10-gel-819x1024.png\" \/>\n\t<meta property=\"og:image:width\" content=\"819\" \/>\n\t<meta property=\"og:image:height\" content=\"1024\" \/>\n\t<meta property=\"og:image:type\" content=\"image\/png\" \/>\n<meta name=\"twitter:card\" content=\"summary_large_image\" \/>\n<meta name=\"twitter:label1\" content=\"Dur\u00e9e de lecture estim\u00e9e\" \/>\n\t<meta name=\"twitter:data1\" content=\"1 minute\" \/>\n<script type=\"application\/ld+json\" class=\"yoast-schema-graph\">{\"@context\":\"https:\\\/\\\/schema.org\",\"@graph\":[{\"@type\":\"WebPage\",\"@id\":\"https:\\\/\\\/www.phyt-inov.com\\\/fr\\\/produit\\\/quiet-full-gelules\\\/\",\"url\":\"https:\\\/\\\/www.phyt-inov.com\\\/fr\\\/produit\\\/quiet-full-gelules\\\/\",\"name\":\"Quiet Full : Sommeil R\u00e9parateur & S\u00e9r\u00e9nit\u00e9 | Phyt-Inov\",\"isPartOf\":{\"@id\":\"https:\\\/\\\/www.phyt-inov.com\\\/fr\\\/#website\"},\"primaryImageOfPage\":{\"@id\":\"https:\\\/\\\/www.phyt-inov.com\\\/fr\\\/produit\\\/quiet-full-gelules\\\/#primaryimage\"},\"image\":{\"@id\":\"https:\\\/\\\/www.phyt-inov.com\\\/fr\\\/produit\\\/quiet-full-gelules\\\/#primaryimage\"},\"thumbnailUrl\":\"https:\\\/\\\/www.phyt-inov.com\\\/wp-content\\\/uploads\\\/2026\\\/02\\\/Quiet-Full-10-gel.png\",\"datePublished\":\"2026-02-16T16:32:14+00:00\",\"dateModified\":\"2026-03-30T09:16:10+00:00\",\"description\":\"Retrouvez un sommeil profond et naturel avec Quiet Full. Apaisez votre stress et favorisez l'endormissement sans accoutumance. Qualit\u00e9 suisse.\",\"breadcrumb\":{\"@id\":\"https:\\\/\\\/www.phyt-inov.com\\\/fr\\\/produit\\\/quiet-full-gelules\\\/#breadcrumb\"},\"inLanguage\":\"fr-FR\",\"potentialAction\":[{\"@type\":\"ReadAction\",\"target\":[\"https:\\\/\\\/www.phyt-inov.com\\\/fr\\\/produit\\\/quiet-full-gelules\\\/\"]}]},{\"@type\":\"ImageObject\",\"inLanguage\":\"fr-FR\",\"@id\":\"https:\\\/\\\/www.phyt-inov.com\\\/fr\\\/produit\\\/quiet-full-gelules\\\/#primaryimage\",\"url\":\"https:\\\/\\\/www.phyt-inov.com\\\/wp-content\\\/uploads\\\/2026\\\/02\\\/Quiet-Full-10-gel.png\",\"contentUrl\":\"https:\\\/\\\/www.phyt-inov.com\\\/wp-content\\\/uploads\\\/2026\\\/02\\\/Quiet-Full-10-gel.png\",\"width\":6400,\"height\":8000,\"caption\":\"phyt-inov produit quiet full\"},{\"@type\":\"BreadcrumbList\",\"@id\":\"https:\\\/\\\/www.phyt-inov.com\\\/fr\\\/produit\\\/quiet-full-gelules\\\/#breadcrumb\",\"itemListElement\":[{\"@type\":\"ListItem\",\"position\":1,\"name\":\"Accueil\",\"item\":\"https:\\\/\\\/www.phyt-inov.com\\\/fr\\\/\"},{\"@type\":\"ListItem\",\"position\":2,\"name\":\"Boutique\",\"item\":\"https:\\\/\\\/www.phyt-inov.com\\\/fr\\\/boutique\\\/\"},{\"@type\":\"ListItem\",\"position\":3,\"name\":\"Quiet Full g\u00e9lules\"}]},{\"@type\":\"WebSite\",\"@id\":\"https:\\\/\\\/www.phyt-inov.com\\\/fr\\\/#website\",\"url\":\"https:\\\/\\\/www.phyt-inov.com\\\/fr\\\/\",\"name\":\"Phyt-Inov International\",\"description\":\"L&#039;efficacit\u00e9 naturelle pour vos soins quotidiens\",\"publisher\":{\"@id\":\"https:\\\/\\\/www.phyt-inov.com\\\/fr\\\/#organization\"},\"alternateName\":\"phyt-inov\",\"potentialAction\":[{\"@type\":\"SearchAction\",\"target\":{\"@type\":\"EntryPoint\",\"urlTemplate\":\"https:\\\/\\\/www.phyt-inov.com\\\/fr\\\/?s={search_term_string}\"},\"query-input\":{\"@type\":\"PropertyValueSpecification\",\"valueRequired\":true,\"valueName\":\"search_term_string\"}}],\"inLanguage\":\"fr-FR\"},{\"@type\":\"Organization\",\"@id\":\"https:\\\/\\\/www.phyt-inov.com\\\/fr\\\/#organization\",\"name\":\"Phyt-Inov\",\"alternateName\":\"Phyt-Inov\",\"url\":\"https:\\\/\\\/www.phyt-inov.com\\\/fr\\\/\",\"logo\":{\"@type\":\"ImageObject\",\"inLanguage\":\"fr-FR\",\"@id\":\"https:\\\/\\\/www.phyt-inov.com\\\/fr\\\/#\\\/schema\\\/logo\\\/image\\\/\",\"url\":\"https:\\\/\\\/www.phyt-inov.com\\\/wp-content\\\/uploads\\\/2025\\\/09\\\/Logo-site-phyt-inov4_Plan-de-travail-1-2048x760-1.png\",\"contentUrl\":\"https:\\\/\\\/www.phyt-inov.com\\\/wp-content\\\/uploads\\\/2025\\\/09\\\/Logo-site-phyt-inov4_Plan-de-travail-1-2048x760-1.png\",\"width\":2048,\"height\":760,\"caption\":\"Phyt-Inov\"},\"image\":{\"@id\":\"https:\\\/\\\/www.phyt-inov.com\\\/fr\\\/#\\\/schema\\\/logo\\\/image\\\/\"},\"sameAs\":[\"https:\\\/\\\/www.facebook.com\\\/phytinov\\\/\",\"https:\\\/\\\/www.youtube.com\\\/channel\\\/UCE05sYsSXuuKbLqs4Au3e4Q\",\"https:\\\/\\\/www.instagram.com\\\/phytinov\\\/\"]}]}<\/script>\n<!-- \/ Yoast SEO plugin. -->","yoast_head_json":{"title":"Quiet Full : Sommeil R\u00e9parateur & S\u00e9r\u00e9nit\u00e9 | Phyt-Inov","description":"Retrouvez un sommeil profond et naturel avec Quiet Full. Apaisez votre stress et favorisez l'endormissement sans accoutumance. Qualit\u00e9 suisse.","robots":{"index":"index","follow":"follow","max-snippet":"max-snippet:-1","max-image-preview":"max-image-preview:large","max-video-preview":"max-video-preview:-1"},"canonical":"https:\/\/www.phyt-inov.com\/fr\/produit\/quiet-full-gelules\/","og_locale":"fr_FR","og_type":"article","og_title":"Quiet Full : Sommeil R\u00e9parateur & S\u00e9r\u00e9nit\u00e9 | Phyt-Inov","og_description":"Retrouvez un sommeil profond et naturel avec Quiet Full. Apaisez votre stress et favorisez l'endormissement sans accoutumance. Qualit\u00e9 suisse.","og_url":"https:\/\/www.phyt-inov.com\/fr\/produit\/quiet-full-gelules\/","og_site_name":"Phyt-Inov","article_publisher":"https:\/\/www.facebook.com\/phytinov\/","article_modified_time":"2026-03-30T09:16:10+00:00","og_image":[{"width":819,"height":1024,"url":"https:\/\/www.phyt-inov.com\/wp-content\/uploads\/2026\/02\/Quiet-Full-10-gel-819x1024.png","type":"image\/png"}],"twitter_card":"summary_large_image","twitter_misc":{"Dur\u00e9e de lecture estim\u00e9e":"1 minute"},"schema":{"@context":"https:\/\/schema.org","@graph":[{"@type":"WebPage","@id":"https:\/\/www.phyt-inov.com\/fr\/produit\/quiet-full-gelules\/","url":"https:\/\/www.phyt-inov.com\/fr\/produit\/quiet-full-gelules\/","name":"Quiet Full : Sommeil R\u00e9parateur & S\u00e9r\u00e9nit\u00e9 | Phyt-Inov","isPartOf":{"@id":"https:\/\/www.phyt-inov.com\/fr\/#website"},"primaryImageOfPage":{"@id":"https:\/\/www.phyt-inov.com\/fr\/produit\/quiet-full-gelules\/#primaryimage"},"image":{"@id":"https:\/\/www.phyt-inov.com\/fr\/produit\/quiet-full-gelules\/#primaryimage"},"thumbnailUrl":"https:\/\/www.phyt-inov.com\/wp-content\/uploads\/2026\/02\/Quiet-Full-10-gel.png","datePublished":"2026-02-16T16:32:14+00:00","dateModified":"2026-03-30T09:16:10+00:00","description":"Retrouvez un sommeil profond et naturel avec Quiet Full. Apaisez votre stress et favorisez l'endormissement sans accoutumance. Qualit\u00e9 suisse.","breadcrumb":{"@id":"https:\/\/www.phyt-inov.com\/fr\/produit\/quiet-full-gelules\/#breadcrumb"},"inLanguage":"fr-FR","potentialAction":[{"@type":"ReadAction","target":["https:\/\/www.phyt-inov.com\/fr\/produit\/quiet-full-gelules\/"]}]},{"@type":"ImageObject","inLanguage":"fr-FR","@id":"https:\/\/www.phyt-inov.com\/fr\/produit\/quiet-full-gelules\/#primaryimage","url":"https:\/\/www.phyt-inov.com\/wp-content\/uploads\/2026\/02\/Quiet-Full-10-gel.png","contentUrl":"https:\/\/www.phyt-inov.com\/wp-content\/uploads\/2026\/02\/Quiet-Full-10-gel.png","width":6400,"height":8000,"caption":"phyt-inov produit quiet full"},{"@type":"BreadcrumbList","@id":"https:\/\/www.phyt-inov.com\/fr\/produit\/quiet-full-gelules\/#breadcrumb","itemListElement":[{"@type":"ListItem","position":1,"name":"Accueil","item":"https:\/\/www.phyt-inov.com\/fr\/"},{"@type":"ListItem","position":2,"name":"Boutique","item":"https:\/\/www.phyt-inov.com\/fr\/boutique\/"},{"@type":"ListItem","position":3,"name":"Quiet Full g\u00e9lules"}]},{"@type":"WebSite","@id":"https:\/\/www.phyt-inov.com\/fr\/#website","url":"https:\/\/www.phyt-inov.com\/fr\/","name":"Phyt-Inov International","description":"L&#039;efficacit\u00e9 naturelle pour vos soins quotidiens","publisher":{"@id":"https:\/\/www.phyt-inov.com\/fr\/#organization"},"alternateName":"phyt-inov","potentialAction":[{"@type":"SearchAction","target":{"@type":"EntryPoint","urlTemplate":"https:\/\/www.phyt-inov.com\/fr\/?s={search_term_string}"},"query-input":{"@type":"PropertyValueSpecification","valueRequired":true,"valueName":"search_term_string"}}],"inLanguage":"fr-FR"},{"@type":"Organization","@id":"https:\/\/www.phyt-inov.com\/fr\/#organization","name":"Phyt-Inov","alternateName":"Phyt-Inov","url":"https:\/\/www.phyt-inov.com\/fr\/","logo":{"@type":"ImageObject","inLanguage":"fr-FR","@id":"https:\/\/www.phyt-inov.com\/fr\/#\/schema\/logo\/image\/","url":"https:\/\/www.phyt-inov.com\/wp-content\/uploads\/2025\/09\/Logo-site-phyt-inov4_Plan-de-travail-1-2048x760-1.png","contentUrl":"https:\/\/www.phyt-inov.com\/wp-content\/uploads\/2025\/09\/Logo-site-phyt-inov4_Plan-de-travail-1-2048x760-1.png","width":2048,"height":760,"caption":"Phyt-Inov"},"image":{"@id":"https:\/\/www.phyt-inov.com\/fr\/#\/schema\/logo\/image\/"},"sameAs":["https:\/\/www.facebook.com\/phytinov\/","https:\/\/www.youtube.com\/channel\/UCE05sYsSXuuKbLqs4Au3e4Q","https:\/\/www.instagram.com\/phytinov\/"]}]}},"jetpack_sharing_enabled":true,"_links":{"self":[{"href":"https:\/\/www.phyt-inov.com\/fr\/wp-json\/wp\/v2\/product\/67086","targetHints":{"allow":["GET"]}}],"collection":[{"href":"https:\/\/www.phyt-inov.com\/fr\/wp-json\/wp\/v2\/product"}],"about":[{"href":"https:\/\/www.phyt-inov.com\/fr\/wp-json\/wp\/v2\/types\/product"}],"replies":[{"embeddable":true,"href":"https:\/\/www.phyt-inov.com\/fr\/wp-json\/wp\/v2\/comments?post=67086"}],"wp:featuredmedia":[{"embeddable":true,"href":"https:\/\/www.phyt-inov.com\/fr\/wp-json\/wp\/v2\/media\/67087"}],"wp:attachment":[{"href":"https:\/\/www.phyt-inov.com\/fr\/wp-json\/wp\/v2\/media?parent=67086"}],"wp:term":[{"taxonomy":"product_brand","embeddable":true,"href":"https:\/\/www.phyt-inov.com\/fr\/wp-json\/wp\/v2\/product_brand?post=67086"},{"taxonomy":"product_cat","embeddable":true,"href":"https:\/\/www.phyt-inov.com\/fr\/wp-json\/wp\/v2\/product_cat?post=67086"},{"taxonomy":"product_tag","embeddable":true,"href":"https:\/\/www.phyt-inov.com\/fr\/wp-json\/wp\/v2\/product_tag?post=67086"}],"curies":[{"name":"wp","href":"https:\/\/api.w.org\/{rel}","templated":true}]}}