{"id":67049,"date":"2026-02-11T12:52:11","date_gmt":"2026-02-11T12:52:11","guid":{"rendered":"https:\/\/www.phyt-inov.com\/?post_type=product&#038;p=67049"},"modified":"2026-03-30T08:52:58","modified_gmt":"2026-03-30T08:52:58","slug":"lyso-home-50-ml-compte-gouttes","status":"publish","type":"product","link":"https:\/\/www.phyt-inov.com\/fr\/produit\/lyso-home-50-ml-compte-gouttes\/","title":{"rendered":"Lyso-home 50 ml (compte-gouttes)"},"content":{"rendered":"<p>Sp\u00e9cialement adapt\u00e9 pour diffuseur.<\/p>\n<p>Il est \u00e9galement possible de laisser couler quelques gouttes sur un mouchoir, un masque ou une taie d&rsquo;oreiller. Existe \u00e9galement avec fonction spray (voir Lyso-spray).<\/p>\n<p>A mettre dans toute enceinte ferm\u00e9e (salon, chambre, bureau, \u00e9cole, cabinet m\u00e9dical, clinique, salle d\u2019attente, vestiaire\u2026).<\/p>\n<p>Flacon en verre de 50 ml.<\/p>\n<p>Lyso-home et Lyso-spray sont la m\u00eame formule, mais le Lyso-home a un bouchon compte-gouttes et le Lyso-spray \u00e0 un bouchon spray.<\/p>\n","protected":false},"excerpt":{"rendered":"<p>Sp\u00e9cialement adapt\u00e9 pour diffuseur. Il est \u00e9galement possible de laisser couler quelques gouttes sur un mouchoir, un masque ou une taie d&rsquo;oreiller. Existe \u00e9galement avec fonction spray (voir Lyso-spray). A mettre dans toute enceinte ferm\u00e9e (salon, chambre, bureau, \u00e9cole, cabinet m\u00e9dical, clinique, salle d\u2019attente, vestiaire\u2026). Flacon en verre de 50 ml. Lyso-home et Lyso-spray sont [&hellip;]<\/p>\n","protected":false},"featured_media":134,"comment_status":"open","ping_status":"closed","template":"","meta":{"_et_pb_use_builder":"","_et_pb_old_content":"","_et_gb_content_width":""},"product_brand":[100],"product_cat":[88],"product_tag":[],"class_list":{"0":"post-67049","1":"product","2":"type-product","3":"status-publish","4":"has-post-thumbnail","6":"product_brand-phyt-inov","7":"product_cat-hygiene-sante","9":"first","10":"instock","11":"shipping-taxable","12":"purchasable","13":"product-type-simple"},"yoast_head":"<!-- This site is optimized with the Yoast SEO plugin v27.3 - https:\/\/yoast.com\/product\/yoast-seo-wordpress\/ -->\n<title>Lyso Home 50 ml : Renfort Immunitaire Naturel | Phyt-Inov<\/title>\n<meta name=\"description\" content=\"Renforcez votre organisme avec Lyso Home. Solution polyvalente en compte-gouttes pour vos d\u00e9fenses naturelles. Expertise suisse du Dr Willem.\" \/>\n<meta name=\"robots\" content=\"index, follow, max-snippet:-1, max-image-preview:large, max-video-preview:-1\" \/>\n<link rel=\"canonical\" href=\"https:\/\/www.phyt-inov.com\/fr\/produit\/lyso-home-50-ml-compte-gouttes\/\" \/>\n<meta property=\"og:locale\" content=\"fr_FR\" \/>\n<meta property=\"og:type\" content=\"article\" \/>\n<meta property=\"og:title\" content=\"Lyso Home 50 ml : Renfort Immunitaire Naturel | Phyt-Inov\" \/>\n<meta property=\"og:description\" content=\"Renforcez votre organisme avec Lyso Home. Solution polyvalente en compte-gouttes pour vos d\u00e9fenses naturelles. Expertise suisse du Dr Willem.\" \/>\n<meta property=\"og:url\" content=\"https:\/\/www.phyt-inov.com\/fr\/produit\/lyso-home-50-ml-compte-gouttes\/\" \/>\n<meta property=\"og:site_name\" content=\"Phyt-Inov\" \/>\n<meta property=\"article:publisher\" content=\"https:\/\/www.facebook.com\/phytinov\/\" \/>\n<meta property=\"article:modified_time\" content=\"2026-03-30T08:52:58+00:00\" \/>\n<meta property=\"og:image\" content=\"https:\/\/www.phyt-inov.com\/wp-content\/uploads\/2025\/09\/Lyso-home-2021-07-dimension-site-light.jpg\" \/>\n\t<meta property=\"og:image:width\" content=\"1244\" \/>\n\t<meta property=\"og:image:height\" content=\"1555\" \/>\n\t<meta property=\"og:image:type\" content=\"image\/jpeg\" \/>\n<meta name=\"twitter:card\" content=\"summary_large_image\" \/>\n<meta name=\"twitter:label1\" content=\"Dur\u00e9e de lecture estim\u00e9e\" \/>\n\t<meta name=\"twitter:data1\" content=\"1 minute\" \/>\n<script type=\"application\/ld+json\" class=\"yoast-schema-graph\">{\"@context\":\"https:\\\/\\\/schema.org\",\"@graph\":[{\"@type\":\"WebPage\",\"@id\":\"https:\\\/\\\/www.phyt-inov.com\\\/fr\\\/produit\\\/lyso-home-50-ml-compte-gouttes\\\/\",\"url\":\"https:\\\/\\\/www.phyt-inov.com\\\/fr\\\/produit\\\/lyso-home-50-ml-compte-gouttes\\\/\",\"name\":\"Lyso Home 50 ml : Renfort Immunitaire Naturel | Phyt-Inov\",\"isPartOf\":{\"@id\":\"https:\\\/\\\/www.phyt-inov.com\\\/fr\\\/#website\"},\"primaryImageOfPage\":{\"@id\":\"https:\\\/\\\/www.phyt-inov.com\\\/fr\\\/produit\\\/lyso-home-50-ml-compte-gouttes\\\/#primaryimage\"},\"image\":{\"@id\":\"https:\\\/\\\/www.phyt-inov.com\\\/fr\\\/produit\\\/lyso-home-50-ml-compte-gouttes\\\/#primaryimage\"},\"thumbnailUrl\":\"https:\\\/\\\/www.phyt-inov.com\\\/wp-content\\\/uploads\\\/2025\\\/09\\\/Lyso-home-2021-07-dimension-site-light.jpg\",\"datePublished\":\"2026-02-11T12:52:11+00:00\",\"dateModified\":\"2026-03-30T08:52:58+00:00\",\"description\":\"Renforcez votre organisme avec Lyso Home. Solution polyvalente en compte-gouttes pour vos d\u00e9fenses naturelles. Expertise suisse du Dr Willem.\",\"breadcrumb\":{\"@id\":\"https:\\\/\\\/www.phyt-inov.com\\\/fr\\\/produit\\\/lyso-home-50-ml-compte-gouttes\\\/#breadcrumb\"},\"inLanguage\":\"fr-FR\",\"potentialAction\":[{\"@type\":\"ReadAction\",\"target\":[\"https:\\\/\\\/www.phyt-inov.com\\\/fr\\\/produit\\\/lyso-home-50-ml-compte-gouttes\\\/\"]}]},{\"@type\":\"ImageObject\",\"inLanguage\":\"fr-FR\",\"@id\":\"https:\\\/\\\/www.phyt-inov.com\\\/fr\\\/produit\\\/lyso-home-50-ml-compte-gouttes\\\/#primaryimage\",\"url\":\"https:\\\/\\\/www.phyt-inov.com\\\/wp-content\\\/uploads\\\/2025\\\/09\\\/Lyso-home-2021-07-dimension-site-light.jpg\",\"contentUrl\":\"https:\\\/\\\/www.phyt-inov.com\\\/wp-content\\\/uploads\\\/2025\\\/09\\\/Lyso-home-2021-07-dimension-site-light.jpg\",\"width\":1244,\"height\":1555,\"caption\":\"phyt-inov produit lyso home\"},{\"@type\":\"BreadcrumbList\",\"@id\":\"https:\\\/\\\/www.phyt-inov.com\\\/fr\\\/produit\\\/lyso-home-50-ml-compte-gouttes\\\/#breadcrumb\",\"itemListElement\":[{\"@type\":\"ListItem\",\"position\":1,\"name\":\"Accueil\",\"item\":\"https:\\\/\\\/www.phyt-inov.com\\\/fr\\\/\"},{\"@type\":\"ListItem\",\"position\":2,\"name\":\"Boutique\",\"item\":\"https:\\\/\\\/www.phyt-inov.com\\\/fr\\\/boutique\\\/\"},{\"@type\":\"ListItem\",\"position\":3,\"name\":\"Lyso-home 50 ml (compte-gouttes)\"}]},{\"@type\":\"WebSite\",\"@id\":\"https:\\\/\\\/www.phyt-inov.com\\\/fr\\\/#website\",\"url\":\"https:\\\/\\\/www.phyt-inov.com\\\/fr\\\/\",\"name\":\"Phyt-Inov International\",\"description\":\"L&#039;efficacit\u00e9 naturelle pour vos soins quotidiens\",\"publisher\":{\"@id\":\"https:\\\/\\\/www.phyt-inov.com\\\/fr\\\/#organization\"},\"alternateName\":\"phyt-inov\",\"potentialAction\":[{\"@type\":\"SearchAction\",\"target\":{\"@type\":\"EntryPoint\",\"urlTemplate\":\"https:\\\/\\\/www.phyt-inov.com\\\/fr\\\/?s={search_term_string}\"},\"query-input\":{\"@type\":\"PropertyValueSpecification\",\"valueRequired\":true,\"valueName\":\"search_term_string\"}}],\"inLanguage\":\"fr-FR\"},{\"@type\":\"Organization\",\"@id\":\"https:\\\/\\\/www.phyt-inov.com\\\/fr\\\/#organization\",\"name\":\"Phyt-Inov\",\"alternateName\":\"Phyt-Inov\",\"url\":\"https:\\\/\\\/www.phyt-inov.com\\\/fr\\\/\",\"logo\":{\"@type\":\"ImageObject\",\"inLanguage\":\"fr-FR\",\"@id\":\"https:\\\/\\\/www.phyt-inov.com\\\/fr\\\/#\\\/schema\\\/logo\\\/image\\\/\",\"url\":\"https:\\\/\\\/www.phyt-inov.com\\\/wp-content\\\/uploads\\\/2025\\\/09\\\/Logo-site-phyt-inov4_Plan-de-travail-1-2048x760-1.png\",\"contentUrl\":\"https:\\\/\\\/www.phyt-inov.com\\\/wp-content\\\/uploads\\\/2025\\\/09\\\/Logo-site-phyt-inov4_Plan-de-travail-1-2048x760-1.png\",\"width\":2048,\"height\":760,\"caption\":\"Phyt-Inov\"},\"image\":{\"@id\":\"https:\\\/\\\/www.phyt-inov.com\\\/fr\\\/#\\\/schema\\\/logo\\\/image\\\/\"},\"sameAs\":[\"https:\\\/\\\/www.facebook.com\\\/phytinov\\\/\",\"https:\\\/\\\/www.youtube.com\\\/channel\\\/UCE05sYsSXuuKbLqs4Au3e4Q\",\"https:\\\/\\\/www.instagram.com\\\/phytinov\\\/\"]}]}<\/script>\n<!-- \/ Yoast SEO plugin. -->","yoast_head_json":{"title":"Lyso Home 50 ml : Renfort Immunitaire Naturel | Phyt-Inov","description":"Renforcez votre organisme avec Lyso Home. Solution polyvalente en compte-gouttes pour vos d\u00e9fenses naturelles. Expertise suisse du Dr Willem.","robots":{"index":"index","follow":"follow","max-snippet":"max-snippet:-1","max-image-preview":"max-image-preview:large","max-video-preview":"max-video-preview:-1"},"canonical":"https:\/\/www.phyt-inov.com\/fr\/produit\/lyso-home-50-ml-compte-gouttes\/","og_locale":"fr_FR","og_type":"article","og_title":"Lyso Home 50 ml : Renfort Immunitaire Naturel | Phyt-Inov","og_description":"Renforcez votre organisme avec Lyso Home. Solution polyvalente en compte-gouttes pour vos d\u00e9fenses naturelles. Expertise suisse du Dr Willem.","og_url":"https:\/\/www.phyt-inov.com\/fr\/produit\/lyso-home-50-ml-compte-gouttes\/","og_site_name":"Phyt-Inov","article_publisher":"https:\/\/www.facebook.com\/phytinov\/","article_modified_time":"2026-03-30T08:52:58+00:00","og_image":[{"width":1244,"height":1555,"url":"https:\/\/www.phyt-inov.com\/wp-content\/uploads\/2025\/09\/Lyso-home-2021-07-dimension-site-light.jpg","type":"image\/jpeg"}],"twitter_card":"summary_large_image","twitter_misc":{"Dur\u00e9e de lecture estim\u00e9e":"1 minute"},"schema":{"@context":"https:\/\/schema.org","@graph":[{"@type":"WebPage","@id":"https:\/\/www.phyt-inov.com\/fr\/produit\/lyso-home-50-ml-compte-gouttes\/","url":"https:\/\/www.phyt-inov.com\/fr\/produit\/lyso-home-50-ml-compte-gouttes\/","name":"Lyso Home 50 ml : Renfort Immunitaire Naturel | Phyt-Inov","isPartOf":{"@id":"https:\/\/www.phyt-inov.com\/fr\/#website"},"primaryImageOfPage":{"@id":"https:\/\/www.phyt-inov.com\/fr\/produit\/lyso-home-50-ml-compte-gouttes\/#primaryimage"},"image":{"@id":"https:\/\/www.phyt-inov.com\/fr\/produit\/lyso-home-50-ml-compte-gouttes\/#primaryimage"},"thumbnailUrl":"https:\/\/www.phyt-inov.com\/wp-content\/uploads\/2025\/09\/Lyso-home-2021-07-dimension-site-light.jpg","datePublished":"2026-02-11T12:52:11+00:00","dateModified":"2026-03-30T08:52:58+00:00","description":"Renforcez votre organisme avec Lyso Home. Solution polyvalente en compte-gouttes pour vos d\u00e9fenses naturelles. Expertise suisse du Dr Willem.","breadcrumb":{"@id":"https:\/\/www.phyt-inov.com\/fr\/produit\/lyso-home-50-ml-compte-gouttes\/#breadcrumb"},"inLanguage":"fr-FR","potentialAction":[{"@type":"ReadAction","target":["https:\/\/www.phyt-inov.com\/fr\/produit\/lyso-home-50-ml-compte-gouttes\/"]}]},{"@type":"ImageObject","inLanguage":"fr-FR","@id":"https:\/\/www.phyt-inov.com\/fr\/produit\/lyso-home-50-ml-compte-gouttes\/#primaryimage","url":"https:\/\/www.phyt-inov.com\/wp-content\/uploads\/2025\/09\/Lyso-home-2021-07-dimension-site-light.jpg","contentUrl":"https:\/\/www.phyt-inov.com\/wp-content\/uploads\/2025\/09\/Lyso-home-2021-07-dimension-site-light.jpg","width":1244,"height":1555,"caption":"phyt-inov produit lyso home"},{"@type":"BreadcrumbList","@id":"https:\/\/www.phyt-inov.com\/fr\/produit\/lyso-home-50-ml-compte-gouttes\/#breadcrumb","itemListElement":[{"@type":"ListItem","position":1,"name":"Accueil","item":"https:\/\/www.phyt-inov.com\/fr\/"},{"@type":"ListItem","position":2,"name":"Boutique","item":"https:\/\/www.phyt-inov.com\/fr\/boutique\/"},{"@type":"ListItem","position":3,"name":"Lyso-home 50 ml (compte-gouttes)"}]},{"@type":"WebSite","@id":"https:\/\/www.phyt-inov.com\/fr\/#website","url":"https:\/\/www.phyt-inov.com\/fr\/","name":"Phyt-Inov International","description":"L&#039;efficacit\u00e9 naturelle pour vos soins quotidiens","publisher":{"@id":"https:\/\/www.phyt-inov.com\/fr\/#organization"},"alternateName":"phyt-inov","potentialAction":[{"@type":"SearchAction","target":{"@type":"EntryPoint","urlTemplate":"https:\/\/www.phyt-inov.com\/fr\/?s={search_term_string}"},"query-input":{"@type":"PropertyValueSpecification","valueRequired":true,"valueName":"search_term_string"}}],"inLanguage":"fr-FR"},{"@type":"Organization","@id":"https:\/\/www.phyt-inov.com\/fr\/#organization","name":"Phyt-Inov","alternateName":"Phyt-Inov","url":"https:\/\/www.phyt-inov.com\/fr\/","logo":{"@type":"ImageObject","inLanguage":"fr-FR","@id":"https:\/\/www.phyt-inov.com\/fr\/#\/schema\/logo\/image\/","url":"https:\/\/www.phyt-inov.com\/wp-content\/uploads\/2025\/09\/Logo-site-phyt-inov4_Plan-de-travail-1-2048x760-1.png","contentUrl":"https:\/\/www.phyt-inov.com\/wp-content\/uploads\/2025\/09\/Logo-site-phyt-inov4_Plan-de-travail-1-2048x760-1.png","width":2048,"height":760,"caption":"Phyt-Inov"},"image":{"@id":"https:\/\/www.phyt-inov.com\/fr\/#\/schema\/logo\/image\/"},"sameAs":["https:\/\/www.facebook.com\/phytinov\/","https:\/\/www.youtube.com\/channel\/UCE05sYsSXuuKbLqs4Au3e4Q","https:\/\/www.instagram.com\/phytinov\/"]}]}},"jetpack_sharing_enabled":true,"_links":{"self":[{"href":"https:\/\/www.phyt-inov.com\/fr\/wp-json\/wp\/v2\/product\/67049","targetHints":{"allow":["GET"]}}],"collection":[{"href":"https:\/\/www.phyt-inov.com\/fr\/wp-json\/wp\/v2\/product"}],"about":[{"href":"https:\/\/www.phyt-inov.com\/fr\/wp-json\/wp\/v2\/types\/product"}],"replies":[{"embeddable":true,"href":"https:\/\/www.phyt-inov.com\/fr\/wp-json\/wp\/v2\/comments?post=67049"}],"wp:featuredmedia":[{"embeddable":true,"href":"https:\/\/www.phyt-inov.com\/fr\/wp-json\/wp\/v2\/media\/134"}],"wp:attachment":[{"href":"https:\/\/www.phyt-inov.com\/fr\/wp-json\/wp\/v2\/media?parent=67049"}],"wp:term":[{"taxonomy":"product_brand","embeddable":true,"href":"https:\/\/www.phyt-inov.com\/fr\/wp-json\/wp\/v2\/product_brand?post=67049"},{"taxonomy":"product_cat","embeddable":true,"href":"https:\/\/www.phyt-inov.com\/fr\/wp-json\/wp\/v2\/product_cat?post=67049"},{"taxonomy":"product_tag","embeddable":true,"href":"https:\/\/www.phyt-inov.com\/fr\/wp-json\/wp\/v2\/product_tag?post=67049"}],"curies":[{"name":"wp","href":"https:\/\/api.w.org\/{rel}","templated":true}]}}