{"id":43338,"date":"2020-10-03T11:18:35","date_gmt":"2020-10-03T11:18:35","guid":{"rendered":"https:\/\/www.phyt-inov.com\/?post_type=product&#038;p=43338"},"modified":"2026-04-07T13:22:32","modified_gmt":"2026-04-07T13:22:32","slug":"bioline-huile-de-lin-bio-100-caps","status":"publish","type":"product","link":"https:\/\/www.phyt-inov.com\/fr\/produit\/bioline-huile-de-lin-bio-100-caps\/","title":{"rendered":"Bioline (huile de lin bio)"},"content":{"rendered":"<p>Bo\u00eete de 100 capsules molles dos\u00e9es \u00e0 1&rsquo;000 mg. Poids net : 155 g. Conseils d\u2019utilisation : 1 \u00e0 2 capsules 2 \u00e0 3 fois par jour au moment des repas.<\/p>\n","protected":false},"excerpt":{"rendered":"<p>L\u2019huile de lin biologique Phyt-Inov est pr\u00e9sent\u00e9e uniquement en capsules afin d\u2019\u00e9viter l\u2019oxydation, donc tout probl\u00e8me de conservation.<br \/>\nLes principales utilisations de l\u2019huile de lin d\u00e9rivent de sa richesse en acides gras polyinsatur\u00e9s (environ 70%), en particulier en acides linol\u00e9nique et linol\u00e9ique, qui lui doivent leur nom. Les acides gras essentiels, en particulier les om\u00e9gas 3 sont indispensables aux cellules de l\u2019organisme Le cerveau et le syst\u00e8me nerveux sont constitu\u00e9s \u00e0 plus de 50 % par des acides gras essentiels.<br \/>\nL\u2019huile de lin est une des rares sources v\u00e9g\u00e9tales d\u2019om\u00e9ga 3. Elle est de loin la plus riche en ALA (acide alpha linol\u00e9nique). L\u2019acide e\u00efcopentaeno\u00efque (EPA) et l\u2019acide docosah\u00e9xaeno\u00efque (DHA) sont ensuite synth\u00e9tis\u00e9s dans l\u2019organisme.<\/p>\n<p>L\u2019acide alpha-linol\u00e9nique (ALA) contribue au maintien d\u2019une cholest\u00e9rol\u00e9mie normale. Cet effet b\u00e9n\u00e9fique est obtenu par la consommation journali\u00e8re de 2 g d\u2019ALA.<\/p>\n<p>L\u2019huile de Lin peut \u00eatre utilis\u00e9e chez les femmes en p\u00e9riode de m\u00e9nopause pour aider \u00e0 leur confort.<\/p>\n","protected":false},"featured_media":83180,"comment_status":"open","ping_status":"closed","template":"","meta":{"_et_pb_use_builder":"off","_et_pb_old_content":"Bo\u00eete de 100 capsules molles dos\u00e9es \u00e0 1'000 mg.\r\n\r\nPoids net : 155 g.\r\n\r\nConseils d\u2019utilisation : 1 \u00e0 2 capsules 2 \u00e0 3 fois par jour au moment des repas.","_et_gb_content_width":""},"product_brand":[100],"product_cat":[99,98,73,72,94,90,93,91],"product_tag":[],"class_list":{"0":"post-43338","1":"product","2":"type-product","3":"status-publish","4":"has-post-thumbnail","6":"product_brand-phyt-inov","7":"product_cat-animaux","8":"product_cat-confort-feminin","9":"product_cat-equilibre-hormonal","10":"product_cat-harmonie-cardio-vasculaire","11":"product_cat-hygiene-beaute-peau","12":"product_cat-promotions","13":"product_cat-troubles-metabolisme","14":"product_cat-troubles-inflammatoires","16":"first","17":"instock","18":"shipping-taxable","19":"purchasable","20":"product-type-variable"},"yoast_head":"<!-- This site is optimized with the Yoast SEO plugin v27.3 - https:\/\/yoast.com\/product\/yoast-seo-wordpress\/ -->\n<title>Pure huile de lin bio pour confort \u2013 riche en acide gras essentiels\/om\u00e9ga 3\/min\u00e9raux \u2013 100 g\u00e9lules dos\u00e9es \u00e0 1000 mg | Phyt-inov.com<\/title>\n<meta name=\"description\" content=\"Phyt-Inov international\u00ae officiel, laboratoire suisse \u00e9labore avec JP Willem Bioline (100 g\u00e9lules molles dos\u00e9es \u00e0 1000mg) v\u00e9ritable alli\u00e9e sant\u00e9 et beaut\u00e9. Cette huile a des propri\u00e9t\u00e9s anti-inflammatoires, la concentration d\u2019om\u00e9ga 3 contribue au bon fonctionnement du d\u00e9veloppement et sant\u00e9. Favorise la stabilit\u00e9 \u00e9motionnelle.\" \/>\n<meta name=\"robots\" content=\"index, follow, max-snippet:-1, max-image-preview:large, max-video-preview:-1\" \/>\n<link rel=\"canonical\" href=\"https:\/\/www.phyt-inov.com\/fr\/produit\/bioline-huile-de-lin-bio-100-caps\/\" \/>\n<meta property=\"og:locale\" content=\"fr_FR\" \/>\n<meta property=\"og:type\" content=\"article\" \/>\n<meta property=\"og:title\" content=\"Pure huile de lin bio pour confort \u2013 riche en acide gras essentiels\/om\u00e9ga 3\/min\u00e9raux \u2013 100 g\u00e9lules dos\u00e9es \u00e0 1000 mg | Phyt-inov.com\" \/>\n<meta property=\"og:description\" content=\"Phyt-Inov international\u00ae officiel, laboratoire suisse \u00e9labore avec JP Willem Bioline (100 g\u00e9lules molles dos\u00e9es \u00e0 1000mg) v\u00e9ritable alli\u00e9e sant\u00e9 et beaut\u00e9. Cette huile a des propri\u00e9t\u00e9s anti-inflammatoires, la concentration d\u2019om\u00e9ga 3 contribue au bon fonctionnement du d\u00e9veloppement et sant\u00e9. Favorise la stabilit\u00e9 \u00e9motionnelle.\" \/>\n<meta property=\"og:url\" content=\"https:\/\/www.phyt-inov.com\/fr\/produit\/bioline-huile-de-lin-bio-100-caps\/\" \/>\n<meta property=\"og:site_name\" content=\"Phyt-Inov\" \/>\n<meta property=\"article:publisher\" content=\"https:\/\/www.facebook.com\/phytinov\/\" \/>\n<meta property=\"article:modified_time\" content=\"2026-04-07T13:22:32+00:00\" \/>\n<meta property=\"og:image\" content=\"https:\/\/www.phyt-inov.com\/wp-content\/uploads\/2020\/10\/Image-Bioline-2025-03-Phyt-Inov-Canva.png\" \/>\n\t<meta property=\"og:image:width\" content=\"2048\" \/>\n\t<meta property=\"og:image:height\" content=\"2560\" \/>\n\t<meta property=\"og:image:type\" content=\"image\/png\" \/>\n<meta name=\"twitter:card\" content=\"summary_large_image\" \/>\n<meta name=\"twitter:label1\" content=\"Dur\u00e9e de lecture estim\u00e9e\" \/>\n\t<meta name=\"twitter:data1\" content=\"1 minute\" \/>\n<script type=\"application\/ld+json\" class=\"yoast-schema-graph\">{\"@context\":\"https:\\\/\\\/schema.org\",\"@graph\":[{\"@type\":\"WebPage\",\"@id\":\"https:\\\/\\\/www.phyt-inov.com\\\/fr\\\/produit\\\/bioline-huile-de-lin-bio-100-caps\\\/\",\"url\":\"https:\\\/\\\/www.phyt-inov.com\\\/fr\\\/produit\\\/bioline-huile-de-lin-bio-100-caps\\\/\",\"name\":\"Pure huile de lin bio pour confort \u2013 riche en acide gras essentiels\\\/om\u00e9ga 3\\\/min\u00e9raux \u2013 100 g\u00e9lules dos\u00e9es \u00e0 1000 mg | Phyt-inov.com\",\"isPartOf\":{\"@id\":\"https:\\\/\\\/www.phyt-inov.com\\\/fr\\\/#website\"},\"primaryImageOfPage\":{\"@id\":\"https:\\\/\\\/www.phyt-inov.com\\\/fr\\\/produit\\\/bioline-huile-de-lin-bio-100-caps\\\/#primaryimage\"},\"image\":{\"@id\":\"https:\\\/\\\/www.phyt-inov.com\\\/fr\\\/produit\\\/bioline-huile-de-lin-bio-100-caps\\\/#primaryimage\"},\"thumbnailUrl\":\"https:\\\/\\\/www.phyt-inov.com\\\/wp-content\\\/uploads\\\/2020\\\/10\\\/Image-Bioline-2025-03-Phyt-Inov-Canva.png\",\"datePublished\":\"2020-10-03T11:18:35+00:00\",\"dateModified\":\"2026-04-07T13:22:32+00:00\",\"description\":\"Phyt-Inov international\u00ae officiel, laboratoire suisse \u00e9labore avec JP Willem Bioline (100 g\u00e9lules molles dos\u00e9es \u00e0 1000mg) v\u00e9ritable alli\u00e9e sant\u00e9 et beaut\u00e9. Cette huile a des propri\u00e9t\u00e9s anti-inflammatoires, la concentration d\u2019om\u00e9ga 3 contribue au bon fonctionnement du d\u00e9veloppement et sant\u00e9. Favorise la stabilit\u00e9 \u00e9motionnelle.\",\"breadcrumb\":{\"@id\":\"https:\\\/\\\/www.phyt-inov.com\\\/fr\\\/produit\\\/bioline-huile-de-lin-bio-100-caps\\\/#breadcrumb\"},\"inLanguage\":\"fr-FR\",\"potentialAction\":[{\"@type\":\"ReadAction\",\"target\":[\"https:\\\/\\\/www.phyt-inov.com\\\/fr\\\/produit\\\/bioline-huile-de-lin-bio-100-caps\\\/\"]}]},{\"@type\":\"ImageObject\",\"inLanguage\":\"fr-FR\",\"@id\":\"https:\\\/\\\/www.phyt-inov.com\\\/fr\\\/produit\\\/bioline-huile-de-lin-bio-100-caps\\\/#primaryimage\",\"url\":\"https:\\\/\\\/www.phyt-inov.com\\\/wp-content\\\/uploads\\\/2020\\\/10\\\/Image-Bioline-2025-03-Phyt-Inov-Canva.png\",\"contentUrl\":\"https:\\\/\\\/www.phyt-inov.com\\\/wp-content\\\/uploads\\\/2020\\\/10\\\/Image-Bioline-2025-03-Phyt-Inov-Canva.png\",\"width\":2048,\"height\":2560,\"caption\":\"phyt-inov produit bioline\"},{\"@type\":\"BreadcrumbList\",\"@id\":\"https:\\\/\\\/www.phyt-inov.com\\\/fr\\\/produit\\\/bioline-huile-de-lin-bio-100-caps\\\/#breadcrumb\",\"itemListElement\":[{\"@type\":\"ListItem\",\"position\":1,\"name\":\"Accueil\",\"item\":\"https:\\\/\\\/www.phyt-inov.com\\\/fr\\\/\"},{\"@type\":\"ListItem\",\"position\":2,\"name\":\"Boutique\",\"item\":\"https:\\\/\\\/www.phyt-inov.com\\\/fr\\\/boutique\\\/\"},{\"@type\":\"ListItem\",\"position\":3,\"name\":\"Bioline (huile de lin bio)\"}]},{\"@type\":\"WebSite\",\"@id\":\"https:\\\/\\\/www.phyt-inov.com\\\/fr\\\/#website\",\"url\":\"https:\\\/\\\/www.phyt-inov.com\\\/fr\\\/\",\"name\":\"Phyt-Inov International\",\"description\":\"L&#039;efficacit\u00e9 naturelle pour vos soins quotidiens\",\"publisher\":{\"@id\":\"https:\\\/\\\/www.phyt-inov.com\\\/fr\\\/#organization\"},\"alternateName\":\"phyt-inov\",\"potentialAction\":[{\"@type\":\"SearchAction\",\"target\":{\"@type\":\"EntryPoint\",\"urlTemplate\":\"https:\\\/\\\/www.phyt-inov.com\\\/fr\\\/?s={search_term_string}\"},\"query-input\":{\"@type\":\"PropertyValueSpecification\",\"valueRequired\":true,\"valueName\":\"search_term_string\"}}],\"inLanguage\":\"fr-FR\"},{\"@type\":\"Organization\",\"@id\":\"https:\\\/\\\/www.phyt-inov.com\\\/fr\\\/#organization\",\"name\":\"Phyt-Inov\",\"alternateName\":\"Phyt-Inov\",\"url\":\"https:\\\/\\\/www.phyt-inov.com\\\/fr\\\/\",\"logo\":{\"@type\":\"ImageObject\",\"inLanguage\":\"fr-FR\",\"@id\":\"https:\\\/\\\/www.phyt-inov.com\\\/fr\\\/#\\\/schema\\\/logo\\\/image\\\/\",\"url\":\"https:\\\/\\\/www.phyt-inov.com\\\/wp-content\\\/uploads\\\/2025\\\/09\\\/Logo-site-phyt-inov4_Plan-de-travail-1-2048x760-1.png\",\"contentUrl\":\"https:\\\/\\\/www.phyt-inov.com\\\/wp-content\\\/uploads\\\/2025\\\/09\\\/Logo-site-phyt-inov4_Plan-de-travail-1-2048x760-1.png\",\"width\":2048,\"height\":760,\"caption\":\"Phyt-Inov\"},\"image\":{\"@id\":\"https:\\\/\\\/www.phyt-inov.com\\\/fr\\\/#\\\/schema\\\/logo\\\/image\\\/\"},\"sameAs\":[\"https:\\\/\\\/www.facebook.com\\\/phytinov\\\/\",\"https:\\\/\\\/www.youtube.com\\\/channel\\\/UCE05sYsSXuuKbLqs4Au3e4Q\",\"https:\\\/\\\/www.instagram.com\\\/phytinov\\\/\"]}]}<\/script>\n<!-- \/ Yoast SEO plugin. -->","yoast_head_json":{"title":"Pure huile de lin bio pour confort \u2013 riche en acide gras essentiels\/om\u00e9ga 3\/min\u00e9raux \u2013 100 g\u00e9lules dos\u00e9es \u00e0 1000 mg | Phyt-inov.com","description":"Phyt-Inov international\u00ae officiel, laboratoire suisse \u00e9labore avec JP Willem Bioline (100 g\u00e9lules molles dos\u00e9es \u00e0 1000mg) v\u00e9ritable alli\u00e9e sant\u00e9 et beaut\u00e9. Cette huile a des propri\u00e9t\u00e9s anti-inflammatoires, la concentration d\u2019om\u00e9ga 3 contribue au bon fonctionnement du d\u00e9veloppement et sant\u00e9. Favorise la stabilit\u00e9 \u00e9motionnelle.","robots":{"index":"index","follow":"follow","max-snippet":"max-snippet:-1","max-image-preview":"max-image-preview:large","max-video-preview":"max-video-preview:-1"},"canonical":"https:\/\/www.phyt-inov.com\/fr\/produit\/bioline-huile-de-lin-bio-100-caps\/","og_locale":"fr_FR","og_type":"article","og_title":"Pure huile de lin bio pour confort \u2013 riche en acide gras essentiels\/om\u00e9ga 3\/min\u00e9raux \u2013 100 g\u00e9lules dos\u00e9es \u00e0 1000 mg | Phyt-inov.com","og_description":"Phyt-Inov international\u00ae officiel, laboratoire suisse \u00e9labore avec JP Willem Bioline (100 g\u00e9lules molles dos\u00e9es \u00e0 1000mg) v\u00e9ritable alli\u00e9e sant\u00e9 et beaut\u00e9. Cette huile a des propri\u00e9t\u00e9s anti-inflammatoires, la concentration d\u2019om\u00e9ga 3 contribue au bon fonctionnement du d\u00e9veloppement et sant\u00e9. Favorise la stabilit\u00e9 \u00e9motionnelle.","og_url":"https:\/\/www.phyt-inov.com\/fr\/produit\/bioline-huile-de-lin-bio-100-caps\/","og_site_name":"Phyt-Inov","article_publisher":"https:\/\/www.facebook.com\/phytinov\/","article_modified_time":"2026-04-07T13:22:32+00:00","og_image":[{"width":2048,"height":2560,"url":"https:\/\/www.phyt-inov.com\/wp-content\/uploads\/2020\/10\/Image-Bioline-2025-03-Phyt-Inov-Canva.png","type":"image\/png"}],"twitter_card":"summary_large_image","twitter_misc":{"Dur\u00e9e de lecture estim\u00e9e":"1 minute"},"schema":{"@context":"https:\/\/schema.org","@graph":[{"@type":"WebPage","@id":"https:\/\/www.phyt-inov.com\/fr\/produit\/bioline-huile-de-lin-bio-100-caps\/","url":"https:\/\/www.phyt-inov.com\/fr\/produit\/bioline-huile-de-lin-bio-100-caps\/","name":"Pure huile de lin bio pour confort \u2013 riche en acide gras essentiels\/om\u00e9ga 3\/min\u00e9raux \u2013 100 g\u00e9lules dos\u00e9es \u00e0 1000 mg | Phyt-inov.com","isPartOf":{"@id":"https:\/\/www.phyt-inov.com\/fr\/#website"},"primaryImageOfPage":{"@id":"https:\/\/www.phyt-inov.com\/fr\/produit\/bioline-huile-de-lin-bio-100-caps\/#primaryimage"},"image":{"@id":"https:\/\/www.phyt-inov.com\/fr\/produit\/bioline-huile-de-lin-bio-100-caps\/#primaryimage"},"thumbnailUrl":"https:\/\/www.phyt-inov.com\/wp-content\/uploads\/2020\/10\/Image-Bioline-2025-03-Phyt-Inov-Canva.png","datePublished":"2020-10-03T11:18:35+00:00","dateModified":"2026-04-07T13:22:32+00:00","description":"Phyt-Inov international\u00ae officiel, laboratoire suisse \u00e9labore avec JP Willem Bioline (100 g\u00e9lules molles dos\u00e9es \u00e0 1000mg) v\u00e9ritable alli\u00e9e sant\u00e9 et beaut\u00e9. Cette huile a des propri\u00e9t\u00e9s anti-inflammatoires, la concentration d\u2019om\u00e9ga 3 contribue au bon fonctionnement du d\u00e9veloppement et sant\u00e9. Favorise la stabilit\u00e9 \u00e9motionnelle.","breadcrumb":{"@id":"https:\/\/www.phyt-inov.com\/fr\/produit\/bioline-huile-de-lin-bio-100-caps\/#breadcrumb"},"inLanguage":"fr-FR","potentialAction":[{"@type":"ReadAction","target":["https:\/\/www.phyt-inov.com\/fr\/produit\/bioline-huile-de-lin-bio-100-caps\/"]}]},{"@type":"ImageObject","inLanguage":"fr-FR","@id":"https:\/\/www.phyt-inov.com\/fr\/produit\/bioline-huile-de-lin-bio-100-caps\/#primaryimage","url":"https:\/\/www.phyt-inov.com\/wp-content\/uploads\/2020\/10\/Image-Bioline-2025-03-Phyt-Inov-Canva.png","contentUrl":"https:\/\/www.phyt-inov.com\/wp-content\/uploads\/2020\/10\/Image-Bioline-2025-03-Phyt-Inov-Canva.png","width":2048,"height":2560,"caption":"phyt-inov produit bioline"},{"@type":"BreadcrumbList","@id":"https:\/\/www.phyt-inov.com\/fr\/produit\/bioline-huile-de-lin-bio-100-caps\/#breadcrumb","itemListElement":[{"@type":"ListItem","position":1,"name":"Accueil","item":"https:\/\/www.phyt-inov.com\/fr\/"},{"@type":"ListItem","position":2,"name":"Boutique","item":"https:\/\/www.phyt-inov.com\/fr\/boutique\/"},{"@type":"ListItem","position":3,"name":"Bioline (huile de lin bio)"}]},{"@type":"WebSite","@id":"https:\/\/www.phyt-inov.com\/fr\/#website","url":"https:\/\/www.phyt-inov.com\/fr\/","name":"Phyt-Inov International","description":"L&#039;efficacit\u00e9 naturelle pour vos soins quotidiens","publisher":{"@id":"https:\/\/www.phyt-inov.com\/fr\/#organization"},"alternateName":"phyt-inov","potentialAction":[{"@type":"SearchAction","target":{"@type":"EntryPoint","urlTemplate":"https:\/\/www.phyt-inov.com\/fr\/?s={search_term_string}"},"query-input":{"@type":"PropertyValueSpecification","valueRequired":true,"valueName":"search_term_string"}}],"inLanguage":"fr-FR"},{"@type":"Organization","@id":"https:\/\/www.phyt-inov.com\/fr\/#organization","name":"Phyt-Inov","alternateName":"Phyt-Inov","url":"https:\/\/www.phyt-inov.com\/fr\/","logo":{"@type":"ImageObject","inLanguage":"fr-FR","@id":"https:\/\/www.phyt-inov.com\/fr\/#\/schema\/logo\/image\/","url":"https:\/\/www.phyt-inov.com\/wp-content\/uploads\/2025\/09\/Logo-site-phyt-inov4_Plan-de-travail-1-2048x760-1.png","contentUrl":"https:\/\/www.phyt-inov.com\/wp-content\/uploads\/2025\/09\/Logo-site-phyt-inov4_Plan-de-travail-1-2048x760-1.png","width":2048,"height":760,"caption":"Phyt-Inov"},"image":{"@id":"https:\/\/www.phyt-inov.com\/fr\/#\/schema\/logo\/image\/"},"sameAs":["https:\/\/www.facebook.com\/phytinov\/","https:\/\/www.youtube.com\/channel\/UCE05sYsSXuuKbLqs4Au3e4Q","https:\/\/www.instagram.com\/phytinov\/"]}]}},"jetpack_sharing_enabled":true,"_links":{"self":[{"href":"https:\/\/www.phyt-inov.com\/fr\/wp-json\/wp\/v2\/product\/43338","targetHints":{"allow":["GET"]}}],"collection":[{"href":"https:\/\/www.phyt-inov.com\/fr\/wp-json\/wp\/v2\/product"}],"about":[{"href":"https:\/\/www.phyt-inov.com\/fr\/wp-json\/wp\/v2\/types\/product"}],"replies":[{"embeddable":true,"href":"https:\/\/www.phyt-inov.com\/fr\/wp-json\/wp\/v2\/comments?post=43338"}],"wp:featuredmedia":[{"embeddable":true,"href":"https:\/\/www.phyt-inov.com\/fr\/wp-json\/wp\/v2\/media\/83180"}],"wp:attachment":[{"href":"https:\/\/www.phyt-inov.com\/fr\/wp-json\/wp\/v2\/media?parent=43338"}],"wp:term":[{"taxonomy":"product_brand","embeddable":true,"href":"https:\/\/www.phyt-inov.com\/fr\/wp-json\/wp\/v2\/product_brand?post=43338"},{"taxonomy":"product_cat","embeddable":true,"href":"https:\/\/www.phyt-inov.com\/fr\/wp-json\/wp\/v2\/product_cat?post=43338"},{"taxonomy":"product_tag","embeddable":true,"href":"https:\/\/www.phyt-inov.com\/fr\/wp-json\/wp\/v2\/product_tag?post=43338"}],"curies":[{"name":"wp","href":"https:\/\/api.w.org\/{rel}","templated":true}]}}