{"id":42285,"date":"2020-07-28T10:52:08","date_gmt":"2020-07-28T10:52:08","guid":{"rendered":"https:\/\/www.phyt-inov.com\/?post_type=product&#038;p=42285"},"modified":"2026-03-23T08:03:10","modified_gmt":"2026-03-23T08:03:10","slug":"tout-savoir-sur-les-virus-et-y-faire-face","status":"publish","type":"product","link":"https:\/\/www.phyt-inov.com\/fr\/produit\/tout-savoir-sur-les-virus-et-y-faire-face\/","title":{"rendered":"Tout savoir sur les virus et y faire face"},"content":{"rendered":"<p>Auteur : Dr. Jean-Pierre WILLEM<\/p>\n<p>Nombre de pages : 219 pages<br \/>\nFormat : 21,00 x 13,00 cm<br \/>\nPoids : 0.2600 kg<\/p>\n<p>Parution : juin 2020<\/p>\n<p>Editeur : Dauphin Editions<\/p>\n","protected":false},"excerpt":{"rendered":"<p>Comprendre ce que sont les virus, comment ils fonctionnent et interagissent avec l&rsquo;environnement et avec le corps humain est capital : de la grippe espagnole \u00e0 Ebola en passant par le Covid-19, les virus vont dor\u00e9navant faire partie de notre vie quotidienne.<\/p>\n<p>Comme pour la grippe, certains vaccins existent, mais pour d&rsquo;autres virus, les rem\u00e8des ne sont pas encore disponibles.<\/p>\n<p>Alors, comment s&rsquo;en prot\u00e9ger autrement ? Le masque ? oui, les r\u00e8gles d&rsquo;hygi\u00e8ne ? oui, mais encore ?<\/p>\n<p>Telle est la question \u00e0 laquelle r\u00e9pond le Dr Willem, pour qui la vaccination est loin d&rsquo;\u00eatre un acte anodin. Grand expert des huiles essentielles et de m\u00e9thodes alternatives reconnues, il nous d\u00e9montre que ces derni\u00e8res restent les meilleures des pr\u00e9ventions : tout ce qui est issu des plantes faisant partie de la pharmacop\u00e9e naturelle.<\/p>\n<p>En effet, certaines huiles essentielles ont des propri\u00e9t\u00e9s th\u00e9rapeutiques puissantes maintes fois d\u00e9montr\u00e9es par des \u00e9tudes scientifiques, et sont de loin tr\u00e8s efficaces en mati\u00e8re de pr\u00e9vention : elles boostent notre syst\u00e8me immunitaire, pr\u00e9parent nos anticorps \u00e0 l&rsquo;attaque et, si besoin, luttent contre les sympt\u00f4mes de la maladie.<\/p>\n","protected":false},"featured_media":42286,"comment_status":"open","ping_status":"closed","template":"","meta":{"_et_pb_use_builder":"","_et_pb_old_content":"","_et_gb_content_width":""},"product_brand":[],"product_cat":[89,97],"product_tag":[],"class_list":{"0":"post-42285","1":"product","2":"type-product","3":"status-publish","4":"has-post-thumbnail","6":"product_cat-livres","7":"product_cat-livres-jpwillem","9":"first","10":"instock","11":"shipping-taxable","12":"purchasable","13":"product-type-simple"},"yoast_head":"<!-- This site is optimized with the Yoast SEO plugin v27.3 - https:\/\/yoast.com\/product\/yoast-seo-wordpress\/ -->\n<title>Tout savoir sur les virus et y faire face - Phyt-Inov<\/title>\n<meta name=\"description\" content=\"Phyt-Inov - Tout savoir sur les virus et y faire face\" \/>\n<meta name=\"robots\" content=\"index, follow, max-snippet:-1, max-image-preview:large, max-video-preview:-1\" \/>\n<link rel=\"canonical\" href=\"https:\/\/www.phyt-inov.com\/fr\/produit\/tout-savoir-sur-les-virus-et-y-faire-face\/\" \/>\n<meta property=\"og:locale\" content=\"fr_FR\" \/>\n<meta property=\"og:type\" content=\"article\" \/>\n<meta property=\"og:title\" content=\"Tout savoir sur les virus et y faire face - Phyt-Inov\" \/>\n<meta property=\"og:description\" content=\"Phyt-Inov - Tout savoir sur les virus et y faire face\" \/>\n<meta property=\"og:url\" content=\"https:\/\/www.phyt-inov.com\/fr\/produit\/tout-savoir-sur-les-virus-et-y-faire-face\/\" \/>\n<meta property=\"og:site_name\" content=\"Phyt-Inov\" \/>\n<meta property=\"article:publisher\" content=\"https:\/\/www.facebook.com\/phytinov\/\" \/>\n<meta property=\"article:modified_time\" content=\"2026-03-23T08:03:10+00:00\" \/>\n<meta property=\"og:image\" content=\"https:\/\/www.phyt-inov.com\/wp-content\/uploads\/2025\/09\/Tout-savoir-sur-les-virus-et-y-faire-face-1.jpg\" \/>\n\t<meta property=\"og:image:width\" content=\"311\" \/>\n\t<meta property=\"og:image:height\" content=\"499\" \/>\n\t<meta property=\"og:image:type\" content=\"image\/jpeg\" \/>\n<meta name=\"twitter:card\" content=\"summary_large_image\" \/>\n<meta name=\"twitter:label1\" content=\"Dur\u00e9e de lecture estim\u00e9e\" \/>\n\t<meta name=\"twitter:data1\" content=\"1 minute\" \/>\n<script type=\"application\/ld+json\" class=\"yoast-schema-graph\">{\"@context\":\"https:\\\/\\\/schema.org\",\"@graph\":[{\"@type\":\"WebPage\",\"@id\":\"https:\\\/\\\/www.phyt-inov.com\\\/fr\\\/produit\\\/tout-savoir-sur-les-virus-et-y-faire-face\\\/\",\"url\":\"https:\\\/\\\/www.phyt-inov.com\\\/fr\\\/produit\\\/tout-savoir-sur-les-virus-et-y-faire-face\\\/\",\"name\":\"Tout savoir sur les virus et y faire face - Phyt-Inov\",\"isPartOf\":{\"@id\":\"https:\\\/\\\/www.phyt-inov.com\\\/fr\\\/#website\"},\"primaryImageOfPage\":{\"@id\":\"https:\\\/\\\/www.phyt-inov.com\\\/fr\\\/produit\\\/tout-savoir-sur-les-virus-et-y-faire-face\\\/#primaryimage\"},\"image\":{\"@id\":\"https:\\\/\\\/www.phyt-inov.com\\\/fr\\\/produit\\\/tout-savoir-sur-les-virus-et-y-faire-face\\\/#primaryimage\"},\"thumbnailUrl\":\"https:\\\/\\\/www.phyt-inov.com\\\/wp-content\\\/uploads\\\/2025\\\/09\\\/Tout-savoir-sur-les-virus-et-y-faire-face-1.jpg\",\"datePublished\":\"2020-07-28T10:52:08+00:00\",\"dateModified\":\"2026-03-23T08:03:10+00:00\",\"description\":\"Phyt-Inov - Tout savoir sur les virus et y faire face\",\"breadcrumb\":{\"@id\":\"https:\\\/\\\/www.phyt-inov.com\\\/fr\\\/produit\\\/tout-savoir-sur-les-virus-et-y-faire-face\\\/#breadcrumb\"},\"inLanguage\":\"fr-FR\",\"potentialAction\":[{\"@type\":\"ReadAction\",\"target\":[\"https:\\\/\\\/www.phyt-inov.com\\\/fr\\\/produit\\\/tout-savoir-sur-les-virus-et-y-faire-face\\\/\"]}]},{\"@type\":\"ImageObject\",\"inLanguage\":\"fr-FR\",\"@id\":\"https:\\\/\\\/www.phyt-inov.com\\\/fr\\\/produit\\\/tout-savoir-sur-les-virus-et-y-faire-face\\\/#primaryimage\",\"url\":\"https:\\\/\\\/www.phyt-inov.com\\\/wp-content\\\/uploads\\\/2025\\\/09\\\/Tout-savoir-sur-les-virus-et-y-faire-face-1.jpg\",\"contentUrl\":\"https:\\\/\\\/www.phyt-inov.com\\\/wp-content\\\/uploads\\\/2025\\\/09\\\/Tout-savoir-sur-les-virus-et-y-faire-face-1.jpg\",\"width\":311,\"height\":499,\"caption\":\"livre dr willem tout savoir sur les virus et y faire face\"},{\"@type\":\"BreadcrumbList\",\"@id\":\"https:\\\/\\\/www.phyt-inov.com\\\/fr\\\/produit\\\/tout-savoir-sur-les-virus-et-y-faire-face\\\/#breadcrumb\",\"itemListElement\":[{\"@type\":\"ListItem\",\"position\":1,\"name\":\"Accueil\",\"item\":\"https:\\\/\\\/www.phyt-inov.com\\\/fr\\\/\"},{\"@type\":\"ListItem\",\"position\":2,\"name\":\"Boutique\",\"item\":\"https:\\\/\\\/www.phyt-inov.com\\\/fr\\\/boutique\\\/\"},{\"@type\":\"ListItem\",\"position\":3,\"name\":\"Tout savoir sur les virus et y faire face\"}]},{\"@type\":\"WebSite\",\"@id\":\"https:\\\/\\\/www.phyt-inov.com\\\/fr\\\/#website\",\"url\":\"https:\\\/\\\/www.phyt-inov.com\\\/fr\\\/\",\"name\":\"Phyt-Inov International\",\"description\":\"L&#039;efficacit\u00e9 naturelle pour vos soins quotidiens\",\"publisher\":{\"@id\":\"https:\\\/\\\/www.phyt-inov.com\\\/fr\\\/#organization\"},\"alternateName\":\"phyt-inov\",\"potentialAction\":[{\"@type\":\"SearchAction\",\"target\":{\"@type\":\"EntryPoint\",\"urlTemplate\":\"https:\\\/\\\/www.phyt-inov.com\\\/fr\\\/?s={search_term_string}\"},\"query-input\":{\"@type\":\"PropertyValueSpecification\",\"valueRequired\":true,\"valueName\":\"search_term_string\"}}],\"inLanguage\":\"fr-FR\"},{\"@type\":\"Organization\",\"@id\":\"https:\\\/\\\/www.phyt-inov.com\\\/fr\\\/#organization\",\"name\":\"Phyt-Inov\",\"alternateName\":\"Phyt-Inov\",\"url\":\"https:\\\/\\\/www.phyt-inov.com\\\/fr\\\/\",\"logo\":{\"@type\":\"ImageObject\",\"inLanguage\":\"fr-FR\",\"@id\":\"https:\\\/\\\/www.phyt-inov.com\\\/fr\\\/#\\\/schema\\\/logo\\\/image\\\/\",\"url\":\"https:\\\/\\\/www.phyt-inov.com\\\/wp-content\\\/uploads\\\/2025\\\/09\\\/Logo-site-phyt-inov4_Plan-de-travail-1-2048x760-1.png\",\"contentUrl\":\"https:\\\/\\\/www.phyt-inov.com\\\/wp-content\\\/uploads\\\/2025\\\/09\\\/Logo-site-phyt-inov4_Plan-de-travail-1-2048x760-1.png\",\"width\":2048,\"height\":760,\"caption\":\"Phyt-Inov\"},\"image\":{\"@id\":\"https:\\\/\\\/www.phyt-inov.com\\\/fr\\\/#\\\/schema\\\/logo\\\/image\\\/\"},\"sameAs\":[\"https:\\\/\\\/www.facebook.com\\\/phytinov\\\/\",\"https:\\\/\\\/www.youtube.com\\\/channel\\\/UCE05sYsSXuuKbLqs4Au3e4Q\",\"https:\\\/\\\/www.instagram.com\\\/phytinov\\\/\"]}]}<\/script>\n<!-- \/ Yoast SEO plugin. -->","yoast_head_json":{"title":"Tout savoir sur les virus et y faire face - Phyt-Inov","description":"Phyt-Inov - Tout savoir sur les virus et y faire face","robots":{"index":"index","follow":"follow","max-snippet":"max-snippet:-1","max-image-preview":"max-image-preview:large","max-video-preview":"max-video-preview:-1"},"canonical":"https:\/\/www.phyt-inov.com\/fr\/produit\/tout-savoir-sur-les-virus-et-y-faire-face\/","og_locale":"fr_FR","og_type":"article","og_title":"Tout savoir sur les virus et y faire face - Phyt-Inov","og_description":"Phyt-Inov - Tout savoir sur les virus et y faire face","og_url":"https:\/\/www.phyt-inov.com\/fr\/produit\/tout-savoir-sur-les-virus-et-y-faire-face\/","og_site_name":"Phyt-Inov","article_publisher":"https:\/\/www.facebook.com\/phytinov\/","article_modified_time":"2026-03-23T08:03:10+00:00","og_image":[{"width":311,"height":499,"url":"https:\/\/www.phyt-inov.com\/wp-content\/uploads\/2025\/09\/Tout-savoir-sur-les-virus-et-y-faire-face-1.jpg","type":"image\/jpeg"}],"twitter_card":"summary_large_image","twitter_misc":{"Dur\u00e9e de lecture estim\u00e9e":"1 minute"},"schema":{"@context":"https:\/\/schema.org","@graph":[{"@type":"WebPage","@id":"https:\/\/www.phyt-inov.com\/fr\/produit\/tout-savoir-sur-les-virus-et-y-faire-face\/","url":"https:\/\/www.phyt-inov.com\/fr\/produit\/tout-savoir-sur-les-virus-et-y-faire-face\/","name":"Tout savoir sur les virus et y faire face - Phyt-Inov","isPartOf":{"@id":"https:\/\/www.phyt-inov.com\/fr\/#website"},"primaryImageOfPage":{"@id":"https:\/\/www.phyt-inov.com\/fr\/produit\/tout-savoir-sur-les-virus-et-y-faire-face\/#primaryimage"},"image":{"@id":"https:\/\/www.phyt-inov.com\/fr\/produit\/tout-savoir-sur-les-virus-et-y-faire-face\/#primaryimage"},"thumbnailUrl":"https:\/\/www.phyt-inov.com\/wp-content\/uploads\/2025\/09\/Tout-savoir-sur-les-virus-et-y-faire-face-1.jpg","datePublished":"2020-07-28T10:52:08+00:00","dateModified":"2026-03-23T08:03:10+00:00","description":"Phyt-Inov - Tout savoir sur les virus et y faire face","breadcrumb":{"@id":"https:\/\/www.phyt-inov.com\/fr\/produit\/tout-savoir-sur-les-virus-et-y-faire-face\/#breadcrumb"},"inLanguage":"fr-FR","potentialAction":[{"@type":"ReadAction","target":["https:\/\/www.phyt-inov.com\/fr\/produit\/tout-savoir-sur-les-virus-et-y-faire-face\/"]}]},{"@type":"ImageObject","inLanguage":"fr-FR","@id":"https:\/\/www.phyt-inov.com\/fr\/produit\/tout-savoir-sur-les-virus-et-y-faire-face\/#primaryimage","url":"https:\/\/www.phyt-inov.com\/wp-content\/uploads\/2025\/09\/Tout-savoir-sur-les-virus-et-y-faire-face-1.jpg","contentUrl":"https:\/\/www.phyt-inov.com\/wp-content\/uploads\/2025\/09\/Tout-savoir-sur-les-virus-et-y-faire-face-1.jpg","width":311,"height":499,"caption":"livre dr willem tout savoir sur les virus et y faire face"},{"@type":"BreadcrumbList","@id":"https:\/\/www.phyt-inov.com\/fr\/produit\/tout-savoir-sur-les-virus-et-y-faire-face\/#breadcrumb","itemListElement":[{"@type":"ListItem","position":1,"name":"Accueil","item":"https:\/\/www.phyt-inov.com\/fr\/"},{"@type":"ListItem","position":2,"name":"Boutique","item":"https:\/\/www.phyt-inov.com\/fr\/boutique\/"},{"@type":"ListItem","position":3,"name":"Tout savoir sur les virus et y faire face"}]},{"@type":"WebSite","@id":"https:\/\/www.phyt-inov.com\/fr\/#website","url":"https:\/\/www.phyt-inov.com\/fr\/","name":"Phyt-Inov International","description":"L&#039;efficacit\u00e9 naturelle pour vos soins quotidiens","publisher":{"@id":"https:\/\/www.phyt-inov.com\/fr\/#organization"},"alternateName":"phyt-inov","potentialAction":[{"@type":"SearchAction","target":{"@type":"EntryPoint","urlTemplate":"https:\/\/www.phyt-inov.com\/fr\/?s={search_term_string}"},"query-input":{"@type":"PropertyValueSpecification","valueRequired":true,"valueName":"search_term_string"}}],"inLanguage":"fr-FR"},{"@type":"Organization","@id":"https:\/\/www.phyt-inov.com\/fr\/#organization","name":"Phyt-Inov","alternateName":"Phyt-Inov","url":"https:\/\/www.phyt-inov.com\/fr\/","logo":{"@type":"ImageObject","inLanguage":"fr-FR","@id":"https:\/\/www.phyt-inov.com\/fr\/#\/schema\/logo\/image\/","url":"https:\/\/www.phyt-inov.com\/wp-content\/uploads\/2025\/09\/Logo-site-phyt-inov4_Plan-de-travail-1-2048x760-1.png","contentUrl":"https:\/\/www.phyt-inov.com\/wp-content\/uploads\/2025\/09\/Logo-site-phyt-inov4_Plan-de-travail-1-2048x760-1.png","width":2048,"height":760,"caption":"Phyt-Inov"},"image":{"@id":"https:\/\/www.phyt-inov.com\/fr\/#\/schema\/logo\/image\/"},"sameAs":["https:\/\/www.facebook.com\/phytinov\/","https:\/\/www.youtube.com\/channel\/UCE05sYsSXuuKbLqs4Au3e4Q","https:\/\/www.instagram.com\/phytinov\/"]}]}},"jetpack_sharing_enabled":true,"_links":{"self":[{"href":"https:\/\/www.phyt-inov.com\/fr\/wp-json\/wp\/v2\/product\/42285","targetHints":{"allow":["GET"]}}],"collection":[{"href":"https:\/\/www.phyt-inov.com\/fr\/wp-json\/wp\/v2\/product"}],"about":[{"href":"https:\/\/www.phyt-inov.com\/fr\/wp-json\/wp\/v2\/types\/product"}],"replies":[{"embeddable":true,"href":"https:\/\/www.phyt-inov.com\/fr\/wp-json\/wp\/v2\/comments?post=42285"}],"wp:featuredmedia":[{"embeddable":true,"href":"https:\/\/www.phyt-inov.com\/fr\/wp-json\/wp\/v2\/media\/42286"}],"wp:attachment":[{"href":"https:\/\/www.phyt-inov.com\/fr\/wp-json\/wp\/v2\/media?parent=42285"}],"wp:term":[{"taxonomy":"product_brand","embeddable":true,"href":"https:\/\/www.phyt-inov.com\/fr\/wp-json\/wp\/v2\/product_brand?post=42285"},{"taxonomy":"product_cat","embeddable":true,"href":"https:\/\/www.phyt-inov.com\/fr\/wp-json\/wp\/v2\/product_cat?post=42285"},{"taxonomy":"product_tag","embeddable":true,"href":"https:\/\/www.phyt-inov.com\/fr\/wp-json\/wp\/v2\/product_tag?post=42285"}],"curies":[{"name":"wp","href":"https:\/\/api.w.org\/{rel}","templated":true}]}}