{"id":40481,"date":"2020-02-28T16:30:03","date_gmt":"2020-02-28T16:30:03","guid":{"rendered":"https:\/\/www.phyt-inov.com\/?post_type=product&#038;p=40481"},"modified":"2026-03-23T08:03:00","modified_gmt":"2026-03-23T08:03:00","slug":"stress-depression-et-troubles-du-comportement","status":"publish","type":"product","link":"https:\/\/www.phyt-inov.com\/fr\/produit\/stress-depression-et-troubles-du-comportement\/","title":{"rendered":"Stress, d\u00e9pression et troubles du comportement"},"content":{"rendered":"<p>Auteur : Dr. Jean-Pierre WILLEM<\/p>\n<p>Nombre de pages : 351 pages<br \/>\nFormat : 24,00 x 16,00 x 2,90 cm<br \/>\nPoids : 0.5630 kg<\/p>\n<p>Parution : f\u00e9vrier 2013<\/p>\n<p>Editeur : Tredaniel La Maisnie<\/p>\n","protected":false},"excerpt":{"rendered":"<p>Stress, D\u00e9pression et Troubles du comportement &#8211; Une nouvelle approche sans produits chimiques va d\u00e9ranger !<br \/>\nLe stress et les troubles anxieux, aujourd&rsquo;hui r\u00e9f\u00e9renc\u00e9s comme les syndromes de la \u00ab maladie du si\u00e8cle \u00bb, repr\u00e9sentent un march\u00e9 commercial particuli\u00e8rement juteux pour les laboratoires pharmaceutiques. Pourtant, nombre de produits naturels peuvent ais\u00e9ment remplacer les m\u00e9dicaments de l&rsquo;industrie de l&rsquo;allopathie chimique.<br \/>\nStress, D\u00e9pression et Troubles du comportement &#8211; Une nouvelle approche sans produits chimiques apporte les informations n\u00e9cessaires pour comprendre les pathologies regroup\u00e9es sous le terme g\u00e9n\u00e9rique \u00ab troubles anxieux \u00bb : anxi\u00e9t\u00e9 et angoisse, burn-out et surmenage, mal-\u00eatre et d\u00e9pression, hyperactivit\u00e9, insomnie et troubles du sommeil, schizophr\u00e9nie et spasmophilie&#8230;<br \/>\nIl propose aussi les solutions des m\u00e9decines compl\u00e9mentaires et naturelles pour les traiter, dans le respect de la physiologie du corps et des m\u00e9canismes du psychisme. Car pour l&rsquo;auteur, nombre de ces troubles sont certainement provoqu\u00e9s ou entretenus par les m\u00e9dicaments. L&rsquo;exemple de la maladie d&rsquo;Alzheimer est \u00e0 cet \u00e9gard, particuli\u00e8rement probant.<br \/>\nUn livre \u00ab coup de gueule \u00bb contre l&rsquo;usage irraisonn\u00e9 des m\u00e9dicaments psychotropes. Des techniques simples, efficaces et \u00e9prouv\u00e9es pour se sortir du triptyque anxiolytiques\/antid\u00e9presseurs\/hypnotiques.<br \/>\nUn ensemble de conseils et de rem\u00e8des (plantes et compl\u00e9ments alimentaires) qui sont les solutions les plus naturelles pour ramener le psychisme \u00e0 son juste \u00e9quilibre.<\/p>\n","protected":false},"featured_media":40482,"comment_status":"open","ping_status":"closed","template":"","meta":{"_et_pb_use_builder":"","_et_pb_old_content":"","_et_gb_content_width":""},"product_brand":[],"product_cat":[89,97],"product_tag":[],"class_list":{"0":"post-40481","1":"product","2":"type-product","3":"status-publish","4":"has-post-thumbnail","6":"product_cat-livres","7":"product_cat-livres-jpwillem","9":"first","10":"outofstock","11":"shipping-taxable","12":"purchasable","13":"product-type-simple"},"yoast_head":"<!-- This site is optimized with the Yoast SEO plugin v27.3 - https:\/\/yoast.com\/product\/yoast-seo-wordpress\/ -->\n<title>Stress, d\u00e9pression et troubles du comportement - Phyt-Inov<\/title>\n<meta name=\"description\" content=\"Phyt-Inov - Stress, d\u00e9pression et troubles du comportement\" \/>\n<meta name=\"robots\" content=\"index, follow, max-snippet:-1, max-image-preview:large, max-video-preview:-1\" \/>\n<link rel=\"canonical\" href=\"https:\/\/www.phyt-inov.com\/fr\/produit\/stress-depression-et-troubles-du-comportement\/\" \/>\n<meta property=\"og:locale\" content=\"fr_FR\" \/>\n<meta property=\"og:type\" content=\"article\" \/>\n<meta property=\"og:title\" content=\"Stress, d\u00e9pression et troubles du comportement - Phyt-Inov\" \/>\n<meta property=\"og:description\" content=\"Phyt-Inov - Stress, d\u00e9pression et troubles du comportement\" \/>\n<meta property=\"og:url\" content=\"https:\/\/www.phyt-inov.com\/fr\/produit\/stress-depression-et-troubles-du-comportement\/\" \/>\n<meta property=\"og:site_name\" content=\"Phyt-Inov\" \/>\n<meta property=\"article:publisher\" content=\"https:\/\/www.facebook.com\/phytinov\/\" \/>\n<meta property=\"article:modified_time\" content=\"2026-03-23T08:03:00+00:00\" \/>\n<meta property=\"og:image\" content=\"https:\/\/www.phyt-inov.com\/wp-content\/uploads\/2025\/09\/Stress-depression-et-troubles-du-comportement-2.jpg\" \/>\n\t<meta property=\"og:image:width\" content=\"250\" \/>\n\t<meta property=\"og:image:height\" content=\"377\" \/>\n\t<meta property=\"og:image:type\" content=\"image\/jpeg\" \/>\n<meta name=\"twitter:card\" content=\"summary_large_image\" \/>\n<meta name=\"twitter:label1\" content=\"Dur\u00e9e de lecture estim\u00e9e\" \/>\n\t<meta name=\"twitter:data1\" content=\"1 minute\" \/>\n<script type=\"application\/ld+json\" class=\"yoast-schema-graph\">{\"@context\":\"https:\\\/\\\/schema.org\",\"@graph\":[{\"@type\":\"WebPage\",\"@id\":\"https:\\\/\\\/www.phyt-inov.com\\\/fr\\\/produit\\\/stress-depression-et-troubles-du-comportement\\\/\",\"url\":\"https:\\\/\\\/www.phyt-inov.com\\\/fr\\\/produit\\\/stress-depression-et-troubles-du-comportement\\\/\",\"name\":\"Stress, d\u00e9pression et troubles du comportement - Phyt-Inov\",\"isPartOf\":{\"@id\":\"https:\\\/\\\/www.phyt-inov.com\\\/fr\\\/#website\"},\"primaryImageOfPage\":{\"@id\":\"https:\\\/\\\/www.phyt-inov.com\\\/fr\\\/produit\\\/stress-depression-et-troubles-du-comportement\\\/#primaryimage\"},\"image\":{\"@id\":\"https:\\\/\\\/www.phyt-inov.com\\\/fr\\\/produit\\\/stress-depression-et-troubles-du-comportement\\\/#primaryimage\"},\"thumbnailUrl\":\"https:\\\/\\\/www.phyt-inov.com\\\/wp-content\\\/uploads\\\/2025\\\/09\\\/Stress-depression-et-troubles-du-comportement-2.jpg\",\"datePublished\":\"2020-02-28T16:30:03+00:00\",\"dateModified\":\"2026-03-23T08:03:00+00:00\",\"description\":\"Phyt-Inov - Stress, d\u00e9pression et troubles du comportement\",\"breadcrumb\":{\"@id\":\"https:\\\/\\\/www.phyt-inov.com\\\/fr\\\/produit\\\/stress-depression-et-troubles-du-comportement\\\/#breadcrumb\"},\"inLanguage\":\"fr-FR\",\"potentialAction\":[{\"@type\":\"ReadAction\",\"target\":[\"https:\\\/\\\/www.phyt-inov.com\\\/fr\\\/produit\\\/stress-depression-et-troubles-du-comportement\\\/\"]}]},{\"@type\":\"ImageObject\",\"inLanguage\":\"fr-FR\",\"@id\":\"https:\\\/\\\/www.phyt-inov.com\\\/fr\\\/produit\\\/stress-depression-et-troubles-du-comportement\\\/#primaryimage\",\"url\":\"https:\\\/\\\/www.phyt-inov.com\\\/wp-content\\\/uploads\\\/2025\\\/09\\\/Stress-depression-et-troubles-du-comportement-2.jpg\",\"contentUrl\":\"https:\\\/\\\/www.phyt-inov.com\\\/wp-content\\\/uploads\\\/2025\\\/09\\\/Stress-depression-et-troubles-du-comportement-2.jpg\",\"width\":250,\"height\":377,\"caption\":\"dr willem stress d\u00e9pression et troubles du comportement\"},{\"@type\":\"BreadcrumbList\",\"@id\":\"https:\\\/\\\/www.phyt-inov.com\\\/fr\\\/produit\\\/stress-depression-et-troubles-du-comportement\\\/#breadcrumb\",\"itemListElement\":[{\"@type\":\"ListItem\",\"position\":1,\"name\":\"Accueil\",\"item\":\"https:\\\/\\\/www.phyt-inov.com\\\/fr\\\/\"},{\"@type\":\"ListItem\",\"position\":2,\"name\":\"Boutique\",\"item\":\"https:\\\/\\\/www.phyt-inov.com\\\/fr\\\/boutique\\\/\"},{\"@type\":\"ListItem\",\"position\":3,\"name\":\"Stress, d\u00e9pression et troubles du comportement\"}]},{\"@type\":\"WebSite\",\"@id\":\"https:\\\/\\\/www.phyt-inov.com\\\/fr\\\/#website\",\"url\":\"https:\\\/\\\/www.phyt-inov.com\\\/fr\\\/\",\"name\":\"Phyt-Inov International\",\"description\":\"L&#039;efficacit\u00e9 naturelle pour vos soins quotidiens\",\"publisher\":{\"@id\":\"https:\\\/\\\/www.phyt-inov.com\\\/fr\\\/#organization\"},\"alternateName\":\"phyt-inov\",\"potentialAction\":[{\"@type\":\"SearchAction\",\"target\":{\"@type\":\"EntryPoint\",\"urlTemplate\":\"https:\\\/\\\/www.phyt-inov.com\\\/fr\\\/?s={search_term_string}\"},\"query-input\":{\"@type\":\"PropertyValueSpecification\",\"valueRequired\":true,\"valueName\":\"search_term_string\"}}],\"inLanguage\":\"fr-FR\"},{\"@type\":\"Organization\",\"@id\":\"https:\\\/\\\/www.phyt-inov.com\\\/fr\\\/#organization\",\"name\":\"Phyt-Inov\",\"alternateName\":\"Phyt-Inov\",\"url\":\"https:\\\/\\\/www.phyt-inov.com\\\/fr\\\/\",\"logo\":{\"@type\":\"ImageObject\",\"inLanguage\":\"fr-FR\",\"@id\":\"https:\\\/\\\/www.phyt-inov.com\\\/fr\\\/#\\\/schema\\\/logo\\\/image\\\/\",\"url\":\"https:\\\/\\\/www.phyt-inov.com\\\/wp-content\\\/uploads\\\/2025\\\/09\\\/Logo-site-phyt-inov4_Plan-de-travail-1-2048x760-1.png\",\"contentUrl\":\"https:\\\/\\\/www.phyt-inov.com\\\/wp-content\\\/uploads\\\/2025\\\/09\\\/Logo-site-phyt-inov4_Plan-de-travail-1-2048x760-1.png\",\"width\":2048,\"height\":760,\"caption\":\"Phyt-Inov\"},\"image\":{\"@id\":\"https:\\\/\\\/www.phyt-inov.com\\\/fr\\\/#\\\/schema\\\/logo\\\/image\\\/\"},\"sameAs\":[\"https:\\\/\\\/www.facebook.com\\\/phytinov\\\/\",\"https:\\\/\\\/www.youtube.com\\\/channel\\\/UCE05sYsSXuuKbLqs4Au3e4Q\",\"https:\\\/\\\/www.instagram.com\\\/phytinov\\\/\"]}]}<\/script>\n<!-- \/ Yoast SEO plugin. -->","yoast_head_json":{"title":"Stress, d\u00e9pression et troubles du comportement - Phyt-Inov","description":"Phyt-Inov - Stress, d\u00e9pression et troubles du comportement","robots":{"index":"index","follow":"follow","max-snippet":"max-snippet:-1","max-image-preview":"max-image-preview:large","max-video-preview":"max-video-preview:-1"},"canonical":"https:\/\/www.phyt-inov.com\/fr\/produit\/stress-depression-et-troubles-du-comportement\/","og_locale":"fr_FR","og_type":"article","og_title":"Stress, d\u00e9pression et troubles du comportement - Phyt-Inov","og_description":"Phyt-Inov - Stress, d\u00e9pression et troubles du comportement","og_url":"https:\/\/www.phyt-inov.com\/fr\/produit\/stress-depression-et-troubles-du-comportement\/","og_site_name":"Phyt-Inov","article_publisher":"https:\/\/www.facebook.com\/phytinov\/","article_modified_time":"2026-03-23T08:03:00+00:00","og_image":[{"width":250,"height":377,"url":"https:\/\/www.phyt-inov.com\/wp-content\/uploads\/2025\/09\/Stress-depression-et-troubles-du-comportement-2.jpg","type":"image\/jpeg"}],"twitter_card":"summary_large_image","twitter_misc":{"Dur\u00e9e de lecture estim\u00e9e":"1 minute"},"schema":{"@context":"https:\/\/schema.org","@graph":[{"@type":"WebPage","@id":"https:\/\/www.phyt-inov.com\/fr\/produit\/stress-depression-et-troubles-du-comportement\/","url":"https:\/\/www.phyt-inov.com\/fr\/produit\/stress-depression-et-troubles-du-comportement\/","name":"Stress, d\u00e9pression et troubles du comportement - Phyt-Inov","isPartOf":{"@id":"https:\/\/www.phyt-inov.com\/fr\/#website"},"primaryImageOfPage":{"@id":"https:\/\/www.phyt-inov.com\/fr\/produit\/stress-depression-et-troubles-du-comportement\/#primaryimage"},"image":{"@id":"https:\/\/www.phyt-inov.com\/fr\/produit\/stress-depression-et-troubles-du-comportement\/#primaryimage"},"thumbnailUrl":"https:\/\/www.phyt-inov.com\/wp-content\/uploads\/2025\/09\/Stress-depression-et-troubles-du-comportement-2.jpg","datePublished":"2020-02-28T16:30:03+00:00","dateModified":"2026-03-23T08:03:00+00:00","description":"Phyt-Inov - Stress, d\u00e9pression et troubles du comportement","breadcrumb":{"@id":"https:\/\/www.phyt-inov.com\/fr\/produit\/stress-depression-et-troubles-du-comportement\/#breadcrumb"},"inLanguage":"fr-FR","potentialAction":[{"@type":"ReadAction","target":["https:\/\/www.phyt-inov.com\/fr\/produit\/stress-depression-et-troubles-du-comportement\/"]}]},{"@type":"ImageObject","inLanguage":"fr-FR","@id":"https:\/\/www.phyt-inov.com\/fr\/produit\/stress-depression-et-troubles-du-comportement\/#primaryimage","url":"https:\/\/www.phyt-inov.com\/wp-content\/uploads\/2025\/09\/Stress-depression-et-troubles-du-comportement-2.jpg","contentUrl":"https:\/\/www.phyt-inov.com\/wp-content\/uploads\/2025\/09\/Stress-depression-et-troubles-du-comportement-2.jpg","width":250,"height":377,"caption":"dr willem stress d\u00e9pression et troubles du comportement"},{"@type":"BreadcrumbList","@id":"https:\/\/www.phyt-inov.com\/fr\/produit\/stress-depression-et-troubles-du-comportement\/#breadcrumb","itemListElement":[{"@type":"ListItem","position":1,"name":"Accueil","item":"https:\/\/www.phyt-inov.com\/fr\/"},{"@type":"ListItem","position":2,"name":"Boutique","item":"https:\/\/www.phyt-inov.com\/fr\/boutique\/"},{"@type":"ListItem","position":3,"name":"Stress, d\u00e9pression et troubles du comportement"}]},{"@type":"WebSite","@id":"https:\/\/www.phyt-inov.com\/fr\/#website","url":"https:\/\/www.phyt-inov.com\/fr\/","name":"Phyt-Inov International","description":"L&#039;efficacit\u00e9 naturelle pour vos soins quotidiens","publisher":{"@id":"https:\/\/www.phyt-inov.com\/fr\/#organization"},"alternateName":"phyt-inov","potentialAction":[{"@type":"SearchAction","target":{"@type":"EntryPoint","urlTemplate":"https:\/\/www.phyt-inov.com\/fr\/?s={search_term_string}"},"query-input":{"@type":"PropertyValueSpecification","valueRequired":true,"valueName":"search_term_string"}}],"inLanguage":"fr-FR"},{"@type":"Organization","@id":"https:\/\/www.phyt-inov.com\/fr\/#organization","name":"Phyt-Inov","alternateName":"Phyt-Inov","url":"https:\/\/www.phyt-inov.com\/fr\/","logo":{"@type":"ImageObject","inLanguage":"fr-FR","@id":"https:\/\/www.phyt-inov.com\/fr\/#\/schema\/logo\/image\/","url":"https:\/\/www.phyt-inov.com\/wp-content\/uploads\/2025\/09\/Logo-site-phyt-inov4_Plan-de-travail-1-2048x760-1.png","contentUrl":"https:\/\/www.phyt-inov.com\/wp-content\/uploads\/2025\/09\/Logo-site-phyt-inov4_Plan-de-travail-1-2048x760-1.png","width":2048,"height":760,"caption":"Phyt-Inov"},"image":{"@id":"https:\/\/www.phyt-inov.com\/fr\/#\/schema\/logo\/image\/"},"sameAs":["https:\/\/www.facebook.com\/phytinov\/","https:\/\/www.youtube.com\/channel\/UCE05sYsSXuuKbLqs4Au3e4Q","https:\/\/www.instagram.com\/phytinov\/"]}]}},"jetpack_sharing_enabled":true,"_links":{"self":[{"href":"https:\/\/www.phyt-inov.com\/fr\/wp-json\/wp\/v2\/product\/40481","targetHints":{"allow":["GET"]}}],"collection":[{"href":"https:\/\/www.phyt-inov.com\/fr\/wp-json\/wp\/v2\/product"}],"about":[{"href":"https:\/\/www.phyt-inov.com\/fr\/wp-json\/wp\/v2\/types\/product"}],"replies":[{"embeddable":true,"href":"https:\/\/www.phyt-inov.com\/fr\/wp-json\/wp\/v2\/comments?post=40481"}],"wp:featuredmedia":[{"embeddable":true,"href":"https:\/\/www.phyt-inov.com\/fr\/wp-json\/wp\/v2\/media\/40482"}],"wp:attachment":[{"href":"https:\/\/www.phyt-inov.com\/fr\/wp-json\/wp\/v2\/media?parent=40481"}],"wp:term":[{"taxonomy":"product_brand","embeddable":true,"href":"https:\/\/www.phyt-inov.com\/fr\/wp-json\/wp\/v2\/product_brand?post=40481"},{"taxonomy":"product_cat","embeddable":true,"href":"https:\/\/www.phyt-inov.com\/fr\/wp-json\/wp\/v2\/product_cat?post=40481"},{"taxonomy":"product_tag","embeddable":true,"href":"https:\/\/www.phyt-inov.com\/fr\/wp-json\/wp\/v2\/product_tag?post=40481"}],"curies":[{"name":"wp","href":"https:\/\/api.w.org\/{rel}","templated":true}]}}