{"id":370,"date":"2019-04-04T17:38:45","date_gmt":"2019-04-04T17:38:45","guid":{"rendered":"https:\/\/www.phyt-inov.com\/?post_type=product&#038;p=370"},"modified":"2026-04-07T15:12:22","modified_gmt":"2026-04-07T15:12:22","slug":"lot-de-6-shampooings-gel-douche","status":"publish","type":"product","link":"https:\/\/www.phyt-inov.com\/fr\/produit\/lot-de-6-shampooings-gel-douche\/","title":{"rendered":"Shampoing Gel Douche"},"content":{"rendered":"<p><b>Shampooing Gel Douche \u00e0 la S\u00e8ve de Bouleau bio<\/b><br \/>\n300 ml<\/p>\n<p>Tr\u00e8s riche en min\u00e9raux, oligo-\u00e9l\u00e9ments, acides amin\u00e9s libres et vitamines, la s\u00e8ve de bouleau biologique non filtr\u00e9e, non pasteuris\u00e9e, vivifi\u00e9e et dynamis\u00e9e par son passage \u00e0 travers les canaux de l\u2019arbre procure ainsi \u00e0 ce shampooing gel douche des propri\u00e9t\u00e9s inhabituelles, exceptionnelles.<br \/>\nLa s\u00e8ve de bouleau d\u00e9livre tous ses composants pour nourrir et fortifier le cheveu tout en alimentant le cuir chevelu.<br \/>\nCe shampooing gel douche convient \u00e9galement aux peaux les plus sensibles. Gr\u00e2ce \u00e0 sa composition naturelle, ce soin respecte le ph de la peau en lui apportant douceur et protection.<br \/>\nIl poss\u00e8de en outre un d\u00e9licat parfum orang\u00e9.<\/p>\n","protected":false},"excerpt":{"rendered":"<p>D\u00e9couvrez notre shampooing gel douche 100% naturel et biologique, de qualit\u00e9 exceptionnelle.<\/p>\n<p>Formul\u00e9 avec des ingr\u00e9dients purs et respectueux de votre peau, il nettoie en douceur tout en pr\u00e9servant l&rsquo;\u00e9quilibre naturel.<\/p>\n<p>Offrez \u00e0 vos cheveux et \u00e0 votre corps un soin authentique et revitalisant.<\/p>\n","protected":false},"featured_media":293,"comment_status":"open","ping_status":"closed","template":"","meta":{"_et_pb_use_builder":"","_et_pb_old_content":"","_et_gb_content_width":""},"product_brand":[100],"product_cat":[94,88,90],"product_tag":[],"class_list":{"0":"post-370","1":"product","2":"type-product","3":"status-publish","4":"has-post-thumbnail","6":"product_brand-phyt-inov","7":"product_cat-hygiene-beaute-peau","8":"product_cat-hygiene-sante","9":"product_cat-promotions","11":"first","12":"instock","13":"shipping-taxable","14":"purchasable","15":"product-type-variable"},"yoast_head":"<!-- This site is optimized with the Yoast SEO plugin v27.4 - https:\/\/yoast.com\/product\/yoast-seo-wordpress\/ -->\n<title>Six pack de Shampooing Gel Douche \u00e0 la s\u00e8ve de bouleau - Phyt-Inov\u00ae officiel - Shampooing Gel Douche biologique pour le soin des cheveux et de la peau, fortifier le cuir chevelu - ph neutre - s\u00e8ve de bouleau - 300 ml naturel, biologique | Phyt-inov.com<\/title>\n<meta name=\"description\" content=\"Phyt-Inov international\u00ae officiel, laboratoire suisse r\u00e9f\u00e9rent en soins et cosm\u00e9tiques naturels et biologiques pour la sant\u00e9 et la beaut\u00e9 de la peau, propose son shampooing Gel Douche biologique, (300 ml, sans conservateur, sans PEG) \u2013 Le shampoing gel douche est un produit naturel\/bio de Phyt Inov pour nettoyer, nourrir et fortifier le cuir chevelu et la peau (shampoing et gel douche naturel et biologique\/ph neutre\/peaux sensibles).\" \/>\n<meta name=\"robots\" content=\"index, follow, max-snippet:-1, max-image-preview:large, max-video-preview:-1\" \/>\n<link rel=\"canonical\" href=\"https:\/\/www.phyt-inov.com\/fr\/produit\/lot-de-6-shampooings-gel-douche\/\" \/>\n<meta property=\"og:locale\" content=\"fr_FR\" \/>\n<meta property=\"og:type\" content=\"article\" \/>\n<meta property=\"og:title\" content=\"Six pack de Shampooing Gel Douche \u00e0 la s\u00e8ve de bouleau - Phyt-Inov\u00ae officiel - Shampooing Gel Douche biologique pour le soin des cheveux et de la peau, fortifier le cuir chevelu - ph neutre - s\u00e8ve de bouleau - 300 ml naturel, biologique | Phyt-inov.com\" \/>\n<meta property=\"og:description\" content=\"Phyt-Inov international\u00ae officiel, laboratoire suisse r\u00e9f\u00e9rent en soins et cosm\u00e9tiques naturels et biologiques pour la sant\u00e9 et la beaut\u00e9 de la peau, propose son shampooing Gel Douche biologique, (300 ml, sans conservateur, sans PEG) \u2013 Le shampoing gel douche est un produit naturel\/bio de Phyt Inov pour nettoyer, nourrir et fortifier le cuir chevelu et la peau (shampoing et gel douche naturel et biologique\/ph neutre\/peaux sensibles).\" \/>\n<meta property=\"og:url\" content=\"https:\/\/www.phyt-inov.com\/fr\/produit\/lot-de-6-shampooings-gel-douche\/\" \/>\n<meta property=\"og:site_name\" content=\"Phyt-Inov\" \/>\n<meta property=\"article:publisher\" content=\"https:\/\/www.facebook.com\/phytinov\/\" \/>\n<meta property=\"article:modified_time\" content=\"2026-04-07T15:12:22+00:00\" \/>\n<meta property=\"og:image\" content=\"https:\/\/www.phyt-inov.com\/wp-content\/uploads\/2025\/09\/Shampooing-pour-site-Phyt-Inov-2.jpg\" \/>\n\t<meta property=\"og:image:width\" content=\"609\" \/>\n\t<meta property=\"og:image:height\" content=\"794\" \/>\n\t<meta property=\"og:image:type\" content=\"image\/jpeg\" \/>\n<meta name=\"twitter:card\" content=\"summary_large_image\" \/>\n<meta name=\"twitter:label1\" content=\"Dur\u00e9e de lecture estim\u00e9e\" \/>\n\t<meta name=\"twitter:data1\" content=\"1 minute\" \/>\n<script type=\"application\/ld+json\" class=\"yoast-schema-graph\">{\"@context\":\"https:\\\/\\\/schema.org\",\"@graph\":[{\"@type\":\"WebPage\",\"@id\":\"https:\\\/\\\/www.phyt-inov.com\\\/fr\\\/produit\\\/lot-de-6-shampooings-gel-douche\\\/\",\"url\":\"https:\\\/\\\/www.phyt-inov.com\\\/fr\\\/produit\\\/lot-de-6-shampooings-gel-douche\\\/\",\"name\":\"Six pack de Shampooing Gel Douche \u00e0 la s\u00e8ve de bouleau - Phyt-Inov\u00ae officiel - Shampooing Gel Douche biologique pour le soin des cheveux et de la peau, fortifier le cuir chevelu - ph neutre - s\u00e8ve de bouleau - 300 ml naturel, biologique | Phyt-inov.com\",\"isPartOf\":{\"@id\":\"https:\\\/\\\/www.phyt-inov.com\\\/fr\\\/#website\"},\"primaryImageOfPage\":{\"@id\":\"https:\\\/\\\/www.phyt-inov.com\\\/fr\\\/produit\\\/lot-de-6-shampooings-gel-douche\\\/#primaryimage\"},\"image\":{\"@id\":\"https:\\\/\\\/www.phyt-inov.com\\\/fr\\\/produit\\\/lot-de-6-shampooings-gel-douche\\\/#primaryimage\"},\"thumbnailUrl\":\"https:\\\/\\\/www.phyt-inov.com\\\/wp-content\\\/uploads\\\/2025\\\/09\\\/Shampooing-pour-site-Phyt-Inov-2.jpg\",\"datePublished\":\"2019-04-04T17:38:45+00:00\",\"dateModified\":\"2026-04-07T15:12:22+00:00\",\"description\":\"Phyt-Inov international\u00ae officiel, laboratoire suisse r\u00e9f\u00e9rent en soins et cosm\u00e9tiques naturels et biologiques pour la sant\u00e9 et la beaut\u00e9 de la peau, propose son shampooing Gel Douche biologique, (300 ml, sans conservateur, sans PEG) \u2013 Le shampoing gel douche est un produit naturel\\\/bio de Phyt Inov pour nettoyer, nourrir et fortifier le cuir chevelu et la peau (shampoing et gel douche naturel et biologique\\\/ph neutre\\\/peaux sensibles).\",\"breadcrumb\":{\"@id\":\"https:\\\/\\\/www.phyt-inov.com\\\/fr\\\/produit\\\/lot-de-6-shampooings-gel-douche\\\/#breadcrumb\"},\"inLanguage\":\"fr-FR\",\"potentialAction\":[{\"@type\":\"ReadAction\",\"target\":[\"https:\\\/\\\/www.phyt-inov.com\\\/fr\\\/produit\\\/lot-de-6-shampooings-gel-douche\\\/\"]}]},{\"@type\":\"ImageObject\",\"inLanguage\":\"fr-FR\",\"@id\":\"https:\\\/\\\/www.phyt-inov.com\\\/fr\\\/produit\\\/lot-de-6-shampooings-gel-douche\\\/#primaryimage\",\"url\":\"https:\\\/\\\/www.phyt-inov.com\\\/wp-content\\\/uploads\\\/2025\\\/09\\\/Shampooing-pour-site-Phyt-Inov-2.jpg\",\"contentUrl\":\"https:\\\/\\\/www.phyt-inov.com\\\/wp-content\\\/uploads\\\/2025\\\/09\\\/Shampooing-pour-site-Phyt-Inov-2.jpg\",\"width\":609,\"height\":794,\"caption\":\"phyt-inov produit shampooing\"},{\"@type\":\"BreadcrumbList\",\"@id\":\"https:\\\/\\\/www.phyt-inov.com\\\/fr\\\/produit\\\/lot-de-6-shampooings-gel-douche\\\/#breadcrumb\",\"itemListElement\":[{\"@type\":\"ListItem\",\"position\":1,\"name\":\"Accueil\",\"item\":\"https:\\\/\\\/www.phyt-inov.com\\\/fr\\\/\"},{\"@type\":\"ListItem\",\"position\":2,\"name\":\"Boutique\",\"item\":\"https:\\\/\\\/www.phyt-inov.com\\\/fr\\\/boutique\\\/\"},{\"@type\":\"ListItem\",\"position\":3,\"name\":\"Shampoing Gel Douche\"}]},{\"@type\":\"WebSite\",\"@id\":\"https:\\\/\\\/www.phyt-inov.com\\\/fr\\\/#website\",\"url\":\"https:\\\/\\\/www.phyt-inov.com\\\/fr\\\/\",\"name\":\"Phyt-Inov International\",\"description\":\"L&#039;efficacit\u00e9 naturelle pour vos soins quotidiens\",\"publisher\":{\"@id\":\"https:\\\/\\\/www.phyt-inov.com\\\/fr\\\/#organization\"},\"alternateName\":\"phyt-inov\",\"potentialAction\":[{\"@type\":\"SearchAction\",\"target\":{\"@type\":\"EntryPoint\",\"urlTemplate\":\"https:\\\/\\\/www.phyt-inov.com\\\/fr\\\/?s={search_term_string}\"},\"query-input\":{\"@type\":\"PropertyValueSpecification\",\"valueRequired\":true,\"valueName\":\"search_term_string\"}}],\"inLanguage\":\"fr-FR\"},{\"@type\":\"Organization\",\"@id\":\"https:\\\/\\\/www.phyt-inov.com\\\/fr\\\/#organization\",\"name\":\"Phyt-Inov\",\"alternateName\":\"Phyt-Inov\",\"url\":\"https:\\\/\\\/www.phyt-inov.com\\\/fr\\\/\",\"logo\":{\"@type\":\"ImageObject\",\"inLanguage\":\"fr-FR\",\"@id\":\"https:\\\/\\\/www.phyt-inov.com\\\/fr\\\/#\\\/schema\\\/logo\\\/image\\\/\",\"url\":\"https:\\\/\\\/www.phyt-inov.com\\\/wp-content\\\/uploads\\\/2025\\\/09\\\/Logo-site-phyt-inov4_Plan-de-travail-1-2048x760-1.png\",\"contentUrl\":\"https:\\\/\\\/www.phyt-inov.com\\\/wp-content\\\/uploads\\\/2025\\\/09\\\/Logo-site-phyt-inov4_Plan-de-travail-1-2048x760-1.png\",\"width\":2048,\"height\":760,\"caption\":\"Phyt-Inov\"},\"image\":{\"@id\":\"https:\\\/\\\/www.phyt-inov.com\\\/fr\\\/#\\\/schema\\\/logo\\\/image\\\/\"},\"sameAs\":[\"https:\\\/\\\/www.facebook.com\\\/phytinov\\\/\",\"https:\\\/\\\/www.youtube.com\\\/channel\\\/UCE05sYsSXuuKbLqs4Au3e4Q\",\"https:\\\/\\\/www.instagram.com\\\/phytinov\\\/\"]}]}<\/script>\n<!-- \/ Yoast SEO plugin. -->","yoast_head_json":{"title":"Six pack de Shampooing Gel Douche \u00e0 la s\u00e8ve de bouleau - Phyt-Inov\u00ae officiel - Shampooing Gel Douche biologique pour le soin des cheveux et de la peau, fortifier le cuir chevelu - ph neutre - s\u00e8ve de bouleau - 300 ml naturel, biologique | Phyt-inov.com","description":"Phyt-Inov international\u00ae officiel, laboratoire suisse r\u00e9f\u00e9rent en soins et cosm\u00e9tiques naturels et biologiques pour la sant\u00e9 et la beaut\u00e9 de la peau, propose son shampooing Gel Douche biologique, (300 ml, sans conservateur, sans PEG) \u2013 Le shampoing gel douche est un produit naturel\/bio de Phyt Inov pour nettoyer, nourrir et fortifier le cuir chevelu et la peau (shampoing et gel douche naturel et biologique\/ph neutre\/peaux sensibles).","robots":{"index":"index","follow":"follow","max-snippet":"max-snippet:-1","max-image-preview":"max-image-preview:large","max-video-preview":"max-video-preview:-1"},"canonical":"https:\/\/www.phyt-inov.com\/fr\/produit\/lot-de-6-shampooings-gel-douche\/","og_locale":"fr_FR","og_type":"article","og_title":"Six pack de Shampooing Gel Douche \u00e0 la s\u00e8ve de bouleau - Phyt-Inov\u00ae officiel - Shampooing Gel Douche biologique pour le soin des cheveux et de la peau, fortifier le cuir chevelu - ph neutre - s\u00e8ve de bouleau - 300 ml naturel, biologique | Phyt-inov.com","og_description":"Phyt-Inov international\u00ae officiel, laboratoire suisse r\u00e9f\u00e9rent en soins et cosm\u00e9tiques naturels et biologiques pour la sant\u00e9 et la beaut\u00e9 de la peau, propose son shampooing Gel Douche biologique, (300 ml, sans conservateur, sans PEG) \u2013 Le shampoing gel douche est un produit naturel\/bio de Phyt Inov pour nettoyer, nourrir et fortifier le cuir chevelu et la peau (shampoing et gel douche naturel et biologique\/ph neutre\/peaux sensibles).","og_url":"https:\/\/www.phyt-inov.com\/fr\/produit\/lot-de-6-shampooings-gel-douche\/","og_site_name":"Phyt-Inov","article_publisher":"https:\/\/www.facebook.com\/phytinov\/","article_modified_time":"2026-04-07T15:12:22+00:00","og_image":[{"width":609,"height":794,"url":"https:\/\/www.phyt-inov.com\/wp-content\/uploads\/2025\/09\/Shampooing-pour-site-Phyt-Inov-2.jpg","type":"image\/jpeg"}],"twitter_card":"summary_large_image","twitter_misc":{"Dur\u00e9e de lecture estim\u00e9e":"1 minute"},"schema":{"@context":"https:\/\/schema.org","@graph":[{"@type":"WebPage","@id":"https:\/\/www.phyt-inov.com\/fr\/produit\/lot-de-6-shampooings-gel-douche\/","url":"https:\/\/www.phyt-inov.com\/fr\/produit\/lot-de-6-shampooings-gel-douche\/","name":"Six pack de Shampooing Gel Douche \u00e0 la s\u00e8ve de bouleau - Phyt-Inov\u00ae officiel - Shampooing Gel Douche biologique pour le soin des cheveux et de la peau, fortifier le cuir chevelu - ph neutre - s\u00e8ve de bouleau - 300 ml naturel, biologique | Phyt-inov.com","isPartOf":{"@id":"https:\/\/www.phyt-inov.com\/fr\/#website"},"primaryImageOfPage":{"@id":"https:\/\/www.phyt-inov.com\/fr\/produit\/lot-de-6-shampooings-gel-douche\/#primaryimage"},"image":{"@id":"https:\/\/www.phyt-inov.com\/fr\/produit\/lot-de-6-shampooings-gel-douche\/#primaryimage"},"thumbnailUrl":"https:\/\/www.phyt-inov.com\/wp-content\/uploads\/2025\/09\/Shampooing-pour-site-Phyt-Inov-2.jpg","datePublished":"2019-04-04T17:38:45+00:00","dateModified":"2026-04-07T15:12:22+00:00","description":"Phyt-Inov international\u00ae officiel, laboratoire suisse r\u00e9f\u00e9rent en soins et cosm\u00e9tiques naturels et biologiques pour la sant\u00e9 et la beaut\u00e9 de la peau, propose son shampooing Gel Douche biologique, (300 ml, sans conservateur, sans PEG) \u2013 Le shampoing gel douche est un produit naturel\/bio de Phyt Inov pour nettoyer, nourrir et fortifier le cuir chevelu et la peau (shampoing et gel douche naturel et biologique\/ph neutre\/peaux sensibles).","breadcrumb":{"@id":"https:\/\/www.phyt-inov.com\/fr\/produit\/lot-de-6-shampooings-gel-douche\/#breadcrumb"},"inLanguage":"fr-FR","potentialAction":[{"@type":"ReadAction","target":["https:\/\/www.phyt-inov.com\/fr\/produit\/lot-de-6-shampooings-gel-douche\/"]}]},{"@type":"ImageObject","inLanguage":"fr-FR","@id":"https:\/\/www.phyt-inov.com\/fr\/produit\/lot-de-6-shampooings-gel-douche\/#primaryimage","url":"https:\/\/www.phyt-inov.com\/wp-content\/uploads\/2025\/09\/Shampooing-pour-site-Phyt-Inov-2.jpg","contentUrl":"https:\/\/www.phyt-inov.com\/wp-content\/uploads\/2025\/09\/Shampooing-pour-site-Phyt-Inov-2.jpg","width":609,"height":794,"caption":"phyt-inov produit shampooing"},{"@type":"BreadcrumbList","@id":"https:\/\/www.phyt-inov.com\/fr\/produit\/lot-de-6-shampooings-gel-douche\/#breadcrumb","itemListElement":[{"@type":"ListItem","position":1,"name":"Accueil","item":"https:\/\/www.phyt-inov.com\/fr\/"},{"@type":"ListItem","position":2,"name":"Boutique","item":"https:\/\/www.phyt-inov.com\/fr\/boutique\/"},{"@type":"ListItem","position":3,"name":"Shampoing Gel Douche"}]},{"@type":"WebSite","@id":"https:\/\/www.phyt-inov.com\/fr\/#website","url":"https:\/\/www.phyt-inov.com\/fr\/","name":"Phyt-Inov International","description":"L&#039;efficacit\u00e9 naturelle pour vos soins quotidiens","publisher":{"@id":"https:\/\/www.phyt-inov.com\/fr\/#organization"},"alternateName":"phyt-inov","potentialAction":[{"@type":"SearchAction","target":{"@type":"EntryPoint","urlTemplate":"https:\/\/www.phyt-inov.com\/fr\/?s={search_term_string}"},"query-input":{"@type":"PropertyValueSpecification","valueRequired":true,"valueName":"search_term_string"}}],"inLanguage":"fr-FR"},{"@type":"Organization","@id":"https:\/\/www.phyt-inov.com\/fr\/#organization","name":"Phyt-Inov","alternateName":"Phyt-Inov","url":"https:\/\/www.phyt-inov.com\/fr\/","logo":{"@type":"ImageObject","inLanguage":"fr-FR","@id":"https:\/\/www.phyt-inov.com\/fr\/#\/schema\/logo\/image\/","url":"https:\/\/www.phyt-inov.com\/wp-content\/uploads\/2025\/09\/Logo-site-phyt-inov4_Plan-de-travail-1-2048x760-1.png","contentUrl":"https:\/\/www.phyt-inov.com\/wp-content\/uploads\/2025\/09\/Logo-site-phyt-inov4_Plan-de-travail-1-2048x760-1.png","width":2048,"height":760,"caption":"Phyt-Inov"},"image":{"@id":"https:\/\/www.phyt-inov.com\/fr\/#\/schema\/logo\/image\/"},"sameAs":["https:\/\/www.facebook.com\/phytinov\/","https:\/\/www.youtube.com\/channel\/UCE05sYsSXuuKbLqs4Au3e4Q","https:\/\/www.instagram.com\/phytinov\/"]}]}},"jetpack_sharing_enabled":true,"_links":{"self":[{"href":"https:\/\/www.phyt-inov.com\/fr\/wp-json\/wp\/v2\/product\/370","targetHints":{"allow":["GET"]}}],"collection":[{"href":"https:\/\/www.phyt-inov.com\/fr\/wp-json\/wp\/v2\/product"}],"about":[{"href":"https:\/\/www.phyt-inov.com\/fr\/wp-json\/wp\/v2\/types\/product"}],"replies":[{"embeddable":true,"href":"https:\/\/www.phyt-inov.com\/fr\/wp-json\/wp\/v2\/comments?post=370"}],"wp:featuredmedia":[{"embeddable":true,"href":"https:\/\/www.phyt-inov.com\/fr\/wp-json\/wp\/v2\/media\/293"}],"wp:attachment":[{"href":"https:\/\/www.phyt-inov.com\/fr\/wp-json\/wp\/v2\/media?parent=370"}],"wp:term":[{"taxonomy":"product_brand","embeddable":true,"href":"https:\/\/www.phyt-inov.com\/fr\/wp-json\/wp\/v2\/product_brand?post=370"},{"taxonomy":"product_cat","embeddable":true,"href":"https:\/\/www.phyt-inov.com\/fr\/wp-json\/wp\/v2\/product_cat?post=370"},{"taxonomy":"product_tag","embeddable":true,"href":"https:\/\/www.phyt-inov.com\/fr\/wp-json\/wp\/v2\/product_tag?post=370"}],"curies":[{"name":"wp","href":"https:\/\/api.w.org\/{rel}","templated":true}]}}