{"id":360,"date":"2019-04-04T17:38:41","date_gmt":"2019-04-04T17:38:41","guid":{"rendered":"https:\/\/www.phyt-inov.com\/?post_type=product&#038;p=360"},"modified":"2026-03-23T14:54:16","modified_gmt":"2026-03-23T14:54:16","slug":"les-degats-des-metaux-lourds","status":"publish","type":"product","link":"https:\/\/www.phyt-inov.com\/fr\/produit\/les-degats-des-metaux-lourds\/","title":{"rendered":"Les d\u00e9g\u00e2ts des m\u00e9taux lourds"},"content":{"rendered":"<p>Auteur : Dr. Jean-Pierre WILLEM<\/p>\n<p>Nombre de pages : 290 pages<br \/>\nFormat : 22,20 x 15,40 x 2,40 cm<br \/>\nPoids : 0.418 kg<\/p>\n<p>Parution : Edition 2024 (1er parution en septembre 2014)<\/p>\n<p>Editeur : Tr\u00e9daniel la Maisnie<\/p>\n","protected":false},"excerpt":{"rendered":"<p>Les m\u00e9taux lourds sont naturellement pr\u00e9sents \u00e0 de faibles doses dans la nature et dans les organismes vivants. Mais, d\u00e9pass\u00e9 un certain seuil, ils deviennent d\u2019autant plus dangereux qu\u2019une fois dans l\u2019organisme, ils s\u2019\u00e9liminent tr\u00e8s difficilement. Mercure, aluminium, plomb ; airs et eaux pollu\u00e9s, certaines substances contraceptives, cosm\u00e9tiques et shampoings ; amalgames et alliages dentaires ; insecticides ; produits industriels, poissons de rivi\u00e8re et de mer vivant dans une eau contamin\u00e9e, v\u00e9g\u00e9taux ; animaux de boucherie\u2026<br \/>\nLeur toxicit\u00e9 constante augmente pour l\u2019organisme ne cesse de s\u2019aggraver : des simples allergies jusqu\u2019\u00e0 des maladies s\u00e9v\u00e8res du syst\u00e8me cardiovasculaire ou, ing\u00e9r\u00e9s \u00e0 fortes doses, des modifications neurologiques, voire chez les personnes sensibles, une diminution des performances intellectuelles et du d\u00e9veloppement physique.<\/p>\n<p>\u2022 Une pr\u00e9sentation tr\u00e8s compl\u00e8te de tous les m\u00e9taux lourds qui menacent notre sant\u00e9.<\/p>\n<p>\u2022 Les diff\u00e9rentes solutions naturelles pour \u00e0 la fois se prot\u00e9ger et se d\u00e9sintoxiquer des min\u00e9raux et des m\u00e9taux nuisibles \u00e0 l\u2019organisme.<\/p>\n","protected":false},"featured_media":361,"comment_status":"open","ping_status":"closed","template":"","meta":{"_et_pb_use_builder":"","_et_pb_old_content":"","_et_gb_content_width":""},"product_brand":[],"product_cat":[89,97],"product_tag":[],"class_list":{"0":"post-360","1":"product","2":"type-product","3":"status-publish","4":"has-post-thumbnail","6":"product_cat-livres","7":"product_cat-livres-jpwillem","9":"first","10":"instock","11":"shipping-taxable","12":"purchasable","13":"product-type-simple"},"yoast_head":"<!-- This site is optimized with the Yoast SEO plugin v27.3 - https:\/\/yoast.com\/product\/yoast-seo-wordpress\/ -->\n<title>Les d\u00e9g\u00e2ts des m\u00e9taux lourds - Les diff\u00e9rentes solutions naturelles pour se prot\u00e9ger et se d\u00e9sintoxiquer des min\u00e9raux et des m\u00e9taux nuisibles \u00e0 l\u2019organisme. - livre du Docteur Jean-Pierre Willem | Phyt-inov.com<\/title>\n<meta name=\"description\" content=\"Phyt-Inov international\u00ae officiel, laboratoire suisse proposent les livres du Docteur Jean-Pierre Willem sur les d\u00e9g\u00e2ts des m\u00e9taux lourds\" \/>\n<meta name=\"robots\" content=\"index, follow, max-snippet:-1, max-image-preview:large, max-video-preview:-1\" \/>\n<link rel=\"canonical\" href=\"https:\/\/www.phyt-inov.com\/fr\/produit\/les-degats-des-metaux-lourds\/\" \/>\n<meta property=\"og:locale\" content=\"fr_FR\" \/>\n<meta property=\"og:type\" content=\"article\" \/>\n<meta property=\"og:title\" content=\"Les d\u00e9g\u00e2ts des m\u00e9taux lourds - Les diff\u00e9rentes solutions naturelles pour se prot\u00e9ger et se d\u00e9sintoxiquer des min\u00e9raux et des m\u00e9taux nuisibles \u00e0 l\u2019organisme. - livre du Docteur Jean-Pierre Willem | Phyt-inov.com\" \/>\n<meta property=\"og:description\" content=\"Phyt-Inov international\u00ae officiel, laboratoire suisse proposent les livres du Docteur Jean-Pierre Willem sur les d\u00e9g\u00e2ts des m\u00e9taux lourds\" \/>\n<meta property=\"og:url\" content=\"https:\/\/www.phyt-inov.com\/fr\/produit\/les-degats-des-metaux-lourds\/\" \/>\n<meta property=\"og:site_name\" content=\"Phyt-Inov\" \/>\n<meta property=\"article:publisher\" content=\"https:\/\/www.facebook.com\/phytinov\/\" \/>\n<meta property=\"article:modified_time\" content=\"2026-03-23T14:54:16+00:00\" \/>\n<meta property=\"og:image\" content=\"https:\/\/www.phyt-inov.com\/wp-content\/uploads\/2025\/09\/Les-degats-des-metaux-lourds-Prevention-et-detoxication-naturelle-biais.jpeg\" \/>\n\t<meta property=\"og:image:width\" content=\"400\" \/>\n\t<meta property=\"og:image:height\" content=\"586\" \/>\n\t<meta property=\"og:image:type\" content=\"image\/jpeg\" \/>\n<meta name=\"twitter:card\" content=\"summary_large_image\" \/>\n<meta name=\"twitter:label1\" content=\"Dur\u00e9e de lecture estim\u00e9e\" \/>\n\t<meta name=\"twitter:data1\" content=\"1 minute\" \/>\n<script type=\"application\/ld+json\" class=\"yoast-schema-graph\">{\"@context\":\"https:\\\/\\\/schema.org\",\"@graph\":[{\"@type\":\"WebPage\",\"@id\":\"https:\\\/\\\/www.phyt-inov.com\\\/fr\\\/produit\\\/les-degats-des-metaux-lourds\\\/\",\"url\":\"https:\\\/\\\/www.phyt-inov.com\\\/fr\\\/produit\\\/les-degats-des-metaux-lourds\\\/\",\"name\":\"Les d\u00e9g\u00e2ts des m\u00e9taux lourds - Les diff\u00e9rentes solutions naturelles pour se prot\u00e9ger et se d\u00e9sintoxiquer des min\u00e9raux et des m\u00e9taux nuisibles \u00e0 l\u2019organisme. - livre du Docteur Jean-Pierre Willem | Phyt-inov.com\",\"isPartOf\":{\"@id\":\"https:\\\/\\\/www.phyt-inov.com\\\/fr\\\/#website\"},\"primaryImageOfPage\":{\"@id\":\"https:\\\/\\\/www.phyt-inov.com\\\/fr\\\/produit\\\/les-degats-des-metaux-lourds\\\/#primaryimage\"},\"image\":{\"@id\":\"https:\\\/\\\/www.phyt-inov.com\\\/fr\\\/produit\\\/les-degats-des-metaux-lourds\\\/#primaryimage\"},\"thumbnailUrl\":\"https:\\\/\\\/www.phyt-inov.com\\\/wp-content\\\/uploads\\\/2025\\\/09\\\/Les-degats-des-metaux-lourds-Prevention-et-detoxication-naturelle-biais.jpeg\",\"datePublished\":\"2019-04-04T17:38:41+00:00\",\"dateModified\":\"2026-03-23T14:54:16+00:00\",\"description\":\"Phyt-Inov international\u00ae officiel, laboratoire suisse proposent les livres du Docteur Jean-Pierre Willem sur les d\u00e9g\u00e2ts des m\u00e9taux lourds\",\"breadcrumb\":{\"@id\":\"https:\\\/\\\/www.phyt-inov.com\\\/fr\\\/produit\\\/les-degats-des-metaux-lourds\\\/#breadcrumb\"},\"inLanguage\":\"fr-FR\",\"potentialAction\":[{\"@type\":\"ReadAction\",\"target\":[\"https:\\\/\\\/www.phyt-inov.com\\\/fr\\\/produit\\\/les-degats-des-metaux-lourds\\\/\"]}]},{\"@type\":\"ImageObject\",\"inLanguage\":\"fr-FR\",\"@id\":\"https:\\\/\\\/www.phyt-inov.com\\\/fr\\\/produit\\\/les-degats-des-metaux-lourds\\\/#primaryimage\",\"url\":\"https:\\\/\\\/www.phyt-inov.com\\\/wp-content\\\/uploads\\\/2025\\\/09\\\/Les-degats-des-metaux-lourds-Prevention-et-detoxication-naturelle-biais.jpeg\",\"contentUrl\":\"https:\\\/\\\/www.phyt-inov.com\\\/wp-content\\\/uploads\\\/2025\\\/09\\\/Les-degats-des-metaux-lourds-Prevention-et-detoxication-naturelle-biais.jpeg\",\"width\":400,\"height\":586,\"caption\":\"Livre dr willem les d\u00e9g\u00e2ts des m\u00e9taux lourds\"},{\"@type\":\"BreadcrumbList\",\"@id\":\"https:\\\/\\\/www.phyt-inov.com\\\/fr\\\/produit\\\/les-degats-des-metaux-lourds\\\/#breadcrumb\",\"itemListElement\":[{\"@type\":\"ListItem\",\"position\":1,\"name\":\"Accueil\",\"item\":\"https:\\\/\\\/www.phyt-inov.com\\\/fr\\\/\"},{\"@type\":\"ListItem\",\"position\":2,\"name\":\"Boutique\",\"item\":\"https:\\\/\\\/www.phyt-inov.com\\\/fr\\\/boutique\\\/\"},{\"@type\":\"ListItem\",\"position\":3,\"name\":\"Les d\u00e9g\u00e2ts des m\u00e9taux lourds\"}]},{\"@type\":\"WebSite\",\"@id\":\"https:\\\/\\\/www.phyt-inov.com\\\/fr\\\/#website\",\"url\":\"https:\\\/\\\/www.phyt-inov.com\\\/fr\\\/\",\"name\":\"Phyt-Inov International\",\"description\":\"L&#039;efficacit\u00e9 naturelle pour vos soins quotidiens\",\"publisher\":{\"@id\":\"https:\\\/\\\/www.phyt-inov.com\\\/fr\\\/#organization\"},\"alternateName\":\"phyt-inov\",\"potentialAction\":[{\"@type\":\"SearchAction\",\"target\":{\"@type\":\"EntryPoint\",\"urlTemplate\":\"https:\\\/\\\/www.phyt-inov.com\\\/fr\\\/?s={search_term_string}\"},\"query-input\":{\"@type\":\"PropertyValueSpecification\",\"valueRequired\":true,\"valueName\":\"search_term_string\"}}],\"inLanguage\":\"fr-FR\"},{\"@type\":\"Organization\",\"@id\":\"https:\\\/\\\/www.phyt-inov.com\\\/fr\\\/#organization\",\"name\":\"Phyt-Inov\",\"alternateName\":\"Phyt-Inov\",\"url\":\"https:\\\/\\\/www.phyt-inov.com\\\/fr\\\/\",\"logo\":{\"@type\":\"ImageObject\",\"inLanguage\":\"fr-FR\",\"@id\":\"https:\\\/\\\/www.phyt-inov.com\\\/fr\\\/#\\\/schema\\\/logo\\\/image\\\/\",\"url\":\"https:\\\/\\\/www.phyt-inov.com\\\/wp-content\\\/uploads\\\/2025\\\/09\\\/Logo-site-phyt-inov4_Plan-de-travail-1-2048x760-1.png\",\"contentUrl\":\"https:\\\/\\\/www.phyt-inov.com\\\/wp-content\\\/uploads\\\/2025\\\/09\\\/Logo-site-phyt-inov4_Plan-de-travail-1-2048x760-1.png\",\"width\":2048,\"height\":760,\"caption\":\"Phyt-Inov\"},\"image\":{\"@id\":\"https:\\\/\\\/www.phyt-inov.com\\\/fr\\\/#\\\/schema\\\/logo\\\/image\\\/\"},\"sameAs\":[\"https:\\\/\\\/www.facebook.com\\\/phytinov\\\/\",\"https:\\\/\\\/www.youtube.com\\\/channel\\\/UCE05sYsSXuuKbLqs4Au3e4Q\",\"https:\\\/\\\/www.instagram.com\\\/phytinov\\\/\"]}]}<\/script>\n<!-- \/ Yoast SEO plugin. -->","yoast_head_json":{"title":"Les d\u00e9g\u00e2ts des m\u00e9taux lourds - Les diff\u00e9rentes solutions naturelles pour se prot\u00e9ger et se d\u00e9sintoxiquer des min\u00e9raux et des m\u00e9taux nuisibles \u00e0 l\u2019organisme. - livre du Docteur Jean-Pierre Willem | Phyt-inov.com","description":"Phyt-Inov international\u00ae officiel, laboratoire suisse proposent les livres du Docteur Jean-Pierre Willem sur les d\u00e9g\u00e2ts des m\u00e9taux lourds","robots":{"index":"index","follow":"follow","max-snippet":"max-snippet:-1","max-image-preview":"max-image-preview:large","max-video-preview":"max-video-preview:-1"},"canonical":"https:\/\/www.phyt-inov.com\/fr\/produit\/les-degats-des-metaux-lourds\/","og_locale":"fr_FR","og_type":"article","og_title":"Les d\u00e9g\u00e2ts des m\u00e9taux lourds - Les diff\u00e9rentes solutions naturelles pour se prot\u00e9ger et se d\u00e9sintoxiquer des min\u00e9raux et des m\u00e9taux nuisibles \u00e0 l\u2019organisme. - livre du Docteur Jean-Pierre Willem | Phyt-inov.com","og_description":"Phyt-Inov international\u00ae officiel, laboratoire suisse proposent les livres du Docteur Jean-Pierre Willem sur les d\u00e9g\u00e2ts des m\u00e9taux lourds","og_url":"https:\/\/www.phyt-inov.com\/fr\/produit\/les-degats-des-metaux-lourds\/","og_site_name":"Phyt-Inov","article_publisher":"https:\/\/www.facebook.com\/phytinov\/","article_modified_time":"2026-03-23T14:54:16+00:00","og_image":[{"width":400,"height":586,"url":"https:\/\/www.phyt-inov.com\/wp-content\/uploads\/2025\/09\/Les-degats-des-metaux-lourds-Prevention-et-detoxication-naturelle-biais.jpeg","type":"image\/jpeg"}],"twitter_card":"summary_large_image","twitter_misc":{"Dur\u00e9e de lecture estim\u00e9e":"1 minute"},"schema":{"@context":"https:\/\/schema.org","@graph":[{"@type":"WebPage","@id":"https:\/\/www.phyt-inov.com\/fr\/produit\/les-degats-des-metaux-lourds\/","url":"https:\/\/www.phyt-inov.com\/fr\/produit\/les-degats-des-metaux-lourds\/","name":"Les d\u00e9g\u00e2ts des m\u00e9taux lourds - Les diff\u00e9rentes solutions naturelles pour se prot\u00e9ger et se d\u00e9sintoxiquer des min\u00e9raux et des m\u00e9taux nuisibles \u00e0 l\u2019organisme. - livre du Docteur Jean-Pierre Willem | Phyt-inov.com","isPartOf":{"@id":"https:\/\/www.phyt-inov.com\/fr\/#website"},"primaryImageOfPage":{"@id":"https:\/\/www.phyt-inov.com\/fr\/produit\/les-degats-des-metaux-lourds\/#primaryimage"},"image":{"@id":"https:\/\/www.phyt-inov.com\/fr\/produit\/les-degats-des-metaux-lourds\/#primaryimage"},"thumbnailUrl":"https:\/\/www.phyt-inov.com\/wp-content\/uploads\/2025\/09\/Les-degats-des-metaux-lourds-Prevention-et-detoxication-naturelle-biais.jpeg","datePublished":"2019-04-04T17:38:41+00:00","dateModified":"2026-03-23T14:54:16+00:00","description":"Phyt-Inov international\u00ae officiel, laboratoire suisse proposent les livres du Docteur Jean-Pierre Willem sur les d\u00e9g\u00e2ts des m\u00e9taux lourds","breadcrumb":{"@id":"https:\/\/www.phyt-inov.com\/fr\/produit\/les-degats-des-metaux-lourds\/#breadcrumb"},"inLanguage":"fr-FR","potentialAction":[{"@type":"ReadAction","target":["https:\/\/www.phyt-inov.com\/fr\/produit\/les-degats-des-metaux-lourds\/"]}]},{"@type":"ImageObject","inLanguage":"fr-FR","@id":"https:\/\/www.phyt-inov.com\/fr\/produit\/les-degats-des-metaux-lourds\/#primaryimage","url":"https:\/\/www.phyt-inov.com\/wp-content\/uploads\/2025\/09\/Les-degats-des-metaux-lourds-Prevention-et-detoxication-naturelle-biais.jpeg","contentUrl":"https:\/\/www.phyt-inov.com\/wp-content\/uploads\/2025\/09\/Les-degats-des-metaux-lourds-Prevention-et-detoxication-naturelle-biais.jpeg","width":400,"height":586,"caption":"Livre dr willem les d\u00e9g\u00e2ts des m\u00e9taux lourds"},{"@type":"BreadcrumbList","@id":"https:\/\/www.phyt-inov.com\/fr\/produit\/les-degats-des-metaux-lourds\/#breadcrumb","itemListElement":[{"@type":"ListItem","position":1,"name":"Accueil","item":"https:\/\/www.phyt-inov.com\/fr\/"},{"@type":"ListItem","position":2,"name":"Boutique","item":"https:\/\/www.phyt-inov.com\/fr\/boutique\/"},{"@type":"ListItem","position":3,"name":"Les d\u00e9g\u00e2ts des m\u00e9taux lourds"}]},{"@type":"WebSite","@id":"https:\/\/www.phyt-inov.com\/fr\/#website","url":"https:\/\/www.phyt-inov.com\/fr\/","name":"Phyt-Inov International","description":"L&#039;efficacit\u00e9 naturelle pour vos soins quotidiens","publisher":{"@id":"https:\/\/www.phyt-inov.com\/fr\/#organization"},"alternateName":"phyt-inov","potentialAction":[{"@type":"SearchAction","target":{"@type":"EntryPoint","urlTemplate":"https:\/\/www.phyt-inov.com\/fr\/?s={search_term_string}"},"query-input":{"@type":"PropertyValueSpecification","valueRequired":true,"valueName":"search_term_string"}}],"inLanguage":"fr-FR"},{"@type":"Organization","@id":"https:\/\/www.phyt-inov.com\/fr\/#organization","name":"Phyt-Inov","alternateName":"Phyt-Inov","url":"https:\/\/www.phyt-inov.com\/fr\/","logo":{"@type":"ImageObject","inLanguage":"fr-FR","@id":"https:\/\/www.phyt-inov.com\/fr\/#\/schema\/logo\/image\/","url":"https:\/\/www.phyt-inov.com\/wp-content\/uploads\/2025\/09\/Logo-site-phyt-inov4_Plan-de-travail-1-2048x760-1.png","contentUrl":"https:\/\/www.phyt-inov.com\/wp-content\/uploads\/2025\/09\/Logo-site-phyt-inov4_Plan-de-travail-1-2048x760-1.png","width":2048,"height":760,"caption":"Phyt-Inov"},"image":{"@id":"https:\/\/www.phyt-inov.com\/fr\/#\/schema\/logo\/image\/"},"sameAs":["https:\/\/www.facebook.com\/phytinov\/","https:\/\/www.youtube.com\/channel\/UCE05sYsSXuuKbLqs4Au3e4Q","https:\/\/www.instagram.com\/phytinov\/"]}]}},"jetpack_sharing_enabled":true,"_links":{"self":[{"href":"https:\/\/www.phyt-inov.com\/fr\/wp-json\/wp\/v2\/product\/360","targetHints":{"allow":["GET"]}}],"collection":[{"href":"https:\/\/www.phyt-inov.com\/fr\/wp-json\/wp\/v2\/product"}],"about":[{"href":"https:\/\/www.phyt-inov.com\/fr\/wp-json\/wp\/v2\/types\/product"}],"replies":[{"embeddable":true,"href":"https:\/\/www.phyt-inov.com\/fr\/wp-json\/wp\/v2\/comments?post=360"}],"wp:featuredmedia":[{"embeddable":true,"href":"https:\/\/www.phyt-inov.com\/fr\/wp-json\/wp\/v2\/media\/361"}],"wp:attachment":[{"href":"https:\/\/www.phyt-inov.com\/fr\/wp-json\/wp\/v2\/media?parent=360"}],"wp:term":[{"taxonomy":"product_brand","embeddable":true,"href":"https:\/\/www.phyt-inov.com\/fr\/wp-json\/wp\/v2\/product_brand?post=360"},{"taxonomy":"product_cat","embeddable":true,"href":"https:\/\/www.phyt-inov.com\/fr\/wp-json\/wp\/v2\/product_cat?post=360"},{"taxonomy":"product_tag","embeddable":true,"href":"https:\/\/www.phyt-inov.com\/fr\/wp-json\/wp\/v2\/product_tag?post=360"}],"curies":[{"name":"wp","href":"https:\/\/api.w.org\/{rel}","templated":true}]}}