{"id":313,"date":"2019-04-04T17:38:33","date_gmt":"2019-04-04T17:38:33","guid":{"rendered":"https:\/\/www.phyt-inov.com\/?post_type=product&#038;p=313"},"modified":"2026-03-30T09:18:10","modified_gmt":"2026-03-30T09:18:10","slug":"asiarum","status":"publish","type":"product","link":"https:\/\/www.phyt-inov.com\/fr\/produit\/asiarum\/","title":{"rendered":"Asiarum"},"content":{"rendered":"<p>Bo\u00eete de 100 g\u00e9lules v\u00e9g\u00e9tales dos\u00e9es \u00e0 420 mg.<\/p>\n<p>Poids net : 51 g.<\/p>\n<p>Conseils d\u2019utilisation : 2 capsules 2 \u00e0 3 fois par jour aux repas.<\/p>\n","protected":false},"excerpt":{"rendered":"<p>L\u2019Armoise contient une substance l\u2019art\u00e9misinine, une lactone sesquiterp\u00e9nique.<\/p>\n<p>Le fer contribue entre autre au fonctionnement normal du syst\u00e8me immunitaire.<\/p>\n<p>Le lepidium latifolium (cresson)<br \/>\nLe cresson est une plante vivace. Appel\u00e9e aussi Passerage \u00e0 larges feuilles. Elle appartient \u00e0 la famille des crucif\u00e8res.. Elle contient des substances (ph\u00e9nol, flavono\u00efdes, querc\u00e9tine), de la myric\u00e9tine, et de la l\u00e9pidine.<\/p>\n<p>Trois huiles essentielles<br \/>\nParmi une dizaine d\u2019huiles essentielles int\u00e9ressantes, nous en avons retenu trois :<br \/>\n\u2022 Le gingembre est une \u00e9pice mythique utilis\u00e9e depuis des mill\u00e9naires en Inde et en Chine et revisit\u00e9e activement aujourd\u2019hui par les scientifiques.<br \/>\nL\u2019huile essentielle de gingembre est constitu\u00e9e d\u2019hydrocarbures sesquiterp\u00e9niques et de Vanillo\u00efdes (zingiber\u00e8ne et curcum\u00e8ne) .<\/p>\n<p>\u2022 L\u2019huile essentielle de lits\u00e9e citronn\u00e9e fait partie de la famille des citrals.<\/p>\n<p>\u2022 L\u2019huile de Nigelle (Nigella sativa) rec\u00e8le du caryophyll\u00e8ne, de l\u2019humul\u00e8ne et une thymoquinone.<\/p>\n<p>Composition : extrait sec d\u2019Armoise commune, extrait sec de lepidium latifolium, gluconate de fer, huiles essentielles de : gingembre, et lits\u00e9e citronn\u00e9e et huile de graine de Nigelle.<\/p>\n","protected":false},"featured_media":83179,"comment_status":"open","ping_status":"closed","template":"","meta":{"_et_pb_use_builder":"","_et_pb_old_content":"","_et_gb_content_width":""},"product_brand":[100],"product_cat":[96,74,75,92,77],"product_tag":[],"class_list":{"0":"post-313","1":"product","2":"type-product","3":"status-publish","4":"has-post-thumbnail","6":"product_brand-phyt-inov","7":"product_cat-protocole-naturel-cellulaire-soutien","8":"product_cat-soutien-hepato-biliaire-detoxification","9":"product_cat-stress-oxydatif-protection-cellulaire","10":"product_cat-voies-respiratoires","11":"product_cat-voies-urinaires","13":"first","14":"instock","15":"shipping-taxable","16":"purchasable","17":"product-type-simple"},"yoast_head":"<!-- This site is optimized with the Yoast SEO plugin v27.3 - https:\/\/yoast.com\/product\/yoast-seo-wordpress\/ -->\n<title>Produit naturel qui soutient de l\u2019\u00e9quilibre cellulaire \u2013 Formule de JP Willem \u2013 Asiarum 100 g\u00e9lules v\u00e9g\u00e9tales dos\u00e9es \u00e0 420 mg | Phyt-inov.com<\/title>\n<meta name=\"description\" content=\"Phyt-Inov international\u00ae officiel, laboratoire suisse \u00e9labore avec JP Willem Asiarum (100 g\u00e9lules v\u00e9g\u00e9tales dos\u00e9es \u00e0 420 mg) association de plantes et huiles essentielles qui ciblent les cellules. Il aide au fonctionnement normal du syst\u00e8me immunitaire. Peut \u00eatre pris en compl\u00e9ment de traitements m\u00e9dicaux pour aider au renfort de la vitalit\u00e9 et limiter les naus\u00e9es. (art\u00e9misia\/cresson\/gingembre\/lits\u00e9e\/nigelle)\" \/>\n<meta name=\"robots\" content=\"index, follow, max-snippet:-1, max-image-preview:large, max-video-preview:-1\" \/>\n<link rel=\"canonical\" href=\"https:\/\/www.phyt-inov.com\/fr\/produit\/asiarum\/\" \/>\n<meta property=\"og:locale\" content=\"fr_FR\" \/>\n<meta property=\"og:type\" content=\"article\" \/>\n<meta property=\"og:title\" content=\"Produit naturel qui soutient de l\u2019\u00e9quilibre cellulaire \u2013 Formule de JP Willem \u2013 Asiarum 100 g\u00e9lules v\u00e9g\u00e9tales dos\u00e9es \u00e0 420 mg | Phyt-inov.com\" \/>\n<meta property=\"og:description\" content=\"Phyt-Inov international\u00ae officiel, laboratoire suisse \u00e9labore avec JP Willem Asiarum (100 g\u00e9lules v\u00e9g\u00e9tales dos\u00e9es \u00e0 420 mg) association de plantes et huiles essentielles qui ciblent les cellules. Il aide au fonctionnement normal du syst\u00e8me immunitaire. Peut \u00eatre pris en compl\u00e9ment de traitements m\u00e9dicaux pour aider au renfort de la vitalit\u00e9 et limiter les naus\u00e9es. (art\u00e9misia\/cresson\/gingembre\/lits\u00e9e\/nigelle)\" \/>\n<meta property=\"og:url\" content=\"https:\/\/www.phyt-inov.com\/fr\/produit\/asiarum\/\" \/>\n<meta property=\"og:site_name\" content=\"Phyt-Inov\" \/>\n<meta property=\"article:publisher\" content=\"https:\/\/www.facebook.com\/phytinov\/\" \/>\n<meta property=\"article:modified_time\" content=\"2026-03-30T09:18:10+00:00\" \/>\n<meta property=\"og:image\" content=\"https:\/\/www.phyt-inov.com\/wp-content\/uploads\/2019\/04\/Asiarum-100-gel-scaled.png\" \/>\n\t<meta property=\"og:image:width\" content=\"2048\" \/>\n\t<meta property=\"og:image:height\" content=\"2560\" \/>\n\t<meta property=\"og:image:type\" content=\"image\/png\" \/>\n<meta name=\"twitter:card\" content=\"summary_large_image\" \/>\n<meta name=\"twitter:label1\" content=\"Dur\u00e9e de lecture estim\u00e9e\" \/>\n\t<meta name=\"twitter:data1\" content=\"1 minute\" \/>\n<script type=\"application\/ld+json\" class=\"yoast-schema-graph\">{\"@context\":\"https:\\\/\\\/schema.org\",\"@graph\":[{\"@type\":\"WebPage\",\"@id\":\"https:\\\/\\\/www.phyt-inov.com\\\/fr\\\/produit\\\/asiarum\\\/\",\"url\":\"https:\\\/\\\/www.phyt-inov.com\\\/fr\\\/produit\\\/asiarum\\\/\",\"name\":\"Produit naturel qui soutient de l\u2019\u00e9quilibre cellulaire \u2013 Formule de JP Willem \u2013 Asiarum 100 g\u00e9lules v\u00e9g\u00e9tales dos\u00e9es \u00e0 420 mg | Phyt-inov.com\",\"isPartOf\":{\"@id\":\"https:\\\/\\\/www.phyt-inov.com\\\/fr\\\/#website\"},\"primaryImageOfPage\":{\"@id\":\"https:\\\/\\\/www.phyt-inov.com\\\/fr\\\/produit\\\/asiarum\\\/#primaryimage\"},\"image\":{\"@id\":\"https:\\\/\\\/www.phyt-inov.com\\\/fr\\\/produit\\\/asiarum\\\/#primaryimage\"},\"thumbnailUrl\":\"https:\\\/\\\/www.phyt-inov.com\\\/wp-content\\\/uploads\\\/2019\\\/04\\\/Asiarum-100-gel-scaled.png\",\"datePublished\":\"2019-04-04T17:38:33+00:00\",\"dateModified\":\"2026-03-30T09:18:10+00:00\",\"description\":\"Phyt-Inov international\u00ae officiel, laboratoire suisse \u00e9labore avec JP Willem Asiarum (100 g\u00e9lules v\u00e9g\u00e9tales dos\u00e9es \u00e0 420 mg) association de plantes et huiles essentielles qui ciblent les cellules. Il aide au fonctionnement normal du syst\u00e8me immunitaire. Peut \u00eatre pris en compl\u00e9ment de traitements m\u00e9dicaux pour aider au renfort de la vitalit\u00e9 et limiter les naus\u00e9es. (art\u00e9misia\\\/cresson\\\/gingembre\\\/lits\u00e9e\\\/nigelle)\",\"breadcrumb\":{\"@id\":\"https:\\\/\\\/www.phyt-inov.com\\\/fr\\\/produit\\\/asiarum\\\/#breadcrumb\"},\"inLanguage\":\"fr-FR\",\"potentialAction\":[{\"@type\":\"ReadAction\",\"target\":[\"https:\\\/\\\/www.phyt-inov.com\\\/fr\\\/produit\\\/asiarum\\\/\"]}]},{\"@type\":\"ImageObject\",\"inLanguage\":\"fr-FR\",\"@id\":\"https:\\\/\\\/www.phyt-inov.com\\\/fr\\\/produit\\\/asiarum\\\/#primaryimage\",\"url\":\"https:\\\/\\\/www.phyt-inov.com\\\/wp-content\\\/uploads\\\/2019\\\/04\\\/Asiarum-100-gel-scaled.png\",\"contentUrl\":\"https:\\\/\\\/www.phyt-inov.com\\\/wp-content\\\/uploads\\\/2019\\\/04\\\/Asiarum-100-gel-scaled.png\",\"width\":2048,\"height\":2560,\"caption\":\"phyt-inov produit asiarum\"},{\"@type\":\"BreadcrumbList\",\"@id\":\"https:\\\/\\\/www.phyt-inov.com\\\/fr\\\/produit\\\/asiarum\\\/#breadcrumb\",\"itemListElement\":[{\"@type\":\"ListItem\",\"position\":1,\"name\":\"Accueil\",\"item\":\"https:\\\/\\\/www.phyt-inov.com\\\/fr\\\/\"},{\"@type\":\"ListItem\",\"position\":2,\"name\":\"Boutique\",\"item\":\"https:\\\/\\\/www.phyt-inov.com\\\/fr\\\/boutique\\\/\"},{\"@type\":\"ListItem\",\"position\":3,\"name\":\"Asiarum\"}]},{\"@type\":\"WebSite\",\"@id\":\"https:\\\/\\\/www.phyt-inov.com\\\/fr\\\/#website\",\"url\":\"https:\\\/\\\/www.phyt-inov.com\\\/fr\\\/\",\"name\":\"Phyt-Inov International\",\"description\":\"L&#039;efficacit\u00e9 naturelle pour vos soins quotidiens\",\"publisher\":{\"@id\":\"https:\\\/\\\/www.phyt-inov.com\\\/fr\\\/#organization\"},\"alternateName\":\"phyt-inov\",\"potentialAction\":[{\"@type\":\"SearchAction\",\"target\":{\"@type\":\"EntryPoint\",\"urlTemplate\":\"https:\\\/\\\/www.phyt-inov.com\\\/fr\\\/?s={search_term_string}\"},\"query-input\":{\"@type\":\"PropertyValueSpecification\",\"valueRequired\":true,\"valueName\":\"search_term_string\"}}],\"inLanguage\":\"fr-FR\"},{\"@type\":\"Organization\",\"@id\":\"https:\\\/\\\/www.phyt-inov.com\\\/fr\\\/#organization\",\"name\":\"Phyt-Inov\",\"alternateName\":\"Phyt-Inov\",\"url\":\"https:\\\/\\\/www.phyt-inov.com\\\/fr\\\/\",\"logo\":{\"@type\":\"ImageObject\",\"inLanguage\":\"fr-FR\",\"@id\":\"https:\\\/\\\/www.phyt-inov.com\\\/fr\\\/#\\\/schema\\\/logo\\\/image\\\/\",\"url\":\"https:\\\/\\\/www.phyt-inov.com\\\/wp-content\\\/uploads\\\/2025\\\/09\\\/Logo-site-phyt-inov4_Plan-de-travail-1-2048x760-1.png\",\"contentUrl\":\"https:\\\/\\\/www.phyt-inov.com\\\/wp-content\\\/uploads\\\/2025\\\/09\\\/Logo-site-phyt-inov4_Plan-de-travail-1-2048x760-1.png\",\"width\":2048,\"height\":760,\"caption\":\"Phyt-Inov\"},\"image\":{\"@id\":\"https:\\\/\\\/www.phyt-inov.com\\\/fr\\\/#\\\/schema\\\/logo\\\/image\\\/\"},\"sameAs\":[\"https:\\\/\\\/www.facebook.com\\\/phytinov\\\/\",\"https:\\\/\\\/www.youtube.com\\\/channel\\\/UCE05sYsSXuuKbLqs4Au3e4Q\",\"https:\\\/\\\/www.instagram.com\\\/phytinov\\\/\"]}]}<\/script>\n<!-- \/ Yoast SEO plugin. -->","yoast_head_json":{"title":"Produit naturel qui soutient de l\u2019\u00e9quilibre cellulaire \u2013 Formule de JP Willem \u2013 Asiarum 100 g\u00e9lules v\u00e9g\u00e9tales dos\u00e9es \u00e0 420 mg | Phyt-inov.com","description":"Phyt-Inov international\u00ae officiel, laboratoire suisse \u00e9labore avec JP Willem Asiarum (100 g\u00e9lules v\u00e9g\u00e9tales dos\u00e9es \u00e0 420 mg) association de plantes et huiles essentielles qui ciblent les cellules. Il aide au fonctionnement normal du syst\u00e8me immunitaire. Peut \u00eatre pris en compl\u00e9ment de traitements m\u00e9dicaux pour aider au renfort de la vitalit\u00e9 et limiter les naus\u00e9es. (art\u00e9misia\/cresson\/gingembre\/lits\u00e9e\/nigelle)","robots":{"index":"index","follow":"follow","max-snippet":"max-snippet:-1","max-image-preview":"max-image-preview:large","max-video-preview":"max-video-preview:-1"},"canonical":"https:\/\/www.phyt-inov.com\/fr\/produit\/asiarum\/","og_locale":"fr_FR","og_type":"article","og_title":"Produit naturel qui soutient de l\u2019\u00e9quilibre cellulaire \u2013 Formule de JP Willem \u2013 Asiarum 100 g\u00e9lules v\u00e9g\u00e9tales dos\u00e9es \u00e0 420 mg | Phyt-inov.com","og_description":"Phyt-Inov international\u00ae officiel, laboratoire suisse \u00e9labore avec JP Willem Asiarum (100 g\u00e9lules v\u00e9g\u00e9tales dos\u00e9es \u00e0 420 mg) association de plantes et huiles essentielles qui ciblent les cellules. Il aide au fonctionnement normal du syst\u00e8me immunitaire. Peut \u00eatre pris en compl\u00e9ment de traitements m\u00e9dicaux pour aider au renfort de la vitalit\u00e9 et limiter les naus\u00e9es. (art\u00e9misia\/cresson\/gingembre\/lits\u00e9e\/nigelle)","og_url":"https:\/\/www.phyt-inov.com\/fr\/produit\/asiarum\/","og_site_name":"Phyt-Inov","article_publisher":"https:\/\/www.facebook.com\/phytinov\/","article_modified_time":"2026-03-30T09:18:10+00:00","og_image":[{"width":2048,"height":2560,"url":"https:\/\/www.phyt-inov.com\/wp-content\/uploads\/2019\/04\/Asiarum-100-gel-scaled.png","type":"image\/png"}],"twitter_card":"summary_large_image","twitter_misc":{"Dur\u00e9e de lecture estim\u00e9e":"1 minute"},"schema":{"@context":"https:\/\/schema.org","@graph":[{"@type":"WebPage","@id":"https:\/\/www.phyt-inov.com\/fr\/produit\/asiarum\/","url":"https:\/\/www.phyt-inov.com\/fr\/produit\/asiarum\/","name":"Produit naturel qui soutient de l\u2019\u00e9quilibre cellulaire \u2013 Formule de JP Willem \u2013 Asiarum 100 g\u00e9lules v\u00e9g\u00e9tales dos\u00e9es \u00e0 420 mg | Phyt-inov.com","isPartOf":{"@id":"https:\/\/www.phyt-inov.com\/fr\/#website"},"primaryImageOfPage":{"@id":"https:\/\/www.phyt-inov.com\/fr\/produit\/asiarum\/#primaryimage"},"image":{"@id":"https:\/\/www.phyt-inov.com\/fr\/produit\/asiarum\/#primaryimage"},"thumbnailUrl":"https:\/\/www.phyt-inov.com\/wp-content\/uploads\/2019\/04\/Asiarum-100-gel-scaled.png","datePublished":"2019-04-04T17:38:33+00:00","dateModified":"2026-03-30T09:18:10+00:00","description":"Phyt-Inov international\u00ae officiel, laboratoire suisse \u00e9labore avec JP Willem Asiarum (100 g\u00e9lules v\u00e9g\u00e9tales dos\u00e9es \u00e0 420 mg) association de plantes et huiles essentielles qui ciblent les cellules. Il aide au fonctionnement normal du syst\u00e8me immunitaire. Peut \u00eatre pris en compl\u00e9ment de traitements m\u00e9dicaux pour aider au renfort de la vitalit\u00e9 et limiter les naus\u00e9es. (art\u00e9misia\/cresson\/gingembre\/lits\u00e9e\/nigelle)","breadcrumb":{"@id":"https:\/\/www.phyt-inov.com\/fr\/produit\/asiarum\/#breadcrumb"},"inLanguage":"fr-FR","potentialAction":[{"@type":"ReadAction","target":["https:\/\/www.phyt-inov.com\/fr\/produit\/asiarum\/"]}]},{"@type":"ImageObject","inLanguage":"fr-FR","@id":"https:\/\/www.phyt-inov.com\/fr\/produit\/asiarum\/#primaryimage","url":"https:\/\/www.phyt-inov.com\/wp-content\/uploads\/2019\/04\/Asiarum-100-gel-scaled.png","contentUrl":"https:\/\/www.phyt-inov.com\/wp-content\/uploads\/2019\/04\/Asiarum-100-gel-scaled.png","width":2048,"height":2560,"caption":"phyt-inov produit asiarum"},{"@type":"BreadcrumbList","@id":"https:\/\/www.phyt-inov.com\/fr\/produit\/asiarum\/#breadcrumb","itemListElement":[{"@type":"ListItem","position":1,"name":"Accueil","item":"https:\/\/www.phyt-inov.com\/fr\/"},{"@type":"ListItem","position":2,"name":"Boutique","item":"https:\/\/www.phyt-inov.com\/fr\/boutique\/"},{"@type":"ListItem","position":3,"name":"Asiarum"}]},{"@type":"WebSite","@id":"https:\/\/www.phyt-inov.com\/fr\/#website","url":"https:\/\/www.phyt-inov.com\/fr\/","name":"Phyt-Inov International","description":"L&#039;efficacit\u00e9 naturelle pour vos soins quotidiens","publisher":{"@id":"https:\/\/www.phyt-inov.com\/fr\/#organization"},"alternateName":"phyt-inov","potentialAction":[{"@type":"SearchAction","target":{"@type":"EntryPoint","urlTemplate":"https:\/\/www.phyt-inov.com\/fr\/?s={search_term_string}"},"query-input":{"@type":"PropertyValueSpecification","valueRequired":true,"valueName":"search_term_string"}}],"inLanguage":"fr-FR"},{"@type":"Organization","@id":"https:\/\/www.phyt-inov.com\/fr\/#organization","name":"Phyt-Inov","alternateName":"Phyt-Inov","url":"https:\/\/www.phyt-inov.com\/fr\/","logo":{"@type":"ImageObject","inLanguage":"fr-FR","@id":"https:\/\/www.phyt-inov.com\/fr\/#\/schema\/logo\/image\/","url":"https:\/\/www.phyt-inov.com\/wp-content\/uploads\/2025\/09\/Logo-site-phyt-inov4_Plan-de-travail-1-2048x760-1.png","contentUrl":"https:\/\/www.phyt-inov.com\/wp-content\/uploads\/2025\/09\/Logo-site-phyt-inov4_Plan-de-travail-1-2048x760-1.png","width":2048,"height":760,"caption":"Phyt-Inov"},"image":{"@id":"https:\/\/www.phyt-inov.com\/fr\/#\/schema\/logo\/image\/"},"sameAs":["https:\/\/www.facebook.com\/phytinov\/","https:\/\/www.youtube.com\/channel\/UCE05sYsSXuuKbLqs4Au3e4Q","https:\/\/www.instagram.com\/phytinov\/"]}]}},"jetpack_sharing_enabled":true,"_links":{"self":[{"href":"https:\/\/www.phyt-inov.com\/fr\/wp-json\/wp\/v2\/product\/313","targetHints":{"allow":["GET"]}}],"collection":[{"href":"https:\/\/www.phyt-inov.com\/fr\/wp-json\/wp\/v2\/product"}],"about":[{"href":"https:\/\/www.phyt-inov.com\/fr\/wp-json\/wp\/v2\/types\/product"}],"replies":[{"embeddable":true,"href":"https:\/\/www.phyt-inov.com\/fr\/wp-json\/wp\/v2\/comments?post=313"}],"wp:featuredmedia":[{"embeddable":true,"href":"https:\/\/www.phyt-inov.com\/fr\/wp-json\/wp\/v2\/media\/83179"}],"wp:attachment":[{"href":"https:\/\/www.phyt-inov.com\/fr\/wp-json\/wp\/v2\/media?parent=313"}],"wp:term":[{"taxonomy":"product_brand","embeddable":true,"href":"https:\/\/www.phyt-inov.com\/fr\/wp-json\/wp\/v2\/product_brand?post=313"},{"taxonomy":"product_cat","embeddable":true,"href":"https:\/\/www.phyt-inov.com\/fr\/wp-json\/wp\/v2\/product_cat?post=313"},{"taxonomy":"product_tag","embeddable":true,"href":"https:\/\/www.phyt-inov.com\/fr\/wp-json\/wp\/v2\/product_tag?post=313"}],"curies":[{"name":"wp","href":"https:\/\/api.w.org\/{rel}","templated":true}]}}