{"id":287,"date":"2019-04-04T17:38:29","date_gmt":"2019-04-04T17:38:29","guid":{"rendered":"https:\/\/www.phyt-inov.com\/?post_type=product&#038;p=287"},"modified":"2026-04-07T15:08:47","modified_gmt":"2026-04-07T15:08:47","slug":"dentifrice-a-la-propolis","status":"publish","type":"product","link":"https:\/\/www.phyt-inov.com\/fr\/produit\/dentifrice-a-la-propolis\/","title":{"rendered":"Dentifrice \u00e0 la Propolis"},"content":{"rendered":"<p><b>Dentifrice \u00e0 la Propolis et S\u00e8ve de Bouleau bio<\/b><\/p>\n<p>La s\u00e8ve de bouleau biologique contenue dans ce dentifrice lui procure des propri\u00e9t\u00e9s exceptionnelles gr\u00e2ce \u00e0 ses sels min\u00e9raux, oligo-\u00e9l\u00e9ments et acides amin\u00e9s libres ; elle aide \u00e0 l\u2019entretien des gencives.<br \/>\nLa propolis bio r\u00e9gularise la flore buccale et contribue ainsi \u00e0 l\u2019\u00e9limination d\u2019odeurs d\u00e9sagr\u00e9ables et \u00e0 la pr\u00e9vention des caries par une utilisation quotidienne.<\/p>\n<p><b>Une autre conception des soins dentaires<\/b><br \/>\nOutre vitamines, flavono\u00efdes, hormones v\u00e9g\u00e9tales, la s\u00e8ve de bouleau biologique apporte quantit\u00e9 de min\u00e9raux et oligo-\u00e9l\u00e9ments sous forme d\u2019ions, donc imm\u00e9diatement assimilables tels que Calcium, Magn\u00e9sium, Potassium, Phosphore, Cuivre, Fer, Mangan\u00e8se, Sodium, Silicium, Lithium, Zinc, Cobalt, S\u00e9l\u00e9nium, Chrome, Or, etc. ainsi que 17 acides amin\u00e9s libres imm\u00e9diatement biodisponibles.<br \/>\nAinsi le dentifrice Phyt-Inov permet par une utilisation r\u00e9guli\u00e8re un entretien parfait des gencives et de la flore buccale.<\/p>\n","protected":false},"excerpt":{"rendered":"<p>Dentifrice \u00e0 la Propolis et S\u00e8ve de Bouleau bio La s\u00e8ve de bouleau biologique contenue dans ce dentifrice lui procure des propri\u00e9t\u00e9s exceptionnelles gr\u00e2ce \u00e0 ses sels min\u00e9raux, oligo-\u00e9l\u00e9ments et acides amin\u00e9s libres ; elle aide \u00e0 l\u2019entretien des gencives. La propolis bio r\u00e9gularise la flore buccale et contribue ainsi \u00e0 l\u2019\u00e9limination d\u2019odeurs d\u00e9sagr\u00e9ables et [&hellip;]<\/p>\n","protected":false},"featured_media":288,"comment_status":"open","ping_status":"closed","template":"","meta":{"_et_pb_use_builder":"","_et_pb_old_content":"","_et_gb_content_width":""},"product_brand":[100],"product_cat":[94,88,90,76],"product_tag":[],"class_list":{"0":"post-287","1":"product","2":"type-product","3":"status-publish","4":"has-post-thumbnail","6":"product_brand-phyt-inov","7":"product_cat-hygiene-beaute-peau","8":"product_cat-hygiene-sante","9":"product_cat-promotions","10":"product_cat-tresors-de-la-ruche","12":"first","13":"instock","14":"shipping-taxable","15":"purchasable","16":"product-type-variable"},"yoast_head":"<!-- This site is optimized with the Yoast SEO plugin v27.3 - https:\/\/yoast.com\/product\/yoast-seo-wordpress\/ -->\n<title>Dentifrice \u00e0 la s\u00e8ve de bouleau et propolis sans fluor - Phyt-Inov\u00ae officiel - Dentifrice biologique pour le soin des gencives, pr\u00e9vention des caries et haleine fra\u00eeche - Propolis et s\u00e8ve de bouleau - 125 ml 100% naturel, biologique | Phyt-inov.com<\/title>\n<meta name=\"description\" content=\"Phyt-Inov international\u00ae officiel, laboratoire suisse r\u00e9f\u00e9rent en soins et cosm\u00e9tiques naturels et biologiques pour la sant\u00e9 et la beaut\u00e9 de la peau, propose son dentifrice biologique, (125 ml sans fluor, sans conservateur, sans PEG) \u2013 Le dentifrice est un produit naturel\/bio de Phyt Inov pour pr\u00e9server l&#039;entretien des gencives (dentifrice naturel et biologique\/dents\/caries\/propolis) contribue \u00e0 l\u2019\u00e9limination d\u2019odeurs d\u00e9sagr\u00e9ables et \u00e0 la pr\u00e9vention des caries.\" \/>\n<meta name=\"robots\" content=\"index, follow, max-snippet:-1, max-image-preview:large, max-video-preview:-1\" \/>\n<link rel=\"canonical\" href=\"https:\/\/www.phyt-inov.com\/fr\/produit\/dentifrice-a-la-propolis\/\" \/>\n<meta property=\"og:locale\" content=\"fr_FR\" \/>\n<meta property=\"og:type\" content=\"article\" \/>\n<meta property=\"og:title\" content=\"Dentifrice \u00e0 la s\u00e8ve de bouleau et propolis sans fluor - Phyt-Inov\u00ae officiel - Dentifrice biologique pour le soin des gencives, pr\u00e9vention des caries et haleine fra\u00eeche - Propolis et s\u00e8ve de bouleau - 125 ml 100% naturel, biologique | Phyt-inov.com\" \/>\n<meta property=\"og:description\" content=\"Phyt-Inov international\u00ae officiel, laboratoire suisse r\u00e9f\u00e9rent en soins et cosm\u00e9tiques naturels et biologiques pour la sant\u00e9 et la beaut\u00e9 de la peau, propose son dentifrice biologique, (125 ml sans fluor, sans conservateur, sans PEG) \u2013 Le dentifrice est un produit naturel\/bio de Phyt Inov pour pr\u00e9server l&#039;entretien des gencives (dentifrice naturel et biologique\/dents\/caries\/propolis) contribue \u00e0 l\u2019\u00e9limination d\u2019odeurs d\u00e9sagr\u00e9ables et \u00e0 la pr\u00e9vention des caries.\" \/>\n<meta property=\"og:url\" content=\"https:\/\/www.phyt-inov.com\/fr\/produit\/dentifrice-a-la-propolis\/\" \/>\n<meta property=\"og:site_name\" content=\"Phyt-Inov\" \/>\n<meta property=\"article:publisher\" content=\"https:\/\/www.facebook.com\/phytinov\/\" \/>\n<meta property=\"article:modified_time\" content=\"2026-04-07T15:08:47+00:00\" \/>\n<meta property=\"og:image\" content=\"https:\/\/www.phyt-inov.com\/wp-content\/uploads\/2025\/09\/1808211220353740.jpg\" \/>\n\t<meta property=\"og:image:width\" content=\"1262\" \/>\n\t<meta property=\"og:image:height\" content=\"1638\" \/>\n\t<meta property=\"og:image:type\" content=\"image\/jpeg\" \/>\n<meta name=\"twitter:card\" content=\"summary_large_image\" \/>\n<meta name=\"twitter:label1\" content=\"Dur\u00e9e de lecture estim\u00e9e\" \/>\n\t<meta name=\"twitter:data1\" content=\"1 minute\" \/>\n<script type=\"application\/ld+json\" class=\"yoast-schema-graph\">{\"@context\":\"https:\\\/\\\/schema.org\",\"@graph\":[{\"@type\":\"WebPage\",\"@id\":\"https:\\\/\\\/www.phyt-inov.com\\\/fr\\\/produit\\\/dentifrice-a-la-propolis\\\/\",\"url\":\"https:\\\/\\\/www.phyt-inov.com\\\/fr\\\/produit\\\/dentifrice-a-la-propolis\\\/\",\"name\":\"Dentifrice \u00e0 la s\u00e8ve de bouleau et propolis sans fluor - Phyt-Inov\u00ae officiel - Dentifrice biologique pour le soin des gencives, pr\u00e9vention des caries et haleine fra\u00eeche - Propolis et s\u00e8ve de bouleau - 125 ml 100% naturel, biologique | Phyt-inov.com\",\"isPartOf\":{\"@id\":\"https:\\\/\\\/www.phyt-inov.com\\\/fr\\\/#website\"},\"primaryImageOfPage\":{\"@id\":\"https:\\\/\\\/www.phyt-inov.com\\\/fr\\\/produit\\\/dentifrice-a-la-propolis\\\/#primaryimage\"},\"image\":{\"@id\":\"https:\\\/\\\/www.phyt-inov.com\\\/fr\\\/produit\\\/dentifrice-a-la-propolis\\\/#primaryimage\"},\"thumbnailUrl\":\"https:\\\/\\\/www.phyt-inov.com\\\/wp-content\\\/uploads\\\/2025\\\/09\\\/1808211220353740.jpg\",\"datePublished\":\"2019-04-04T17:38:29+00:00\",\"dateModified\":\"2026-04-07T15:08:47+00:00\",\"description\":\"Phyt-Inov international\u00ae officiel, laboratoire suisse r\u00e9f\u00e9rent en soins et cosm\u00e9tiques naturels et biologiques pour la sant\u00e9 et la beaut\u00e9 de la peau, propose son dentifrice biologique, (125 ml sans fluor, sans conservateur, sans PEG) \u2013 Le dentifrice est un produit naturel\\\/bio de Phyt Inov pour pr\u00e9server l'entretien des gencives (dentifrice naturel et biologique\\\/dents\\\/caries\\\/propolis) contribue \u00e0 l\u2019\u00e9limination d\u2019odeurs d\u00e9sagr\u00e9ables et \u00e0 la pr\u00e9vention des caries.\",\"breadcrumb\":{\"@id\":\"https:\\\/\\\/www.phyt-inov.com\\\/fr\\\/produit\\\/dentifrice-a-la-propolis\\\/#breadcrumb\"},\"inLanguage\":\"fr-FR\",\"potentialAction\":[{\"@type\":\"ReadAction\",\"target\":[\"https:\\\/\\\/www.phyt-inov.com\\\/fr\\\/produit\\\/dentifrice-a-la-propolis\\\/\"]}]},{\"@type\":\"ImageObject\",\"inLanguage\":\"fr-FR\",\"@id\":\"https:\\\/\\\/www.phyt-inov.com\\\/fr\\\/produit\\\/dentifrice-a-la-propolis\\\/#primaryimage\",\"url\":\"https:\\\/\\\/www.phyt-inov.com\\\/wp-content\\\/uploads\\\/2025\\\/09\\\/1808211220353740.jpg\",\"contentUrl\":\"https:\\\/\\\/www.phyt-inov.com\\\/wp-content\\\/uploads\\\/2025\\\/09\\\/1808211220353740.jpg\",\"width\":1262,\"height\":1638,\"caption\":\"phyt-inov produit dentifrice\"},{\"@type\":\"BreadcrumbList\",\"@id\":\"https:\\\/\\\/www.phyt-inov.com\\\/fr\\\/produit\\\/dentifrice-a-la-propolis\\\/#breadcrumb\",\"itemListElement\":[{\"@type\":\"ListItem\",\"position\":1,\"name\":\"Accueil\",\"item\":\"https:\\\/\\\/www.phyt-inov.com\\\/fr\\\/\"},{\"@type\":\"ListItem\",\"position\":2,\"name\":\"Boutique\",\"item\":\"https:\\\/\\\/www.phyt-inov.com\\\/fr\\\/boutique\\\/\"},{\"@type\":\"ListItem\",\"position\":3,\"name\":\"Dentifrice \u00e0 la Propolis\"}]},{\"@type\":\"WebSite\",\"@id\":\"https:\\\/\\\/www.phyt-inov.com\\\/fr\\\/#website\",\"url\":\"https:\\\/\\\/www.phyt-inov.com\\\/fr\\\/\",\"name\":\"Phyt-Inov International\",\"description\":\"L&#039;efficacit\u00e9 naturelle pour vos soins quotidiens\",\"publisher\":{\"@id\":\"https:\\\/\\\/www.phyt-inov.com\\\/fr\\\/#organization\"},\"alternateName\":\"phyt-inov\",\"potentialAction\":[{\"@type\":\"SearchAction\",\"target\":{\"@type\":\"EntryPoint\",\"urlTemplate\":\"https:\\\/\\\/www.phyt-inov.com\\\/fr\\\/?s={search_term_string}\"},\"query-input\":{\"@type\":\"PropertyValueSpecification\",\"valueRequired\":true,\"valueName\":\"search_term_string\"}}],\"inLanguage\":\"fr-FR\"},{\"@type\":\"Organization\",\"@id\":\"https:\\\/\\\/www.phyt-inov.com\\\/fr\\\/#organization\",\"name\":\"Phyt-Inov\",\"alternateName\":\"Phyt-Inov\",\"url\":\"https:\\\/\\\/www.phyt-inov.com\\\/fr\\\/\",\"logo\":{\"@type\":\"ImageObject\",\"inLanguage\":\"fr-FR\",\"@id\":\"https:\\\/\\\/www.phyt-inov.com\\\/fr\\\/#\\\/schema\\\/logo\\\/image\\\/\",\"url\":\"https:\\\/\\\/www.phyt-inov.com\\\/wp-content\\\/uploads\\\/2025\\\/09\\\/Logo-site-phyt-inov4_Plan-de-travail-1-2048x760-1.png\",\"contentUrl\":\"https:\\\/\\\/www.phyt-inov.com\\\/wp-content\\\/uploads\\\/2025\\\/09\\\/Logo-site-phyt-inov4_Plan-de-travail-1-2048x760-1.png\",\"width\":2048,\"height\":760,\"caption\":\"Phyt-Inov\"},\"image\":{\"@id\":\"https:\\\/\\\/www.phyt-inov.com\\\/fr\\\/#\\\/schema\\\/logo\\\/image\\\/\"},\"sameAs\":[\"https:\\\/\\\/www.facebook.com\\\/phytinov\\\/\",\"https:\\\/\\\/www.youtube.com\\\/channel\\\/UCE05sYsSXuuKbLqs4Au3e4Q\",\"https:\\\/\\\/www.instagram.com\\\/phytinov\\\/\"]}]}<\/script>\n<!-- \/ Yoast SEO plugin. -->","yoast_head_json":{"title":"Dentifrice \u00e0 la s\u00e8ve de bouleau et propolis sans fluor - Phyt-Inov\u00ae officiel - Dentifrice biologique pour le soin des gencives, pr\u00e9vention des caries et haleine fra\u00eeche - Propolis et s\u00e8ve de bouleau - 125 ml 100% naturel, biologique | Phyt-inov.com","description":"Phyt-Inov international\u00ae officiel, laboratoire suisse r\u00e9f\u00e9rent en soins et cosm\u00e9tiques naturels et biologiques pour la sant\u00e9 et la beaut\u00e9 de la peau, propose son dentifrice biologique, (125 ml sans fluor, sans conservateur, sans PEG) \u2013 Le dentifrice est un produit naturel\/bio de Phyt Inov pour pr\u00e9server l'entretien des gencives (dentifrice naturel et biologique\/dents\/caries\/propolis) contribue \u00e0 l\u2019\u00e9limination d\u2019odeurs d\u00e9sagr\u00e9ables et \u00e0 la pr\u00e9vention des caries.","robots":{"index":"index","follow":"follow","max-snippet":"max-snippet:-1","max-image-preview":"max-image-preview:large","max-video-preview":"max-video-preview:-1"},"canonical":"https:\/\/www.phyt-inov.com\/fr\/produit\/dentifrice-a-la-propolis\/","og_locale":"fr_FR","og_type":"article","og_title":"Dentifrice \u00e0 la s\u00e8ve de bouleau et propolis sans fluor - Phyt-Inov\u00ae officiel - Dentifrice biologique pour le soin des gencives, pr\u00e9vention des caries et haleine fra\u00eeche - Propolis et s\u00e8ve de bouleau - 125 ml 100% naturel, biologique | Phyt-inov.com","og_description":"Phyt-Inov international\u00ae officiel, laboratoire suisse r\u00e9f\u00e9rent en soins et cosm\u00e9tiques naturels et biologiques pour la sant\u00e9 et la beaut\u00e9 de la peau, propose son dentifrice biologique, (125 ml sans fluor, sans conservateur, sans PEG) \u2013 Le dentifrice est un produit naturel\/bio de Phyt Inov pour pr\u00e9server l'entretien des gencives (dentifrice naturel et biologique\/dents\/caries\/propolis) contribue \u00e0 l\u2019\u00e9limination d\u2019odeurs d\u00e9sagr\u00e9ables et \u00e0 la pr\u00e9vention des caries.","og_url":"https:\/\/www.phyt-inov.com\/fr\/produit\/dentifrice-a-la-propolis\/","og_site_name":"Phyt-Inov","article_publisher":"https:\/\/www.facebook.com\/phytinov\/","article_modified_time":"2026-04-07T15:08:47+00:00","og_image":[{"width":1262,"height":1638,"url":"https:\/\/www.phyt-inov.com\/wp-content\/uploads\/2025\/09\/1808211220353740.jpg","type":"image\/jpeg"}],"twitter_card":"summary_large_image","twitter_misc":{"Dur\u00e9e de lecture estim\u00e9e":"1 minute"},"schema":{"@context":"https:\/\/schema.org","@graph":[{"@type":"WebPage","@id":"https:\/\/www.phyt-inov.com\/fr\/produit\/dentifrice-a-la-propolis\/","url":"https:\/\/www.phyt-inov.com\/fr\/produit\/dentifrice-a-la-propolis\/","name":"Dentifrice \u00e0 la s\u00e8ve de bouleau et propolis sans fluor - Phyt-Inov\u00ae officiel - Dentifrice biologique pour le soin des gencives, pr\u00e9vention des caries et haleine fra\u00eeche - Propolis et s\u00e8ve de bouleau - 125 ml 100% naturel, biologique | Phyt-inov.com","isPartOf":{"@id":"https:\/\/www.phyt-inov.com\/fr\/#website"},"primaryImageOfPage":{"@id":"https:\/\/www.phyt-inov.com\/fr\/produit\/dentifrice-a-la-propolis\/#primaryimage"},"image":{"@id":"https:\/\/www.phyt-inov.com\/fr\/produit\/dentifrice-a-la-propolis\/#primaryimage"},"thumbnailUrl":"https:\/\/www.phyt-inov.com\/wp-content\/uploads\/2025\/09\/1808211220353740.jpg","datePublished":"2019-04-04T17:38:29+00:00","dateModified":"2026-04-07T15:08:47+00:00","description":"Phyt-Inov international\u00ae officiel, laboratoire suisse r\u00e9f\u00e9rent en soins et cosm\u00e9tiques naturels et biologiques pour la sant\u00e9 et la beaut\u00e9 de la peau, propose son dentifrice biologique, (125 ml sans fluor, sans conservateur, sans PEG) \u2013 Le dentifrice est un produit naturel\/bio de Phyt Inov pour pr\u00e9server l'entretien des gencives (dentifrice naturel et biologique\/dents\/caries\/propolis) contribue \u00e0 l\u2019\u00e9limination d\u2019odeurs d\u00e9sagr\u00e9ables et \u00e0 la pr\u00e9vention des caries.","breadcrumb":{"@id":"https:\/\/www.phyt-inov.com\/fr\/produit\/dentifrice-a-la-propolis\/#breadcrumb"},"inLanguage":"fr-FR","potentialAction":[{"@type":"ReadAction","target":["https:\/\/www.phyt-inov.com\/fr\/produit\/dentifrice-a-la-propolis\/"]}]},{"@type":"ImageObject","inLanguage":"fr-FR","@id":"https:\/\/www.phyt-inov.com\/fr\/produit\/dentifrice-a-la-propolis\/#primaryimage","url":"https:\/\/www.phyt-inov.com\/wp-content\/uploads\/2025\/09\/1808211220353740.jpg","contentUrl":"https:\/\/www.phyt-inov.com\/wp-content\/uploads\/2025\/09\/1808211220353740.jpg","width":1262,"height":1638,"caption":"phyt-inov produit dentifrice"},{"@type":"BreadcrumbList","@id":"https:\/\/www.phyt-inov.com\/fr\/produit\/dentifrice-a-la-propolis\/#breadcrumb","itemListElement":[{"@type":"ListItem","position":1,"name":"Accueil","item":"https:\/\/www.phyt-inov.com\/fr\/"},{"@type":"ListItem","position":2,"name":"Boutique","item":"https:\/\/www.phyt-inov.com\/fr\/boutique\/"},{"@type":"ListItem","position":3,"name":"Dentifrice \u00e0 la Propolis"}]},{"@type":"WebSite","@id":"https:\/\/www.phyt-inov.com\/fr\/#website","url":"https:\/\/www.phyt-inov.com\/fr\/","name":"Phyt-Inov International","description":"L&#039;efficacit\u00e9 naturelle pour vos soins quotidiens","publisher":{"@id":"https:\/\/www.phyt-inov.com\/fr\/#organization"},"alternateName":"phyt-inov","potentialAction":[{"@type":"SearchAction","target":{"@type":"EntryPoint","urlTemplate":"https:\/\/www.phyt-inov.com\/fr\/?s={search_term_string}"},"query-input":{"@type":"PropertyValueSpecification","valueRequired":true,"valueName":"search_term_string"}}],"inLanguage":"fr-FR"},{"@type":"Organization","@id":"https:\/\/www.phyt-inov.com\/fr\/#organization","name":"Phyt-Inov","alternateName":"Phyt-Inov","url":"https:\/\/www.phyt-inov.com\/fr\/","logo":{"@type":"ImageObject","inLanguage":"fr-FR","@id":"https:\/\/www.phyt-inov.com\/fr\/#\/schema\/logo\/image\/","url":"https:\/\/www.phyt-inov.com\/wp-content\/uploads\/2025\/09\/Logo-site-phyt-inov4_Plan-de-travail-1-2048x760-1.png","contentUrl":"https:\/\/www.phyt-inov.com\/wp-content\/uploads\/2025\/09\/Logo-site-phyt-inov4_Plan-de-travail-1-2048x760-1.png","width":2048,"height":760,"caption":"Phyt-Inov"},"image":{"@id":"https:\/\/www.phyt-inov.com\/fr\/#\/schema\/logo\/image\/"},"sameAs":["https:\/\/www.facebook.com\/phytinov\/","https:\/\/www.youtube.com\/channel\/UCE05sYsSXuuKbLqs4Au3e4Q","https:\/\/www.instagram.com\/phytinov\/"]}]}},"jetpack_sharing_enabled":true,"_links":{"self":[{"href":"https:\/\/www.phyt-inov.com\/fr\/wp-json\/wp\/v2\/product\/287","targetHints":{"allow":["GET"]}}],"collection":[{"href":"https:\/\/www.phyt-inov.com\/fr\/wp-json\/wp\/v2\/product"}],"about":[{"href":"https:\/\/www.phyt-inov.com\/fr\/wp-json\/wp\/v2\/types\/product"}],"replies":[{"embeddable":true,"href":"https:\/\/www.phyt-inov.com\/fr\/wp-json\/wp\/v2\/comments?post=287"}],"wp:featuredmedia":[{"embeddable":true,"href":"https:\/\/www.phyt-inov.com\/fr\/wp-json\/wp\/v2\/media\/288"}],"wp:attachment":[{"href":"https:\/\/www.phyt-inov.com\/fr\/wp-json\/wp\/v2\/media?parent=287"}],"wp:term":[{"taxonomy":"product_brand","embeddable":true,"href":"https:\/\/www.phyt-inov.com\/fr\/wp-json\/wp\/v2\/product_brand?post=287"},{"taxonomy":"product_cat","embeddable":true,"href":"https:\/\/www.phyt-inov.com\/fr\/wp-json\/wp\/v2\/product_cat?post=287"},{"taxonomy":"product_tag","embeddable":true,"href":"https:\/\/www.phyt-inov.com\/fr\/wp-json\/wp\/v2\/product_tag?post=287"}],"curies":[{"name":"wp","href":"https:\/\/api.w.org\/{rel}","templated":true}]}}