{"id":259,"date":"2019-04-04T21:31:55","date_gmt":"2019-04-04T21:31:55","guid":{"rendered":"https:\/\/www.phyt-inov.com\/?post_type=product&#038;p=259"},"modified":"2026-03-30T08:58:56","modified_gmt":"2026-03-30T08:58:56","slug":"radicolyse-150-gelules","status":"publish","type":"product","link":"https:\/\/www.phyt-inov.com\/fr\/produit\/radicolyse-150-gelules\/","title":{"rendered":"Radicolyse 150 g\u00e9lules"},"content":{"rendered":"<p>Bo\u00eete de 150 g\u00e9lules v\u00e9g\u00e9tales dos\u00e9es \u00e0 484 mg.<\/p>\n<p>Poids net : 72,6 g.<\/p>\n<p>Conseils d\u2019utilisation : 1 g\u00e9lule 2 fois par jour.<\/p>\n","protected":false},"excerpt":{"rendered":"<p><em>Image non contractuelle.<\/em><\/p>\n<p>Vous cherchez \u00e0 vous d\u00e9fendre efficacement contre le stress oxydatif ?<\/p>\n<p>Radicolyse contient un savant \u00e9quilibre :<br \/>\n<b>D\u2019acide R alphalipo\u00efque<\/b>,<br \/>\n<b>De Glutathion r\u00e9duit<\/b>,<br \/>\n<b>De Phosphatidylserine<\/b>,<br \/>\n<b>De S\u00e9l\u00e9nomethionine<\/b>,<br \/>\n<b>Ainsi que de Coenzyme Q10<\/b>.<\/p>\n<p>La biodisponibilit\u00e9 de l\u2019acide R alphalipo\u00efque est 40 \u00e0 50 % sup\u00e9rieure \u00e0 son \u00e9nantiom\u00e8re (forme de partie identique : l\u2019acide S alphalipo\u00efque appel\u00e9 commun\u00e9ment l&rsquo;acide alphalipo\u00efque).<br \/>\nLe glutathion est compos\u00e9 des trois acides amin\u00e9s : la glutamine, la glycine et la cyst\u00e9ine. Le pr\u00e9curseur du glutathion est la L-cyst\u00e9ine un acide amin\u00e9 soufr\u00e9<br \/>\nLe s\u00e9l\u00e9nium contribue \u00e0 prot\u00e9ger les cellules contre le stress oxydatif et \u00e9galement, au maintien de cheveux et des ongles, au fonctionnement normal du syst\u00e8me immunitaire.<\/p>\n<p>Ceci est un compl\u00e9ment alimentaire et ne peut remplacer une alimentation \u00e9quilibr\u00e9e.<\/p>\n","protected":false},"featured_media":260,"comment_status":"open","ping_status":"closed","template":"","meta":{"_et_pb_use_builder":"","_et_pb_old_content":"","_et_gb_content_width":""},"product_brand":[100],"product_cat":[70,67,78,72,75,91],"product_tag":[],"class_list":{"0":"post-259","1":"product","2":"type-product","3":"status-publish","4":"has-post-thumbnail","6":"product_brand-phyt-inov","7":"product_cat-bien-etre-osteo-articulaire","8":"product_cat-capital-vision","9":"product_cat-equilibre-emotionnel-et-nerveux","10":"product_cat-harmonie-cardio-vasculaire","11":"product_cat-stress-oxydatif-protection-cellulaire","12":"product_cat-troubles-inflammatoires","14":"first","15":"instock","16":"shipping-taxable","17":"purchasable","18":"product-type-simple"},"yoast_head":"<!-- This site is optimized with the Yoast SEO plugin v27.3 - https:\/\/yoast.com\/product\/yoast-seo-wordpress\/ -->\n<title>Compl\u00e9ment alimentaire qui prot\u00e8ge les cellules contre le stress oxydatif par Phyt-Inov\u00ae officiel \u2013 Formule de Jean-Pierre Willem \u2013 Produit naturel \u00e0 base de s\u00e9l\u00e9nium qui contribue \u00e0 prot\u00e9ger les cellules contre les radicaux libres \u2013 Radicolyse 150 g\u00e9lules v\u00e9g\u00e9tales dos\u00e9es \u00e0 484 mg | Phyt-inov.com<\/title>\n<meta name=\"description\" content=\"Phyt-Inov international\u00ae officiel, laboratoire suisse \u00e9labore avec Jean Pierre Willem Radicolyse (150 g\u00e9lules dos\u00e9es \u00e0 484 mg) contribue \u00e0 une spermatog\u00e9n\u00e8se normale, contribue au maintien de cheveux normaux, contribue au maintien d\u2019ongles normaux, contribue au fonctionnement normal du syst\u00e8me immunitaire. Contribue \u00e0 \u00e0 prot\u00e9ger les cellules contre le stress oxydatif (acide alpha-lipo\u00efque\/L-glutathion r\u00e9duit\/phosphatidyls\u00e9rine\/coenzyme Q10\/s\u00e9l\u00e9nium)\" \/>\n<meta name=\"robots\" content=\"index, follow, max-snippet:-1, max-image-preview:large, max-video-preview:-1\" \/>\n<link rel=\"canonical\" href=\"https:\/\/www.phyt-inov.com\/fr\/produit\/radicolyse-150-gelules\/\" \/>\n<meta property=\"og:locale\" content=\"fr_FR\" \/>\n<meta property=\"og:type\" content=\"article\" \/>\n<meta property=\"og:title\" content=\"Compl\u00e9ment alimentaire qui prot\u00e8ge les cellules contre le stress oxydatif par Phyt-Inov\u00ae officiel \u2013 Formule de Jean-Pierre Willem \u2013 Produit naturel \u00e0 base de s\u00e9l\u00e9nium qui contribue \u00e0 prot\u00e9ger les cellules contre les radicaux libres \u2013 Radicolyse 150 g\u00e9lules v\u00e9g\u00e9tales dos\u00e9es \u00e0 484 mg | Phyt-inov.com\" \/>\n<meta property=\"og:description\" content=\"Phyt-Inov international\u00ae officiel, laboratoire suisse \u00e9labore avec Jean Pierre Willem Radicolyse (150 g\u00e9lules dos\u00e9es \u00e0 484 mg) contribue \u00e0 une spermatog\u00e9n\u00e8se normale, contribue au maintien de cheveux normaux, contribue au maintien d\u2019ongles normaux, contribue au fonctionnement normal du syst\u00e8me immunitaire. Contribue \u00e0 \u00e0 prot\u00e9ger les cellules contre le stress oxydatif (acide alpha-lipo\u00efque\/L-glutathion r\u00e9duit\/phosphatidyls\u00e9rine\/coenzyme Q10\/s\u00e9l\u00e9nium)\" \/>\n<meta property=\"og:url\" content=\"https:\/\/www.phyt-inov.com\/fr\/produit\/radicolyse-150-gelules\/\" \/>\n<meta property=\"og:site_name\" content=\"Phyt-Inov\" \/>\n<meta property=\"article:publisher\" content=\"https:\/\/www.facebook.com\/phytinov\/\" \/>\n<meta property=\"article:modified_time\" content=\"2026-03-30T08:58:56+00:00\" \/>\n<meta property=\"og:image\" content=\"https:\/\/www.phyt-inov.com\/wp-content\/uploads\/2025\/09\/Radicolyse.png\" \/>\n\t<meta property=\"og:image:width\" content=\"819\" \/>\n\t<meta property=\"og:image:height\" content=\"1024\" \/>\n\t<meta property=\"og:image:type\" content=\"image\/png\" \/>\n<meta name=\"twitter:card\" content=\"summary_large_image\" \/>\n<meta name=\"twitter:label1\" content=\"Dur\u00e9e de lecture estim\u00e9e\" \/>\n\t<meta name=\"twitter:data1\" content=\"1 minute\" \/>\n<script type=\"application\/ld+json\" class=\"yoast-schema-graph\">{\"@context\":\"https:\\\/\\\/schema.org\",\"@graph\":[{\"@type\":\"WebPage\",\"@id\":\"https:\\\/\\\/www.phyt-inov.com\\\/fr\\\/produit\\\/radicolyse-150-gelules\\\/\",\"url\":\"https:\\\/\\\/www.phyt-inov.com\\\/fr\\\/produit\\\/radicolyse-150-gelules\\\/\",\"name\":\"Compl\u00e9ment alimentaire qui prot\u00e8ge les cellules contre le stress oxydatif par Phyt-Inov\u00ae officiel \u2013 Formule de Jean-Pierre Willem \u2013 Produit naturel \u00e0 base de s\u00e9l\u00e9nium qui contribue \u00e0 prot\u00e9ger les cellules contre les radicaux libres \u2013 Radicolyse 150 g\u00e9lules v\u00e9g\u00e9tales dos\u00e9es \u00e0 484 mg | Phyt-inov.com\",\"isPartOf\":{\"@id\":\"https:\\\/\\\/www.phyt-inov.com\\\/fr\\\/#website\"},\"primaryImageOfPage\":{\"@id\":\"https:\\\/\\\/www.phyt-inov.com\\\/fr\\\/produit\\\/radicolyse-150-gelules\\\/#primaryimage\"},\"image\":{\"@id\":\"https:\\\/\\\/www.phyt-inov.com\\\/fr\\\/produit\\\/radicolyse-150-gelules\\\/#primaryimage\"},\"thumbnailUrl\":\"https:\\\/\\\/www.phyt-inov.com\\\/wp-content\\\/uploads\\\/2025\\\/09\\\/Radicolyse.png\",\"datePublished\":\"2019-04-04T21:31:55+00:00\",\"dateModified\":\"2026-03-30T08:58:56+00:00\",\"description\":\"Phyt-Inov international\u00ae officiel, laboratoire suisse \u00e9labore avec Jean Pierre Willem Radicolyse (150 g\u00e9lules dos\u00e9es \u00e0 484 mg) contribue \u00e0 une spermatog\u00e9n\u00e8se normale, contribue au maintien de cheveux normaux, contribue au maintien d\u2019ongles normaux, contribue au fonctionnement normal du syst\u00e8me immunitaire. Contribue \u00e0 \u00e0 prot\u00e9ger les cellules contre le stress oxydatif (acide alpha-lipo\u00efque\\\/L-glutathion r\u00e9duit\\\/phosphatidyls\u00e9rine\\\/coenzyme Q10\\\/s\u00e9l\u00e9nium)\",\"breadcrumb\":{\"@id\":\"https:\\\/\\\/www.phyt-inov.com\\\/fr\\\/produit\\\/radicolyse-150-gelules\\\/#breadcrumb\"},\"inLanguage\":\"fr-FR\",\"potentialAction\":[{\"@type\":\"ReadAction\",\"target\":[\"https:\\\/\\\/www.phyt-inov.com\\\/fr\\\/produit\\\/radicolyse-150-gelules\\\/\"]}]},{\"@type\":\"ImageObject\",\"inLanguage\":\"fr-FR\",\"@id\":\"https:\\\/\\\/www.phyt-inov.com\\\/fr\\\/produit\\\/radicolyse-150-gelules\\\/#primaryimage\",\"url\":\"https:\\\/\\\/www.phyt-inov.com\\\/wp-content\\\/uploads\\\/2025\\\/09\\\/Radicolyse.png\",\"contentUrl\":\"https:\\\/\\\/www.phyt-inov.com\\\/wp-content\\\/uploads\\\/2025\\\/09\\\/Radicolyse.png\",\"width\":6400,\"height\":8000,\"caption\":\"phyt-inov produit radicolyse\"},{\"@type\":\"BreadcrumbList\",\"@id\":\"https:\\\/\\\/www.phyt-inov.com\\\/fr\\\/produit\\\/radicolyse-150-gelules\\\/#breadcrumb\",\"itemListElement\":[{\"@type\":\"ListItem\",\"position\":1,\"name\":\"Accueil\",\"item\":\"https:\\\/\\\/www.phyt-inov.com\\\/fr\\\/\"},{\"@type\":\"ListItem\",\"position\":2,\"name\":\"Boutique\",\"item\":\"https:\\\/\\\/www.phyt-inov.com\\\/fr\\\/boutique\\\/\"},{\"@type\":\"ListItem\",\"position\":3,\"name\":\"Radicolyse 150 g\u00e9lules\"}]},{\"@type\":\"WebSite\",\"@id\":\"https:\\\/\\\/www.phyt-inov.com\\\/fr\\\/#website\",\"url\":\"https:\\\/\\\/www.phyt-inov.com\\\/fr\\\/\",\"name\":\"Phyt-Inov International\",\"description\":\"L&#039;efficacit\u00e9 naturelle pour vos soins quotidiens\",\"publisher\":{\"@id\":\"https:\\\/\\\/www.phyt-inov.com\\\/fr\\\/#organization\"},\"alternateName\":\"phyt-inov\",\"potentialAction\":[{\"@type\":\"SearchAction\",\"target\":{\"@type\":\"EntryPoint\",\"urlTemplate\":\"https:\\\/\\\/www.phyt-inov.com\\\/fr\\\/?s={search_term_string}\"},\"query-input\":{\"@type\":\"PropertyValueSpecification\",\"valueRequired\":true,\"valueName\":\"search_term_string\"}}],\"inLanguage\":\"fr-FR\"},{\"@type\":\"Organization\",\"@id\":\"https:\\\/\\\/www.phyt-inov.com\\\/fr\\\/#organization\",\"name\":\"Phyt-Inov\",\"alternateName\":\"Phyt-Inov\",\"url\":\"https:\\\/\\\/www.phyt-inov.com\\\/fr\\\/\",\"logo\":{\"@type\":\"ImageObject\",\"inLanguage\":\"fr-FR\",\"@id\":\"https:\\\/\\\/www.phyt-inov.com\\\/fr\\\/#\\\/schema\\\/logo\\\/image\\\/\",\"url\":\"https:\\\/\\\/www.phyt-inov.com\\\/wp-content\\\/uploads\\\/2025\\\/09\\\/Logo-site-phyt-inov4_Plan-de-travail-1-2048x760-1.png\",\"contentUrl\":\"https:\\\/\\\/www.phyt-inov.com\\\/wp-content\\\/uploads\\\/2025\\\/09\\\/Logo-site-phyt-inov4_Plan-de-travail-1-2048x760-1.png\",\"width\":2048,\"height\":760,\"caption\":\"Phyt-Inov\"},\"image\":{\"@id\":\"https:\\\/\\\/www.phyt-inov.com\\\/fr\\\/#\\\/schema\\\/logo\\\/image\\\/\"},\"sameAs\":[\"https:\\\/\\\/www.facebook.com\\\/phytinov\\\/\",\"https:\\\/\\\/www.youtube.com\\\/channel\\\/UCE05sYsSXuuKbLqs4Au3e4Q\",\"https:\\\/\\\/www.instagram.com\\\/phytinov\\\/\"]}]}<\/script>\n<!-- \/ Yoast SEO plugin. -->","yoast_head_json":{"title":"Compl\u00e9ment alimentaire qui prot\u00e8ge les cellules contre le stress oxydatif par Phyt-Inov\u00ae officiel \u2013 Formule de Jean-Pierre Willem \u2013 Produit naturel \u00e0 base de s\u00e9l\u00e9nium qui contribue \u00e0 prot\u00e9ger les cellules contre les radicaux libres \u2013 Radicolyse 150 g\u00e9lules v\u00e9g\u00e9tales dos\u00e9es \u00e0 484 mg | Phyt-inov.com","description":"Phyt-Inov international\u00ae officiel, laboratoire suisse \u00e9labore avec Jean Pierre Willem Radicolyse (150 g\u00e9lules dos\u00e9es \u00e0 484 mg) contribue \u00e0 une spermatog\u00e9n\u00e8se normale, contribue au maintien de cheveux normaux, contribue au maintien d\u2019ongles normaux, contribue au fonctionnement normal du syst\u00e8me immunitaire. Contribue \u00e0 \u00e0 prot\u00e9ger les cellules contre le stress oxydatif (acide alpha-lipo\u00efque\/L-glutathion r\u00e9duit\/phosphatidyls\u00e9rine\/coenzyme Q10\/s\u00e9l\u00e9nium)","robots":{"index":"index","follow":"follow","max-snippet":"max-snippet:-1","max-image-preview":"max-image-preview:large","max-video-preview":"max-video-preview:-1"},"canonical":"https:\/\/www.phyt-inov.com\/fr\/produit\/radicolyse-150-gelules\/","og_locale":"fr_FR","og_type":"article","og_title":"Compl\u00e9ment alimentaire qui prot\u00e8ge les cellules contre le stress oxydatif par Phyt-Inov\u00ae officiel \u2013 Formule de Jean-Pierre Willem \u2013 Produit naturel \u00e0 base de s\u00e9l\u00e9nium qui contribue \u00e0 prot\u00e9ger les cellules contre les radicaux libres \u2013 Radicolyse 150 g\u00e9lules v\u00e9g\u00e9tales dos\u00e9es \u00e0 484 mg | Phyt-inov.com","og_description":"Phyt-Inov international\u00ae officiel, laboratoire suisse \u00e9labore avec Jean Pierre Willem Radicolyse (150 g\u00e9lules dos\u00e9es \u00e0 484 mg) contribue \u00e0 une spermatog\u00e9n\u00e8se normale, contribue au maintien de cheveux normaux, contribue au maintien d\u2019ongles normaux, contribue au fonctionnement normal du syst\u00e8me immunitaire. Contribue \u00e0 \u00e0 prot\u00e9ger les cellules contre le stress oxydatif (acide alpha-lipo\u00efque\/L-glutathion r\u00e9duit\/phosphatidyls\u00e9rine\/coenzyme Q10\/s\u00e9l\u00e9nium)","og_url":"https:\/\/www.phyt-inov.com\/fr\/produit\/radicolyse-150-gelules\/","og_site_name":"Phyt-Inov","article_publisher":"https:\/\/www.facebook.com\/phytinov\/","article_modified_time":"2026-03-30T08:58:56+00:00","og_image":[{"url":"https:\/\/www.phyt-inov.com\/wp-content\/uploads\/2025\/09\/Radicolyse.png","width":819,"height":1024,"type":"image\/png"}],"twitter_card":"summary_large_image","twitter_misc":{"Dur\u00e9e de lecture estim\u00e9e":"1 minute"},"schema":{"@context":"https:\/\/schema.org","@graph":[{"@type":"WebPage","@id":"https:\/\/www.phyt-inov.com\/fr\/produit\/radicolyse-150-gelules\/","url":"https:\/\/www.phyt-inov.com\/fr\/produit\/radicolyse-150-gelules\/","name":"Compl\u00e9ment alimentaire qui prot\u00e8ge les cellules contre le stress oxydatif par Phyt-Inov\u00ae officiel \u2013 Formule de Jean-Pierre Willem \u2013 Produit naturel \u00e0 base de s\u00e9l\u00e9nium qui contribue \u00e0 prot\u00e9ger les cellules contre les radicaux libres \u2013 Radicolyse 150 g\u00e9lules v\u00e9g\u00e9tales dos\u00e9es \u00e0 484 mg | Phyt-inov.com","isPartOf":{"@id":"https:\/\/www.phyt-inov.com\/fr\/#website"},"primaryImageOfPage":{"@id":"https:\/\/www.phyt-inov.com\/fr\/produit\/radicolyse-150-gelules\/#primaryimage"},"image":{"@id":"https:\/\/www.phyt-inov.com\/fr\/produit\/radicolyse-150-gelules\/#primaryimage"},"thumbnailUrl":"https:\/\/www.phyt-inov.com\/wp-content\/uploads\/2025\/09\/Radicolyse.png","datePublished":"2019-04-04T21:31:55+00:00","dateModified":"2026-03-30T08:58:56+00:00","description":"Phyt-Inov international\u00ae officiel, laboratoire suisse \u00e9labore avec Jean Pierre Willem Radicolyse (150 g\u00e9lules dos\u00e9es \u00e0 484 mg) contribue \u00e0 une spermatog\u00e9n\u00e8se normale, contribue au maintien de cheveux normaux, contribue au maintien d\u2019ongles normaux, contribue au fonctionnement normal du syst\u00e8me immunitaire. Contribue \u00e0 \u00e0 prot\u00e9ger les cellules contre le stress oxydatif (acide alpha-lipo\u00efque\/L-glutathion r\u00e9duit\/phosphatidyls\u00e9rine\/coenzyme Q10\/s\u00e9l\u00e9nium)","breadcrumb":{"@id":"https:\/\/www.phyt-inov.com\/fr\/produit\/radicolyse-150-gelules\/#breadcrumb"},"inLanguage":"fr-FR","potentialAction":[{"@type":"ReadAction","target":["https:\/\/www.phyt-inov.com\/fr\/produit\/radicolyse-150-gelules\/"]}]},{"@type":"ImageObject","inLanguage":"fr-FR","@id":"https:\/\/www.phyt-inov.com\/fr\/produit\/radicolyse-150-gelules\/#primaryimage","url":"https:\/\/www.phyt-inov.com\/wp-content\/uploads\/2025\/09\/Radicolyse.png","contentUrl":"https:\/\/www.phyt-inov.com\/wp-content\/uploads\/2025\/09\/Radicolyse.png","width":6400,"height":8000,"caption":"phyt-inov produit radicolyse"},{"@type":"BreadcrumbList","@id":"https:\/\/www.phyt-inov.com\/fr\/produit\/radicolyse-150-gelules\/#breadcrumb","itemListElement":[{"@type":"ListItem","position":1,"name":"Accueil","item":"https:\/\/www.phyt-inov.com\/fr\/"},{"@type":"ListItem","position":2,"name":"Boutique","item":"https:\/\/www.phyt-inov.com\/fr\/boutique\/"},{"@type":"ListItem","position":3,"name":"Radicolyse 150 g\u00e9lules"}]},{"@type":"WebSite","@id":"https:\/\/www.phyt-inov.com\/fr\/#website","url":"https:\/\/www.phyt-inov.com\/fr\/","name":"Phyt-Inov International","description":"L&#039;efficacit\u00e9 naturelle pour vos soins quotidiens","publisher":{"@id":"https:\/\/www.phyt-inov.com\/fr\/#organization"},"alternateName":"phyt-inov","potentialAction":[{"@type":"SearchAction","target":{"@type":"EntryPoint","urlTemplate":"https:\/\/www.phyt-inov.com\/fr\/?s={search_term_string}"},"query-input":{"@type":"PropertyValueSpecification","valueRequired":true,"valueName":"search_term_string"}}],"inLanguage":"fr-FR"},{"@type":"Organization","@id":"https:\/\/www.phyt-inov.com\/fr\/#organization","name":"Phyt-Inov","alternateName":"Phyt-Inov","url":"https:\/\/www.phyt-inov.com\/fr\/","logo":{"@type":"ImageObject","inLanguage":"fr-FR","@id":"https:\/\/www.phyt-inov.com\/fr\/#\/schema\/logo\/image\/","url":"https:\/\/www.phyt-inov.com\/wp-content\/uploads\/2025\/09\/Logo-site-phyt-inov4_Plan-de-travail-1-2048x760-1.png","contentUrl":"https:\/\/www.phyt-inov.com\/wp-content\/uploads\/2025\/09\/Logo-site-phyt-inov4_Plan-de-travail-1-2048x760-1.png","width":2048,"height":760,"caption":"Phyt-Inov"},"image":{"@id":"https:\/\/www.phyt-inov.com\/fr\/#\/schema\/logo\/image\/"},"sameAs":["https:\/\/www.facebook.com\/phytinov\/","https:\/\/www.youtube.com\/channel\/UCE05sYsSXuuKbLqs4Au3e4Q","https:\/\/www.instagram.com\/phytinov\/"]}]}},"jetpack_sharing_enabled":true,"_links":{"self":[{"href":"https:\/\/www.phyt-inov.com\/fr\/wp-json\/wp\/v2\/product\/259","targetHints":{"allow":["GET"]}}],"collection":[{"href":"https:\/\/www.phyt-inov.com\/fr\/wp-json\/wp\/v2\/product"}],"about":[{"href":"https:\/\/www.phyt-inov.com\/fr\/wp-json\/wp\/v2\/types\/product"}],"replies":[{"embeddable":true,"href":"https:\/\/www.phyt-inov.com\/fr\/wp-json\/wp\/v2\/comments?post=259"}],"wp:featuredmedia":[{"embeddable":true,"href":"https:\/\/www.phyt-inov.com\/fr\/wp-json\/wp\/v2\/media\/260"}],"wp:attachment":[{"href":"https:\/\/www.phyt-inov.com\/fr\/wp-json\/wp\/v2\/media?parent=259"}],"wp:term":[{"taxonomy":"product_brand","embeddable":true,"href":"https:\/\/www.phyt-inov.com\/fr\/wp-json\/wp\/v2\/product_brand?post=259"},{"taxonomy":"product_cat","embeddable":true,"href":"https:\/\/www.phyt-inov.com\/fr\/wp-json\/wp\/v2\/product_cat?post=259"},{"taxonomy":"product_tag","embeddable":true,"href":"https:\/\/www.phyt-inov.com\/fr\/wp-json\/wp\/v2\/product_tag?post=259"}],"curies":[{"name":"wp","href":"https:\/\/api.w.org\/{rel}","templated":true}]}}