{"id":255,"date":"2019-04-04T21:31:54","date_gmt":"2019-04-04T21:31:54","guid":{"rendered":"https:\/\/www.phyt-inov.com\/?post_type=product&#038;p=255"},"modified":"2026-03-30T09:06:02","modified_gmt":"2026-03-30T09:06:02","slug":"acerola-vit-c-400-gr","status":"publish","type":"product","link":"https:\/\/www.phyt-inov.com\/fr\/produit\/acerola-vit-c-400-gr\/","title":{"rendered":"Ac\u00e9rola Vitamine C 400 g"},"content":{"rendered":"<p>Pot de poudre \u00e0 diluer dans de l&rsquo;eau.<\/p>\n<p>Poids net : 400 g.<\/p>\n<p><strong>Conseils d\u2019utilisation :<\/strong> Prendre 1 cuill\u00e8re-dose, soit 2 g de poudre par jour.<\/p>\n<p>\u00ab Pour votre sant\u00e9, mangez au moins cinq fruits et l\u00e9gumes par jour \u00bb<br \/>\n\u00ab Pour votre sant\u00e9, pratiquez une activit\u00e9 physique r\u00e9guli\u00e8re \u00bb<br \/>\n\u00ab Pour votre sant\u00e9, \u00e9vitez de manger trop gras, trop sucr\u00e9, trop sal\u00e9 \u00bb<br \/>\n\u00ab Pour votre sant\u00e9, \u00e9vitez de grignoter entre les repas \u00bb<br \/>\nwww.mangerbouger.fr<\/p>\n","protected":false},"excerpt":{"rendered":"<p>Les fruits de l&rsquo;ac\u00e9rola appel\u00e9s cerises des Barbades sont gorg\u00e9s de vitamine C. Le proc\u00e9d\u00e9 par fermentation sur sorbitol potentialise son assimilation et son action antioxydante.<\/p>\n<p>Non seulement notre corps ne sait pas synth\u00e9tiser la vitamine C, mais nos besoins quotidiens sont importants.<\/p>\n<p>Cette vitamine C naturelle dos\u00e9e \u00e0 50% fait partie des plus titr\u00e9es du march\u00e9.<\/p>\n","protected":false},"featured_media":256,"comment_status":"open","ping_status":"closed","template":"","meta":{"_et_pb_use_builder":"","_et_pb_old_content":"","_et_gb_content_width":""},"product_brand":[100],"product_cat":[87],"product_tag":[],"class_list":{"0":"post-255","1":"product","2":"type-product","3":"status-publish","4":"has-post-thumbnail","6":"product_brand-phyt-inov","7":"product_cat-complements-alimentaires","9":"first","10":"instock","11":"shipping-taxable","12":"purchasable","13":"product-type-simple"},"yoast_head":"<!-- This site is optimized with the Yoast SEO plugin v27.4 - https:\/\/yoast.com\/product\/yoast-seo-wordpress\/ -->\n<title>Vitamine C Ac\u00e9rola de Phyt-Inov\u00ae officiel - Fruits de l\u2019\u00e9glantier gorg\u00e9s de vitamine C \u2013 Fermentation sur sorbitol potentialise l\u2019assimilation de la vitamine C \u2013 Ac\u00e9rola Vit. C 400 grammes dont 200 grammes de vitamine C | Phyt-inov.com<\/title>\n<meta name=\"description\" content=\"Phyt-Inov international\u00ae officiel, laboratoire suisse propose la vitamine C Ac\u00e9rola proc\u00e9d\u00e9 par fermentation sur sorbitol potentialise son assimilation. Cette vitamine C dos\u00e9e \u00e0 50% fait partie des mieux titr\u00e9es du march\u00e9. (400 grammes soit 200 grammes de vitamine C)\" \/>\n<meta name=\"robots\" content=\"index, follow, max-snippet:-1, max-image-preview:large, max-video-preview:-1\" \/>\n<link rel=\"canonical\" href=\"https:\/\/www.phyt-inov.com\/fr\/produit\/acerola-vit-c-400-gr\/\" \/>\n<meta property=\"og:locale\" content=\"fr_FR\" \/>\n<meta property=\"og:type\" content=\"article\" \/>\n<meta property=\"og:title\" content=\"Vitamine C Ac\u00e9rola de Phyt-Inov\u00ae officiel - Fruits de l\u2019\u00e9glantier gorg\u00e9s de vitamine C \u2013 Fermentation sur sorbitol potentialise l\u2019assimilation de la vitamine C \u2013 Ac\u00e9rola Vit. C 400 grammes dont 200 grammes de vitamine C | Phyt-inov.com\" \/>\n<meta property=\"og:description\" content=\"Phyt-Inov international\u00ae officiel, laboratoire suisse propose la vitamine C Ac\u00e9rola proc\u00e9d\u00e9 par fermentation sur sorbitol potentialise son assimilation. Cette vitamine C dos\u00e9e \u00e0 50% fait partie des mieux titr\u00e9es du march\u00e9. (400 grammes soit 200 grammes de vitamine C)\" \/>\n<meta property=\"og:url\" content=\"https:\/\/www.phyt-inov.com\/fr\/produit\/acerola-vit-c-400-gr\/\" \/>\n<meta property=\"og:site_name\" content=\"Phyt-Inov\" \/>\n<meta property=\"article:publisher\" content=\"https:\/\/www.facebook.com\/phytinov\/\" \/>\n<meta property=\"article:modified_time\" content=\"2026-03-30T09:06:02+00:00\" \/>\n<meta property=\"og:image\" content=\"https:\/\/www.phyt-inov.com\/wp-content\/uploads\/2025\/09\/Vitamine-C-acerola.png\" \/>\n\t<meta property=\"og:image:width\" content=\"819\" \/>\n\t<meta property=\"og:image:height\" content=\"1024\" \/>\n\t<meta property=\"og:image:type\" content=\"image\/png\" \/>\n<meta name=\"twitter:card\" content=\"summary_large_image\" \/>\n<meta name=\"twitter:label1\" content=\"Dur\u00e9e de lecture estim\u00e9e\" \/>\n\t<meta name=\"twitter:data1\" content=\"1 minute\" \/>\n<script type=\"application\/ld+json\" class=\"yoast-schema-graph\">{\"@context\":\"https:\\\/\\\/schema.org\",\"@graph\":[{\"@type\":\"WebPage\",\"@id\":\"https:\\\/\\\/www.phyt-inov.com\\\/fr\\\/produit\\\/acerola-vit-c-400-gr\\\/\",\"url\":\"https:\\\/\\\/www.phyt-inov.com\\\/fr\\\/produit\\\/acerola-vit-c-400-gr\\\/\",\"name\":\"Vitamine C Ac\u00e9rola de Phyt-Inov\u00ae officiel - Fruits de l\u2019\u00e9glantier gorg\u00e9s de vitamine C \u2013 Fermentation sur sorbitol potentialise l\u2019assimilation de la vitamine C \u2013 Ac\u00e9rola Vit. C 400 grammes dont 200 grammes de vitamine C | Phyt-inov.com\",\"isPartOf\":{\"@id\":\"https:\\\/\\\/www.phyt-inov.com\\\/fr\\\/#website\"},\"primaryImageOfPage\":{\"@id\":\"https:\\\/\\\/www.phyt-inov.com\\\/fr\\\/produit\\\/acerola-vit-c-400-gr\\\/#primaryimage\"},\"image\":{\"@id\":\"https:\\\/\\\/www.phyt-inov.com\\\/fr\\\/produit\\\/acerola-vit-c-400-gr\\\/#primaryimage\"},\"thumbnailUrl\":\"https:\\\/\\\/www.phyt-inov.com\\\/wp-content\\\/uploads\\\/2025\\\/09\\\/Vitamine-C-acerola.png\",\"datePublished\":\"2019-04-04T21:31:54+00:00\",\"dateModified\":\"2026-03-30T09:06:02+00:00\",\"description\":\"Phyt-Inov international\u00ae officiel, laboratoire suisse propose la vitamine C Ac\u00e9rola proc\u00e9d\u00e9 par fermentation sur sorbitol potentialise son assimilation. Cette vitamine C dos\u00e9e \u00e0 50% fait partie des mieux titr\u00e9es du march\u00e9. (400 grammes soit 200 grammes de vitamine C)\",\"breadcrumb\":{\"@id\":\"https:\\\/\\\/www.phyt-inov.com\\\/fr\\\/produit\\\/acerola-vit-c-400-gr\\\/#breadcrumb\"},\"inLanguage\":\"fr-FR\",\"potentialAction\":[{\"@type\":\"ReadAction\",\"target\":[\"https:\\\/\\\/www.phyt-inov.com\\\/fr\\\/produit\\\/acerola-vit-c-400-gr\\\/\"]}]},{\"@type\":\"ImageObject\",\"inLanguage\":\"fr-FR\",\"@id\":\"https:\\\/\\\/www.phyt-inov.com\\\/fr\\\/produit\\\/acerola-vit-c-400-gr\\\/#primaryimage\",\"url\":\"https:\\\/\\\/www.phyt-inov.com\\\/wp-content\\\/uploads\\\/2025\\\/09\\\/Vitamine-C-acerola.png\",\"contentUrl\":\"https:\\\/\\\/www.phyt-inov.com\\\/wp-content\\\/uploads\\\/2025\\\/09\\\/Vitamine-C-acerola.png\",\"width\":6400,\"height\":8000,\"caption\":\"phyt-inov produit vitamine c ac\u00e9rola\"},{\"@type\":\"BreadcrumbList\",\"@id\":\"https:\\\/\\\/www.phyt-inov.com\\\/fr\\\/produit\\\/acerola-vit-c-400-gr\\\/#breadcrumb\",\"itemListElement\":[{\"@type\":\"ListItem\",\"position\":1,\"name\":\"Accueil\",\"item\":\"https:\\\/\\\/www.phyt-inov.com\\\/fr\\\/\"},{\"@type\":\"ListItem\",\"position\":2,\"name\":\"Boutique\",\"item\":\"https:\\\/\\\/www.phyt-inov.com\\\/fr\\\/boutique\\\/\"},{\"@type\":\"ListItem\",\"position\":3,\"name\":\"Ac\u00e9rola Vitamine C 400 g\"}]},{\"@type\":\"WebSite\",\"@id\":\"https:\\\/\\\/www.phyt-inov.com\\\/fr\\\/#website\",\"url\":\"https:\\\/\\\/www.phyt-inov.com\\\/fr\\\/\",\"name\":\"Phyt-Inov International\",\"description\":\"L&#039;efficacit\u00e9 naturelle pour vos soins quotidiens\",\"publisher\":{\"@id\":\"https:\\\/\\\/www.phyt-inov.com\\\/fr\\\/#organization\"},\"alternateName\":\"phyt-inov\",\"potentialAction\":[{\"@type\":\"SearchAction\",\"target\":{\"@type\":\"EntryPoint\",\"urlTemplate\":\"https:\\\/\\\/www.phyt-inov.com\\\/fr\\\/?s={search_term_string}\"},\"query-input\":{\"@type\":\"PropertyValueSpecification\",\"valueRequired\":true,\"valueName\":\"search_term_string\"}}],\"inLanguage\":\"fr-FR\"},{\"@type\":\"Organization\",\"@id\":\"https:\\\/\\\/www.phyt-inov.com\\\/fr\\\/#organization\",\"name\":\"Phyt-Inov\",\"alternateName\":\"Phyt-Inov\",\"url\":\"https:\\\/\\\/www.phyt-inov.com\\\/fr\\\/\",\"logo\":{\"@type\":\"ImageObject\",\"inLanguage\":\"fr-FR\",\"@id\":\"https:\\\/\\\/www.phyt-inov.com\\\/fr\\\/#\\\/schema\\\/logo\\\/image\\\/\",\"url\":\"https:\\\/\\\/www.phyt-inov.com\\\/wp-content\\\/uploads\\\/2025\\\/09\\\/Logo-site-phyt-inov4_Plan-de-travail-1-2048x760-1.png\",\"contentUrl\":\"https:\\\/\\\/www.phyt-inov.com\\\/wp-content\\\/uploads\\\/2025\\\/09\\\/Logo-site-phyt-inov4_Plan-de-travail-1-2048x760-1.png\",\"width\":2048,\"height\":760,\"caption\":\"Phyt-Inov\"},\"image\":{\"@id\":\"https:\\\/\\\/www.phyt-inov.com\\\/fr\\\/#\\\/schema\\\/logo\\\/image\\\/\"},\"sameAs\":[\"https:\\\/\\\/www.facebook.com\\\/phytinov\\\/\",\"https:\\\/\\\/www.youtube.com\\\/channel\\\/UCE05sYsSXuuKbLqs4Au3e4Q\",\"https:\\\/\\\/www.instagram.com\\\/phytinov\\\/\"]}]}<\/script>\n<!-- \/ Yoast SEO plugin. -->","yoast_head_json":{"title":"Vitamine C Ac\u00e9rola de Phyt-Inov\u00ae officiel - Fruits de l\u2019\u00e9glantier gorg\u00e9s de vitamine C \u2013 Fermentation sur sorbitol potentialise l\u2019assimilation de la vitamine C \u2013 Ac\u00e9rola Vit. C 400 grammes dont 200 grammes de vitamine C | Phyt-inov.com","description":"Phyt-Inov international\u00ae officiel, laboratoire suisse propose la vitamine C Ac\u00e9rola proc\u00e9d\u00e9 par fermentation sur sorbitol potentialise son assimilation. Cette vitamine C dos\u00e9e \u00e0 50% fait partie des mieux titr\u00e9es du march\u00e9. (400 grammes soit 200 grammes de vitamine C)","robots":{"index":"index","follow":"follow","max-snippet":"max-snippet:-1","max-image-preview":"max-image-preview:large","max-video-preview":"max-video-preview:-1"},"canonical":"https:\/\/www.phyt-inov.com\/fr\/produit\/acerola-vit-c-400-gr\/","og_locale":"fr_FR","og_type":"article","og_title":"Vitamine C Ac\u00e9rola de Phyt-Inov\u00ae officiel - Fruits de l\u2019\u00e9glantier gorg\u00e9s de vitamine C \u2013 Fermentation sur sorbitol potentialise l\u2019assimilation de la vitamine C \u2013 Ac\u00e9rola Vit. C 400 grammes dont 200 grammes de vitamine C | Phyt-inov.com","og_description":"Phyt-Inov international\u00ae officiel, laboratoire suisse propose la vitamine C Ac\u00e9rola proc\u00e9d\u00e9 par fermentation sur sorbitol potentialise son assimilation. Cette vitamine C dos\u00e9e \u00e0 50% fait partie des mieux titr\u00e9es du march\u00e9. (400 grammes soit 200 grammes de vitamine C)","og_url":"https:\/\/www.phyt-inov.com\/fr\/produit\/acerola-vit-c-400-gr\/","og_site_name":"Phyt-Inov","article_publisher":"https:\/\/www.facebook.com\/phytinov\/","article_modified_time":"2026-03-30T09:06:02+00:00","og_image":[{"url":"https:\/\/www.phyt-inov.com\/wp-content\/uploads\/2025\/09\/Vitamine-C-acerola.png","width":819,"height":1024,"type":"image\/png"}],"twitter_card":"summary_large_image","twitter_misc":{"Dur\u00e9e de lecture estim\u00e9e":"1 minute"},"schema":{"@context":"https:\/\/schema.org","@graph":[{"@type":"WebPage","@id":"https:\/\/www.phyt-inov.com\/fr\/produit\/acerola-vit-c-400-gr\/","url":"https:\/\/www.phyt-inov.com\/fr\/produit\/acerola-vit-c-400-gr\/","name":"Vitamine C Ac\u00e9rola de Phyt-Inov\u00ae officiel - Fruits de l\u2019\u00e9glantier gorg\u00e9s de vitamine C \u2013 Fermentation sur sorbitol potentialise l\u2019assimilation de la vitamine C \u2013 Ac\u00e9rola Vit. C 400 grammes dont 200 grammes de vitamine C | Phyt-inov.com","isPartOf":{"@id":"https:\/\/www.phyt-inov.com\/fr\/#website"},"primaryImageOfPage":{"@id":"https:\/\/www.phyt-inov.com\/fr\/produit\/acerola-vit-c-400-gr\/#primaryimage"},"image":{"@id":"https:\/\/www.phyt-inov.com\/fr\/produit\/acerola-vit-c-400-gr\/#primaryimage"},"thumbnailUrl":"https:\/\/www.phyt-inov.com\/wp-content\/uploads\/2025\/09\/Vitamine-C-acerola.png","datePublished":"2019-04-04T21:31:54+00:00","dateModified":"2026-03-30T09:06:02+00:00","description":"Phyt-Inov international\u00ae officiel, laboratoire suisse propose la vitamine C Ac\u00e9rola proc\u00e9d\u00e9 par fermentation sur sorbitol potentialise son assimilation. Cette vitamine C dos\u00e9e \u00e0 50% fait partie des mieux titr\u00e9es du march\u00e9. (400 grammes soit 200 grammes de vitamine C)","breadcrumb":{"@id":"https:\/\/www.phyt-inov.com\/fr\/produit\/acerola-vit-c-400-gr\/#breadcrumb"},"inLanguage":"fr-FR","potentialAction":[{"@type":"ReadAction","target":["https:\/\/www.phyt-inov.com\/fr\/produit\/acerola-vit-c-400-gr\/"]}]},{"@type":"ImageObject","inLanguage":"fr-FR","@id":"https:\/\/www.phyt-inov.com\/fr\/produit\/acerola-vit-c-400-gr\/#primaryimage","url":"https:\/\/www.phyt-inov.com\/wp-content\/uploads\/2025\/09\/Vitamine-C-acerola.png","contentUrl":"https:\/\/www.phyt-inov.com\/wp-content\/uploads\/2025\/09\/Vitamine-C-acerola.png","width":6400,"height":8000,"caption":"phyt-inov produit vitamine c ac\u00e9rola"},{"@type":"BreadcrumbList","@id":"https:\/\/www.phyt-inov.com\/fr\/produit\/acerola-vit-c-400-gr\/#breadcrumb","itemListElement":[{"@type":"ListItem","position":1,"name":"Accueil","item":"https:\/\/www.phyt-inov.com\/fr\/"},{"@type":"ListItem","position":2,"name":"Boutique","item":"https:\/\/www.phyt-inov.com\/fr\/boutique\/"},{"@type":"ListItem","position":3,"name":"Ac\u00e9rola Vitamine C 400 g"}]},{"@type":"WebSite","@id":"https:\/\/www.phyt-inov.com\/fr\/#website","url":"https:\/\/www.phyt-inov.com\/fr\/","name":"Phyt-Inov International","description":"L&#039;efficacit\u00e9 naturelle pour vos soins quotidiens","publisher":{"@id":"https:\/\/www.phyt-inov.com\/fr\/#organization"},"alternateName":"phyt-inov","potentialAction":[{"@type":"SearchAction","target":{"@type":"EntryPoint","urlTemplate":"https:\/\/www.phyt-inov.com\/fr\/?s={search_term_string}"},"query-input":{"@type":"PropertyValueSpecification","valueRequired":true,"valueName":"search_term_string"}}],"inLanguage":"fr-FR"},{"@type":"Organization","@id":"https:\/\/www.phyt-inov.com\/fr\/#organization","name":"Phyt-Inov","alternateName":"Phyt-Inov","url":"https:\/\/www.phyt-inov.com\/fr\/","logo":{"@type":"ImageObject","inLanguage":"fr-FR","@id":"https:\/\/www.phyt-inov.com\/fr\/#\/schema\/logo\/image\/","url":"https:\/\/www.phyt-inov.com\/wp-content\/uploads\/2025\/09\/Logo-site-phyt-inov4_Plan-de-travail-1-2048x760-1.png","contentUrl":"https:\/\/www.phyt-inov.com\/wp-content\/uploads\/2025\/09\/Logo-site-phyt-inov4_Plan-de-travail-1-2048x760-1.png","width":2048,"height":760,"caption":"Phyt-Inov"},"image":{"@id":"https:\/\/www.phyt-inov.com\/fr\/#\/schema\/logo\/image\/"},"sameAs":["https:\/\/www.facebook.com\/phytinov\/","https:\/\/www.youtube.com\/channel\/UCE05sYsSXuuKbLqs4Au3e4Q","https:\/\/www.instagram.com\/phytinov\/"]}]}},"jetpack_sharing_enabled":true,"_links":{"self":[{"href":"https:\/\/www.phyt-inov.com\/fr\/wp-json\/wp\/v2\/product\/255","targetHints":{"allow":["GET"]}}],"collection":[{"href":"https:\/\/www.phyt-inov.com\/fr\/wp-json\/wp\/v2\/product"}],"about":[{"href":"https:\/\/www.phyt-inov.com\/fr\/wp-json\/wp\/v2\/types\/product"}],"replies":[{"embeddable":true,"href":"https:\/\/www.phyt-inov.com\/fr\/wp-json\/wp\/v2\/comments?post=255"}],"wp:featuredmedia":[{"embeddable":true,"href":"https:\/\/www.phyt-inov.com\/fr\/wp-json\/wp\/v2\/media\/256"}],"wp:attachment":[{"href":"https:\/\/www.phyt-inov.com\/fr\/wp-json\/wp\/v2\/media?parent=255"}],"wp:term":[{"taxonomy":"product_brand","embeddable":true,"href":"https:\/\/www.phyt-inov.com\/fr\/wp-json\/wp\/v2\/product_brand?post=255"},{"taxonomy":"product_cat","embeddable":true,"href":"https:\/\/www.phyt-inov.com\/fr\/wp-json\/wp\/v2\/product_cat?post=255"},{"taxonomy":"product_tag","embeddable":true,"href":"https:\/\/www.phyt-inov.com\/fr\/wp-json\/wp\/v2\/product_tag?post=255"}],"curies":[{"name":"wp","href":"https:\/\/api.w.org\/{rel}","templated":true}]}}