{"id":253,"date":"2019-04-04T21:31:48","date_gmt":"2019-04-04T21:31:48","guid":{"rendered":"https:\/\/www.phyt-inov.com\/?post_type=product&#038;p=253"},"modified":"2026-03-31T11:42:17","modified_gmt":"2026-03-31T11:42:17","slug":"propolis-brune-200-gelules","status":"publish","type":"product","link":"https:\/\/www.phyt-inov.com\/fr\/produit\/propolis-brune-200-gelules\/","title":{"rendered":"Propolis brune"},"content":{"rendered":"<p>Bo\u00eete de 60 ou 200 g\u00e9lules dos\u00e9es \u00e0 450 mg.<\/p>\n<p>Poids net : 106 g<\/p>\n<p><strong>Conseils d\u2019utilisation :<\/strong> Prendre 2 \u00e0 6 g\u00e9lules par jour.<\/p>\n","protected":false},"excerpt":{"rendered":"<p><strong>La Propolis brune purifi\u00e9e<\/strong> est un produit exceptionnel.<\/p>\n<p>On trouve facilement aujourd\u2019hui dans le commerce des \u00ab g\u00e9lules de propolis \u00bb qui n\u2019en contiennent parfois que 5 ou 10%, noy\u00e9s dans des amalgames d\u2019excipients \u00ab bon march\u00e9 \u00bb tels que : farine de riz, amidons de ma\u00efs ou de manioc, talc, argile, etc. qui ne sont l\u00e0 que pour faire du volume, du poids et de l\u2019argent et qui ne sont m\u00eame pas toujours indiqu\u00e9s dans la composition.<\/p>\n<p>On en trouve aussi dilu\u00e9e dans de l\u2019alcool sous le nom \u00ab d\u2019extrait de propolis \u00bb, le solvant \u00e9tant baptis\u00e9 \u00ab extrait \u00bb et cela serait semble-t-il l\u00e9gal ! Tout est bon pour vendre tr\u00e8s ch\u00e8re la dose qui convient&#8230; \u00e0 un canari.<\/p>\n<p>La propolis est une substance r\u00e9sineuse que les abeilles recueillent sur les bourgeons de certains arbres. Les abeilles la ram\u00e8nent \u00e0 la ruche pour diverses utilisations : colmater les fissures, les trous, mais aussi comme moyen de lutte biologique. La propolis est riche en flavono\u00efdes, oligo-\u00e9l\u00e9ments, acides organiques, vitamines&#8230; En recouvrant l&rsquo;int\u00e9rieur de leur habitat d&rsquo;une fine pellicule de cette r\u00e9sine, les abeilles se mettent \u00e0 l&rsquo;abri des maladies, des virus, des bact\u00e9ries et champignons.<\/p>\n<p><strong>Phyt-Inov, se basant sur les travaux de scientifiques allemands, scandinaves et est-europ\u00e9ens<\/strong>, propose un haut dosage dans des g\u00e9lules contenant 450 mg de propolis purifi\u00e9e (sans d\u00e9chets de la ruche, sans cire&#8230;).<\/p>\n","protected":false},"featured_media":83175,"comment_status":"open","ping_status":"closed","template":"","meta":{"_et_pb_use_builder":"","_et_pb_old_content":"","_et_gb_content_width":""},"product_brand":[100],"product_cat":[71,76,77],"product_tag":[],"class_list":{"0":"post-253","1":"product","2":"type-product","3":"status-publish","4":"has-post-thumbnail","6":"product_brand-phyt-inov","7":"product_cat-confort-digestif","8":"product_cat-tresors-de-la-ruche","9":"product_cat-voies-urinaires","11":"first","12":"instock","13":"shipping-taxable","14":"purchasable","15":"product-type-variable"},"yoast_head":"<!-- This site is optimized with the Yoast SEO plugin v27.3 - https:\/\/yoast.com\/product\/yoast-seo-wordpress\/ -->\n<title>Propolis brune purifi\u00e9e par Phyt-Inov\u00ae officiel \u2013 Compl\u00e9ment alimentaire pour soutien syst\u00e8me immunitaire - 200 g\u00e9lules dos\u00e9es \u00e0 450 mg | Phyt-inov.com<\/title>\n<meta name=\"description\" content=\"Phyt-Inov\u00ae international, laboratoire suisse r\u00e9f\u00e9rent produit naturel\/bio, propose sa propolis brune (200 g\u00e9lules dos\u00e9es \u00e0 450mg) contenant un haut dosage (sans d\u00e9chets de la ruche) \u2013 La propolis brune a une action antibact\u00e9rienne, am\u00e9liore l\u2019immunit\u00e9 et la r\u00e9sistance.\" \/>\n<meta name=\"robots\" content=\"index, follow, max-snippet:-1, max-image-preview:large, max-video-preview:-1\" \/>\n<link rel=\"canonical\" href=\"https:\/\/www.phyt-inov.com\/fr\/produit\/propolis-brune-200-gelules\/\" \/>\n<meta property=\"og:locale\" content=\"fr_FR\" \/>\n<meta property=\"og:type\" content=\"article\" \/>\n<meta property=\"og:title\" content=\"Propolis brune purifi\u00e9e par Phyt-Inov\u00ae officiel \u2013 Compl\u00e9ment alimentaire pour soutien syst\u00e8me immunitaire - 200 g\u00e9lules dos\u00e9es \u00e0 450 mg | Phyt-inov.com\" \/>\n<meta property=\"og:description\" content=\"Phyt-Inov\u00ae international, laboratoire suisse r\u00e9f\u00e9rent produit naturel\/bio, propose sa propolis brune (200 g\u00e9lules dos\u00e9es \u00e0 450mg) contenant un haut dosage (sans d\u00e9chets de la ruche) \u2013 La propolis brune a une action antibact\u00e9rienne, am\u00e9liore l\u2019immunit\u00e9 et la r\u00e9sistance.\" \/>\n<meta property=\"og:url\" content=\"https:\/\/www.phyt-inov.com\/fr\/produit\/propolis-brune-200-gelules\/\" \/>\n<meta property=\"og:site_name\" content=\"Phyt-Inov\" \/>\n<meta property=\"article:publisher\" content=\"https:\/\/www.facebook.com\/phytinov\/\" \/>\n<meta property=\"article:modified_time\" content=\"2026-03-31T11:42:17+00:00\" \/>\n<meta property=\"og:image\" content=\"https:\/\/www.phyt-inov.com\/wp-content\/uploads\/2019\/04\/Propolis-Brune-200-gel-1-scaled.png\" \/>\n\t<meta property=\"og:image:width\" content=\"2048\" \/>\n\t<meta property=\"og:image:height\" content=\"2560\" \/>\n\t<meta property=\"og:image:type\" content=\"image\/png\" \/>\n<meta name=\"twitter:card\" content=\"summary_large_image\" \/>\n<meta name=\"twitter:label1\" content=\"Dur\u00e9e de lecture estim\u00e9e\" \/>\n\t<meta name=\"twitter:data1\" content=\"1 minute\" \/>\n<script type=\"application\/ld+json\" class=\"yoast-schema-graph\">{\"@context\":\"https:\\\/\\\/schema.org\",\"@graph\":[{\"@type\":\"WebPage\",\"@id\":\"https:\\\/\\\/www.phyt-inov.com\\\/fr\\\/produit\\\/propolis-brune-200-gelules\\\/\",\"url\":\"https:\\\/\\\/www.phyt-inov.com\\\/fr\\\/produit\\\/propolis-brune-200-gelules\\\/\",\"name\":\"Propolis brune purifi\u00e9e par Phyt-Inov\u00ae officiel \u2013 Compl\u00e9ment alimentaire pour soutien syst\u00e8me immunitaire - 200 g\u00e9lules dos\u00e9es \u00e0 450 mg | Phyt-inov.com\",\"isPartOf\":{\"@id\":\"https:\\\/\\\/www.phyt-inov.com\\\/fr\\\/#website\"},\"primaryImageOfPage\":{\"@id\":\"https:\\\/\\\/www.phyt-inov.com\\\/fr\\\/produit\\\/propolis-brune-200-gelules\\\/#primaryimage\"},\"image\":{\"@id\":\"https:\\\/\\\/www.phyt-inov.com\\\/fr\\\/produit\\\/propolis-brune-200-gelules\\\/#primaryimage\"},\"thumbnailUrl\":\"https:\\\/\\\/www.phyt-inov.com\\\/wp-content\\\/uploads\\\/2019\\\/04\\\/Propolis-Brune-200-gel-1-scaled.png\",\"datePublished\":\"2019-04-04T21:31:48+00:00\",\"dateModified\":\"2026-03-31T11:42:17+00:00\",\"description\":\"Phyt-Inov\u00ae international, laboratoire suisse r\u00e9f\u00e9rent produit naturel\\\/bio, propose sa propolis brune (200 g\u00e9lules dos\u00e9es \u00e0 450mg) contenant un haut dosage (sans d\u00e9chets de la ruche) \u2013 La propolis brune a une action antibact\u00e9rienne, am\u00e9liore l\u2019immunit\u00e9 et la r\u00e9sistance.\",\"breadcrumb\":{\"@id\":\"https:\\\/\\\/www.phyt-inov.com\\\/fr\\\/produit\\\/propolis-brune-200-gelules\\\/#breadcrumb\"},\"inLanguage\":\"fr-FR\",\"potentialAction\":[{\"@type\":\"ReadAction\",\"target\":[\"https:\\\/\\\/www.phyt-inov.com\\\/fr\\\/produit\\\/propolis-brune-200-gelules\\\/\"]}]},{\"@type\":\"ImageObject\",\"inLanguage\":\"fr-FR\",\"@id\":\"https:\\\/\\\/www.phyt-inov.com\\\/fr\\\/produit\\\/propolis-brune-200-gelules\\\/#primaryimage\",\"url\":\"https:\\\/\\\/www.phyt-inov.com\\\/wp-content\\\/uploads\\\/2019\\\/04\\\/Propolis-Brune-200-gel-1-scaled.png\",\"contentUrl\":\"https:\\\/\\\/www.phyt-inov.com\\\/wp-content\\\/uploads\\\/2019\\\/04\\\/Propolis-Brune-200-gel-1-scaled.png\",\"width\":2048,\"height\":2560,\"caption\":\"phyt-inov produit propolis brune\"},{\"@type\":\"BreadcrumbList\",\"@id\":\"https:\\\/\\\/www.phyt-inov.com\\\/fr\\\/produit\\\/propolis-brune-200-gelules\\\/#breadcrumb\",\"itemListElement\":[{\"@type\":\"ListItem\",\"position\":1,\"name\":\"Accueil\",\"item\":\"https:\\\/\\\/www.phyt-inov.com\\\/fr\\\/\"},{\"@type\":\"ListItem\",\"position\":2,\"name\":\"Boutique\",\"item\":\"https:\\\/\\\/www.phyt-inov.com\\\/fr\\\/boutique\\\/\"},{\"@type\":\"ListItem\",\"position\":3,\"name\":\"Propolis brune\"}]},{\"@type\":\"WebSite\",\"@id\":\"https:\\\/\\\/www.phyt-inov.com\\\/fr\\\/#website\",\"url\":\"https:\\\/\\\/www.phyt-inov.com\\\/fr\\\/\",\"name\":\"Phyt-Inov International\",\"description\":\"L&#039;efficacit\u00e9 naturelle pour vos soins quotidiens\",\"publisher\":{\"@id\":\"https:\\\/\\\/www.phyt-inov.com\\\/fr\\\/#organization\"},\"alternateName\":\"phyt-inov\",\"potentialAction\":[{\"@type\":\"SearchAction\",\"target\":{\"@type\":\"EntryPoint\",\"urlTemplate\":\"https:\\\/\\\/www.phyt-inov.com\\\/fr\\\/?s={search_term_string}\"},\"query-input\":{\"@type\":\"PropertyValueSpecification\",\"valueRequired\":true,\"valueName\":\"search_term_string\"}}],\"inLanguage\":\"fr-FR\"},{\"@type\":\"Organization\",\"@id\":\"https:\\\/\\\/www.phyt-inov.com\\\/fr\\\/#organization\",\"name\":\"Phyt-Inov\",\"alternateName\":\"Phyt-Inov\",\"url\":\"https:\\\/\\\/www.phyt-inov.com\\\/fr\\\/\",\"logo\":{\"@type\":\"ImageObject\",\"inLanguage\":\"fr-FR\",\"@id\":\"https:\\\/\\\/www.phyt-inov.com\\\/fr\\\/#\\\/schema\\\/logo\\\/image\\\/\",\"url\":\"https:\\\/\\\/www.phyt-inov.com\\\/wp-content\\\/uploads\\\/2025\\\/09\\\/Logo-site-phyt-inov4_Plan-de-travail-1-2048x760-1.png\",\"contentUrl\":\"https:\\\/\\\/www.phyt-inov.com\\\/wp-content\\\/uploads\\\/2025\\\/09\\\/Logo-site-phyt-inov4_Plan-de-travail-1-2048x760-1.png\",\"width\":2048,\"height\":760,\"caption\":\"Phyt-Inov\"},\"image\":{\"@id\":\"https:\\\/\\\/www.phyt-inov.com\\\/fr\\\/#\\\/schema\\\/logo\\\/image\\\/\"},\"sameAs\":[\"https:\\\/\\\/www.facebook.com\\\/phytinov\\\/\",\"https:\\\/\\\/www.youtube.com\\\/channel\\\/UCE05sYsSXuuKbLqs4Au3e4Q\",\"https:\\\/\\\/www.instagram.com\\\/phytinov\\\/\"]}]}<\/script>\n<!-- \/ Yoast SEO plugin. -->","yoast_head_json":{"title":"Propolis brune purifi\u00e9e par Phyt-Inov\u00ae officiel \u2013 Compl\u00e9ment alimentaire pour soutien syst\u00e8me immunitaire - 200 g\u00e9lules dos\u00e9es \u00e0 450 mg | Phyt-inov.com","description":"Phyt-Inov\u00ae international, laboratoire suisse r\u00e9f\u00e9rent produit naturel\/bio, propose sa propolis brune (200 g\u00e9lules dos\u00e9es \u00e0 450mg) contenant un haut dosage (sans d\u00e9chets de la ruche) \u2013 La propolis brune a une action antibact\u00e9rienne, am\u00e9liore l\u2019immunit\u00e9 et la r\u00e9sistance.","robots":{"index":"index","follow":"follow","max-snippet":"max-snippet:-1","max-image-preview":"max-image-preview:large","max-video-preview":"max-video-preview:-1"},"canonical":"https:\/\/www.phyt-inov.com\/fr\/produit\/propolis-brune-200-gelules\/","og_locale":"fr_FR","og_type":"article","og_title":"Propolis brune purifi\u00e9e par Phyt-Inov\u00ae officiel \u2013 Compl\u00e9ment alimentaire pour soutien syst\u00e8me immunitaire - 200 g\u00e9lules dos\u00e9es \u00e0 450 mg | Phyt-inov.com","og_description":"Phyt-Inov\u00ae international, laboratoire suisse r\u00e9f\u00e9rent produit naturel\/bio, propose sa propolis brune (200 g\u00e9lules dos\u00e9es \u00e0 450mg) contenant un haut dosage (sans d\u00e9chets de la ruche) \u2013 La propolis brune a une action antibact\u00e9rienne, am\u00e9liore l\u2019immunit\u00e9 et la r\u00e9sistance.","og_url":"https:\/\/www.phyt-inov.com\/fr\/produit\/propolis-brune-200-gelules\/","og_site_name":"Phyt-Inov","article_publisher":"https:\/\/www.facebook.com\/phytinov\/","article_modified_time":"2026-03-31T11:42:17+00:00","og_image":[{"width":2048,"height":2560,"url":"https:\/\/www.phyt-inov.com\/wp-content\/uploads\/2019\/04\/Propolis-Brune-200-gel-1-scaled.png","type":"image\/png"}],"twitter_card":"summary_large_image","twitter_misc":{"Dur\u00e9e de lecture estim\u00e9e":"1 minute"},"schema":{"@context":"https:\/\/schema.org","@graph":[{"@type":"WebPage","@id":"https:\/\/www.phyt-inov.com\/fr\/produit\/propolis-brune-200-gelules\/","url":"https:\/\/www.phyt-inov.com\/fr\/produit\/propolis-brune-200-gelules\/","name":"Propolis brune purifi\u00e9e par Phyt-Inov\u00ae officiel \u2013 Compl\u00e9ment alimentaire pour soutien syst\u00e8me immunitaire - 200 g\u00e9lules dos\u00e9es \u00e0 450 mg | Phyt-inov.com","isPartOf":{"@id":"https:\/\/www.phyt-inov.com\/fr\/#website"},"primaryImageOfPage":{"@id":"https:\/\/www.phyt-inov.com\/fr\/produit\/propolis-brune-200-gelules\/#primaryimage"},"image":{"@id":"https:\/\/www.phyt-inov.com\/fr\/produit\/propolis-brune-200-gelules\/#primaryimage"},"thumbnailUrl":"https:\/\/www.phyt-inov.com\/wp-content\/uploads\/2019\/04\/Propolis-Brune-200-gel-1-scaled.png","datePublished":"2019-04-04T21:31:48+00:00","dateModified":"2026-03-31T11:42:17+00:00","description":"Phyt-Inov\u00ae international, laboratoire suisse r\u00e9f\u00e9rent produit naturel\/bio, propose sa propolis brune (200 g\u00e9lules dos\u00e9es \u00e0 450mg) contenant un haut dosage (sans d\u00e9chets de la ruche) \u2013 La propolis brune a une action antibact\u00e9rienne, am\u00e9liore l\u2019immunit\u00e9 et la r\u00e9sistance.","breadcrumb":{"@id":"https:\/\/www.phyt-inov.com\/fr\/produit\/propolis-brune-200-gelules\/#breadcrumb"},"inLanguage":"fr-FR","potentialAction":[{"@type":"ReadAction","target":["https:\/\/www.phyt-inov.com\/fr\/produit\/propolis-brune-200-gelules\/"]}]},{"@type":"ImageObject","inLanguage":"fr-FR","@id":"https:\/\/www.phyt-inov.com\/fr\/produit\/propolis-brune-200-gelules\/#primaryimage","url":"https:\/\/www.phyt-inov.com\/wp-content\/uploads\/2019\/04\/Propolis-Brune-200-gel-1-scaled.png","contentUrl":"https:\/\/www.phyt-inov.com\/wp-content\/uploads\/2019\/04\/Propolis-Brune-200-gel-1-scaled.png","width":2048,"height":2560,"caption":"phyt-inov produit propolis brune"},{"@type":"BreadcrumbList","@id":"https:\/\/www.phyt-inov.com\/fr\/produit\/propolis-brune-200-gelules\/#breadcrumb","itemListElement":[{"@type":"ListItem","position":1,"name":"Accueil","item":"https:\/\/www.phyt-inov.com\/fr\/"},{"@type":"ListItem","position":2,"name":"Boutique","item":"https:\/\/www.phyt-inov.com\/fr\/boutique\/"},{"@type":"ListItem","position":3,"name":"Propolis brune"}]},{"@type":"WebSite","@id":"https:\/\/www.phyt-inov.com\/fr\/#website","url":"https:\/\/www.phyt-inov.com\/fr\/","name":"Phyt-Inov International","description":"L&#039;efficacit\u00e9 naturelle pour vos soins quotidiens","publisher":{"@id":"https:\/\/www.phyt-inov.com\/fr\/#organization"},"alternateName":"phyt-inov","potentialAction":[{"@type":"SearchAction","target":{"@type":"EntryPoint","urlTemplate":"https:\/\/www.phyt-inov.com\/fr\/?s={search_term_string}"},"query-input":{"@type":"PropertyValueSpecification","valueRequired":true,"valueName":"search_term_string"}}],"inLanguage":"fr-FR"},{"@type":"Organization","@id":"https:\/\/www.phyt-inov.com\/fr\/#organization","name":"Phyt-Inov","alternateName":"Phyt-Inov","url":"https:\/\/www.phyt-inov.com\/fr\/","logo":{"@type":"ImageObject","inLanguage":"fr-FR","@id":"https:\/\/www.phyt-inov.com\/fr\/#\/schema\/logo\/image\/","url":"https:\/\/www.phyt-inov.com\/wp-content\/uploads\/2025\/09\/Logo-site-phyt-inov4_Plan-de-travail-1-2048x760-1.png","contentUrl":"https:\/\/www.phyt-inov.com\/wp-content\/uploads\/2025\/09\/Logo-site-phyt-inov4_Plan-de-travail-1-2048x760-1.png","width":2048,"height":760,"caption":"Phyt-Inov"},"image":{"@id":"https:\/\/www.phyt-inov.com\/fr\/#\/schema\/logo\/image\/"},"sameAs":["https:\/\/www.facebook.com\/phytinov\/","https:\/\/www.youtube.com\/channel\/UCE05sYsSXuuKbLqs4Au3e4Q","https:\/\/www.instagram.com\/phytinov\/"]}]}},"jetpack_sharing_enabled":true,"_links":{"self":[{"href":"https:\/\/www.phyt-inov.com\/fr\/wp-json\/wp\/v2\/product\/253","targetHints":{"allow":["GET"]}}],"collection":[{"href":"https:\/\/www.phyt-inov.com\/fr\/wp-json\/wp\/v2\/product"}],"about":[{"href":"https:\/\/www.phyt-inov.com\/fr\/wp-json\/wp\/v2\/types\/product"}],"replies":[{"embeddable":true,"href":"https:\/\/www.phyt-inov.com\/fr\/wp-json\/wp\/v2\/comments?post=253"}],"wp:featuredmedia":[{"embeddable":true,"href":"https:\/\/www.phyt-inov.com\/fr\/wp-json\/wp\/v2\/media\/83175"}],"wp:attachment":[{"href":"https:\/\/www.phyt-inov.com\/fr\/wp-json\/wp\/v2\/media?parent=253"}],"wp:term":[{"taxonomy":"product_brand","embeddable":true,"href":"https:\/\/www.phyt-inov.com\/fr\/wp-json\/wp\/v2\/product_brand?post=253"},{"taxonomy":"product_cat","embeddable":true,"href":"https:\/\/www.phyt-inov.com\/fr\/wp-json\/wp\/v2\/product_cat?post=253"},{"taxonomy":"product_tag","embeddable":true,"href":"https:\/\/www.phyt-inov.com\/fr\/wp-json\/wp\/v2\/product_tag?post=253"}],"curies":[{"name":"wp","href":"https:\/\/api.w.org\/{rel}","templated":true}]}}