{"id":248,"date":"2019-04-04T21:31:36","date_gmt":"2019-04-04T21:31:36","guid":{"rendered":"https:\/\/www.phyt-inov.com\/?post_type=product&#038;p=248"},"modified":"2026-03-23T14:41:53","modified_gmt":"2026-03-23T14:41:53","slug":"floraserum-corps","status":"publish","type":"product","link":"https:\/\/www.phyt-inov.com\/fr\/produit\/floraserum-corps\/","title":{"rendered":"Floras\u00e9rum Corps"},"content":{"rendered":"<p><b>Biomaxi, pour un maximum bio du total des ingr\u00e9dients.<\/b><\/p>\n<p>Appliquer matin et soir sur l\u2019ensemble du corps : sur les jambes, masser des pieds vers les hanches toujours en remontant de m\u00eame que pour les bras et la poitrine; insister sur les zones congestionn\u00e9es par des mouvements circulaires, ventre, hanches, etc.<br \/>\n<b>En cabine :<\/b> utilisation pour le modelage du corps et soin sp\u00e9cifique des jambes.<\/p>\n<p><b>Contient plus de 15 plantes dont:<\/b><br \/>\nHuile de jojoba : Hydratante et \u00e9lasticit\u00e9<br \/>\nHuile d\u2019amande douce : vergetures, \u00e9lasticit\u00e9<br \/>\nHuile de macadamia : hydratante et nourrissante<br \/>\nRomarin : \u00e9limination<\/p>\n<p><b>Flacon Airless de 100 ml.<\/b><br \/>\nAucun conservateur .<br \/>\n<b>100%<\/b> du total des ingr\u00e9dients sont d\u2019origine naturelle.<br \/>\n<b>100%<\/b> du total des ingr\u00e9dients sont issus de l\u2019agriculture biologique.<\/p>\n","protected":false},"excerpt":{"rendered":"<p><b>Confort<\/b><\/p>\n<p>Complexe d\u2019huiles s\u00e8ches aux propri\u00e9t\u00e9s tonifiantes, drainantes et hydratantes sp\u00e9cialement choisies pour l\u2019ensemble du corps. Une utilisation r\u00e9guli\u00e8re de ce soin affine le grain de peau, lui donne un velout\u00e9 incomparable.<br \/>\nCe soin du corps tout v\u00e9g\u00e9tal est essentiel dans la ligne <b>Flora d\u2019Essarts<\/b> par sa composition sp\u00e9cialement \u00e9tudi\u00e9e apportant confort et bien-\u00eatre pour des journ\u00e9es toniques et des nuits zen.<br \/>\nVotre \u00e9piderme est r\u00e9g\u00e9n\u00e9r\u00e9 , apais\u00e9 et liss\u00e9.<\/p>\n","protected":false},"featured_media":249,"comment_status":"open","ping_status":"closed","template":"","meta":{"_et_pb_use_builder":"","_et_pb_old_content":"","_et_gb_content_width":""},"product_brand":[101],"product_cat":[86,94],"product_tag":[],"class_list":{"0":"post-248","1":"product","2":"type-product","3":"status-publish","4":"has-post-thumbnail","6":"product_brand-flora-dessarts","7":"product_cat-cosmetiques-bio","8":"product_cat-hygiene-beaute-peau","10":"first","11":"instock","12":"shipping-taxable","13":"purchasable","14":"product-type-simple"},"yoast_head":"<!-- This site is optimized with the Yoast SEO plugin v27.4 - https:\/\/yoast.com\/product\/yoast-seo-wordpress\/ -->\n<title>Floras\u00e9rum Corps - Flora d&#039;Essarts - Phyt-Inov\u00ae officiel - huiles s\u00e8ches biologiques pour le soin de la peau et du corps - modelage et relaxation - affine le grain de la peau - 100 ml 100% naturel et 100% biologique | Phyt-inov.com<\/title>\n<meta name=\"description\" content=\"Phyt-Inov international\u00ae officiel, laboratoire suisse r\u00e9f\u00e9rent en soins et cosm\u00e9tiques naturels et biologiques pour la sant\u00e9 et la beaut\u00e9 de la peau, propose son Floras\u00e9rum Corps Flora d&#039;Essarts, (100 ml sans conservateurs ni PEG) \u2013 Le Floras\u00e9rum Corps Flora d&#039;Essarts est un produit naturel\/bio de Phyt Inov pour pr\u00e9server la beaut\u00e9 de la peau (huile de jojoba\/amande douce\/macadamia\/romarin). Complexe d\u2019huiles s\u00e8ches et d\u2019huiles essentielles aux propri\u00e9t\u00e9s tonifiantes, drainantes et hydratantes. Il affine le grain de peau, lui donne un velout\u00e9 incomparable.\" \/>\n<meta name=\"robots\" content=\"index, follow, max-snippet:-1, max-image-preview:large, max-video-preview:-1\" \/>\n<link rel=\"canonical\" href=\"https:\/\/www.phyt-inov.com\/fr\/produit\/floraserum-corps\/\" \/>\n<meta property=\"og:locale\" content=\"fr_FR\" \/>\n<meta property=\"og:type\" content=\"article\" \/>\n<meta property=\"og:title\" content=\"Floras\u00e9rum Corps - Flora d&#039;Essarts - Phyt-Inov\u00ae officiel - huiles s\u00e8ches biologiques pour le soin de la peau et du corps - modelage et relaxation - affine le grain de la peau - 100 ml 100% naturel et 100% biologique | Phyt-inov.com\" \/>\n<meta property=\"og:description\" content=\"Phyt-Inov international\u00ae officiel, laboratoire suisse r\u00e9f\u00e9rent en soins et cosm\u00e9tiques naturels et biologiques pour la sant\u00e9 et la beaut\u00e9 de la peau, propose son Floras\u00e9rum Corps Flora d&#039;Essarts, (100 ml sans conservateurs ni PEG) \u2013 Le Floras\u00e9rum Corps Flora d&#039;Essarts est un produit naturel\/bio de Phyt Inov pour pr\u00e9server la beaut\u00e9 de la peau (huile de jojoba\/amande douce\/macadamia\/romarin). Complexe d\u2019huiles s\u00e8ches et d\u2019huiles essentielles aux propri\u00e9t\u00e9s tonifiantes, drainantes et hydratantes. Il affine le grain de peau, lui donne un velout\u00e9 incomparable.\" \/>\n<meta property=\"og:url\" content=\"https:\/\/www.phyt-inov.com\/fr\/produit\/floraserum-corps\/\" \/>\n<meta property=\"og:site_name\" content=\"Phyt-Inov\" \/>\n<meta property=\"article:publisher\" content=\"https:\/\/www.facebook.com\/phytinov\/\" \/>\n<meta property=\"article:modified_time\" content=\"2026-03-23T14:41:53+00:00\" \/>\n<meta property=\"og:image\" content=\"https:\/\/www.phyt-inov.com\/wp-content\/uploads\/2025\/09\/Floraserum-Corps-pour-site-phyt-inov-1-scaled-1.jpg\" \/>\n\t<meta property=\"og:image:width\" content=\"2048\" \/>\n\t<meta property=\"og:image:height\" content=\"2560\" \/>\n\t<meta property=\"og:image:type\" content=\"image\/jpeg\" \/>\n<meta name=\"twitter:card\" content=\"summary_large_image\" \/>\n<meta name=\"twitter:label1\" content=\"Dur\u00e9e de lecture estim\u00e9e\" \/>\n\t<meta name=\"twitter:data1\" content=\"1 minute\" \/>\n<script type=\"application\/ld+json\" class=\"yoast-schema-graph\">{\"@context\":\"https:\\\/\\\/schema.org\",\"@graph\":[{\"@type\":\"WebPage\",\"@id\":\"https:\\\/\\\/www.phyt-inov.com\\\/fr\\\/produit\\\/floraserum-corps\\\/\",\"url\":\"https:\\\/\\\/www.phyt-inov.com\\\/fr\\\/produit\\\/floraserum-corps\\\/\",\"name\":\"Floras\u00e9rum Corps - Flora d'Essarts - Phyt-Inov\u00ae officiel - huiles s\u00e8ches biologiques pour le soin de la peau et du corps - modelage et relaxation - affine le grain de la peau - 100 ml 100% naturel et 100% biologique | Phyt-inov.com\",\"isPartOf\":{\"@id\":\"https:\\\/\\\/www.phyt-inov.com\\\/fr\\\/#website\"},\"primaryImageOfPage\":{\"@id\":\"https:\\\/\\\/www.phyt-inov.com\\\/fr\\\/produit\\\/floraserum-corps\\\/#primaryimage\"},\"image\":{\"@id\":\"https:\\\/\\\/www.phyt-inov.com\\\/fr\\\/produit\\\/floraserum-corps\\\/#primaryimage\"},\"thumbnailUrl\":\"https:\\\/\\\/www.phyt-inov.com\\\/wp-content\\\/uploads\\\/2025\\\/09\\\/Floraserum-Corps-pour-site-phyt-inov-1-scaled-1.jpg\",\"datePublished\":\"2019-04-04T21:31:36+00:00\",\"dateModified\":\"2026-03-23T14:41:53+00:00\",\"description\":\"Phyt-Inov international\u00ae officiel, laboratoire suisse r\u00e9f\u00e9rent en soins et cosm\u00e9tiques naturels et biologiques pour la sant\u00e9 et la beaut\u00e9 de la peau, propose son Floras\u00e9rum Corps Flora d'Essarts, (100 ml sans conservateurs ni PEG) \u2013 Le Floras\u00e9rum Corps Flora d'Essarts est un produit naturel\\\/bio de Phyt Inov pour pr\u00e9server la beaut\u00e9 de la peau (huile de jojoba\\\/amande douce\\\/macadamia\\\/romarin). Complexe d\u2019huiles s\u00e8ches et d\u2019huiles essentielles aux propri\u00e9t\u00e9s tonifiantes, drainantes et hydratantes. Il affine le grain de peau, lui donne un velout\u00e9 incomparable.\",\"breadcrumb\":{\"@id\":\"https:\\\/\\\/www.phyt-inov.com\\\/fr\\\/produit\\\/floraserum-corps\\\/#breadcrumb\"},\"inLanguage\":\"fr-FR\",\"potentialAction\":[{\"@type\":\"ReadAction\",\"target\":[\"https:\\\/\\\/www.phyt-inov.com\\\/fr\\\/produit\\\/floraserum-corps\\\/\"]}]},{\"@type\":\"ImageObject\",\"inLanguage\":\"fr-FR\",\"@id\":\"https:\\\/\\\/www.phyt-inov.com\\\/fr\\\/produit\\\/floraserum-corps\\\/#primaryimage\",\"url\":\"https:\\\/\\\/www.phyt-inov.com\\\/wp-content\\\/uploads\\\/2025\\\/09\\\/Floraserum-Corps-pour-site-phyt-inov-1-scaled-1.jpg\",\"contentUrl\":\"https:\\\/\\\/www.phyt-inov.com\\\/wp-content\\\/uploads\\\/2025\\\/09\\\/Floraserum-Corps-pour-site-phyt-inov-1-scaled-1.jpg\",\"width\":2048,\"height\":2560,\"caption\":\"flora d'essarts foras\u00e9rum corps\"},{\"@type\":\"BreadcrumbList\",\"@id\":\"https:\\\/\\\/www.phyt-inov.com\\\/fr\\\/produit\\\/floraserum-corps\\\/#breadcrumb\",\"itemListElement\":[{\"@type\":\"ListItem\",\"position\":1,\"name\":\"Accueil\",\"item\":\"https:\\\/\\\/www.phyt-inov.com\\\/fr\\\/\"},{\"@type\":\"ListItem\",\"position\":2,\"name\":\"Boutique\",\"item\":\"https:\\\/\\\/www.phyt-inov.com\\\/fr\\\/boutique\\\/\"},{\"@type\":\"ListItem\",\"position\":3,\"name\":\"Floras\u00e9rum Corps\"}]},{\"@type\":\"WebSite\",\"@id\":\"https:\\\/\\\/www.phyt-inov.com\\\/fr\\\/#website\",\"url\":\"https:\\\/\\\/www.phyt-inov.com\\\/fr\\\/\",\"name\":\"Phyt-Inov International\",\"description\":\"L&#039;efficacit\u00e9 naturelle pour vos soins quotidiens\",\"publisher\":{\"@id\":\"https:\\\/\\\/www.phyt-inov.com\\\/fr\\\/#organization\"},\"alternateName\":\"phyt-inov\",\"potentialAction\":[{\"@type\":\"SearchAction\",\"target\":{\"@type\":\"EntryPoint\",\"urlTemplate\":\"https:\\\/\\\/www.phyt-inov.com\\\/fr\\\/?s={search_term_string}\"},\"query-input\":{\"@type\":\"PropertyValueSpecification\",\"valueRequired\":true,\"valueName\":\"search_term_string\"}}],\"inLanguage\":\"fr-FR\"},{\"@type\":\"Organization\",\"@id\":\"https:\\\/\\\/www.phyt-inov.com\\\/fr\\\/#organization\",\"name\":\"Phyt-Inov\",\"alternateName\":\"Phyt-Inov\",\"url\":\"https:\\\/\\\/www.phyt-inov.com\\\/fr\\\/\",\"logo\":{\"@type\":\"ImageObject\",\"inLanguage\":\"fr-FR\",\"@id\":\"https:\\\/\\\/www.phyt-inov.com\\\/fr\\\/#\\\/schema\\\/logo\\\/image\\\/\",\"url\":\"https:\\\/\\\/www.phyt-inov.com\\\/wp-content\\\/uploads\\\/2025\\\/09\\\/Logo-site-phyt-inov4_Plan-de-travail-1-2048x760-1.png\",\"contentUrl\":\"https:\\\/\\\/www.phyt-inov.com\\\/wp-content\\\/uploads\\\/2025\\\/09\\\/Logo-site-phyt-inov4_Plan-de-travail-1-2048x760-1.png\",\"width\":2048,\"height\":760,\"caption\":\"Phyt-Inov\"},\"image\":{\"@id\":\"https:\\\/\\\/www.phyt-inov.com\\\/fr\\\/#\\\/schema\\\/logo\\\/image\\\/\"},\"sameAs\":[\"https:\\\/\\\/www.facebook.com\\\/phytinov\\\/\",\"https:\\\/\\\/www.youtube.com\\\/channel\\\/UCE05sYsSXuuKbLqs4Au3e4Q\",\"https:\\\/\\\/www.instagram.com\\\/phytinov\\\/\"]}]}<\/script>\n<!-- \/ Yoast SEO plugin. -->","yoast_head_json":{"title":"Floras\u00e9rum Corps - Flora d'Essarts - Phyt-Inov\u00ae officiel - huiles s\u00e8ches biologiques pour le soin de la peau et du corps - modelage et relaxation - affine le grain de la peau - 100 ml 100% naturel et 100% biologique | Phyt-inov.com","description":"Phyt-Inov international\u00ae officiel, laboratoire suisse r\u00e9f\u00e9rent en soins et cosm\u00e9tiques naturels et biologiques pour la sant\u00e9 et la beaut\u00e9 de la peau, propose son Floras\u00e9rum Corps Flora d'Essarts, (100 ml sans conservateurs ni PEG) \u2013 Le Floras\u00e9rum Corps Flora d'Essarts est un produit naturel\/bio de Phyt Inov pour pr\u00e9server la beaut\u00e9 de la peau (huile de jojoba\/amande douce\/macadamia\/romarin). Complexe d\u2019huiles s\u00e8ches et d\u2019huiles essentielles aux propri\u00e9t\u00e9s tonifiantes, drainantes et hydratantes. Il affine le grain de peau, lui donne un velout\u00e9 incomparable.","robots":{"index":"index","follow":"follow","max-snippet":"max-snippet:-1","max-image-preview":"max-image-preview:large","max-video-preview":"max-video-preview:-1"},"canonical":"https:\/\/www.phyt-inov.com\/fr\/produit\/floraserum-corps\/","og_locale":"fr_FR","og_type":"article","og_title":"Floras\u00e9rum Corps - Flora d'Essarts - Phyt-Inov\u00ae officiel - huiles s\u00e8ches biologiques pour le soin de la peau et du corps - modelage et relaxation - affine le grain de la peau - 100 ml 100% naturel et 100% biologique | Phyt-inov.com","og_description":"Phyt-Inov international\u00ae officiel, laboratoire suisse r\u00e9f\u00e9rent en soins et cosm\u00e9tiques naturels et biologiques pour la sant\u00e9 et la beaut\u00e9 de la peau, propose son Floras\u00e9rum Corps Flora d'Essarts, (100 ml sans conservateurs ni PEG) \u2013 Le Floras\u00e9rum Corps Flora d'Essarts est un produit naturel\/bio de Phyt Inov pour pr\u00e9server la beaut\u00e9 de la peau (huile de jojoba\/amande douce\/macadamia\/romarin). Complexe d\u2019huiles s\u00e8ches et d\u2019huiles essentielles aux propri\u00e9t\u00e9s tonifiantes, drainantes et hydratantes. Il affine le grain de peau, lui donne un velout\u00e9 incomparable.","og_url":"https:\/\/www.phyt-inov.com\/fr\/produit\/floraserum-corps\/","og_site_name":"Phyt-Inov","article_publisher":"https:\/\/www.facebook.com\/phytinov\/","article_modified_time":"2026-03-23T14:41:53+00:00","og_image":[{"width":2048,"height":2560,"url":"https:\/\/www.phyt-inov.com\/wp-content\/uploads\/2025\/09\/Floraserum-Corps-pour-site-phyt-inov-1-scaled-1.jpg","type":"image\/jpeg"}],"twitter_card":"summary_large_image","twitter_misc":{"Dur\u00e9e de lecture estim\u00e9e":"1 minute"},"schema":{"@context":"https:\/\/schema.org","@graph":[{"@type":"WebPage","@id":"https:\/\/www.phyt-inov.com\/fr\/produit\/floraserum-corps\/","url":"https:\/\/www.phyt-inov.com\/fr\/produit\/floraserum-corps\/","name":"Floras\u00e9rum Corps - Flora d'Essarts - Phyt-Inov\u00ae officiel - huiles s\u00e8ches biologiques pour le soin de la peau et du corps - modelage et relaxation - affine le grain de la peau - 100 ml 100% naturel et 100% biologique | Phyt-inov.com","isPartOf":{"@id":"https:\/\/www.phyt-inov.com\/fr\/#website"},"primaryImageOfPage":{"@id":"https:\/\/www.phyt-inov.com\/fr\/produit\/floraserum-corps\/#primaryimage"},"image":{"@id":"https:\/\/www.phyt-inov.com\/fr\/produit\/floraserum-corps\/#primaryimage"},"thumbnailUrl":"https:\/\/www.phyt-inov.com\/wp-content\/uploads\/2025\/09\/Floraserum-Corps-pour-site-phyt-inov-1-scaled-1.jpg","datePublished":"2019-04-04T21:31:36+00:00","dateModified":"2026-03-23T14:41:53+00:00","description":"Phyt-Inov international\u00ae officiel, laboratoire suisse r\u00e9f\u00e9rent en soins et cosm\u00e9tiques naturels et biologiques pour la sant\u00e9 et la beaut\u00e9 de la peau, propose son Floras\u00e9rum Corps Flora d'Essarts, (100 ml sans conservateurs ni PEG) \u2013 Le Floras\u00e9rum Corps Flora d'Essarts est un produit naturel\/bio de Phyt Inov pour pr\u00e9server la beaut\u00e9 de la peau (huile de jojoba\/amande douce\/macadamia\/romarin). Complexe d\u2019huiles s\u00e8ches et d\u2019huiles essentielles aux propri\u00e9t\u00e9s tonifiantes, drainantes et hydratantes. Il affine le grain de peau, lui donne un velout\u00e9 incomparable.","breadcrumb":{"@id":"https:\/\/www.phyt-inov.com\/fr\/produit\/floraserum-corps\/#breadcrumb"},"inLanguage":"fr-FR","potentialAction":[{"@type":"ReadAction","target":["https:\/\/www.phyt-inov.com\/fr\/produit\/floraserum-corps\/"]}]},{"@type":"ImageObject","inLanguage":"fr-FR","@id":"https:\/\/www.phyt-inov.com\/fr\/produit\/floraserum-corps\/#primaryimage","url":"https:\/\/www.phyt-inov.com\/wp-content\/uploads\/2025\/09\/Floraserum-Corps-pour-site-phyt-inov-1-scaled-1.jpg","contentUrl":"https:\/\/www.phyt-inov.com\/wp-content\/uploads\/2025\/09\/Floraserum-Corps-pour-site-phyt-inov-1-scaled-1.jpg","width":2048,"height":2560,"caption":"flora d'essarts foras\u00e9rum corps"},{"@type":"BreadcrumbList","@id":"https:\/\/www.phyt-inov.com\/fr\/produit\/floraserum-corps\/#breadcrumb","itemListElement":[{"@type":"ListItem","position":1,"name":"Accueil","item":"https:\/\/www.phyt-inov.com\/fr\/"},{"@type":"ListItem","position":2,"name":"Boutique","item":"https:\/\/www.phyt-inov.com\/fr\/boutique\/"},{"@type":"ListItem","position":3,"name":"Floras\u00e9rum Corps"}]},{"@type":"WebSite","@id":"https:\/\/www.phyt-inov.com\/fr\/#website","url":"https:\/\/www.phyt-inov.com\/fr\/","name":"Phyt-Inov International","description":"L&#039;efficacit\u00e9 naturelle pour vos soins quotidiens","publisher":{"@id":"https:\/\/www.phyt-inov.com\/fr\/#organization"},"alternateName":"phyt-inov","potentialAction":[{"@type":"SearchAction","target":{"@type":"EntryPoint","urlTemplate":"https:\/\/www.phyt-inov.com\/fr\/?s={search_term_string}"},"query-input":{"@type":"PropertyValueSpecification","valueRequired":true,"valueName":"search_term_string"}}],"inLanguage":"fr-FR"},{"@type":"Organization","@id":"https:\/\/www.phyt-inov.com\/fr\/#organization","name":"Phyt-Inov","alternateName":"Phyt-Inov","url":"https:\/\/www.phyt-inov.com\/fr\/","logo":{"@type":"ImageObject","inLanguage":"fr-FR","@id":"https:\/\/www.phyt-inov.com\/fr\/#\/schema\/logo\/image\/","url":"https:\/\/www.phyt-inov.com\/wp-content\/uploads\/2025\/09\/Logo-site-phyt-inov4_Plan-de-travail-1-2048x760-1.png","contentUrl":"https:\/\/www.phyt-inov.com\/wp-content\/uploads\/2025\/09\/Logo-site-phyt-inov4_Plan-de-travail-1-2048x760-1.png","width":2048,"height":760,"caption":"Phyt-Inov"},"image":{"@id":"https:\/\/www.phyt-inov.com\/fr\/#\/schema\/logo\/image\/"},"sameAs":["https:\/\/www.facebook.com\/phytinov\/","https:\/\/www.youtube.com\/channel\/UCE05sYsSXuuKbLqs4Au3e4Q","https:\/\/www.instagram.com\/phytinov\/"]}]}},"jetpack_sharing_enabled":true,"_links":{"self":[{"href":"https:\/\/www.phyt-inov.com\/fr\/wp-json\/wp\/v2\/product\/248","targetHints":{"allow":["GET"]}}],"collection":[{"href":"https:\/\/www.phyt-inov.com\/fr\/wp-json\/wp\/v2\/product"}],"about":[{"href":"https:\/\/www.phyt-inov.com\/fr\/wp-json\/wp\/v2\/types\/product"}],"replies":[{"embeddable":true,"href":"https:\/\/www.phyt-inov.com\/fr\/wp-json\/wp\/v2\/comments?post=248"}],"wp:featuredmedia":[{"embeddable":true,"href":"https:\/\/www.phyt-inov.com\/fr\/wp-json\/wp\/v2\/media\/249"}],"wp:attachment":[{"href":"https:\/\/www.phyt-inov.com\/fr\/wp-json\/wp\/v2\/media?parent=248"}],"wp:term":[{"taxonomy":"product_brand","embeddable":true,"href":"https:\/\/www.phyt-inov.com\/fr\/wp-json\/wp\/v2\/product_brand?post=248"},{"taxonomy":"product_cat","embeddable":true,"href":"https:\/\/www.phyt-inov.com\/fr\/wp-json\/wp\/v2\/product_cat?post=248"},{"taxonomy":"product_tag","embeddable":true,"href":"https:\/\/www.phyt-inov.com\/fr\/wp-json\/wp\/v2\/product_tag?post=248"}],"curies":[{"name":"wp","href":"https:\/\/api.w.org\/{rel}","templated":true}]}}