{"id":243,"date":"2019-04-04T21:31:33","date_gmt":"2019-04-04T21:31:33","guid":{"rendered":"https:\/\/www.phyt-inov.com\/?post_type=product&#038;p=243"},"modified":"2026-03-30T09:01:20","modified_gmt":"2026-03-30T09:01:20","slug":"stimu-200-gelules-marines","status":"publish","type":"product","link":"https:\/\/www.phyt-inov.com\/fr\/produit\/stimu-200-gelules-marines\/","title":{"rendered":"Stimu+ 200 Licaps\u00ae marines"},"content":{"rendered":"<p>Bo\u00eete de 200 Licaps\u00ae marines dos\u00e9es \u00e0 690 mg.<\/p>\n<p>Poids net : 138 g.<\/p>\n<p>Conseils d\u2019utilisation : Prendre 1 g\u00e9lule par jour au moment du repas, conform\u00e9ment \u00e0 la r\u00e9glementation en vigueur. En fonction de vos besoins sp\u00e9cifiques, nos conseillers se tiennent \u00e0 votre disposition pour vous conseiller sur l\u2019utilisation optimale du produit. N&rsquo;h\u00e9sitez pas \u00e0 nous contacter.<\/p>\n","protected":false},"excerpt":{"rendered":"<p>Lorsque nos d\u00e9fenses naturelles sont affaiblies, notre r\u00e9sistance \u00e0 certains virus ou certaines bact\u00e9ries se trouve diminu\u00e9e, induisant une litanie de troubles.<\/p>\n<p>Par cons\u00e9quent le r\u00f4le du syst\u00e8me immunitaire est crucial pour la sant\u00e9 et la survie.<\/p>\n<p><strong>STIMU+ est compos\u00e9 d&rsquo;un savant m\u00e9lange (vitamines A, B6, cuivre, s\u00e9l\u00e9nium et zinc) qui contribue au fonctionnement normal du syst\u00e8me immunitaire.<\/strong><\/p>\n","protected":false},"featured_media":244,"comment_status":"open","ping_status":"closed","template":"","meta":{"_et_pb_use_builder":"","_et_pb_old_content":"","_et_gb_content_width":""},"product_brand":[100],"product_cat":[69,75,68],"product_tag":[],"class_list":{"0":"post-243","1":"product","2":"type-product","3":"status-publish","4":"has-post-thumbnail","6":"product_brand-phyt-inov","7":"product_cat-renforcer-ses-defenses","8":"product_cat-stress-oxydatif-protection-cellulaire","9":"product_cat-tonus-et-vitalite","11":"first","12":"instock","13":"shipping-taxable","14":"purchasable","15":"product-type-simple"},"yoast_head":"<!-- This site is optimized with the Yoast SEO plugin v27.4 - https:\/\/yoast.com\/product\/yoast-seo-wordpress\/ -->\n<title>Compl\u00e9ment alimentaire pour l\u2019immunit\u00e9 qui stimule les d\u00e9fenses immunitaires par Phyt-Inov\u00ae officiel \u2013 Formule de Jean-Pierre Willem \u2013 Formule unique \u00e0 base de vitamines\/min\u00e9raux\/huiles essentielles \u2013 Stimu+ 200 Licaps v\u00e9g\u00e9tales dos\u00e9es \u00e0 690 mg | Phyt-inov.com<\/title>\n<meta name=\"description\" content=\"Phyt-Inov international\u00ae officiel, laboratoire suisse \u00e9labore avec Jean Pierre Willem Stimu+ (200 Licaps dos\u00e9es \u00e0 690 mg) qui aide au maintien d\u2019un bon fonctionnement du syst\u00e8me immunitaire (huile de palme\/beta glucane\/levure bi\u00e8re\/HE girofle\/HE melaleucca\/HE origan\/Vit B\/zinc\/s\u00e9l\u00e9nium\/fer\/cuivre\/echinac\u00e9e\/L-cyst\u00e9ine)\" \/>\n<meta name=\"robots\" content=\"index, follow, max-snippet:-1, max-image-preview:large, max-video-preview:-1\" \/>\n<link rel=\"canonical\" href=\"https:\/\/www.phyt-inov.com\/fr\/produit\/stimu-200-gelules-marines\/\" \/>\n<meta property=\"og:locale\" content=\"fr_FR\" \/>\n<meta property=\"og:type\" content=\"article\" \/>\n<meta property=\"og:title\" content=\"Compl\u00e9ment alimentaire pour l\u2019immunit\u00e9 qui stimule les d\u00e9fenses immunitaires par Phyt-Inov\u00ae officiel \u2013 Formule de Jean-Pierre Willem \u2013 Formule unique \u00e0 base de vitamines\/min\u00e9raux\/huiles essentielles \u2013 Stimu+ 200 Licaps v\u00e9g\u00e9tales dos\u00e9es \u00e0 690 mg | Phyt-inov.com\" \/>\n<meta property=\"og:description\" content=\"Phyt-Inov international\u00ae officiel, laboratoire suisse \u00e9labore avec Jean Pierre Willem Stimu+ (200 Licaps dos\u00e9es \u00e0 690 mg) qui aide au maintien d\u2019un bon fonctionnement du syst\u00e8me immunitaire (huile de palme\/beta glucane\/levure bi\u00e8re\/HE girofle\/HE melaleucca\/HE origan\/Vit B\/zinc\/s\u00e9l\u00e9nium\/fer\/cuivre\/echinac\u00e9e\/L-cyst\u00e9ine)\" \/>\n<meta property=\"og:url\" content=\"https:\/\/www.phyt-inov.com\/fr\/produit\/stimu-200-gelules-marines\/\" \/>\n<meta property=\"og:site_name\" content=\"Phyt-Inov\" \/>\n<meta property=\"article:publisher\" content=\"https:\/\/www.facebook.com\/phytinov\/\" \/>\n<meta property=\"article:modified_time\" content=\"2026-03-30T09:01:20+00:00\" \/>\n<meta property=\"og:image\" content=\"https:\/\/www.phyt-inov.com\/wp-content\/uploads\/2025\/09\/Stimu.png\" \/>\n\t<meta property=\"og:image:width\" content=\"819\" \/>\n\t<meta property=\"og:image:height\" content=\"1024\" \/>\n\t<meta property=\"og:image:type\" content=\"image\/png\" \/>\n<meta name=\"twitter:card\" content=\"summary_large_image\" \/>\n<meta name=\"twitter:label1\" content=\"Dur\u00e9e de lecture estim\u00e9e\" \/>\n\t<meta name=\"twitter:data1\" content=\"1 minute\" \/>\n<script type=\"application\/ld+json\" class=\"yoast-schema-graph\">{\"@context\":\"https:\\\/\\\/schema.org\",\"@graph\":[{\"@type\":\"WebPage\",\"@id\":\"https:\\\/\\\/www.phyt-inov.com\\\/fr\\\/produit\\\/stimu-200-gelules-marines\\\/\",\"url\":\"https:\\\/\\\/www.phyt-inov.com\\\/fr\\\/produit\\\/stimu-200-gelules-marines\\\/\",\"name\":\"Compl\u00e9ment alimentaire pour l\u2019immunit\u00e9 qui stimule les d\u00e9fenses immunitaires par Phyt-Inov\u00ae officiel \u2013 Formule de Jean-Pierre Willem \u2013 Formule unique \u00e0 base de vitamines\\\/min\u00e9raux\\\/huiles essentielles \u2013 Stimu+ 200 Licaps v\u00e9g\u00e9tales dos\u00e9es \u00e0 690 mg | Phyt-inov.com\",\"isPartOf\":{\"@id\":\"https:\\\/\\\/www.phyt-inov.com\\\/fr\\\/#website\"},\"primaryImageOfPage\":{\"@id\":\"https:\\\/\\\/www.phyt-inov.com\\\/fr\\\/produit\\\/stimu-200-gelules-marines\\\/#primaryimage\"},\"image\":{\"@id\":\"https:\\\/\\\/www.phyt-inov.com\\\/fr\\\/produit\\\/stimu-200-gelules-marines\\\/#primaryimage\"},\"thumbnailUrl\":\"https:\\\/\\\/www.phyt-inov.com\\\/wp-content\\\/uploads\\\/2025\\\/09\\\/Stimu.png\",\"datePublished\":\"2019-04-04T21:31:33+00:00\",\"dateModified\":\"2026-03-30T09:01:20+00:00\",\"description\":\"Phyt-Inov international\u00ae officiel, laboratoire suisse \u00e9labore avec Jean Pierre Willem Stimu+ (200 Licaps dos\u00e9es \u00e0 690 mg) qui aide au maintien d\u2019un bon fonctionnement du syst\u00e8me immunitaire (huile de palme\\\/beta glucane\\\/levure bi\u00e8re\\\/HE girofle\\\/HE melaleucca\\\/HE origan\\\/Vit B\\\/zinc\\\/s\u00e9l\u00e9nium\\\/fer\\\/cuivre\\\/echinac\u00e9e\\\/L-cyst\u00e9ine)\",\"breadcrumb\":{\"@id\":\"https:\\\/\\\/www.phyt-inov.com\\\/fr\\\/produit\\\/stimu-200-gelules-marines\\\/#breadcrumb\"},\"inLanguage\":\"fr-FR\",\"potentialAction\":[{\"@type\":\"ReadAction\",\"target\":[\"https:\\\/\\\/www.phyt-inov.com\\\/fr\\\/produit\\\/stimu-200-gelules-marines\\\/\"]}]},{\"@type\":\"ImageObject\",\"inLanguage\":\"fr-FR\",\"@id\":\"https:\\\/\\\/www.phyt-inov.com\\\/fr\\\/produit\\\/stimu-200-gelules-marines\\\/#primaryimage\",\"url\":\"https:\\\/\\\/www.phyt-inov.com\\\/wp-content\\\/uploads\\\/2025\\\/09\\\/Stimu.png\",\"contentUrl\":\"https:\\\/\\\/www.phyt-inov.com\\\/wp-content\\\/uploads\\\/2025\\\/09\\\/Stimu.png\",\"width\":6400,\"height\":8000,\"caption\":\"phyt-inov produit stimu +\"},{\"@type\":\"BreadcrumbList\",\"@id\":\"https:\\\/\\\/www.phyt-inov.com\\\/fr\\\/produit\\\/stimu-200-gelules-marines\\\/#breadcrumb\",\"itemListElement\":[{\"@type\":\"ListItem\",\"position\":1,\"name\":\"Accueil\",\"item\":\"https:\\\/\\\/www.phyt-inov.com\\\/fr\\\/\"},{\"@type\":\"ListItem\",\"position\":2,\"name\":\"Boutique\",\"item\":\"https:\\\/\\\/www.phyt-inov.com\\\/fr\\\/boutique\\\/\"},{\"@type\":\"ListItem\",\"position\":3,\"name\":\"Stimu+ 200 Licaps\u00ae marines\"}]},{\"@type\":\"WebSite\",\"@id\":\"https:\\\/\\\/www.phyt-inov.com\\\/fr\\\/#website\",\"url\":\"https:\\\/\\\/www.phyt-inov.com\\\/fr\\\/\",\"name\":\"Phyt-Inov International\",\"description\":\"L&#039;efficacit\u00e9 naturelle pour vos soins quotidiens\",\"publisher\":{\"@id\":\"https:\\\/\\\/www.phyt-inov.com\\\/fr\\\/#organization\"},\"alternateName\":\"phyt-inov\",\"potentialAction\":[{\"@type\":\"SearchAction\",\"target\":{\"@type\":\"EntryPoint\",\"urlTemplate\":\"https:\\\/\\\/www.phyt-inov.com\\\/fr\\\/?s={search_term_string}\"},\"query-input\":{\"@type\":\"PropertyValueSpecification\",\"valueRequired\":true,\"valueName\":\"search_term_string\"}}],\"inLanguage\":\"fr-FR\"},{\"@type\":\"Organization\",\"@id\":\"https:\\\/\\\/www.phyt-inov.com\\\/fr\\\/#organization\",\"name\":\"Phyt-Inov\",\"alternateName\":\"Phyt-Inov\",\"url\":\"https:\\\/\\\/www.phyt-inov.com\\\/fr\\\/\",\"logo\":{\"@type\":\"ImageObject\",\"inLanguage\":\"fr-FR\",\"@id\":\"https:\\\/\\\/www.phyt-inov.com\\\/fr\\\/#\\\/schema\\\/logo\\\/image\\\/\",\"url\":\"https:\\\/\\\/www.phyt-inov.com\\\/wp-content\\\/uploads\\\/2025\\\/09\\\/Logo-site-phyt-inov4_Plan-de-travail-1-2048x760-1.png\",\"contentUrl\":\"https:\\\/\\\/www.phyt-inov.com\\\/wp-content\\\/uploads\\\/2025\\\/09\\\/Logo-site-phyt-inov4_Plan-de-travail-1-2048x760-1.png\",\"width\":2048,\"height\":760,\"caption\":\"Phyt-Inov\"},\"image\":{\"@id\":\"https:\\\/\\\/www.phyt-inov.com\\\/fr\\\/#\\\/schema\\\/logo\\\/image\\\/\"},\"sameAs\":[\"https:\\\/\\\/www.facebook.com\\\/phytinov\\\/\",\"https:\\\/\\\/www.youtube.com\\\/channel\\\/UCE05sYsSXuuKbLqs4Au3e4Q\",\"https:\\\/\\\/www.instagram.com\\\/phytinov\\\/\"]}]}<\/script>\n<!-- \/ Yoast SEO plugin. -->","yoast_head_json":{"title":"Compl\u00e9ment alimentaire pour l\u2019immunit\u00e9 qui stimule les d\u00e9fenses immunitaires par Phyt-Inov\u00ae officiel \u2013 Formule de Jean-Pierre Willem \u2013 Formule unique \u00e0 base de vitamines\/min\u00e9raux\/huiles essentielles \u2013 Stimu+ 200 Licaps v\u00e9g\u00e9tales dos\u00e9es \u00e0 690 mg | Phyt-inov.com","description":"Phyt-Inov international\u00ae officiel, laboratoire suisse \u00e9labore avec Jean Pierre Willem Stimu+ (200 Licaps dos\u00e9es \u00e0 690 mg) qui aide au maintien d\u2019un bon fonctionnement du syst\u00e8me immunitaire (huile de palme\/beta glucane\/levure bi\u00e8re\/HE girofle\/HE melaleucca\/HE origan\/Vit B\/zinc\/s\u00e9l\u00e9nium\/fer\/cuivre\/echinac\u00e9e\/L-cyst\u00e9ine)","robots":{"index":"index","follow":"follow","max-snippet":"max-snippet:-1","max-image-preview":"max-image-preview:large","max-video-preview":"max-video-preview:-1"},"canonical":"https:\/\/www.phyt-inov.com\/fr\/produit\/stimu-200-gelules-marines\/","og_locale":"fr_FR","og_type":"article","og_title":"Compl\u00e9ment alimentaire pour l\u2019immunit\u00e9 qui stimule les d\u00e9fenses immunitaires par Phyt-Inov\u00ae officiel \u2013 Formule de Jean-Pierre Willem \u2013 Formule unique \u00e0 base de vitamines\/min\u00e9raux\/huiles essentielles \u2013 Stimu+ 200 Licaps v\u00e9g\u00e9tales dos\u00e9es \u00e0 690 mg | Phyt-inov.com","og_description":"Phyt-Inov international\u00ae officiel, laboratoire suisse \u00e9labore avec Jean Pierre Willem Stimu+ (200 Licaps dos\u00e9es \u00e0 690 mg) qui aide au maintien d\u2019un bon fonctionnement du syst\u00e8me immunitaire (huile de palme\/beta glucane\/levure bi\u00e8re\/HE girofle\/HE melaleucca\/HE origan\/Vit B\/zinc\/s\u00e9l\u00e9nium\/fer\/cuivre\/echinac\u00e9e\/L-cyst\u00e9ine)","og_url":"https:\/\/www.phyt-inov.com\/fr\/produit\/stimu-200-gelules-marines\/","og_site_name":"Phyt-Inov","article_publisher":"https:\/\/www.facebook.com\/phytinov\/","article_modified_time":"2026-03-30T09:01:20+00:00","og_image":[{"url":"https:\/\/www.phyt-inov.com\/wp-content\/uploads\/2025\/09\/Stimu.png","width":819,"height":1024,"type":"image\/png"}],"twitter_card":"summary_large_image","twitter_misc":{"Dur\u00e9e de lecture estim\u00e9e":"1 minute"},"schema":{"@context":"https:\/\/schema.org","@graph":[{"@type":"WebPage","@id":"https:\/\/www.phyt-inov.com\/fr\/produit\/stimu-200-gelules-marines\/","url":"https:\/\/www.phyt-inov.com\/fr\/produit\/stimu-200-gelules-marines\/","name":"Compl\u00e9ment alimentaire pour l\u2019immunit\u00e9 qui stimule les d\u00e9fenses immunitaires par Phyt-Inov\u00ae officiel \u2013 Formule de Jean-Pierre Willem \u2013 Formule unique \u00e0 base de vitamines\/min\u00e9raux\/huiles essentielles \u2013 Stimu+ 200 Licaps v\u00e9g\u00e9tales dos\u00e9es \u00e0 690 mg | Phyt-inov.com","isPartOf":{"@id":"https:\/\/www.phyt-inov.com\/fr\/#website"},"primaryImageOfPage":{"@id":"https:\/\/www.phyt-inov.com\/fr\/produit\/stimu-200-gelules-marines\/#primaryimage"},"image":{"@id":"https:\/\/www.phyt-inov.com\/fr\/produit\/stimu-200-gelules-marines\/#primaryimage"},"thumbnailUrl":"https:\/\/www.phyt-inov.com\/wp-content\/uploads\/2025\/09\/Stimu.png","datePublished":"2019-04-04T21:31:33+00:00","dateModified":"2026-03-30T09:01:20+00:00","description":"Phyt-Inov international\u00ae officiel, laboratoire suisse \u00e9labore avec Jean Pierre Willem Stimu+ (200 Licaps dos\u00e9es \u00e0 690 mg) qui aide au maintien d\u2019un bon fonctionnement du syst\u00e8me immunitaire (huile de palme\/beta glucane\/levure bi\u00e8re\/HE girofle\/HE melaleucca\/HE origan\/Vit B\/zinc\/s\u00e9l\u00e9nium\/fer\/cuivre\/echinac\u00e9e\/L-cyst\u00e9ine)","breadcrumb":{"@id":"https:\/\/www.phyt-inov.com\/fr\/produit\/stimu-200-gelules-marines\/#breadcrumb"},"inLanguage":"fr-FR","potentialAction":[{"@type":"ReadAction","target":["https:\/\/www.phyt-inov.com\/fr\/produit\/stimu-200-gelules-marines\/"]}]},{"@type":"ImageObject","inLanguage":"fr-FR","@id":"https:\/\/www.phyt-inov.com\/fr\/produit\/stimu-200-gelules-marines\/#primaryimage","url":"https:\/\/www.phyt-inov.com\/wp-content\/uploads\/2025\/09\/Stimu.png","contentUrl":"https:\/\/www.phyt-inov.com\/wp-content\/uploads\/2025\/09\/Stimu.png","width":6400,"height":8000,"caption":"phyt-inov produit stimu +"},{"@type":"BreadcrumbList","@id":"https:\/\/www.phyt-inov.com\/fr\/produit\/stimu-200-gelules-marines\/#breadcrumb","itemListElement":[{"@type":"ListItem","position":1,"name":"Accueil","item":"https:\/\/www.phyt-inov.com\/fr\/"},{"@type":"ListItem","position":2,"name":"Boutique","item":"https:\/\/www.phyt-inov.com\/fr\/boutique\/"},{"@type":"ListItem","position":3,"name":"Stimu+ 200 Licaps\u00ae marines"}]},{"@type":"WebSite","@id":"https:\/\/www.phyt-inov.com\/fr\/#website","url":"https:\/\/www.phyt-inov.com\/fr\/","name":"Phyt-Inov International","description":"L&#039;efficacit\u00e9 naturelle pour vos soins quotidiens","publisher":{"@id":"https:\/\/www.phyt-inov.com\/fr\/#organization"},"alternateName":"phyt-inov","potentialAction":[{"@type":"SearchAction","target":{"@type":"EntryPoint","urlTemplate":"https:\/\/www.phyt-inov.com\/fr\/?s={search_term_string}"},"query-input":{"@type":"PropertyValueSpecification","valueRequired":true,"valueName":"search_term_string"}}],"inLanguage":"fr-FR"},{"@type":"Organization","@id":"https:\/\/www.phyt-inov.com\/fr\/#organization","name":"Phyt-Inov","alternateName":"Phyt-Inov","url":"https:\/\/www.phyt-inov.com\/fr\/","logo":{"@type":"ImageObject","inLanguage":"fr-FR","@id":"https:\/\/www.phyt-inov.com\/fr\/#\/schema\/logo\/image\/","url":"https:\/\/www.phyt-inov.com\/wp-content\/uploads\/2025\/09\/Logo-site-phyt-inov4_Plan-de-travail-1-2048x760-1.png","contentUrl":"https:\/\/www.phyt-inov.com\/wp-content\/uploads\/2025\/09\/Logo-site-phyt-inov4_Plan-de-travail-1-2048x760-1.png","width":2048,"height":760,"caption":"Phyt-Inov"},"image":{"@id":"https:\/\/www.phyt-inov.com\/fr\/#\/schema\/logo\/image\/"},"sameAs":["https:\/\/www.facebook.com\/phytinov\/","https:\/\/www.youtube.com\/channel\/UCE05sYsSXuuKbLqs4Au3e4Q","https:\/\/www.instagram.com\/phytinov\/"]}]}},"jetpack_sharing_enabled":true,"_links":{"self":[{"href":"https:\/\/www.phyt-inov.com\/fr\/wp-json\/wp\/v2\/product\/243","targetHints":{"allow":["GET"]}}],"collection":[{"href":"https:\/\/www.phyt-inov.com\/fr\/wp-json\/wp\/v2\/product"}],"about":[{"href":"https:\/\/www.phyt-inov.com\/fr\/wp-json\/wp\/v2\/types\/product"}],"replies":[{"embeddable":true,"href":"https:\/\/www.phyt-inov.com\/fr\/wp-json\/wp\/v2\/comments?post=243"}],"wp:featuredmedia":[{"embeddable":true,"href":"https:\/\/www.phyt-inov.com\/fr\/wp-json\/wp\/v2\/media\/244"}],"wp:attachment":[{"href":"https:\/\/www.phyt-inov.com\/fr\/wp-json\/wp\/v2\/media?parent=243"}],"wp:term":[{"taxonomy":"product_brand","embeddable":true,"href":"https:\/\/www.phyt-inov.com\/fr\/wp-json\/wp\/v2\/product_brand?post=243"},{"taxonomy":"product_cat","embeddable":true,"href":"https:\/\/www.phyt-inov.com\/fr\/wp-json\/wp\/v2\/product_cat?post=243"},{"taxonomy":"product_tag","embeddable":true,"href":"https:\/\/www.phyt-inov.com\/fr\/wp-json\/wp\/v2\/product_tag?post=243"}],"curies":[{"name":"wp","href":"https:\/\/api.w.org\/{rel}","templated":true}]}}