{"id":241,"date":"2019-04-04T21:31:30","date_gmt":"2019-04-04T21:31:30","guid":{"rendered":"https:\/\/www.phyt-inov.com\/?post_type=product&#038;p=241"},"modified":"2026-03-30T09:06:37","modified_gmt":"2026-03-30T09:06:37","slug":"pipercumine-100-gelules-4","status":"publish","type":"product","link":"https:\/\/www.phyt-inov.com\/fr\/produit\/pipercumine-100-gelules-4\/","title":{"rendered":"Pipercumine Gingembre"},"content":{"rendered":"<p>Bo\u00eete de 100 g\u00e9lules v\u00e9g\u00e9tales dos\u00e9es \u00e0 282 mg.<\/p>\n<p>Poids net : 35,9 g.<\/p>\n<p><strong>Conseils d\u2019utilisation :<\/strong> prendre 1 g\u00e9lule par jour avant le repas.<\/p>\n","protected":false},"excerpt":{"rendered":"<p>Curcumine, pip\u00e9rine et ging\u00e9rols : une synergie efficace.<\/p>\n<p>Le curcuma et le gingembre aide \u00e0 maintenir le confort articulaire. Le curcuma aide \u00e0 maintenir la flexibilit\u00e9 des articulations.<\/p>\n<p>La curcumine seule est tr\u00e8s difficilement assimilable. La pip\u00e9rine, extraite du poivre noir, potentialise consid\u00e9rablement les propri\u00e9t\u00e9s de la curcumine en multipliant de 20 \u00e0 1000 fois son activit\u00e9.<\/p>\n<p>Quant \u00e0 l&rsquo;assimilation de la pip\u00e9rine c&rsquo;est le gingembre qui en assure l&rsquo;absorption, permettant d&rsquo;importantes synergies crois\u00e9es.<\/p>\n","protected":false},"featured_media":242,"comment_status":"open","ping_status":"closed","template":"","meta":{"_et_pb_use_builder":"","_et_pb_old_content":"","_et_gb_content_width":""},"product_brand":[100],"product_cat":[95,99,70,74,91],"product_tag":[],"class_list":{"0":"post-241","1":"product","2":"type-product","3":"status-publish","4":"has-post-thumbnail","6":"product_brand-phyt-inov","7":"product_cat-accompagnement-sportif","8":"product_cat-animaux","9":"product_cat-bien-etre-osteo-articulaire","10":"product_cat-soutien-hepato-biliaire-detoxification","11":"product_cat-troubles-inflammatoires","13":"first","14":"instock","15":"shipping-taxable","16":"purchasable","17":"product-type-simple"},"yoast_head":"<!-- This site is optimized with the Yoast SEO plugin v27.3 - https:\/\/yoast.com\/product\/yoast-seo-wordpress\/ -->\n<title>Produit naturel pour inflammation par Phyt-Inov\u00ae officiel (\u00e9labor\u00e9 avec JP Willem) \u2013 Compl\u00e9ment pour confort intestinal \u2013 gingembre soutien antioxydant \u2013 Curcuma apaise sensibilit\u00e9 \u2013 Pipercumine 100 g\u00e9lules v\u00e9g\u00e9tales de plantes | Phyt-inov.com<\/title>\n<meta name=\"description\" content=\"Phyt-Inov\u00ae international, laboratoire suisse r\u00e9f\u00e9rent en compl\u00e9ments alimentaires bio, sant\u00e9 naturelle et d\u00e9tox, propose Pipercumine \u00e9labor\u00e9 avec JP Willem (100 g\u00e9lules v\u00e9g\u00e9tales de plantes) qui un produit naturel \u00e0 base de curcumine, pip\u00e9rine et ging\u00e9rols, qui forme une synergie parfaite (Compl\u00e9ment alimentaire\/Antioxydant puissant\/Articulations sensibles\/Digestion) pour apaiser les articulations, les muscles, la t\u00eate, le ventre, et contribuer \u00e0 une bonne digestion.\" \/>\n<meta name=\"robots\" content=\"index, follow, max-snippet:-1, max-image-preview:large, max-video-preview:-1\" \/>\n<link rel=\"canonical\" href=\"https:\/\/www.phyt-inov.com\/fr\/produit\/pipercumine-100-gelules-4\/\" \/>\n<meta property=\"og:locale\" content=\"fr_FR\" \/>\n<meta property=\"og:type\" content=\"article\" \/>\n<meta property=\"og:title\" content=\"Produit naturel pour inflammation par Phyt-Inov\u00ae officiel (\u00e9labor\u00e9 avec JP Willem) \u2013 Compl\u00e9ment pour confort intestinal \u2013 gingembre soutien antioxydant \u2013 Curcuma apaise sensibilit\u00e9 \u2013 Pipercumine 100 g\u00e9lules v\u00e9g\u00e9tales de plantes | Phyt-inov.com\" \/>\n<meta property=\"og:description\" content=\"Phyt-Inov\u00ae international, laboratoire suisse r\u00e9f\u00e9rent en compl\u00e9ments alimentaires bio, sant\u00e9 naturelle et d\u00e9tox, propose Pipercumine \u00e9labor\u00e9 avec JP Willem (100 g\u00e9lules v\u00e9g\u00e9tales de plantes) qui un produit naturel \u00e0 base de curcumine, pip\u00e9rine et ging\u00e9rols, qui forme une synergie parfaite (Compl\u00e9ment alimentaire\/Antioxydant puissant\/Articulations sensibles\/Digestion) pour apaiser les articulations, les muscles, la t\u00eate, le ventre, et contribuer \u00e0 une bonne digestion.\" \/>\n<meta property=\"og:url\" content=\"https:\/\/www.phyt-inov.com\/fr\/produit\/pipercumine-100-gelules-4\/\" \/>\n<meta property=\"og:site_name\" content=\"Phyt-Inov\" \/>\n<meta property=\"article:publisher\" content=\"https:\/\/www.facebook.com\/phytinov\/\" \/>\n<meta property=\"article:modified_time\" content=\"2026-03-30T09:06:37+00:00\" \/>\n<meta property=\"og:image\" content=\"https:\/\/www.phyt-inov.com\/wp-content\/uploads\/2025\/09\/Pipercumine.png\" \/>\n\t<meta property=\"og:image:width\" content=\"819\" \/>\n\t<meta property=\"og:image:height\" content=\"1024\" \/>\n\t<meta property=\"og:image:type\" content=\"image\/png\" \/>\n<meta name=\"twitter:card\" content=\"summary_large_image\" \/>\n<meta name=\"twitter:label1\" content=\"Dur\u00e9e de lecture estim\u00e9e\" \/>\n\t<meta name=\"twitter:data1\" content=\"1 minute\" \/>\n<script type=\"application\/ld+json\" class=\"yoast-schema-graph\">{\"@context\":\"https:\\\/\\\/schema.org\",\"@graph\":[{\"@type\":\"WebPage\",\"@id\":\"https:\\\/\\\/www.phyt-inov.com\\\/fr\\\/produit\\\/pipercumine-100-gelules-4\\\/\",\"url\":\"https:\\\/\\\/www.phyt-inov.com\\\/fr\\\/produit\\\/pipercumine-100-gelules-4\\\/\",\"name\":\"Produit naturel pour inflammation par Phyt-Inov\u00ae officiel (\u00e9labor\u00e9 avec JP Willem) \u2013 Compl\u00e9ment pour confort intestinal \u2013 gingembre soutien antioxydant \u2013 Curcuma apaise sensibilit\u00e9 \u2013 Pipercumine 100 g\u00e9lules v\u00e9g\u00e9tales de plantes | Phyt-inov.com\",\"isPartOf\":{\"@id\":\"https:\\\/\\\/www.phyt-inov.com\\\/fr\\\/#website\"},\"primaryImageOfPage\":{\"@id\":\"https:\\\/\\\/www.phyt-inov.com\\\/fr\\\/produit\\\/pipercumine-100-gelules-4\\\/#primaryimage\"},\"image\":{\"@id\":\"https:\\\/\\\/www.phyt-inov.com\\\/fr\\\/produit\\\/pipercumine-100-gelules-4\\\/#primaryimage\"},\"thumbnailUrl\":\"https:\\\/\\\/www.phyt-inov.com\\\/wp-content\\\/uploads\\\/2025\\\/09\\\/Pipercumine.png\",\"datePublished\":\"2019-04-04T21:31:30+00:00\",\"dateModified\":\"2026-03-30T09:06:37+00:00\",\"description\":\"Phyt-Inov\u00ae international, laboratoire suisse r\u00e9f\u00e9rent en compl\u00e9ments alimentaires bio, sant\u00e9 naturelle et d\u00e9tox, propose Pipercumine \u00e9labor\u00e9 avec JP Willem (100 g\u00e9lules v\u00e9g\u00e9tales de plantes) qui un produit naturel \u00e0 base de curcumine, pip\u00e9rine et ging\u00e9rols, qui forme une synergie parfaite (Compl\u00e9ment alimentaire\\\/Antioxydant puissant\\\/Articulations sensibles\\\/Digestion) pour apaiser les articulations, les muscles, la t\u00eate, le ventre, et contribuer \u00e0 une bonne digestion.\",\"breadcrumb\":{\"@id\":\"https:\\\/\\\/www.phyt-inov.com\\\/fr\\\/produit\\\/pipercumine-100-gelules-4\\\/#breadcrumb\"},\"inLanguage\":\"fr-FR\",\"potentialAction\":[{\"@type\":\"ReadAction\",\"target\":[\"https:\\\/\\\/www.phyt-inov.com\\\/fr\\\/produit\\\/pipercumine-100-gelules-4\\\/\"]}]},{\"@type\":\"ImageObject\",\"inLanguage\":\"fr-FR\",\"@id\":\"https:\\\/\\\/www.phyt-inov.com\\\/fr\\\/produit\\\/pipercumine-100-gelules-4\\\/#primaryimage\",\"url\":\"https:\\\/\\\/www.phyt-inov.com\\\/wp-content\\\/uploads\\\/2025\\\/09\\\/Pipercumine.png\",\"contentUrl\":\"https:\\\/\\\/www.phyt-inov.com\\\/wp-content\\\/uploads\\\/2025\\\/09\\\/Pipercumine.png\",\"width\":6400,\"height\":8000,\"caption\":\"phyt-inov produit pipercumine gingembre\"},{\"@type\":\"BreadcrumbList\",\"@id\":\"https:\\\/\\\/www.phyt-inov.com\\\/fr\\\/produit\\\/pipercumine-100-gelules-4\\\/#breadcrumb\",\"itemListElement\":[{\"@type\":\"ListItem\",\"position\":1,\"name\":\"Accueil\",\"item\":\"https:\\\/\\\/www.phyt-inov.com\\\/fr\\\/\"},{\"@type\":\"ListItem\",\"position\":2,\"name\":\"Boutique\",\"item\":\"https:\\\/\\\/www.phyt-inov.com\\\/fr\\\/boutique\\\/\"},{\"@type\":\"ListItem\",\"position\":3,\"name\":\"Pipercumine Gingembre\"}]},{\"@type\":\"WebSite\",\"@id\":\"https:\\\/\\\/www.phyt-inov.com\\\/fr\\\/#website\",\"url\":\"https:\\\/\\\/www.phyt-inov.com\\\/fr\\\/\",\"name\":\"Phyt-Inov International\",\"description\":\"L&#039;efficacit\u00e9 naturelle pour vos soins quotidiens\",\"publisher\":{\"@id\":\"https:\\\/\\\/www.phyt-inov.com\\\/fr\\\/#organization\"},\"alternateName\":\"phyt-inov\",\"potentialAction\":[{\"@type\":\"SearchAction\",\"target\":{\"@type\":\"EntryPoint\",\"urlTemplate\":\"https:\\\/\\\/www.phyt-inov.com\\\/fr\\\/?s={search_term_string}\"},\"query-input\":{\"@type\":\"PropertyValueSpecification\",\"valueRequired\":true,\"valueName\":\"search_term_string\"}}],\"inLanguage\":\"fr-FR\"},{\"@type\":\"Organization\",\"@id\":\"https:\\\/\\\/www.phyt-inov.com\\\/fr\\\/#organization\",\"name\":\"Phyt-Inov\",\"alternateName\":\"Phyt-Inov\",\"url\":\"https:\\\/\\\/www.phyt-inov.com\\\/fr\\\/\",\"logo\":{\"@type\":\"ImageObject\",\"inLanguage\":\"fr-FR\",\"@id\":\"https:\\\/\\\/www.phyt-inov.com\\\/fr\\\/#\\\/schema\\\/logo\\\/image\\\/\",\"url\":\"https:\\\/\\\/www.phyt-inov.com\\\/wp-content\\\/uploads\\\/2025\\\/09\\\/Logo-site-phyt-inov4_Plan-de-travail-1-2048x760-1.png\",\"contentUrl\":\"https:\\\/\\\/www.phyt-inov.com\\\/wp-content\\\/uploads\\\/2025\\\/09\\\/Logo-site-phyt-inov4_Plan-de-travail-1-2048x760-1.png\",\"width\":2048,\"height\":760,\"caption\":\"Phyt-Inov\"},\"image\":{\"@id\":\"https:\\\/\\\/www.phyt-inov.com\\\/fr\\\/#\\\/schema\\\/logo\\\/image\\\/\"},\"sameAs\":[\"https:\\\/\\\/www.facebook.com\\\/phytinov\\\/\",\"https:\\\/\\\/www.youtube.com\\\/channel\\\/UCE05sYsSXuuKbLqs4Au3e4Q\",\"https:\\\/\\\/www.instagram.com\\\/phytinov\\\/\"]}]}<\/script>\n<!-- \/ Yoast SEO plugin. -->","yoast_head_json":{"title":"Produit naturel pour inflammation par Phyt-Inov\u00ae officiel (\u00e9labor\u00e9 avec JP Willem) \u2013 Compl\u00e9ment pour confort intestinal \u2013 gingembre soutien antioxydant \u2013 Curcuma apaise sensibilit\u00e9 \u2013 Pipercumine 100 g\u00e9lules v\u00e9g\u00e9tales de plantes | Phyt-inov.com","description":"Phyt-Inov\u00ae international, laboratoire suisse r\u00e9f\u00e9rent en compl\u00e9ments alimentaires bio, sant\u00e9 naturelle et d\u00e9tox, propose Pipercumine \u00e9labor\u00e9 avec JP Willem (100 g\u00e9lules v\u00e9g\u00e9tales de plantes) qui un produit naturel \u00e0 base de curcumine, pip\u00e9rine et ging\u00e9rols, qui forme une synergie parfaite (Compl\u00e9ment alimentaire\/Antioxydant puissant\/Articulations sensibles\/Digestion) pour apaiser les articulations, les muscles, la t\u00eate, le ventre, et contribuer \u00e0 une bonne digestion.","robots":{"index":"index","follow":"follow","max-snippet":"max-snippet:-1","max-image-preview":"max-image-preview:large","max-video-preview":"max-video-preview:-1"},"canonical":"https:\/\/www.phyt-inov.com\/fr\/produit\/pipercumine-100-gelules-4\/","og_locale":"fr_FR","og_type":"article","og_title":"Produit naturel pour inflammation par Phyt-Inov\u00ae officiel (\u00e9labor\u00e9 avec JP Willem) \u2013 Compl\u00e9ment pour confort intestinal \u2013 gingembre soutien antioxydant \u2013 Curcuma apaise sensibilit\u00e9 \u2013 Pipercumine 100 g\u00e9lules v\u00e9g\u00e9tales de plantes | Phyt-inov.com","og_description":"Phyt-Inov\u00ae international, laboratoire suisse r\u00e9f\u00e9rent en compl\u00e9ments alimentaires bio, sant\u00e9 naturelle et d\u00e9tox, propose Pipercumine \u00e9labor\u00e9 avec JP Willem (100 g\u00e9lules v\u00e9g\u00e9tales de plantes) qui un produit naturel \u00e0 base de curcumine, pip\u00e9rine et ging\u00e9rols, qui forme une synergie parfaite (Compl\u00e9ment alimentaire\/Antioxydant puissant\/Articulations sensibles\/Digestion) pour apaiser les articulations, les muscles, la t\u00eate, le ventre, et contribuer \u00e0 une bonne digestion.","og_url":"https:\/\/www.phyt-inov.com\/fr\/produit\/pipercumine-100-gelules-4\/","og_site_name":"Phyt-Inov","article_publisher":"https:\/\/www.facebook.com\/phytinov\/","article_modified_time":"2026-03-30T09:06:37+00:00","og_image":[{"url":"https:\/\/www.phyt-inov.com\/wp-content\/uploads\/2025\/09\/Pipercumine.png","width":819,"height":1024,"type":"image\/png"}],"twitter_card":"summary_large_image","twitter_misc":{"Dur\u00e9e de lecture estim\u00e9e":"1 minute"},"schema":{"@context":"https:\/\/schema.org","@graph":[{"@type":"WebPage","@id":"https:\/\/www.phyt-inov.com\/fr\/produit\/pipercumine-100-gelules-4\/","url":"https:\/\/www.phyt-inov.com\/fr\/produit\/pipercumine-100-gelules-4\/","name":"Produit naturel pour inflammation par Phyt-Inov\u00ae officiel (\u00e9labor\u00e9 avec JP Willem) \u2013 Compl\u00e9ment pour confort intestinal \u2013 gingembre soutien antioxydant \u2013 Curcuma apaise sensibilit\u00e9 \u2013 Pipercumine 100 g\u00e9lules v\u00e9g\u00e9tales de plantes | Phyt-inov.com","isPartOf":{"@id":"https:\/\/www.phyt-inov.com\/fr\/#website"},"primaryImageOfPage":{"@id":"https:\/\/www.phyt-inov.com\/fr\/produit\/pipercumine-100-gelules-4\/#primaryimage"},"image":{"@id":"https:\/\/www.phyt-inov.com\/fr\/produit\/pipercumine-100-gelules-4\/#primaryimage"},"thumbnailUrl":"https:\/\/www.phyt-inov.com\/wp-content\/uploads\/2025\/09\/Pipercumine.png","datePublished":"2019-04-04T21:31:30+00:00","dateModified":"2026-03-30T09:06:37+00:00","description":"Phyt-Inov\u00ae international, laboratoire suisse r\u00e9f\u00e9rent en compl\u00e9ments alimentaires bio, sant\u00e9 naturelle et d\u00e9tox, propose Pipercumine \u00e9labor\u00e9 avec JP Willem (100 g\u00e9lules v\u00e9g\u00e9tales de plantes) qui un produit naturel \u00e0 base de curcumine, pip\u00e9rine et ging\u00e9rols, qui forme une synergie parfaite (Compl\u00e9ment alimentaire\/Antioxydant puissant\/Articulations sensibles\/Digestion) pour apaiser les articulations, les muscles, la t\u00eate, le ventre, et contribuer \u00e0 une bonne digestion.","breadcrumb":{"@id":"https:\/\/www.phyt-inov.com\/fr\/produit\/pipercumine-100-gelules-4\/#breadcrumb"},"inLanguage":"fr-FR","potentialAction":[{"@type":"ReadAction","target":["https:\/\/www.phyt-inov.com\/fr\/produit\/pipercumine-100-gelules-4\/"]}]},{"@type":"ImageObject","inLanguage":"fr-FR","@id":"https:\/\/www.phyt-inov.com\/fr\/produit\/pipercumine-100-gelules-4\/#primaryimage","url":"https:\/\/www.phyt-inov.com\/wp-content\/uploads\/2025\/09\/Pipercumine.png","contentUrl":"https:\/\/www.phyt-inov.com\/wp-content\/uploads\/2025\/09\/Pipercumine.png","width":6400,"height":8000,"caption":"phyt-inov produit pipercumine gingembre"},{"@type":"BreadcrumbList","@id":"https:\/\/www.phyt-inov.com\/fr\/produit\/pipercumine-100-gelules-4\/#breadcrumb","itemListElement":[{"@type":"ListItem","position":1,"name":"Accueil","item":"https:\/\/www.phyt-inov.com\/fr\/"},{"@type":"ListItem","position":2,"name":"Boutique","item":"https:\/\/www.phyt-inov.com\/fr\/boutique\/"},{"@type":"ListItem","position":3,"name":"Pipercumine Gingembre"}]},{"@type":"WebSite","@id":"https:\/\/www.phyt-inov.com\/fr\/#website","url":"https:\/\/www.phyt-inov.com\/fr\/","name":"Phyt-Inov International","description":"L&#039;efficacit\u00e9 naturelle pour vos soins quotidiens","publisher":{"@id":"https:\/\/www.phyt-inov.com\/fr\/#organization"},"alternateName":"phyt-inov","potentialAction":[{"@type":"SearchAction","target":{"@type":"EntryPoint","urlTemplate":"https:\/\/www.phyt-inov.com\/fr\/?s={search_term_string}"},"query-input":{"@type":"PropertyValueSpecification","valueRequired":true,"valueName":"search_term_string"}}],"inLanguage":"fr-FR"},{"@type":"Organization","@id":"https:\/\/www.phyt-inov.com\/fr\/#organization","name":"Phyt-Inov","alternateName":"Phyt-Inov","url":"https:\/\/www.phyt-inov.com\/fr\/","logo":{"@type":"ImageObject","inLanguage":"fr-FR","@id":"https:\/\/www.phyt-inov.com\/fr\/#\/schema\/logo\/image\/","url":"https:\/\/www.phyt-inov.com\/wp-content\/uploads\/2025\/09\/Logo-site-phyt-inov4_Plan-de-travail-1-2048x760-1.png","contentUrl":"https:\/\/www.phyt-inov.com\/wp-content\/uploads\/2025\/09\/Logo-site-phyt-inov4_Plan-de-travail-1-2048x760-1.png","width":2048,"height":760,"caption":"Phyt-Inov"},"image":{"@id":"https:\/\/www.phyt-inov.com\/fr\/#\/schema\/logo\/image\/"},"sameAs":["https:\/\/www.facebook.com\/phytinov\/","https:\/\/www.youtube.com\/channel\/UCE05sYsSXuuKbLqs4Au3e4Q","https:\/\/www.instagram.com\/phytinov\/"]}]}},"jetpack_sharing_enabled":true,"_links":{"self":[{"href":"https:\/\/www.phyt-inov.com\/fr\/wp-json\/wp\/v2\/product\/241","targetHints":{"allow":["GET"]}}],"collection":[{"href":"https:\/\/www.phyt-inov.com\/fr\/wp-json\/wp\/v2\/product"}],"about":[{"href":"https:\/\/www.phyt-inov.com\/fr\/wp-json\/wp\/v2\/types\/product"}],"replies":[{"embeddable":true,"href":"https:\/\/www.phyt-inov.com\/fr\/wp-json\/wp\/v2\/comments?post=241"}],"wp:featuredmedia":[{"embeddable":true,"href":"https:\/\/www.phyt-inov.com\/fr\/wp-json\/wp\/v2\/media\/242"}],"wp:attachment":[{"href":"https:\/\/www.phyt-inov.com\/fr\/wp-json\/wp\/v2\/media?parent=241"}],"wp:term":[{"taxonomy":"product_brand","embeddable":true,"href":"https:\/\/www.phyt-inov.com\/fr\/wp-json\/wp\/v2\/product_brand?post=241"},{"taxonomy":"product_cat","embeddable":true,"href":"https:\/\/www.phyt-inov.com\/fr\/wp-json\/wp\/v2\/product_cat?post=241"},{"taxonomy":"product_tag","embeddable":true,"href":"https:\/\/www.phyt-inov.com\/fr\/wp-json\/wp\/v2\/product_tag?post=241"}],"curies":[{"name":"wp","href":"https:\/\/api.w.org\/{rel}","templated":true}]}}