{"id":236,"date":"2019-04-04T21:31:28","date_gmt":"2019-04-04T21:31:28","guid":{"rendered":"https:\/\/www.phyt-inov.com\/?post_type=product&#038;p=236"},"modified":"2026-03-30T09:06:58","modified_gmt":"2026-03-30T09:06:58","slug":"orthoflore-50-gelules","status":"publish","type":"product","link":"https:\/\/www.phyt-inov.com\/fr\/produit\/orthoflore-50-gelules\/","title":{"rendered":"Orthoflore g\u00e9lules"},"content":{"rendered":"<p>Bo\u00eete de 50 et 100 g\u00e9lules v\u00e9g\u00e9tales dos\u00e9es \u00e0 299 mg.<\/p>\n<p>Poids net : 18,7 g \/ boites de 50 g\u00e9lules.<\/p>\n<p>Conseils d\u2019utilisation : 1 g\u00e9lule le matin \u00e0 jeun.<\/p>\n","protected":false},"excerpt":{"rendered":"<p>Pour \u00eatre en bonne sant\u00e9, notre syst\u00e8me immunitaire doit \u00eatre efficace et pour cela notre flore intestinale doit \u00eatre en parfait \u00e9tat, en parfait \u00e9quilibre.<br \/>\nLa vie actuelle la d\u00e9r\u00e8gle souvent : pollutions, erreurs d\u2019alimentation, stress, antibiotiques, exc\u00e8s d\u2019alcool, de nicotine ou de caf\u00e9 et tous d\u00e9s\u00e9quilibres pouvant conduire \u00e0 un terrain fragilis\u00e9.<br \/>\n<b>Orthoflore\u00a0<\/b>contient de l\u2019allicine qui contribue au maintien de l\u2019\u00e9quilibre microbien dans l\u2019intestin.<br \/>\n<b>Orthoflore<\/b>\u00a0ce sont aussi plus de 11,4 milliards de bact\u00e9ries par g\u00e9lule, issues de 8 souches diff\u00e9rentes, dont certaines sont rares mais tr\u00e8s utiles, qui vont chacune jouer leur r\u00f4le.<\/p>\n","protected":false},"featured_media":237,"comment_status":"open","ping_status":"closed","template":"","meta":{"_et_pb_use_builder":"","_et_pb_old_content":"","_et_gb_content_width":""},"product_brand":[100],"product_cat":[95,71,78,69],"product_tag":[],"class_list":{"0":"post-236","1":"product","2":"type-product","3":"status-publish","4":"has-post-thumbnail","6":"product_brand-phyt-inov","7":"product_cat-accompagnement-sportif","8":"product_cat-confort-digestif","9":"product_cat-equilibre-emotionnel-et-nerveux","10":"product_cat-renforcer-ses-defenses","12":"first","13":"instock","14":"shipping-taxable","15":"purchasable","16":"product-type-variable"},"yoast_head":"<!-- This site is optimized with the Yoast SEO plugin v27.4 - https:\/\/yoast.com\/product\/yoast-seo-wordpress\/ -->\n<title>Produit naturel pour r\u00e9\u00e9quilibre la flore intestinale, formule de Jean-Pierre Willem - Equilibre microbien dans l&#039;intestin - Compl\u00e9ment alimentaire pour la flore intestinale - Orthoflore 50 g\u00e9lules v\u00e9g\u00e9tales | Phyt-inov.com<\/title>\n<meta name=\"description\" content=\"Phyt-Inov international\u00ae, laboratoire suisse r\u00e9f\u00e9rent dans l&#039;\u00e9quilibre microbien dans l&#039;intestin et les compl\u00e9ments alimentaires bio\/sant\u00e9 naturelle, propose Orthoflore, en lien avec la formule de Jean-Pierre Willem, (50 g\u00e9lules v\u00e9g\u00e9tales) qui est un produit naturel \u00e0 base de nutriments essentielles qui b\u00e9n\u00e9ficie d\u2019une synergie \u00e0 base d&#039;ingr\u00e9dients naturels (Extrait sec d\u2019Ail \/ Bifidobacterium infantis \/ Lactobacillus casei \/ Lactococcus lactis \/ Lactobacillus acidophilus \/ Bifidobacterium bifidum \/ Bifidobacterium longum \/ Lactobacillus plantarum \/ Lactobacillus rhamnosus) - Ainsi Orthoflore participe au maintien de l&#039;\u00e9quilibre de la flore intestinale.\" \/>\n<meta name=\"robots\" content=\"index, follow, max-snippet:-1, max-image-preview:large, max-video-preview:-1\" \/>\n<link rel=\"canonical\" href=\"https:\/\/www.phyt-inov.com\/fr\/produit\/orthoflore-50-gelules\/\" \/>\n<meta property=\"og:locale\" content=\"fr_FR\" \/>\n<meta property=\"og:type\" content=\"article\" \/>\n<meta property=\"og:title\" content=\"Produit naturel pour r\u00e9\u00e9quilibre la flore intestinale, formule de Jean-Pierre Willem - Equilibre microbien dans l&#039;intestin - Compl\u00e9ment alimentaire pour la flore intestinale - Orthoflore 50 g\u00e9lules v\u00e9g\u00e9tales | Phyt-inov.com\" \/>\n<meta property=\"og:description\" content=\"Phyt-Inov international\u00ae, laboratoire suisse r\u00e9f\u00e9rent dans l&#039;\u00e9quilibre microbien dans l&#039;intestin et les compl\u00e9ments alimentaires bio\/sant\u00e9 naturelle, propose Orthoflore, en lien avec la formule de Jean-Pierre Willem, (50 g\u00e9lules v\u00e9g\u00e9tales) qui est un produit naturel \u00e0 base de nutriments essentielles qui b\u00e9n\u00e9ficie d\u2019une synergie \u00e0 base d&#039;ingr\u00e9dients naturels (Extrait sec d\u2019Ail \/ Bifidobacterium infantis \/ Lactobacillus casei \/ Lactococcus lactis \/ Lactobacillus acidophilus \/ Bifidobacterium bifidum \/ Bifidobacterium longum \/ Lactobacillus plantarum \/ Lactobacillus rhamnosus) - Ainsi Orthoflore participe au maintien de l&#039;\u00e9quilibre de la flore intestinale.\" \/>\n<meta property=\"og:url\" content=\"https:\/\/www.phyt-inov.com\/fr\/produit\/orthoflore-50-gelules\/\" \/>\n<meta property=\"og:site_name\" content=\"Phyt-Inov\" \/>\n<meta property=\"article:publisher\" content=\"https:\/\/www.facebook.com\/phytinov\/\" \/>\n<meta property=\"article:modified_time\" content=\"2026-03-30T09:06:58+00:00\" \/>\n<meta property=\"og:image\" content=\"https:\/\/www.phyt-inov.com\/wp-content\/uploads\/2025\/09\/Orthoflore-50-gel.png\" \/>\n\t<meta property=\"og:image:width\" content=\"819\" \/>\n\t<meta property=\"og:image:height\" content=\"1024\" \/>\n\t<meta property=\"og:image:type\" content=\"image\/png\" \/>\n<meta name=\"twitter:card\" content=\"summary_large_image\" \/>\n<meta name=\"twitter:label1\" content=\"Dur\u00e9e de lecture estim\u00e9e\" \/>\n\t<meta name=\"twitter:data1\" content=\"1 minute\" \/>\n<script type=\"application\/ld+json\" class=\"yoast-schema-graph\">{\"@context\":\"https:\\\/\\\/schema.org\",\"@graph\":[{\"@type\":\"WebPage\",\"@id\":\"https:\\\/\\\/www.phyt-inov.com\\\/fr\\\/produit\\\/orthoflore-50-gelules\\\/\",\"url\":\"https:\\\/\\\/www.phyt-inov.com\\\/fr\\\/produit\\\/orthoflore-50-gelules\\\/\",\"name\":\"Produit naturel pour r\u00e9\u00e9quilibre la flore intestinale, formule de Jean-Pierre Willem - Equilibre microbien dans l'intestin - Compl\u00e9ment alimentaire pour la flore intestinale - Orthoflore 50 g\u00e9lules v\u00e9g\u00e9tales | Phyt-inov.com\",\"isPartOf\":{\"@id\":\"https:\\\/\\\/www.phyt-inov.com\\\/fr\\\/#website\"},\"primaryImageOfPage\":{\"@id\":\"https:\\\/\\\/www.phyt-inov.com\\\/fr\\\/produit\\\/orthoflore-50-gelules\\\/#primaryimage\"},\"image\":{\"@id\":\"https:\\\/\\\/www.phyt-inov.com\\\/fr\\\/produit\\\/orthoflore-50-gelules\\\/#primaryimage\"},\"thumbnailUrl\":\"https:\\\/\\\/www.phyt-inov.com\\\/wp-content\\\/uploads\\\/2025\\\/09\\\/Orthoflore-50-gel.png\",\"datePublished\":\"2019-04-04T21:31:28+00:00\",\"dateModified\":\"2026-03-30T09:06:58+00:00\",\"description\":\"Phyt-Inov international\u00ae, laboratoire suisse r\u00e9f\u00e9rent dans l'\u00e9quilibre microbien dans l'intestin et les compl\u00e9ments alimentaires bio\\\/sant\u00e9 naturelle, propose Orthoflore, en lien avec la formule de Jean-Pierre Willem, (50 g\u00e9lules v\u00e9g\u00e9tales) qui est un produit naturel \u00e0 base de nutriments essentielles qui b\u00e9n\u00e9ficie d\u2019une synergie \u00e0 base d'ingr\u00e9dients naturels (Extrait sec d\u2019Ail \\\/ Bifidobacterium infantis \\\/ Lactobacillus casei \\\/ Lactococcus lactis \\\/ Lactobacillus acidophilus \\\/ Bifidobacterium bifidum \\\/ Bifidobacterium longum \\\/ Lactobacillus plantarum \\\/ Lactobacillus rhamnosus) - Ainsi Orthoflore participe au maintien de l'\u00e9quilibre de la flore intestinale.\",\"breadcrumb\":{\"@id\":\"https:\\\/\\\/www.phyt-inov.com\\\/fr\\\/produit\\\/orthoflore-50-gelules\\\/#breadcrumb\"},\"inLanguage\":\"fr-FR\",\"potentialAction\":[{\"@type\":\"ReadAction\",\"target\":[\"https:\\\/\\\/www.phyt-inov.com\\\/fr\\\/produit\\\/orthoflore-50-gelules\\\/\"]}]},{\"@type\":\"ImageObject\",\"inLanguage\":\"fr-FR\",\"@id\":\"https:\\\/\\\/www.phyt-inov.com\\\/fr\\\/produit\\\/orthoflore-50-gelules\\\/#primaryimage\",\"url\":\"https:\\\/\\\/www.phyt-inov.com\\\/wp-content\\\/uploads\\\/2025\\\/09\\\/Orthoflore-50-gel.png\",\"contentUrl\":\"https:\\\/\\\/www.phyt-inov.com\\\/wp-content\\\/uploads\\\/2025\\\/09\\\/Orthoflore-50-gel.png\",\"width\":6400,\"height\":8000,\"caption\":\"phyt-inov produit orthoflore\"},{\"@type\":\"BreadcrumbList\",\"@id\":\"https:\\\/\\\/www.phyt-inov.com\\\/fr\\\/produit\\\/orthoflore-50-gelules\\\/#breadcrumb\",\"itemListElement\":[{\"@type\":\"ListItem\",\"position\":1,\"name\":\"Accueil\",\"item\":\"https:\\\/\\\/www.phyt-inov.com\\\/fr\\\/\"},{\"@type\":\"ListItem\",\"position\":2,\"name\":\"Boutique\",\"item\":\"https:\\\/\\\/www.phyt-inov.com\\\/fr\\\/boutique\\\/\"},{\"@type\":\"ListItem\",\"position\":3,\"name\":\"Orthoflore g\u00e9lules\"}]},{\"@type\":\"WebSite\",\"@id\":\"https:\\\/\\\/www.phyt-inov.com\\\/fr\\\/#website\",\"url\":\"https:\\\/\\\/www.phyt-inov.com\\\/fr\\\/\",\"name\":\"Phyt-Inov International\",\"description\":\"L&#039;efficacit\u00e9 naturelle pour vos soins quotidiens\",\"publisher\":{\"@id\":\"https:\\\/\\\/www.phyt-inov.com\\\/fr\\\/#organization\"},\"alternateName\":\"phyt-inov\",\"potentialAction\":[{\"@type\":\"SearchAction\",\"target\":{\"@type\":\"EntryPoint\",\"urlTemplate\":\"https:\\\/\\\/www.phyt-inov.com\\\/fr\\\/?s={search_term_string}\"},\"query-input\":{\"@type\":\"PropertyValueSpecification\",\"valueRequired\":true,\"valueName\":\"search_term_string\"}}],\"inLanguage\":\"fr-FR\"},{\"@type\":\"Organization\",\"@id\":\"https:\\\/\\\/www.phyt-inov.com\\\/fr\\\/#organization\",\"name\":\"Phyt-Inov\",\"alternateName\":\"Phyt-Inov\",\"url\":\"https:\\\/\\\/www.phyt-inov.com\\\/fr\\\/\",\"logo\":{\"@type\":\"ImageObject\",\"inLanguage\":\"fr-FR\",\"@id\":\"https:\\\/\\\/www.phyt-inov.com\\\/fr\\\/#\\\/schema\\\/logo\\\/image\\\/\",\"url\":\"https:\\\/\\\/www.phyt-inov.com\\\/wp-content\\\/uploads\\\/2025\\\/09\\\/Logo-site-phyt-inov4_Plan-de-travail-1-2048x760-1.png\",\"contentUrl\":\"https:\\\/\\\/www.phyt-inov.com\\\/wp-content\\\/uploads\\\/2025\\\/09\\\/Logo-site-phyt-inov4_Plan-de-travail-1-2048x760-1.png\",\"width\":2048,\"height\":760,\"caption\":\"Phyt-Inov\"},\"image\":{\"@id\":\"https:\\\/\\\/www.phyt-inov.com\\\/fr\\\/#\\\/schema\\\/logo\\\/image\\\/\"},\"sameAs\":[\"https:\\\/\\\/www.facebook.com\\\/phytinov\\\/\",\"https:\\\/\\\/www.youtube.com\\\/channel\\\/UCE05sYsSXuuKbLqs4Au3e4Q\",\"https:\\\/\\\/www.instagram.com\\\/phytinov\\\/\"]}]}<\/script>\n<!-- \/ Yoast SEO plugin. -->","yoast_head_json":{"title":"Produit naturel pour r\u00e9\u00e9quilibre la flore intestinale, formule de Jean-Pierre Willem - Equilibre microbien dans l'intestin - Compl\u00e9ment alimentaire pour la flore intestinale - Orthoflore 50 g\u00e9lules v\u00e9g\u00e9tales | Phyt-inov.com","description":"Phyt-Inov international\u00ae, laboratoire suisse r\u00e9f\u00e9rent dans l'\u00e9quilibre microbien dans l'intestin et les compl\u00e9ments alimentaires bio\/sant\u00e9 naturelle, propose Orthoflore, en lien avec la formule de Jean-Pierre Willem, (50 g\u00e9lules v\u00e9g\u00e9tales) qui est un produit naturel \u00e0 base de nutriments essentielles qui b\u00e9n\u00e9ficie d\u2019une synergie \u00e0 base d'ingr\u00e9dients naturels (Extrait sec d\u2019Ail \/ Bifidobacterium infantis \/ Lactobacillus casei \/ Lactococcus lactis \/ Lactobacillus acidophilus \/ Bifidobacterium bifidum \/ Bifidobacterium longum \/ Lactobacillus plantarum \/ Lactobacillus rhamnosus) - Ainsi Orthoflore participe au maintien de l'\u00e9quilibre de la flore intestinale.","robots":{"index":"index","follow":"follow","max-snippet":"max-snippet:-1","max-image-preview":"max-image-preview:large","max-video-preview":"max-video-preview:-1"},"canonical":"https:\/\/www.phyt-inov.com\/fr\/produit\/orthoflore-50-gelules\/","og_locale":"fr_FR","og_type":"article","og_title":"Produit naturel pour r\u00e9\u00e9quilibre la flore intestinale, formule de Jean-Pierre Willem - Equilibre microbien dans l'intestin - Compl\u00e9ment alimentaire pour la flore intestinale - Orthoflore 50 g\u00e9lules v\u00e9g\u00e9tales | Phyt-inov.com","og_description":"Phyt-Inov international\u00ae, laboratoire suisse r\u00e9f\u00e9rent dans l'\u00e9quilibre microbien dans l'intestin et les compl\u00e9ments alimentaires bio\/sant\u00e9 naturelle, propose Orthoflore, en lien avec la formule de Jean-Pierre Willem, (50 g\u00e9lules v\u00e9g\u00e9tales) qui est un produit naturel \u00e0 base de nutriments essentielles qui b\u00e9n\u00e9ficie d\u2019une synergie \u00e0 base d'ingr\u00e9dients naturels (Extrait sec d\u2019Ail \/ Bifidobacterium infantis \/ Lactobacillus casei \/ Lactococcus lactis \/ Lactobacillus acidophilus \/ Bifidobacterium bifidum \/ Bifidobacterium longum \/ Lactobacillus plantarum \/ Lactobacillus rhamnosus) - Ainsi Orthoflore participe au maintien de l'\u00e9quilibre de la flore intestinale.","og_url":"https:\/\/www.phyt-inov.com\/fr\/produit\/orthoflore-50-gelules\/","og_site_name":"Phyt-Inov","article_publisher":"https:\/\/www.facebook.com\/phytinov\/","article_modified_time":"2026-03-30T09:06:58+00:00","og_image":[{"url":"https:\/\/www.phyt-inov.com\/wp-content\/uploads\/2025\/09\/Orthoflore-50-gel.png","width":819,"height":1024,"type":"image\/png"}],"twitter_card":"summary_large_image","twitter_misc":{"Dur\u00e9e de lecture estim\u00e9e":"1 minute"},"schema":{"@context":"https:\/\/schema.org","@graph":[{"@type":"WebPage","@id":"https:\/\/www.phyt-inov.com\/fr\/produit\/orthoflore-50-gelules\/","url":"https:\/\/www.phyt-inov.com\/fr\/produit\/orthoflore-50-gelules\/","name":"Produit naturel pour r\u00e9\u00e9quilibre la flore intestinale, formule de Jean-Pierre Willem - Equilibre microbien dans l'intestin - Compl\u00e9ment alimentaire pour la flore intestinale - Orthoflore 50 g\u00e9lules v\u00e9g\u00e9tales | Phyt-inov.com","isPartOf":{"@id":"https:\/\/www.phyt-inov.com\/fr\/#website"},"primaryImageOfPage":{"@id":"https:\/\/www.phyt-inov.com\/fr\/produit\/orthoflore-50-gelules\/#primaryimage"},"image":{"@id":"https:\/\/www.phyt-inov.com\/fr\/produit\/orthoflore-50-gelules\/#primaryimage"},"thumbnailUrl":"https:\/\/www.phyt-inov.com\/wp-content\/uploads\/2025\/09\/Orthoflore-50-gel.png","datePublished":"2019-04-04T21:31:28+00:00","dateModified":"2026-03-30T09:06:58+00:00","description":"Phyt-Inov international\u00ae, laboratoire suisse r\u00e9f\u00e9rent dans l'\u00e9quilibre microbien dans l'intestin et les compl\u00e9ments alimentaires bio\/sant\u00e9 naturelle, propose Orthoflore, en lien avec la formule de Jean-Pierre Willem, (50 g\u00e9lules v\u00e9g\u00e9tales) qui est un produit naturel \u00e0 base de nutriments essentielles qui b\u00e9n\u00e9ficie d\u2019une synergie \u00e0 base d'ingr\u00e9dients naturels (Extrait sec d\u2019Ail \/ Bifidobacterium infantis \/ Lactobacillus casei \/ Lactococcus lactis \/ Lactobacillus acidophilus \/ Bifidobacterium bifidum \/ Bifidobacterium longum \/ Lactobacillus plantarum \/ Lactobacillus rhamnosus) - Ainsi Orthoflore participe au maintien de l'\u00e9quilibre de la flore intestinale.","breadcrumb":{"@id":"https:\/\/www.phyt-inov.com\/fr\/produit\/orthoflore-50-gelules\/#breadcrumb"},"inLanguage":"fr-FR","potentialAction":[{"@type":"ReadAction","target":["https:\/\/www.phyt-inov.com\/fr\/produit\/orthoflore-50-gelules\/"]}]},{"@type":"ImageObject","inLanguage":"fr-FR","@id":"https:\/\/www.phyt-inov.com\/fr\/produit\/orthoflore-50-gelules\/#primaryimage","url":"https:\/\/www.phyt-inov.com\/wp-content\/uploads\/2025\/09\/Orthoflore-50-gel.png","contentUrl":"https:\/\/www.phyt-inov.com\/wp-content\/uploads\/2025\/09\/Orthoflore-50-gel.png","width":6400,"height":8000,"caption":"phyt-inov produit orthoflore"},{"@type":"BreadcrumbList","@id":"https:\/\/www.phyt-inov.com\/fr\/produit\/orthoflore-50-gelules\/#breadcrumb","itemListElement":[{"@type":"ListItem","position":1,"name":"Accueil","item":"https:\/\/www.phyt-inov.com\/fr\/"},{"@type":"ListItem","position":2,"name":"Boutique","item":"https:\/\/www.phyt-inov.com\/fr\/boutique\/"},{"@type":"ListItem","position":3,"name":"Orthoflore g\u00e9lules"}]},{"@type":"WebSite","@id":"https:\/\/www.phyt-inov.com\/fr\/#website","url":"https:\/\/www.phyt-inov.com\/fr\/","name":"Phyt-Inov International","description":"L&#039;efficacit\u00e9 naturelle pour vos soins quotidiens","publisher":{"@id":"https:\/\/www.phyt-inov.com\/fr\/#organization"},"alternateName":"phyt-inov","potentialAction":[{"@type":"SearchAction","target":{"@type":"EntryPoint","urlTemplate":"https:\/\/www.phyt-inov.com\/fr\/?s={search_term_string}"},"query-input":{"@type":"PropertyValueSpecification","valueRequired":true,"valueName":"search_term_string"}}],"inLanguage":"fr-FR"},{"@type":"Organization","@id":"https:\/\/www.phyt-inov.com\/fr\/#organization","name":"Phyt-Inov","alternateName":"Phyt-Inov","url":"https:\/\/www.phyt-inov.com\/fr\/","logo":{"@type":"ImageObject","inLanguage":"fr-FR","@id":"https:\/\/www.phyt-inov.com\/fr\/#\/schema\/logo\/image\/","url":"https:\/\/www.phyt-inov.com\/wp-content\/uploads\/2025\/09\/Logo-site-phyt-inov4_Plan-de-travail-1-2048x760-1.png","contentUrl":"https:\/\/www.phyt-inov.com\/wp-content\/uploads\/2025\/09\/Logo-site-phyt-inov4_Plan-de-travail-1-2048x760-1.png","width":2048,"height":760,"caption":"Phyt-Inov"},"image":{"@id":"https:\/\/www.phyt-inov.com\/fr\/#\/schema\/logo\/image\/"},"sameAs":["https:\/\/www.facebook.com\/phytinov\/","https:\/\/www.youtube.com\/channel\/UCE05sYsSXuuKbLqs4Au3e4Q","https:\/\/www.instagram.com\/phytinov\/"]}]}},"jetpack_sharing_enabled":true,"_links":{"self":[{"href":"https:\/\/www.phyt-inov.com\/fr\/wp-json\/wp\/v2\/product\/236","targetHints":{"allow":["GET"]}}],"collection":[{"href":"https:\/\/www.phyt-inov.com\/fr\/wp-json\/wp\/v2\/product"}],"about":[{"href":"https:\/\/www.phyt-inov.com\/fr\/wp-json\/wp\/v2\/types\/product"}],"replies":[{"embeddable":true,"href":"https:\/\/www.phyt-inov.com\/fr\/wp-json\/wp\/v2\/comments?post=236"}],"wp:featuredmedia":[{"embeddable":true,"href":"https:\/\/www.phyt-inov.com\/fr\/wp-json\/wp\/v2\/media\/237"}],"wp:attachment":[{"href":"https:\/\/www.phyt-inov.com\/fr\/wp-json\/wp\/v2\/media?parent=236"}],"wp:term":[{"taxonomy":"product_brand","embeddable":true,"href":"https:\/\/www.phyt-inov.com\/fr\/wp-json\/wp\/v2\/product_brand?post=236"},{"taxonomy":"product_cat","embeddable":true,"href":"https:\/\/www.phyt-inov.com\/fr\/wp-json\/wp\/v2\/product_cat?post=236"},{"taxonomy":"product_tag","embeddable":true,"href":"https:\/\/www.phyt-inov.com\/fr\/wp-json\/wp\/v2\/product_tag?post=236"}],"curies":[{"name":"wp","href":"https:\/\/api.w.org\/{rel}","templated":true}]}}