{"id":230,"date":"2019-04-04T21:31:26","date_gmt":"2019-04-04T21:31:26","guid":{"rendered":"https:\/\/www.phyt-inov.com\/?post_type=product&#038;p=230"},"modified":"2026-03-30T09:06:55","modified_gmt":"2026-03-30T09:06:55","slug":"bropaine-150-gelules","status":"publish","type":"product","link":"https:\/\/www.phyt-inov.com\/fr\/produit\/bropaine-150-gelules\/","title":{"rendered":"Bropa\u00efne 150 g\u00e9lules"},"content":{"rendered":"<p>Bo\u00eete de 150 g\u00e9lules v\u00e9g\u00e9tales dos\u00e9es \u00e0 400 mg.<\/p>\n<p>Poids net : 72 g.<\/p>\n<p><strong>Conseils d\u2019utilisation :<\/strong> prendre 2 g\u00e9lules 2 fois par jour avant les repas.<\/p>\n<p>\u00ab Pour votre sant\u00e9, mangez au moins cinq fruits et l\u00e9gumes par jour \u00bb<br \/>\n\u00ab Pour votre sant\u00e9, pratiquez une activit\u00e9 physique r\u00e9guli\u00e8re \u00bb<br \/>\n\u00ab Pour votre sant\u00e9, \u00e9vitez de manger trop gras, trop sucr\u00e9, trop sal\u00e9 \u00bb<br \/>\n\u00ab Pour votre sant\u00e9, \u00e9vitez de grignoter entre les repas \u00bb<br \/>\nwww.mangerbouger.fr<\/p>\n","protected":false},"excerpt":{"rendered":"<p>Bropa\u00efne est une association de deux enzymes de l&rsquo;ananas et de la papaye (brom\u00e9la\u00efne et papa\u00efne).<\/p>\n<p>La brom\u00e9la\u00efne est consid\u00e9r\u00e9e comme non toxique et sans effets secondaires \u00e0 l&rsquo;exception de r\u00e9actions allergiques tr\u00e8s rares. Elle peut \u00eatre utilis\u00e9e \u00e0 des doses allant de 200 \u00e0 2000 mg pendant de longues p\u00e9riodes.<\/p>\n","protected":false},"featured_media":83184,"comment_status":"open","ping_status":"closed","template":"","meta":{"_et_pb_use_builder":"","_et_pb_old_content":"","_et_gb_content_width":""},"product_brand":[100],"product_cat":[99,71,96,91,92],"product_tag":[],"class_list":{"0":"post-230","1":"product","2":"type-product","3":"status-publish","4":"has-post-thumbnail","6":"product_brand-phyt-inov","7":"product_cat-animaux","8":"product_cat-confort-digestif","9":"product_cat-protocole-naturel-cellulaire-soutien","10":"product_cat-troubles-inflammatoires","11":"product_cat-voies-respiratoires","13":"first","14":"instock","15":"shipping-taxable","16":"purchasable","17":"product-type-simple"},"yoast_head":"<!-- This site is optimized with the Yoast SEO plugin v27.3 - https:\/\/yoast.com\/product\/yoast-seo-wordpress\/ -->\n<title>Association 2 enzymes de l\u2019ananas et la papaye (brom\u00e9la\u00efne et papa\u00efne) \u2013 Formule de Jean Pierre Willem \u2013 Bropa\u00efne 150 g\u00e9lules dos\u00e9es \u00e0 400 mg | Phyt-inov.com<\/title>\n<meta name=\"description\" content=\"Phyt-Inov international\u00ae officiel, laboratoire suisse \u00e9labore avec Jean Pierre Willem Bropa\u00efne (150 g\u00e9lules dos\u00e9es \u00e0 400 mg) association de 2 enzymes brom\u00e9la\u00efne et papa\u00efne. Maintien d\u2019un bon fonctionnement du syst\u00e8me immunitaire. Soutien la diminution d\u2019une inflammation, aide au bon fonctionnement de l\u2019appareil digestif, maintien la r\u00e9solution des probl\u00e8mes de tissus endommag\u00e9s, raideurs articulaires et traumatismes sportifs. Aide \u00e0 la r\u00e9duction de toutes sortes d\u2019enflement.\" \/>\n<meta name=\"robots\" content=\"index, follow, max-snippet:-1, max-image-preview:large, max-video-preview:-1\" \/>\n<link rel=\"canonical\" href=\"https:\/\/www.phyt-inov.com\/fr\/produit\/bropaine-150-gelules\/\" \/>\n<meta property=\"og:locale\" content=\"fr_FR\" \/>\n<meta property=\"og:type\" content=\"article\" \/>\n<meta property=\"og:title\" content=\"Association 2 enzymes de l\u2019ananas et la papaye (brom\u00e9la\u00efne et papa\u00efne) \u2013 Formule de Jean Pierre Willem \u2013 Bropa\u00efne 150 g\u00e9lules dos\u00e9es \u00e0 400 mg | Phyt-inov.com\" \/>\n<meta property=\"og:description\" content=\"Phyt-Inov international\u00ae officiel, laboratoire suisse \u00e9labore avec Jean Pierre Willem Bropa\u00efne (150 g\u00e9lules dos\u00e9es \u00e0 400 mg) association de 2 enzymes brom\u00e9la\u00efne et papa\u00efne. Maintien d\u2019un bon fonctionnement du syst\u00e8me immunitaire. Soutien la diminution d\u2019une inflammation, aide au bon fonctionnement de l\u2019appareil digestif, maintien la r\u00e9solution des probl\u00e8mes de tissus endommag\u00e9s, raideurs articulaires et traumatismes sportifs. Aide \u00e0 la r\u00e9duction de toutes sortes d\u2019enflement.\" \/>\n<meta property=\"og:url\" content=\"https:\/\/www.phyt-inov.com\/fr\/produit\/bropaine-150-gelules\/\" \/>\n<meta property=\"og:site_name\" content=\"Phyt-Inov\" \/>\n<meta property=\"article:publisher\" content=\"https:\/\/www.facebook.com\/phytinov\/\" \/>\n<meta property=\"article:modified_time\" content=\"2026-03-30T09:06:55+00:00\" \/>\n<meta property=\"og:image\" content=\"https:\/\/www.phyt-inov.com\/wp-content\/uploads\/2019\/04\/photo-des-pdts-phyt-inov-3-scaled.png\" \/>\n\t<meta property=\"og:image:width\" content=\"2048\" \/>\n\t<meta property=\"og:image:height\" content=\"2560\" \/>\n\t<meta property=\"og:image:type\" content=\"image\/png\" \/>\n<meta name=\"twitter:card\" content=\"summary_large_image\" \/>\n<meta name=\"twitter:label1\" content=\"Dur\u00e9e de lecture estim\u00e9e\" \/>\n\t<meta name=\"twitter:data1\" content=\"1 minute\" \/>\n<script type=\"application\/ld+json\" class=\"yoast-schema-graph\">{\"@context\":\"https:\\\/\\\/schema.org\",\"@graph\":[{\"@type\":\"WebPage\",\"@id\":\"https:\\\/\\\/www.phyt-inov.com\\\/fr\\\/produit\\\/bropaine-150-gelules\\\/\",\"url\":\"https:\\\/\\\/www.phyt-inov.com\\\/fr\\\/produit\\\/bropaine-150-gelules\\\/\",\"name\":\"Association 2 enzymes de l\u2019ananas et la papaye (brom\u00e9la\u00efne et papa\u00efne) \u2013 Formule de Jean Pierre Willem \u2013 Bropa\u00efne 150 g\u00e9lules dos\u00e9es \u00e0 400 mg | Phyt-inov.com\",\"isPartOf\":{\"@id\":\"https:\\\/\\\/www.phyt-inov.com\\\/fr\\\/#website\"},\"primaryImageOfPage\":{\"@id\":\"https:\\\/\\\/www.phyt-inov.com\\\/fr\\\/produit\\\/bropaine-150-gelules\\\/#primaryimage\"},\"image\":{\"@id\":\"https:\\\/\\\/www.phyt-inov.com\\\/fr\\\/produit\\\/bropaine-150-gelules\\\/#primaryimage\"},\"thumbnailUrl\":\"https:\\\/\\\/www.phyt-inov.com\\\/wp-content\\\/uploads\\\/2019\\\/04\\\/photo-des-pdts-phyt-inov-3-scaled.png\",\"datePublished\":\"2019-04-04T21:31:26+00:00\",\"dateModified\":\"2026-03-30T09:06:55+00:00\",\"description\":\"Phyt-Inov international\u00ae officiel, laboratoire suisse \u00e9labore avec Jean Pierre Willem Bropa\u00efne (150 g\u00e9lules dos\u00e9es \u00e0 400 mg) association de 2 enzymes brom\u00e9la\u00efne et papa\u00efne. Maintien d\u2019un bon fonctionnement du syst\u00e8me immunitaire. Soutien la diminution d\u2019une inflammation, aide au bon fonctionnement de l\u2019appareil digestif, maintien la r\u00e9solution des probl\u00e8mes de tissus endommag\u00e9s, raideurs articulaires et traumatismes sportifs. Aide \u00e0 la r\u00e9duction de toutes sortes d\u2019enflement.\",\"breadcrumb\":{\"@id\":\"https:\\\/\\\/www.phyt-inov.com\\\/fr\\\/produit\\\/bropaine-150-gelules\\\/#breadcrumb\"},\"inLanguage\":\"fr-FR\",\"potentialAction\":[{\"@type\":\"ReadAction\",\"target\":[\"https:\\\/\\\/www.phyt-inov.com\\\/fr\\\/produit\\\/bropaine-150-gelules\\\/\"]}]},{\"@type\":\"ImageObject\",\"inLanguage\":\"fr-FR\",\"@id\":\"https:\\\/\\\/www.phyt-inov.com\\\/fr\\\/produit\\\/bropaine-150-gelules\\\/#primaryimage\",\"url\":\"https:\\\/\\\/www.phyt-inov.com\\\/wp-content\\\/uploads\\\/2019\\\/04\\\/photo-des-pdts-phyt-inov-3-scaled.png\",\"contentUrl\":\"https:\\\/\\\/www.phyt-inov.com\\\/wp-content\\\/uploads\\\/2019\\\/04\\\/photo-des-pdts-phyt-inov-3-scaled.png\",\"width\":2048,\"height\":2560,\"caption\":\"phyt-inov produit bropaine\"},{\"@type\":\"BreadcrumbList\",\"@id\":\"https:\\\/\\\/www.phyt-inov.com\\\/fr\\\/produit\\\/bropaine-150-gelules\\\/#breadcrumb\",\"itemListElement\":[{\"@type\":\"ListItem\",\"position\":1,\"name\":\"Accueil\",\"item\":\"https:\\\/\\\/www.phyt-inov.com\\\/fr\\\/\"},{\"@type\":\"ListItem\",\"position\":2,\"name\":\"Boutique\",\"item\":\"https:\\\/\\\/www.phyt-inov.com\\\/fr\\\/boutique\\\/\"},{\"@type\":\"ListItem\",\"position\":3,\"name\":\"Bropa\u00efne 150 g\u00e9lules\"}]},{\"@type\":\"WebSite\",\"@id\":\"https:\\\/\\\/www.phyt-inov.com\\\/fr\\\/#website\",\"url\":\"https:\\\/\\\/www.phyt-inov.com\\\/fr\\\/\",\"name\":\"Phyt-Inov International\",\"description\":\"L&#039;efficacit\u00e9 naturelle pour vos soins quotidiens\",\"publisher\":{\"@id\":\"https:\\\/\\\/www.phyt-inov.com\\\/fr\\\/#organization\"},\"alternateName\":\"phyt-inov\",\"potentialAction\":[{\"@type\":\"SearchAction\",\"target\":{\"@type\":\"EntryPoint\",\"urlTemplate\":\"https:\\\/\\\/www.phyt-inov.com\\\/fr\\\/?s={search_term_string}\"},\"query-input\":{\"@type\":\"PropertyValueSpecification\",\"valueRequired\":true,\"valueName\":\"search_term_string\"}}],\"inLanguage\":\"fr-FR\"},{\"@type\":\"Organization\",\"@id\":\"https:\\\/\\\/www.phyt-inov.com\\\/fr\\\/#organization\",\"name\":\"Phyt-Inov\",\"alternateName\":\"Phyt-Inov\",\"url\":\"https:\\\/\\\/www.phyt-inov.com\\\/fr\\\/\",\"logo\":{\"@type\":\"ImageObject\",\"inLanguage\":\"fr-FR\",\"@id\":\"https:\\\/\\\/www.phyt-inov.com\\\/fr\\\/#\\\/schema\\\/logo\\\/image\\\/\",\"url\":\"https:\\\/\\\/www.phyt-inov.com\\\/wp-content\\\/uploads\\\/2025\\\/09\\\/Logo-site-phyt-inov4_Plan-de-travail-1-2048x760-1.png\",\"contentUrl\":\"https:\\\/\\\/www.phyt-inov.com\\\/wp-content\\\/uploads\\\/2025\\\/09\\\/Logo-site-phyt-inov4_Plan-de-travail-1-2048x760-1.png\",\"width\":2048,\"height\":760,\"caption\":\"Phyt-Inov\"},\"image\":{\"@id\":\"https:\\\/\\\/www.phyt-inov.com\\\/fr\\\/#\\\/schema\\\/logo\\\/image\\\/\"},\"sameAs\":[\"https:\\\/\\\/www.facebook.com\\\/phytinov\\\/\",\"https:\\\/\\\/www.youtube.com\\\/channel\\\/UCE05sYsSXuuKbLqs4Au3e4Q\",\"https:\\\/\\\/www.instagram.com\\\/phytinov\\\/\"]}]}<\/script>\n<!-- \/ Yoast SEO plugin. -->","yoast_head_json":{"title":"Association 2 enzymes de l\u2019ananas et la papaye (brom\u00e9la\u00efne et papa\u00efne) \u2013 Formule de Jean Pierre Willem \u2013 Bropa\u00efne 150 g\u00e9lules dos\u00e9es \u00e0 400 mg | Phyt-inov.com","description":"Phyt-Inov international\u00ae officiel, laboratoire suisse \u00e9labore avec Jean Pierre Willem Bropa\u00efne (150 g\u00e9lules dos\u00e9es \u00e0 400 mg) association de 2 enzymes brom\u00e9la\u00efne et papa\u00efne. Maintien d\u2019un bon fonctionnement du syst\u00e8me immunitaire. Soutien la diminution d\u2019une inflammation, aide au bon fonctionnement de l\u2019appareil digestif, maintien la r\u00e9solution des probl\u00e8mes de tissus endommag\u00e9s, raideurs articulaires et traumatismes sportifs. Aide \u00e0 la r\u00e9duction de toutes sortes d\u2019enflement.","robots":{"index":"index","follow":"follow","max-snippet":"max-snippet:-1","max-image-preview":"max-image-preview:large","max-video-preview":"max-video-preview:-1"},"canonical":"https:\/\/www.phyt-inov.com\/fr\/produit\/bropaine-150-gelules\/","og_locale":"fr_FR","og_type":"article","og_title":"Association 2 enzymes de l\u2019ananas et la papaye (brom\u00e9la\u00efne et papa\u00efne) \u2013 Formule de Jean Pierre Willem \u2013 Bropa\u00efne 150 g\u00e9lules dos\u00e9es \u00e0 400 mg | Phyt-inov.com","og_description":"Phyt-Inov international\u00ae officiel, laboratoire suisse \u00e9labore avec Jean Pierre Willem Bropa\u00efne (150 g\u00e9lules dos\u00e9es \u00e0 400 mg) association de 2 enzymes brom\u00e9la\u00efne et papa\u00efne. Maintien d\u2019un bon fonctionnement du syst\u00e8me immunitaire. Soutien la diminution d\u2019une inflammation, aide au bon fonctionnement de l\u2019appareil digestif, maintien la r\u00e9solution des probl\u00e8mes de tissus endommag\u00e9s, raideurs articulaires et traumatismes sportifs. Aide \u00e0 la r\u00e9duction de toutes sortes d\u2019enflement.","og_url":"https:\/\/www.phyt-inov.com\/fr\/produit\/bropaine-150-gelules\/","og_site_name":"Phyt-Inov","article_publisher":"https:\/\/www.facebook.com\/phytinov\/","article_modified_time":"2026-03-30T09:06:55+00:00","og_image":[{"width":2048,"height":2560,"url":"https:\/\/www.phyt-inov.com\/wp-content\/uploads\/2019\/04\/photo-des-pdts-phyt-inov-3-scaled.png","type":"image\/png"}],"twitter_card":"summary_large_image","twitter_misc":{"Dur\u00e9e de lecture estim\u00e9e":"1 minute"},"schema":{"@context":"https:\/\/schema.org","@graph":[{"@type":"WebPage","@id":"https:\/\/www.phyt-inov.com\/fr\/produit\/bropaine-150-gelules\/","url":"https:\/\/www.phyt-inov.com\/fr\/produit\/bropaine-150-gelules\/","name":"Association 2 enzymes de l\u2019ananas et la papaye (brom\u00e9la\u00efne et papa\u00efne) \u2013 Formule de Jean Pierre Willem \u2013 Bropa\u00efne 150 g\u00e9lules dos\u00e9es \u00e0 400 mg | Phyt-inov.com","isPartOf":{"@id":"https:\/\/www.phyt-inov.com\/fr\/#website"},"primaryImageOfPage":{"@id":"https:\/\/www.phyt-inov.com\/fr\/produit\/bropaine-150-gelules\/#primaryimage"},"image":{"@id":"https:\/\/www.phyt-inov.com\/fr\/produit\/bropaine-150-gelules\/#primaryimage"},"thumbnailUrl":"https:\/\/www.phyt-inov.com\/wp-content\/uploads\/2019\/04\/photo-des-pdts-phyt-inov-3-scaled.png","datePublished":"2019-04-04T21:31:26+00:00","dateModified":"2026-03-30T09:06:55+00:00","description":"Phyt-Inov international\u00ae officiel, laboratoire suisse \u00e9labore avec Jean Pierre Willem Bropa\u00efne (150 g\u00e9lules dos\u00e9es \u00e0 400 mg) association de 2 enzymes brom\u00e9la\u00efne et papa\u00efne. Maintien d\u2019un bon fonctionnement du syst\u00e8me immunitaire. Soutien la diminution d\u2019une inflammation, aide au bon fonctionnement de l\u2019appareil digestif, maintien la r\u00e9solution des probl\u00e8mes de tissus endommag\u00e9s, raideurs articulaires et traumatismes sportifs. Aide \u00e0 la r\u00e9duction de toutes sortes d\u2019enflement.","breadcrumb":{"@id":"https:\/\/www.phyt-inov.com\/fr\/produit\/bropaine-150-gelules\/#breadcrumb"},"inLanguage":"fr-FR","potentialAction":[{"@type":"ReadAction","target":["https:\/\/www.phyt-inov.com\/fr\/produit\/bropaine-150-gelules\/"]}]},{"@type":"ImageObject","inLanguage":"fr-FR","@id":"https:\/\/www.phyt-inov.com\/fr\/produit\/bropaine-150-gelules\/#primaryimage","url":"https:\/\/www.phyt-inov.com\/wp-content\/uploads\/2019\/04\/photo-des-pdts-phyt-inov-3-scaled.png","contentUrl":"https:\/\/www.phyt-inov.com\/wp-content\/uploads\/2019\/04\/photo-des-pdts-phyt-inov-3-scaled.png","width":2048,"height":2560,"caption":"phyt-inov produit bropaine"},{"@type":"BreadcrumbList","@id":"https:\/\/www.phyt-inov.com\/fr\/produit\/bropaine-150-gelules\/#breadcrumb","itemListElement":[{"@type":"ListItem","position":1,"name":"Accueil","item":"https:\/\/www.phyt-inov.com\/fr\/"},{"@type":"ListItem","position":2,"name":"Boutique","item":"https:\/\/www.phyt-inov.com\/fr\/boutique\/"},{"@type":"ListItem","position":3,"name":"Bropa\u00efne 150 g\u00e9lules"}]},{"@type":"WebSite","@id":"https:\/\/www.phyt-inov.com\/fr\/#website","url":"https:\/\/www.phyt-inov.com\/fr\/","name":"Phyt-Inov International","description":"L&#039;efficacit\u00e9 naturelle pour vos soins quotidiens","publisher":{"@id":"https:\/\/www.phyt-inov.com\/fr\/#organization"},"alternateName":"phyt-inov","potentialAction":[{"@type":"SearchAction","target":{"@type":"EntryPoint","urlTemplate":"https:\/\/www.phyt-inov.com\/fr\/?s={search_term_string}"},"query-input":{"@type":"PropertyValueSpecification","valueRequired":true,"valueName":"search_term_string"}}],"inLanguage":"fr-FR"},{"@type":"Organization","@id":"https:\/\/www.phyt-inov.com\/fr\/#organization","name":"Phyt-Inov","alternateName":"Phyt-Inov","url":"https:\/\/www.phyt-inov.com\/fr\/","logo":{"@type":"ImageObject","inLanguage":"fr-FR","@id":"https:\/\/www.phyt-inov.com\/fr\/#\/schema\/logo\/image\/","url":"https:\/\/www.phyt-inov.com\/wp-content\/uploads\/2025\/09\/Logo-site-phyt-inov4_Plan-de-travail-1-2048x760-1.png","contentUrl":"https:\/\/www.phyt-inov.com\/wp-content\/uploads\/2025\/09\/Logo-site-phyt-inov4_Plan-de-travail-1-2048x760-1.png","width":2048,"height":760,"caption":"Phyt-Inov"},"image":{"@id":"https:\/\/www.phyt-inov.com\/fr\/#\/schema\/logo\/image\/"},"sameAs":["https:\/\/www.facebook.com\/phytinov\/","https:\/\/www.youtube.com\/channel\/UCE05sYsSXuuKbLqs4Au3e4Q","https:\/\/www.instagram.com\/phytinov\/"]}]}},"jetpack_sharing_enabled":true,"_links":{"self":[{"href":"https:\/\/www.phyt-inov.com\/fr\/wp-json\/wp\/v2\/product\/230","targetHints":{"allow":["GET"]}}],"collection":[{"href":"https:\/\/www.phyt-inov.com\/fr\/wp-json\/wp\/v2\/product"}],"about":[{"href":"https:\/\/www.phyt-inov.com\/fr\/wp-json\/wp\/v2\/types\/product"}],"replies":[{"embeddable":true,"href":"https:\/\/www.phyt-inov.com\/fr\/wp-json\/wp\/v2\/comments?post=230"}],"wp:featuredmedia":[{"embeddable":true,"href":"https:\/\/www.phyt-inov.com\/fr\/wp-json\/wp\/v2\/media\/83184"}],"wp:attachment":[{"href":"https:\/\/www.phyt-inov.com\/fr\/wp-json\/wp\/v2\/media?parent=230"}],"wp:term":[{"taxonomy":"product_brand","embeddable":true,"href":"https:\/\/www.phyt-inov.com\/fr\/wp-json\/wp\/v2\/product_brand?post=230"},{"taxonomy":"product_cat","embeddable":true,"href":"https:\/\/www.phyt-inov.com\/fr\/wp-json\/wp\/v2\/product_cat?post=230"},{"taxonomy":"product_tag","embeddable":true,"href":"https:\/\/www.phyt-inov.com\/fr\/wp-json\/wp\/v2\/product_tag?post=230"}],"curies":[{"name":"wp","href":"https:\/\/api.w.org\/{rel}","templated":true}]}}