{"id":218,"date":"2019-04-04T21:31:21","date_gmt":"2019-04-04T21:31:21","guid":{"rendered":"https:\/\/www.phyt-inov.com\/?post_type=product&#038;p=218"},"modified":"2026-03-30T09:07:36","modified_gmt":"2026-03-30T09:07:36","slug":"lotion-visage","status":"publish","type":"product","link":"https:\/\/www.phyt-inov.com\/fr\/produit\/lotion-visage\/","title":{"rendered":"Lotion Visage"},"content":{"rendered":"<p><b>Biomaxi, pour un maximum bio du total des ingr\u00e9dients. <\/b><\/p>\n<h4 class=\"\" data-start=\"741\" data-end=\"779\">Une composition florale et active<\/h4>\n<ul data-start=\"781\" data-end=\"1292\">\n<li class=\"\" data-start=\"781\" data-end=\"1018\">\n<p class=\"\" data-start=\"783\" data-end=\"872\"><strong data-start=\"783\" data-end=\"804\">Eaux florales bio<\/strong> s\u00e9lectionn\u00e9es pour leurs propri\u00e9t\u00e9s \u00e9quilibrantes et apaisantes :<\/p>\n<ul data-start=\"875\" data-end=\"1018\">\n<li class=\"\" data-start=\"875\" data-end=\"1018\">\n<p class=\"\" data-start=\"877\" data-end=\"1018\">Rose de Damas (hydratante), tilleul (adoucissant), hamam\u00e9lis (calmant les rougeurs), sauge (purifiante), cassis (tonifiante et antioxydante).<\/p>\n<\/li>\n<\/ul>\n<\/li>\n<li class=\"\" data-start=\"1019\" data-end=\"1117\">\n<p class=\"\" data-start=\"1021\" data-end=\"1117\"><strong data-start=\"1021\" data-end=\"1040\">S\u00e8ve de bouleau<\/strong> et <strong data-start=\"1044\" data-end=\"1063\">gel d\u2019aloe vera<\/strong> : hydratent en profondeur et revitalisent l\u2019\u00e9piderme.<\/p>\n<\/li>\n<li class=\"\" data-start=\"1118\" data-end=\"1292\">\n<p class=\"\" data-start=\"1120\" data-end=\"1152\"><strong data-start=\"1120\" data-end=\"1141\">Extraits v\u00e9g\u00e9taux<\/strong> cibl\u00e9s :<\/p>\n<ul data-start=\"1155\" data-end=\"1292\">\n<li class=\"\" data-start=\"1155\" data-end=\"1292\">\n<p class=\"\" data-start=\"1157\" data-end=\"1292\">Reine des pr\u00e9s (astringente), camomille sauvage (apaisante et s\u00e9bor\u00e9gulatrice), fleurs de th\u00e9 (anti-\u00e2ge, photoprotecteur, antioxydant).<\/p>\n<\/li>\n<\/ul>\n<\/li>\n<\/ul>\n<h4 class=\"\" data-start=\"1294\" data-end=\"1327\">La signature Flora d\u2019Essarts<\/h4>\n<p class=\"\" data-start=\"1329\" data-end=\"1632\">Comme tous les soins de la gamme, la Lotion Visage int\u00e8gre le <strong data-start=\"1391\" data-end=\"1428\">complexe de 8 huiles essentielles<\/strong> embl\u00e9matiques :<br data-start=\"1444\" data-end=\"1447\" \/>Petit grain bigaradier, palmarosa, g\u00e9ranium bourbon, sauge sclar\u00e9e, carotte, bois de santal, lavande aspic et romarin. Une synergie compl\u00e8te pour purifier, r\u00e9guler et renforcer la peau.<\/p>\n<h4 class=\"\" data-start=\"1634\" data-end=\"1661\">Conseils d\u2019application<\/h4>\n<p class=\"\" data-start=\"1663\" data-end=\"1780\">Appliquer la lotion \u00e0 l\u2019aide d\u2019un coton ou par pulv\u00e9risation <strong data-start=\"1724\" data-end=\"1744\">matin et\/ou soir<\/strong> sur peau propre. Elle s\u2019utilise :<\/p>\n<ul data-start=\"1781\" data-end=\"1985\">\n<li class=\"\" data-start=\"1781\" data-end=\"1846\">\n<p class=\"\" data-start=\"1783\" data-end=\"1846\">En <strong data-start=\"1786\" data-end=\"1804\">lotion tonique<\/strong>, avant le maquillage ou avant le s\u00e9rum.<\/p>\n<\/li>\n<li class=\"\" data-start=\"1847\" data-end=\"1907\">\n<p class=\"\" data-start=\"1849\" data-end=\"1907\">En <strong data-start=\"1852\" data-end=\"1873\">d\u00e9maquillant doux<\/strong>, ou pour parfaire le nettoyage.<\/p>\n<\/li>\n<li class=\"\" data-start=\"1908\" data-end=\"1985\">\n<p class=\"\" data-start=\"1910\" data-end=\"1985\">En <strong data-start=\"1913\" data-end=\"1938\">brume rafra\u00eechissante<\/strong>, en journ\u00e9e ou apr\u00e8s une exposition au soleil.<\/p>\n<\/li>\n<\/ul>\n<p class=\"\" data-start=\"1987\" data-end=\"2073\">Un soin quotidien essentiel, pour une peau nette, fra\u00eeche et apais\u00e9e en un seul geste.<\/p>\n<p><b>Flacon airless de 100 ml<\/b>.<br \/>\nAucun conservateur.<br \/>\n<b>100%<\/b> du total des ingr\u00e9dients d\u2019origine naturelle.<br \/>\n<b>97%<\/b> du total des ingr\u00e9dients sont issus de l\u2019agriculture biologique.<\/p>\n","protected":false},"excerpt":{"rendered":"<p><b>Fraicheur et confort<\/b><\/p>\n<p class=\"\" data-start=\"215\" data-end=\"468\">La <strong data-start=\"218\" data-end=\"251\">Lotion Visage Flora d\u2019Essarts<\/strong> est un soin multifonction qui <strong data-start=\"282\" data-end=\"326\">tonifie, rafra\u00eechit, apaise et \u00e9quilibre<\/strong> la peau. Parfaite au quotidien, elle s\u2019utilise aussi bien le matin pour r\u00e9veiller l\u2019\u00e9clat du teint que le soir pour parfaire le d\u00e9maquillage.<\/p>\n<p class=\"\" data-start=\"470\" data-end=\"739\">Id\u00e9ale avant l\u2019application du maquillage, elle <strong data-start=\"517\" data-end=\"539\">resserre les pores<\/strong>, favorise une meilleure tenue et pr\u00e9pare la peau \u00e0 recevoir les soins. Son action rafra\u00eechissante en fait \u00e9galement un excellent <strong data-start=\"669\" data-end=\"685\">apr\u00e8s-soleil<\/strong> ou un geste apaisant pendant les p\u00e9riodes de chaleur.<\/p>\n","protected":false},"featured_media":219,"comment_status":"open","ping_status":"closed","template":"","meta":{"_et_pb_use_builder":"","_et_pb_old_content":"","_et_gb_content_width":""},"product_brand":[101],"product_cat":[86,94],"product_tag":[],"class_list":{"0":"post-218","1":"product","2":"type-product","3":"status-publish","4":"has-post-thumbnail","6":"product_brand-flora-dessarts","7":"product_cat-cosmetiques-bio","8":"product_cat-hygiene-beaute-peau","10":"first","11":"instock","12":"shipping-taxable","13":"purchasable","14":"product-type-simple"},"yoast_head":"<!-- This site is optimized with the Yoast SEO plugin v27.4 - https:\/\/yoast.com\/product\/yoast-seo-wordpress\/ -->\n<title>Lotion Visage - Flora d&#039;Essarts - Phyt-Inov\u00ae officiel - cr\u00e8me biologique pour le soin de la peau et du visage - fra\u00eecheur et confort - Anti taches - r\u00e9hydratation profonde et durable - 100 ml 100% naturel et ultrabiologique | Phyt-inov.com<\/title>\n<meta name=\"description\" content=\"Phyt-Inov international\u00ae officiel, laboratoire suisse r\u00e9f\u00e9rent en soins et cosm\u00e9tiques naturels et biologiques pour la sant\u00e9 et la beaut\u00e9 de la peau, propose sa Lotion Visage Flora d&#039;Essarts, (100 ml sans conservateurs ni PEG) \u2013 La Lotion Visage Flora d&#039;Essarts est un produit naturel\/bio de Phyt Inov pour pr\u00e9server la beaut\u00e9 de la peau (s\u00e8ve de bouleau\/alo\u00e9 v\u00e9ra\/rose sauvage\/tilleul\/hamam\u00e9lis\/camomille). Cette lotion tr\u00e8s riche en s\u00e8ve de bouleau biologique, adoucissante et antistress apporte fraicheur et confort. Elle est d\u2019une grande efficacit\u00e9 contre les taches brunes du visage et des mains.\" \/>\n<meta name=\"robots\" content=\"index, follow, max-snippet:-1, max-image-preview:large, max-video-preview:-1\" \/>\n<link rel=\"canonical\" href=\"https:\/\/www.phyt-inov.com\/fr\/produit\/lotion-visage\/\" \/>\n<meta property=\"og:locale\" content=\"fr_FR\" \/>\n<meta property=\"og:type\" content=\"article\" \/>\n<meta property=\"og:title\" content=\"Lotion Visage - Flora d&#039;Essarts - Phyt-Inov\u00ae officiel - cr\u00e8me biologique pour le soin de la peau et du visage - fra\u00eecheur et confort - Anti taches - r\u00e9hydratation profonde et durable - 100 ml 100% naturel et ultrabiologique | Phyt-inov.com\" \/>\n<meta property=\"og:description\" content=\"Phyt-Inov international\u00ae officiel, laboratoire suisse r\u00e9f\u00e9rent en soins et cosm\u00e9tiques naturels et biologiques pour la sant\u00e9 et la beaut\u00e9 de la peau, propose sa Lotion Visage Flora d&#039;Essarts, (100 ml sans conservateurs ni PEG) \u2013 La Lotion Visage Flora d&#039;Essarts est un produit naturel\/bio de Phyt Inov pour pr\u00e9server la beaut\u00e9 de la peau (s\u00e8ve de bouleau\/alo\u00e9 v\u00e9ra\/rose sauvage\/tilleul\/hamam\u00e9lis\/camomille). Cette lotion tr\u00e8s riche en s\u00e8ve de bouleau biologique, adoucissante et antistress apporte fraicheur et confort. Elle est d\u2019une grande efficacit\u00e9 contre les taches brunes du visage et des mains.\" \/>\n<meta property=\"og:url\" content=\"https:\/\/www.phyt-inov.com\/fr\/produit\/lotion-visage\/\" \/>\n<meta property=\"og:site_name\" content=\"Phyt-Inov\" \/>\n<meta property=\"article:publisher\" content=\"https:\/\/www.facebook.com\/phytinov\/\" \/>\n<meta property=\"article:modified_time\" content=\"2026-03-30T09:07:36+00:00\" \/>\n<meta property=\"og:image\" content=\"https:\/\/www.phyt-inov.com\/wp-content\/uploads\/2025\/09\/Lotion-scaled.png\" \/>\n\t<meta property=\"og:image:width\" content=\"2446\" \/>\n\t<meta property=\"og:image:height\" content=\"2560\" \/>\n\t<meta property=\"og:image:type\" content=\"image\/png\" \/>\n<meta name=\"twitter:card\" content=\"summary_large_image\" \/>\n<meta name=\"twitter:label1\" content=\"Dur\u00e9e de lecture estim\u00e9e\" \/>\n\t<meta name=\"twitter:data1\" content=\"2 minutes\" \/>\n<script type=\"application\/ld+json\" class=\"yoast-schema-graph\">{\"@context\":\"https:\\\/\\\/schema.org\",\"@graph\":[{\"@type\":\"WebPage\",\"@id\":\"https:\\\/\\\/www.phyt-inov.com\\\/fr\\\/produit\\\/lotion-visage\\\/\",\"url\":\"https:\\\/\\\/www.phyt-inov.com\\\/fr\\\/produit\\\/lotion-visage\\\/\",\"name\":\"Lotion Visage - Flora d'Essarts - Phyt-Inov\u00ae officiel - cr\u00e8me biologique pour le soin de la peau et du visage - fra\u00eecheur et confort - Anti taches - r\u00e9hydratation profonde et durable - 100 ml 100% naturel et ultrabiologique | Phyt-inov.com\",\"isPartOf\":{\"@id\":\"https:\\\/\\\/www.phyt-inov.com\\\/fr\\\/#website\"},\"primaryImageOfPage\":{\"@id\":\"https:\\\/\\\/www.phyt-inov.com\\\/fr\\\/produit\\\/lotion-visage\\\/#primaryimage\"},\"image\":{\"@id\":\"https:\\\/\\\/www.phyt-inov.com\\\/fr\\\/produit\\\/lotion-visage\\\/#primaryimage\"},\"thumbnailUrl\":\"https:\\\/\\\/www.phyt-inov.com\\\/wp-content\\\/uploads\\\/2025\\\/09\\\/Lotion-scaled.png\",\"datePublished\":\"2019-04-04T21:31:21+00:00\",\"dateModified\":\"2026-03-30T09:07:36+00:00\",\"description\":\"Phyt-Inov international\u00ae officiel, laboratoire suisse r\u00e9f\u00e9rent en soins et cosm\u00e9tiques naturels et biologiques pour la sant\u00e9 et la beaut\u00e9 de la peau, propose sa Lotion Visage Flora d'Essarts, (100 ml sans conservateurs ni PEG) \u2013 La Lotion Visage Flora d'Essarts est un produit naturel\\\/bio de Phyt Inov pour pr\u00e9server la beaut\u00e9 de la peau (s\u00e8ve de bouleau\\\/alo\u00e9 v\u00e9ra\\\/rose sauvage\\\/tilleul\\\/hamam\u00e9lis\\\/camomille). Cette lotion tr\u00e8s riche en s\u00e8ve de bouleau biologique, adoucissante et antistress apporte fraicheur et confort. Elle est d\u2019une grande efficacit\u00e9 contre les taches brunes du visage et des mains.\",\"breadcrumb\":{\"@id\":\"https:\\\/\\\/www.phyt-inov.com\\\/fr\\\/produit\\\/lotion-visage\\\/#breadcrumb\"},\"inLanguage\":\"fr-FR\",\"potentialAction\":[{\"@type\":\"ReadAction\",\"target\":[\"https:\\\/\\\/www.phyt-inov.com\\\/fr\\\/produit\\\/lotion-visage\\\/\"]}]},{\"@type\":\"ImageObject\",\"inLanguage\":\"fr-FR\",\"@id\":\"https:\\\/\\\/www.phyt-inov.com\\\/fr\\\/produit\\\/lotion-visage\\\/#primaryimage\",\"url\":\"https:\\\/\\\/www.phyt-inov.com\\\/wp-content\\\/uploads\\\/2025\\\/09\\\/Lotion-scaled.png\",\"contentUrl\":\"https:\\\/\\\/www.phyt-inov.com\\\/wp-content\\\/uploads\\\/2025\\\/09\\\/Lotion-scaled.png\",\"width\":2446,\"height\":2560,\"caption\":\"flora d'essarts lotion visage\"},{\"@type\":\"BreadcrumbList\",\"@id\":\"https:\\\/\\\/www.phyt-inov.com\\\/fr\\\/produit\\\/lotion-visage\\\/#breadcrumb\",\"itemListElement\":[{\"@type\":\"ListItem\",\"position\":1,\"name\":\"Accueil\",\"item\":\"https:\\\/\\\/www.phyt-inov.com\\\/fr\\\/\"},{\"@type\":\"ListItem\",\"position\":2,\"name\":\"Boutique\",\"item\":\"https:\\\/\\\/www.phyt-inov.com\\\/fr\\\/boutique\\\/\"},{\"@type\":\"ListItem\",\"position\":3,\"name\":\"Lotion Visage\"}]},{\"@type\":\"WebSite\",\"@id\":\"https:\\\/\\\/www.phyt-inov.com\\\/fr\\\/#website\",\"url\":\"https:\\\/\\\/www.phyt-inov.com\\\/fr\\\/\",\"name\":\"Phyt-Inov International\",\"description\":\"L&#039;efficacit\u00e9 naturelle pour vos soins quotidiens\",\"publisher\":{\"@id\":\"https:\\\/\\\/www.phyt-inov.com\\\/fr\\\/#organization\"},\"alternateName\":\"phyt-inov\",\"potentialAction\":[{\"@type\":\"SearchAction\",\"target\":{\"@type\":\"EntryPoint\",\"urlTemplate\":\"https:\\\/\\\/www.phyt-inov.com\\\/fr\\\/?s={search_term_string}\"},\"query-input\":{\"@type\":\"PropertyValueSpecification\",\"valueRequired\":true,\"valueName\":\"search_term_string\"}}],\"inLanguage\":\"fr-FR\"},{\"@type\":\"Organization\",\"@id\":\"https:\\\/\\\/www.phyt-inov.com\\\/fr\\\/#organization\",\"name\":\"Phyt-Inov\",\"alternateName\":\"Phyt-Inov\",\"url\":\"https:\\\/\\\/www.phyt-inov.com\\\/fr\\\/\",\"logo\":{\"@type\":\"ImageObject\",\"inLanguage\":\"fr-FR\",\"@id\":\"https:\\\/\\\/www.phyt-inov.com\\\/fr\\\/#\\\/schema\\\/logo\\\/image\\\/\",\"url\":\"https:\\\/\\\/www.phyt-inov.com\\\/wp-content\\\/uploads\\\/2025\\\/09\\\/Logo-site-phyt-inov4_Plan-de-travail-1-2048x760-1.png\",\"contentUrl\":\"https:\\\/\\\/www.phyt-inov.com\\\/wp-content\\\/uploads\\\/2025\\\/09\\\/Logo-site-phyt-inov4_Plan-de-travail-1-2048x760-1.png\",\"width\":2048,\"height\":760,\"caption\":\"Phyt-Inov\"},\"image\":{\"@id\":\"https:\\\/\\\/www.phyt-inov.com\\\/fr\\\/#\\\/schema\\\/logo\\\/image\\\/\"},\"sameAs\":[\"https:\\\/\\\/www.facebook.com\\\/phytinov\\\/\",\"https:\\\/\\\/www.youtube.com\\\/channel\\\/UCE05sYsSXuuKbLqs4Au3e4Q\",\"https:\\\/\\\/www.instagram.com\\\/phytinov\\\/\"]}]}<\/script>\n<!-- \/ Yoast SEO plugin. -->","yoast_head_json":{"title":"Lotion Visage - Flora d'Essarts - Phyt-Inov\u00ae officiel - cr\u00e8me biologique pour le soin de la peau et du visage - fra\u00eecheur et confort - Anti taches - r\u00e9hydratation profonde et durable - 100 ml 100% naturel et ultrabiologique | Phyt-inov.com","description":"Phyt-Inov international\u00ae officiel, laboratoire suisse r\u00e9f\u00e9rent en soins et cosm\u00e9tiques naturels et biologiques pour la sant\u00e9 et la beaut\u00e9 de la peau, propose sa Lotion Visage Flora d'Essarts, (100 ml sans conservateurs ni PEG) \u2013 La Lotion Visage Flora d'Essarts est un produit naturel\/bio de Phyt Inov pour pr\u00e9server la beaut\u00e9 de la peau (s\u00e8ve de bouleau\/alo\u00e9 v\u00e9ra\/rose sauvage\/tilleul\/hamam\u00e9lis\/camomille). Cette lotion tr\u00e8s riche en s\u00e8ve de bouleau biologique, adoucissante et antistress apporte fraicheur et confort. Elle est d\u2019une grande efficacit\u00e9 contre les taches brunes du visage et des mains.","robots":{"index":"index","follow":"follow","max-snippet":"max-snippet:-1","max-image-preview":"max-image-preview:large","max-video-preview":"max-video-preview:-1"},"canonical":"https:\/\/www.phyt-inov.com\/fr\/produit\/lotion-visage\/","og_locale":"fr_FR","og_type":"article","og_title":"Lotion Visage - Flora d'Essarts - Phyt-Inov\u00ae officiel - cr\u00e8me biologique pour le soin de la peau et du visage - fra\u00eecheur et confort - Anti taches - r\u00e9hydratation profonde et durable - 100 ml 100% naturel et ultrabiologique | Phyt-inov.com","og_description":"Phyt-Inov international\u00ae officiel, laboratoire suisse r\u00e9f\u00e9rent en soins et cosm\u00e9tiques naturels et biologiques pour la sant\u00e9 et la beaut\u00e9 de la peau, propose sa Lotion Visage Flora d'Essarts, (100 ml sans conservateurs ni PEG) \u2013 La Lotion Visage Flora d'Essarts est un produit naturel\/bio de Phyt Inov pour pr\u00e9server la beaut\u00e9 de la peau (s\u00e8ve de bouleau\/alo\u00e9 v\u00e9ra\/rose sauvage\/tilleul\/hamam\u00e9lis\/camomille). Cette lotion tr\u00e8s riche en s\u00e8ve de bouleau biologique, adoucissante et antistress apporte fraicheur et confort. Elle est d\u2019une grande efficacit\u00e9 contre les taches brunes du visage et des mains.","og_url":"https:\/\/www.phyt-inov.com\/fr\/produit\/lotion-visage\/","og_site_name":"Phyt-Inov","article_publisher":"https:\/\/www.facebook.com\/phytinov\/","article_modified_time":"2026-03-30T09:07:36+00:00","og_image":[{"width":2446,"height":2560,"url":"https:\/\/www.phyt-inov.com\/wp-content\/uploads\/2025\/09\/Lotion-scaled.png","type":"image\/png"}],"twitter_card":"summary_large_image","twitter_misc":{"Dur\u00e9e de lecture estim\u00e9e":"2 minutes"},"schema":{"@context":"https:\/\/schema.org","@graph":[{"@type":"WebPage","@id":"https:\/\/www.phyt-inov.com\/fr\/produit\/lotion-visage\/","url":"https:\/\/www.phyt-inov.com\/fr\/produit\/lotion-visage\/","name":"Lotion Visage - Flora d'Essarts - Phyt-Inov\u00ae officiel - cr\u00e8me biologique pour le soin de la peau et du visage - fra\u00eecheur et confort - Anti taches - r\u00e9hydratation profonde et durable - 100 ml 100% naturel et ultrabiologique | Phyt-inov.com","isPartOf":{"@id":"https:\/\/www.phyt-inov.com\/fr\/#website"},"primaryImageOfPage":{"@id":"https:\/\/www.phyt-inov.com\/fr\/produit\/lotion-visage\/#primaryimage"},"image":{"@id":"https:\/\/www.phyt-inov.com\/fr\/produit\/lotion-visage\/#primaryimage"},"thumbnailUrl":"https:\/\/www.phyt-inov.com\/wp-content\/uploads\/2025\/09\/Lotion-scaled.png","datePublished":"2019-04-04T21:31:21+00:00","dateModified":"2026-03-30T09:07:36+00:00","description":"Phyt-Inov international\u00ae officiel, laboratoire suisse r\u00e9f\u00e9rent en soins et cosm\u00e9tiques naturels et biologiques pour la sant\u00e9 et la beaut\u00e9 de la peau, propose sa Lotion Visage Flora d'Essarts, (100 ml sans conservateurs ni PEG) \u2013 La Lotion Visage Flora d'Essarts est un produit naturel\/bio de Phyt Inov pour pr\u00e9server la beaut\u00e9 de la peau (s\u00e8ve de bouleau\/alo\u00e9 v\u00e9ra\/rose sauvage\/tilleul\/hamam\u00e9lis\/camomille). Cette lotion tr\u00e8s riche en s\u00e8ve de bouleau biologique, adoucissante et antistress apporte fraicheur et confort. Elle est d\u2019une grande efficacit\u00e9 contre les taches brunes du visage et des mains.","breadcrumb":{"@id":"https:\/\/www.phyt-inov.com\/fr\/produit\/lotion-visage\/#breadcrumb"},"inLanguage":"fr-FR","potentialAction":[{"@type":"ReadAction","target":["https:\/\/www.phyt-inov.com\/fr\/produit\/lotion-visage\/"]}]},{"@type":"ImageObject","inLanguage":"fr-FR","@id":"https:\/\/www.phyt-inov.com\/fr\/produit\/lotion-visage\/#primaryimage","url":"https:\/\/www.phyt-inov.com\/wp-content\/uploads\/2025\/09\/Lotion-scaled.png","contentUrl":"https:\/\/www.phyt-inov.com\/wp-content\/uploads\/2025\/09\/Lotion-scaled.png","width":2446,"height":2560,"caption":"flora d'essarts lotion visage"},{"@type":"BreadcrumbList","@id":"https:\/\/www.phyt-inov.com\/fr\/produit\/lotion-visage\/#breadcrumb","itemListElement":[{"@type":"ListItem","position":1,"name":"Accueil","item":"https:\/\/www.phyt-inov.com\/fr\/"},{"@type":"ListItem","position":2,"name":"Boutique","item":"https:\/\/www.phyt-inov.com\/fr\/boutique\/"},{"@type":"ListItem","position":3,"name":"Lotion Visage"}]},{"@type":"WebSite","@id":"https:\/\/www.phyt-inov.com\/fr\/#website","url":"https:\/\/www.phyt-inov.com\/fr\/","name":"Phyt-Inov International","description":"L&#039;efficacit\u00e9 naturelle pour vos soins quotidiens","publisher":{"@id":"https:\/\/www.phyt-inov.com\/fr\/#organization"},"alternateName":"phyt-inov","potentialAction":[{"@type":"SearchAction","target":{"@type":"EntryPoint","urlTemplate":"https:\/\/www.phyt-inov.com\/fr\/?s={search_term_string}"},"query-input":{"@type":"PropertyValueSpecification","valueRequired":true,"valueName":"search_term_string"}}],"inLanguage":"fr-FR"},{"@type":"Organization","@id":"https:\/\/www.phyt-inov.com\/fr\/#organization","name":"Phyt-Inov","alternateName":"Phyt-Inov","url":"https:\/\/www.phyt-inov.com\/fr\/","logo":{"@type":"ImageObject","inLanguage":"fr-FR","@id":"https:\/\/www.phyt-inov.com\/fr\/#\/schema\/logo\/image\/","url":"https:\/\/www.phyt-inov.com\/wp-content\/uploads\/2025\/09\/Logo-site-phyt-inov4_Plan-de-travail-1-2048x760-1.png","contentUrl":"https:\/\/www.phyt-inov.com\/wp-content\/uploads\/2025\/09\/Logo-site-phyt-inov4_Plan-de-travail-1-2048x760-1.png","width":2048,"height":760,"caption":"Phyt-Inov"},"image":{"@id":"https:\/\/www.phyt-inov.com\/fr\/#\/schema\/logo\/image\/"},"sameAs":["https:\/\/www.facebook.com\/phytinov\/","https:\/\/www.youtube.com\/channel\/UCE05sYsSXuuKbLqs4Au3e4Q","https:\/\/www.instagram.com\/phytinov\/"]}]}},"jetpack_sharing_enabled":true,"_links":{"self":[{"href":"https:\/\/www.phyt-inov.com\/fr\/wp-json\/wp\/v2\/product\/218","targetHints":{"allow":["GET"]}}],"collection":[{"href":"https:\/\/www.phyt-inov.com\/fr\/wp-json\/wp\/v2\/product"}],"about":[{"href":"https:\/\/www.phyt-inov.com\/fr\/wp-json\/wp\/v2\/types\/product"}],"replies":[{"embeddable":true,"href":"https:\/\/www.phyt-inov.com\/fr\/wp-json\/wp\/v2\/comments?post=218"}],"wp:featuredmedia":[{"embeddable":true,"href":"https:\/\/www.phyt-inov.com\/fr\/wp-json\/wp\/v2\/media\/219"}],"wp:attachment":[{"href":"https:\/\/www.phyt-inov.com\/fr\/wp-json\/wp\/v2\/media?parent=218"}],"wp:term":[{"taxonomy":"product_brand","embeddable":true,"href":"https:\/\/www.phyt-inov.com\/fr\/wp-json\/wp\/v2\/product_brand?post=218"},{"taxonomy":"product_cat","embeddable":true,"href":"https:\/\/www.phyt-inov.com\/fr\/wp-json\/wp\/v2\/product_cat?post=218"},{"taxonomy":"product_tag","embeddable":true,"href":"https:\/\/www.phyt-inov.com\/fr\/wp-json\/wp\/v2\/product_tag?post=218"}],"curies":[{"name":"wp","href":"https:\/\/api.w.org\/{rel}","templated":true}]}}