{"id":216,"date":"2019-04-04T21:31:20","date_gmt":"2019-04-04T21:31:20","guid":{"rendered":"https:\/\/www.phyt-inov.com\/?post_type=product&#038;p=216"},"modified":"2026-03-30T09:04:35","modified_gmt":"2026-03-30T09:04:35","slug":"lait-stimulant-equilibrant","status":"publish","type":"product","link":"https:\/\/www.phyt-inov.com\/fr\/produit\/lait-stimulant-equilibrant\/","title":{"rendered":"Lait Stimulant Equilibrant"},"content":{"rendered":"<p><b>Biomaxi, pour un maximum bio du total des ingr\u00e9dients.<\/b><\/p>\n<p>Apr\u00e8s la douche ou le bain, appliquer par massage l\u00e9ger sur tout le corps et le visage, y compris sur le contour des yeux, des l\u00e8vres et le d\u00e9collet\u00e9\u2026 Par sa forte concentration en s\u00e8ve de bouleau biologique, non filtr\u00e9e et non pasteuris\u00e9e <b>(68%)<\/b>, il a aussi une action drainante sur les poches sous les yeux.<br \/>\nTr\u00e8s doux et excellent pour le massage des b\u00e9b\u00e9s.<\/p>\n<p><b>Flacon de 200 ml.<\/b><br \/>\nAucun conservateur.<br \/>\n<b>100%<\/b> du total des ingr\u00e9dients sont d\u2019origine naturelle.<br \/>\n<b>94%<\/b> du total des ingr\u00e9dients sont issus de l\u2019agriculture biologique.<\/p>\n","protected":false},"excerpt":{"rendered":"<p><b>Visage et corps<\/b><br \/>\nSoin \u00e0 part enti\u00e8re, ce s\u00e9rum-lait revitalise l\u2019\u00e9piderme et restitue \u00e0 la peau fra\u00eecheur et velout\u00e9. Peaux de tous \u00e2ges m\u00eame les plus sensibles et d\u00e9licates comme celles des b\u00e9b\u00e9s et des jeunes enfants sont des utilisations courantes de ce produit.<br \/>\nLa texture laiteuse de ce soin le rend particuli\u00e8rement polyvalent\u00a0: rafra\u00eechissant et apaisant, il est \u00e9galement recommand\u00e9 apr\u00e8s exposition solaire.<br \/>\nToutes les sensations de peaux r\u00eaches, fendill\u00e9es, \u00e9chauff\u00e9es, intol\u00e9rances dues \u00e0 divers facteurs (\u00e9pilation, savons ou lessives, frottement des v\u00eatements ou chaussures \u2026) trouvent une solution avec ce soin.<br \/>\nIl poss\u00e8de en outre des propri\u00e9t\u00e9s nettoyantes et purifiantes en faisant \u00ab\u00a0\u00e9mulsionner\u00a0\u00bb le produit pour d\u00e9maquiller les peaux sensibles.<\/p>\n","protected":false},"featured_media":217,"comment_status":"open","ping_status":"closed","template":"","meta":{"_et_pb_use_builder":"","_et_pb_old_content":"","_et_gb_content_width":""},"product_brand":[101],"product_cat":[86,94],"product_tag":[],"class_list":{"0":"post-216","1":"product","2":"type-product","3":"status-publish","4":"has-post-thumbnail","6":"product_brand-flora-dessarts","7":"product_cat-cosmetiques-bio","8":"product_cat-hygiene-beaute-peau","10":"first","11":"instock","12":"shipping-taxable","13":"purchasable","14":"product-type-simple"},"yoast_head":"<!-- This site is optimized with the Yoast SEO plugin v27.3 - https:\/\/yoast.com\/product\/yoast-seo-wordpress\/ -->\n<title>Lait Stimulant Equilibrant- Flora d&#039;Essarts - Phyt-Inov\u00ae officiel - cr\u00e8me biologique pour le soin de la peau et du visage - rafra\u00eechissant et apaisant - Peaux d\u00e9vitalis\u00e9es - 200 ml 100% naturel et ultrabiologique | Phyt-inov.com<\/title>\n<meta name=\"description\" content=\"Phyt-Inov international\u00ae officiel, laboratoire suisse r\u00e9f\u00e9rent en soins et cosm\u00e9tiques naturels et biologiques pour la sant\u00e9 et la beaut\u00e9 de la peau, propose son Lait Stimulant Equilibrant Flora d&#039;Essarts, (200 ml sans conservateurs ni PEG) \u2013 Le Lait Stimulant Equilibrant Flora d&#039;Essarts est un produit naturel\/bio de Phyt Inov pour pr\u00e9server la beaut\u00e9 de la peau (s\u00e8ve de bouleau\/huile de s\u00e9same\/carotte\/abricot\/palmarosa\/calendula). ce s\u00e9rum-lait revitalise l\u2019\u00e9piderme et restitue \u00e0 la peau fra\u00eecheur et velout\u00e9. Peaux de tous \u00e2ges m\u00eame les plus sensibles et d\u00e9licates comme celles des b\u00e9b\u00e9s et des jeunes enfants sont des utilisations courantes de ce produit. Il est \u00e9galement recommand\u00e9 apr\u00e8s exposition solaire.\" \/>\n<meta name=\"robots\" content=\"index, follow, max-snippet:-1, max-image-preview:large, max-video-preview:-1\" \/>\n<link rel=\"canonical\" href=\"https:\/\/www.phyt-inov.com\/fr\/produit\/lait-stimulant-equilibrant\/\" \/>\n<meta property=\"og:locale\" content=\"fr_FR\" \/>\n<meta property=\"og:type\" content=\"article\" \/>\n<meta property=\"og:title\" content=\"Lait Stimulant Equilibrant- Flora d&#039;Essarts - Phyt-Inov\u00ae officiel - cr\u00e8me biologique pour le soin de la peau et du visage - rafra\u00eechissant et apaisant - Peaux d\u00e9vitalis\u00e9es - 200 ml 100% naturel et ultrabiologique | Phyt-inov.com\" \/>\n<meta property=\"og:description\" content=\"Phyt-Inov international\u00ae officiel, laboratoire suisse r\u00e9f\u00e9rent en soins et cosm\u00e9tiques naturels et biologiques pour la sant\u00e9 et la beaut\u00e9 de la peau, propose son Lait Stimulant Equilibrant Flora d&#039;Essarts, (200 ml sans conservateurs ni PEG) \u2013 Le Lait Stimulant Equilibrant Flora d&#039;Essarts est un produit naturel\/bio de Phyt Inov pour pr\u00e9server la beaut\u00e9 de la peau (s\u00e8ve de bouleau\/huile de s\u00e9same\/carotte\/abricot\/palmarosa\/calendula). ce s\u00e9rum-lait revitalise l\u2019\u00e9piderme et restitue \u00e0 la peau fra\u00eecheur et velout\u00e9. Peaux de tous \u00e2ges m\u00eame les plus sensibles et d\u00e9licates comme celles des b\u00e9b\u00e9s et des jeunes enfants sont des utilisations courantes de ce produit. Il est \u00e9galement recommand\u00e9 apr\u00e8s exposition solaire.\" \/>\n<meta property=\"og:url\" content=\"https:\/\/www.phyt-inov.com\/fr\/produit\/lait-stimulant-equilibrant\/\" \/>\n<meta property=\"og:site_name\" content=\"Phyt-Inov\" \/>\n<meta property=\"article:publisher\" content=\"https:\/\/www.facebook.com\/phytinov\/\" \/>\n<meta property=\"article:modified_time\" content=\"2026-03-30T09:04:35+00:00\" \/>\n<meta property=\"og:image\" content=\"https:\/\/www.phyt-inov.com\/wp-content\/uploads\/2025\/09\/1812031744559275-1-scaled-1.jpg\" \/>\n\t<meta property=\"og:image:width\" content=\"2048\" \/>\n\t<meta property=\"og:image:height\" content=\"2560\" \/>\n\t<meta property=\"og:image:type\" content=\"image\/jpeg\" \/>\n<meta name=\"twitter:card\" content=\"summary_large_image\" \/>\n<meta name=\"twitter:label1\" content=\"Dur\u00e9e de lecture estim\u00e9e\" \/>\n\t<meta name=\"twitter:data1\" content=\"1 minute\" \/>\n<script type=\"application\/ld+json\" class=\"yoast-schema-graph\">{\"@context\":\"https:\\\/\\\/schema.org\",\"@graph\":[{\"@type\":\"WebPage\",\"@id\":\"https:\\\/\\\/www.phyt-inov.com\\\/fr\\\/produit\\\/lait-stimulant-equilibrant\\\/\",\"url\":\"https:\\\/\\\/www.phyt-inov.com\\\/fr\\\/produit\\\/lait-stimulant-equilibrant\\\/\",\"name\":\"Lait Stimulant Equilibrant- Flora d'Essarts - Phyt-Inov\u00ae officiel - cr\u00e8me biologique pour le soin de la peau et du visage - rafra\u00eechissant et apaisant - Peaux d\u00e9vitalis\u00e9es - 200 ml 100% naturel et ultrabiologique | Phyt-inov.com\",\"isPartOf\":{\"@id\":\"https:\\\/\\\/www.phyt-inov.com\\\/fr\\\/#website\"},\"primaryImageOfPage\":{\"@id\":\"https:\\\/\\\/www.phyt-inov.com\\\/fr\\\/produit\\\/lait-stimulant-equilibrant\\\/#primaryimage\"},\"image\":{\"@id\":\"https:\\\/\\\/www.phyt-inov.com\\\/fr\\\/produit\\\/lait-stimulant-equilibrant\\\/#primaryimage\"},\"thumbnailUrl\":\"https:\\\/\\\/www.phyt-inov.com\\\/wp-content\\\/uploads\\\/2025\\\/09\\\/1812031744559275-1-scaled-1.jpg\",\"datePublished\":\"2019-04-04T21:31:20+00:00\",\"dateModified\":\"2026-03-30T09:04:35+00:00\",\"description\":\"Phyt-Inov international\u00ae officiel, laboratoire suisse r\u00e9f\u00e9rent en soins et cosm\u00e9tiques naturels et biologiques pour la sant\u00e9 et la beaut\u00e9 de la peau, propose son Lait Stimulant Equilibrant Flora d'Essarts, (200 ml sans conservateurs ni PEG) \u2013 Le Lait Stimulant Equilibrant Flora d'Essarts est un produit naturel\\\/bio de Phyt Inov pour pr\u00e9server la beaut\u00e9 de la peau (s\u00e8ve de bouleau\\\/huile de s\u00e9same\\\/carotte\\\/abricot\\\/palmarosa\\\/calendula). ce s\u00e9rum-lait revitalise l\u2019\u00e9piderme et restitue \u00e0 la peau fra\u00eecheur et velout\u00e9. Peaux de tous \u00e2ges m\u00eame les plus sensibles et d\u00e9licates comme celles des b\u00e9b\u00e9s et des jeunes enfants sont des utilisations courantes de ce produit. Il est \u00e9galement recommand\u00e9 apr\u00e8s exposition solaire.\",\"breadcrumb\":{\"@id\":\"https:\\\/\\\/www.phyt-inov.com\\\/fr\\\/produit\\\/lait-stimulant-equilibrant\\\/#breadcrumb\"},\"inLanguage\":\"fr-FR\",\"potentialAction\":[{\"@type\":\"ReadAction\",\"target\":[\"https:\\\/\\\/www.phyt-inov.com\\\/fr\\\/produit\\\/lait-stimulant-equilibrant\\\/\"]}]},{\"@type\":\"ImageObject\",\"inLanguage\":\"fr-FR\",\"@id\":\"https:\\\/\\\/www.phyt-inov.com\\\/fr\\\/produit\\\/lait-stimulant-equilibrant\\\/#primaryimage\",\"url\":\"https:\\\/\\\/www.phyt-inov.com\\\/wp-content\\\/uploads\\\/2025\\\/09\\\/1812031744559275-1-scaled-1.jpg\",\"contentUrl\":\"https:\\\/\\\/www.phyt-inov.com\\\/wp-content\\\/uploads\\\/2025\\\/09\\\/1812031744559275-1-scaled-1.jpg\",\"width\":2048,\"height\":2560,\"caption\":\"flora d'esarts lait stimulant et \u00e9quilibrant\"},{\"@type\":\"BreadcrumbList\",\"@id\":\"https:\\\/\\\/www.phyt-inov.com\\\/fr\\\/produit\\\/lait-stimulant-equilibrant\\\/#breadcrumb\",\"itemListElement\":[{\"@type\":\"ListItem\",\"position\":1,\"name\":\"Accueil\",\"item\":\"https:\\\/\\\/www.phyt-inov.com\\\/fr\\\/\"},{\"@type\":\"ListItem\",\"position\":2,\"name\":\"Boutique\",\"item\":\"https:\\\/\\\/www.phyt-inov.com\\\/fr\\\/boutique\\\/\"},{\"@type\":\"ListItem\",\"position\":3,\"name\":\"Lait Stimulant Equilibrant\"}]},{\"@type\":\"WebSite\",\"@id\":\"https:\\\/\\\/www.phyt-inov.com\\\/fr\\\/#website\",\"url\":\"https:\\\/\\\/www.phyt-inov.com\\\/fr\\\/\",\"name\":\"Phyt-Inov International\",\"description\":\"L&#039;efficacit\u00e9 naturelle pour vos soins quotidiens\",\"publisher\":{\"@id\":\"https:\\\/\\\/www.phyt-inov.com\\\/fr\\\/#organization\"},\"alternateName\":\"phyt-inov\",\"potentialAction\":[{\"@type\":\"SearchAction\",\"target\":{\"@type\":\"EntryPoint\",\"urlTemplate\":\"https:\\\/\\\/www.phyt-inov.com\\\/fr\\\/?s={search_term_string}\"},\"query-input\":{\"@type\":\"PropertyValueSpecification\",\"valueRequired\":true,\"valueName\":\"search_term_string\"}}],\"inLanguage\":\"fr-FR\"},{\"@type\":\"Organization\",\"@id\":\"https:\\\/\\\/www.phyt-inov.com\\\/fr\\\/#organization\",\"name\":\"Phyt-Inov\",\"alternateName\":\"Phyt-Inov\",\"url\":\"https:\\\/\\\/www.phyt-inov.com\\\/fr\\\/\",\"logo\":{\"@type\":\"ImageObject\",\"inLanguage\":\"fr-FR\",\"@id\":\"https:\\\/\\\/www.phyt-inov.com\\\/fr\\\/#\\\/schema\\\/logo\\\/image\\\/\",\"url\":\"https:\\\/\\\/www.phyt-inov.com\\\/wp-content\\\/uploads\\\/2025\\\/09\\\/Logo-site-phyt-inov4_Plan-de-travail-1-2048x760-1.png\",\"contentUrl\":\"https:\\\/\\\/www.phyt-inov.com\\\/wp-content\\\/uploads\\\/2025\\\/09\\\/Logo-site-phyt-inov4_Plan-de-travail-1-2048x760-1.png\",\"width\":2048,\"height\":760,\"caption\":\"Phyt-Inov\"},\"image\":{\"@id\":\"https:\\\/\\\/www.phyt-inov.com\\\/fr\\\/#\\\/schema\\\/logo\\\/image\\\/\"},\"sameAs\":[\"https:\\\/\\\/www.facebook.com\\\/phytinov\\\/\",\"https:\\\/\\\/www.youtube.com\\\/channel\\\/UCE05sYsSXuuKbLqs4Au3e4Q\",\"https:\\\/\\\/www.instagram.com\\\/phytinov\\\/\"]}]}<\/script>\n<!-- \/ Yoast SEO plugin. -->","yoast_head_json":{"title":"Lait Stimulant Equilibrant- Flora d'Essarts - Phyt-Inov\u00ae officiel - cr\u00e8me biologique pour le soin de la peau et du visage - rafra\u00eechissant et apaisant - Peaux d\u00e9vitalis\u00e9es - 200 ml 100% naturel et ultrabiologique | Phyt-inov.com","description":"Phyt-Inov international\u00ae officiel, laboratoire suisse r\u00e9f\u00e9rent en soins et cosm\u00e9tiques naturels et biologiques pour la sant\u00e9 et la beaut\u00e9 de la peau, propose son Lait Stimulant Equilibrant Flora d'Essarts, (200 ml sans conservateurs ni PEG) \u2013 Le Lait Stimulant Equilibrant Flora d'Essarts est un produit naturel\/bio de Phyt Inov pour pr\u00e9server la beaut\u00e9 de la peau (s\u00e8ve de bouleau\/huile de s\u00e9same\/carotte\/abricot\/palmarosa\/calendula). ce s\u00e9rum-lait revitalise l\u2019\u00e9piderme et restitue \u00e0 la peau fra\u00eecheur et velout\u00e9. Peaux de tous \u00e2ges m\u00eame les plus sensibles et d\u00e9licates comme celles des b\u00e9b\u00e9s et des jeunes enfants sont des utilisations courantes de ce produit. Il est \u00e9galement recommand\u00e9 apr\u00e8s exposition solaire.","robots":{"index":"index","follow":"follow","max-snippet":"max-snippet:-1","max-image-preview":"max-image-preview:large","max-video-preview":"max-video-preview:-1"},"canonical":"https:\/\/www.phyt-inov.com\/fr\/produit\/lait-stimulant-equilibrant\/","og_locale":"fr_FR","og_type":"article","og_title":"Lait Stimulant Equilibrant- Flora d'Essarts - Phyt-Inov\u00ae officiel - cr\u00e8me biologique pour le soin de la peau et du visage - rafra\u00eechissant et apaisant - Peaux d\u00e9vitalis\u00e9es - 200 ml 100% naturel et ultrabiologique | Phyt-inov.com","og_description":"Phyt-Inov international\u00ae officiel, laboratoire suisse r\u00e9f\u00e9rent en soins et cosm\u00e9tiques naturels et biologiques pour la sant\u00e9 et la beaut\u00e9 de la peau, propose son Lait Stimulant Equilibrant Flora d'Essarts, (200 ml sans conservateurs ni PEG) \u2013 Le Lait Stimulant Equilibrant Flora d'Essarts est un produit naturel\/bio de Phyt Inov pour pr\u00e9server la beaut\u00e9 de la peau (s\u00e8ve de bouleau\/huile de s\u00e9same\/carotte\/abricot\/palmarosa\/calendula). ce s\u00e9rum-lait revitalise l\u2019\u00e9piderme et restitue \u00e0 la peau fra\u00eecheur et velout\u00e9. Peaux de tous \u00e2ges m\u00eame les plus sensibles et d\u00e9licates comme celles des b\u00e9b\u00e9s et des jeunes enfants sont des utilisations courantes de ce produit. Il est \u00e9galement recommand\u00e9 apr\u00e8s exposition solaire.","og_url":"https:\/\/www.phyt-inov.com\/fr\/produit\/lait-stimulant-equilibrant\/","og_site_name":"Phyt-Inov","article_publisher":"https:\/\/www.facebook.com\/phytinov\/","article_modified_time":"2026-03-30T09:04:35+00:00","og_image":[{"width":2048,"height":2560,"url":"https:\/\/www.phyt-inov.com\/wp-content\/uploads\/2025\/09\/1812031744559275-1-scaled-1.jpg","type":"image\/jpeg"}],"twitter_card":"summary_large_image","twitter_misc":{"Dur\u00e9e de lecture estim\u00e9e":"1 minute"},"schema":{"@context":"https:\/\/schema.org","@graph":[{"@type":"WebPage","@id":"https:\/\/www.phyt-inov.com\/fr\/produit\/lait-stimulant-equilibrant\/","url":"https:\/\/www.phyt-inov.com\/fr\/produit\/lait-stimulant-equilibrant\/","name":"Lait Stimulant Equilibrant- Flora d'Essarts - Phyt-Inov\u00ae officiel - cr\u00e8me biologique pour le soin de la peau et du visage - rafra\u00eechissant et apaisant - Peaux d\u00e9vitalis\u00e9es - 200 ml 100% naturel et ultrabiologique | Phyt-inov.com","isPartOf":{"@id":"https:\/\/www.phyt-inov.com\/fr\/#website"},"primaryImageOfPage":{"@id":"https:\/\/www.phyt-inov.com\/fr\/produit\/lait-stimulant-equilibrant\/#primaryimage"},"image":{"@id":"https:\/\/www.phyt-inov.com\/fr\/produit\/lait-stimulant-equilibrant\/#primaryimage"},"thumbnailUrl":"https:\/\/www.phyt-inov.com\/wp-content\/uploads\/2025\/09\/1812031744559275-1-scaled-1.jpg","datePublished":"2019-04-04T21:31:20+00:00","dateModified":"2026-03-30T09:04:35+00:00","description":"Phyt-Inov international\u00ae officiel, laboratoire suisse r\u00e9f\u00e9rent en soins et cosm\u00e9tiques naturels et biologiques pour la sant\u00e9 et la beaut\u00e9 de la peau, propose son Lait Stimulant Equilibrant Flora d'Essarts, (200 ml sans conservateurs ni PEG) \u2013 Le Lait Stimulant Equilibrant Flora d'Essarts est un produit naturel\/bio de Phyt Inov pour pr\u00e9server la beaut\u00e9 de la peau (s\u00e8ve de bouleau\/huile de s\u00e9same\/carotte\/abricot\/palmarosa\/calendula). ce s\u00e9rum-lait revitalise l\u2019\u00e9piderme et restitue \u00e0 la peau fra\u00eecheur et velout\u00e9. Peaux de tous \u00e2ges m\u00eame les plus sensibles et d\u00e9licates comme celles des b\u00e9b\u00e9s et des jeunes enfants sont des utilisations courantes de ce produit. Il est \u00e9galement recommand\u00e9 apr\u00e8s exposition solaire.","breadcrumb":{"@id":"https:\/\/www.phyt-inov.com\/fr\/produit\/lait-stimulant-equilibrant\/#breadcrumb"},"inLanguage":"fr-FR","potentialAction":[{"@type":"ReadAction","target":["https:\/\/www.phyt-inov.com\/fr\/produit\/lait-stimulant-equilibrant\/"]}]},{"@type":"ImageObject","inLanguage":"fr-FR","@id":"https:\/\/www.phyt-inov.com\/fr\/produit\/lait-stimulant-equilibrant\/#primaryimage","url":"https:\/\/www.phyt-inov.com\/wp-content\/uploads\/2025\/09\/1812031744559275-1-scaled-1.jpg","contentUrl":"https:\/\/www.phyt-inov.com\/wp-content\/uploads\/2025\/09\/1812031744559275-1-scaled-1.jpg","width":2048,"height":2560,"caption":"flora d'esarts lait stimulant et \u00e9quilibrant"},{"@type":"BreadcrumbList","@id":"https:\/\/www.phyt-inov.com\/fr\/produit\/lait-stimulant-equilibrant\/#breadcrumb","itemListElement":[{"@type":"ListItem","position":1,"name":"Accueil","item":"https:\/\/www.phyt-inov.com\/fr\/"},{"@type":"ListItem","position":2,"name":"Boutique","item":"https:\/\/www.phyt-inov.com\/fr\/boutique\/"},{"@type":"ListItem","position":3,"name":"Lait Stimulant Equilibrant"}]},{"@type":"WebSite","@id":"https:\/\/www.phyt-inov.com\/fr\/#website","url":"https:\/\/www.phyt-inov.com\/fr\/","name":"Phyt-Inov International","description":"L&#039;efficacit\u00e9 naturelle pour vos soins quotidiens","publisher":{"@id":"https:\/\/www.phyt-inov.com\/fr\/#organization"},"alternateName":"phyt-inov","potentialAction":[{"@type":"SearchAction","target":{"@type":"EntryPoint","urlTemplate":"https:\/\/www.phyt-inov.com\/fr\/?s={search_term_string}"},"query-input":{"@type":"PropertyValueSpecification","valueRequired":true,"valueName":"search_term_string"}}],"inLanguage":"fr-FR"},{"@type":"Organization","@id":"https:\/\/www.phyt-inov.com\/fr\/#organization","name":"Phyt-Inov","alternateName":"Phyt-Inov","url":"https:\/\/www.phyt-inov.com\/fr\/","logo":{"@type":"ImageObject","inLanguage":"fr-FR","@id":"https:\/\/www.phyt-inov.com\/fr\/#\/schema\/logo\/image\/","url":"https:\/\/www.phyt-inov.com\/wp-content\/uploads\/2025\/09\/Logo-site-phyt-inov4_Plan-de-travail-1-2048x760-1.png","contentUrl":"https:\/\/www.phyt-inov.com\/wp-content\/uploads\/2025\/09\/Logo-site-phyt-inov4_Plan-de-travail-1-2048x760-1.png","width":2048,"height":760,"caption":"Phyt-Inov"},"image":{"@id":"https:\/\/www.phyt-inov.com\/fr\/#\/schema\/logo\/image\/"},"sameAs":["https:\/\/www.facebook.com\/phytinov\/","https:\/\/www.youtube.com\/channel\/UCE05sYsSXuuKbLqs4Au3e4Q","https:\/\/www.instagram.com\/phytinov\/"]}]}},"jetpack_sharing_enabled":true,"_links":{"self":[{"href":"https:\/\/www.phyt-inov.com\/fr\/wp-json\/wp\/v2\/product\/216","targetHints":{"allow":["GET"]}}],"collection":[{"href":"https:\/\/www.phyt-inov.com\/fr\/wp-json\/wp\/v2\/product"}],"about":[{"href":"https:\/\/www.phyt-inov.com\/fr\/wp-json\/wp\/v2\/types\/product"}],"replies":[{"embeddable":true,"href":"https:\/\/www.phyt-inov.com\/fr\/wp-json\/wp\/v2\/comments?post=216"}],"wp:featuredmedia":[{"embeddable":true,"href":"https:\/\/www.phyt-inov.com\/fr\/wp-json\/wp\/v2\/media\/217"}],"wp:attachment":[{"href":"https:\/\/www.phyt-inov.com\/fr\/wp-json\/wp\/v2\/media?parent=216"}],"wp:term":[{"taxonomy":"product_brand","embeddable":true,"href":"https:\/\/www.phyt-inov.com\/fr\/wp-json\/wp\/v2\/product_brand?post=216"},{"taxonomy":"product_cat","embeddable":true,"href":"https:\/\/www.phyt-inov.com\/fr\/wp-json\/wp\/v2\/product_cat?post=216"},{"taxonomy":"product_tag","embeddable":true,"href":"https:\/\/www.phyt-inov.com\/fr\/wp-json\/wp\/v2\/product_tag?post=216"}],"curies":[{"name":"wp","href":"https:\/\/api.w.org\/{rel}","templated":true}]}}