{"id":213,"date":"2019-04-04T21:31:20","date_gmt":"2019-04-04T21:31:20","guid":{"rendered":"https:\/\/www.phyt-inov.com\/?post_type=product&#038;p=213"},"modified":"2026-04-07T14:11:48","modified_gmt":"2026-04-07T14:11:48","slug":"gommage-doux-visage-et-corps","status":"publish","type":"product","link":"https:\/\/www.phyt-inov.com\/fr\/produit\/gommage-doux-visage-et-corps\/","title":{"rendered":"Gommage Doux Visage et Corps"},"content":{"rendered":"<p><b>Biomaxi, pour un maximum bio du total des ingr\u00e9dients.<\/b><\/p>\n<p><b>Visage<\/b>\u00a0: Sur peau d\u00e9maquill\u00e9e, appliquer une noix de gommage sur l\u2019ensemble du visage et du cou puis \u00e9mulsionner en mouvements circulaires, rincer et s\u00e9cher.<br \/>\nAppliquer ensuite un s\u00e9rum cr\u00e8me ou le masque.<br \/>\n<b>Corps<\/b>\u00a0: Sur peau s\u00e8che, appliquer le gommage sur l\u2019ensemble du corps en mouvements circulaires, rincer et s\u00e9cher puis appliquer le Lait Stimulant ou le Floras\u00e9rum Corps.<\/p>\n<p><b>Tube de 100 ml.<\/b><br \/>\nAucun conservateur.<br \/>\n<b>100%<\/b> du total des ingr\u00e9dients sont d\u2019origine naturelle.<br \/>\n<b>92%<\/b> du total des ingr\u00e9dients sont issus de l\u2019agriculture biologique.<\/p>\n","protected":false},"excerpt":{"rendered":"<p><b>Douceur et efficacit\u00e9<\/b><\/p>\n<p>Flora d&rsquo;Essarts a choisi l\u2019a\u00e7ai en association avec l\u2019abricot et 54% de s\u00e8ve de bouleau bio pour un gommage doux mais efficace des peaux les plus sensibles et d\u00e9licates du visage et du corps.<\/p>\n","protected":false},"featured_media":214,"comment_status":"open","ping_status":"closed","template":"","meta":{"_et_pb_use_builder":"","_et_pb_old_content":"","_et_gb_content_width":""},"product_brand":[101],"product_cat":[86,94,90],"product_tag":[],"class_list":{"0":"post-213","1":"product","2":"type-product","3":"status-publish","4":"has-post-thumbnail","6":"product_brand-flora-dessarts","7":"product_cat-cosmetiques-bio","8":"product_cat-hygiene-beaute-peau","9":"product_cat-promotions","11":"first","12":"instock","13":"shipping-taxable","14":"purchasable","15":"product-type-variable"},"yoast_head":"<!-- This site is optimized with the Yoast SEO plugin v27.3 - https:\/\/yoast.com\/product\/yoast-seo-wordpress\/ -->\n<title>Gommage Visage et Corps - Flora d&#039;Essarts - Phyt-Inov\u00ae officiel - gommage biologique pour le soin de la peau et du visage - douceur et efficacit\u00e9 - 100 ml 100% naturel et ultrabiologique | Phyt-inov.com<\/title>\n<meta name=\"description\" content=\"Phyt-Inov international\u00ae officiel, laboratoire suisse r\u00e9f\u00e9rent en soins et cosm\u00e9tiques naturels et biologiques pour la sant\u00e9 et la beaut\u00e9 de la peau, propose son Gommage Visage et Corps Flora d&#039;Essarts, (100 ml sans conservateurs ni PEG) \u2013 Le Gommage Flora d&#039;Essarts est un produit naturel\/bio de Phyt Inov pour pr\u00e9server la beaut\u00e9 de la peau (s\u00e8ve de bouleau\/a\u00e7ai\/abricot). Gommage doux mais efficace des peaux les plus sensibles et d\u00e9licates du visage et du corps. Excellent pr\u00e9parateur de la peau.\" \/>\n<meta name=\"robots\" content=\"index, follow, max-snippet:-1, max-image-preview:large, max-video-preview:-1\" \/>\n<link rel=\"canonical\" href=\"https:\/\/www.phyt-inov.com\/fr\/produit\/gommage-doux-visage-et-corps\/\" \/>\n<meta property=\"og:locale\" content=\"fr_FR\" \/>\n<meta property=\"og:type\" content=\"article\" \/>\n<meta property=\"og:title\" content=\"Gommage Visage et Corps - Flora d&#039;Essarts - Phyt-Inov\u00ae officiel - gommage biologique pour le soin de la peau et du visage - douceur et efficacit\u00e9 - 100 ml 100% naturel et ultrabiologique | Phyt-inov.com\" \/>\n<meta property=\"og:description\" content=\"Phyt-Inov international\u00ae officiel, laboratoire suisse r\u00e9f\u00e9rent en soins et cosm\u00e9tiques naturels et biologiques pour la sant\u00e9 et la beaut\u00e9 de la peau, propose son Gommage Visage et Corps Flora d&#039;Essarts, (100 ml sans conservateurs ni PEG) \u2013 Le Gommage Flora d&#039;Essarts est un produit naturel\/bio de Phyt Inov pour pr\u00e9server la beaut\u00e9 de la peau (s\u00e8ve de bouleau\/a\u00e7ai\/abricot). Gommage doux mais efficace des peaux les plus sensibles et d\u00e9licates du visage et du corps. Excellent pr\u00e9parateur de la peau.\" \/>\n<meta property=\"og:url\" content=\"https:\/\/www.phyt-inov.com\/fr\/produit\/gommage-doux-visage-et-corps\/\" \/>\n<meta property=\"og:site_name\" content=\"Phyt-Inov\" \/>\n<meta property=\"article:publisher\" content=\"https:\/\/www.facebook.com\/phytinov\/\" \/>\n<meta property=\"article:modified_time\" content=\"2026-04-07T14:11:48+00:00\" \/>\n<meta property=\"og:image\" content=\"https:\/\/www.phyt-inov.com\/wp-content\/uploads\/2025\/09\/Gommage-05.2019-light-blanchi-detoure-dimension-site-internet.jpg\" \/>\n\t<meta property=\"og:image:width\" content=\"1464\" \/>\n\t<meta property=\"og:image:height\" content=\"1826\" \/>\n\t<meta property=\"og:image:type\" content=\"image\/jpeg\" \/>\n<meta name=\"twitter:card\" content=\"summary_large_image\" \/>\n<meta name=\"twitter:label1\" content=\"Dur\u00e9e de lecture estim\u00e9e\" \/>\n\t<meta name=\"twitter:data1\" content=\"1 minute\" \/>\n<script type=\"application\/ld+json\" class=\"yoast-schema-graph\">{\"@context\":\"https:\\\/\\\/schema.org\",\"@graph\":[{\"@type\":\"WebPage\",\"@id\":\"https:\\\/\\\/www.phyt-inov.com\\\/fr\\\/produit\\\/gommage-doux-visage-et-corps\\\/\",\"url\":\"https:\\\/\\\/www.phyt-inov.com\\\/fr\\\/produit\\\/gommage-doux-visage-et-corps\\\/\",\"name\":\"Gommage Visage et Corps - Flora d'Essarts - Phyt-Inov\u00ae officiel - gommage biologique pour le soin de la peau et du visage - douceur et efficacit\u00e9 - 100 ml 100% naturel et ultrabiologique | Phyt-inov.com\",\"isPartOf\":{\"@id\":\"https:\\\/\\\/www.phyt-inov.com\\\/fr\\\/#website\"},\"primaryImageOfPage\":{\"@id\":\"https:\\\/\\\/www.phyt-inov.com\\\/fr\\\/produit\\\/gommage-doux-visage-et-corps\\\/#primaryimage\"},\"image\":{\"@id\":\"https:\\\/\\\/www.phyt-inov.com\\\/fr\\\/produit\\\/gommage-doux-visage-et-corps\\\/#primaryimage\"},\"thumbnailUrl\":\"https:\\\/\\\/www.phyt-inov.com\\\/wp-content\\\/uploads\\\/2025\\\/09\\\/Gommage-05.2019-light-blanchi-detoure-dimension-site-internet.jpg\",\"datePublished\":\"2019-04-04T21:31:20+00:00\",\"dateModified\":\"2026-04-07T14:11:48+00:00\",\"description\":\"Phyt-Inov international\u00ae officiel, laboratoire suisse r\u00e9f\u00e9rent en soins et cosm\u00e9tiques naturels et biologiques pour la sant\u00e9 et la beaut\u00e9 de la peau, propose son Gommage Visage et Corps Flora d'Essarts, (100 ml sans conservateurs ni PEG) \u2013 Le Gommage Flora d'Essarts est un produit naturel\\\/bio de Phyt Inov pour pr\u00e9server la beaut\u00e9 de la peau (s\u00e8ve de bouleau\\\/a\u00e7ai\\\/abricot). Gommage doux mais efficace des peaux les plus sensibles et d\u00e9licates du visage et du corps. Excellent pr\u00e9parateur de la peau.\",\"breadcrumb\":{\"@id\":\"https:\\\/\\\/www.phyt-inov.com\\\/fr\\\/produit\\\/gommage-doux-visage-et-corps\\\/#breadcrumb\"},\"inLanguage\":\"fr-FR\",\"potentialAction\":[{\"@type\":\"ReadAction\",\"target\":[\"https:\\\/\\\/www.phyt-inov.com\\\/fr\\\/produit\\\/gommage-doux-visage-et-corps\\\/\"]}]},{\"@type\":\"ImageObject\",\"inLanguage\":\"fr-FR\",\"@id\":\"https:\\\/\\\/www.phyt-inov.com\\\/fr\\\/produit\\\/gommage-doux-visage-et-corps\\\/#primaryimage\",\"url\":\"https:\\\/\\\/www.phyt-inov.com\\\/wp-content\\\/uploads\\\/2025\\\/09\\\/Gommage-05.2019-light-blanchi-detoure-dimension-site-internet.jpg\",\"contentUrl\":\"https:\\\/\\\/www.phyt-inov.com\\\/wp-content\\\/uploads\\\/2025\\\/09\\\/Gommage-05.2019-light-blanchi-detoure-dimension-site-internet.jpg\",\"width\":1464,\"height\":1826,\"caption\":\"flora d'essarts gommage doux visage et corps\"},{\"@type\":\"BreadcrumbList\",\"@id\":\"https:\\\/\\\/www.phyt-inov.com\\\/fr\\\/produit\\\/gommage-doux-visage-et-corps\\\/#breadcrumb\",\"itemListElement\":[{\"@type\":\"ListItem\",\"position\":1,\"name\":\"Accueil\",\"item\":\"https:\\\/\\\/www.phyt-inov.com\\\/fr\\\/\"},{\"@type\":\"ListItem\",\"position\":2,\"name\":\"Boutique\",\"item\":\"https:\\\/\\\/www.phyt-inov.com\\\/fr\\\/boutique\\\/\"},{\"@type\":\"ListItem\",\"position\":3,\"name\":\"Gommage Doux Visage et Corps\"}]},{\"@type\":\"WebSite\",\"@id\":\"https:\\\/\\\/www.phyt-inov.com\\\/fr\\\/#website\",\"url\":\"https:\\\/\\\/www.phyt-inov.com\\\/fr\\\/\",\"name\":\"Phyt-Inov International\",\"description\":\"L&#039;efficacit\u00e9 naturelle pour vos soins quotidiens\",\"publisher\":{\"@id\":\"https:\\\/\\\/www.phyt-inov.com\\\/fr\\\/#organization\"},\"alternateName\":\"phyt-inov\",\"potentialAction\":[{\"@type\":\"SearchAction\",\"target\":{\"@type\":\"EntryPoint\",\"urlTemplate\":\"https:\\\/\\\/www.phyt-inov.com\\\/fr\\\/?s={search_term_string}\"},\"query-input\":{\"@type\":\"PropertyValueSpecification\",\"valueRequired\":true,\"valueName\":\"search_term_string\"}}],\"inLanguage\":\"fr-FR\"},{\"@type\":\"Organization\",\"@id\":\"https:\\\/\\\/www.phyt-inov.com\\\/fr\\\/#organization\",\"name\":\"Phyt-Inov\",\"alternateName\":\"Phyt-Inov\",\"url\":\"https:\\\/\\\/www.phyt-inov.com\\\/fr\\\/\",\"logo\":{\"@type\":\"ImageObject\",\"inLanguage\":\"fr-FR\",\"@id\":\"https:\\\/\\\/www.phyt-inov.com\\\/fr\\\/#\\\/schema\\\/logo\\\/image\\\/\",\"url\":\"https:\\\/\\\/www.phyt-inov.com\\\/wp-content\\\/uploads\\\/2025\\\/09\\\/Logo-site-phyt-inov4_Plan-de-travail-1-2048x760-1.png\",\"contentUrl\":\"https:\\\/\\\/www.phyt-inov.com\\\/wp-content\\\/uploads\\\/2025\\\/09\\\/Logo-site-phyt-inov4_Plan-de-travail-1-2048x760-1.png\",\"width\":2048,\"height\":760,\"caption\":\"Phyt-Inov\"},\"image\":{\"@id\":\"https:\\\/\\\/www.phyt-inov.com\\\/fr\\\/#\\\/schema\\\/logo\\\/image\\\/\"},\"sameAs\":[\"https:\\\/\\\/www.facebook.com\\\/phytinov\\\/\",\"https:\\\/\\\/www.youtube.com\\\/channel\\\/UCE05sYsSXuuKbLqs4Au3e4Q\",\"https:\\\/\\\/www.instagram.com\\\/phytinov\\\/\"]}]}<\/script>\n<!-- \/ Yoast SEO plugin. -->","yoast_head_json":{"title":"Gommage Visage et Corps - Flora d'Essarts - Phyt-Inov\u00ae officiel - gommage biologique pour le soin de la peau et du visage - douceur et efficacit\u00e9 - 100 ml 100% naturel et ultrabiologique | Phyt-inov.com","description":"Phyt-Inov international\u00ae officiel, laboratoire suisse r\u00e9f\u00e9rent en soins et cosm\u00e9tiques naturels et biologiques pour la sant\u00e9 et la beaut\u00e9 de la peau, propose son Gommage Visage et Corps Flora d'Essarts, (100 ml sans conservateurs ni PEG) \u2013 Le Gommage Flora d'Essarts est un produit naturel\/bio de Phyt Inov pour pr\u00e9server la beaut\u00e9 de la peau (s\u00e8ve de bouleau\/a\u00e7ai\/abricot). Gommage doux mais efficace des peaux les plus sensibles et d\u00e9licates du visage et du corps. Excellent pr\u00e9parateur de la peau.","robots":{"index":"index","follow":"follow","max-snippet":"max-snippet:-1","max-image-preview":"max-image-preview:large","max-video-preview":"max-video-preview:-1"},"canonical":"https:\/\/www.phyt-inov.com\/fr\/produit\/gommage-doux-visage-et-corps\/","og_locale":"fr_FR","og_type":"article","og_title":"Gommage Visage et Corps - Flora d'Essarts - Phyt-Inov\u00ae officiel - gommage biologique pour le soin de la peau et du visage - douceur et efficacit\u00e9 - 100 ml 100% naturel et ultrabiologique | Phyt-inov.com","og_description":"Phyt-Inov international\u00ae officiel, laboratoire suisse r\u00e9f\u00e9rent en soins et cosm\u00e9tiques naturels et biologiques pour la sant\u00e9 et la beaut\u00e9 de la peau, propose son Gommage Visage et Corps Flora d'Essarts, (100 ml sans conservateurs ni PEG) \u2013 Le Gommage Flora d'Essarts est un produit naturel\/bio de Phyt Inov pour pr\u00e9server la beaut\u00e9 de la peau (s\u00e8ve de bouleau\/a\u00e7ai\/abricot). Gommage doux mais efficace des peaux les plus sensibles et d\u00e9licates du visage et du corps. Excellent pr\u00e9parateur de la peau.","og_url":"https:\/\/www.phyt-inov.com\/fr\/produit\/gommage-doux-visage-et-corps\/","og_site_name":"Phyt-Inov","article_publisher":"https:\/\/www.facebook.com\/phytinov\/","article_modified_time":"2026-04-07T14:11:48+00:00","og_image":[{"width":1464,"height":1826,"url":"https:\/\/www.phyt-inov.com\/wp-content\/uploads\/2025\/09\/Gommage-05.2019-light-blanchi-detoure-dimension-site-internet.jpg","type":"image\/jpeg"}],"twitter_card":"summary_large_image","twitter_misc":{"Dur\u00e9e de lecture estim\u00e9e":"1 minute"},"schema":{"@context":"https:\/\/schema.org","@graph":[{"@type":"WebPage","@id":"https:\/\/www.phyt-inov.com\/fr\/produit\/gommage-doux-visage-et-corps\/","url":"https:\/\/www.phyt-inov.com\/fr\/produit\/gommage-doux-visage-et-corps\/","name":"Gommage Visage et Corps - Flora d'Essarts - Phyt-Inov\u00ae officiel - gommage biologique pour le soin de la peau et du visage - douceur et efficacit\u00e9 - 100 ml 100% naturel et ultrabiologique | Phyt-inov.com","isPartOf":{"@id":"https:\/\/www.phyt-inov.com\/fr\/#website"},"primaryImageOfPage":{"@id":"https:\/\/www.phyt-inov.com\/fr\/produit\/gommage-doux-visage-et-corps\/#primaryimage"},"image":{"@id":"https:\/\/www.phyt-inov.com\/fr\/produit\/gommage-doux-visage-et-corps\/#primaryimage"},"thumbnailUrl":"https:\/\/www.phyt-inov.com\/wp-content\/uploads\/2025\/09\/Gommage-05.2019-light-blanchi-detoure-dimension-site-internet.jpg","datePublished":"2019-04-04T21:31:20+00:00","dateModified":"2026-04-07T14:11:48+00:00","description":"Phyt-Inov international\u00ae officiel, laboratoire suisse r\u00e9f\u00e9rent en soins et cosm\u00e9tiques naturels et biologiques pour la sant\u00e9 et la beaut\u00e9 de la peau, propose son Gommage Visage et Corps Flora d'Essarts, (100 ml sans conservateurs ni PEG) \u2013 Le Gommage Flora d'Essarts est un produit naturel\/bio de Phyt Inov pour pr\u00e9server la beaut\u00e9 de la peau (s\u00e8ve de bouleau\/a\u00e7ai\/abricot). Gommage doux mais efficace des peaux les plus sensibles et d\u00e9licates du visage et du corps. Excellent pr\u00e9parateur de la peau.","breadcrumb":{"@id":"https:\/\/www.phyt-inov.com\/fr\/produit\/gommage-doux-visage-et-corps\/#breadcrumb"},"inLanguage":"fr-FR","potentialAction":[{"@type":"ReadAction","target":["https:\/\/www.phyt-inov.com\/fr\/produit\/gommage-doux-visage-et-corps\/"]}]},{"@type":"ImageObject","inLanguage":"fr-FR","@id":"https:\/\/www.phyt-inov.com\/fr\/produit\/gommage-doux-visage-et-corps\/#primaryimage","url":"https:\/\/www.phyt-inov.com\/wp-content\/uploads\/2025\/09\/Gommage-05.2019-light-blanchi-detoure-dimension-site-internet.jpg","contentUrl":"https:\/\/www.phyt-inov.com\/wp-content\/uploads\/2025\/09\/Gommage-05.2019-light-blanchi-detoure-dimension-site-internet.jpg","width":1464,"height":1826,"caption":"flora d'essarts gommage doux visage et corps"},{"@type":"BreadcrumbList","@id":"https:\/\/www.phyt-inov.com\/fr\/produit\/gommage-doux-visage-et-corps\/#breadcrumb","itemListElement":[{"@type":"ListItem","position":1,"name":"Accueil","item":"https:\/\/www.phyt-inov.com\/fr\/"},{"@type":"ListItem","position":2,"name":"Boutique","item":"https:\/\/www.phyt-inov.com\/fr\/boutique\/"},{"@type":"ListItem","position":3,"name":"Gommage Doux Visage et Corps"}]},{"@type":"WebSite","@id":"https:\/\/www.phyt-inov.com\/fr\/#website","url":"https:\/\/www.phyt-inov.com\/fr\/","name":"Phyt-Inov International","description":"L&#039;efficacit\u00e9 naturelle pour vos soins quotidiens","publisher":{"@id":"https:\/\/www.phyt-inov.com\/fr\/#organization"},"alternateName":"phyt-inov","potentialAction":[{"@type":"SearchAction","target":{"@type":"EntryPoint","urlTemplate":"https:\/\/www.phyt-inov.com\/fr\/?s={search_term_string}"},"query-input":{"@type":"PropertyValueSpecification","valueRequired":true,"valueName":"search_term_string"}}],"inLanguage":"fr-FR"},{"@type":"Organization","@id":"https:\/\/www.phyt-inov.com\/fr\/#organization","name":"Phyt-Inov","alternateName":"Phyt-Inov","url":"https:\/\/www.phyt-inov.com\/fr\/","logo":{"@type":"ImageObject","inLanguage":"fr-FR","@id":"https:\/\/www.phyt-inov.com\/fr\/#\/schema\/logo\/image\/","url":"https:\/\/www.phyt-inov.com\/wp-content\/uploads\/2025\/09\/Logo-site-phyt-inov4_Plan-de-travail-1-2048x760-1.png","contentUrl":"https:\/\/www.phyt-inov.com\/wp-content\/uploads\/2025\/09\/Logo-site-phyt-inov4_Plan-de-travail-1-2048x760-1.png","width":2048,"height":760,"caption":"Phyt-Inov"},"image":{"@id":"https:\/\/www.phyt-inov.com\/fr\/#\/schema\/logo\/image\/"},"sameAs":["https:\/\/www.facebook.com\/phytinov\/","https:\/\/www.youtube.com\/channel\/UCE05sYsSXuuKbLqs4Au3e4Q","https:\/\/www.instagram.com\/phytinov\/"]}]}},"jetpack_sharing_enabled":true,"_links":{"self":[{"href":"https:\/\/www.phyt-inov.com\/fr\/wp-json\/wp\/v2\/product\/213","targetHints":{"allow":["GET"]}}],"collection":[{"href":"https:\/\/www.phyt-inov.com\/fr\/wp-json\/wp\/v2\/product"}],"about":[{"href":"https:\/\/www.phyt-inov.com\/fr\/wp-json\/wp\/v2\/types\/product"}],"replies":[{"embeddable":true,"href":"https:\/\/www.phyt-inov.com\/fr\/wp-json\/wp\/v2\/comments?post=213"}],"wp:featuredmedia":[{"embeddable":true,"href":"https:\/\/www.phyt-inov.com\/fr\/wp-json\/wp\/v2\/media\/214"}],"wp:attachment":[{"href":"https:\/\/www.phyt-inov.com\/fr\/wp-json\/wp\/v2\/media?parent=213"}],"wp:term":[{"taxonomy":"product_brand","embeddable":true,"href":"https:\/\/www.phyt-inov.com\/fr\/wp-json\/wp\/v2\/product_brand?post=213"},{"taxonomy":"product_cat","embeddable":true,"href":"https:\/\/www.phyt-inov.com\/fr\/wp-json\/wp\/v2\/product_cat?post=213"},{"taxonomy":"product_tag","embeddable":true,"href":"https:\/\/www.phyt-inov.com\/fr\/wp-json\/wp\/v2\/product_tag?post=213"}],"curies":[{"name":"wp","href":"https:\/\/api.w.org\/{rel}","templated":true}]}}