{"id":204,"date":"2019-04-04T21:31:16","date_gmt":"2019-04-04T21:31:16","guid":{"rendered":"https:\/\/www.phyt-inov.com\/?post_type=product&#038;p=204"},"modified":"2026-03-30T09:10:05","modified_gmt":"2026-03-30T09:10:05","slug":"floraserum-a","status":"publish","type":"product","link":"https:\/\/www.phyt-inov.com\/fr\/produit\/floraserum-a\/","title":{"rendered":"Floras\u00e9rum A"},"content":{"rendered":"<p><b>Biomaxi, pour un maximum bio du total des ingr\u00e9dients.<\/b><\/p>\n<h4 class=\"\" data-start=\"795\" data-end=\"824\">Une formule 100 % active<\/h4>\n<ul data-start=\"826\" data-end=\"1258\">\n<li class=\"\" data-start=\"826\" data-end=\"1041\">\n<p class=\"\" data-start=\"828\" data-end=\"1041\"><strong data-start=\"828\" data-end=\"856\">5 huiles v\u00e9g\u00e9tales fines<\/strong> (jojoba, noisette, amande douce, rose musqu\u00e9e, noyau d\u2019abricot), choisies pour leur p\u00e9n\u00e9tration rapide, leur toucher non gras et leurs propri\u00e9t\u00e9s adoucissantes, apaisantes et anti-\u00e2ge.<\/p>\n<\/li>\n<li class=\"\" data-start=\"1042\" data-end=\"1258\">\n<p class=\"\" data-start=\"1044\" data-end=\"1137\"><strong data-start=\"1044\" data-end=\"1085\">8 huiles essentielles compl\u00e9mentaires<\/strong> pour r\u00e9guler, purifier, lisser et r\u00e9parer la peau :<\/p>\n<ul data-start=\"1140\" data-end=\"1258\">\n<li class=\"\" data-start=\"1140\" data-end=\"1258\">\n<p class=\"\" data-start=\"1142\" data-end=\"1258\">Petit grain bigaradier, palmarosa, g\u00e9ranium bourbon, sauge sclar\u00e9e, carotte, bois de santal, lavande aspic, romarin.<\/p>\n<\/li>\n<\/ul>\n<\/li>\n<\/ul>\n<h4 class=\"\" data-start=\"1260\" data-end=\"1310\">Une huile sur-mesure pour chaque type de peau<\/h4>\n<ul data-start=\"1312\" data-end=\"1574\">\n<li class=\"\" data-start=\"1312\" data-end=\"1418\">\n<p class=\"\" data-start=\"1314\" data-end=\"1418\">Pour les <strong data-start=\"1323\" data-end=\"1359\">peaux grasses ou \u00e0 imperfections<\/strong>, il purifie, r\u00e9gule le s\u00e9bum et favorise une peau nette.<\/p>\n<\/li>\n<li class=\"\" data-start=\"1419\" data-end=\"1574\">\n<p class=\"\" data-start=\"1421\" data-end=\"1574\">Pour les <strong data-start=\"1430\" data-end=\"1457\">peaux s\u00e8ches ou matures<\/strong>, il s\u2019utilise comme un s\u00e9rum riche, \u00e0 appliquer avant la cr\u00e8me de jour pour renforcer l\u2019hydratation et l\u2019\u00e9lasticit\u00e9.<\/p>\n<\/li>\n<\/ul>\n<h4 class=\"\" data-start=\"1576\" data-end=\"1603\">Conseils d\u2019application<\/h4>\n<p class=\"\" data-start=\"1605\" data-end=\"1870\">Appliquer <strong data-start=\"1615\" data-end=\"1635\">quelques gouttes<\/strong> matin et\/ou soir sur peau propre, sur le visage, le cou ou les zones cibl\u00e9es. Masser doucement jusqu\u2019\u00e0 absorption. Il peut \u00eatre utilis\u00e9 <strong data-start=\"1772\" data-end=\"1780\">seul<\/strong>, ou comme <strong data-start=\"1791\" data-end=\"1807\">base de soin<\/strong> avant l\u2019application d\u2019une cr\u00e8me, selon les besoins de la peau.<\/p>\n<p class=\"\" data-start=\"1872\" data-end=\"2019\">Floraserum A est un v\u00e9ritable soin universel \u00e0 int\u00e9grer dans toutes les routines, pour une peau visiblement plus belle, plus saine, plus lumineuse.<\/p>\n<p><b>Flacon verre de 30 ml<\/b>.<br \/>\nAucun conservateur m\u00eame autoris\u00e9 en bio.<br \/>\n<b>100 %<\/b> du total des ingr\u00e9dients sont naturels ou d&rsquo;origine naturelle.<br \/>\n<b>100 %<\/b> du total des ingr\u00e9dients sont certifi\u00e9s bio.<\/p>\n","protected":false},"excerpt":{"rendered":"<p><b>Huile apaisante toutes peaux<\/b><\/p>\n<p class=\"\" data-start=\"199\" data-end=\"506\"><strong data-start=\"199\" data-end=\"215\">Floraserum A<\/strong> est un concentr\u00e9 pr\u00e9cieux, compos\u00e9 exclusivement d\u2019huiles v\u00e9g\u00e9tales et essentielles, con\u00e7u pour <strong data-start=\"312\" data-end=\"345\">r\u00e9parer, apaiser et r\u00e9g\u00e9n\u00e9rer<\/strong> tous les types de peaux, m\u00eame les plus sensibles ou alt\u00e9r\u00e9es. C\u2019est un soin polyvalent et profond\u00e9ment nourrissant, id\u00e9al pour accompagner la peau au quotidien.<\/p>\n<p class=\"\" data-start=\"508\" data-end=\"793\">Il s\u2019applique sur les <strong data-start=\"530\" data-end=\"595\">rougeurs, irritations, cicatrices, vergetures, rides, boutons<\/strong>, ou encore sur les zones d\u00e9licates comme les <strong data-start=\"641\" data-end=\"690\">contours des yeux, les l\u00e8vres ou le d\u00e9collet\u00e9<\/strong>. Il laisse la peau <strong data-start=\"710\" data-end=\"738\">souple, douce, lumineuse<\/strong>, avec un effet visible d\u00e8s les premi\u00e8res utilisations.<\/p>\n","protected":false},"featured_media":193,"comment_status":"open","ping_status":"closed","template":"","meta":{"_et_pb_use_builder":"","_et_pb_old_content":"","_et_gb_content_width":""},"product_brand":[101,102],"product_cat":[86,94],"product_tag":[],"class_list":{"0":"post-204","1":"product","2":"type-product","3":"status-publish","4":"has-post-thumbnail","6":"product_brand-flora-dessarts","7":"product_brand-monsieur-dessarts","8":"product_cat-cosmetiques-bio","9":"product_cat-hygiene-beaute-peau","11":"first","12":"instock","13":"shipping-taxable","14":"purchasable","15":"product-type-simple"},"yoast_head":"<!-- This site is optimized with the Yoast SEO plugin v27.3 - https:\/\/yoast.com\/product\/yoast-seo-wordpress\/ -->\n<title>Floras\u00e9rum A- Flora d&#039;Essarts - Phyt-Inov\u00ae officiel - huiles s\u00e8ches biologiques pour le soin de la peau du visage - huile apaisante toutes peaux - 30 ml 100% naturel et 100% biologique | Phyt-inov.com<\/title>\n<meta name=\"description\" content=\"Phyt-Inov international\u00ae officiel, laboratoire suisse r\u00e9f\u00e9rent en soins et cosm\u00e9tiques naturels et biologiques pour la sant\u00e9 et la beaut\u00e9 de la peau, propose son Floras\u00e9rum A Flora d&#039;Essarts, (30 ml sans conservateurs ni PEG) \u2013 Le Floras\u00e9rum A Flora d&#039;Essarts est un produit naturel\/bio de Phyt Inov pour pr\u00e9server la beaut\u00e9 de la peau du visage (huile de jojoba\/amande douce\/noisette\/rose musqu\u00e9e\/g\u00e9ranium). Complexe d\u2019huiles s\u00e8ches et d\u2019huiles essentielles, Floras\u00e9rum A lutte visiblement contre le vieillissement de la peau. Il favorise la s\u00e9r\u00e9nit\u00e9 de l\u2019\u00e9piderme.\" \/>\n<meta name=\"robots\" content=\"index, follow, max-snippet:-1, max-image-preview:large, max-video-preview:-1\" \/>\n<link rel=\"canonical\" href=\"https:\/\/www.phyt-inov.com\/fr\/produit\/floraserum-a\/\" \/>\n<meta property=\"og:locale\" content=\"fr_FR\" \/>\n<meta property=\"og:type\" content=\"article\" \/>\n<meta property=\"og:title\" content=\"Floras\u00e9rum A- Flora d&#039;Essarts - Phyt-Inov\u00ae officiel - huiles s\u00e8ches biologiques pour le soin de la peau du visage - huile apaisante toutes peaux - 30 ml 100% naturel et 100% biologique | Phyt-inov.com\" \/>\n<meta property=\"og:description\" content=\"Phyt-Inov international\u00ae officiel, laboratoire suisse r\u00e9f\u00e9rent en soins et cosm\u00e9tiques naturels et biologiques pour la sant\u00e9 et la beaut\u00e9 de la peau, propose son Floras\u00e9rum A Flora d&#039;Essarts, (30 ml sans conservateurs ni PEG) \u2013 Le Floras\u00e9rum A Flora d&#039;Essarts est un produit naturel\/bio de Phyt Inov pour pr\u00e9server la beaut\u00e9 de la peau du visage (huile de jojoba\/amande douce\/noisette\/rose musqu\u00e9e\/g\u00e9ranium). Complexe d\u2019huiles s\u00e8ches et d\u2019huiles essentielles, Floras\u00e9rum A lutte visiblement contre le vieillissement de la peau. Il favorise la s\u00e9r\u00e9nit\u00e9 de l\u2019\u00e9piderme.\" \/>\n<meta property=\"og:url\" content=\"https:\/\/www.phyt-inov.com\/fr\/produit\/floraserum-a\/\" \/>\n<meta property=\"og:site_name\" content=\"Phyt-Inov\" \/>\n<meta property=\"article:publisher\" content=\"https:\/\/www.facebook.com\/phytinov\/\" \/>\n<meta property=\"article:modified_time\" content=\"2026-03-30T09:10:05+00:00\" \/>\n<meta property=\"og:image\" content=\"https:\/\/www.phyt-inov.com\/wp-content\/uploads\/2025\/09\/Floraserum-A-Visage-pour-site-bas-1.jpg\" \/>\n\t<meta property=\"og:image:width\" content=\"1205\" \/>\n\t<meta property=\"og:image:height\" content=\"1594\" \/>\n\t<meta property=\"og:image:type\" content=\"image\/jpeg\" \/>\n<meta name=\"twitter:card\" content=\"summary_large_image\" \/>\n<meta name=\"twitter:label1\" content=\"Dur\u00e9e de lecture estim\u00e9e\" \/>\n\t<meta name=\"twitter:data1\" content=\"2 minutes\" \/>\n<script type=\"application\/ld+json\" class=\"yoast-schema-graph\">{\"@context\":\"https:\\\/\\\/schema.org\",\"@graph\":[{\"@type\":\"WebPage\",\"@id\":\"https:\\\/\\\/www.phyt-inov.com\\\/fr\\\/produit\\\/floraserum-a\\\/\",\"url\":\"https:\\\/\\\/www.phyt-inov.com\\\/fr\\\/produit\\\/floraserum-a\\\/\",\"name\":\"Floras\u00e9rum A- Flora d'Essarts - Phyt-Inov\u00ae officiel - huiles s\u00e8ches biologiques pour le soin de la peau du visage - huile apaisante toutes peaux - 30 ml 100% naturel et 100% biologique | Phyt-inov.com\",\"isPartOf\":{\"@id\":\"https:\\\/\\\/www.phyt-inov.com\\\/fr\\\/#website\"},\"primaryImageOfPage\":{\"@id\":\"https:\\\/\\\/www.phyt-inov.com\\\/fr\\\/produit\\\/floraserum-a\\\/#primaryimage\"},\"image\":{\"@id\":\"https:\\\/\\\/www.phyt-inov.com\\\/fr\\\/produit\\\/floraserum-a\\\/#primaryimage\"},\"thumbnailUrl\":\"https:\\\/\\\/www.phyt-inov.com\\\/wp-content\\\/uploads\\\/2025\\\/09\\\/Floraserum-A-Visage-pour-site-bas-1.jpg\",\"datePublished\":\"2019-04-04T21:31:16+00:00\",\"dateModified\":\"2026-03-30T09:10:05+00:00\",\"description\":\"Phyt-Inov international\u00ae officiel, laboratoire suisse r\u00e9f\u00e9rent en soins et cosm\u00e9tiques naturels et biologiques pour la sant\u00e9 et la beaut\u00e9 de la peau, propose son Floras\u00e9rum A Flora d'Essarts, (30 ml sans conservateurs ni PEG) \u2013 Le Floras\u00e9rum A Flora d'Essarts est un produit naturel\\\/bio de Phyt Inov pour pr\u00e9server la beaut\u00e9 de la peau du visage (huile de jojoba\\\/amande douce\\\/noisette\\\/rose musqu\u00e9e\\\/g\u00e9ranium). Complexe d\u2019huiles s\u00e8ches et d\u2019huiles essentielles, Floras\u00e9rum A lutte visiblement contre le vieillissement de la peau. Il favorise la s\u00e9r\u00e9nit\u00e9 de l\u2019\u00e9piderme.\",\"breadcrumb\":{\"@id\":\"https:\\\/\\\/www.phyt-inov.com\\\/fr\\\/produit\\\/floraserum-a\\\/#breadcrumb\"},\"inLanguage\":\"fr-FR\",\"potentialAction\":[{\"@type\":\"ReadAction\",\"target\":[\"https:\\\/\\\/www.phyt-inov.com\\\/fr\\\/produit\\\/floraserum-a\\\/\"]}]},{\"@type\":\"ImageObject\",\"inLanguage\":\"fr-FR\",\"@id\":\"https:\\\/\\\/www.phyt-inov.com\\\/fr\\\/produit\\\/floraserum-a\\\/#primaryimage\",\"url\":\"https:\\\/\\\/www.phyt-inov.com\\\/wp-content\\\/uploads\\\/2025\\\/09\\\/Floraserum-A-Visage-pour-site-bas-1.jpg\",\"contentUrl\":\"https:\\\/\\\/www.phyt-inov.com\\\/wp-content\\\/uploads\\\/2025\\\/09\\\/Floraserum-A-Visage-pour-site-bas-1.jpg\",\"width\":1205,\"height\":1594,\"caption\":\"flora d'essarts floras\u00e9rum a\"},{\"@type\":\"BreadcrumbList\",\"@id\":\"https:\\\/\\\/www.phyt-inov.com\\\/fr\\\/produit\\\/floraserum-a\\\/#breadcrumb\",\"itemListElement\":[{\"@type\":\"ListItem\",\"position\":1,\"name\":\"Accueil\",\"item\":\"https:\\\/\\\/www.phyt-inov.com\\\/fr\\\/\"},{\"@type\":\"ListItem\",\"position\":2,\"name\":\"Boutique\",\"item\":\"https:\\\/\\\/www.phyt-inov.com\\\/fr\\\/boutique\\\/\"},{\"@type\":\"ListItem\",\"position\":3,\"name\":\"Floras\u00e9rum A\"}]},{\"@type\":\"WebSite\",\"@id\":\"https:\\\/\\\/www.phyt-inov.com\\\/fr\\\/#website\",\"url\":\"https:\\\/\\\/www.phyt-inov.com\\\/fr\\\/\",\"name\":\"Phyt-Inov International\",\"description\":\"L&#039;efficacit\u00e9 naturelle pour vos soins quotidiens\",\"publisher\":{\"@id\":\"https:\\\/\\\/www.phyt-inov.com\\\/fr\\\/#organization\"},\"alternateName\":\"phyt-inov\",\"potentialAction\":[{\"@type\":\"SearchAction\",\"target\":{\"@type\":\"EntryPoint\",\"urlTemplate\":\"https:\\\/\\\/www.phyt-inov.com\\\/fr\\\/?s={search_term_string}\"},\"query-input\":{\"@type\":\"PropertyValueSpecification\",\"valueRequired\":true,\"valueName\":\"search_term_string\"}}],\"inLanguage\":\"fr-FR\"},{\"@type\":\"Organization\",\"@id\":\"https:\\\/\\\/www.phyt-inov.com\\\/fr\\\/#organization\",\"name\":\"Phyt-Inov\",\"alternateName\":\"Phyt-Inov\",\"url\":\"https:\\\/\\\/www.phyt-inov.com\\\/fr\\\/\",\"logo\":{\"@type\":\"ImageObject\",\"inLanguage\":\"fr-FR\",\"@id\":\"https:\\\/\\\/www.phyt-inov.com\\\/fr\\\/#\\\/schema\\\/logo\\\/image\\\/\",\"url\":\"https:\\\/\\\/www.phyt-inov.com\\\/wp-content\\\/uploads\\\/2025\\\/09\\\/Logo-site-phyt-inov4_Plan-de-travail-1-2048x760-1.png\",\"contentUrl\":\"https:\\\/\\\/www.phyt-inov.com\\\/wp-content\\\/uploads\\\/2025\\\/09\\\/Logo-site-phyt-inov4_Plan-de-travail-1-2048x760-1.png\",\"width\":2048,\"height\":760,\"caption\":\"Phyt-Inov\"},\"image\":{\"@id\":\"https:\\\/\\\/www.phyt-inov.com\\\/fr\\\/#\\\/schema\\\/logo\\\/image\\\/\"},\"sameAs\":[\"https:\\\/\\\/www.facebook.com\\\/phytinov\\\/\",\"https:\\\/\\\/www.youtube.com\\\/channel\\\/UCE05sYsSXuuKbLqs4Au3e4Q\",\"https:\\\/\\\/www.instagram.com\\\/phytinov\\\/\"]}]}<\/script>\n<!-- \/ Yoast SEO plugin. -->","yoast_head_json":{"title":"Floras\u00e9rum A- Flora d'Essarts - Phyt-Inov\u00ae officiel - huiles s\u00e8ches biologiques pour le soin de la peau du visage - huile apaisante toutes peaux - 30 ml 100% naturel et 100% biologique | Phyt-inov.com","description":"Phyt-Inov international\u00ae officiel, laboratoire suisse r\u00e9f\u00e9rent en soins et cosm\u00e9tiques naturels et biologiques pour la sant\u00e9 et la beaut\u00e9 de la peau, propose son Floras\u00e9rum A Flora d'Essarts, (30 ml sans conservateurs ni PEG) \u2013 Le Floras\u00e9rum A Flora d'Essarts est un produit naturel\/bio de Phyt Inov pour pr\u00e9server la beaut\u00e9 de la peau du visage (huile de jojoba\/amande douce\/noisette\/rose musqu\u00e9e\/g\u00e9ranium). Complexe d\u2019huiles s\u00e8ches et d\u2019huiles essentielles, Floras\u00e9rum A lutte visiblement contre le vieillissement de la peau. Il favorise la s\u00e9r\u00e9nit\u00e9 de l\u2019\u00e9piderme.","robots":{"index":"index","follow":"follow","max-snippet":"max-snippet:-1","max-image-preview":"max-image-preview:large","max-video-preview":"max-video-preview:-1"},"canonical":"https:\/\/www.phyt-inov.com\/fr\/produit\/floraserum-a\/","og_locale":"fr_FR","og_type":"article","og_title":"Floras\u00e9rum A- Flora d'Essarts - Phyt-Inov\u00ae officiel - huiles s\u00e8ches biologiques pour le soin de la peau du visage - huile apaisante toutes peaux - 30 ml 100% naturel et 100% biologique | Phyt-inov.com","og_description":"Phyt-Inov international\u00ae officiel, laboratoire suisse r\u00e9f\u00e9rent en soins et cosm\u00e9tiques naturels et biologiques pour la sant\u00e9 et la beaut\u00e9 de la peau, propose son Floras\u00e9rum A Flora d'Essarts, (30 ml sans conservateurs ni PEG) \u2013 Le Floras\u00e9rum A Flora d'Essarts est un produit naturel\/bio de Phyt Inov pour pr\u00e9server la beaut\u00e9 de la peau du visage (huile de jojoba\/amande douce\/noisette\/rose musqu\u00e9e\/g\u00e9ranium). Complexe d\u2019huiles s\u00e8ches et d\u2019huiles essentielles, Floras\u00e9rum A lutte visiblement contre le vieillissement de la peau. Il favorise la s\u00e9r\u00e9nit\u00e9 de l\u2019\u00e9piderme.","og_url":"https:\/\/www.phyt-inov.com\/fr\/produit\/floraserum-a\/","og_site_name":"Phyt-Inov","article_publisher":"https:\/\/www.facebook.com\/phytinov\/","article_modified_time":"2026-03-30T09:10:05+00:00","og_image":[{"width":1205,"height":1594,"url":"https:\/\/www.phyt-inov.com\/wp-content\/uploads\/2025\/09\/Floraserum-A-Visage-pour-site-bas-1.jpg","type":"image\/jpeg"}],"twitter_card":"summary_large_image","twitter_misc":{"Dur\u00e9e de lecture estim\u00e9e":"2 minutes"},"schema":{"@context":"https:\/\/schema.org","@graph":[{"@type":"WebPage","@id":"https:\/\/www.phyt-inov.com\/fr\/produit\/floraserum-a\/","url":"https:\/\/www.phyt-inov.com\/fr\/produit\/floraserum-a\/","name":"Floras\u00e9rum A- Flora d'Essarts - Phyt-Inov\u00ae officiel - huiles s\u00e8ches biologiques pour le soin de la peau du visage - huile apaisante toutes peaux - 30 ml 100% naturel et 100% biologique | Phyt-inov.com","isPartOf":{"@id":"https:\/\/www.phyt-inov.com\/fr\/#website"},"primaryImageOfPage":{"@id":"https:\/\/www.phyt-inov.com\/fr\/produit\/floraserum-a\/#primaryimage"},"image":{"@id":"https:\/\/www.phyt-inov.com\/fr\/produit\/floraserum-a\/#primaryimage"},"thumbnailUrl":"https:\/\/www.phyt-inov.com\/wp-content\/uploads\/2025\/09\/Floraserum-A-Visage-pour-site-bas-1.jpg","datePublished":"2019-04-04T21:31:16+00:00","dateModified":"2026-03-30T09:10:05+00:00","description":"Phyt-Inov international\u00ae officiel, laboratoire suisse r\u00e9f\u00e9rent en soins et cosm\u00e9tiques naturels et biologiques pour la sant\u00e9 et la beaut\u00e9 de la peau, propose son Floras\u00e9rum A Flora d'Essarts, (30 ml sans conservateurs ni PEG) \u2013 Le Floras\u00e9rum A Flora d'Essarts est un produit naturel\/bio de Phyt Inov pour pr\u00e9server la beaut\u00e9 de la peau du visage (huile de jojoba\/amande douce\/noisette\/rose musqu\u00e9e\/g\u00e9ranium). Complexe d\u2019huiles s\u00e8ches et d\u2019huiles essentielles, Floras\u00e9rum A lutte visiblement contre le vieillissement de la peau. Il favorise la s\u00e9r\u00e9nit\u00e9 de l\u2019\u00e9piderme.","breadcrumb":{"@id":"https:\/\/www.phyt-inov.com\/fr\/produit\/floraserum-a\/#breadcrumb"},"inLanguage":"fr-FR","potentialAction":[{"@type":"ReadAction","target":["https:\/\/www.phyt-inov.com\/fr\/produit\/floraserum-a\/"]}]},{"@type":"ImageObject","inLanguage":"fr-FR","@id":"https:\/\/www.phyt-inov.com\/fr\/produit\/floraserum-a\/#primaryimage","url":"https:\/\/www.phyt-inov.com\/wp-content\/uploads\/2025\/09\/Floraserum-A-Visage-pour-site-bas-1.jpg","contentUrl":"https:\/\/www.phyt-inov.com\/wp-content\/uploads\/2025\/09\/Floraserum-A-Visage-pour-site-bas-1.jpg","width":1205,"height":1594,"caption":"flora d'essarts floras\u00e9rum a"},{"@type":"BreadcrumbList","@id":"https:\/\/www.phyt-inov.com\/fr\/produit\/floraserum-a\/#breadcrumb","itemListElement":[{"@type":"ListItem","position":1,"name":"Accueil","item":"https:\/\/www.phyt-inov.com\/fr\/"},{"@type":"ListItem","position":2,"name":"Boutique","item":"https:\/\/www.phyt-inov.com\/fr\/boutique\/"},{"@type":"ListItem","position":3,"name":"Floras\u00e9rum A"}]},{"@type":"WebSite","@id":"https:\/\/www.phyt-inov.com\/fr\/#website","url":"https:\/\/www.phyt-inov.com\/fr\/","name":"Phyt-Inov International","description":"L&#039;efficacit\u00e9 naturelle pour vos soins quotidiens","publisher":{"@id":"https:\/\/www.phyt-inov.com\/fr\/#organization"},"alternateName":"phyt-inov","potentialAction":[{"@type":"SearchAction","target":{"@type":"EntryPoint","urlTemplate":"https:\/\/www.phyt-inov.com\/fr\/?s={search_term_string}"},"query-input":{"@type":"PropertyValueSpecification","valueRequired":true,"valueName":"search_term_string"}}],"inLanguage":"fr-FR"},{"@type":"Organization","@id":"https:\/\/www.phyt-inov.com\/fr\/#organization","name":"Phyt-Inov","alternateName":"Phyt-Inov","url":"https:\/\/www.phyt-inov.com\/fr\/","logo":{"@type":"ImageObject","inLanguage":"fr-FR","@id":"https:\/\/www.phyt-inov.com\/fr\/#\/schema\/logo\/image\/","url":"https:\/\/www.phyt-inov.com\/wp-content\/uploads\/2025\/09\/Logo-site-phyt-inov4_Plan-de-travail-1-2048x760-1.png","contentUrl":"https:\/\/www.phyt-inov.com\/wp-content\/uploads\/2025\/09\/Logo-site-phyt-inov4_Plan-de-travail-1-2048x760-1.png","width":2048,"height":760,"caption":"Phyt-Inov"},"image":{"@id":"https:\/\/www.phyt-inov.com\/fr\/#\/schema\/logo\/image\/"},"sameAs":["https:\/\/www.facebook.com\/phytinov\/","https:\/\/www.youtube.com\/channel\/UCE05sYsSXuuKbLqs4Au3e4Q","https:\/\/www.instagram.com\/phytinov\/"]}]}},"jetpack_sharing_enabled":true,"_links":{"self":[{"href":"https:\/\/www.phyt-inov.com\/fr\/wp-json\/wp\/v2\/product\/204","targetHints":{"allow":["GET"]}}],"collection":[{"href":"https:\/\/www.phyt-inov.com\/fr\/wp-json\/wp\/v2\/product"}],"about":[{"href":"https:\/\/www.phyt-inov.com\/fr\/wp-json\/wp\/v2\/types\/product"}],"replies":[{"embeddable":true,"href":"https:\/\/www.phyt-inov.com\/fr\/wp-json\/wp\/v2\/comments?post=204"}],"wp:featuredmedia":[{"embeddable":true,"href":"https:\/\/www.phyt-inov.com\/fr\/wp-json\/wp\/v2\/media\/193"}],"wp:attachment":[{"href":"https:\/\/www.phyt-inov.com\/fr\/wp-json\/wp\/v2\/media?parent=204"}],"wp:term":[{"taxonomy":"product_brand","embeddable":true,"href":"https:\/\/www.phyt-inov.com\/fr\/wp-json\/wp\/v2\/product_brand?post=204"},{"taxonomy":"product_cat","embeddable":true,"href":"https:\/\/www.phyt-inov.com\/fr\/wp-json\/wp\/v2\/product_cat?post=204"},{"taxonomy":"product_tag","embeddable":true,"href":"https:\/\/www.phyt-inov.com\/fr\/wp-json\/wp\/v2\/product_tag?post=204"}],"curies":[{"name":"wp","href":"https:\/\/api.w.org\/{rel}","templated":true}]}}