{"id":203,"date":"2019-04-04T21:31:35","date_gmt":"2019-04-04T21:31:35","guid":{"rendered":"https:\/\/www.phyt-inov.com\/?post_type=product&#038;p=203"},"modified":"2026-03-30T09:01:00","modified_gmt":"2026-03-30T09:01:00","slug":"osteo-regul-200-gelules","status":"publish","type":"product","link":"https:\/\/www.phyt-inov.com\/fr\/produit\/osteo-regul-200-gelules\/","title":{"rendered":"Ost\u00e9o-r\u00e9gul 200 g\u00e9lules"},"content":{"rendered":"<p>Bo\u00eete de 200 g\u00e9lules v\u00e9g\u00e9tales dos\u00e9es \u00e0 400 mg<\/p>\n<p>Poids net : 90 g<\/p>\n<p>Conseils d\u2019utilisation : 1 g\u00e9lule 2 \u00e0 3 fois par jour aux repas sur une longue dur\u00e9e.<\/p>\n<p>\u00ab Pour votre sant\u00e9, mangez au moins cinq fruits et l\u00e9gumes par jour \u00bb<br \/>\n\u00ab Pour votre sant\u00e9, pratiquez une activit\u00e9 physique r\u00e9guli\u00e8re \u00bb<br \/>\n\u00ab Pour votre sant\u00e9, \u00e9vitez de manger trop gras, trop sucr\u00e9, trop sal\u00e9 \u00bb<br \/>\n\u00ab Pour votre sant\u00e9, \u00e9vitez de grignoter entre les repas \u00bb<br \/>\nwww.mangerbouger.fr<\/p>\n","protected":false},"excerpt":{"rendered":"<p>OSTEO-REGUL contribue au maintien d\u2019une ossature normale.<\/p>\n<p>La d\u00e9min\u00e9ralisation repr\u00e9sente un probl\u00e8me majeur de sant\u00e9 publique.<br \/>\nL\u2019arthrose est une atteinte chronique d\u00e9g\u00e9n\u00e9rative et non inflammatoire des articulations. Cette affection comporte la destruction lente du cartilage et une alt\u00e9ration de la synoviale et de l&rsquo;os.<br \/>\nDe nombreuses \u00e9tudes indiquent que 80% des personnes \u00e2g\u00e9es de plus de 50 ans se plaignent d&rsquo;arthrose.<\/p>\n<p>Heureusement les recherches modernes prouvent qu&rsquo;il existe de nombreux phytonutriments capables d&rsquo;enrayer ces m\u00e9canismes en prot\u00e9geant les cartilages et les os.<br \/>\nOSTEO-REGUL contient un savant m\u00e9lange de fine poudre de perle, de Collag\u00e8ne marin (raie), de Chondro\u00eftine sulfate, de Glucosamine sulfate, d&rsquo;Acide hyaluronique, de Silicium organique et de Vitamine D3.<\/p>\n<p>Le calcium est n\u00e9cessaire au maintien d\u2019une ossature normale et est n\u00e9cessaire au maintien d\u2019une dentition normale.<br \/>\nLe calcium contribue \u00e0 une coagulation sanguine normale, il contribue \u00e0 un m\u00e9tabolisme \u00e9nerg\u00e9tique normal, \u00e0 une fonction musculaire normale<br \/>\nLe calcium contribue \u00e0 une neurotransmission normale, au fonctionnement normal des enzymes digestives. Il joue un r\u00f4le dans les processus de division et de sp\u00e9cialisation cellulaires.<\/p>\n<p>La vitamine D contribue \u00e0 l\u2019absorption et \u00e0 l\u2019utilisation normales du calcium et du phosphore, elle contribue \u00e0 une calc\u00e9mie normale, au maintien d\u2019une ossature normale, au maintien d\u2019une fonction musculaire normale, au maintien d\u2019une dentition normale, au fonctionnement normal du syst\u00e8me immunitaire et joue un r\u00f4le dans le processus de division cellulaire.<\/p>\n","protected":false},"featured_media":246,"comment_status":"open","ping_status":"closed","template":"","meta":{"_et_pb_use_builder":"","_et_pb_old_content":"","_et_gb_content_width":""},"product_brand":[100],"product_cat":[95,99,70,94],"product_tag":[],"class_list":{"0":"post-203","1":"product","2":"type-product","3":"status-publish","4":"has-post-thumbnail","6":"product_brand-phyt-inov","7":"product_cat-accompagnement-sportif","8":"product_cat-animaux","9":"product_cat-bien-etre-osteo-articulaire","10":"product_cat-hygiene-beaute-peau","12":"first","13":"instock","14":"shipping-taxable","15":"purchasable","16":"product-type-simple"},"yoast_head":"<!-- This site is optimized with the Yoast SEO plugin v27.4 - https:\/\/yoast.com\/product\/yoast-seo-wordpress\/ -->\n<title>Produit naturel pour confort articulaire en lien avec la formule de Jean-Pierre Willem - Equilibre osseux, musculaire et articulations - Compl\u00e9ment alimentaire beaut\u00e9 de la peau et des phan\u00e8res (cheveux, ongles) - Ost\u00e9o-R\u00e9gul 200 g\u00e9lules v\u00e9g\u00e9tales de plantes | Phyt-inov.com<\/title>\n<meta name=\"description\" content=\"Phyt-Inov international\u00ae, laboratoire suisse r\u00e9f\u00e9rent dans le confort articulaire, l\u2019\u00e9quilibre osseux et les compl\u00e9ments alimentaires bio\/sant\u00e9 naturelle, propose Ost\u00e9o-R\u00e9gul, en lien avec la formule de Jean-Pierre Willem, (200 g\u00e9lules v\u00e9g\u00e9tales de plantes) qui est un produit naturel \u00e0 base de nutriments essentielles qui b\u00e9n\u00e9ficie d\u2019une synergie \u00e0 base de plantes m\u00e9dicinales actives parfaite (poudre de perle\/collag\u00e8ne marin\/acide hyaluronique\/glucosamine\/silicium\/vitamine D3) - Ainsi, Ost\u00e9o-R\u00e9gul participe au maintien de la solidit\u00e9 des os avec des composants qui renforcent la structure et l\u2019\u00e9lasticit\u00e9 de la peau.\" \/>\n<meta name=\"robots\" content=\"index, follow, max-snippet:-1, max-image-preview:large, max-video-preview:-1\" \/>\n<link rel=\"canonical\" href=\"https:\/\/www.phyt-inov.com\/fr\/produit\/osteo-regul-200-gelules\/\" \/>\n<meta property=\"og:locale\" content=\"fr_FR\" \/>\n<meta property=\"og:type\" content=\"article\" \/>\n<meta property=\"og:title\" content=\"Produit naturel pour confort articulaire en lien avec la formule de Jean-Pierre Willem - Equilibre osseux, musculaire et articulations - Compl\u00e9ment alimentaire beaut\u00e9 de la peau et des phan\u00e8res (cheveux, ongles) - Ost\u00e9o-R\u00e9gul 200 g\u00e9lules v\u00e9g\u00e9tales de plantes | Phyt-inov.com\" \/>\n<meta property=\"og:description\" content=\"Phyt-Inov international\u00ae, laboratoire suisse r\u00e9f\u00e9rent dans le confort articulaire, l\u2019\u00e9quilibre osseux et les compl\u00e9ments alimentaires bio\/sant\u00e9 naturelle, propose Ost\u00e9o-R\u00e9gul, en lien avec la formule de Jean-Pierre Willem, (200 g\u00e9lules v\u00e9g\u00e9tales de plantes) qui est un produit naturel \u00e0 base de nutriments essentielles qui b\u00e9n\u00e9ficie d\u2019une synergie \u00e0 base de plantes m\u00e9dicinales actives parfaite (poudre de perle\/collag\u00e8ne marin\/acide hyaluronique\/glucosamine\/silicium\/vitamine D3) - Ainsi, Ost\u00e9o-R\u00e9gul participe au maintien de la solidit\u00e9 des os avec des composants qui renforcent la structure et l\u2019\u00e9lasticit\u00e9 de la peau.\" \/>\n<meta property=\"og:url\" content=\"https:\/\/www.phyt-inov.com\/fr\/produit\/osteo-regul-200-gelules\/\" \/>\n<meta property=\"og:site_name\" content=\"Phyt-Inov\" \/>\n<meta property=\"article:publisher\" content=\"https:\/\/www.facebook.com\/phytinov\/\" \/>\n<meta property=\"article:modified_time\" content=\"2026-03-30T09:01:00+00:00\" \/>\n<meta property=\"og:image\" content=\"https:\/\/www.phyt-inov.com\/wp-content\/uploads\/2025\/09\/Osteo-regul.png\" \/>\n\t<meta property=\"og:image:width\" content=\"819\" \/>\n\t<meta property=\"og:image:height\" content=\"1024\" \/>\n\t<meta property=\"og:image:type\" content=\"image\/png\" \/>\n<meta name=\"twitter:card\" content=\"summary_large_image\" \/>\n<meta name=\"twitter:label1\" content=\"Dur\u00e9e de lecture estim\u00e9e\" \/>\n\t<meta name=\"twitter:data1\" content=\"1 minute\" \/>\n<script type=\"application\/ld+json\" class=\"yoast-schema-graph\">{\"@context\":\"https:\\\/\\\/schema.org\",\"@graph\":[{\"@type\":\"WebPage\",\"@id\":\"https:\\\/\\\/www.phyt-inov.com\\\/fr\\\/produit\\\/osteo-regul-200-gelules\\\/\",\"url\":\"https:\\\/\\\/www.phyt-inov.com\\\/fr\\\/produit\\\/osteo-regul-200-gelules\\\/\",\"name\":\"Produit naturel pour confort articulaire en lien avec la formule de Jean-Pierre Willem - Equilibre osseux, musculaire et articulations - Compl\u00e9ment alimentaire beaut\u00e9 de la peau et des phan\u00e8res (cheveux, ongles) - Ost\u00e9o-R\u00e9gul 200 g\u00e9lules v\u00e9g\u00e9tales de plantes | Phyt-inov.com\",\"isPartOf\":{\"@id\":\"https:\\\/\\\/www.phyt-inov.com\\\/fr\\\/#website\"},\"primaryImageOfPage\":{\"@id\":\"https:\\\/\\\/www.phyt-inov.com\\\/fr\\\/produit\\\/osteo-regul-200-gelules\\\/#primaryimage\"},\"image\":{\"@id\":\"https:\\\/\\\/www.phyt-inov.com\\\/fr\\\/produit\\\/osteo-regul-200-gelules\\\/#primaryimage\"},\"thumbnailUrl\":\"https:\\\/\\\/www.phyt-inov.com\\\/wp-content\\\/uploads\\\/2025\\\/09\\\/Osteo-regul.png\",\"datePublished\":\"2019-04-04T21:31:35+00:00\",\"dateModified\":\"2026-03-30T09:01:00+00:00\",\"description\":\"Phyt-Inov international\u00ae, laboratoire suisse r\u00e9f\u00e9rent dans le confort articulaire, l\u2019\u00e9quilibre osseux et les compl\u00e9ments alimentaires bio\\\/sant\u00e9 naturelle, propose Ost\u00e9o-R\u00e9gul, en lien avec la formule de Jean-Pierre Willem, (200 g\u00e9lules v\u00e9g\u00e9tales de plantes) qui est un produit naturel \u00e0 base de nutriments essentielles qui b\u00e9n\u00e9ficie d\u2019une synergie \u00e0 base de plantes m\u00e9dicinales actives parfaite (poudre de perle\\\/collag\u00e8ne marin\\\/acide hyaluronique\\\/glucosamine\\\/silicium\\\/vitamine D3) - Ainsi, Ost\u00e9o-R\u00e9gul participe au maintien de la solidit\u00e9 des os avec des composants qui renforcent la structure et l\u2019\u00e9lasticit\u00e9 de la peau.\",\"breadcrumb\":{\"@id\":\"https:\\\/\\\/www.phyt-inov.com\\\/fr\\\/produit\\\/osteo-regul-200-gelules\\\/#breadcrumb\"},\"inLanguage\":\"fr-FR\",\"potentialAction\":[{\"@type\":\"ReadAction\",\"target\":[\"https:\\\/\\\/www.phyt-inov.com\\\/fr\\\/produit\\\/osteo-regul-200-gelules\\\/\"]}]},{\"@type\":\"ImageObject\",\"inLanguage\":\"fr-FR\",\"@id\":\"https:\\\/\\\/www.phyt-inov.com\\\/fr\\\/produit\\\/osteo-regul-200-gelules\\\/#primaryimage\",\"url\":\"https:\\\/\\\/www.phyt-inov.com\\\/wp-content\\\/uploads\\\/2025\\\/09\\\/Osteo-regul.png\",\"contentUrl\":\"https:\\\/\\\/www.phyt-inov.com\\\/wp-content\\\/uploads\\\/2025\\\/09\\\/Osteo-regul.png\",\"width\":6400,\"height\":8000,\"caption\":\"phyt-inov produit osteo-regul\"},{\"@type\":\"BreadcrumbList\",\"@id\":\"https:\\\/\\\/www.phyt-inov.com\\\/fr\\\/produit\\\/osteo-regul-200-gelules\\\/#breadcrumb\",\"itemListElement\":[{\"@type\":\"ListItem\",\"position\":1,\"name\":\"Accueil\",\"item\":\"https:\\\/\\\/www.phyt-inov.com\\\/fr\\\/\"},{\"@type\":\"ListItem\",\"position\":2,\"name\":\"Boutique\",\"item\":\"https:\\\/\\\/www.phyt-inov.com\\\/fr\\\/boutique\\\/\"},{\"@type\":\"ListItem\",\"position\":3,\"name\":\"Ost\u00e9o-r\u00e9gul 200 g\u00e9lules\"}]},{\"@type\":\"WebSite\",\"@id\":\"https:\\\/\\\/www.phyt-inov.com\\\/fr\\\/#website\",\"url\":\"https:\\\/\\\/www.phyt-inov.com\\\/fr\\\/\",\"name\":\"Phyt-Inov International\",\"description\":\"L&#039;efficacit\u00e9 naturelle pour vos soins quotidiens\",\"publisher\":{\"@id\":\"https:\\\/\\\/www.phyt-inov.com\\\/fr\\\/#organization\"},\"alternateName\":\"phyt-inov\",\"potentialAction\":[{\"@type\":\"SearchAction\",\"target\":{\"@type\":\"EntryPoint\",\"urlTemplate\":\"https:\\\/\\\/www.phyt-inov.com\\\/fr\\\/?s={search_term_string}\"},\"query-input\":{\"@type\":\"PropertyValueSpecification\",\"valueRequired\":true,\"valueName\":\"search_term_string\"}}],\"inLanguage\":\"fr-FR\"},{\"@type\":\"Organization\",\"@id\":\"https:\\\/\\\/www.phyt-inov.com\\\/fr\\\/#organization\",\"name\":\"Phyt-Inov\",\"alternateName\":\"Phyt-Inov\",\"url\":\"https:\\\/\\\/www.phyt-inov.com\\\/fr\\\/\",\"logo\":{\"@type\":\"ImageObject\",\"inLanguage\":\"fr-FR\",\"@id\":\"https:\\\/\\\/www.phyt-inov.com\\\/fr\\\/#\\\/schema\\\/logo\\\/image\\\/\",\"url\":\"https:\\\/\\\/www.phyt-inov.com\\\/wp-content\\\/uploads\\\/2025\\\/09\\\/Logo-site-phyt-inov4_Plan-de-travail-1-2048x760-1.png\",\"contentUrl\":\"https:\\\/\\\/www.phyt-inov.com\\\/wp-content\\\/uploads\\\/2025\\\/09\\\/Logo-site-phyt-inov4_Plan-de-travail-1-2048x760-1.png\",\"width\":2048,\"height\":760,\"caption\":\"Phyt-Inov\"},\"image\":{\"@id\":\"https:\\\/\\\/www.phyt-inov.com\\\/fr\\\/#\\\/schema\\\/logo\\\/image\\\/\"},\"sameAs\":[\"https:\\\/\\\/www.facebook.com\\\/phytinov\\\/\",\"https:\\\/\\\/www.youtube.com\\\/channel\\\/UCE05sYsSXuuKbLqs4Au3e4Q\",\"https:\\\/\\\/www.instagram.com\\\/phytinov\\\/\"]}]}<\/script>\n<!-- \/ Yoast SEO plugin. -->","yoast_head_json":{"title":"Produit naturel pour confort articulaire en lien avec la formule de Jean-Pierre Willem - Equilibre osseux, musculaire et articulations - Compl\u00e9ment alimentaire beaut\u00e9 de la peau et des phan\u00e8res (cheveux, ongles) - Ost\u00e9o-R\u00e9gul 200 g\u00e9lules v\u00e9g\u00e9tales de plantes | Phyt-inov.com","description":"Phyt-Inov international\u00ae, laboratoire suisse r\u00e9f\u00e9rent dans le confort articulaire, l\u2019\u00e9quilibre osseux et les compl\u00e9ments alimentaires bio\/sant\u00e9 naturelle, propose Ost\u00e9o-R\u00e9gul, en lien avec la formule de Jean-Pierre Willem, (200 g\u00e9lules v\u00e9g\u00e9tales de plantes) qui est un produit naturel \u00e0 base de nutriments essentielles qui b\u00e9n\u00e9ficie d\u2019une synergie \u00e0 base de plantes m\u00e9dicinales actives parfaite (poudre de perle\/collag\u00e8ne marin\/acide hyaluronique\/glucosamine\/silicium\/vitamine D3) - Ainsi, Ost\u00e9o-R\u00e9gul participe au maintien de la solidit\u00e9 des os avec des composants qui renforcent la structure et l\u2019\u00e9lasticit\u00e9 de la peau.","robots":{"index":"index","follow":"follow","max-snippet":"max-snippet:-1","max-image-preview":"max-image-preview:large","max-video-preview":"max-video-preview:-1"},"canonical":"https:\/\/www.phyt-inov.com\/fr\/produit\/osteo-regul-200-gelules\/","og_locale":"fr_FR","og_type":"article","og_title":"Produit naturel pour confort articulaire en lien avec la formule de Jean-Pierre Willem - Equilibre osseux, musculaire et articulations - Compl\u00e9ment alimentaire beaut\u00e9 de la peau et des phan\u00e8res (cheveux, ongles) - Ost\u00e9o-R\u00e9gul 200 g\u00e9lules v\u00e9g\u00e9tales de plantes | Phyt-inov.com","og_description":"Phyt-Inov international\u00ae, laboratoire suisse r\u00e9f\u00e9rent dans le confort articulaire, l\u2019\u00e9quilibre osseux et les compl\u00e9ments alimentaires bio\/sant\u00e9 naturelle, propose Ost\u00e9o-R\u00e9gul, en lien avec la formule de Jean-Pierre Willem, (200 g\u00e9lules v\u00e9g\u00e9tales de plantes) qui est un produit naturel \u00e0 base de nutriments essentielles qui b\u00e9n\u00e9ficie d\u2019une synergie \u00e0 base de plantes m\u00e9dicinales actives parfaite (poudre de perle\/collag\u00e8ne marin\/acide hyaluronique\/glucosamine\/silicium\/vitamine D3) - Ainsi, Ost\u00e9o-R\u00e9gul participe au maintien de la solidit\u00e9 des os avec des composants qui renforcent la structure et l\u2019\u00e9lasticit\u00e9 de la peau.","og_url":"https:\/\/www.phyt-inov.com\/fr\/produit\/osteo-regul-200-gelules\/","og_site_name":"Phyt-Inov","article_publisher":"https:\/\/www.facebook.com\/phytinov\/","article_modified_time":"2026-03-30T09:01:00+00:00","og_image":[{"url":"https:\/\/www.phyt-inov.com\/wp-content\/uploads\/2025\/09\/Osteo-regul.png","width":819,"height":1024,"type":"image\/png"}],"twitter_card":"summary_large_image","twitter_misc":{"Dur\u00e9e de lecture estim\u00e9e":"1 minute"},"schema":{"@context":"https:\/\/schema.org","@graph":[{"@type":"WebPage","@id":"https:\/\/www.phyt-inov.com\/fr\/produit\/osteo-regul-200-gelules\/","url":"https:\/\/www.phyt-inov.com\/fr\/produit\/osteo-regul-200-gelules\/","name":"Produit naturel pour confort articulaire en lien avec la formule de Jean-Pierre Willem - Equilibre osseux, musculaire et articulations - Compl\u00e9ment alimentaire beaut\u00e9 de la peau et des phan\u00e8res (cheveux, ongles) - Ost\u00e9o-R\u00e9gul 200 g\u00e9lules v\u00e9g\u00e9tales de plantes | Phyt-inov.com","isPartOf":{"@id":"https:\/\/www.phyt-inov.com\/fr\/#website"},"primaryImageOfPage":{"@id":"https:\/\/www.phyt-inov.com\/fr\/produit\/osteo-regul-200-gelules\/#primaryimage"},"image":{"@id":"https:\/\/www.phyt-inov.com\/fr\/produit\/osteo-regul-200-gelules\/#primaryimage"},"thumbnailUrl":"https:\/\/www.phyt-inov.com\/wp-content\/uploads\/2025\/09\/Osteo-regul.png","datePublished":"2019-04-04T21:31:35+00:00","dateModified":"2026-03-30T09:01:00+00:00","description":"Phyt-Inov international\u00ae, laboratoire suisse r\u00e9f\u00e9rent dans le confort articulaire, l\u2019\u00e9quilibre osseux et les compl\u00e9ments alimentaires bio\/sant\u00e9 naturelle, propose Ost\u00e9o-R\u00e9gul, en lien avec la formule de Jean-Pierre Willem, (200 g\u00e9lules v\u00e9g\u00e9tales de plantes) qui est un produit naturel \u00e0 base de nutriments essentielles qui b\u00e9n\u00e9ficie d\u2019une synergie \u00e0 base de plantes m\u00e9dicinales actives parfaite (poudre de perle\/collag\u00e8ne marin\/acide hyaluronique\/glucosamine\/silicium\/vitamine D3) - Ainsi, Ost\u00e9o-R\u00e9gul participe au maintien de la solidit\u00e9 des os avec des composants qui renforcent la structure et l\u2019\u00e9lasticit\u00e9 de la peau.","breadcrumb":{"@id":"https:\/\/www.phyt-inov.com\/fr\/produit\/osteo-regul-200-gelules\/#breadcrumb"},"inLanguage":"fr-FR","potentialAction":[{"@type":"ReadAction","target":["https:\/\/www.phyt-inov.com\/fr\/produit\/osteo-regul-200-gelules\/"]}]},{"@type":"ImageObject","inLanguage":"fr-FR","@id":"https:\/\/www.phyt-inov.com\/fr\/produit\/osteo-regul-200-gelules\/#primaryimage","url":"https:\/\/www.phyt-inov.com\/wp-content\/uploads\/2025\/09\/Osteo-regul.png","contentUrl":"https:\/\/www.phyt-inov.com\/wp-content\/uploads\/2025\/09\/Osteo-regul.png","width":6400,"height":8000,"caption":"phyt-inov produit osteo-regul"},{"@type":"BreadcrumbList","@id":"https:\/\/www.phyt-inov.com\/fr\/produit\/osteo-regul-200-gelules\/#breadcrumb","itemListElement":[{"@type":"ListItem","position":1,"name":"Accueil","item":"https:\/\/www.phyt-inov.com\/fr\/"},{"@type":"ListItem","position":2,"name":"Boutique","item":"https:\/\/www.phyt-inov.com\/fr\/boutique\/"},{"@type":"ListItem","position":3,"name":"Ost\u00e9o-r\u00e9gul 200 g\u00e9lules"}]},{"@type":"WebSite","@id":"https:\/\/www.phyt-inov.com\/fr\/#website","url":"https:\/\/www.phyt-inov.com\/fr\/","name":"Phyt-Inov International","description":"L&#039;efficacit\u00e9 naturelle pour vos soins quotidiens","publisher":{"@id":"https:\/\/www.phyt-inov.com\/fr\/#organization"},"alternateName":"phyt-inov","potentialAction":[{"@type":"SearchAction","target":{"@type":"EntryPoint","urlTemplate":"https:\/\/www.phyt-inov.com\/fr\/?s={search_term_string}"},"query-input":{"@type":"PropertyValueSpecification","valueRequired":true,"valueName":"search_term_string"}}],"inLanguage":"fr-FR"},{"@type":"Organization","@id":"https:\/\/www.phyt-inov.com\/fr\/#organization","name":"Phyt-Inov","alternateName":"Phyt-Inov","url":"https:\/\/www.phyt-inov.com\/fr\/","logo":{"@type":"ImageObject","inLanguage":"fr-FR","@id":"https:\/\/www.phyt-inov.com\/fr\/#\/schema\/logo\/image\/","url":"https:\/\/www.phyt-inov.com\/wp-content\/uploads\/2025\/09\/Logo-site-phyt-inov4_Plan-de-travail-1-2048x760-1.png","contentUrl":"https:\/\/www.phyt-inov.com\/wp-content\/uploads\/2025\/09\/Logo-site-phyt-inov4_Plan-de-travail-1-2048x760-1.png","width":2048,"height":760,"caption":"Phyt-Inov"},"image":{"@id":"https:\/\/www.phyt-inov.com\/fr\/#\/schema\/logo\/image\/"},"sameAs":["https:\/\/www.facebook.com\/phytinov\/","https:\/\/www.youtube.com\/channel\/UCE05sYsSXuuKbLqs4Au3e4Q","https:\/\/www.instagram.com\/phytinov\/"]}]}},"jetpack_sharing_enabled":true,"_links":{"self":[{"href":"https:\/\/www.phyt-inov.com\/fr\/wp-json\/wp\/v2\/product\/203","targetHints":{"allow":["GET"]}}],"collection":[{"href":"https:\/\/www.phyt-inov.com\/fr\/wp-json\/wp\/v2\/product"}],"about":[{"href":"https:\/\/www.phyt-inov.com\/fr\/wp-json\/wp\/v2\/types\/product"}],"replies":[{"embeddable":true,"href":"https:\/\/www.phyt-inov.com\/fr\/wp-json\/wp\/v2\/comments?post=203"}],"wp:featuredmedia":[{"embeddable":true,"href":"https:\/\/www.phyt-inov.com\/fr\/wp-json\/wp\/v2\/media\/246"}],"wp:attachment":[{"href":"https:\/\/www.phyt-inov.com\/fr\/wp-json\/wp\/v2\/media?parent=203"}],"wp:term":[{"taxonomy":"product_brand","embeddable":true,"href":"https:\/\/www.phyt-inov.com\/fr\/wp-json\/wp\/v2\/product_brand?post=203"},{"taxonomy":"product_cat","embeddable":true,"href":"https:\/\/www.phyt-inov.com\/fr\/wp-json\/wp\/v2\/product_cat?post=203"},{"taxonomy":"product_tag","embeddable":true,"href":"https:\/\/www.phyt-inov.com\/fr\/wp-json\/wp\/v2\/product_tag?post=203"}],"curies":[{"name":"wp","href":"https:\/\/api.w.org\/{rel}","templated":true}]}}