{"id":202,"date":"2019-04-04T21:31:12","date_gmt":"2019-04-04T21:31:12","guid":{"rendered":"https:\/\/www.phyt-inov.com\/?post_type=product&#038;p=202"},"modified":"2026-03-30T09:11:12","modified_gmt":"2026-03-30T09:11:12","slug":"afalg-190-gelules-3","status":"publish","type":"product","link":"https:\/\/www.phyt-inov.com\/fr\/produit\/afalg-190-gelules-3\/","title":{"rendered":"Afalg Aphanizomenon Flos-Aquae"},"content":{"rendered":"<p>Bo\u00eete de 90 ou 190 g\u00e9lules v\u00e9g\u00e9tales dos\u00e9es \u00e0 400 mg d&rsquo;algue Klamath Aphanizomenon Flos-Aquae.<\/p>\n<p>Poids net : 94 g.<\/p>\n<p><strong>Conseils d\u2019utilisation :<\/strong> Prendre 5 g\u00e9lules par jour avant les repas.<\/p>\n","protected":false},"excerpt":{"rendered":"<p>Une algue sauvage \u00e9merge parmi l\u2019ensemble des v\u00e9g\u00e9taux : l\u2019Aphanizomenon sort du lot. Elle contient plus de 115 micro nutriments : acides amin\u00e9s, nucl\u00e9oprot\u00e9ides, peptides, b\u00e9tacarot\u00e8ne, chlorophylle, polysaccharides, vitamines A, B, C, F, J, K, sels min\u00e9raux, oligo-\u00e9l\u00e9ments.<\/p>\n<p>La magie op\u00e8re, tous les nutriments indispensables \u00e0 la vie sont pr\u00e9sents.<\/p>\n<p><strong>GARANTIE 100% PURE, SANS SPIRULINE<\/strong><\/p>\n","protected":false},"featured_media":188,"comment_status":"open","ping_status":"closed","template":"","meta":{"_et_pb_use_builder":"","_et_pb_old_content":"","_et_gb_content_width":""},"product_brand":[100],"product_cat":[95,67,71,78,69,74,68,91],"product_tag":[],"class_list":{"0":"post-202","1":"product","2":"type-product","3":"status-publish","4":"has-post-thumbnail","6":"product_brand-phyt-inov","7":"product_cat-accompagnement-sportif","8":"product_cat-capital-vision","9":"product_cat-confort-digestif","10":"product_cat-equilibre-emotionnel-et-nerveux","11":"product_cat-renforcer-ses-defenses","12":"product_cat-soutien-hepato-biliaire-detoxification","13":"product_cat-tonus-et-vitalite","14":"product_cat-troubles-inflammatoires","16":"first","17":"instock","18":"shipping-taxable","19":"purchasable","20":"product-type-variable"},"yoast_head":"<!-- This site is optimized with the Yoast SEO plugin v27.3 - https:\/\/yoast.com\/product\/yoast-seo-wordpress\/ -->\n<title>Algue Klamath Afalg, compl\u00e9ment naturel riche en min\u00e9raux et oligo-\u00e9l\u00e9ments \u2013 Algue renfor\u00e7ant\/boostant organisme et syst\u00e8me immunitaire \u2013 190 g\u00e9lules dos\u00e9es \u00e0 400 mg | Phyt-inov.com<\/title>\n<meta name=\"description\" content=\"Phyt-Inov international\u00ae officiel, laboratoire suisse r\u00e9f\u00e9rent en Algue Klamath Afalg (190 g\u00e9lules dos\u00e9es \u00e0 400mg) algue aux nombreuses vertus par sa composition nutritionnelle d\u2019exception plus de 115 micro-nutriments. Tr\u00e8s riche en prot\u00e9ines, fer, vitamines et min\u00e9raux. Contribue \u00e0 renforcer le syst\u00e8me immunitaire et limiter les risques d\u2019attraper les petites maladies communes de l\u2019hiver.\" \/>\n<meta name=\"robots\" content=\"index, follow, max-snippet:-1, max-image-preview:large, max-video-preview:-1\" \/>\n<link rel=\"canonical\" href=\"https:\/\/www.phyt-inov.com\/fr\/produit\/afalg-190-gelules-3\/\" \/>\n<meta property=\"og:locale\" content=\"fr_FR\" \/>\n<meta property=\"og:type\" content=\"article\" \/>\n<meta property=\"og:title\" content=\"Algue Klamath Afalg, compl\u00e9ment naturel riche en min\u00e9raux et oligo-\u00e9l\u00e9ments \u2013 Algue renfor\u00e7ant\/boostant organisme et syst\u00e8me immunitaire \u2013 190 g\u00e9lules dos\u00e9es \u00e0 400 mg | Phyt-inov.com\" \/>\n<meta property=\"og:description\" content=\"Phyt-Inov international\u00ae officiel, laboratoire suisse r\u00e9f\u00e9rent en Algue Klamath Afalg (190 g\u00e9lules dos\u00e9es \u00e0 400mg) algue aux nombreuses vertus par sa composition nutritionnelle d\u2019exception plus de 115 micro-nutriments. Tr\u00e8s riche en prot\u00e9ines, fer, vitamines et min\u00e9raux. Contribue \u00e0 renforcer le syst\u00e8me immunitaire et limiter les risques d\u2019attraper les petites maladies communes de l\u2019hiver.\" \/>\n<meta property=\"og:url\" content=\"https:\/\/www.phyt-inov.com\/fr\/produit\/afalg-190-gelules-3\/\" \/>\n<meta property=\"og:site_name\" content=\"Phyt-Inov\" \/>\n<meta property=\"article:publisher\" content=\"https:\/\/www.facebook.com\/phytinov\/\" \/>\n<meta property=\"article:modified_time\" content=\"2026-03-30T09:11:12+00:00\" \/>\n<meta property=\"og:image\" content=\"https:\/\/www.phyt-inov.com\/wp-content\/uploads\/2025\/09\/Afalg-190-gel-1.png\" \/>\n\t<meta property=\"og:image:width\" content=\"819\" \/>\n\t<meta property=\"og:image:height\" content=\"1024\" \/>\n\t<meta property=\"og:image:type\" content=\"image\/png\" \/>\n<meta name=\"twitter:card\" content=\"summary_large_image\" \/>\n<meta name=\"twitter:label1\" content=\"Dur\u00e9e de lecture estim\u00e9e\" \/>\n\t<meta name=\"twitter:data1\" content=\"1 minute\" \/>\n<script type=\"application\/ld+json\" class=\"yoast-schema-graph\">{\"@context\":\"https:\\\/\\\/schema.org\",\"@graph\":[{\"@type\":\"WebPage\",\"@id\":\"https:\\\/\\\/www.phyt-inov.com\\\/fr\\\/produit\\\/afalg-190-gelules-3\\\/\",\"url\":\"https:\\\/\\\/www.phyt-inov.com\\\/fr\\\/produit\\\/afalg-190-gelules-3\\\/\",\"name\":\"Algue Klamath Afalg, compl\u00e9ment naturel riche en min\u00e9raux et oligo-\u00e9l\u00e9ments \u2013 Algue renfor\u00e7ant\\\/boostant organisme et syst\u00e8me immunitaire \u2013 190 g\u00e9lules dos\u00e9es \u00e0 400 mg | Phyt-inov.com\",\"isPartOf\":{\"@id\":\"https:\\\/\\\/www.phyt-inov.com\\\/fr\\\/#website\"},\"primaryImageOfPage\":{\"@id\":\"https:\\\/\\\/www.phyt-inov.com\\\/fr\\\/produit\\\/afalg-190-gelules-3\\\/#primaryimage\"},\"image\":{\"@id\":\"https:\\\/\\\/www.phyt-inov.com\\\/fr\\\/produit\\\/afalg-190-gelules-3\\\/#primaryimage\"},\"thumbnailUrl\":\"https:\\\/\\\/www.phyt-inov.com\\\/wp-content\\\/uploads\\\/2025\\\/09\\\/Afalg-190-gel-1.png\",\"datePublished\":\"2019-04-04T21:31:12+00:00\",\"dateModified\":\"2026-03-30T09:11:12+00:00\",\"description\":\"Phyt-Inov international\u00ae officiel, laboratoire suisse r\u00e9f\u00e9rent en Algue Klamath Afalg (190 g\u00e9lules dos\u00e9es \u00e0 400mg) algue aux nombreuses vertus par sa composition nutritionnelle d\u2019exception plus de 115 micro-nutriments. Tr\u00e8s riche en prot\u00e9ines, fer, vitamines et min\u00e9raux. Contribue \u00e0 renforcer le syst\u00e8me immunitaire et limiter les risques d\u2019attraper les petites maladies communes de l\u2019hiver.\",\"breadcrumb\":{\"@id\":\"https:\\\/\\\/www.phyt-inov.com\\\/fr\\\/produit\\\/afalg-190-gelules-3\\\/#breadcrumb\"},\"inLanguage\":\"fr-FR\",\"potentialAction\":[{\"@type\":\"ReadAction\",\"target\":[\"https:\\\/\\\/www.phyt-inov.com\\\/fr\\\/produit\\\/afalg-190-gelules-3\\\/\"]}]},{\"@type\":\"ImageObject\",\"inLanguage\":\"fr-FR\",\"@id\":\"https:\\\/\\\/www.phyt-inov.com\\\/fr\\\/produit\\\/afalg-190-gelules-3\\\/#primaryimage\",\"url\":\"https:\\\/\\\/www.phyt-inov.com\\\/wp-content\\\/uploads\\\/2025\\\/09\\\/Afalg-190-gel-1.png\",\"contentUrl\":\"https:\\\/\\\/www.phyt-inov.com\\\/wp-content\\\/uploads\\\/2025\\\/09\\\/Afalg-190-gel-1.png\",\"width\":6400,\"height\":8000,\"caption\":\"phyt-inov produit alfalg\"},{\"@type\":\"BreadcrumbList\",\"@id\":\"https:\\\/\\\/www.phyt-inov.com\\\/fr\\\/produit\\\/afalg-190-gelules-3\\\/#breadcrumb\",\"itemListElement\":[{\"@type\":\"ListItem\",\"position\":1,\"name\":\"Accueil\",\"item\":\"https:\\\/\\\/www.phyt-inov.com\\\/fr\\\/\"},{\"@type\":\"ListItem\",\"position\":2,\"name\":\"Boutique\",\"item\":\"https:\\\/\\\/www.phyt-inov.com\\\/fr\\\/boutique\\\/\"},{\"@type\":\"ListItem\",\"position\":3,\"name\":\"Afalg Aphanizomenon Flos-Aquae\"}]},{\"@type\":\"WebSite\",\"@id\":\"https:\\\/\\\/www.phyt-inov.com\\\/fr\\\/#website\",\"url\":\"https:\\\/\\\/www.phyt-inov.com\\\/fr\\\/\",\"name\":\"Phyt-Inov International\",\"description\":\"L&#039;efficacit\u00e9 naturelle pour vos soins quotidiens\",\"publisher\":{\"@id\":\"https:\\\/\\\/www.phyt-inov.com\\\/fr\\\/#organization\"},\"alternateName\":\"phyt-inov\",\"potentialAction\":[{\"@type\":\"SearchAction\",\"target\":{\"@type\":\"EntryPoint\",\"urlTemplate\":\"https:\\\/\\\/www.phyt-inov.com\\\/fr\\\/?s={search_term_string}\"},\"query-input\":{\"@type\":\"PropertyValueSpecification\",\"valueRequired\":true,\"valueName\":\"search_term_string\"}}],\"inLanguage\":\"fr-FR\"},{\"@type\":\"Organization\",\"@id\":\"https:\\\/\\\/www.phyt-inov.com\\\/fr\\\/#organization\",\"name\":\"Phyt-Inov\",\"alternateName\":\"Phyt-Inov\",\"url\":\"https:\\\/\\\/www.phyt-inov.com\\\/fr\\\/\",\"logo\":{\"@type\":\"ImageObject\",\"inLanguage\":\"fr-FR\",\"@id\":\"https:\\\/\\\/www.phyt-inov.com\\\/fr\\\/#\\\/schema\\\/logo\\\/image\\\/\",\"url\":\"https:\\\/\\\/www.phyt-inov.com\\\/wp-content\\\/uploads\\\/2025\\\/09\\\/Logo-site-phyt-inov4_Plan-de-travail-1-2048x760-1.png\",\"contentUrl\":\"https:\\\/\\\/www.phyt-inov.com\\\/wp-content\\\/uploads\\\/2025\\\/09\\\/Logo-site-phyt-inov4_Plan-de-travail-1-2048x760-1.png\",\"width\":2048,\"height\":760,\"caption\":\"Phyt-Inov\"},\"image\":{\"@id\":\"https:\\\/\\\/www.phyt-inov.com\\\/fr\\\/#\\\/schema\\\/logo\\\/image\\\/\"},\"sameAs\":[\"https:\\\/\\\/www.facebook.com\\\/phytinov\\\/\",\"https:\\\/\\\/www.youtube.com\\\/channel\\\/UCE05sYsSXuuKbLqs4Au3e4Q\",\"https:\\\/\\\/www.instagram.com\\\/phytinov\\\/\"]}]}<\/script>\n<!-- \/ Yoast SEO plugin. -->","yoast_head_json":{"title":"Algue Klamath Afalg, compl\u00e9ment naturel riche en min\u00e9raux et oligo-\u00e9l\u00e9ments \u2013 Algue renfor\u00e7ant\/boostant organisme et syst\u00e8me immunitaire \u2013 190 g\u00e9lules dos\u00e9es \u00e0 400 mg | Phyt-inov.com","description":"Phyt-Inov international\u00ae officiel, laboratoire suisse r\u00e9f\u00e9rent en Algue Klamath Afalg (190 g\u00e9lules dos\u00e9es \u00e0 400mg) algue aux nombreuses vertus par sa composition nutritionnelle d\u2019exception plus de 115 micro-nutriments. Tr\u00e8s riche en prot\u00e9ines, fer, vitamines et min\u00e9raux. Contribue \u00e0 renforcer le syst\u00e8me immunitaire et limiter les risques d\u2019attraper les petites maladies communes de l\u2019hiver.","robots":{"index":"index","follow":"follow","max-snippet":"max-snippet:-1","max-image-preview":"max-image-preview:large","max-video-preview":"max-video-preview:-1"},"canonical":"https:\/\/www.phyt-inov.com\/fr\/produit\/afalg-190-gelules-3\/","og_locale":"fr_FR","og_type":"article","og_title":"Algue Klamath Afalg, compl\u00e9ment naturel riche en min\u00e9raux et oligo-\u00e9l\u00e9ments \u2013 Algue renfor\u00e7ant\/boostant organisme et syst\u00e8me immunitaire \u2013 190 g\u00e9lules dos\u00e9es \u00e0 400 mg | Phyt-inov.com","og_description":"Phyt-Inov international\u00ae officiel, laboratoire suisse r\u00e9f\u00e9rent en Algue Klamath Afalg (190 g\u00e9lules dos\u00e9es \u00e0 400mg) algue aux nombreuses vertus par sa composition nutritionnelle d\u2019exception plus de 115 micro-nutriments. Tr\u00e8s riche en prot\u00e9ines, fer, vitamines et min\u00e9raux. Contribue \u00e0 renforcer le syst\u00e8me immunitaire et limiter les risques d\u2019attraper les petites maladies communes de l\u2019hiver.","og_url":"https:\/\/www.phyt-inov.com\/fr\/produit\/afalg-190-gelules-3\/","og_site_name":"Phyt-Inov","article_publisher":"https:\/\/www.facebook.com\/phytinov\/","article_modified_time":"2026-03-30T09:11:12+00:00","og_image":[{"url":"https:\/\/www.phyt-inov.com\/wp-content\/uploads\/2025\/09\/Afalg-190-gel-1.png","width":819,"height":1024,"type":"image\/png"}],"twitter_card":"summary_large_image","twitter_misc":{"Dur\u00e9e de lecture estim\u00e9e":"1 minute"},"schema":{"@context":"https:\/\/schema.org","@graph":[{"@type":"WebPage","@id":"https:\/\/www.phyt-inov.com\/fr\/produit\/afalg-190-gelules-3\/","url":"https:\/\/www.phyt-inov.com\/fr\/produit\/afalg-190-gelules-3\/","name":"Algue Klamath Afalg, compl\u00e9ment naturel riche en min\u00e9raux et oligo-\u00e9l\u00e9ments \u2013 Algue renfor\u00e7ant\/boostant organisme et syst\u00e8me immunitaire \u2013 190 g\u00e9lules dos\u00e9es \u00e0 400 mg | Phyt-inov.com","isPartOf":{"@id":"https:\/\/www.phyt-inov.com\/fr\/#website"},"primaryImageOfPage":{"@id":"https:\/\/www.phyt-inov.com\/fr\/produit\/afalg-190-gelules-3\/#primaryimage"},"image":{"@id":"https:\/\/www.phyt-inov.com\/fr\/produit\/afalg-190-gelules-3\/#primaryimage"},"thumbnailUrl":"https:\/\/www.phyt-inov.com\/wp-content\/uploads\/2025\/09\/Afalg-190-gel-1.png","datePublished":"2019-04-04T21:31:12+00:00","dateModified":"2026-03-30T09:11:12+00:00","description":"Phyt-Inov international\u00ae officiel, laboratoire suisse r\u00e9f\u00e9rent en Algue Klamath Afalg (190 g\u00e9lules dos\u00e9es \u00e0 400mg) algue aux nombreuses vertus par sa composition nutritionnelle d\u2019exception plus de 115 micro-nutriments. Tr\u00e8s riche en prot\u00e9ines, fer, vitamines et min\u00e9raux. Contribue \u00e0 renforcer le syst\u00e8me immunitaire et limiter les risques d\u2019attraper les petites maladies communes de l\u2019hiver.","breadcrumb":{"@id":"https:\/\/www.phyt-inov.com\/fr\/produit\/afalg-190-gelules-3\/#breadcrumb"},"inLanguage":"fr-FR","potentialAction":[{"@type":"ReadAction","target":["https:\/\/www.phyt-inov.com\/fr\/produit\/afalg-190-gelules-3\/"]}]},{"@type":"ImageObject","inLanguage":"fr-FR","@id":"https:\/\/www.phyt-inov.com\/fr\/produit\/afalg-190-gelules-3\/#primaryimage","url":"https:\/\/www.phyt-inov.com\/wp-content\/uploads\/2025\/09\/Afalg-190-gel-1.png","contentUrl":"https:\/\/www.phyt-inov.com\/wp-content\/uploads\/2025\/09\/Afalg-190-gel-1.png","width":6400,"height":8000,"caption":"phyt-inov produit alfalg"},{"@type":"BreadcrumbList","@id":"https:\/\/www.phyt-inov.com\/fr\/produit\/afalg-190-gelules-3\/#breadcrumb","itemListElement":[{"@type":"ListItem","position":1,"name":"Accueil","item":"https:\/\/www.phyt-inov.com\/fr\/"},{"@type":"ListItem","position":2,"name":"Boutique","item":"https:\/\/www.phyt-inov.com\/fr\/boutique\/"},{"@type":"ListItem","position":3,"name":"Afalg Aphanizomenon Flos-Aquae"}]},{"@type":"WebSite","@id":"https:\/\/www.phyt-inov.com\/fr\/#website","url":"https:\/\/www.phyt-inov.com\/fr\/","name":"Phyt-Inov International","description":"L&#039;efficacit\u00e9 naturelle pour vos soins quotidiens","publisher":{"@id":"https:\/\/www.phyt-inov.com\/fr\/#organization"},"alternateName":"phyt-inov","potentialAction":[{"@type":"SearchAction","target":{"@type":"EntryPoint","urlTemplate":"https:\/\/www.phyt-inov.com\/fr\/?s={search_term_string}"},"query-input":{"@type":"PropertyValueSpecification","valueRequired":true,"valueName":"search_term_string"}}],"inLanguage":"fr-FR"},{"@type":"Organization","@id":"https:\/\/www.phyt-inov.com\/fr\/#organization","name":"Phyt-Inov","alternateName":"Phyt-Inov","url":"https:\/\/www.phyt-inov.com\/fr\/","logo":{"@type":"ImageObject","inLanguage":"fr-FR","@id":"https:\/\/www.phyt-inov.com\/fr\/#\/schema\/logo\/image\/","url":"https:\/\/www.phyt-inov.com\/wp-content\/uploads\/2025\/09\/Logo-site-phyt-inov4_Plan-de-travail-1-2048x760-1.png","contentUrl":"https:\/\/www.phyt-inov.com\/wp-content\/uploads\/2025\/09\/Logo-site-phyt-inov4_Plan-de-travail-1-2048x760-1.png","width":2048,"height":760,"caption":"Phyt-Inov"},"image":{"@id":"https:\/\/www.phyt-inov.com\/fr\/#\/schema\/logo\/image\/"},"sameAs":["https:\/\/www.facebook.com\/phytinov\/","https:\/\/www.youtube.com\/channel\/UCE05sYsSXuuKbLqs4Au3e4Q","https:\/\/www.instagram.com\/phytinov\/"]}]}},"jetpack_sharing_enabled":true,"_links":{"self":[{"href":"https:\/\/www.phyt-inov.com\/fr\/wp-json\/wp\/v2\/product\/202","targetHints":{"allow":["GET"]}}],"collection":[{"href":"https:\/\/www.phyt-inov.com\/fr\/wp-json\/wp\/v2\/product"}],"about":[{"href":"https:\/\/www.phyt-inov.com\/fr\/wp-json\/wp\/v2\/types\/product"}],"replies":[{"embeddable":true,"href":"https:\/\/www.phyt-inov.com\/fr\/wp-json\/wp\/v2\/comments?post=202"}],"wp:featuredmedia":[{"embeddable":true,"href":"https:\/\/www.phyt-inov.com\/fr\/wp-json\/wp\/v2\/media\/188"}],"wp:attachment":[{"href":"https:\/\/www.phyt-inov.com\/fr\/wp-json\/wp\/v2\/media?parent=202"}],"wp:term":[{"taxonomy":"product_brand","embeddable":true,"href":"https:\/\/www.phyt-inov.com\/fr\/wp-json\/wp\/v2\/product_brand?post=202"},{"taxonomy":"product_cat","embeddable":true,"href":"https:\/\/www.phyt-inov.com\/fr\/wp-json\/wp\/v2\/product_cat?post=202"},{"taxonomy":"product_tag","embeddable":true,"href":"https:\/\/www.phyt-inov.com\/fr\/wp-json\/wp\/v2\/product_tag?post=202"}],"curies":[{"name":"wp","href":"https:\/\/api.w.org\/{rel}","templated":true}]}}