{"id":201,"date":"2019-04-04T21:31:05","date_gmt":"2019-04-04T21:31:05","guid":{"rendered":"https:\/\/www.phyt-inov.com\/?post_type=product&#038;p=201"},"modified":"2026-03-30T09:11:33","modified_gmt":"2026-03-30T09:11:33","slug":"epa-krill-100-licaps-3","status":"publish","type":"product","link":"https:\/\/www.phyt-inov.com\/fr\/produit\/epa-krill-100-licaps-3\/","title":{"rendered":"Epa Krill licaps"},"content":{"rendered":"<p><b>Notre huile de krill est conditionn\u00e9e en licaps pour supprimer les odeurs qui sont in\u00e9vitables avec les capsules molles.<\/b><\/p>\n<p>Bo\u00eete de 50 ou 100 g\u00e9lules licaps\u00ae marines dos\u00e9es \u00e0 590 mg d\u2019huile de krill pure sans huiles de poissons et sans excipient.<\/p>\n<p>Conseils d&rsquo;utilisation : 1 g\u00e9lule Licaps\u00ae matin et soir aux repas.<\/p>\n<p>Poids net : 70 g.<\/p>\n","protected":false},"excerpt":{"rendered":"<p>Le krill est le nom g\u00e9n\u00e9rique (d&rsquo;origine norv\u00e9gienne) des petites crevettes des eaux froides.<br \/>\nC&rsquo;est le crustac\u00e9 le plus abondant de la plan\u00e8te.<br \/>\nLe krill et d&rsquo;autres types de crevettes sont \u00e0 l&rsquo;origine de la coloration des flamands roses, et rose-orange de la chair du saumon sauvage.<br \/>\nIl renferme en effet de l&rsquo;astaxanthine, des carot\u00e9no\u00efdes rouges, de la vitamine A.<br \/>\nMais il est surtout compos\u00e9 d&rsquo;om\u00e9ga-3, de phospholipides.<br \/>\nL\u2019huile de krill rec\u00e8le des acides gras EPA et DHA dont le taux est exceptionnel ; celui-ci constitue l\u2019essentiel des membranes cellulaires.<\/p>\n","protected":false},"featured_media":186,"comment_status":"open","ping_status":"closed","template":"","meta":{"_et_pb_use_builder":"","_et_pb_old_content":"","_et_gb_content_width":""},"product_brand":[100],"product_cat":[99,70,67,78,73,72,94,93,91],"product_tag":[],"class_list":{"0":"post-201","1":"product","2":"type-product","3":"status-publish","4":"has-post-thumbnail","6":"product_brand-phyt-inov","7":"product_cat-animaux","8":"product_cat-bien-etre-osteo-articulaire","9":"product_cat-capital-vision","10":"product_cat-equilibre-emotionnel-et-nerveux","11":"product_cat-equilibre-hormonal","12":"product_cat-harmonie-cardio-vasculaire","13":"product_cat-hygiene-beaute-peau","14":"product_cat-troubles-metabolisme","15":"product_cat-troubles-inflammatoires","17":"first","18":"instock","19":"shipping-taxable","20":"purchasable","21":"product-type-variable"},"yoast_head":"<!-- This site is optimized with the Yoast SEO plugin v27.3 - https:\/\/yoast.com\/product\/yoast-seo-wordpress\/ -->\n<title>Produit naturel riche en acide gras om\u00e9ga 3 par Phyt-Inov\u00ae officiel (\u00e9labor\u00e9 avec JP Willem) \u2013 Compl\u00e9ment alimentaire d\u2019huile de Krill \u2013 Confort transit intestinal \u2013 Am\u00e9liore la r\u00e9cup\u00e9ration apr\u00e8s l\u2019effort \u2013 Epa Krill 100 g\u00e9lules v\u00e9g\u00e9tales de plantes | Phyt-inov.com<\/title>\n<meta name=\"description\" content=\"Phyt-Inov international\u00ae, laboratoire suisse r\u00e9f\u00e9rent en produit naturel\/compl\u00e9ments alimentaires bio\/naturels, \u00e9labor\u00e9 avec JP Willem, propose Epa Krill (100 g\u00e9lules v\u00e9g\u00e9tales de plantes) qui est un produit \u00e0 base de Krill, qui a pour int\u00e9r\u00eat sa richesse en phospholipides, om\u00e9ga 3, et astaxanthine \u2013 L\u2019huile de Krill contribue au fonctionnement normal du c\u0153ur, au maintien d\u2019une bonne vision, au fonctionnement normal du cerveau et aux facult\u00e9s de concentration.\" \/>\n<meta name=\"robots\" content=\"index, follow, max-snippet:-1, max-image-preview:large, max-video-preview:-1\" \/>\n<link rel=\"canonical\" href=\"https:\/\/www.phyt-inov.com\/fr\/produit\/epa-krill-100-licaps-3\/\" \/>\n<meta property=\"og:locale\" content=\"fr_FR\" \/>\n<meta property=\"og:type\" content=\"article\" \/>\n<meta property=\"og:title\" content=\"Produit naturel riche en acide gras om\u00e9ga 3 par Phyt-Inov\u00ae officiel (\u00e9labor\u00e9 avec JP Willem) \u2013 Compl\u00e9ment alimentaire d\u2019huile de Krill \u2013 Confort transit intestinal \u2013 Am\u00e9liore la r\u00e9cup\u00e9ration apr\u00e8s l\u2019effort \u2013 Epa Krill 100 g\u00e9lules v\u00e9g\u00e9tales de plantes | Phyt-inov.com\" \/>\n<meta property=\"og:description\" content=\"Phyt-Inov international\u00ae, laboratoire suisse r\u00e9f\u00e9rent en produit naturel\/compl\u00e9ments alimentaires bio\/naturels, \u00e9labor\u00e9 avec JP Willem, propose Epa Krill (100 g\u00e9lules v\u00e9g\u00e9tales de plantes) qui est un produit \u00e0 base de Krill, qui a pour int\u00e9r\u00eat sa richesse en phospholipides, om\u00e9ga 3, et astaxanthine \u2013 L\u2019huile de Krill contribue au fonctionnement normal du c\u0153ur, au maintien d\u2019une bonne vision, au fonctionnement normal du cerveau et aux facult\u00e9s de concentration.\" \/>\n<meta property=\"og:url\" content=\"https:\/\/www.phyt-inov.com\/fr\/produit\/epa-krill-100-licaps-3\/\" \/>\n<meta property=\"og:site_name\" content=\"Phyt-Inov\" \/>\n<meta property=\"article:publisher\" content=\"https:\/\/www.facebook.com\/phytinov\/\" \/>\n<meta property=\"article:modified_time\" content=\"2026-03-30T09:11:33+00:00\" \/>\n<meta property=\"og:image\" content=\"https:\/\/www.phyt-inov.com\/wp-content\/uploads\/2025\/09\/Epa-Krill-100-gel-1.png\" \/>\n\t<meta property=\"og:image:width\" content=\"819\" \/>\n\t<meta property=\"og:image:height\" content=\"1024\" \/>\n\t<meta property=\"og:image:type\" content=\"image\/png\" \/>\n<meta name=\"twitter:card\" content=\"summary_large_image\" \/>\n<meta name=\"twitter:label1\" content=\"Dur\u00e9e de lecture estim\u00e9e\" \/>\n\t<meta name=\"twitter:data1\" content=\"1 minute\" \/>\n<script type=\"application\/ld+json\" class=\"yoast-schema-graph\">{\"@context\":\"https:\\\/\\\/schema.org\",\"@graph\":[{\"@type\":\"WebPage\",\"@id\":\"https:\\\/\\\/www.phyt-inov.com\\\/fr\\\/produit\\\/epa-krill-100-licaps-3\\\/\",\"url\":\"https:\\\/\\\/www.phyt-inov.com\\\/fr\\\/produit\\\/epa-krill-100-licaps-3\\\/\",\"name\":\"Produit naturel riche en acide gras om\u00e9ga 3 par Phyt-Inov\u00ae officiel (\u00e9labor\u00e9 avec JP Willem) \u2013 Compl\u00e9ment alimentaire d\u2019huile de Krill \u2013 Confort transit intestinal \u2013 Am\u00e9liore la r\u00e9cup\u00e9ration apr\u00e8s l\u2019effort \u2013 Epa Krill 100 g\u00e9lules v\u00e9g\u00e9tales de plantes | Phyt-inov.com\",\"isPartOf\":{\"@id\":\"https:\\\/\\\/www.phyt-inov.com\\\/fr\\\/#website\"},\"primaryImageOfPage\":{\"@id\":\"https:\\\/\\\/www.phyt-inov.com\\\/fr\\\/produit\\\/epa-krill-100-licaps-3\\\/#primaryimage\"},\"image\":{\"@id\":\"https:\\\/\\\/www.phyt-inov.com\\\/fr\\\/produit\\\/epa-krill-100-licaps-3\\\/#primaryimage\"},\"thumbnailUrl\":\"https:\\\/\\\/www.phyt-inov.com\\\/wp-content\\\/uploads\\\/2025\\\/09\\\/Epa-Krill-100-gel-1.png\",\"datePublished\":\"2019-04-04T21:31:05+00:00\",\"dateModified\":\"2026-03-30T09:11:33+00:00\",\"description\":\"Phyt-Inov international\u00ae, laboratoire suisse r\u00e9f\u00e9rent en produit naturel\\\/compl\u00e9ments alimentaires bio\\\/naturels, \u00e9labor\u00e9 avec JP Willem, propose Epa Krill (100 g\u00e9lules v\u00e9g\u00e9tales de plantes) qui est un produit \u00e0 base de Krill, qui a pour int\u00e9r\u00eat sa richesse en phospholipides, om\u00e9ga 3, et astaxanthine \u2013 L\u2019huile de Krill contribue au fonctionnement normal du c\u0153ur, au maintien d\u2019une bonne vision, au fonctionnement normal du cerveau et aux facult\u00e9s de concentration.\",\"breadcrumb\":{\"@id\":\"https:\\\/\\\/www.phyt-inov.com\\\/fr\\\/produit\\\/epa-krill-100-licaps-3\\\/#breadcrumb\"},\"inLanguage\":\"fr-FR\",\"potentialAction\":[{\"@type\":\"ReadAction\",\"target\":[\"https:\\\/\\\/www.phyt-inov.com\\\/fr\\\/produit\\\/epa-krill-100-licaps-3\\\/\"]}]},{\"@type\":\"ImageObject\",\"inLanguage\":\"fr-FR\",\"@id\":\"https:\\\/\\\/www.phyt-inov.com\\\/fr\\\/produit\\\/epa-krill-100-licaps-3\\\/#primaryimage\",\"url\":\"https:\\\/\\\/www.phyt-inov.com\\\/wp-content\\\/uploads\\\/2025\\\/09\\\/Epa-Krill-100-gel-1.png\",\"contentUrl\":\"https:\\\/\\\/www.phyt-inov.com\\\/wp-content\\\/uploads\\\/2025\\\/09\\\/Epa-Krill-100-gel-1.png\",\"width\":6400,\"height\":8000,\"caption\":\"phyt-inov produit epa krill\"},{\"@type\":\"BreadcrumbList\",\"@id\":\"https:\\\/\\\/www.phyt-inov.com\\\/fr\\\/produit\\\/epa-krill-100-licaps-3\\\/#breadcrumb\",\"itemListElement\":[{\"@type\":\"ListItem\",\"position\":1,\"name\":\"Accueil\",\"item\":\"https:\\\/\\\/www.phyt-inov.com\\\/fr\\\/\"},{\"@type\":\"ListItem\",\"position\":2,\"name\":\"Boutique\",\"item\":\"https:\\\/\\\/www.phyt-inov.com\\\/fr\\\/boutique\\\/\"},{\"@type\":\"ListItem\",\"position\":3,\"name\":\"Epa Krill licaps\"}]},{\"@type\":\"WebSite\",\"@id\":\"https:\\\/\\\/www.phyt-inov.com\\\/fr\\\/#website\",\"url\":\"https:\\\/\\\/www.phyt-inov.com\\\/fr\\\/\",\"name\":\"Phyt-Inov International\",\"description\":\"L&#039;efficacit\u00e9 naturelle pour vos soins quotidiens\",\"publisher\":{\"@id\":\"https:\\\/\\\/www.phyt-inov.com\\\/fr\\\/#organization\"},\"alternateName\":\"phyt-inov\",\"potentialAction\":[{\"@type\":\"SearchAction\",\"target\":{\"@type\":\"EntryPoint\",\"urlTemplate\":\"https:\\\/\\\/www.phyt-inov.com\\\/fr\\\/?s={search_term_string}\"},\"query-input\":{\"@type\":\"PropertyValueSpecification\",\"valueRequired\":true,\"valueName\":\"search_term_string\"}}],\"inLanguage\":\"fr-FR\"},{\"@type\":\"Organization\",\"@id\":\"https:\\\/\\\/www.phyt-inov.com\\\/fr\\\/#organization\",\"name\":\"Phyt-Inov\",\"alternateName\":\"Phyt-Inov\",\"url\":\"https:\\\/\\\/www.phyt-inov.com\\\/fr\\\/\",\"logo\":{\"@type\":\"ImageObject\",\"inLanguage\":\"fr-FR\",\"@id\":\"https:\\\/\\\/www.phyt-inov.com\\\/fr\\\/#\\\/schema\\\/logo\\\/image\\\/\",\"url\":\"https:\\\/\\\/www.phyt-inov.com\\\/wp-content\\\/uploads\\\/2025\\\/09\\\/Logo-site-phyt-inov4_Plan-de-travail-1-2048x760-1.png\",\"contentUrl\":\"https:\\\/\\\/www.phyt-inov.com\\\/wp-content\\\/uploads\\\/2025\\\/09\\\/Logo-site-phyt-inov4_Plan-de-travail-1-2048x760-1.png\",\"width\":2048,\"height\":760,\"caption\":\"Phyt-Inov\"},\"image\":{\"@id\":\"https:\\\/\\\/www.phyt-inov.com\\\/fr\\\/#\\\/schema\\\/logo\\\/image\\\/\"},\"sameAs\":[\"https:\\\/\\\/www.facebook.com\\\/phytinov\\\/\",\"https:\\\/\\\/www.youtube.com\\\/channel\\\/UCE05sYsSXuuKbLqs4Au3e4Q\",\"https:\\\/\\\/www.instagram.com\\\/phytinov\\\/\"]}]}<\/script>\n<!-- \/ Yoast SEO plugin. -->","yoast_head_json":{"title":"Produit naturel riche en acide gras om\u00e9ga 3 par Phyt-Inov\u00ae officiel (\u00e9labor\u00e9 avec JP Willem) \u2013 Compl\u00e9ment alimentaire d\u2019huile de Krill \u2013 Confort transit intestinal \u2013 Am\u00e9liore la r\u00e9cup\u00e9ration apr\u00e8s l\u2019effort \u2013 Epa Krill 100 g\u00e9lules v\u00e9g\u00e9tales de plantes | Phyt-inov.com","description":"Phyt-Inov international\u00ae, laboratoire suisse r\u00e9f\u00e9rent en produit naturel\/compl\u00e9ments alimentaires bio\/naturels, \u00e9labor\u00e9 avec JP Willem, propose Epa Krill (100 g\u00e9lules v\u00e9g\u00e9tales de plantes) qui est un produit \u00e0 base de Krill, qui a pour int\u00e9r\u00eat sa richesse en phospholipides, om\u00e9ga 3, et astaxanthine \u2013 L\u2019huile de Krill contribue au fonctionnement normal du c\u0153ur, au maintien d\u2019une bonne vision, au fonctionnement normal du cerveau et aux facult\u00e9s de concentration.","robots":{"index":"index","follow":"follow","max-snippet":"max-snippet:-1","max-image-preview":"max-image-preview:large","max-video-preview":"max-video-preview:-1"},"canonical":"https:\/\/www.phyt-inov.com\/fr\/produit\/epa-krill-100-licaps-3\/","og_locale":"fr_FR","og_type":"article","og_title":"Produit naturel riche en acide gras om\u00e9ga 3 par Phyt-Inov\u00ae officiel (\u00e9labor\u00e9 avec JP Willem) \u2013 Compl\u00e9ment alimentaire d\u2019huile de Krill \u2013 Confort transit intestinal \u2013 Am\u00e9liore la r\u00e9cup\u00e9ration apr\u00e8s l\u2019effort \u2013 Epa Krill 100 g\u00e9lules v\u00e9g\u00e9tales de plantes | Phyt-inov.com","og_description":"Phyt-Inov international\u00ae, laboratoire suisse r\u00e9f\u00e9rent en produit naturel\/compl\u00e9ments alimentaires bio\/naturels, \u00e9labor\u00e9 avec JP Willem, propose Epa Krill (100 g\u00e9lules v\u00e9g\u00e9tales de plantes) qui est un produit \u00e0 base de Krill, qui a pour int\u00e9r\u00eat sa richesse en phospholipides, om\u00e9ga 3, et astaxanthine \u2013 L\u2019huile de Krill contribue au fonctionnement normal du c\u0153ur, au maintien d\u2019une bonne vision, au fonctionnement normal du cerveau et aux facult\u00e9s de concentration.","og_url":"https:\/\/www.phyt-inov.com\/fr\/produit\/epa-krill-100-licaps-3\/","og_site_name":"Phyt-Inov","article_publisher":"https:\/\/www.facebook.com\/phytinov\/","article_modified_time":"2026-03-30T09:11:33+00:00","og_image":[{"url":"https:\/\/www.phyt-inov.com\/wp-content\/uploads\/2025\/09\/Epa-Krill-100-gel-1.png","width":819,"height":1024,"type":"image\/png"}],"twitter_card":"summary_large_image","twitter_misc":{"Dur\u00e9e de lecture estim\u00e9e":"1 minute"},"schema":{"@context":"https:\/\/schema.org","@graph":[{"@type":"WebPage","@id":"https:\/\/www.phyt-inov.com\/fr\/produit\/epa-krill-100-licaps-3\/","url":"https:\/\/www.phyt-inov.com\/fr\/produit\/epa-krill-100-licaps-3\/","name":"Produit naturel riche en acide gras om\u00e9ga 3 par Phyt-Inov\u00ae officiel (\u00e9labor\u00e9 avec JP Willem) \u2013 Compl\u00e9ment alimentaire d\u2019huile de Krill \u2013 Confort transit intestinal \u2013 Am\u00e9liore la r\u00e9cup\u00e9ration apr\u00e8s l\u2019effort \u2013 Epa Krill 100 g\u00e9lules v\u00e9g\u00e9tales de plantes | Phyt-inov.com","isPartOf":{"@id":"https:\/\/www.phyt-inov.com\/fr\/#website"},"primaryImageOfPage":{"@id":"https:\/\/www.phyt-inov.com\/fr\/produit\/epa-krill-100-licaps-3\/#primaryimage"},"image":{"@id":"https:\/\/www.phyt-inov.com\/fr\/produit\/epa-krill-100-licaps-3\/#primaryimage"},"thumbnailUrl":"https:\/\/www.phyt-inov.com\/wp-content\/uploads\/2025\/09\/Epa-Krill-100-gel-1.png","datePublished":"2019-04-04T21:31:05+00:00","dateModified":"2026-03-30T09:11:33+00:00","description":"Phyt-Inov international\u00ae, laboratoire suisse r\u00e9f\u00e9rent en produit naturel\/compl\u00e9ments alimentaires bio\/naturels, \u00e9labor\u00e9 avec JP Willem, propose Epa Krill (100 g\u00e9lules v\u00e9g\u00e9tales de plantes) qui est un produit \u00e0 base de Krill, qui a pour int\u00e9r\u00eat sa richesse en phospholipides, om\u00e9ga 3, et astaxanthine \u2013 L\u2019huile de Krill contribue au fonctionnement normal du c\u0153ur, au maintien d\u2019une bonne vision, au fonctionnement normal du cerveau et aux facult\u00e9s de concentration.","breadcrumb":{"@id":"https:\/\/www.phyt-inov.com\/fr\/produit\/epa-krill-100-licaps-3\/#breadcrumb"},"inLanguage":"fr-FR","potentialAction":[{"@type":"ReadAction","target":["https:\/\/www.phyt-inov.com\/fr\/produit\/epa-krill-100-licaps-3\/"]}]},{"@type":"ImageObject","inLanguage":"fr-FR","@id":"https:\/\/www.phyt-inov.com\/fr\/produit\/epa-krill-100-licaps-3\/#primaryimage","url":"https:\/\/www.phyt-inov.com\/wp-content\/uploads\/2025\/09\/Epa-Krill-100-gel-1.png","contentUrl":"https:\/\/www.phyt-inov.com\/wp-content\/uploads\/2025\/09\/Epa-Krill-100-gel-1.png","width":6400,"height":8000,"caption":"phyt-inov produit epa krill"},{"@type":"BreadcrumbList","@id":"https:\/\/www.phyt-inov.com\/fr\/produit\/epa-krill-100-licaps-3\/#breadcrumb","itemListElement":[{"@type":"ListItem","position":1,"name":"Accueil","item":"https:\/\/www.phyt-inov.com\/fr\/"},{"@type":"ListItem","position":2,"name":"Boutique","item":"https:\/\/www.phyt-inov.com\/fr\/boutique\/"},{"@type":"ListItem","position":3,"name":"Epa Krill licaps"}]},{"@type":"WebSite","@id":"https:\/\/www.phyt-inov.com\/fr\/#website","url":"https:\/\/www.phyt-inov.com\/fr\/","name":"Phyt-Inov International","description":"L&#039;efficacit\u00e9 naturelle pour vos soins quotidiens","publisher":{"@id":"https:\/\/www.phyt-inov.com\/fr\/#organization"},"alternateName":"phyt-inov","potentialAction":[{"@type":"SearchAction","target":{"@type":"EntryPoint","urlTemplate":"https:\/\/www.phyt-inov.com\/fr\/?s={search_term_string}"},"query-input":{"@type":"PropertyValueSpecification","valueRequired":true,"valueName":"search_term_string"}}],"inLanguage":"fr-FR"},{"@type":"Organization","@id":"https:\/\/www.phyt-inov.com\/fr\/#organization","name":"Phyt-Inov","alternateName":"Phyt-Inov","url":"https:\/\/www.phyt-inov.com\/fr\/","logo":{"@type":"ImageObject","inLanguage":"fr-FR","@id":"https:\/\/www.phyt-inov.com\/fr\/#\/schema\/logo\/image\/","url":"https:\/\/www.phyt-inov.com\/wp-content\/uploads\/2025\/09\/Logo-site-phyt-inov4_Plan-de-travail-1-2048x760-1.png","contentUrl":"https:\/\/www.phyt-inov.com\/wp-content\/uploads\/2025\/09\/Logo-site-phyt-inov4_Plan-de-travail-1-2048x760-1.png","width":2048,"height":760,"caption":"Phyt-Inov"},"image":{"@id":"https:\/\/www.phyt-inov.com\/fr\/#\/schema\/logo\/image\/"},"sameAs":["https:\/\/www.facebook.com\/phytinov\/","https:\/\/www.youtube.com\/channel\/UCE05sYsSXuuKbLqs4Au3e4Q","https:\/\/www.instagram.com\/phytinov\/"]}]}},"jetpack_sharing_enabled":true,"_links":{"self":[{"href":"https:\/\/www.phyt-inov.com\/fr\/wp-json\/wp\/v2\/product\/201","targetHints":{"allow":["GET"]}}],"collection":[{"href":"https:\/\/www.phyt-inov.com\/fr\/wp-json\/wp\/v2\/product"}],"about":[{"href":"https:\/\/www.phyt-inov.com\/fr\/wp-json\/wp\/v2\/types\/product"}],"replies":[{"embeddable":true,"href":"https:\/\/www.phyt-inov.com\/fr\/wp-json\/wp\/v2\/comments?post=201"}],"wp:featuredmedia":[{"embeddable":true,"href":"https:\/\/www.phyt-inov.com\/fr\/wp-json\/wp\/v2\/media\/186"}],"wp:attachment":[{"href":"https:\/\/www.phyt-inov.com\/fr\/wp-json\/wp\/v2\/media?parent=201"}],"wp:term":[{"taxonomy":"product_brand","embeddable":true,"href":"https:\/\/www.phyt-inov.com\/fr\/wp-json\/wp\/v2\/product_brand?post=201"},{"taxonomy":"product_cat","embeddable":true,"href":"https:\/\/www.phyt-inov.com\/fr\/wp-json\/wp\/v2\/product_cat?post=201"},{"taxonomy":"product_tag","embeddable":true,"href":"https:\/\/www.phyt-inov.com\/fr\/wp-json\/wp\/v2\/product_tag?post=201"}],"curies":[{"name":"wp","href":"https:\/\/api.w.org\/{rel}","templated":true}]}}