{"id":158,"date":"2019-04-04T21:31:23","date_gmt":"2019-04-04T21:31:23","guid":{"rendered":"https:\/\/www.phyt-inov.com\/?post_type=product&#038;p=158"},"modified":"2026-03-30T09:07:16","modified_gmt":"2026-03-30T09:07:16","slug":"creme-propolis-rouge-seve-bouleau","status":"publish","type":"product","link":"https:\/\/www.phyt-inov.com\/fr\/produit\/creme-propolis-rouge-seve-bouleau\/","title":{"rendered":"Cr\u00e8me \u00e0 la Propolis Rouge"},"content":{"rendered":"<p><b>Cr\u00e8me \u00e0 la Propolis rouge et S\u00e8ve de Bouleau`biologique<\/b><\/p>\n<p>Les propri\u00e9t\u00e9s nutritives et bienfaisantes de la s\u00e8ve de bouleau biologique sont associ\u00e9es dans cette cr\u00e8me de soins \u00e0 celles purifiantes de la propolis biologique pour une efficacit\u00e9 sup\u00e9rieure.<br \/>\nTr\u00e8s riche en s\u00e8ve de bouleau bio non filtr\u00e9e et non pasteuris\u00e9e (57%), qui lui apporte de nombreux nutriments, la Cr\u00e8me \u00e0 la Propolis Phyt-Inov contribue \u00e0 r\u00e9tablir l\u2019int\u00e9gralit\u00e9 et la jeunesse d\u2019un \u00e9piderme sain, en cas d\u2019atteinte ou de blessure de la peau, gr\u00e2ce \u00e0 ses propri\u00e9t\u00e9s bienfaisantes et protectrices. Avec ses facult\u00e9s d\u2019\u00e9liminer les cellules mortes et de promouvoir la cr\u00e9ation de cellules nouvelles, elle est aussi tr\u00e8s efficace pour retrouver une fra\u00eecheur de la peau et pour lutter contre les rides.<\/p>\n<p>Recommand\u00e9e pour toutes les dermatoses, blessures, cicatrices, h\u00e9matomes, br\u00fblures, coups de soleil, etc.<\/p>\n","protected":false},"excerpt":{"rendered":"<p>Cr\u00e8me \u00e0 la Propolis rouge et S\u00e8ve de Bouleau`biologique Les propri\u00e9t\u00e9s nutritives et bienfaisantes de la s\u00e8ve de bouleau biologique sont associ\u00e9es dans cette cr\u00e8me de soins \u00e0 celles purifiantes de la propolis biologique pour une efficacit\u00e9 sup\u00e9rieure. Tr\u00e8s riche en s\u00e8ve de bouleau bio non filtr\u00e9e et non pasteuris\u00e9e (57%), qui lui apporte de [&hellip;]<\/p>\n","protected":false},"featured_media":223,"comment_status":"open","ping_status":"closed","template":"","meta":{"_et_pb_use_builder":"","_et_pb_old_content":"","_et_gb_content_width":""},"product_brand":[100],"product_cat":[95,99,94,88,76],"product_tag":[],"class_list":{"0":"post-158","1":"product","2":"type-product","3":"status-publish","4":"has-post-thumbnail","6":"product_brand-phyt-inov","7":"product_cat-accompagnement-sportif","8":"product_cat-animaux","9":"product_cat-hygiene-beaute-peau","10":"product_cat-hygiene-sante","11":"product_cat-tresors-de-la-ruche","13":"first","14":"instock","15":"shipping-taxable","16":"purchasable","17":"product-type-simple"},"yoast_head":"<!-- This site is optimized with the Yoast SEO plugin v27.4 - https:\/\/yoast.com\/product\/yoast-seo-wordpress\/ -->\n<title>Cr\u00e8me \u00e0 la propolis rouge et s\u00e8ve de bouleau - Phyt-Inov\u00ae officiel - Cr\u00e8me \u00e0 la propolis pour le soin de la peau, visage, l\u00e8vres, d\u00e9collet\u00e9, mains - propolis rouge - 50 ml naturel, biologique | Phyt-inov.com<\/title>\n<meta name=\"description\" content=\"Phyt-Inov international\u00ae officiel, laboratoire suisse r\u00e9f\u00e9rent en soins et cosm\u00e9tiques naturels et biologiques pour la sant\u00e9 et la beaut\u00e9 de la peau, propose sa Cr\u00e8me \u00e0 la propolis rouge (50 ml, sans conservateur, sans PEG) \u2013 La cr\u00e8me \u00e0 la propolis rouge est un produit naturel\/bio de Phyt-Inov pour favoriser la protection de la peau, soulager efficacement les \u00e9ruptions cutan\u00e9es, acn\u00e9, coupures, br\u00fblures, rayons, h\u00e9matomes.\" \/>\n<meta name=\"robots\" content=\"index, follow, max-snippet:-1, max-image-preview:large, max-video-preview:-1\" \/>\n<link rel=\"canonical\" href=\"https:\/\/www.phyt-inov.com\/fr\/produit\/creme-propolis-rouge-seve-bouleau\/\" \/>\n<meta property=\"og:locale\" content=\"fr_FR\" \/>\n<meta property=\"og:type\" content=\"article\" \/>\n<meta property=\"og:title\" content=\"Cr\u00e8me \u00e0 la propolis rouge et s\u00e8ve de bouleau - Phyt-Inov\u00ae officiel - Cr\u00e8me \u00e0 la propolis pour le soin de la peau, visage, l\u00e8vres, d\u00e9collet\u00e9, mains - propolis rouge - 50 ml naturel, biologique | Phyt-inov.com\" \/>\n<meta property=\"og:description\" content=\"Phyt-Inov international\u00ae officiel, laboratoire suisse r\u00e9f\u00e9rent en soins et cosm\u00e9tiques naturels et biologiques pour la sant\u00e9 et la beaut\u00e9 de la peau, propose sa Cr\u00e8me \u00e0 la propolis rouge (50 ml, sans conservateur, sans PEG) \u2013 La cr\u00e8me \u00e0 la propolis rouge est un produit naturel\/bio de Phyt-Inov pour favoriser la protection de la peau, soulager efficacement les \u00e9ruptions cutan\u00e9es, acn\u00e9, coupures, br\u00fblures, rayons, h\u00e9matomes.\" \/>\n<meta property=\"og:url\" content=\"https:\/\/www.phyt-inov.com\/fr\/produit\/creme-propolis-rouge-seve-bouleau\/\" \/>\n<meta property=\"og:site_name\" content=\"Phyt-Inov\" \/>\n<meta property=\"article:publisher\" content=\"https:\/\/www.facebook.com\/phytinov\/\" \/>\n<meta property=\"article:modified_time\" content=\"2026-03-30T09:07:16+00:00\" \/>\n<meta property=\"og:image\" content=\"https:\/\/www.phyt-inov.com\/wp-content\/uploads\/2025\/09\/Creme-a-la-propolis-detoure-scaled.png\" \/>\n\t<meta property=\"og:image:width\" content=\"2048\" \/>\n\t<meta property=\"og:image:height\" content=\"2560\" \/>\n\t<meta property=\"og:image:type\" content=\"image\/png\" \/>\n<meta name=\"twitter:card\" content=\"summary_large_image\" \/>\n<meta name=\"twitter:label1\" content=\"Dur\u00e9e de lecture estim\u00e9e\" \/>\n\t<meta name=\"twitter:data1\" content=\"1 minute\" \/>\n<script type=\"application\/ld+json\" class=\"yoast-schema-graph\">{\"@context\":\"https:\\\/\\\/schema.org\",\"@graph\":[{\"@type\":\"WebPage\",\"@id\":\"https:\\\/\\\/www.phyt-inov.com\\\/fr\\\/produit\\\/creme-propolis-rouge-seve-bouleau\\\/\",\"url\":\"https:\\\/\\\/www.phyt-inov.com\\\/fr\\\/produit\\\/creme-propolis-rouge-seve-bouleau\\\/\",\"name\":\"Cr\u00e8me \u00e0 la propolis rouge et s\u00e8ve de bouleau - Phyt-Inov\u00ae officiel - Cr\u00e8me \u00e0 la propolis pour le soin de la peau, visage, l\u00e8vres, d\u00e9collet\u00e9, mains - propolis rouge - 50 ml naturel, biologique | Phyt-inov.com\",\"isPartOf\":{\"@id\":\"https:\\\/\\\/www.phyt-inov.com\\\/fr\\\/#website\"},\"primaryImageOfPage\":{\"@id\":\"https:\\\/\\\/www.phyt-inov.com\\\/fr\\\/produit\\\/creme-propolis-rouge-seve-bouleau\\\/#primaryimage\"},\"image\":{\"@id\":\"https:\\\/\\\/www.phyt-inov.com\\\/fr\\\/produit\\\/creme-propolis-rouge-seve-bouleau\\\/#primaryimage\"},\"thumbnailUrl\":\"https:\\\/\\\/www.phyt-inov.com\\\/wp-content\\\/uploads\\\/2025\\\/09\\\/Creme-a-la-propolis-detoure-scaled.png\",\"datePublished\":\"2019-04-04T21:31:23+00:00\",\"dateModified\":\"2026-03-30T09:07:16+00:00\",\"description\":\"Phyt-Inov international\u00ae officiel, laboratoire suisse r\u00e9f\u00e9rent en soins et cosm\u00e9tiques naturels et biologiques pour la sant\u00e9 et la beaut\u00e9 de la peau, propose sa Cr\u00e8me \u00e0 la propolis rouge (50 ml, sans conservateur, sans PEG) \u2013 La cr\u00e8me \u00e0 la propolis rouge est un produit naturel\\\/bio de Phyt-Inov pour favoriser la protection de la peau, soulager efficacement les \u00e9ruptions cutan\u00e9es, acn\u00e9, coupures, br\u00fblures, rayons, h\u00e9matomes.\",\"breadcrumb\":{\"@id\":\"https:\\\/\\\/www.phyt-inov.com\\\/fr\\\/produit\\\/creme-propolis-rouge-seve-bouleau\\\/#breadcrumb\"},\"inLanguage\":\"fr-FR\",\"potentialAction\":[{\"@type\":\"ReadAction\",\"target\":[\"https:\\\/\\\/www.phyt-inov.com\\\/fr\\\/produit\\\/creme-propolis-rouge-seve-bouleau\\\/\"]}]},{\"@type\":\"ImageObject\",\"inLanguage\":\"fr-FR\",\"@id\":\"https:\\\/\\\/www.phyt-inov.com\\\/fr\\\/produit\\\/creme-propolis-rouge-seve-bouleau\\\/#primaryimage\",\"url\":\"https:\\\/\\\/www.phyt-inov.com\\\/wp-content\\\/uploads\\\/2025\\\/09\\\/Creme-a-la-propolis-detoure-scaled.png\",\"contentUrl\":\"https:\\\/\\\/www.phyt-inov.com\\\/wp-content\\\/uploads\\\/2025\\\/09\\\/Creme-a-la-propolis-detoure-scaled.png\",\"width\":2048,\"height\":2560,\"caption\":\"phyt-inov produit cr\u00e8me \u00e0 la propolis et s\u00e8ve de bouleau\"},{\"@type\":\"BreadcrumbList\",\"@id\":\"https:\\\/\\\/www.phyt-inov.com\\\/fr\\\/produit\\\/creme-propolis-rouge-seve-bouleau\\\/#breadcrumb\",\"itemListElement\":[{\"@type\":\"ListItem\",\"position\":1,\"name\":\"Accueil\",\"item\":\"https:\\\/\\\/www.phyt-inov.com\\\/fr\\\/\"},{\"@type\":\"ListItem\",\"position\":2,\"name\":\"Boutique\",\"item\":\"https:\\\/\\\/www.phyt-inov.com\\\/fr\\\/boutique\\\/\"},{\"@type\":\"ListItem\",\"position\":3,\"name\":\"Cr\u00e8me \u00e0 la Propolis Rouge\"}]},{\"@type\":\"WebSite\",\"@id\":\"https:\\\/\\\/www.phyt-inov.com\\\/fr\\\/#website\",\"url\":\"https:\\\/\\\/www.phyt-inov.com\\\/fr\\\/\",\"name\":\"Phyt-Inov International\",\"description\":\"L&#039;efficacit\u00e9 naturelle pour vos soins quotidiens\",\"publisher\":{\"@id\":\"https:\\\/\\\/www.phyt-inov.com\\\/fr\\\/#organization\"},\"alternateName\":\"phyt-inov\",\"potentialAction\":[{\"@type\":\"SearchAction\",\"target\":{\"@type\":\"EntryPoint\",\"urlTemplate\":\"https:\\\/\\\/www.phyt-inov.com\\\/fr\\\/?s={search_term_string}\"},\"query-input\":{\"@type\":\"PropertyValueSpecification\",\"valueRequired\":true,\"valueName\":\"search_term_string\"}}],\"inLanguage\":\"fr-FR\"},{\"@type\":\"Organization\",\"@id\":\"https:\\\/\\\/www.phyt-inov.com\\\/fr\\\/#organization\",\"name\":\"Phyt-Inov\",\"alternateName\":\"Phyt-Inov\",\"url\":\"https:\\\/\\\/www.phyt-inov.com\\\/fr\\\/\",\"logo\":{\"@type\":\"ImageObject\",\"inLanguage\":\"fr-FR\",\"@id\":\"https:\\\/\\\/www.phyt-inov.com\\\/fr\\\/#\\\/schema\\\/logo\\\/image\\\/\",\"url\":\"https:\\\/\\\/www.phyt-inov.com\\\/wp-content\\\/uploads\\\/2025\\\/09\\\/Logo-site-phyt-inov4_Plan-de-travail-1-2048x760-1.png\",\"contentUrl\":\"https:\\\/\\\/www.phyt-inov.com\\\/wp-content\\\/uploads\\\/2025\\\/09\\\/Logo-site-phyt-inov4_Plan-de-travail-1-2048x760-1.png\",\"width\":2048,\"height\":760,\"caption\":\"Phyt-Inov\"},\"image\":{\"@id\":\"https:\\\/\\\/www.phyt-inov.com\\\/fr\\\/#\\\/schema\\\/logo\\\/image\\\/\"},\"sameAs\":[\"https:\\\/\\\/www.facebook.com\\\/phytinov\\\/\",\"https:\\\/\\\/www.youtube.com\\\/channel\\\/UCE05sYsSXuuKbLqs4Au3e4Q\",\"https:\\\/\\\/www.instagram.com\\\/phytinov\\\/\"]}]}<\/script>\n<!-- \/ Yoast SEO plugin. -->","yoast_head_json":{"title":"Cr\u00e8me \u00e0 la propolis rouge et s\u00e8ve de bouleau - Phyt-Inov\u00ae officiel - Cr\u00e8me \u00e0 la propolis pour le soin de la peau, visage, l\u00e8vres, d\u00e9collet\u00e9, mains - propolis rouge - 50 ml naturel, biologique | Phyt-inov.com","description":"Phyt-Inov international\u00ae officiel, laboratoire suisse r\u00e9f\u00e9rent en soins et cosm\u00e9tiques naturels et biologiques pour la sant\u00e9 et la beaut\u00e9 de la peau, propose sa Cr\u00e8me \u00e0 la propolis rouge (50 ml, sans conservateur, sans PEG) \u2013 La cr\u00e8me \u00e0 la propolis rouge est un produit naturel\/bio de Phyt-Inov pour favoriser la protection de la peau, soulager efficacement les \u00e9ruptions cutan\u00e9es, acn\u00e9, coupures, br\u00fblures, rayons, h\u00e9matomes.","robots":{"index":"index","follow":"follow","max-snippet":"max-snippet:-1","max-image-preview":"max-image-preview:large","max-video-preview":"max-video-preview:-1"},"canonical":"https:\/\/www.phyt-inov.com\/fr\/produit\/creme-propolis-rouge-seve-bouleau\/","og_locale":"fr_FR","og_type":"article","og_title":"Cr\u00e8me \u00e0 la propolis rouge et s\u00e8ve de bouleau - Phyt-Inov\u00ae officiel - Cr\u00e8me \u00e0 la propolis pour le soin de la peau, visage, l\u00e8vres, d\u00e9collet\u00e9, mains - propolis rouge - 50 ml naturel, biologique | Phyt-inov.com","og_description":"Phyt-Inov international\u00ae officiel, laboratoire suisse r\u00e9f\u00e9rent en soins et cosm\u00e9tiques naturels et biologiques pour la sant\u00e9 et la beaut\u00e9 de la peau, propose sa Cr\u00e8me \u00e0 la propolis rouge (50 ml, sans conservateur, sans PEG) \u2013 La cr\u00e8me \u00e0 la propolis rouge est un produit naturel\/bio de Phyt-Inov pour favoriser la protection de la peau, soulager efficacement les \u00e9ruptions cutan\u00e9es, acn\u00e9, coupures, br\u00fblures, rayons, h\u00e9matomes.","og_url":"https:\/\/www.phyt-inov.com\/fr\/produit\/creme-propolis-rouge-seve-bouleau\/","og_site_name":"Phyt-Inov","article_publisher":"https:\/\/www.facebook.com\/phytinov\/","article_modified_time":"2026-03-30T09:07:16+00:00","og_image":[{"width":2048,"height":2560,"url":"https:\/\/www.phyt-inov.com\/wp-content\/uploads\/2025\/09\/Creme-a-la-propolis-detoure-scaled.png","type":"image\/png"}],"twitter_card":"summary_large_image","twitter_misc":{"Dur\u00e9e de lecture estim\u00e9e":"1 minute"},"schema":{"@context":"https:\/\/schema.org","@graph":[{"@type":"WebPage","@id":"https:\/\/www.phyt-inov.com\/fr\/produit\/creme-propolis-rouge-seve-bouleau\/","url":"https:\/\/www.phyt-inov.com\/fr\/produit\/creme-propolis-rouge-seve-bouleau\/","name":"Cr\u00e8me \u00e0 la propolis rouge et s\u00e8ve de bouleau - Phyt-Inov\u00ae officiel - Cr\u00e8me \u00e0 la propolis pour le soin de la peau, visage, l\u00e8vres, d\u00e9collet\u00e9, mains - propolis rouge - 50 ml naturel, biologique | Phyt-inov.com","isPartOf":{"@id":"https:\/\/www.phyt-inov.com\/fr\/#website"},"primaryImageOfPage":{"@id":"https:\/\/www.phyt-inov.com\/fr\/produit\/creme-propolis-rouge-seve-bouleau\/#primaryimage"},"image":{"@id":"https:\/\/www.phyt-inov.com\/fr\/produit\/creme-propolis-rouge-seve-bouleau\/#primaryimage"},"thumbnailUrl":"https:\/\/www.phyt-inov.com\/wp-content\/uploads\/2025\/09\/Creme-a-la-propolis-detoure-scaled.png","datePublished":"2019-04-04T21:31:23+00:00","dateModified":"2026-03-30T09:07:16+00:00","description":"Phyt-Inov international\u00ae officiel, laboratoire suisse r\u00e9f\u00e9rent en soins et cosm\u00e9tiques naturels et biologiques pour la sant\u00e9 et la beaut\u00e9 de la peau, propose sa Cr\u00e8me \u00e0 la propolis rouge (50 ml, sans conservateur, sans PEG) \u2013 La cr\u00e8me \u00e0 la propolis rouge est un produit naturel\/bio de Phyt-Inov pour favoriser la protection de la peau, soulager efficacement les \u00e9ruptions cutan\u00e9es, acn\u00e9, coupures, br\u00fblures, rayons, h\u00e9matomes.","breadcrumb":{"@id":"https:\/\/www.phyt-inov.com\/fr\/produit\/creme-propolis-rouge-seve-bouleau\/#breadcrumb"},"inLanguage":"fr-FR","potentialAction":[{"@type":"ReadAction","target":["https:\/\/www.phyt-inov.com\/fr\/produit\/creme-propolis-rouge-seve-bouleau\/"]}]},{"@type":"ImageObject","inLanguage":"fr-FR","@id":"https:\/\/www.phyt-inov.com\/fr\/produit\/creme-propolis-rouge-seve-bouleau\/#primaryimage","url":"https:\/\/www.phyt-inov.com\/wp-content\/uploads\/2025\/09\/Creme-a-la-propolis-detoure-scaled.png","contentUrl":"https:\/\/www.phyt-inov.com\/wp-content\/uploads\/2025\/09\/Creme-a-la-propolis-detoure-scaled.png","width":2048,"height":2560,"caption":"phyt-inov produit cr\u00e8me \u00e0 la propolis et s\u00e8ve de bouleau"},{"@type":"BreadcrumbList","@id":"https:\/\/www.phyt-inov.com\/fr\/produit\/creme-propolis-rouge-seve-bouleau\/#breadcrumb","itemListElement":[{"@type":"ListItem","position":1,"name":"Accueil","item":"https:\/\/www.phyt-inov.com\/fr\/"},{"@type":"ListItem","position":2,"name":"Boutique","item":"https:\/\/www.phyt-inov.com\/fr\/boutique\/"},{"@type":"ListItem","position":3,"name":"Cr\u00e8me \u00e0 la Propolis Rouge"}]},{"@type":"WebSite","@id":"https:\/\/www.phyt-inov.com\/fr\/#website","url":"https:\/\/www.phyt-inov.com\/fr\/","name":"Phyt-Inov International","description":"L&#039;efficacit\u00e9 naturelle pour vos soins quotidiens","publisher":{"@id":"https:\/\/www.phyt-inov.com\/fr\/#organization"},"alternateName":"phyt-inov","potentialAction":[{"@type":"SearchAction","target":{"@type":"EntryPoint","urlTemplate":"https:\/\/www.phyt-inov.com\/fr\/?s={search_term_string}"},"query-input":{"@type":"PropertyValueSpecification","valueRequired":true,"valueName":"search_term_string"}}],"inLanguage":"fr-FR"},{"@type":"Organization","@id":"https:\/\/www.phyt-inov.com\/fr\/#organization","name":"Phyt-Inov","alternateName":"Phyt-Inov","url":"https:\/\/www.phyt-inov.com\/fr\/","logo":{"@type":"ImageObject","inLanguage":"fr-FR","@id":"https:\/\/www.phyt-inov.com\/fr\/#\/schema\/logo\/image\/","url":"https:\/\/www.phyt-inov.com\/wp-content\/uploads\/2025\/09\/Logo-site-phyt-inov4_Plan-de-travail-1-2048x760-1.png","contentUrl":"https:\/\/www.phyt-inov.com\/wp-content\/uploads\/2025\/09\/Logo-site-phyt-inov4_Plan-de-travail-1-2048x760-1.png","width":2048,"height":760,"caption":"Phyt-Inov"},"image":{"@id":"https:\/\/www.phyt-inov.com\/fr\/#\/schema\/logo\/image\/"},"sameAs":["https:\/\/www.facebook.com\/phytinov\/","https:\/\/www.youtube.com\/channel\/UCE05sYsSXuuKbLqs4Au3e4Q","https:\/\/www.instagram.com\/phytinov\/"]}]}},"jetpack_sharing_enabled":true,"_links":{"self":[{"href":"https:\/\/www.phyt-inov.com\/fr\/wp-json\/wp\/v2\/product\/158","targetHints":{"allow":["GET"]}}],"collection":[{"href":"https:\/\/www.phyt-inov.com\/fr\/wp-json\/wp\/v2\/product"}],"about":[{"href":"https:\/\/www.phyt-inov.com\/fr\/wp-json\/wp\/v2\/types\/product"}],"replies":[{"embeddable":true,"href":"https:\/\/www.phyt-inov.com\/fr\/wp-json\/wp\/v2\/comments?post=158"}],"wp:featuredmedia":[{"embeddable":true,"href":"https:\/\/www.phyt-inov.com\/fr\/wp-json\/wp\/v2\/media\/223"}],"wp:attachment":[{"href":"https:\/\/www.phyt-inov.com\/fr\/wp-json\/wp\/v2\/media?parent=158"}],"wp:term":[{"taxonomy":"product_brand","embeddable":true,"href":"https:\/\/www.phyt-inov.com\/fr\/wp-json\/wp\/v2\/product_brand?post=158"},{"taxonomy":"product_cat","embeddable":true,"href":"https:\/\/www.phyt-inov.com\/fr\/wp-json\/wp\/v2\/product_cat?post=158"},{"taxonomy":"product_tag","embeddable":true,"href":"https:\/\/www.phyt-inov.com\/fr\/wp-json\/wp\/v2\/product_tag?post=158"}],"curies":[{"name":"wp","href":"https:\/\/api.w.org\/{rel}","templated":true}]}}