{"id":148,"date":"2019-04-04T21:31:19","date_gmt":"2019-04-04T21:31:19","guid":{"rendered":"https:\/\/www.phyt-inov.com\/?post_type=product&#038;p=148"},"modified":"2026-03-23T14:48:28","modified_gmt":"2026-03-23T14:48:28","slug":"masque-creme","status":"publish","type":"product","link":"https:\/\/www.phyt-inov.com\/fr\/produit\/masque-creme\/","title":{"rendered":"Masque Cr\u00e8me"},"content":{"rendered":"<p><b>Biomaxi, pour un maximum bio du total des ingr\u00e9dients.<\/b><\/p>\n<p>Apr\u00e8s le gommage doux a\u00e7ai-abricot ou plus souvent si besoin, appliquer le Masque Cr\u00e8me sur le visage, le cou et le d\u00e9collet\u00e9 ainsi que sur le contour des yeux, en couches fines et laisser poser 10 \u00e0 15 minutes; enlever le surplus si n\u00e9cessaire avec la lotion et appliquer un S\u00e9rum Cr\u00e8me (Nutritif ou Tonifiant) ou le Floras\u00e9rum A selon les besoins de la peau.<br \/>\nPeut aussi s\u2019appliquer en soir\u00e9e et conserv\u00e9 toute la nuit : il aura p\u00e9n\u00e9tr\u00e9 car aucun composant occlusif.<\/p>\n<p><b>Airless de 50 ml.<\/b><br \/>\nAucun conservateur.<br \/>\n<b>100 %<\/b> du total des ingr\u00e9dients sont d\u2019origine naturelle.<br \/>\n<b>91,3%<\/b> du total des ingr\u00e9dients sont issus de l\u2019agriculture biologique.<\/p>\n","protected":false},"excerpt":{"rendered":"<p><b>Douceur et velout\u00e9, coup d\u2019\u00e9clat<\/b><\/p>\n<p>Produit phare r\u00e9v\u00e9lant la philosophie Flora d\u2019Essarts.<br \/>\nCe Masque Cr\u00e8me riche d\u2019une trentaine d\u2019actifs v\u00e9g\u00e9taux dont 55% de s\u00e8ve de bouleau bio a \u00e9t\u00e9 con\u00e7u pour alimenter, d\u00e9tendre et reposer les peaux fatigu\u00e9es et agress\u00e9es par les expositions solaires, les rigueurs du climat, la pollution, etc.<\/p>\n<p><b>R\u00e9sultat<\/b> : d\u00e9tente et v\u00e9ritable coup d\u2019\u00e9clat.<\/p>\n","protected":false},"featured_media":211,"comment_status":"open","ping_status":"closed","template":"","meta":{"_et_pb_use_builder":"","_et_pb_old_content":"","_et_gb_content_width":""},"product_brand":[101],"product_cat":[86,94],"product_tag":[],"class_list":{"0":"post-148","1":"product","2":"type-product","3":"status-publish","4":"has-post-thumbnail","6":"product_brand-flora-dessarts","7":"product_cat-cosmetiques-bio","8":"product_cat-hygiene-beaute-peau","10":"first","11":"instock","12":"shipping-taxable","13":"purchasable","14":"product-type-simple"},"yoast_head":"<!-- This site is optimized with the Yoast SEO plugin v27.4 - https:\/\/yoast.com\/product\/yoast-seo-wordpress\/ -->\n<title>Masque Cr\u00e8me - Flora d&#039;Essarts - Phyt-Inov\u00ae officiel - cr\u00e8me biologique pour le soin de la peau et du visage- Douceur et velout\u00e9 - 50 ml 100% naturel et ultrabiologique | Phyt-inov.com<\/title>\n<meta name=\"description\" content=\"Phyt-Inov international\u00ae officiel, laboratoire suisse r\u00e9f\u00e9rent en soins et cosm\u00e9tiques naturels et biologiques pour la sant\u00e9 et la beaut\u00e9 de la peau, propose son Masque Cr\u00e8me Flora d&#039;Essarts, (50 ml sans conservateurs ni PEG) \u2013 Le Masque Cr\u00e8me Flora d&#039;Essarts est un produit naturel\/bio de Phyt Inov pour pr\u00e9server la beaut\u00e9 de la peau (s\u00e8ve de bouleau\/huile de tournesol\/calendula\/camomille\/jojoba\/lavande). Ce Masque Cr\u00e8me a \u00e9t\u00e9 con\u00e7u pour alimenter, d\u00e9tendre et reposer les peaux fatigu\u00e9es et agress\u00e9es par les expositions solaires, les rigueurs du climat, la pollution.\" \/>\n<meta name=\"robots\" content=\"index, follow, max-snippet:-1, max-image-preview:large, max-video-preview:-1\" \/>\n<link rel=\"canonical\" href=\"https:\/\/www.phyt-inov.com\/fr\/produit\/masque-creme\/\" \/>\n<meta property=\"og:locale\" content=\"fr_FR\" \/>\n<meta property=\"og:type\" content=\"article\" \/>\n<meta property=\"og:title\" content=\"Masque Cr\u00e8me - Flora d&#039;Essarts - Phyt-Inov\u00ae officiel - cr\u00e8me biologique pour le soin de la peau et du visage- Douceur et velout\u00e9 - 50 ml 100% naturel et ultrabiologique | Phyt-inov.com\" \/>\n<meta property=\"og:description\" content=\"Phyt-Inov international\u00ae officiel, laboratoire suisse r\u00e9f\u00e9rent en soins et cosm\u00e9tiques naturels et biologiques pour la sant\u00e9 et la beaut\u00e9 de la peau, propose son Masque Cr\u00e8me Flora d&#039;Essarts, (50 ml sans conservateurs ni PEG) \u2013 Le Masque Cr\u00e8me Flora d&#039;Essarts est un produit naturel\/bio de Phyt Inov pour pr\u00e9server la beaut\u00e9 de la peau (s\u00e8ve de bouleau\/huile de tournesol\/calendula\/camomille\/jojoba\/lavande). Ce Masque Cr\u00e8me a \u00e9t\u00e9 con\u00e7u pour alimenter, d\u00e9tendre et reposer les peaux fatigu\u00e9es et agress\u00e9es par les expositions solaires, les rigueurs du climat, la pollution.\" \/>\n<meta property=\"og:url\" content=\"https:\/\/www.phyt-inov.com\/fr\/produit\/masque-creme\/\" \/>\n<meta property=\"og:site_name\" content=\"Phyt-Inov\" \/>\n<meta property=\"article:publisher\" content=\"https:\/\/www.facebook.com\/phytinov\/\" \/>\n<meta property=\"article:modified_time\" content=\"2026-03-23T14:48:28+00:00\" \/>\n<meta property=\"og:image\" content=\"https:\/\/www.phyt-inov.com\/wp-content\/uploads\/2025\/09\/Masque-Creme-light-2-scaled-1.jpg\" \/>\n\t<meta property=\"og:image:width\" content=\"2048\" \/>\n\t<meta property=\"og:image:height\" content=\"2560\" \/>\n\t<meta property=\"og:image:type\" content=\"image\/jpeg\" \/>\n<meta name=\"twitter:card\" content=\"summary_large_image\" \/>\n<meta name=\"twitter:label1\" content=\"Dur\u00e9e de lecture estim\u00e9e\" \/>\n\t<meta name=\"twitter:data1\" content=\"1 minute\" \/>\n<script type=\"application\/ld+json\" class=\"yoast-schema-graph\">{\"@context\":\"https:\\\/\\\/schema.org\",\"@graph\":[{\"@type\":\"WebPage\",\"@id\":\"https:\\\/\\\/www.phyt-inov.com\\\/fr\\\/produit\\\/masque-creme\\\/\",\"url\":\"https:\\\/\\\/www.phyt-inov.com\\\/fr\\\/produit\\\/masque-creme\\\/\",\"name\":\"Masque Cr\u00e8me - Flora d'Essarts - Phyt-Inov\u00ae officiel - cr\u00e8me biologique pour le soin de la peau et du visage- Douceur et velout\u00e9 - 50 ml 100% naturel et ultrabiologique | Phyt-inov.com\",\"isPartOf\":{\"@id\":\"https:\\\/\\\/www.phyt-inov.com\\\/fr\\\/#website\"},\"primaryImageOfPage\":{\"@id\":\"https:\\\/\\\/www.phyt-inov.com\\\/fr\\\/produit\\\/masque-creme\\\/#primaryimage\"},\"image\":{\"@id\":\"https:\\\/\\\/www.phyt-inov.com\\\/fr\\\/produit\\\/masque-creme\\\/#primaryimage\"},\"thumbnailUrl\":\"https:\\\/\\\/www.phyt-inov.com\\\/wp-content\\\/uploads\\\/2025\\\/09\\\/Masque-Creme-light-2-scaled-1.jpg\",\"datePublished\":\"2019-04-04T21:31:19+00:00\",\"dateModified\":\"2026-03-23T14:48:28+00:00\",\"description\":\"Phyt-Inov international\u00ae officiel, laboratoire suisse r\u00e9f\u00e9rent en soins et cosm\u00e9tiques naturels et biologiques pour la sant\u00e9 et la beaut\u00e9 de la peau, propose son Masque Cr\u00e8me Flora d'Essarts, (50 ml sans conservateurs ni PEG) \u2013 Le Masque Cr\u00e8me Flora d'Essarts est un produit naturel\\\/bio de Phyt Inov pour pr\u00e9server la beaut\u00e9 de la peau (s\u00e8ve de bouleau\\\/huile de tournesol\\\/calendula\\\/camomille\\\/jojoba\\\/lavande). Ce Masque Cr\u00e8me a \u00e9t\u00e9 con\u00e7u pour alimenter, d\u00e9tendre et reposer les peaux fatigu\u00e9es et agress\u00e9es par les expositions solaires, les rigueurs du climat, la pollution.\",\"breadcrumb\":{\"@id\":\"https:\\\/\\\/www.phyt-inov.com\\\/fr\\\/produit\\\/masque-creme\\\/#breadcrumb\"},\"inLanguage\":\"fr-FR\",\"potentialAction\":[{\"@type\":\"ReadAction\",\"target\":[\"https:\\\/\\\/www.phyt-inov.com\\\/fr\\\/produit\\\/masque-creme\\\/\"]}]},{\"@type\":\"ImageObject\",\"inLanguage\":\"fr-FR\",\"@id\":\"https:\\\/\\\/www.phyt-inov.com\\\/fr\\\/produit\\\/masque-creme\\\/#primaryimage\",\"url\":\"https:\\\/\\\/www.phyt-inov.com\\\/wp-content\\\/uploads\\\/2025\\\/09\\\/Masque-Creme-light-2-scaled-1.jpg\",\"contentUrl\":\"https:\\\/\\\/www.phyt-inov.com\\\/wp-content\\\/uploads\\\/2025\\\/09\\\/Masque-Creme-light-2-scaled-1.jpg\",\"width\":2048,\"height\":2560,\"caption\":\"flora d'essarts masque cr\u00e8me\"},{\"@type\":\"BreadcrumbList\",\"@id\":\"https:\\\/\\\/www.phyt-inov.com\\\/fr\\\/produit\\\/masque-creme\\\/#breadcrumb\",\"itemListElement\":[{\"@type\":\"ListItem\",\"position\":1,\"name\":\"Accueil\",\"item\":\"https:\\\/\\\/www.phyt-inov.com\\\/fr\\\/\"},{\"@type\":\"ListItem\",\"position\":2,\"name\":\"Boutique\",\"item\":\"https:\\\/\\\/www.phyt-inov.com\\\/fr\\\/boutique\\\/\"},{\"@type\":\"ListItem\",\"position\":3,\"name\":\"Masque Cr\u00e8me\"}]},{\"@type\":\"WebSite\",\"@id\":\"https:\\\/\\\/www.phyt-inov.com\\\/fr\\\/#website\",\"url\":\"https:\\\/\\\/www.phyt-inov.com\\\/fr\\\/\",\"name\":\"Phyt-Inov International\",\"description\":\"L&#039;efficacit\u00e9 naturelle pour vos soins quotidiens\",\"publisher\":{\"@id\":\"https:\\\/\\\/www.phyt-inov.com\\\/fr\\\/#organization\"},\"alternateName\":\"phyt-inov\",\"potentialAction\":[{\"@type\":\"SearchAction\",\"target\":{\"@type\":\"EntryPoint\",\"urlTemplate\":\"https:\\\/\\\/www.phyt-inov.com\\\/fr\\\/?s={search_term_string}\"},\"query-input\":{\"@type\":\"PropertyValueSpecification\",\"valueRequired\":true,\"valueName\":\"search_term_string\"}}],\"inLanguage\":\"fr-FR\"},{\"@type\":\"Organization\",\"@id\":\"https:\\\/\\\/www.phyt-inov.com\\\/fr\\\/#organization\",\"name\":\"Phyt-Inov\",\"alternateName\":\"Phyt-Inov\",\"url\":\"https:\\\/\\\/www.phyt-inov.com\\\/fr\\\/\",\"logo\":{\"@type\":\"ImageObject\",\"inLanguage\":\"fr-FR\",\"@id\":\"https:\\\/\\\/www.phyt-inov.com\\\/fr\\\/#\\\/schema\\\/logo\\\/image\\\/\",\"url\":\"https:\\\/\\\/www.phyt-inov.com\\\/wp-content\\\/uploads\\\/2025\\\/09\\\/Logo-site-phyt-inov4_Plan-de-travail-1-2048x760-1.png\",\"contentUrl\":\"https:\\\/\\\/www.phyt-inov.com\\\/wp-content\\\/uploads\\\/2025\\\/09\\\/Logo-site-phyt-inov4_Plan-de-travail-1-2048x760-1.png\",\"width\":2048,\"height\":760,\"caption\":\"Phyt-Inov\"},\"image\":{\"@id\":\"https:\\\/\\\/www.phyt-inov.com\\\/fr\\\/#\\\/schema\\\/logo\\\/image\\\/\"},\"sameAs\":[\"https:\\\/\\\/www.facebook.com\\\/phytinov\\\/\",\"https:\\\/\\\/www.youtube.com\\\/channel\\\/UCE05sYsSXuuKbLqs4Au3e4Q\",\"https:\\\/\\\/www.instagram.com\\\/phytinov\\\/\"]}]}<\/script>\n<!-- \/ Yoast SEO plugin. -->","yoast_head_json":{"title":"Masque Cr\u00e8me - Flora d'Essarts - Phyt-Inov\u00ae officiel - cr\u00e8me biologique pour le soin de la peau et du visage- Douceur et velout\u00e9 - 50 ml 100% naturel et ultrabiologique | Phyt-inov.com","description":"Phyt-Inov international\u00ae officiel, laboratoire suisse r\u00e9f\u00e9rent en soins et cosm\u00e9tiques naturels et biologiques pour la sant\u00e9 et la beaut\u00e9 de la peau, propose son Masque Cr\u00e8me Flora d'Essarts, (50 ml sans conservateurs ni PEG) \u2013 Le Masque Cr\u00e8me Flora d'Essarts est un produit naturel\/bio de Phyt Inov pour pr\u00e9server la beaut\u00e9 de la peau (s\u00e8ve de bouleau\/huile de tournesol\/calendula\/camomille\/jojoba\/lavande). Ce Masque Cr\u00e8me a \u00e9t\u00e9 con\u00e7u pour alimenter, d\u00e9tendre et reposer les peaux fatigu\u00e9es et agress\u00e9es par les expositions solaires, les rigueurs du climat, la pollution.","robots":{"index":"index","follow":"follow","max-snippet":"max-snippet:-1","max-image-preview":"max-image-preview:large","max-video-preview":"max-video-preview:-1"},"canonical":"https:\/\/www.phyt-inov.com\/fr\/produit\/masque-creme\/","og_locale":"fr_FR","og_type":"article","og_title":"Masque Cr\u00e8me - Flora d'Essarts - Phyt-Inov\u00ae officiel - cr\u00e8me biologique pour le soin de la peau et du visage- Douceur et velout\u00e9 - 50 ml 100% naturel et ultrabiologique | Phyt-inov.com","og_description":"Phyt-Inov international\u00ae officiel, laboratoire suisse r\u00e9f\u00e9rent en soins et cosm\u00e9tiques naturels et biologiques pour la sant\u00e9 et la beaut\u00e9 de la peau, propose son Masque Cr\u00e8me Flora d'Essarts, (50 ml sans conservateurs ni PEG) \u2013 Le Masque Cr\u00e8me Flora d'Essarts est un produit naturel\/bio de Phyt Inov pour pr\u00e9server la beaut\u00e9 de la peau (s\u00e8ve de bouleau\/huile de tournesol\/calendula\/camomille\/jojoba\/lavande). Ce Masque Cr\u00e8me a \u00e9t\u00e9 con\u00e7u pour alimenter, d\u00e9tendre et reposer les peaux fatigu\u00e9es et agress\u00e9es par les expositions solaires, les rigueurs du climat, la pollution.","og_url":"https:\/\/www.phyt-inov.com\/fr\/produit\/masque-creme\/","og_site_name":"Phyt-Inov","article_publisher":"https:\/\/www.facebook.com\/phytinov\/","article_modified_time":"2026-03-23T14:48:28+00:00","og_image":[{"width":2048,"height":2560,"url":"https:\/\/www.phyt-inov.com\/wp-content\/uploads\/2025\/09\/Masque-Creme-light-2-scaled-1.jpg","type":"image\/jpeg"}],"twitter_card":"summary_large_image","twitter_misc":{"Dur\u00e9e de lecture estim\u00e9e":"1 minute"},"schema":{"@context":"https:\/\/schema.org","@graph":[{"@type":"WebPage","@id":"https:\/\/www.phyt-inov.com\/fr\/produit\/masque-creme\/","url":"https:\/\/www.phyt-inov.com\/fr\/produit\/masque-creme\/","name":"Masque Cr\u00e8me - Flora d'Essarts - Phyt-Inov\u00ae officiel - cr\u00e8me biologique pour le soin de la peau et du visage- Douceur et velout\u00e9 - 50 ml 100% naturel et ultrabiologique | Phyt-inov.com","isPartOf":{"@id":"https:\/\/www.phyt-inov.com\/fr\/#website"},"primaryImageOfPage":{"@id":"https:\/\/www.phyt-inov.com\/fr\/produit\/masque-creme\/#primaryimage"},"image":{"@id":"https:\/\/www.phyt-inov.com\/fr\/produit\/masque-creme\/#primaryimage"},"thumbnailUrl":"https:\/\/www.phyt-inov.com\/wp-content\/uploads\/2025\/09\/Masque-Creme-light-2-scaled-1.jpg","datePublished":"2019-04-04T21:31:19+00:00","dateModified":"2026-03-23T14:48:28+00:00","description":"Phyt-Inov international\u00ae officiel, laboratoire suisse r\u00e9f\u00e9rent en soins et cosm\u00e9tiques naturels et biologiques pour la sant\u00e9 et la beaut\u00e9 de la peau, propose son Masque Cr\u00e8me Flora d'Essarts, (50 ml sans conservateurs ni PEG) \u2013 Le Masque Cr\u00e8me Flora d'Essarts est un produit naturel\/bio de Phyt Inov pour pr\u00e9server la beaut\u00e9 de la peau (s\u00e8ve de bouleau\/huile de tournesol\/calendula\/camomille\/jojoba\/lavande). Ce Masque Cr\u00e8me a \u00e9t\u00e9 con\u00e7u pour alimenter, d\u00e9tendre et reposer les peaux fatigu\u00e9es et agress\u00e9es par les expositions solaires, les rigueurs du climat, la pollution.","breadcrumb":{"@id":"https:\/\/www.phyt-inov.com\/fr\/produit\/masque-creme\/#breadcrumb"},"inLanguage":"fr-FR","potentialAction":[{"@type":"ReadAction","target":["https:\/\/www.phyt-inov.com\/fr\/produit\/masque-creme\/"]}]},{"@type":"ImageObject","inLanguage":"fr-FR","@id":"https:\/\/www.phyt-inov.com\/fr\/produit\/masque-creme\/#primaryimage","url":"https:\/\/www.phyt-inov.com\/wp-content\/uploads\/2025\/09\/Masque-Creme-light-2-scaled-1.jpg","contentUrl":"https:\/\/www.phyt-inov.com\/wp-content\/uploads\/2025\/09\/Masque-Creme-light-2-scaled-1.jpg","width":2048,"height":2560,"caption":"flora d'essarts masque cr\u00e8me"},{"@type":"BreadcrumbList","@id":"https:\/\/www.phyt-inov.com\/fr\/produit\/masque-creme\/#breadcrumb","itemListElement":[{"@type":"ListItem","position":1,"name":"Accueil","item":"https:\/\/www.phyt-inov.com\/fr\/"},{"@type":"ListItem","position":2,"name":"Boutique","item":"https:\/\/www.phyt-inov.com\/fr\/boutique\/"},{"@type":"ListItem","position":3,"name":"Masque Cr\u00e8me"}]},{"@type":"WebSite","@id":"https:\/\/www.phyt-inov.com\/fr\/#website","url":"https:\/\/www.phyt-inov.com\/fr\/","name":"Phyt-Inov International","description":"L&#039;efficacit\u00e9 naturelle pour vos soins quotidiens","publisher":{"@id":"https:\/\/www.phyt-inov.com\/fr\/#organization"},"alternateName":"phyt-inov","potentialAction":[{"@type":"SearchAction","target":{"@type":"EntryPoint","urlTemplate":"https:\/\/www.phyt-inov.com\/fr\/?s={search_term_string}"},"query-input":{"@type":"PropertyValueSpecification","valueRequired":true,"valueName":"search_term_string"}}],"inLanguage":"fr-FR"},{"@type":"Organization","@id":"https:\/\/www.phyt-inov.com\/fr\/#organization","name":"Phyt-Inov","alternateName":"Phyt-Inov","url":"https:\/\/www.phyt-inov.com\/fr\/","logo":{"@type":"ImageObject","inLanguage":"fr-FR","@id":"https:\/\/www.phyt-inov.com\/fr\/#\/schema\/logo\/image\/","url":"https:\/\/www.phyt-inov.com\/wp-content\/uploads\/2025\/09\/Logo-site-phyt-inov4_Plan-de-travail-1-2048x760-1.png","contentUrl":"https:\/\/www.phyt-inov.com\/wp-content\/uploads\/2025\/09\/Logo-site-phyt-inov4_Plan-de-travail-1-2048x760-1.png","width":2048,"height":760,"caption":"Phyt-Inov"},"image":{"@id":"https:\/\/www.phyt-inov.com\/fr\/#\/schema\/logo\/image\/"},"sameAs":["https:\/\/www.facebook.com\/phytinov\/","https:\/\/www.youtube.com\/channel\/UCE05sYsSXuuKbLqs4Au3e4Q","https:\/\/www.instagram.com\/phytinov\/"]}]}},"jetpack_sharing_enabled":true,"_links":{"self":[{"href":"https:\/\/www.phyt-inov.com\/fr\/wp-json\/wp\/v2\/product\/148","targetHints":{"allow":["GET"]}}],"collection":[{"href":"https:\/\/www.phyt-inov.com\/fr\/wp-json\/wp\/v2\/product"}],"about":[{"href":"https:\/\/www.phyt-inov.com\/fr\/wp-json\/wp\/v2\/types\/product"}],"replies":[{"embeddable":true,"href":"https:\/\/www.phyt-inov.com\/fr\/wp-json\/wp\/v2\/comments?post=148"}],"wp:featuredmedia":[{"embeddable":true,"href":"https:\/\/www.phyt-inov.com\/fr\/wp-json\/wp\/v2\/media\/211"}],"wp:attachment":[{"href":"https:\/\/www.phyt-inov.com\/fr\/wp-json\/wp\/v2\/media?parent=148"}],"wp:term":[{"taxonomy":"product_brand","embeddable":true,"href":"https:\/\/www.phyt-inov.com\/fr\/wp-json\/wp\/v2\/product_brand?post=148"},{"taxonomy":"product_cat","embeddable":true,"href":"https:\/\/www.phyt-inov.com\/fr\/wp-json\/wp\/v2\/product_cat?post=148"},{"taxonomy":"product_tag","embeddable":true,"href":"https:\/\/www.phyt-inov.com\/fr\/wp-json\/wp\/v2\/product_tag?post=148"}],"curies":[{"name":"wp","href":"https:\/\/api.w.org\/{rel}","templated":true}]}}