{"id":146,"date":"2019-04-04T21:31:18","date_gmt":"2019-04-04T21:31:18","guid":{"rendered":"https:\/\/www.phyt-inov.com\/?post_type=product&#038;p=146"},"modified":"2026-03-30T09:05:25","modified_gmt":"2026-03-30T09:05:25","slug":"bain-de-bouche-a-la-propolis-rouge","status":"publish","type":"product","link":"https:\/\/www.phyt-inov.com\/fr\/produit\/bain-de-bouche-a-la-propolis-rouge\/","title":{"rendered":"Bain de bouche \u00e0 la propolis rouge"},"content":{"rendered":"<p><strong>Une autre conception des soins bucco-dentaires<\/strong><\/p>\n<p>Avoir une haleine fra\u00eeche et une flore buccale bien \u00e9quilibr\u00e9e, \u00eatre s\u00fbr de soi \u00e0 tout moment de la journ\u00e9e, c&rsquo;est important.<\/p>\n<p>Quelques gouttes du bain de bouche Phyt-Inov \u00e0 la propolis rouge, \u00e0 la s\u00e8ve de bouleau et aux huiles essentielles dans un peu d&rsquo;eau, rafraichissent durablement et agr\u00e9ablement la bouche.<\/p>\n<p>B\u00e9n\u00e9fique en compl\u00e9ment d&rsquo;un traitement naturel contre les affections hivernales.<\/p>\n<p>Une utilisation r\u00e9guli\u00e8re de ce bain de bouche \u00e0 la propolis assure un parfait compl\u00e9ment du brossage des dents pour les gencives et la flore buccale.<\/p>\n<p>Les extraits de plantes et les huiles essentielles telles que Thym, Romarin, Sauge, M\u00e9lisse, Menthe et Myrrhe contribuent \u00e0 r\u00e9gulariser la flore buccale et \u00e0 procurer une haleine fra\u00eeche.<\/p>\n","protected":false},"excerpt":{"rendered":"<p>D\u00e9couvrez notre bain de bouche 100% naturel et biologique de qualit\u00e9 exceptionnelle, enrichi en propolis rouge.<\/p>\n<p>Il offre une protection optimale et respecte l&rsquo;\u00e9quilibre naturel de votre flore buccale.<\/p>\n<p>Profitez d&rsquo;une fra\u00eecheur durable et d&rsquo;un soin authentique pour une hygi\u00e8ne buccale parfaite.<\/p>\n","protected":false},"featured_media":208,"comment_status":"open","ping_status":"closed","template":"","meta":{"_et_pb_use_builder":"","_et_pb_old_content":"","_et_gb_content_width":""},"product_brand":[100],"product_cat":[94,88,76],"product_tag":[],"class_list":{"0":"post-146","1":"product","2":"type-product","3":"status-publish","4":"has-post-thumbnail","6":"product_brand-phyt-inov","7":"product_cat-hygiene-beaute-peau","8":"product_cat-hygiene-sante","9":"product_cat-tresors-de-la-ruche","11":"first","12":"instock","13":"shipping-taxable","14":"purchasable","15":"product-type-simple"},"yoast_head":"<!-- This site is optimized with the Yoast SEO plugin v27.3 - https:\/\/yoast.com\/product\/yoast-seo-wordpress\/ -->\n<title>Bain de bouche \u00e0 la propolis rouge \u2013 Gencives et Haleine - Phyt-Inov\u00ae officiel \u2013 Flacon de 50 ml 100% d\u2019origine naturelle et biologique | Phyt-inov.com<\/title>\n<meta name=\"description\" content=\"Phyt-Inov international\u00ae officiel, laboratoire suisse r\u00e9f\u00e9rent en soins et cosm\u00e9tiques naturels et biologiques pour la sant\u00e9 et la beaut\u00e9 de la peau, propose son bain de bouche biologique, (50 ml, sans conservateur, sans PEG) \u2013 Le bain de bouche est un produit naturel\/bio de Phyt Inov pour un rin\u00e7age \u00e9nergique de la bouche pour conserver une excellente haleine et en gargarisme. (bain de bouche naturel et biologique\/propolis rouge).\" \/>\n<meta name=\"robots\" content=\"index, follow, max-snippet:-1, max-image-preview:large, max-video-preview:-1\" \/>\n<link rel=\"canonical\" href=\"https:\/\/www.phyt-inov.com\/fr\/produit\/bain-de-bouche-a-la-propolis-rouge\/\" \/>\n<meta property=\"og:locale\" content=\"fr_FR\" \/>\n<meta property=\"og:type\" content=\"article\" \/>\n<meta property=\"og:title\" content=\"Bain de bouche \u00e0 la propolis rouge \u2013 Gencives et Haleine - Phyt-Inov\u00ae officiel \u2013 Flacon de 50 ml 100% d\u2019origine naturelle et biologique | Phyt-inov.com\" \/>\n<meta property=\"og:description\" content=\"Phyt-Inov international\u00ae officiel, laboratoire suisse r\u00e9f\u00e9rent en soins et cosm\u00e9tiques naturels et biologiques pour la sant\u00e9 et la beaut\u00e9 de la peau, propose son bain de bouche biologique, (50 ml, sans conservateur, sans PEG) \u2013 Le bain de bouche est un produit naturel\/bio de Phyt Inov pour un rin\u00e7age \u00e9nergique de la bouche pour conserver une excellente haleine et en gargarisme. (bain de bouche naturel et biologique\/propolis rouge).\" \/>\n<meta property=\"og:url\" content=\"https:\/\/www.phyt-inov.com\/fr\/produit\/bain-de-bouche-a-la-propolis-rouge\/\" \/>\n<meta property=\"og:site_name\" content=\"Phyt-Inov\" \/>\n<meta property=\"article:publisher\" content=\"https:\/\/www.facebook.com\/phytinov\/\" \/>\n<meta property=\"article:modified_time\" content=\"2026-03-30T09:05:25+00:00\" \/>\n<meta property=\"og:image\" content=\"https:\/\/www.phyt-inov.com\/wp-content\/uploads\/2025\/09\/Bain-de-bouche-50-ml-11.2018-pour-2-Sites-scaled-2.jpg\" \/>\n\t<meta property=\"og:image:width\" content=\"1950\" \/>\n\t<meta property=\"og:image:height\" content=\"2560\" \/>\n\t<meta property=\"og:image:type\" content=\"image\/jpeg\" \/>\n<meta name=\"twitter:card\" content=\"summary_large_image\" \/>\n<meta name=\"twitter:label1\" content=\"Dur\u00e9e de lecture estim\u00e9e\" \/>\n\t<meta name=\"twitter:data1\" content=\"1 minute\" \/>\n<script type=\"application\/ld+json\" class=\"yoast-schema-graph\">{\"@context\":\"https:\\\/\\\/schema.org\",\"@graph\":[{\"@type\":\"WebPage\",\"@id\":\"https:\\\/\\\/www.phyt-inov.com\\\/fr\\\/produit\\\/bain-de-bouche-a-la-propolis-rouge\\\/\",\"url\":\"https:\\\/\\\/www.phyt-inov.com\\\/fr\\\/produit\\\/bain-de-bouche-a-la-propolis-rouge\\\/\",\"name\":\"Bain de bouche \u00e0 la propolis rouge \u2013 Gencives et Haleine - Phyt-Inov\u00ae officiel \u2013 Flacon de 50 ml 100% d\u2019origine naturelle et biologique | Phyt-inov.com\",\"isPartOf\":{\"@id\":\"https:\\\/\\\/www.phyt-inov.com\\\/fr\\\/#website\"},\"primaryImageOfPage\":{\"@id\":\"https:\\\/\\\/www.phyt-inov.com\\\/fr\\\/produit\\\/bain-de-bouche-a-la-propolis-rouge\\\/#primaryimage\"},\"image\":{\"@id\":\"https:\\\/\\\/www.phyt-inov.com\\\/fr\\\/produit\\\/bain-de-bouche-a-la-propolis-rouge\\\/#primaryimage\"},\"thumbnailUrl\":\"https:\\\/\\\/www.phyt-inov.com\\\/wp-content\\\/uploads\\\/2025\\\/09\\\/Bain-de-bouche-50-ml-11.2018-pour-2-Sites-scaled-2.jpg\",\"datePublished\":\"2019-04-04T21:31:18+00:00\",\"dateModified\":\"2026-03-30T09:05:25+00:00\",\"description\":\"Phyt-Inov international\u00ae officiel, laboratoire suisse r\u00e9f\u00e9rent en soins et cosm\u00e9tiques naturels et biologiques pour la sant\u00e9 et la beaut\u00e9 de la peau, propose son bain de bouche biologique, (50 ml, sans conservateur, sans PEG) \u2013 Le bain de bouche est un produit naturel\\\/bio de Phyt Inov pour un rin\u00e7age \u00e9nergique de la bouche pour conserver une excellente haleine et en gargarisme. (bain de bouche naturel et biologique\\\/propolis rouge).\",\"breadcrumb\":{\"@id\":\"https:\\\/\\\/www.phyt-inov.com\\\/fr\\\/produit\\\/bain-de-bouche-a-la-propolis-rouge\\\/#breadcrumb\"},\"inLanguage\":\"fr-FR\",\"potentialAction\":[{\"@type\":\"ReadAction\",\"target\":[\"https:\\\/\\\/www.phyt-inov.com\\\/fr\\\/produit\\\/bain-de-bouche-a-la-propolis-rouge\\\/\"]}]},{\"@type\":\"ImageObject\",\"inLanguage\":\"fr-FR\",\"@id\":\"https:\\\/\\\/www.phyt-inov.com\\\/fr\\\/produit\\\/bain-de-bouche-a-la-propolis-rouge\\\/#primaryimage\",\"url\":\"https:\\\/\\\/www.phyt-inov.com\\\/wp-content\\\/uploads\\\/2025\\\/09\\\/Bain-de-bouche-50-ml-11.2018-pour-2-Sites-scaled-2.jpg\",\"contentUrl\":\"https:\\\/\\\/www.phyt-inov.com\\\/wp-content\\\/uploads\\\/2025\\\/09\\\/Bain-de-bouche-50-ml-11.2018-pour-2-Sites-scaled-2.jpg\",\"width\":1950,\"height\":2560,\"caption\":\"phyt-inov produit bain de bouche\"},{\"@type\":\"BreadcrumbList\",\"@id\":\"https:\\\/\\\/www.phyt-inov.com\\\/fr\\\/produit\\\/bain-de-bouche-a-la-propolis-rouge\\\/#breadcrumb\",\"itemListElement\":[{\"@type\":\"ListItem\",\"position\":1,\"name\":\"Accueil\",\"item\":\"https:\\\/\\\/www.phyt-inov.com\\\/fr\\\/\"},{\"@type\":\"ListItem\",\"position\":2,\"name\":\"Boutique\",\"item\":\"https:\\\/\\\/www.phyt-inov.com\\\/fr\\\/boutique\\\/\"},{\"@type\":\"ListItem\",\"position\":3,\"name\":\"Bain de bouche \u00e0 la propolis rouge\"}]},{\"@type\":\"WebSite\",\"@id\":\"https:\\\/\\\/www.phyt-inov.com\\\/fr\\\/#website\",\"url\":\"https:\\\/\\\/www.phyt-inov.com\\\/fr\\\/\",\"name\":\"Phyt-Inov International\",\"description\":\"L&#039;efficacit\u00e9 naturelle pour vos soins quotidiens\",\"publisher\":{\"@id\":\"https:\\\/\\\/www.phyt-inov.com\\\/fr\\\/#organization\"},\"alternateName\":\"phyt-inov\",\"potentialAction\":[{\"@type\":\"SearchAction\",\"target\":{\"@type\":\"EntryPoint\",\"urlTemplate\":\"https:\\\/\\\/www.phyt-inov.com\\\/fr\\\/?s={search_term_string}\"},\"query-input\":{\"@type\":\"PropertyValueSpecification\",\"valueRequired\":true,\"valueName\":\"search_term_string\"}}],\"inLanguage\":\"fr-FR\"},{\"@type\":\"Organization\",\"@id\":\"https:\\\/\\\/www.phyt-inov.com\\\/fr\\\/#organization\",\"name\":\"Phyt-Inov\",\"alternateName\":\"Phyt-Inov\",\"url\":\"https:\\\/\\\/www.phyt-inov.com\\\/fr\\\/\",\"logo\":{\"@type\":\"ImageObject\",\"inLanguage\":\"fr-FR\",\"@id\":\"https:\\\/\\\/www.phyt-inov.com\\\/fr\\\/#\\\/schema\\\/logo\\\/image\\\/\",\"url\":\"https:\\\/\\\/www.phyt-inov.com\\\/wp-content\\\/uploads\\\/2025\\\/09\\\/Logo-site-phyt-inov4_Plan-de-travail-1-2048x760-1.png\",\"contentUrl\":\"https:\\\/\\\/www.phyt-inov.com\\\/wp-content\\\/uploads\\\/2025\\\/09\\\/Logo-site-phyt-inov4_Plan-de-travail-1-2048x760-1.png\",\"width\":2048,\"height\":760,\"caption\":\"Phyt-Inov\"},\"image\":{\"@id\":\"https:\\\/\\\/www.phyt-inov.com\\\/fr\\\/#\\\/schema\\\/logo\\\/image\\\/\"},\"sameAs\":[\"https:\\\/\\\/www.facebook.com\\\/phytinov\\\/\",\"https:\\\/\\\/www.youtube.com\\\/channel\\\/UCE05sYsSXuuKbLqs4Au3e4Q\",\"https:\\\/\\\/www.instagram.com\\\/phytinov\\\/\"]}]}<\/script>\n<!-- \/ Yoast SEO plugin. -->","yoast_head_json":{"title":"Bain de bouche \u00e0 la propolis rouge \u2013 Gencives et Haleine - Phyt-Inov\u00ae officiel \u2013 Flacon de 50 ml 100% d\u2019origine naturelle et biologique | Phyt-inov.com","description":"Phyt-Inov international\u00ae officiel, laboratoire suisse r\u00e9f\u00e9rent en soins et cosm\u00e9tiques naturels et biologiques pour la sant\u00e9 et la beaut\u00e9 de la peau, propose son bain de bouche biologique, (50 ml, sans conservateur, sans PEG) \u2013 Le bain de bouche est un produit naturel\/bio de Phyt Inov pour un rin\u00e7age \u00e9nergique de la bouche pour conserver une excellente haleine et en gargarisme. (bain de bouche naturel et biologique\/propolis rouge).","robots":{"index":"index","follow":"follow","max-snippet":"max-snippet:-1","max-image-preview":"max-image-preview:large","max-video-preview":"max-video-preview:-1"},"canonical":"https:\/\/www.phyt-inov.com\/fr\/produit\/bain-de-bouche-a-la-propolis-rouge\/","og_locale":"fr_FR","og_type":"article","og_title":"Bain de bouche \u00e0 la propolis rouge \u2013 Gencives et Haleine - Phyt-Inov\u00ae officiel \u2013 Flacon de 50 ml 100% d\u2019origine naturelle et biologique | Phyt-inov.com","og_description":"Phyt-Inov international\u00ae officiel, laboratoire suisse r\u00e9f\u00e9rent en soins et cosm\u00e9tiques naturels et biologiques pour la sant\u00e9 et la beaut\u00e9 de la peau, propose son bain de bouche biologique, (50 ml, sans conservateur, sans PEG) \u2013 Le bain de bouche est un produit naturel\/bio de Phyt Inov pour un rin\u00e7age \u00e9nergique de la bouche pour conserver une excellente haleine et en gargarisme. (bain de bouche naturel et biologique\/propolis rouge).","og_url":"https:\/\/www.phyt-inov.com\/fr\/produit\/bain-de-bouche-a-la-propolis-rouge\/","og_site_name":"Phyt-Inov","article_publisher":"https:\/\/www.facebook.com\/phytinov\/","article_modified_time":"2026-03-30T09:05:25+00:00","og_image":[{"width":1950,"height":2560,"url":"https:\/\/www.phyt-inov.com\/wp-content\/uploads\/2025\/09\/Bain-de-bouche-50-ml-11.2018-pour-2-Sites-scaled-2.jpg","type":"image\/jpeg"}],"twitter_card":"summary_large_image","twitter_misc":{"Dur\u00e9e de lecture estim\u00e9e":"1 minute"},"schema":{"@context":"https:\/\/schema.org","@graph":[{"@type":"WebPage","@id":"https:\/\/www.phyt-inov.com\/fr\/produit\/bain-de-bouche-a-la-propolis-rouge\/","url":"https:\/\/www.phyt-inov.com\/fr\/produit\/bain-de-bouche-a-la-propolis-rouge\/","name":"Bain de bouche \u00e0 la propolis rouge \u2013 Gencives et Haleine - Phyt-Inov\u00ae officiel \u2013 Flacon de 50 ml 100% d\u2019origine naturelle et biologique | Phyt-inov.com","isPartOf":{"@id":"https:\/\/www.phyt-inov.com\/fr\/#website"},"primaryImageOfPage":{"@id":"https:\/\/www.phyt-inov.com\/fr\/produit\/bain-de-bouche-a-la-propolis-rouge\/#primaryimage"},"image":{"@id":"https:\/\/www.phyt-inov.com\/fr\/produit\/bain-de-bouche-a-la-propolis-rouge\/#primaryimage"},"thumbnailUrl":"https:\/\/www.phyt-inov.com\/wp-content\/uploads\/2025\/09\/Bain-de-bouche-50-ml-11.2018-pour-2-Sites-scaled-2.jpg","datePublished":"2019-04-04T21:31:18+00:00","dateModified":"2026-03-30T09:05:25+00:00","description":"Phyt-Inov international\u00ae officiel, laboratoire suisse r\u00e9f\u00e9rent en soins et cosm\u00e9tiques naturels et biologiques pour la sant\u00e9 et la beaut\u00e9 de la peau, propose son bain de bouche biologique, (50 ml, sans conservateur, sans PEG) \u2013 Le bain de bouche est un produit naturel\/bio de Phyt Inov pour un rin\u00e7age \u00e9nergique de la bouche pour conserver une excellente haleine et en gargarisme. (bain de bouche naturel et biologique\/propolis rouge).","breadcrumb":{"@id":"https:\/\/www.phyt-inov.com\/fr\/produit\/bain-de-bouche-a-la-propolis-rouge\/#breadcrumb"},"inLanguage":"fr-FR","potentialAction":[{"@type":"ReadAction","target":["https:\/\/www.phyt-inov.com\/fr\/produit\/bain-de-bouche-a-la-propolis-rouge\/"]}]},{"@type":"ImageObject","inLanguage":"fr-FR","@id":"https:\/\/www.phyt-inov.com\/fr\/produit\/bain-de-bouche-a-la-propolis-rouge\/#primaryimage","url":"https:\/\/www.phyt-inov.com\/wp-content\/uploads\/2025\/09\/Bain-de-bouche-50-ml-11.2018-pour-2-Sites-scaled-2.jpg","contentUrl":"https:\/\/www.phyt-inov.com\/wp-content\/uploads\/2025\/09\/Bain-de-bouche-50-ml-11.2018-pour-2-Sites-scaled-2.jpg","width":1950,"height":2560,"caption":"phyt-inov produit bain de bouche"},{"@type":"BreadcrumbList","@id":"https:\/\/www.phyt-inov.com\/fr\/produit\/bain-de-bouche-a-la-propolis-rouge\/#breadcrumb","itemListElement":[{"@type":"ListItem","position":1,"name":"Accueil","item":"https:\/\/www.phyt-inov.com\/fr\/"},{"@type":"ListItem","position":2,"name":"Boutique","item":"https:\/\/www.phyt-inov.com\/fr\/boutique\/"},{"@type":"ListItem","position":3,"name":"Bain de bouche \u00e0 la propolis rouge"}]},{"@type":"WebSite","@id":"https:\/\/www.phyt-inov.com\/fr\/#website","url":"https:\/\/www.phyt-inov.com\/fr\/","name":"Phyt-Inov International","description":"L&#039;efficacit\u00e9 naturelle pour vos soins quotidiens","publisher":{"@id":"https:\/\/www.phyt-inov.com\/fr\/#organization"},"alternateName":"phyt-inov","potentialAction":[{"@type":"SearchAction","target":{"@type":"EntryPoint","urlTemplate":"https:\/\/www.phyt-inov.com\/fr\/?s={search_term_string}"},"query-input":{"@type":"PropertyValueSpecification","valueRequired":true,"valueName":"search_term_string"}}],"inLanguage":"fr-FR"},{"@type":"Organization","@id":"https:\/\/www.phyt-inov.com\/fr\/#organization","name":"Phyt-Inov","alternateName":"Phyt-Inov","url":"https:\/\/www.phyt-inov.com\/fr\/","logo":{"@type":"ImageObject","inLanguage":"fr-FR","@id":"https:\/\/www.phyt-inov.com\/fr\/#\/schema\/logo\/image\/","url":"https:\/\/www.phyt-inov.com\/wp-content\/uploads\/2025\/09\/Logo-site-phyt-inov4_Plan-de-travail-1-2048x760-1.png","contentUrl":"https:\/\/www.phyt-inov.com\/wp-content\/uploads\/2025\/09\/Logo-site-phyt-inov4_Plan-de-travail-1-2048x760-1.png","width":2048,"height":760,"caption":"Phyt-Inov"},"image":{"@id":"https:\/\/www.phyt-inov.com\/fr\/#\/schema\/logo\/image\/"},"sameAs":["https:\/\/www.facebook.com\/phytinov\/","https:\/\/www.youtube.com\/channel\/UCE05sYsSXuuKbLqs4Au3e4Q","https:\/\/www.instagram.com\/phytinov\/"]}]}},"jetpack_sharing_enabled":true,"_links":{"self":[{"href":"https:\/\/www.phyt-inov.com\/fr\/wp-json\/wp\/v2\/product\/146","targetHints":{"allow":["GET"]}}],"collection":[{"href":"https:\/\/www.phyt-inov.com\/fr\/wp-json\/wp\/v2\/product"}],"about":[{"href":"https:\/\/www.phyt-inov.com\/fr\/wp-json\/wp\/v2\/types\/product"}],"replies":[{"embeddable":true,"href":"https:\/\/www.phyt-inov.com\/fr\/wp-json\/wp\/v2\/comments?post=146"}],"wp:featuredmedia":[{"embeddable":true,"href":"https:\/\/www.phyt-inov.com\/fr\/wp-json\/wp\/v2\/media\/208"}],"wp:attachment":[{"href":"https:\/\/www.phyt-inov.com\/fr\/wp-json\/wp\/v2\/media?parent=146"}],"wp:term":[{"taxonomy":"product_brand","embeddable":true,"href":"https:\/\/www.phyt-inov.com\/fr\/wp-json\/wp\/v2\/product_brand?post=146"},{"taxonomy":"product_cat","embeddable":true,"href":"https:\/\/www.phyt-inov.com\/fr\/wp-json\/wp\/v2\/product_cat?post=146"},{"taxonomy":"product_tag","embeddable":true,"href":"https:\/\/www.phyt-inov.com\/fr\/wp-json\/wp\/v2\/product_tag?post=146"}],"curies":[{"name":"wp","href":"https:\/\/api.w.org\/{rel}","templated":true}]}}