{"id":145,"date":"2019-04-04T21:31:17","date_gmt":"2019-04-04T21:31:17","guid":{"rendered":"https:\/\/www.phyt-inov.com\/?post_type=product&#038;p=145"},"modified":"2026-03-30T09:05:43","modified_gmt":"2026-03-30T09:05:43","slug":"serum-creme-nutritif","status":"publish","type":"product","link":"https:\/\/www.phyt-inov.com\/fr\/produit\/serum-creme-nutritif\/","title":{"rendered":"S\u00e9rum Cr\u00e8me Nutritif"},"content":{"rendered":"<p><b>Biomaxi, pour un maximum bio du total des ingr\u00e9dients.<\/b><\/p>\n<h4 class=\"\" data-start=\"874\" data-end=\"924\">Une formule riche en actifs v\u00e9g\u00e9taux pr\u00e9cieux<\/h4>\n<ul data-start=\"926\" data-end=\"1692\">\n<li class=\"\" data-start=\"926\" data-end=\"1162\">\n<p class=\"\" data-start=\"928\" data-end=\"1162\"><strong data-start=\"928\" data-end=\"953\">8 huiles essentielles<\/strong> rigoureusement s\u00e9lectionn\u00e9es pour leurs propri\u00e9t\u00e9s r\u00e9gulatrices, r\u00e9paratrices et anti-\u00e2ge : carotte, lavande aspic, bois de santal, palmarosa, romarin, sauge sclar\u00e9e, g\u00e9ranium bourbon, petit grain bigaradier.<\/p>\n<\/li>\n<li class=\"\" data-start=\"926\" data-end=\"1162\"><strong data-start=\"1165\" data-end=\"1198\">9 huiles v\u00e9g\u00e9tales nutritives<\/strong> telles que l\u2019huile d\u2019avocat, de jojoba, de macadamia, de millepertuis ou encore de pracaxi, apportent souplesse et confort \u00e0 l\u2019\u00e9piderme.<\/li>\n<li class=\"\" data-start=\"1336\" data-end=\"1426\">\n<p class=\"\" data-start=\"1338\" data-end=\"1426\"><strong data-start=\"1338\" data-end=\"1358\">Beurre de karit\u00e9<\/strong> et <strong data-start=\"1362\" data-end=\"1386\">extrait de calendula<\/strong> aux vertus nourrissantes et apaisantes.<\/p>\n<\/li>\n<li class=\"\" data-start=\"1427\" data-end=\"1507\">\n<p class=\"\" data-start=\"1429\" data-end=\"1507\"><strong data-start=\"1429\" data-end=\"1458\">Extrait de reine des pr\u00e9s<\/strong>, pour un effet lissant, tonifiant et astringent.<\/p>\n<\/li>\n<li class=\"\" data-start=\"1508\" data-end=\"1692\">\n<p class=\"\" data-start=\"1510\" data-end=\"1692\"><strong data-start=\"1510\" data-end=\"1529\">S\u00e8ve de bouleau<\/strong>, signature de la gamme Flora d\u2019Essarts, utilis\u00e9e en substitution de l\u2019eau pour enrichir la formule en min\u00e9raux et favoriser une meilleure assimilation des actifs.<\/p>\n<\/li>\n<\/ul>\n<h4 class=\"\" data-start=\"1694\" data-end=\"1721\">Conseils d\u2019application<\/h4>\n<p class=\"\" data-start=\"1723\" data-end=\"1977\">Appliquer matin et\/ou soir sur peau propre, id\u00e9alement apr\u00e8s un hydrolat ou un s\u00e9rum fluide. D\u00e9poser une petite quantit\u00e9 du soin dans le creux de la main, puis masser d\u00e9licatement le visage et le cou par mouvements ascendants jusqu\u2019\u00e0 absorption compl\u00e8te.<\/p>\n<p class=\"\" data-start=\"1979\" data-end=\"2137\">Ce soin peut \u00eatre utilis\u00e9 seul ou en compl\u00e9ment d\u2019un s\u00e9rum plus l\u00e9ger, selon les besoins de la peau. Il constitue \u00e9galement une excellente base de maquillage.<\/p>\n<p><b>Flacon Airless de 50 ml<\/b>.<br \/>\nAucun conservateur m\u00eame autoris\u00e9 en bio.<br \/>\n<b>100 %<\/b> du total des ingr\u00e9dients sont naturels ou d\u2019origine naturelle.<br \/>\n<b>92.9%<\/b> du total des ingr\u00e9dients sont certifi\u00e9s bio.<\/p>\n<p>&nbsp;<\/p>\n<p>&nbsp;<\/p>\n","protected":false},"excerpt":{"rendered":"<p class=\"\" data-start=\"268\" data-end=\"579\">Le <strong data-start=\"271\" data-end=\"295\">S\u00e9rum Cr\u00e8me Nutritif<\/strong> est un soin complet hautement nourrissant, sp\u00e9cifiquement formul\u00e9 pour r\u00e9pondre aux besoins des <strong data-start=\"392\" data-end=\"432\">peaux s\u00e8ches, tr\u00e8s s\u00e8ches et matures<\/strong>. Sa texture riche et onctueuse enveloppe l\u2019\u00e9piderme d\u2019un confort imm\u00e9diat et durable, tout en restaurant la souplesse et l\u2019\u00e9clat naturel du teint.<\/p>\n<p class=\"\" data-start=\"581\" data-end=\"872\">Combinant la concentration d\u2019un s\u00e9rum et la douceur d\u2019une cr\u00e8me, ce soin agit en profondeur pour lisser les traits, nourrir intens\u00e9ment la peau, et r\u00e9v\u00e9ler un teint visiblement plus lumineux et unifi\u00e9. Id\u00e9al pour les peaux en perte de densit\u00e9, de fermet\u00e9 ou marqu\u00e9es par les signes du temps.<\/p>\n","protected":false},"featured_media":206,"comment_status":"open","ping_status":"closed","template":"","meta":{"_et_pb_use_builder":"","_et_pb_old_content":"","_et_gb_content_width":""},"product_brand":[101],"product_cat":[86,94],"product_tag":[],"class_list":{"0":"post-145","1":"product","2":"type-product","3":"status-publish","4":"has-post-thumbnail","6":"product_brand-flora-dessarts","7":"product_cat-cosmetiques-bio","8":"product_cat-hygiene-beaute-peau","10":"first","11":"instock","12":"shipping-taxable","13":"purchasable","14":"product-type-simple"},"yoast_head":"<!-- This site is optimized with the Yoast SEO plugin v27.4 - https:\/\/yoast.com\/product\/yoast-seo-wordpress\/ -->\n<title>S\u00e9rum Cr\u00e8me Nutritif - Flora d&#039;Essarts - Phyt-Inov\u00ae officiel - cr\u00e8me biologique pour le soin de la peau et du visage - Peaux sensibles - 50 ml 100% naturel et ultrabiologique | Phyt-inov.com<\/title>\n<meta name=\"description\" content=\"Phyt-Inov international\u00ae officiel, laboratoire suisse r\u00e9f\u00e9rent en soins et cosm\u00e9tiques naturels et biologiques pour la sant\u00e9 et la beaut\u00e9 de la peau, propose son S\u00e9rum Cr\u00e8me Nutritif Flora d&#039;Essarts, (50 ml sans conservateurs ni PEG) \u2013 Le S\u00e9rum Cr\u00e8me Nutritif Flora d&#039;Essarts est un produit naturel\/bio de Phyt Inov pour pr\u00e9server la beaut\u00e9 de la peau (s\u00e8ve de bouleau\/huile d&#039;olive\/s\u00e9same\/camomille\/jojoba\/avocat). Ce S\u00e9rum Cr\u00e8me Nutritif est une \u00e9mulsion apaisante, calmante, adoucissante, qui permet \u00e0 l\u2019\u00e9piderme de retrouver son \u00e9quilibre et sa souplesse. Elle est recommand\u00e9e pour les peaux sensibles, r\u00e9actives et d\u00e9licates.\" \/>\n<meta name=\"robots\" content=\"index, follow, max-snippet:-1, max-image-preview:large, max-video-preview:-1\" \/>\n<link rel=\"canonical\" href=\"https:\/\/www.phyt-inov.com\/fr\/produit\/serum-creme-nutritif\/\" \/>\n<meta property=\"og:locale\" content=\"fr_FR\" \/>\n<meta property=\"og:type\" content=\"article\" \/>\n<meta property=\"og:title\" content=\"S\u00e9rum Cr\u00e8me Nutritif - Flora d&#039;Essarts - Phyt-Inov\u00ae officiel - cr\u00e8me biologique pour le soin de la peau et du visage - Peaux sensibles - 50 ml 100% naturel et ultrabiologique | Phyt-inov.com\" \/>\n<meta property=\"og:description\" content=\"Phyt-Inov international\u00ae officiel, laboratoire suisse r\u00e9f\u00e9rent en soins et cosm\u00e9tiques naturels et biologiques pour la sant\u00e9 et la beaut\u00e9 de la peau, propose son S\u00e9rum Cr\u00e8me Nutritif Flora d&#039;Essarts, (50 ml sans conservateurs ni PEG) \u2013 Le S\u00e9rum Cr\u00e8me Nutritif Flora d&#039;Essarts est un produit naturel\/bio de Phyt Inov pour pr\u00e9server la beaut\u00e9 de la peau (s\u00e8ve de bouleau\/huile d&#039;olive\/s\u00e9same\/camomille\/jojoba\/avocat). Ce S\u00e9rum Cr\u00e8me Nutritif est une \u00e9mulsion apaisante, calmante, adoucissante, qui permet \u00e0 l\u2019\u00e9piderme de retrouver son \u00e9quilibre et sa souplesse. Elle est recommand\u00e9e pour les peaux sensibles, r\u00e9actives et d\u00e9licates.\" \/>\n<meta property=\"og:url\" content=\"https:\/\/www.phyt-inov.com\/fr\/produit\/serum-creme-nutritif\/\" \/>\n<meta property=\"og:site_name\" content=\"Phyt-Inov\" \/>\n<meta property=\"article:publisher\" content=\"https:\/\/www.facebook.com\/phytinov\/\" \/>\n<meta property=\"article:modified_time\" content=\"2026-03-30T09:05:43+00:00\" \/>\n<meta property=\"og:image\" content=\"https:\/\/www.phyt-inov.com\/wp-content\/uploads\/2025\/09\/SCN-2-scaled.png\" \/>\n\t<meta property=\"og:image:width\" content=\"2446\" \/>\n\t<meta property=\"og:image:height\" content=\"2560\" \/>\n\t<meta property=\"og:image:type\" content=\"image\/png\" \/>\n<meta name=\"twitter:card\" content=\"summary_large_image\" \/>\n<meta name=\"twitter:label1\" content=\"Dur\u00e9e de lecture estim\u00e9e\" \/>\n\t<meta name=\"twitter:data1\" content=\"2 minutes\" \/>\n<script type=\"application\/ld+json\" class=\"yoast-schema-graph\">{\"@context\":\"https:\\\/\\\/schema.org\",\"@graph\":[{\"@type\":\"WebPage\",\"@id\":\"https:\\\/\\\/www.phyt-inov.com\\\/fr\\\/produit\\\/serum-creme-nutritif\\\/\",\"url\":\"https:\\\/\\\/www.phyt-inov.com\\\/fr\\\/produit\\\/serum-creme-nutritif\\\/\",\"name\":\"S\u00e9rum Cr\u00e8me Nutritif - Flora d'Essarts - Phyt-Inov\u00ae officiel - cr\u00e8me biologique pour le soin de la peau et du visage - Peaux sensibles - 50 ml 100% naturel et ultrabiologique | Phyt-inov.com\",\"isPartOf\":{\"@id\":\"https:\\\/\\\/www.phyt-inov.com\\\/fr\\\/#website\"},\"primaryImageOfPage\":{\"@id\":\"https:\\\/\\\/www.phyt-inov.com\\\/fr\\\/produit\\\/serum-creme-nutritif\\\/#primaryimage\"},\"image\":{\"@id\":\"https:\\\/\\\/www.phyt-inov.com\\\/fr\\\/produit\\\/serum-creme-nutritif\\\/#primaryimage\"},\"thumbnailUrl\":\"https:\\\/\\\/www.phyt-inov.com\\\/wp-content\\\/uploads\\\/2025\\\/09\\\/SCN-2-scaled.png\",\"datePublished\":\"2019-04-04T21:31:17+00:00\",\"dateModified\":\"2026-03-30T09:05:43+00:00\",\"description\":\"Phyt-Inov international\u00ae officiel, laboratoire suisse r\u00e9f\u00e9rent en soins et cosm\u00e9tiques naturels et biologiques pour la sant\u00e9 et la beaut\u00e9 de la peau, propose son S\u00e9rum Cr\u00e8me Nutritif Flora d'Essarts, (50 ml sans conservateurs ni PEG) \u2013 Le S\u00e9rum Cr\u00e8me Nutritif Flora d'Essarts est un produit naturel\\\/bio de Phyt Inov pour pr\u00e9server la beaut\u00e9 de la peau (s\u00e8ve de bouleau\\\/huile d'olive\\\/s\u00e9same\\\/camomille\\\/jojoba\\\/avocat). Ce S\u00e9rum Cr\u00e8me Nutritif est une \u00e9mulsion apaisante, calmante, adoucissante, qui permet \u00e0 l\u2019\u00e9piderme de retrouver son \u00e9quilibre et sa souplesse. Elle est recommand\u00e9e pour les peaux sensibles, r\u00e9actives et d\u00e9licates.\",\"breadcrumb\":{\"@id\":\"https:\\\/\\\/www.phyt-inov.com\\\/fr\\\/produit\\\/serum-creme-nutritif\\\/#breadcrumb\"},\"inLanguage\":\"fr-FR\",\"potentialAction\":[{\"@type\":\"ReadAction\",\"target\":[\"https:\\\/\\\/www.phyt-inov.com\\\/fr\\\/produit\\\/serum-creme-nutritif\\\/\"]}]},{\"@type\":\"ImageObject\",\"inLanguage\":\"fr-FR\",\"@id\":\"https:\\\/\\\/www.phyt-inov.com\\\/fr\\\/produit\\\/serum-creme-nutritif\\\/#primaryimage\",\"url\":\"https:\\\/\\\/www.phyt-inov.com\\\/wp-content\\\/uploads\\\/2025\\\/09\\\/SCN-2-scaled.png\",\"contentUrl\":\"https:\\\/\\\/www.phyt-inov.com\\\/wp-content\\\/uploads\\\/2025\\\/09\\\/SCN-2-scaled.png\",\"width\":2446,\"height\":2560,\"caption\":\"flora d'essarts s\u00e9rum cr\u00e8me nutritif\"},{\"@type\":\"BreadcrumbList\",\"@id\":\"https:\\\/\\\/www.phyt-inov.com\\\/fr\\\/produit\\\/serum-creme-nutritif\\\/#breadcrumb\",\"itemListElement\":[{\"@type\":\"ListItem\",\"position\":1,\"name\":\"Accueil\",\"item\":\"https:\\\/\\\/www.phyt-inov.com\\\/fr\\\/\"},{\"@type\":\"ListItem\",\"position\":2,\"name\":\"Boutique\",\"item\":\"https:\\\/\\\/www.phyt-inov.com\\\/fr\\\/boutique\\\/\"},{\"@type\":\"ListItem\",\"position\":3,\"name\":\"S\u00e9rum Cr\u00e8me Nutritif\"}]},{\"@type\":\"WebSite\",\"@id\":\"https:\\\/\\\/www.phyt-inov.com\\\/fr\\\/#website\",\"url\":\"https:\\\/\\\/www.phyt-inov.com\\\/fr\\\/\",\"name\":\"Phyt-Inov International\",\"description\":\"L&#039;efficacit\u00e9 naturelle pour vos soins quotidiens\",\"publisher\":{\"@id\":\"https:\\\/\\\/www.phyt-inov.com\\\/fr\\\/#organization\"},\"alternateName\":\"phyt-inov\",\"potentialAction\":[{\"@type\":\"SearchAction\",\"target\":{\"@type\":\"EntryPoint\",\"urlTemplate\":\"https:\\\/\\\/www.phyt-inov.com\\\/fr\\\/?s={search_term_string}\"},\"query-input\":{\"@type\":\"PropertyValueSpecification\",\"valueRequired\":true,\"valueName\":\"search_term_string\"}}],\"inLanguage\":\"fr-FR\"},{\"@type\":\"Organization\",\"@id\":\"https:\\\/\\\/www.phyt-inov.com\\\/fr\\\/#organization\",\"name\":\"Phyt-Inov\",\"alternateName\":\"Phyt-Inov\",\"url\":\"https:\\\/\\\/www.phyt-inov.com\\\/fr\\\/\",\"logo\":{\"@type\":\"ImageObject\",\"inLanguage\":\"fr-FR\",\"@id\":\"https:\\\/\\\/www.phyt-inov.com\\\/fr\\\/#\\\/schema\\\/logo\\\/image\\\/\",\"url\":\"https:\\\/\\\/www.phyt-inov.com\\\/wp-content\\\/uploads\\\/2025\\\/09\\\/Logo-site-phyt-inov4_Plan-de-travail-1-2048x760-1.png\",\"contentUrl\":\"https:\\\/\\\/www.phyt-inov.com\\\/wp-content\\\/uploads\\\/2025\\\/09\\\/Logo-site-phyt-inov4_Plan-de-travail-1-2048x760-1.png\",\"width\":2048,\"height\":760,\"caption\":\"Phyt-Inov\"},\"image\":{\"@id\":\"https:\\\/\\\/www.phyt-inov.com\\\/fr\\\/#\\\/schema\\\/logo\\\/image\\\/\"},\"sameAs\":[\"https:\\\/\\\/www.facebook.com\\\/phytinov\\\/\",\"https:\\\/\\\/www.youtube.com\\\/channel\\\/UCE05sYsSXuuKbLqs4Au3e4Q\",\"https:\\\/\\\/www.instagram.com\\\/phytinov\\\/\"]}]}<\/script>\n<!-- \/ Yoast SEO plugin. -->","yoast_head_json":{"title":"S\u00e9rum Cr\u00e8me Nutritif - Flora d'Essarts - Phyt-Inov\u00ae officiel - cr\u00e8me biologique pour le soin de la peau et du visage - Peaux sensibles - 50 ml 100% naturel et ultrabiologique | Phyt-inov.com","description":"Phyt-Inov international\u00ae officiel, laboratoire suisse r\u00e9f\u00e9rent en soins et cosm\u00e9tiques naturels et biologiques pour la sant\u00e9 et la beaut\u00e9 de la peau, propose son S\u00e9rum Cr\u00e8me Nutritif Flora d'Essarts, (50 ml sans conservateurs ni PEG) \u2013 Le S\u00e9rum Cr\u00e8me Nutritif Flora d'Essarts est un produit naturel\/bio de Phyt Inov pour pr\u00e9server la beaut\u00e9 de la peau (s\u00e8ve de bouleau\/huile d'olive\/s\u00e9same\/camomille\/jojoba\/avocat). Ce S\u00e9rum Cr\u00e8me Nutritif est une \u00e9mulsion apaisante, calmante, adoucissante, qui permet \u00e0 l\u2019\u00e9piderme de retrouver son \u00e9quilibre et sa souplesse. Elle est recommand\u00e9e pour les peaux sensibles, r\u00e9actives et d\u00e9licates.","robots":{"index":"index","follow":"follow","max-snippet":"max-snippet:-1","max-image-preview":"max-image-preview:large","max-video-preview":"max-video-preview:-1"},"canonical":"https:\/\/www.phyt-inov.com\/fr\/produit\/serum-creme-nutritif\/","og_locale":"fr_FR","og_type":"article","og_title":"S\u00e9rum Cr\u00e8me Nutritif - Flora d'Essarts - Phyt-Inov\u00ae officiel - cr\u00e8me biologique pour le soin de la peau et du visage - Peaux sensibles - 50 ml 100% naturel et ultrabiologique | Phyt-inov.com","og_description":"Phyt-Inov international\u00ae officiel, laboratoire suisse r\u00e9f\u00e9rent en soins et cosm\u00e9tiques naturels et biologiques pour la sant\u00e9 et la beaut\u00e9 de la peau, propose son S\u00e9rum Cr\u00e8me Nutritif Flora d'Essarts, (50 ml sans conservateurs ni PEG) \u2013 Le S\u00e9rum Cr\u00e8me Nutritif Flora d'Essarts est un produit naturel\/bio de Phyt Inov pour pr\u00e9server la beaut\u00e9 de la peau (s\u00e8ve de bouleau\/huile d'olive\/s\u00e9same\/camomille\/jojoba\/avocat). Ce S\u00e9rum Cr\u00e8me Nutritif est une \u00e9mulsion apaisante, calmante, adoucissante, qui permet \u00e0 l\u2019\u00e9piderme de retrouver son \u00e9quilibre et sa souplesse. Elle est recommand\u00e9e pour les peaux sensibles, r\u00e9actives et d\u00e9licates.","og_url":"https:\/\/www.phyt-inov.com\/fr\/produit\/serum-creme-nutritif\/","og_site_name":"Phyt-Inov","article_publisher":"https:\/\/www.facebook.com\/phytinov\/","article_modified_time":"2026-03-30T09:05:43+00:00","og_image":[{"width":2446,"height":2560,"url":"https:\/\/www.phyt-inov.com\/wp-content\/uploads\/2025\/09\/SCN-2-scaled.png","type":"image\/png"}],"twitter_card":"summary_large_image","twitter_misc":{"Dur\u00e9e de lecture estim\u00e9e":"2 minutes"},"schema":{"@context":"https:\/\/schema.org","@graph":[{"@type":"WebPage","@id":"https:\/\/www.phyt-inov.com\/fr\/produit\/serum-creme-nutritif\/","url":"https:\/\/www.phyt-inov.com\/fr\/produit\/serum-creme-nutritif\/","name":"S\u00e9rum Cr\u00e8me Nutritif - Flora d'Essarts - Phyt-Inov\u00ae officiel - cr\u00e8me biologique pour le soin de la peau et du visage - Peaux sensibles - 50 ml 100% naturel et ultrabiologique | Phyt-inov.com","isPartOf":{"@id":"https:\/\/www.phyt-inov.com\/fr\/#website"},"primaryImageOfPage":{"@id":"https:\/\/www.phyt-inov.com\/fr\/produit\/serum-creme-nutritif\/#primaryimage"},"image":{"@id":"https:\/\/www.phyt-inov.com\/fr\/produit\/serum-creme-nutritif\/#primaryimage"},"thumbnailUrl":"https:\/\/www.phyt-inov.com\/wp-content\/uploads\/2025\/09\/SCN-2-scaled.png","datePublished":"2019-04-04T21:31:17+00:00","dateModified":"2026-03-30T09:05:43+00:00","description":"Phyt-Inov international\u00ae officiel, laboratoire suisse r\u00e9f\u00e9rent en soins et cosm\u00e9tiques naturels et biologiques pour la sant\u00e9 et la beaut\u00e9 de la peau, propose son S\u00e9rum Cr\u00e8me Nutritif Flora d'Essarts, (50 ml sans conservateurs ni PEG) \u2013 Le S\u00e9rum Cr\u00e8me Nutritif Flora d'Essarts est un produit naturel\/bio de Phyt Inov pour pr\u00e9server la beaut\u00e9 de la peau (s\u00e8ve de bouleau\/huile d'olive\/s\u00e9same\/camomille\/jojoba\/avocat). Ce S\u00e9rum Cr\u00e8me Nutritif est une \u00e9mulsion apaisante, calmante, adoucissante, qui permet \u00e0 l\u2019\u00e9piderme de retrouver son \u00e9quilibre et sa souplesse. Elle est recommand\u00e9e pour les peaux sensibles, r\u00e9actives et d\u00e9licates.","breadcrumb":{"@id":"https:\/\/www.phyt-inov.com\/fr\/produit\/serum-creme-nutritif\/#breadcrumb"},"inLanguage":"fr-FR","potentialAction":[{"@type":"ReadAction","target":["https:\/\/www.phyt-inov.com\/fr\/produit\/serum-creme-nutritif\/"]}]},{"@type":"ImageObject","inLanguage":"fr-FR","@id":"https:\/\/www.phyt-inov.com\/fr\/produit\/serum-creme-nutritif\/#primaryimage","url":"https:\/\/www.phyt-inov.com\/wp-content\/uploads\/2025\/09\/SCN-2-scaled.png","contentUrl":"https:\/\/www.phyt-inov.com\/wp-content\/uploads\/2025\/09\/SCN-2-scaled.png","width":2446,"height":2560,"caption":"flora d'essarts s\u00e9rum cr\u00e8me nutritif"},{"@type":"BreadcrumbList","@id":"https:\/\/www.phyt-inov.com\/fr\/produit\/serum-creme-nutritif\/#breadcrumb","itemListElement":[{"@type":"ListItem","position":1,"name":"Accueil","item":"https:\/\/www.phyt-inov.com\/fr\/"},{"@type":"ListItem","position":2,"name":"Boutique","item":"https:\/\/www.phyt-inov.com\/fr\/boutique\/"},{"@type":"ListItem","position":3,"name":"S\u00e9rum Cr\u00e8me Nutritif"}]},{"@type":"WebSite","@id":"https:\/\/www.phyt-inov.com\/fr\/#website","url":"https:\/\/www.phyt-inov.com\/fr\/","name":"Phyt-Inov International","description":"L&#039;efficacit\u00e9 naturelle pour vos soins quotidiens","publisher":{"@id":"https:\/\/www.phyt-inov.com\/fr\/#organization"},"alternateName":"phyt-inov","potentialAction":[{"@type":"SearchAction","target":{"@type":"EntryPoint","urlTemplate":"https:\/\/www.phyt-inov.com\/fr\/?s={search_term_string}"},"query-input":{"@type":"PropertyValueSpecification","valueRequired":true,"valueName":"search_term_string"}}],"inLanguage":"fr-FR"},{"@type":"Organization","@id":"https:\/\/www.phyt-inov.com\/fr\/#organization","name":"Phyt-Inov","alternateName":"Phyt-Inov","url":"https:\/\/www.phyt-inov.com\/fr\/","logo":{"@type":"ImageObject","inLanguage":"fr-FR","@id":"https:\/\/www.phyt-inov.com\/fr\/#\/schema\/logo\/image\/","url":"https:\/\/www.phyt-inov.com\/wp-content\/uploads\/2025\/09\/Logo-site-phyt-inov4_Plan-de-travail-1-2048x760-1.png","contentUrl":"https:\/\/www.phyt-inov.com\/wp-content\/uploads\/2025\/09\/Logo-site-phyt-inov4_Plan-de-travail-1-2048x760-1.png","width":2048,"height":760,"caption":"Phyt-Inov"},"image":{"@id":"https:\/\/www.phyt-inov.com\/fr\/#\/schema\/logo\/image\/"},"sameAs":["https:\/\/www.facebook.com\/phytinov\/","https:\/\/www.youtube.com\/channel\/UCE05sYsSXuuKbLqs4Au3e4Q","https:\/\/www.instagram.com\/phytinov\/"]}]}},"jetpack_sharing_enabled":true,"_links":{"self":[{"href":"https:\/\/www.phyt-inov.com\/fr\/wp-json\/wp\/v2\/product\/145","targetHints":{"allow":["GET"]}}],"collection":[{"href":"https:\/\/www.phyt-inov.com\/fr\/wp-json\/wp\/v2\/product"}],"about":[{"href":"https:\/\/www.phyt-inov.com\/fr\/wp-json\/wp\/v2\/types\/product"}],"replies":[{"embeddable":true,"href":"https:\/\/www.phyt-inov.com\/fr\/wp-json\/wp\/v2\/comments?post=145"}],"wp:featuredmedia":[{"embeddable":true,"href":"https:\/\/www.phyt-inov.com\/fr\/wp-json\/wp\/v2\/media\/206"}],"wp:attachment":[{"href":"https:\/\/www.phyt-inov.com\/fr\/wp-json\/wp\/v2\/media?parent=145"}],"wp:term":[{"taxonomy":"product_brand","embeddable":true,"href":"https:\/\/www.phyt-inov.com\/fr\/wp-json\/wp\/v2\/product_brand?post=145"},{"taxonomy":"product_cat","embeddable":true,"href":"https:\/\/www.phyt-inov.com\/fr\/wp-json\/wp\/v2\/product_cat?post=145"},{"taxonomy":"product_tag","embeddable":true,"href":"https:\/\/www.phyt-inov.com\/fr\/wp-json\/wp\/v2\/product_tag?post=145"}],"curies":[{"name":"wp","href":"https:\/\/api.w.org\/{rel}","templated":true}]}}