{"id":83964,"date":"2019-04-04T17:38:45","date_gmt":"2019-04-04T17:38:45","guid":{"rendered":"https:\/\/www.phyt-inov.com\/produit\/shampoo-duschgel\/"},"modified":"2019-04-04T17:38:45","modified_gmt":"2019-04-04T17:38:45","slug":"shampoo-duschgel","status":"publish","type":"product","link":"https:\/\/www.phyt-inov.com\/de\/produit\/shampoo-duschgel\/","title":{"rendered":"Shampoo  Duschgel"},"content":{"rendered":"<p><b>Bio-Shampoo  Duschgel mit Birkensaft<\/b><br \/>\n300 ml<\/p>\n<p>Der biologische Birkensaft \u2013 ungefiltert, unpasteurisiert, belebt und dynamisiert durch den Fluss durch die Baumkan\u00e4le \u2013 ist sehr reich an Mineralien, Spurenelementen, freien Aminos\u00e4uren und Vitaminen und verleiht diesem Shampoo  Duschgel au\u00dfergew\u00f6hnliche Eigenschaften.<br \/>\nDer Birkensaft setzt all seine Bestandteile frei, um das Haar zu n\u00e4hren und zu st\u00e4rken und gleichzeitig die Kopfhaut zu pflegen.<br \/>\nDieses Shampoo  Duschgel ist auch f\u00fcr empfindlichste Haut geeignet. Dank seiner nat\u00fcrlichen Zusammensetzung respektiert diese Pflege den pH-Wert der Haut und verleiht ihr Geschmeidigkeit und Schutz.<br \/>\nEs besitzt zudem einen zarten Orangenduft. <\/p>\n","protected":false},"excerpt":{"rendered":"<p>Entdecken Sie unser 100 % nat\u00fcrliches und biologisches Shampoo  Duschgel von au\u00dfergew\u00f6hnlicher Qualit\u00e4t.<\/p>\n<p>Formuliert mit reinen, hautschonenden Inhaltsstoffen, reinigt es sanft und bewahrt dabei das nat\u00fcrliche Gleichgewicht.<\/p>\n<p>G\u00f6nnen Sie Ihrem Haar und Ihrem K\u00f6rper eine authentische und revitalisierende Pflege.<\/p>\n","protected":false},"featured_media":83965,"comment_status":"open","ping_status":"closed","template":"","meta":{"_et_pb_use_builder":"","_et_pb_old_content":"","_et_gb_content_width":""},"product_brand":[],"product_cat":[106,103,144],"product_tag":[],"class_list":{"0":"post-83964","1":"product","2":"type-product","3":"status-publish","4":"has-post-thumbnail","6":"product_cat-angebote","7":"product_cat-hygiene-gesundheitsprodukte","8":"product_cat-hygiene-schonheit-und-hautpflege","10":"first","11":"instock","12":"shipping-taxable","13":"purchasable","14":"product-type-variable"},"yoast_head":"<!-- This site is optimized with the Yoast SEO plugin v27.3 - https:\/\/yoast.com\/product\/yoast-seo-wordpress\/ -->\n<title>6er-Pack Shampoo Duschgel mit Birkensaft - Phyt-Inov\u00ae offiziell - Biologisches Shampoo Duschgel zur Haar- und Hautpflege, st\u00e4rkt die Kopfhaut - pH-neutral - Birkensaft - 300 ml nat\u00fcrlich, biologisch | Phyt-inov.com<\/title>\n<meta name=\"description\" content=\"Phyt-Inov international\u00ae offiziell, f\u00fchrendes Schweizer Labor f\u00fcr nat\u00fcrliche und biologische Pflege und Kosmetik f\u00fcr die Gesundheit und Sch\u00f6nheit der Haut, bietet sein biologisches Shampoo Duschgel an (300 ml, ohne Konservierungsstoffe, PEG-frei) \u2013 Das Shampoo-Duschgel ist ein nat\u00fcrliches\/Bio-Produkt von Phyt Inov zur Reinigung, Pflege und St\u00e4rkung von Kopfhaut und Haut (nat\u00fcrliches und biologisches Shampoo und Duschgel\/pH-neutral\/empfindliche Haut).\" \/>\n<meta name=\"robots\" content=\"index, follow, max-snippet:-1, max-image-preview:large, max-video-preview:-1\" \/>\n<link rel=\"canonical\" href=\"https:\/\/www.phyt-inov.com\/de\/produit\/shampoo-duschgel\/\" \/>\n<meta property=\"og:locale\" content=\"de_DE\" \/>\n<meta property=\"og:type\" content=\"article\" \/>\n<meta property=\"og:title\" content=\"6er-Pack Shampoo Duschgel mit Birkensaft - Phyt-Inov\u00ae offiziell - Biologisches Shampoo Duschgel zur Haar- und Hautpflege, st\u00e4rkt die Kopfhaut - pH-neutral - Birkensaft - 300 ml nat\u00fcrlich, biologisch | Phyt-inov.com\" \/>\n<meta property=\"og:description\" content=\"Phyt-Inov international\u00ae offiziell, f\u00fchrendes Schweizer Labor f\u00fcr nat\u00fcrliche und biologische Pflege und Kosmetik f\u00fcr die Gesundheit und Sch\u00f6nheit der Haut, bietet sein biologisches Shampoo Duschgel an (300 ml, ohne Konservierungsstoffe, PEG-frei) \u2013 Das Shampoo-Duschgel ist ein nat\u00fcrliches\/Bio-Produkt von Phyt Inov zur Reinigung, Pflege und St\u00e4rkung von Kopfhaut und Haut (nat\u00fcrliches und biologisches Shampoo und Duschgel\/pH-neutral\/empfindliche Haut).\" \/>\n<meta property=\"og:url\" content=\"https:\/\/www.phyt-inov.com\/de\/produit\/shampoo-duschgel\/\" \/>\n<meta property=\"og:site_name\" content=\"Phyt-Inov\" \/>\n<meta property=\"article:publisher\" content=\"https:\/\/www.facebook.com\/phytinov\/\" \/>\n<meta property=\"og:image\" content=\"https:\/\/www.phyt-inov.com\/wp-content\/uploads\/2025\/09\/Shampooing-pour-site-Phyt-Inov-2.jpg\" \/>\n\t<meta property=\"og:image:width\" content=\"609\" \/>\n\t<meta property=\"og:image:height\" content=\"794\" \/>\n\t<meta property=\"og:image:type\" content=\"image\/jpeg\" \/>\n<meta name=\"twitter:card\" content=\"summary_large_image\" \/>\n<script type=\"application\/ld+json\" class=\"yoast-schema-graph\">{\"@context\":\"https:\\\/\\\/schema.org\",\"@graph\":[{\"@type\":\"WebPage\",\"@id\":\"https:\\\/\\\/www.phyt-inov.com\\\/de\\\/produit\\\/shampoo-duschgel\\\/\",\"url\":\"https:\\\/\\\/www.phyt-inov.com\\\/de\\\/produit\\\/shampoo-duschgel\\\/\",\"name\":\"6er-Pack Shampoo Duschgel mit Birkensaft - Phyt-Inov\u00ae offiziell - Biologisches Shampoo Duschgel zur Haar- und Hautpflege, st\u00e4rkt die Kopfhaut - pH-neutral - Birkensaft - 300 ml nat\u00fcrlich, biologisch | Phyt-inov.com\",\"isPartOf\":{\"@id\":\"https:\\\/\\\/www.phyt-inov.com\\\/de\\\/#website\"},\"primaryImageOfPage\":{\"@id\":\"https:\\\/\\\/www.phyt-inov.com\\\/de\\\/produit\\\/shampoo-duschgel\\\/#primaryimage\"},\"image\":{\"@id\":\"https:\\\/\\\/www.phyt-inov.com\\\/de\\\/produit\\\/shampoo-duschgel\\\/#primaryimage\"},\"thumbnailUrl\":\"https:\\\/\\\/www.phyt-inov.com\\\/wp-content\\\/uploads\\\/2025\\\/09\\\/Shampooing-pour-site-Phyt-Inov-2.jpg\",\"datePublished\":\"2019-04-04T17:38:45+00:00\",\"description\":\"Phyt-Inov international\u00ae offiziell, f\u00fchrendes Schweizer Labor f\u00fcr nat\u00fcrliche und biologische Pflege und Kosmetik f\u00fcr die Gesundheit und Sch\u00f6nheit der Haut, bietet sein biologisches Shampoo Duschgel an (300 ml, ohne Konservierungsstoffe, PEG-frei) \u2013 Das Shampoo-Duschgel ist ein nat\u00fcrliches\\\/Bio-Produkt von Phyt Inov zur Reinigung, Pflege und St\u00e4rkung von Kopfhaut und Haut (nat\u00fcrliches und biologisches Shampoo und Duschgel\\\/pH-neutral\\\/empfindliche Haut).\",\"breadcrumb\":{\"@id\":\"https:\\\/\\\/www.phyt-inov.com\\\/de\\\/produit\\\/shampoo-duschgel\\\/#breadcrumb\"},\"inLanguage\":\"de\",\"potentialAction\":[{\"@type\":\"ReadAction\",\"target\":[\"https:\\\/\\\/www.phyt-inov.com\\\/de\\\/produit\\\/shampoo-duschgel\\\/\"]}]},{\"@type\":\"ImageObject\",\"inLanguage\":\"de\",\"@id\":\"https:\\\/\\\/www.phyt-inov.com\\\/de\\\/produit\\\/shampoo-duschgel\\\/#primaryimage\",\"url\":\"https:\\\/\\\/www.phyt-inov.com\\\/wp-content\\\/uploads\\\/2025\\\/09\\\/Shampooing-pour-site-Phyt-Inov-2.jpg\",\"contentUrl\":\"https:\\\/\\\/www.phyt-inov.com\\\/wp-content\\\/uploads\\\/2025\\\/09\\\/Shampooing-pour-site-Phyt-Inov-2.jpg\",\"width\":609,\"height\":794,\"caption\":\"Phyt-Inov Shampoo-Produkt\"},{\"@type\":\"BreadcrumbList\",\"@id\":\"https:\\\/\\\/www.phyt-inov.com\\\/de\\\/produit\\\/shampoo-duschgel\\\/#breadcrumb\",\"itemListElement\":[{\"@type\":\"ListItem\",\"position\":1,\"name\":\"Accueil\",\"item\":\"https:\\\/\\\/www.phyt-inov.com\\\/de\\\/startseite\\\/\"},{\"@type\":\"ListItem\",\"position\":2,\"name\":\"Shop\",\"item\":\"https:\\\/\\\/www.phyt-inov.com\\\/de\\\/shop\\\/\"},{\"@type\":\"ListItem\",\"position\":3,\"name\":\"Shampoo Duschgel\"}]},{\"@type\":\"WebSite\",\"@id\":\"https:\\\/\\\/www.phyt-inov.com\\\/de\\\/#website\",\"url\":\"https:\\\/\\\/www.phyt-inov.com\\\/de\\\/\",\"name\":\"Phyt-Inov International\",\"description\":\"L&#039;efficacit\u00e9 naturelle pour vos soins quotidiens\",\"publisher\":{\"@id\":\"https:\\\/\\\/www.phyt-inov.com\\\/de\\\/#organization\"},\"alternateName\":\"phyt-inov\",\"potentialAction\":[{\"@type\":\"SearchAction\",\"target\":{\"@type\":\"EntryPoint\",\"urlTemplate\":\"https:\\\/\\\/www.phyt-inov.com\\\/de\\\/?s={search_term_string}\"},\"query-input\":{\"@type\":\"PropertyValueSpecification\",\"valueRequired\":true,\"valueName\":\"search_term_string\"}}],\"inLanguage\":\"de\"},{\"@type\":\"Organization\",\"@id\":\"https:\\\/\\\/www.phyt-inov.com\\\/de\\\/#organization\",\"name\":\"Phyt-Inov\",\"alternateName\":\"Phyt-Inov\",\"url\":\"https:\\\/\\\/www.phyt-inov.com\\\/de\\\/\",\"logo\":{\"@type\":\"ImageObject\",\"inLanguage\":\"de\",\"@id\":\"https:\\\/\\\/www.phyt-inov.com\\\/de\\\/#\\\/schema\\\/logo\\\/image\\\/\",\"url\":\"https:\\\/\\\/www.phyt-inov.com\\\/wp-content\\\/uploads\\\/2025\\\/09\\\/Logo-site-phyt-inov4_Plan-de-travail-1-2048x760-1.png\",\"contentUrl\":\"https:\\\/\\\/www.phyt-inov.com\\\/wp-content\\\/uploads\\\/2025\\\/09\\\/Logo-site-phyt-inov4_Plan-de-travail-1-2048x760-1.png\",\"width\":2048,\"height\":760,\"caption\":\"Phyt-Inov\"},\"image\":{\"@id\":\"https:\\\/\\\/www.phyt-inov.com\\\/de\\\/#\\\/schema\\\/logo\\\/image\\\/\"},\"sameAs\":[\"https:\\\/\\\/www.facebook.com\\\/phytinov\\\/\",\"https:\\\/\\\/www.youtube.com\\\/channel\\\/UCE05sYsSXuuKbLqs4Au3e4Q\",\"https:\\\/\\\/www.instagram.com\\\/phytinov\\\/\"]}]}<\/script>\n<!-- \/ Yoast SEO plugin. -->","yoast_head_json":{"title":"6er-Pack Shampoo Duschgel mit Birkensaft - Phyt-Inov\u00ae offiziell - Biologisches Shampoo Duschgel zur Haar- und Hautpflege, st\u00e4rkt die Kopfhaut - pH-neutral - Birkensaft - 300 ml nat\u00fcrlich, biologisch | Phyt-inov.com","description":"Phyt-Inov international\u00ae offiziell, f\u00fchrendes Schweizer Labor f\u00fcr nat\u00fcrliche und biologische Pflege und Kosmetik f\u00fcr die Gesundheit und Sch\u00f6nheit der Haut, bietet sein biologisches Shampoo Duschgel an (300 ml, ohne Konservierungsstoffe, PEG-frei) \u2013 Das Shampoo-Duschgel ist ein nat\u00fcrliches\/Bio-Produkt von Phyt Inov zur Reinigung, Pflege und St\u00e4rkung von Kopfhaut und Haut (nat\u00fcrliches und biologisches Shampoo und Duschgel\/pH-neutral\/empfindliche Haut).","robots":{"index":"index","follow":"follow","max-snippet":"max-snippet:-1","max-image-preview":"max-image-preview:large","max-video-preview":"max-video-preview:-1"},"canonical":"https:\/\/www.phyt-inov.com\/de\/produit\/shampoo-duschgel\/","og_locale":"de_DE","og_type":"article","og_title":"6er-Pack Shampoo Duschgel mit Birkensaft - Phyt-Inov\u00ae offiziell - Biologisches Shampoo Duschgel zur Haar- und Hautpflege, st\u00e4rkt die Kopfhaut - pH-neutral - Birkensaft - 300 ml nat\u00fcrlich, biologisch | Phyt-inov.com","og_description":"Phyt-Inov international\u00ae offiziell, f\u00fchrendes Schweizer Labor f\u00fcr nat\u00fcrliche und biologische Pflege und Kosmetik f\u00fcr die Gesundheit und Sch\u00f6nheit der Haut, bietet sein biologisches Shampoo Duschgel an (300 ml, ohne Konservierungsstoffe, PEG-frei) \u2013 Das Shampoo-Duschgel ist ein nat\u00fcrliches\/Bio-Produkt von Phyt Inov zur Reinigung, Pflege und St\u00e4rkung von Kopfhaut und Haut (nat\u00fcrliches und biologisches Shampoo und Duschgel\/pH-neutral\/empfindliche Haut).","og_url":"https:\/\/www.phyt-inov.com\/de\/produit\/shampoo-duschgel\/","og_site_name":"Phyt-Inov","article_publisher":"https:\/\/www.facebook.com\/phytinov\/","og_image":[{"width":609,"height":794,"url":"https:\/\/www.phyt-inov.com\/wp-content\/uploads\/2025\/09\/Shampooing-pour-site-Phyt-Inov-2.jpg","type":"image\/jpeg"}],"twitter_card":"summary_large_image","schema":{"@context":"https:\/\/schema.org","@graph":[{"@type":"WebPage","@id":"https:\/\/www.phyt-inov.com\/de\/produit\/shampoo-duschgel\/","url":"https:\/\/www.phyt-inov.com\/de\/produit\/shampoo-duschgel\/","name":"6er-Pack Shampoo Duschgel mit Birkensaft - Phyt-Inov\u00ae offiziell - Biologisches Shampoo Duschgel zur Haar- und Hautpflege, st\u00e4rkt die Kopfhaut - pH-neutral - Birkensaft - 300 ml nat\u00fcrlich, biologisch | Phyt-inov.com","isPartOf":{"@id":"https:\/\/www.phyt-inov.com\/de\/#website"},"primaryImageOfPage":{"@id":"https:\/\/www.phyt-inov.com\/de\/produit\/shampoo-duschgel\/#primaryimage"},"image":{"@id":"https:\/\/www.phyt-inov.com\/de\/produit\/shampoo-duschgel\/#primaryimage"},"thumbnailUrl":"https:\/\/www.phyt-inov.com\/wp-content\/uploads\/2025\/09\/Shampooing-pour-site-Phyt-Inov-2.jpg","datePublished":"2019-04-04T17:38:45+00:00","description":"Phyt-Inov international\u00ae offiziell, f\u00fchrendes Schweizer Labor f\u00fcr nat\u00fcrliche und biologische Pflege und Kosmetik f\u00fcr die Gesundheit und Sch\u00f6nheit der Haut, bietet sein biologisches Shampoo Duschgel an (300 ml, ohne Konservierungsstoffe, PEG-frei) \u2013 Das Shampoo-Duschgel ist ein nat\u00fcrliches\/Bio-Produkt von Phyt Inov zur Reinigung, Pflege und St\u00e4rkung von Kopfhaut und Haut (nat\u00fcrliches und biologisches Shampoo und Duschgel\/pH-neutral\/empfindliche Haut).","breadcrumb":{"@id":"https:\/\/www.phyt-inov.com\/de\/produit\/shampoo-duschgel\/#breadcrumb"},"inLanguage":"de","potentialAction":[{"@type":"ReadAction","target":["https:\/\/www.phyt-inov.com\/de\/produit\/shampoo-duschgel\/"]}]},{"@type":"ImageObject","inLanguage":"de","@id":"https:\/\/www.phyt-inov.com\/de\/produit\/shampoo-duschgel\/#primaryimage","url":"https:\/\/www.phyt-inov.com\/wp-content\/uploads\/2025\/09\/Shampooing-pour-site-Phyt-Inov-2.jpg","contentUrl":"https:\/\/www.phyt-inov.com\/wp-content\/uploads\/2025\/09\/Shampooing-pour-site-Phyt-Inov-2.jpg","width":609,"height":794,"caption":"Phyt-Inov Shampoo-Produkt"},{"@type":"BreadcrumbList","@id":"https:\/\/www.phyt-inov.com\/de\/produit\/shampoo-duschgel\/#breadcrumb","itemListElement":[{"@type":"ListItem","position":1,"name":"Accueil","item":"https:\/\/www.phyt-inov.com\/de\/startseite\/"},{"@type":"ListItem","position":2,"name":"Shop","item":"https:\/\/www.phyt-inov.com\/de\/shop\/"},{"@type":"ListItem","position":3,"name":"Shampoo Duschgel"}]},{"@type":"WebSite","@id":"https:\/\/www.phyt-inov.com\/de\/#website","url":"https:\/\/www.phyt-inov.com\/de\/","name":"Phyt-Inov International","description":"L&#039;efficacit\u00e9 naturelle pour vos soins quotidiens","publisher":{"@id":"https:\/\/www.phyt-inov.com\/de\/#organization"},"alternateName":"phyt-inov","potentialAction":[{"@type":"SearchAction","target":{"@type":"EntryPoint","urlTemplate":"https:\/\/www.phyt-inov.com\/de\/?s={search_term_string}"},"query-input":{"@type":"PropertyValueSpecification","valueRequired":true,"valueName":"search_term_string"}}],"inLanguage":"de"},{"@type":"Organization","@id":"https:\/\/www.phyt-inov.com\/de\/#organization","name":"Phyt-Inov","alternateName":"Phyt-Inov","url":"https:\/\/www.phyt-inov.com\/de\/","logo":{"@type":"ImageObject","inLanguage":"de","@id":"https:\/\/www.phyt-inov.com\/de\/#\/schema\/logo\/image\/","url":"https:\/\/www.phyt-inov.com\/wp-content\/uploads\/2025\/09\/Logo-site-phyt-inov4_Plan-de-travail-1-2048x760-1.png","contentUrl":"https:\/\/www.phyt-inov.com\/wp-content\/uploads\/2025\/09\/Logo-site-phyt-inov4_Plan-de-travail-1-2048x760-1.png","width":2048,"height":760,"caption":"Phyt-Inov"},"image":{"@id":"https:\/\/www.phyt-inov.com\/de\/#\/schema\/logo\/image\/"},"sameAs":["https:\/\/www.facebook.com\/phytinov\/","https:\/\/www.youtube.com\/channel\/UCE05sYsSXuuKbLqs4Au3e4Q","https:\/\/www.instagram.com\/phytinov\/"]}]}},"jetpack_sharing_enabled":true,"_links":{"self":[{"href":"https:\/\/www.phyt-inov.com\/de\/wp-json\/wp\/v2\/product\/83964","targetHints":{"allow":["GET"]}}],"collection":[{"href":"https:\/\/www.phyt-inov.com\/de\/wp-json\/wp\/v2\/product"}],"about":[{"href":"https:\/\/www.phyt-inov.com\/de\/wp-json\/wp\/v2\/types\/product"}],"replies":[{"embeddable":true,"href":"https:\/\/www.phyt-inov.com\/de\/wp-json\/wp\/v2\/comments?post=83964"}],"wp:featuredmedia":[{"embeddable":true,"href":"https:\/\/www.phyt-inov.com\/de\/wp-json\/wp\/v2\/media\/83965"}],"wp:attachment":[{"href":"https:\/\/www.phyt-inov.com\/de\/wp-json\/wp\/v2\/media?parent=83964"}],"wp:term":[{"taxonomy":"product_brand","embeddable":true,"href":"https:\/\/www.phyt-inov.com\/de\/wp-json\/wp\/v2\/product_brand?post=83964"},{"taxonomy":"product_cat","embeddable":true,"href":"https:\/\/www.phyt-inov.com\/de\/wp-json\/wp\/v2\/product_cat?post=83964"},{"taxonomy":"product_tag","embeddable":true,"href":"https:\/\/www.phyt-inov.com\/de\/wp-json\/wp\/v2\/product_tag?post=83964"}],"curies":[{"name":"wp","href":"https:\/\/api.w.org\/{rel}","templated":true}]}}