{"id":83960,"date":"2019-04-04T17:38:41","date_gmt":"2019-04-04T17:38:41","guid":{"rendered":"https:\/\/www.phyt-inov.com\/produit\/schwermetallschaeden\/"},"modified":"2019-04-04T17:38:41","modified_gmt":"2019-04-04T17:38:41","slug":"schwermetallschaeden","status":"publish","type":"product","link":"https:\/\/www.phyt-inov.com\/de\/produit\/schwermetallschaeden\/","title":{"rendered":"Schwermetallsch\u00e4den"},"content":{"rendered":"<p>Autor: Dr. Jean-Pierre WILLEM <\/p>\n<p>Seitenanzahl: 290 Seiten<br \/>\nFormat: 22,20 x 15,40 x 2,40 cm<br \/>\nGewicht: 0,418 kg<\/p>\n<p>Erscheinungsdatum: Ausgabe 2024 (Erstver\u00f6ffentlichung September 2014)<\/p>\n<p>Verlag: Tr\u00e9daniel la Maisnie<\/p>\n","protected":false},"excerpt":{"rendered":"<p>Schwermetalle sind in geringen Dosen nat\u00fcrlicherweise in der Natur und in lebenden Organismen vorhanden. \u00dcberschreiten sie jedoch einen bestimmten Schwellenwert, werden sie umso gef\u00e4hrlicher, da sie, einmal im K\u00f6rper, nur sehr schwer wieder ausgeschieden werden k\u00f6nnen. Quecksilber, Aluminium, Blei; verschmutzte Luft und Gew\u00e4sser, bestimmte Verh\u00fctungsmittel, Kosmetika und Shampoos; Amalgam- und Zahnlegierungen; Insektizide; Industrieprodukte, Fluss- und Meeresfische in kontaminiertem Wasser, Pflanzen; Schlachttiere\u2026<br \/>\nIhre konstante Toxizit\u00e4t f\u00fcr den Organismus nimmt stetig zu: von einfachen Allergien bis hin zu schweren Herz-Kreislauf-Erkrankungen oder, bei hohen Dosen, neurologischen Ver\u00e4nderungen, und bei empfindlichen Personen sogar eine Abnahme der intellektuellen Leistungsf\u00e4higkeit und der k\u00f6rperlichen Entwicklung.  <\/p>\n<p>\u2022 Eine sehr umfassende Darstellung aller Schwermetalle, die unsere Gesundheit bedrohen.<\/p>\n<p>\u2022 Die verschiedenen nat\u00fcrlichen L\u00f6sungen, um sich vor sch\u00e4dlichen Mineralien und Metallen im K\u00f6rper zu sch\u00fctzen und zu entgiften.<\/p>\n","protected":false},"featured_media":83961,"comment_status":"open","ping_status":"closed","template":"","meta":{"_et_pb_use_builder":"","_et_pb_old_content":"","_et_gb_content_width":""},"product_brand":[],"product_cat":[133,134],"product_tag":[],"class_list":{"0":"post-83960","1":"product","2":"type-product","3":"status-publish","4":"has-post-thumbnail","6":"product_cat-bucher","7":"product_cat-bucher-von-jean-pierre-willem","9":"first","10":"instock","11":"shipping-taxable","12":"purchasable","13":"product-type-simple"},"yoast_head":"<!-- This site is optimized with the Yoast SEO plugin v27.3 - https:\/\/yoast.com\/product\/yoast-seo-wordpress\/ -->\n<title>Schwermetallsch\u00e4den \u2013 Die verschiedenen nat\u00fcrlichen L\u00f6sungen zum Schutz und zur Entgiftung von organismussch\u00e4dlichen Mineralien und Metallen. \u2013 Buch von Dr. Jean-Pierre Willem | Phyt-inov.com<\/title>\n<meta name=\"description\" content=\"Phyt-Inov international\u00ae offiziell, Schweizer Labor, bietet die B\u00fccher von Dr. Jean-Pierre Willem \u00fcber Schwermetallsch\u00e4den an.\" \/>\n<meta name=\"robots\" content=\"index, follow, max-snippet:-1, max-image-preview:large, max-video-preview:-1\" \/>\n<link rel=\"canonical\" href=\"https:\/\/www.phyt-inov.com\/de\/produit\/schwermetallschaeden\/\" \/>\n<meta property=\"og:locale\" content=\"de_DE\" \/>\n<meta property=\"og:type\" content=\"article\" \/>\n<meta property=\"og:title\" content=\"Schwermetallsch\u00e4den \u2013 Die verschiedenen nat\u00fcrlichen L\u00f6sungen zum Schutz und zur Entgiftung von organismussch\u00e4dlichen Mineralien und Metallen. \u2013 Buch von Dr. Jean-Pierre Willem | Phyt-inov.com\" \/>\n<meta property=\"og:description\" content=\"Phyt-Inov international\u00ae offiziell, Schweizer Labor, bietet die B\u00fccher von Dr. Jean-Pierre Willem \u00fcber Schwermetallsch\u00e4den an.\" \/>\n<meta property=\"og:url\" content=\"https:\/\/www.phyt-inov.com\/de\/produit\/schwermetallschaeden\/\" \/>\n<meta property=\"og:site_name\" content=\"Phyt-Inov\" \/>\n<meta property=\"article:publisher\" content=\"https:\/\/www.facebook.com\/phytinov\/\" \/>\n<meta property=\"og:image\" content=\"https:\/\/www.phyt-inov.com\/wp-content\/uploads\/2025\/09\/Les-degats-des-metaux-lourds-Prevention-et-detoxication-naturelle-biais.jpeg\" \/>\n\t<meta property=\"og:image:width\" content=\"400\" \/>\n\t<meta property=\"og:image:height\" content=\"586\" \/>\n\t<meta property=\"og:image:type\" content=\"image\/jpeg\" \/>\n<meta name=\"twitter:card\" content=\"summary_large_image\" \/>\n<script type=\"application\/ld+json\" class=\"yoast-schema-graph\">{\"@context\":\"https:\\\/\\\/schema.org\",\"@graph\":[{\"@type\":\"WebPage\",\"@id\":\"https:\\\/\\\/www.phyt-inov.com\\\/de\\\/produit\\\/schwermetallschaeden\\\/\",\"url\":\"https:\\\/\\\/www.phyt-inov.com\\\/de\\\/produit\\\/schwermetallschaeden\\\/\",\"name\":\"Schwermetallsch\u00e4den \u2013 Die verschiedenen nat\u00fcrlichen L\u00f6sungen zum Schutz und zur Entgiftung von organismussch\u00e4dlichen Mineralien und Metallen. \u2013 Buch von Dr. Jean-Pierre Willem | Phyt-inov.com\",\"isPartOf\":{\"@id\":\"https:\\\/\\\/www.phyt-inov.com\\\/de\\\/#website\"},\"primaryImageOfPage\":{\"@id\":\"https:\\\/\\\/www.phyt-inov.com\\\/de\\\/produit\\\/schwermetallschaeden\\\/#primaryimage\"},\"image\":{\"@id\":\"https:\\\/\\\/www.phyt-inov.com\\\/de\\\/produit\\\/schwermetallschaeden\\\/#primaryimage\"},\"thumbnailUrl\":\"https:\\\/\\\/www.phyt-inov.com\\\/wp-content\\\/uploads\\\/2025\\\/09\\\/Les-degats-des-metaux-lourds-Prevention-et-detoxication-naturelle-biais.jpeg\",\"datePublished\":\"2019-04-04T17:38:41+00:00\",\"description\":\"Phyt-Inov international\u00ae offiziell, Schweizer Labor, bietet die B\u00fccher von Dr. Jean-Pierre Willem \u00fcber Schwermetallsch\u00e4den an.\",\"breadcrumb\":{\"@id\":\"https:\\\/\\\/www.phyt-inov.com\\\/de\\\/produit\\\/schwermetallschaeden\\\/#breadcrumb\"},\"inLanguage\":\"de\",\"potentialAction\":[{\"@type\":\"ReadAction\",\"target\":[\"https:\\\/\\\/www.phyt-inov.com\\\/de\\\/produit\\\/schwermetallschaeden\\\/\"]}]},{\"@type\":\"ImageObject\",\"inLanguage\":\"de\",\"@id\":\"https:\\\/\\\/www.phyt-inov.com\\\/de\\\/produit\\\/schwermetallschaeden\\\/#primaryimage\",\"url\":\"https:\\\/\\\/www.phyt-inov.com\\\/wp-content\\\/uploads\\\/2025\\\/09\\\/Les-degats-des-metaux-lourds-Prevention-et-detoxication-naturelle-biais.jpeg\",\"contentUrl\":\"https:\\\/\\\/www.phyt-inov.com\\\/wp-content\\\/uploads\\\/2025\\\/09\\\/Les-degats-des-metaux-lourds-Prevention-et-detoxication-naturelle-biais.jpeg\",\"width\":400,\"height\":586,\"caption\":\"Buch Dr. Willem die Schwermetallsch\u00e4den\"},{\"@type\":\"BreadcrumbList\",\"@id\":\"https:\\\/\\\/www.phyt-inov.com\\\/de\\\/produit\\\/schwermetallschaeden\\\/#breadcrumb\",\"itemListElement\":[{\"@type\":\"ListItem\",\"position\":1,\"name\":\"Accueil\",\"item\":\"https:\\\/\\\/www.phyt-inov.com\\\/de\\\/startseite\\\/\"},{\"@type\":\"ListItem\",\"position\":2,\"name\":\"Shop\",\"item\":\"https:\\\/\\\/www.phyt-inov.com\\\/de\\\/shop\\\/\"},{\"@type\":\"ListItem\",\"position\":3,\"name\":\"Schwermetallsch\u00e4den\"}]},{\"@type\":\"WebSite\",\"@id\":\"https:\\\/\\\/www.phyt-inov.com\\\/de\\\/#website\",\"url\":\"https:\\\/\\\/www.phyt-inov.com\\\/de\\\/\",\"name\":\"Phyt-Inov International\",\"description\":\"L&#039;efficacit\u00e9 naturelle pour vos soins quotidiens\",\"publisher\":{\"@id\":\"https:\\\/\\\/www.phyt-inov.com\\\/de\\\/#organization\"},\"alternateName\":\"phyt-inov\",\"potentialAction\":[{\"@type\":\"SearchAction\",\"target\":{\"@type\":\"EntryPoint\",\"urlTemplate\":\"https:\\\/\\\/www.phyt-inov.com\\\/de\\\/?s={search_term_string}\"},\"query-input\":{\"@type\":\"PropertyValueSpecification\",\"valueRequired\":true,\"valueName\":\"search_term_string\"}}],\"inLanguage\":\"de\"},{\"@type\":\"Organization\",\"@id\":\"https:\\\/\\\/www.phyt-inov.com\\\/de\\\/#organization\",\"name\":\"Phyt-Inov\",\"alternateName\":\"Phyt-Inov\",\"url\":\"https:\\\/\\\/www.phyt-inov.com\\\/de\\\/\",\"logo\":{\"@type\":\"ImageObject\",\"inLanguage\":\"de\",\"@id\":\"https:\\\/\\\/www.phyt-inov.com\\\/de\\\/#\\\/schema\\\/logo\\\/image\\\/\",\"url\":\"https:\\\/\\\/www.phyt-inov.com\\\/wp-content\\\/uploads\\\/2025\\\/09\\\/Logo-site-phyt-inov4_Plan-de-travail-1-2048x760-1.png\",\"contentUrl\":\"https:\\\/\\\/www.phyt-inov.com\\\/wp-content\\\/uploads\\\/2025\\\/09\\\/Logo-site-phyt-inov4_Plan-de-travail-1-2048x760-1.png\",\"width\":2048,\"height\":760,\"caption\":\"Phyt-Inov\"},\"image\":{\"@id\":\"https:\\\/\\\/www.phyt-inov.com\\\/de\\\/#\\\/schema\\\/logo\\\/image\\\/\"},\"sameAs\":[\"https:\\\/\\\/www.facebook.com\\\/phytinov\\\/\",\"https:\\\/\\\/www.youtube.com\\\/channel\\\/UCE05sYsSXuuKbLqs4Au3e4Q\",\"https:\\\/\\\/www.instagram.com\\\/phytinov\\\/\"]}]}<\/script>\n<!-- \/ Yoast SEO plugin. -->","yoast_head_json":{"title":"Schwermetallsch\u00e4den \u2013 Die verschiedenen nat\u00fcrlichen L\u00f6sungen zum Schutz und zur Entgiftung von organismussch\u00e4dlichen Mineralien und Metallen. \u2013 Buch von Dr. Jean-Pierre Willem | Phyt-inov.com","description":"Phyt-Inov international\u00ae offiziell, Schweizer Labor, bietet die B\u00fccher von Dr. Jean-Pierre Willem \u00fcber Schwermetallsch\u00e4den an.","robots":{"index":"index","follow":"follow","max-snippet":"max-snippet:-1","max-image-preview":"max-image-preview:large","max-video-preview":"max-video-preview:-1"},"canonical":"https:\/\/www.phyt-inov.com\/de\/produit\/schwermetallschaeden\/","og_locale":"de_DE","og_type":"article","og_title":"Schwermetallsch\u00e4den \u2013 Die verschiedenen nat\u00fcrlichen L\u00f6sungen zum Schutz und zur Entgiftung von organismussch\u00e4dlichen Mineralien und Metallen. \u2013 Buch von Dr. Jean-Pierre Willem | Phyt-inov.com","og_description":"Phyt-Inov international\u00ae offiziell, Schweizer Labor, bietet die B\u00fccher von Dr. Jean-Pierre Willem \u00fcber Schwermetallsch\u00e4den an.","og_url":"https:\/\/www.phyt-inov.com\/de\/produit\/schwermetallschaeden\/","og_site_name":"Phyt-Inov","article_publisher":"https:\/\/www.facebook.com\/phytinov\/","og_image":[{"width":400,"height":586,"url":"https:\/\/www.phyt-inov.com\/wp-content\/uploads\/2025\/09\/Les-degats-des-metaux-lourds-Prevention-et-detoxication-naturelle-biais.jpeg","type":"image\/jpeg"}],"twitter_card":"summary_large_image","schema":{"@context":"https:\/\/schema.org","@graph":[{"@type":"WebPage","@id":"https:\/\/www.phyt-inov.com\/de\/produit\/schwermetallschaeden\/","url":"https:\/\/www.phyt-inov.com\/de\/produit\/schwermetallschaeden\/","name":"Schwermetallsch\u00e4den \u2013 Die verschiedenen nat\u00fcrlichen L\u00f6sungen zum Schutz und zur Entgiftung von organismussch\u00e4dlichen Mineralien und Metallen. \u2013 Buch von Dr. Jean-Pierre Willem | Phyt-inov.com","isPartOf":{"@id":"https:\/\/www.phyt-inov.com\/de\/#website"},"primaryImageOfPage":{"@id":"https:\/\/www.phyt-inov.com\/de\/produit\/schwermetallschaeden\/#primaryimage"},"image":{"@id":"https:\/\/www.phyt-inov.com\/de\/produit\/schwermetallschaeden\/#primaryimage"},"thumbnailUrl":"https:\/\/www.phyt-inov.com\/wp-content\/uploads\/2025\/09\/Les-degats-des-metaux-lourds-Prevention-et-detoxication-naturelle-biais.jpeg","datePublished":"2019-04-04T17:38:41+00:00","description":"Phyt-Inov international\u00ae offiziell, Schweizer Labor, bietet die B\u00fccher von Dr. Jean-Pierre Willem \u00fcber Schwermetallsch\u00e4den an.","breadcrumb":{"@id":"https:\/\/www.phyt-inov.com\/de\/produit\/schwermetallschaeden\/#breadcrumb"},"inLanguage":"de","potentialAction":[{"@type":"ReadAction","target":["https:\/\/www.phyt-inov.com\/de\/produit\/schwermetallschaeden\/"]}]},{"@type":"ImageObject","inLanguage":"de","@id":"https:\/\/www.phyt-inov.com\/de\/produit\/schwermetallschaeden\/#primaryimage","url":"https:\/\/www.phyt-inov.com\/wp-content\/uploads\/2025\/09\/Les-degats-des-metaux-lourds-Prevention-et-detoxication-naturelle-biais.jpeg","contentUrl":"https:\/\/www.phyt-inov.com\/wp-content\/uploads\/2025\/09\/Les-degats-des-metaux-lourds-Prevention-et-detoxication-naturelle-biais.jpeg","width":400,"height":586,"caption":"Buch Dr. Willem die Schwermetallsch\u00e4den"},{"@type":"BreadcrumbList","@id":"https:\/\/www.phyt-inov.com\/de\/produit\/schwermetallschaeden\/#breadcrumb","itemListElement":[{"@type":"ListItem","position":1,"name":"Accueil","item":"https:\/\/www.phyt-inov.com\/de\/startseite\/"},{"@type":"ListItem","position":2,"name":"Shop","item":"https:\/\/www.phyt-inov.com\/de\/shop\/"},{"@type":"ListItem","position":3,"name":"Schwermetallsch\u00e4den"}]},{"@type":"WebSite","@id":"https:\/\/www.phyt-inov.com\/de\/#website","url":"https:\/\/www.phyt-inov.com\/de\/","name":"Phyt-Inov International","description":"L&#039;efficacit\u00e9 naturelle pour vos soins quotidiens","publisher":{"@id":"https:\/\/www.phyt-inov.com\/de\/#organization"},"alternateName":"phyt-inov","potentialAction":[{"@type":"SearchAction","target":{"@type":"EntryPoint","urlTemplate":"https:\/\/www.phyt-inov.com\/de\/?s={search_term_string}"},"query-input":{"@type":"PropertyValueSpecification","valueRequired":true,"valueName":"search_term_string"}}],"inLanguage":"de"},{"@type":"Organization","@id":"https:\/\/www.phyt-inov.com\/de\/#organization","name":"Phyt-Inov","alternateName":"Phyt-Inov","url":"https:\/\/www.phyt-inov.com\/de\/","logo":{"@type":"ImageObject","inLanguage":"de","@id":"https:\/\/www.phyt-inov.com\/de\/#\/schema\/logo\/image\/","url":"https:\/\/www.phyt-inov.com\/wp-content\/uploads\/2025\/09\/Logo-site-phyt-inov4_Plan-de-travail-1-2048x760-1.png","contentUrl":"https:\/\/www.phyt-inov.com\/wp-content\/uploads\/2025\/09\/Logo-site-phyt-inov4_Plan-de-travail-1-2048x760-1.png","width":2048,"height":760,"caption":"Phyt-Inov"},"image":{"@id":"https:\/\/www.phyt-inov.com\/de\/#\/schema\/logo\/image\/"},"sameAs":["https:\/\/www.facebook.com\/phytinov\/","https:\/\/www.youtube.com\/channel\/UCE05sYsSXuuKbLqs4Au3e4Q","https:\/\/www.instagram.com\/phytinov\/"]}]}},"jetpack_sharing_enabled":true,"_links":{"self":[{"href":"https:\/\/www.phyt-inov.com\/de\/wp-json\/wp\/v2\/product\/83960","targetHints":{"allow":["GET"]}}],"collection":[{"href":"https:\/\/www.phyt-inov.com\/de\/wp-json\/wp\/v2\/product"}],"about":[{"href":"https:\/\/www.phyt-inov.com\/de\/wp-json\/wp\/v2\/types\/product"}],"replies":[{"embeddable":true,"href":"https:\/\/www.phyt-inov.com\/de\/wp-json\/wp\/v2\/comments?post=83960"}],"wp:featuredmedia":[{"embeddable":true,"href":"https:\/\/www.phyt-inov.com\/de\/wp-json\/wp\/v2\/media\/83961"}],"wp:attachment":[{"href":"https:\/\/www.phyt-inov.com\/de\/wp-json\/wp\/v2\/media?parent=83960"}],"wp:term":[{"taxonomy":"product_brand","embeddable":true,"href":"https:\/\/www.phyt-inov.com\/de\/wp-json\/wp\/v2\/product_brand?post=83960"},{"taxonomy":"product_cat","embeddable":true,"href":"https:\/\/www.phyt-inov.com\/de\/wp-json\/wp\/v2\/product_cat?post=83960"},{"taxonomy":"product_tag","embeddable":true,"href":"https:\/\/www.phyt-inov.com\/de\/wp-json\/wp\/v2\/product_tag?post=83960"}],"curies":[{"name":"wp","href":"https:\/\/api.w.org\/{rel}","templated":true}]}}