{"id":83868,"date":"2019-04-04T17:38:29","date_gmt":"2019-04-04T17:38:29","guid":{"rendered":"https:\/\/www.phyt-inov.com\/produit\/propolis-zahnpasta\/"},"modified":"2026-03-30T09:19:10","modified_gmt":"2026-03-30T09:19:10","slug":"propolis-zahnpasta","status":"publish","type":"product","link":"https:\/\/www.phyt-inov.com\/de\/produit\/propolis-zahnpasta\/","title":{"rendered":"Propolis-Zahnpasta"},"content":{"rendered":"<p><b>Zahnpasta mit Bio-Propolis und Bio-Birkensaft<\/b><\/p>\n<p>Der in dieser Zahnpasta enthaltene Bio-Birkensaft verleiht ihr dank seiner Mineralsalze, Spurenelemente und freien Aminos\u00e4uren au\u00dfergew\u00f6hnliche Eigenschaften; er unterst\u00fctzt die Pflege des Zahnfleisches.<br \/>\nBio-Propolis reguliert die Mundflora und tr\u00e4gt so bei t\u00e4glicher Anwendung zur Beseitigung unangenehmer Ger\u00fcche und zur Kariespr\u00e4vention bei.<\/p>\n<p><b>Ein neues Konzept der Zahnpflege<\/b><br \/>\nNeben Vitaminen, Flavonoiden und Pflanzenhormonen liefert Bio-Birkensaft eine Vielzahl von Mineralien und Spurenelementen in Ionenform, die somit sofort assimilierbar sind, wie Calcium, Magnesium, Kalium, Phosphor, Kupfer, Eisen, Mangan, Natrium, Silizium, Lithium, Zink, Kobalt, Selen, Chrom, Gold usw. sowie 17 sofort bioverf\u00fcgbare freie Aminos\u00e4uren.<br \/>\nSo erm\u00f6glicht die Phyt-Inov Zahnpasta bei regelm\u00e4\u00dfiger Anwendung eine perfekte Pflege des Zahnfleisches und der Mundflora.<\/p>\n","protected":false},"excerpt":{"rendered":"<p>Zahnpasta mit Bio-Propolis und Bio-Birkensaft Der in dieser Zahnpasta enthaltene Bio-Birkensaft verleiht ihr dank seiner Mineralsalze, Spurenelemente und freien Aminos\u00e4uren au\u00dfergew\u00f6hnliche Eigenschaften; er unterst\u00fctzt die Pflege des Zahnfleisches. Bio-Propolis reguliert die Mundflora und tr\u00e4gt so bei t\u00e4glicher Anwendung zur Beseitigung unangenehmer Ger\u00fcche und zur Kariespr\u00e4vention bei. Ein neues Konzept der Zahnpflege Neben Vitaminen, Flavonoiden und [&hellip;]<\/p>\n","protected":false},"featured_media":83869,"comment_status":"open","ping_status":"closed","template":"","meta":{"_et_pb_use_builder":"","_et_pb_old_content":"","_et_gb_content_width":""},"product_brand":[],"product_cat":[106,103,144,107],"product_tag":[],"class_list":{"0":"post-83868","1":"product","2":"type-product","3":"status-publish","4":"has-post-thumbnail","6":"product_cat-angebote","7":"product_cat-hygiene-gesundheitsprodukte","8":"product_cat-hygiene-schonheit-und-hautpflege","9":"product_cat-schatze-des-bienenstocks","11":"first","12":"instock","13":"shipping-taxable","14":"purchasable","15":"product-type-variable"},"yoast_head":"<!-- This site is optimized with the Yoast SEO plugin v27.3 - https:\/\/yoast.com\/product\/yoast-seo-wordpress\/ -->\n<title>Zahnpasta mit Birkensaft und Propolis ohne Fluorid - Phyt-Inov\u00ae offiziell - Bio-Zahnpasta zur Zahnfleischpflege, Kariespr\u00e4vention und f\u00fcr frischen Atem - Propolis und Birkensaft - 125 ml 100 % nat\u00fcrlich, biologisch | Phyt-inov.com<\/title>\n<meta name=\"description\" content=\"Phyt-Inov international\u00ae offiziell, f\u00fchrendes Schweizer Labor f\u00fcr nat\u00fcrliche und biologische Pflege und Kosmetik f\u00fcr die Gesundheit und Sch\u00f6nheit der Haut, bietet seine Bio-Zahnpasta an (125 ml ohne Fluorid, ohne Konservierungsstoffe, ohne PEG) \u2013 Die Zahnpasta ist ein nat\u00fcrliches\/Bio-Produkt von Phyt Inov zur Pflege des Zahnfleisches (nat\u00fcrliche und biologische Zahnpasta\/Z\u00e4hne\/Karies\/Propolis) und tr\u00e4gt zur Beseitigung unangenehmer Ger\u00fcche sowie zur Kariespr\u00e4vention bei.\" \/>\n<meta name=\"robots\" content=\"index, follow, max-snippet:-1, max-image-preview:large, max-video-preview:-1\" \/>\n<link rel=\"canonical\" href=\"https:\/\/www.phyt-inov.com\/de\/produit\/propolis-zahnpasta\/\" \/>\n<meta property=\"og:locale\" content=\"de_DE\" \/>\n<meta property=\"og:type\" content=\"article\" \/>\n<meta property=\"og:title\" content=\"Zahnpasta mit Birkensaft und Propolis ohne Fluorid - Phyt-Inov\u00ae offiziell - Bio-Zahnpasta zur Zahnfleischpflege, Kariespr\u00e4vention und f\u00fcr frischen Atem - Propolis und Birkensaft - 125 ml 100 % nat\u00fcrlich, biologisch | Phyt-inov.com\" \/>\n<meta property=\"og:description\" content=\"Phyt-Inov international\u00ae offiziell, f\u00fchrendes Schweizer Labor f\u00fcr nat\u00fcrliche und biologische Pflege und Kosmetik f\u00fcr die Gesundheit und Sch\u00f6nheit der Haut, bietet seine Bio-Zahnpasta an (125 ml ohne Fluorid, ohne Konservierungsstoffe, ohne PEG) \u2013 Die Zahnpasta ist ein nat\u00fcrliches\/Bio-Produkt von Phyt Inov zur Pflege des Zahnfleisches (nat\u00fcrliche und biologische Zahnpasta\/Z\u00e4hne\/Karies\/Propolis) und tr\u00e4gt zur Beseitigung unangenehmer Ger\u00fcche sowie zur Kariespr\u00e4vention bei.\" \/>\n<meta property=\"og:url\" content=\"https:\/\/www.phyt-inov.com\/de\/produit\/propolis-zahnpasta\/\" \/>\n<meta property=\"og:site_name\" content=\"Phyt-Inov\" \/>\n<meta property=\"article:publisher\" content=\"https:\/\/www.facebook.com\/phytinov\/\" \/>\n<meta property=\"article:modified_time\" content=\"2026-03-30T09:19:10+00:00\" \/>\n<meta property=\"og:image\" content=\"https:\/\/www.phyt-inov.com\/wp-content\/uploads\/2025\/09\/1808211220353740.jpg\" \/>\n\t<meta property=\"og:image:width\" content=\"1262\" \/>\n\t<meta property=\"og:image:height\" content=\"1638\" \/>\n\t<meta property=\"og:image:type\" content=\"image\/jpeg\" \/>\n<meta name=\"twitter:card\" content=\"summary_large_image\" \/>\n<meta name=\"twitter:label1\" content=\"Gesch\u00e4tzte Lesezeit\" \/>\n\t<meta name=\"twitter:data1\" content=\"1\u00a0Minute\" \/>\n<script type=\"application\/ld+json\" class=\"yoast-schema-graph\">{\"@context\":\"https:\\\/\\\/schema.org\",\"@graph\":[{\"@type\":\"WebPage\",\"@id\":\"https:\\\/\\\/www.phyt-inov.com\\\/de\\\/produit\\\/propolis-zahnpasta\\\/\",\"url\":\"https:\\\/\\\/www.phyt-inov.com\\\/de\\\/produit\\\/propolis-zahnpasta\\\/\",\"name\":\"Zahnpasta mit Birkensaft und Propolis ohne Fluorid - Phyt-Inov\u00ae offiziell - Bio-Zahnpasta zur Zahnfleischpflege, Kariespr\u00e4vention und f\u00fcr frischen Atem - Propolis und Birkensaft - 125 ml 100 % nat\u00fcrlich, biologisch | Phyt-inov.com\",\"isPartOf\":{\"@id\":\"https:\\\/\\\/www.phyt-inov.com\\\/de\\\/#website\"},\"primaryImageOfPage\":{\"@id\":\"https:\\\/\\\/www.phyt-inov.com\\\/de\\\/produit\\\/propolis-zahnpasta\\\/#primaryimage\"},\"image\":{\"@id\":\"https:\\\/\\\/www.phyt-inov.com\\\/de\\\/produit\\\/propolis-zahnpasta\\\/#primaryimage\"},\"thumbnailUrl\":\"https:\\\/\\\/www.phyt-inov.com\\\/wp-content\\\/uploads\\\/2025\\\/09\\\/1808211220353740.jpg\",\"datePublished\":\"2019-04-04T17:38:29+00:00\",\"dateModified\":\"2026-03-30T09:19:10+00:00\",\"description\":\"Phyt-Inov international\u00ae offiziell, f\u00fchrendes Schweizer Labor f\u00fcr nat\u00fcrliche und biologische Pflege und Kosmetik f\u00fcr die Gesundheit und Sch\u00f6nheit der Haut, bietet seine Bio-Zahnpasta an (125 ml ohne Fluorid, ohne Konservierungsstoffe, ohne PEG) \u2013 Die Zahnpasta ist ein nat\u00fcrliches\\\/Bio-Produkt von Phyt Inov zur Pflege des Zahnfleisches (nat\u00fcrliche und biologische Zahnpasta\\\/Z\u00e4hne\\\/Karies\\\/Propolis) und tr\u00e4gt zur Beseitigung unangenehmer Ger\u00fcche sowie zur Kariespr\u00e4vention bei.\",\"breadcrumb\":{\"@id\":\"https:\\\/\\\/www.phyt-inov.com\\\/de\\\/produit\\\/propolis-zahnpasta\\\/#breadcrumb\"},\"inLanguage\":\"de\",\"potentialAction\":[{\"@type\":\"ReadAction\",\"target\":[\"https:\\\/\\\/www.phyt-inov.com\\\/de\\\/produit\\\/propolis-zahnpasta\\\/\"]}]},{\"@type\":\"ImageObject\",\"inLanguage\":\"de\",\"@id\":\"https:\\\/\\\/www.phyt-inov.com\\\/de\\\/produit\\\/propolis-zahnpasta\\\/#primaryimage\",\"url\":\"https:\\\/\\\/www.phyt-inov.com\\\/wp-content\\\/uploads\\\/2025\\\/09\\\/1808211220353740.jpg\",\"contentUrl\":\"https:\\\/\\\/www.phyt-inov.com\\\/wp-content\\\/uploads\\\/2025\\\/09\\\/1808211220353740.jpg\",\"width\":1262,\"height\":1638,\"caption\":\"phyt-inov zahnpasta-produkt\"},{\"@type\":\"BreadcrumbList\",\"@id\":\"https:\\\/\\\/www.phyt-inov.com\\\/de\\\/produit\\\/propolis-zahnpasta\\\/#breadcrumb\",\"itemListElement\":[{\"@type\":\"ListItem\",\"position\":1,\"name\":\"Accueil\",\"item\":\"https:\\\/\\\/www.phyt-inov.com\\\/de\\\/startseite\\\/\"},{\"@type\":\"ListItem\",\"position\":2,\"name\":\"Shop\",\"item\":\"https:\\\/\\\/www.phyt-inov.com\\\/de\\\/shop\\\/\"},{\"@type\":\"ListItem\",\"position\":3,\"name\":\"Propolis-Zahnpasta\"}]},{\"@type\":\"WebSite\",\"@id\":\"https:\\\/\\\/www.phyt-inov.com\\\/de\\\/#website\",\"url\":\"https:\\\/\\\/www.phyt-inov.com\\\/de\\\/\",\"name\":\"Phyt-Inov International\",\"description\":\"L&#039;efficacit\u00e9 naturelle pour vos soins quotidiens\",\"publisher\":{\"@id\":\"https:\\\/\\\/www.phyt-inov.com\\\/de\\\/#organization\"},\"alternateName\":\"phyt-inov\",\"potentialAction\":[{\"@type\":\"SearchAction\",\"target\":{\"@type\":\"EntryPoint\",\"urlTemplate\":\"https:\\\/\\\/www.phyt-inov.com\\\/de\\\/?s={search_term_string}\"},\"query-input\":{\"@type\":\"PropertyValueSpecification\",\"valueRequired\":true,\"valueName\":\"search_term_string\"}}],\"inLanguage\":\"de\"},{\"@type\":\"Organization\",\"@id\":\"https:\\\/\\\/www.phyt-inov.com\\\/de\\\/#organization\",\"name\":\"Phyt-Inov\",\"alternateName\":\"Phyt-Inov\",\"url\":\"https:\\\/\\\/www.phyt-inov.com\\\/de\\\/\",\"logo\":{\"@type\":\"ImageObject\",\"inLanguage\":\"de\",\"@id\":\"https:\\\/\\\/www.phyt-inov.com\\\/de\\\/#\\\/schema\\\/logo\\\/image\\\/\",\"url\":\"https:\\\/\\\/www.phyt-inov.com\\\/wp-content\\\/uploads\\\/2025\\\/09\\\/Logo-site-phyt-inov4_Plan-de-travail-1-2048x760-1.png\",\"contentUrl\":\"https:\\\/\\\/www.phyt-inov.com\\\/wp-content\\\/uploads\\\/2025\\\/09\\\/Logo-site-phyt-inov4_Plan-de-travail-1-2048x760-1.png\",\"width\":2048,\"height\":760,\"caption\":\"Phyt-Inov\"},\"image\":{\"@id\":\"https:\\\/\\\/www.phyt-inov.com\\\/de\\\/#\\\/schema\\\/logo\\\/image\\\/\"},\"sameAs\":[\"https:\\\/\\\/www.facebook.com\\\/phytinov\\\/\",\"https:\\\/\\\/www.youtube.com\\\/channel\\\/UCE05sYsSXuuKbLqs4Au3e4Q\",\"https:\\\/\\\/www.instagram.com\\\/phytinov\\\/\"]}]}<\/script>\n<!-- \/ Yoast SEO plugin. -->","yoast_head_json":{"title":"Zahnpasta mit Birkensaft und Propolis ohne Fluorid - Phyt-Inov\u00ae offiziell - Bio-Zahnpasta zur Zahnfleischpflege, Kariespr\u00e4vention und f\u00fcr frischen Atem - Propolis und Birkensaft - 125 ml 100 % nat\u00fcrlich, biologisch | Phyt-inov.com","description":"Phyt-Inov international\u00ae offiziell, f\u00fchrendes Schweizer Labor f\u00fcr nat\u00fcrliche und biologische Pflege und Kosmetik f\u00fcr die Gesundheit und Sch\u00f6nheit der Haut, bietet seine Bio-Zahnpasta an (125 ml ohne Fluorid, ohne Konservierungsstoffe, ohne PEG) \u2013 Die Zahnpasta ist ein nat\u00fcrliches\/Bio-Produkt von Phyt Inov zur Pflege des Zahnfleisches (nat\u00fcrliche und biologische Zahnpasta\/Z\u00e4hne\/Karies\/Propolis) und tr\u00e4gt zur Beseitigung unangenehmer Ger\u00fcche sowie zur Kariespr\u00e4vention bei.","robots":{"index":"index","follow":"follow","max-snippet":"max-snippet:-1","max-image-preview":"max-image-preview:large","max-video-preview":"max-video-preview:-1"},"canonical":"https:\/\/www.phyt-inov.com\/de\/produit\/propolis-zahnpasta\/","og_locale":"de_DE","og_type":"article","og_title":"Zahnpasta mit Birkensaft und Propolis ohne Fluorid - Phyt-Inov\u00ae offiziell - Bio-Zahnpasta zur Zahnfleischpflege, Kariespr\u00e4vention und f\u00fcr frischen Atem - Propolis und Birkensaft - 125 ml 100 % nat\u00fcrlich, biologisch | Phyt-inov.com","og_description":"Phyt-Inov international\u00ae offiziell, f\u00fchrendes Schweizer Labor f\u00fcr nat\u00fcrliche und biologische Pflege und Kosmetik f\u00fcr die Gesundheit und Sch\u00f6nheit der Haut, bietet seine Bio-Zahnpasta an (125 ml ohne Fluorid, ohne Konservierungsstoffe, ohne PEG) \u2013 Die Zahnpasta ist ein nat\u00fcrliches\/Bio-Produkt von Phyt Inov zur Pflege des Zahnfleisches (nat\u00fcrliche und biologische Zahnpasta\/Z\u00e4hne\/Karies\/Propolis) und tr\u00e4gt zur Beseitigung unangenehmer Ger\u00fcche sowie zur Kariespr\u00e4vention bei.","og_url":"https:\/\/www.phyt-inov.com\/de\/produit\/propolis-zahnpasta\/","og_site_name":"Phyt-Inov","article_publisher":"https:\/\/www.facebook.com\/phytinov\/","article_modified_time":"2026-03-30T09:19:10+00:00","og_image":[{"width":1262,"height":1638,"url":"https:\/\/www.phyt-inov.com\/wp-content\/uploads\/2025\/09\/1808211220353740.jpg","type":"image\/jpeg"}],"twitter_card":"summary_large_image","twitter_misc":{"Gesch\u00e4tzte Lesezeit":"1\u00a0Minute"},"schema":{"@context":"https:\/\/schema.org","@graph":[{"@type":"WebPage","@id":"https:\/\/www.phyt-inov.com\/de\/produit\/propolis-zahnpasta\/","url":"https:\/\/www.phyt-inov.com\/de\/produit\/propolis-zahnpasta\/","name":"Zahnpasta mit Birkensaft und Propolis ohne Fluorid - Phyt-Inov\u00ae offiziell - Bio-Zahnpasta zur Zahnfleischpflege, Kariespr\u00e4vention und f\u00fcr frischen Atem - Propolis und Birkensaft - 125 ml 100 % nat\u00fcrlich, biologisch | Phyt-inov.com","isPartOf":{"@id":"https:\/\/www.phyt-inov.com\/de\/#website"},"primaryImageOfPage":{"@id":"https:\/\/www.phyt-inov.com\/de\/produit\/propolis-zahnpasta\/#primaryimage"},"image":{"@id":"https:\/\/www.phyt-inov.com\/de\/produit\/propolis-zahnpasta\/#primaryimage"},"thumbnailUrl":"https:\/\/www.phyt-inov.com\/wp-content\/uploads\/2025\/09\/1808211220353740.jpg","datePublished":"2019-04-04T17:38:29+00:00","dateModified":"2026-03-30T09:19:10+00:00","description":"Phyt-Inov international\u00ae offiziell, f\u00fchrendes Schweizer Labor f\u00fcr nat\u00fcrliche und biologische Pflege und Kosmetik f\u00fcr die Gesundheit und Sch\u00f6nheit der Haut, bietet seine Bio-Zahnpasta an (125 ml ohne Fluorid, ohne Konservierungsstoffe, ohne PEG) \u2013 Die Zahnpasta ist ein nat\u00fcrliches\/Bio-Produkt von Phyt Inov zur Pflege des Zahnfleisches (nat\u00fcrliche und biologische Zahnpasta\/Z\u00e4hne\/Karies\/Propolis) und tr\u00e4gt zur Beseitigung unangenehmer Ger\u00fcche sowie zur Kariespr\u00e4vention bei.","breadcrumb":{"@id":"https:\/\/www.phyt-inov.com\/de\/produit\/propolis-zahnpasta\/#breadcrumb"},"inLanguage":"de","potentialAction":[{"@type":"ReadAction","target":["https:\/\/www.phyt-inov.com\/de\/produit\/propolis-zahnpasta\/"]}]},{"@type":"ImageObject","inLanguage":"de","@id":"https:\/\/www.phyt-inov.com\/de\/produit\/propolis-zahnpasta\/#primaryimage","url":"https:\/\/www.phyt-inov.com\/wp-content\/uploads\/2025\/09\/1808211220353740.jpg","contentUrl":"https:\/\/www.phyt-inov.com\/wp-content\/uploads\/2025\/09\/1808211220353740.jpg","width":1262,"height":1638,"caption":"phyt-inov zahnpasta-produkt"},{"@type":"BreadcrumbList","@id":"https:\/\/www.phyt-inov.com\/de\/produit\/propolis-zahnpasta\/#breadcrumb","itemListElement":[{"@type":"ListItem","position":1,"name":"Accueil","item":"https:\/\/www.phyt-inov.com\/de\/startseite\/"},{"@type":"ListItem","position":2,"name":"Shop","item":"https:\/\/www.phyt-inov.com\/de\/shop\/"},{"@type":"ListItem","position":3,"name":"Propolis-Zahnpasta"}]},{"@type":"WebSite","@id":"https:\/\/www.phyt-inov.com\/de\/#website","url":"https:\/\/www.phyt-inov.com\/de\/","name":"Phyt-Inov International","description":"L&#039;efficacit\u00e9 naturelle pour vos soins quotidiens","publisher":{"@id":"https:\/\/www.phyt-inov.com\/de\/#organization"},"alternateName":"phyt-inov","potentialAction":[{"@type":"SearchAction","target":{"@type":"EntryPoint","urlTemplate":"https:\/\/www.phyt-inov.com\/de\/?s={search_term_string}"},"query-input":{"@type":"PropertyValueSpecification","valueRequired":true,"valueName":"search_term_string"}}],"inLanguage":"de"},{"@type":"Organization","@id":"https:\/\/www.phyt-inov.com\/de\/#organization","name":"Phyt-Inov","alternateName":"Phyt-Inov","url":"https:\/\/www.phyt-inov.com\/de\/","logo":{"@type":"ImageObject","inLanguage":"de","@id":"https:\/\/www.phyt-inov.com\/de\/#\/schema\/logo\/image\/","url":"https:\/\/www.phyt-inov.com\/wp-content\/uploads\/2025\/09\/Logo-site-phyt-inov4_Plan-de-travail-1-2048x760-1.png","contentUrl":"https:\/\/www.phyt-inov.com\/wp-content\/uploads\/2025\/09\/Logo-site-phyt-inov4_Plan-de-travail-1-2048x760-1.png","width":2048,"height":760,"caption":"Phyt-Inov"},"image":{"@id":"https:\/\/www.phyt-inov.com\/de\/#\/schema\/logo\/image\/"},"sameAs":["https:\/\/www.facebook.com\/phytinov\/","https:\/\/www.youtube.com\/channel\/UCE05sYsSXuuKbLqs4Au3e4Q","https:\/\/www.instagram.com\/phytinov\/"]}]}},"jetpack_sharing_enabled":true,"_links":{"self":[{"href":"https:\/\/www.phyt-inov.com\/de\/wp-json\/wp\/v2\/product\/83868","targetHints":{"allow":["GET"]}}],"collection":[{"href":"https:\/\/www.phyt-inov.com\/de\/wp-json\/wp\/v2\/product"}],"about":[{"href":"https:\/\/www.phyt-inov.com\/de\/wp-json\/wp\/v2\/types\/product"}],"replies":[{"embeddable":true,"href":"https:\/\/www.phyt-inov.com\/de\/wp-json\/wp\/v2\/comments?post=83868"}],"wp:featuredmedia":[{"embeddable":true,"href":"https:\/\/www.phyt-inov.com\/de\/wp-json\/wp\/v2\/media\/83869"}],"wp:attachment":[{"href":"https:\/\/www.phyt-inov.com\/de\/wp-json\/wp\/v2\/media?parent=83868"}],"wp:term":[{"taxonomy":"product_brand","embeddable":true,"href":"https:\/\/www.phyt-inov.com\/de\/wp-json\/wp\/v2\/product_brand?post=83868"},{"taxonomy":"product_cat","embeddable":true,"href":"https:\/\/www.phyt-inov.com\/de\/wp-json\/wp\/v2\/product_cat?post=83868"},{"taxonomy":"product_tag","embeddable":true,"href":"https:\/\/www.phyt-inov.com\/de\/wp-json\/wp\/v2\/product_tag?post=83868"}],"curies":[{"name":"wp","href":"https:\/\/api.w.org\/{rel}","templated":true}]}}