{"id":83851,"date":"2019-04-04T17:38:31","date_gmt":"2019-04-04T17:38:31","guid":{"rendered":"https:\/\/www.phyt-inov.com\/produit\/rasier-und-aftershave-fluid\/"},"modified":"2026-03-30T09:18:47","modified_gmt":"2026-03-30T09:18:47","slug":"rasier-und-aftershave-fluid","status":"publish","type":"product","link":"https:\/\/www.phyt-inov.com\/de\/produit\/rasier-und-aftershave-fluid\/","title":{"rendered":"Rasier- und Aftershave-Fluid"},"content":{"rendered":"<p>100-ml-Airless-Tube.<\/p>\n<p><b>100 %<\/b> der Inhaltsstoffe sind nat\u00fcrlichen Ursprungs.<br \/>\n<b>90 %<\/b> stammen aus biologischem Anbau.<\/p>\n","protected":false},"excerpt":{"rendered":"<p>F\u00fcr eine effiziente, schnelle und sanfte Rasur hat <strong>Monsieur<\/strong> <strong>d\u2019Essarts<\/strong> ein innovatives Produkt entwickelt, das das Schneiden erleichtert, ohne die Haut anzugreifen oder zu irritieren, und gleichzeitig eine Gesichtspflege ist.<\/p>\n<p>Einem sehr hohen Anteil an Bio-Birkensaft wurden Pflanzenextrakte und \u00e4therische \u00d6le hinzugef\u00fcgt, die speziell auf die M\u00e4nnerhaut abgestimmt sind. Rote Propolis verleiht diesem Fluid antibakterielle und reinigende Eigenschaften f\u00fcr eine \u00fcberlegene Wirksamkeit. <\/p>\n<p><strong>Anwendung<\/strong>: Auf die angefeuchtete Haut eine d\u00fcnne Schicht Fluid einmassieren. Der Rasierer gleitet und schmeichelt der Haut, die kaum zu bemerken scheint, dass sie von einer feinen Klinge ber\u00fchrt wird. Sp\u00fclen Sie die R\u00fcckst\u00e4nde nicht mit Wasser ab, sondern massieren Sie sie in das gesamte Gesicht einschlie\u00dflich der Augenlider ein; es ist eine Pflege. Ihr Gesicht wird nur Sanftheit und Frische in Erinnerung behalten.   <\/p>\n<p>Kann auch als t\u00e4gliche Tagescreme verwendet werden.<\/p>\n","protected":false},"featured_media":83853,"comment_status":"open","ping_status":"closed","template":"","meta":{"_et_pb_use_builder":"","_et_pb_old_content":"","_et_gb_content_width":""},"product_brand":[],"product_cat":[106,154,144],"product_tag":[],"class_list":{"0":"post-83851","1":"product","2":"type-product","3":"status-publish","4":"has-post-thumbnail","6":"product_cat-angebote","7":"product_cat-bio-kosmetik","8":"product_cat-hygiene-schonheit-und-hautpflege","10":"first","11":"instock","12":"shipping-taxable","13":"purchasable","14":"product-type-variable"},"yoast_head":"<!-- This site is optimized with the Yoast SEO plugin v27.3 - https:\/\/yoast.com\/product\/yoast-seo-wordpress\/ -->\n<title>Rasier- und Aftershave-Fluid - Monsieur d&#039;Essarts - Phyt-Inov\u00ae offiziell - Bio-Creme f\u00fcr die Haut- und Gesichtspflege von M\u00e4nnern - Rote Propolis und Birkensaft - 100 ml 100 % nat\u00fcrlich und ultra-biologisch | Phyt-inov.com<\/title>\n<meta name=\"description\" content=\"Phyt-Inov international\u00ae offiziell, das f\u00fchrende Schweizer Labor f\u00fcr nat\u00fcrliche und biologische Pflege und Kosmetik f\u00fcr die Gesundheit und Sch\u00f6nheit der Haut, bietet sein Rasier- und Aftershave-Fluid Monsieur d&#039;Essarts an (100 ml ohne Konservierungsstoffe oder PEG) \u2013 Das Rasier- und Aftershave-Fluid Monsieur d&#039;Essarts ist ein Natur-\/Bio-Produkt von Phyt Inov zur Bewahrung der Sch\u00f6nheit m\u00e4nnlicher Haut (Rasiercreme\/Rasur\/rote Propolis) f\u00fcr eine effiziente und sanfte Rasur, ohne die Haut anzugreifen oder zu irritieren.\" \/>\n<meta name=\"robots\" content=\"index, follow, max-snippet:-1, max-image-preview:large, max-video-preview:-1\" \/>\n<link rel=\"canonical\" href=\"https:\/\/www.phyt-inov.com\/de\/produit\/rasier-und-aftershave-fluid\/\" \/>\n<meta property=\"og:locale\" content=\"de_DE\" \/>\n<meta property=\"og:type\" content=\"article\" \/>\n<meta property=\"og:title\" content=\"Rasier- und Aftershave-Fluid - Monsieur d&#039;Essarts - Phyt-Inov\u00ae offiziell - Bio-Creme f\u00fcr die Haut- und Gesichtspflege von M\u00e4nnern - Rote Propolis und Birkensaft - 100 ml 100 % nat\u00fcrlich und ultra-biologisch | Phyt-inov.com\" \/>\n<meta property=\"og:description\" content=\"Phyt-Inov international\u00ae offiziell, das f\u00fchrende Schweizer Labor f\u00fcr nat\u00fcrliche und biologische Pflege und Kosmetik f\u00fcr die Gesundheit und Sch\u00f6nheit der Haut, bietet sein Rasier- und Aftershave-Fluid Monsieur d&#039;Essarts an (100 ml ohne Konservierungsstoffe oder PEG) \u2013 Das Rasier- und Aftershave-Fluid Monsieur d&#039;Essarts ist ein Natur-\/Bio-Produkt von Phyt Inov zur Bewahrung der Sch\u00f6nheit m\u00e4nnlicher Haut (Rasiercreme\/Rasur\/rote Propolis) f\u00fcr eine effiziente und sanfte Rasur, ohne die Haut anzugreifen oder zu irritieren.\" \/>\n<meta property=\"og:url\" content=\"https:\/\/www.phyt-inov.com\/de\/produit\/rasier-und-aftershave-fluid\/\" \/>\n<meta property=\"og:site_name\" content=\"Phyt-Inov\" \/>\n<meta property=\"article:publisher\" content=\"https:\/\/www.facebook.com\/phytinov\/\" \/>\n<meta property=\"article:modified_time\" content=\"2026-03-30T09:18:47+00:00\" \/>\n<meta property=\"og:image\" content=\"https:\/\/www.phyt-inov.com\/wp-content\/uploads\/2025\/09\/Shaving-flura-after-Shave-fluid-3.png\" \/>\n\t<meta property=\"og:image:width\" content=\"2446\" \/>\n\t<meta property=\"og:image:height\" content=\"2560\" \/>\n\t<meta property=\"og:image:type\" content=\"image\/png\" \/>\n<meta name=\"twitter:card\" content=\"summary_large_image\" \/>\n<script type=\"application\/ld+json\" class=\"yoast-schema-graph\">{\"@context\":\"https:\\\/\\\/schema.org\",\"@graph\":[{\"@type\":\"WebPage\",\"@id\":\"https:\\\/\\\/www.phyt-inov.com\\\/de\\\/produit\\\/rasier-und-aftershave-fluid\\\/\",\"url\":\"https:\\\/\\\/www.phyt-inov.com\\\/de\\\/produit\\\/rasier-und-aftershave-fluid\\\/\",\"name\":\"Rasier- und Aftershave-Fluid - Monsieur d'Essarts - Phyt-Inov\u00ae offiziell - Bio-Creme f\u00fcr die Haut- und Gesichtspflege von M\u00e4nnern - Rote Propolis und Birkensaft - 100 ml 100 % nat\u00fcrlich und ultra-biologisch | Phyt-inov.com\",\"isPartOf\":{\"@id\":\"https:\\\/\\\/www.phyt-inov.com\\\/de\\\/#website\"},\"primaryImageOfPage\":{\"@id\":\"https:\\\/\\\/www.phyt-inov.com\\\/de\\\/produit\\\/rasier-und-aftershave-fluid\\\/#primaryimage\"},\"image\":{\"@id\":\"https:\\\/\\\/www.phyt-inov.com\\\/de\\\/produit\\\/rasier-und-aftershave-fluid\\\/#primaryimage\"},\"thumbnailUrl\":\"https:\\\/\\\/www.phyt-inov.com\\\/wp-content\\\/uploads\\\/2025\\\/09\\\/Shaving-flura-after-Shave-fluid-3.png\",\"datePublished\":\"2019-04-04T17:38:31+00:00\",\"dateModified\":\"2026-03-30T09:18:47+00:00\",\"description\":\"Phyt-Inov international\u00ae offiziell, das f\u00fchrende Schweizer Labor f\u00fcr nat\u00fcrliche und biologische Pflege und Kosmetik f\u00fcr die Gesundheit und Sch\u00f6nheit der Haut, bietet sein Rasier- und Aftershave-Fluid Monsieur d'Essarts an (100 ml ohne Konservierungsstoffe oder PEG) \u2013 Das Rasier- und Aftershave-Fluid Monsieur d'Essarts ist ein Natur-\\\/Bio-Produkt von Phyt Inov zur Bewahrung der Sch\u00f6nheit m\u00e4nnlicher Haut (Rasiercreme\\\/Rasur\\\/rote Propolis) f\u00fcr eine effiziente und sanfte Rasur, ohne die Haut anzugreifen oder zu irritieren.\",\"breadcrumb\":{\"@id\":\"https:\\\/\\\/www.phyt-inov.com\\\/de\\\/produit\\\/rasier-und-aftershave-fluid\\\/#breadcrumb\"},\"inLanguage\":\"de\",\"potentialAction\":[{\"@type\":\"ReadAction\",\"target\":[\"https:\\\/\\\/www.phyt-inov.com\\\/de\\\/produit\\\/rasier-und-aftershave-fluid\\\/\"]}]},{\"@type\":\"ImageObject\",\"inLanguage\":\"de\",\"@id\":\"https:\\\/\\\/www.phyt-inov.com\\\/de\\\/produit\\\/rasier-und-aftershave-fluid\\\/#primaryimage\",\"url\":\"https:\\\/\\\/www.phyt-inov.com\\\/wp-content\\\/uploads\\\/2025\\\/09\\\/Shaving-flura-after-Shave-fluid-3.png\",\"contentUrl\":\"https:\\\/\\\/www.phyt-inov.com\\\/wp-content\\\/uploads\\\/2025\\\/09\\\/Shaving-flura-after-Shave-fluid-3.png\",\"width\":2446,\"height\":2560,\"caption\":\"Monsieur d'Essarts Rasierfluid\"},{\"@type\":\"BreadcrumbList\",\"@id\":\"https:\\\/\\\/www.phyt-inov.com\\\/de\\\/produit\\\/rasier-und-aftershave-fluid\\\/#breadcrumb\",\"itemListElement\":[{\"@type\":\"ListItem\",\"position\":1,\"name\":\"Accueil\",\"item\":\"https:\\\/\\\/www.phyt-inov.com\\\/de\\\/startseite\\\/\"},{\"@type\":\"ListItem\",\"position\":2,\"name\":\"Shop\",\"item\":\"https:\\\/\\\/www.phyt-inov.com\\\/de\\\/shop\\\/\"},{\"@type\":\"ListItem\",\"position\":3,\"name\":\"Rasier- und Aftershave-Fluid\"}]},{\"@type\":\"WebSite\",\"@id\":\"https:\\\/\\\/www.phyt-inov.com\\\/de\\\/#website\",\"url\":\"https:\\\/\\\/www.phyt-inov.com\\\/de\\\/\",\"name\":\"Phyt-Inov International\",\"description\":\"L&#039;efficacit\u00e9 naturelle pour vos soins quotidiens\",\"publisher\":{\"@id\":\"https:\\\/\\\/www.phyt-inov.com\\\/de\\\/#organization\"},\"alternateName\":\"phyt-inov\",\"potentialAction\":[{\"@type\":\"SearchAction\",\"target\":{\"@type\":\"EntryPoint\",\"urlTemplate\":\"https:\\\/\\\/www.phyt-inov.com\\\/de\\\/?s={search_term_string}\"},\"query-input\":{\"@type\":\"PropertyValueSpecification\",\"valueRequired\":true,\"valueName\":\"search_term_string\"}}],\"inLanguage\":\"de\"},{\"@type\":\"Organization\",\"@id\":\"https:\\\/\\\/www.phyt-inov.com\\\/de\\\/#organization\",\"name\":\"Phyt-Inov\",\"alternateName\":\"Phyt-Inov\",\"url\":\"https:\\\/\\\/www.phyt-inov.com\\\/de\\\/\",\"logo\":{\"@type\":\"ImageObject\",\"inLanguage\":\"de\",\"@id\":\"https:\\\/\\\/www.phyt-inov.com\\\/de\\\/#\\\/schema\\\/logo\\\/image\\\/\",\"url\":\"https:\\\/\\\/www.phyt-inov.com\\\/wp-content\\\/uploads\\\/2025\\\/09\\\/Logo-site-phyt-inov4_Plan-de-travail-1-2048x760-1.png\",\"contentUrl\":\"https:\\\/\\\/www.phyt-inov.com\\\/wp-content\\\/uploads\\\/2025\\\/09\\\/Logo-site-phyt-inov4_Plan-de-travail-1-2048x760-1.png\",\"width\":2048,\"height\":760,\"caption\":\"Phyt-Inov\"},\"image\":{\"@id\":\"https:\\\/\\\/www.phyt-inov.com\\\/de\\\/#\\\/schema\\\/logo\\\/image\\\/\"},\"sameAs\":[\"https:\\\/\\\/www.facebook.com\\\/phytinov\\\/\",\"https:\\\/\\\/www.youtube.com\\\/channel\\\/UCE05sYsSXuuKbLqs4Au3e4Q\",\"https:\\\/\\\/www.instagram.com\\\/phytinov\\\/\"]}]}<\/script>\n<!-- \/ Yoast SEO plugin. -->","yoast_head_json":{"title":"Rasier- und Aftershave-Fluid - Monsieur d'Essarts - Phyt-Inov\u00ae offiziell - Bio-Creme f\u00fcr die Haut- und Gesichtspflege von M\u00e4nnern - Rote Propolis und Birkensaft - 100 ml 100 % nat\u00fcrlich und ultra-biologisch | Phyt-inov.com","description":"Phyt-Inov international\u00ae offiziell, das f\u00fchrende Schweizer Labor f\u00fcr nat\u00fcrliche und biologische Pflege und Kosmetik f\u00fcr die Gesundheit und Sch\u00f6nheit der Haut, bietet sein Rasier- und Aftershave-Fluid Monsieur d'Essarts an (100 ml ohne Konservierungsstoffe oder PEG) \u2013 Das Rasier- und Aftershave-Fluid Monsieur d'Essarts ist ein Natur-\/Bio-Produkt von Phyt Inov zur Bewahrung der Sch\u00f6nheit m\u00e4nnlicher Haut (Rasiercreme\/Rasur\/rote Propolis) f\u00fcr eine effiziente und sanfte Rasur, ohne die Haut anzugreifen oder zu irritieren.","robots":{"index":"index","follow":"follow","max-snippet":"max-snippet:-1","max-image-preview":"max-image-preview:large","max-video-preview":"max-video-preview:-1"},"canonical":"https:\/\/www.phyt-inov.com\/de\/produit\/rasier-und-aftershave-fluid\/","og_locale":"de_DE","og_type":"article","og_title":"Rasier- und Aftershave-Fluid - Monsieur d'Essarts - Phyt-Inov\u00ae offiziell - Bio-Creme f\u00fcr die Haut- und Gesichtspflege von M\u00e4nnern - Rote Propolis und Birkensaft - 100 ml 100 % nat\u00fcrlich und ultra-biologisch | Phyt-inov.com","og_description":"Phyt-Inov international\u00ae offiziell, das f\u00fchrende Schweizer Labor f\u00fcr nat\u00fcrliche und biologische Pflege und Kosmetik f\u00fcr die Gesundheit und Sch\u00f6nheit der Haut, bietet sein Rasier- und Aftershave-Fluid Monsieur d'Essarts an (100 ml ohne Konservierungsstoffe oder PEG) \u2013 Das Rasier- und Aftershave-Fluid Monsieur d'Essarts ist ein Natur-\/Bio-Produkt von Phyt Inov zur Bewahrung der Sch\u00f6nheit m\u00e4nnlicher Haut (Rasiercreme\/Rasur\/rote Propolis) f\u00fcr eine effiziente und sanfte Rasur, ohne die Haut anzugreifen oder zu irritieren.","og_url":"https:\/\/www.phyt-inov.com\/de\/produit\/rasier-und-aftershave-fluid\/","og_site_name":"Phyt-Inov","article_publisher":"https:\/\/www.facebook.com\/phytinov\/","article_modified_time":"2026-03-30T09:18:47+00:00","og_image":[{"width":2446,"height":2560,"url":"https:\/\/www.phyt-inov.com\/wp-content\/uploads\/2025\/09\/Shaving-flura-after-Shave-fluid-3.png","type":"image\/png"}],"twitter_card":"summary_large_image","schema":{"@context":"https:\/\/schema.org","@graph":[{"@type":"WebPage","@id":"https:\/\/www.phyt-inov.com\/de\/produit\/rasier-und-aftershave-fluid\/","url":"https:\/\/www.phyt-inov.com\/de\/produit\/rasier-und-aftershave-fluid\/","name":"Rasier- und Aftershave-Fluid - Monsieur d'Essarts - Phyt-Inov\u00ae offiziell - Bio-Creme f\u00fcr die Haut- und Gesichtspflege von M\u00e4nnern - Rote Propolis und Birkensaft - 100 ml 100 % nat\u00fcrlich und ultra-biologisch | Phyt-inov.com","isPartOf":{"@id":"https:\/\/www.phyt-inov.com\/de\/#website"},"primaryImageOfPage":{"@id":"https:\/\/www.phyt-inov.com\/de\/produit\/rasier-und-aftershave-fluid\/#primaryimage"},"image":{"@id":"https:\/\/www.phyt-inov.com\/de\/produit\/rasier-und-aftershave-fluid\/#primaryimage"},"thumbnailUrl":"https:\/\/www.phyt-inov.com\/wp-content\/uploads\/2025\/09\/Shaving-flura-after-Shave-fluid-3.png","datePublished":"2019-04-04T17:38:31+00:00","dateModified":"2026-03-30T09:18:47+00:00","description":"Phyt-Inov international\u00ae offiziell, das f\u00fchrende Schweizer Labor f\u00fcr nat\u00fcrliche und biologische Pflege und Kosmetik f\u00fcr die Gesundheit und Sch\u00f6nheit der Haut, bietet sein Rasier- und Aftershave-Fluid Monsieur d'Essarts an (100 ml ohne Konservierungsstoffe oder PEG) \u2013 Das Rasier- und Aftershave-Fluid Monsieur d'Essarts ist ein Natur-\/Bio-Produkt von Phyt Inov zur Bewahrung der Sch\u00f6nheit m\u00e4nnlicher Haut (Rasiercreme\/Rasur\/rote Propolis) f\u00fcr eine effiziente und sanfte Rasur, ohne die Haut anzugreifen oder zu irritieren.","breadcrumb":{"@id":"https:\/\/www.phyt-inov.com\/de\/produit\/rasier-und-aftershave-fluid\/#breadcrumb"},"inLanguage":"de","potentialAction":[{"@type":"ReadAction","target":["https:\/\/www.phyt-inov.com\/de\/produit\/rasier-und-aftershave-fluid\/"]}]},{"@type":"ImageObject","inLanguage":"de","@id":"https:\/\/www.phyt-inov.com\/de\/produit\/rasier-und-aftershave-fluid\/#primaryimage","url":"https:\/\/www.phyt-inov.com\/wp-content\/uploads\/2025\/09\/Shaving-flura-after-Shave-fluid-3.png","contentUrl":"https:\/\/www.phyt-inov.com\/wp-content\/uploads\/2025\/09\/Shaving-flura-after-Shave-fluid-3.png","width":2446,"height":2560,"caption":"Monsieur d'Essarts Rasierfluid"},{"@type":"BreadcrumbList","@id":"https:\/\/www.phyt-inov.com\/de\/produit\/rasier-und-aftershave-fluid\/#breadcrumb","itemListElement":[{"@type":"ListItem","position":1,"name":"Accueil","item":"https:\/\/www.phyt-inov.com\/de\/startseite\/"},{"@type":"ListItem","position":2,"name":"Shop","item":"https:\/\/www.phyt-inov.com\/de\/shop\/"},{"@type":"ListItem","position":3,"name":"Rasier- und Aftershave-Fluid"}]},{"@type":"WebSite","@id":"https:\/\/www.phyt-inov.com\/de\/#website","url":"https:\/\/www.phyt-inov.com\/de\/","name":"Phyt-Inov International","description":"L&#039;efficacit\u00e9 naturelle pour vos soins quotidiens","publisher":{"@id":"https:\/\/www.phyt-inov.com\/de\/#organization"},"alternateName":"phyt-inov","potentialAction":[{"@type":"SearchAction","target":{"@type":"EntryPoint","urlTemplate":"https:\/\/www.phyt-inov.com\/de\/?s={search_term_string}"},"query-input":{"@type":"PropertyValueSpecification","valueRequired":true,"valueName":"search_term_string"}}],"inLanguage":"de"},{"@type":"Organization","@id":"https:\/\/www.phyt-inov.com\/de\/#organization","name":"Phyt-Inov","alternateName":"Phyt-Inov","url":"https:\/\/www.phyt-inov.com\/de\/","logo":{"@type":"ImageObject","inLanguage":"de","@id":"https:\/\/www.phyt-inov.com\/de\/#\/schema\/logo\/image\/","url":"https:\/\/www.phyt-inov.com\/wp-content\/uploads\/2025\/09\/Logo-site-phyt-inov4_Plan-de-travail-1-2048x760-1.png","contentUrl":"https:\/\/www.phyt-inov.com\/wp-content\/uploads\/2025\/09\/Logo-site-phyt-inov4_Plan-de-travail-1-2048x760-1.png","width":2048,"height":760,"caption":"Phyt-Inov"},"image":{"@id":"https:\/\/www.phyt-inov.com\/de\/#\/schema\/logo\/image\/"},"sameAs":["https:\/\/www.facebook.com\/phytinov\/","https:\/\/www.youtube.com\/channel\/UCE05sYsSXuuKbLqs4Au3e4Q","https:\/\/www.instagram.com\/phytinov\/"]}]}},"jetpack_sharing_enabled":true,"_links":{"self":[{"href":"https:\/\/www.phyt-inov.com\/de\/wp-json\/wp\/v2\/product\/83851","targetHints":{"allow":["GET"]}}],"collection":[{"href":"https:\/\/www.phyt-inov.com\/de\/wp-json\/wp\/v2\/product"}],"about":[{"href":"https:\/\/www.phyt-inov.com\/de\/wp-json\/wp\/v2\/types\/product"}],"replies":[{"embeddable":true,"href":"https:\/\/www.phyt-inov.com\/de\/wp-json\/wp\/v2\/comments?post=83851"}],"wp:featuredmedia":[{"embeddable":true,"href":"https:\/\/www.phyt-inov.com\/de\/wp-json\/wp\/v2\/media\/83853"}],"wp:attachment":[{"href":"https:\/\/www.phyt-inov.com\/de\/wp-json\/wp\/v2\/media?parent=83851"}],"wp:term":[{"taxonomy":"product_brand","embeddable":true,"href":"https:\/\/www.phyt-inov.com\/de\/wp-json\/wp\/v2\/product_brand?post=83851"},{"taxonomy":"product_cat","embeddable":true,"href":"https:\/\/www.phyt-inov.com\/de\/wp-json\/wp\/v2\/product_cat?post=83851"},{"taxonomy":"product_tag","embeddable":true,"href":"https:\/\/www.phyt-inov.com\/de\/wp-json\/wp\/v2\/product_tag?post=83851"}],"curies":[{"name":"wp","href":"https:\/\/api.w.org\/{rel}","templated":true}]}}