{"id":83834,"date":"2019-04-04T17:38:33","date_gmt":"2019-04-04T17:38:33","guid":{"rendered":"https:\/\/www.phyt-inov.com\/produit\/asiarum\/"},"modified":"2026-03-30T09:18:10","modified_gmt":"2026-03-30T09:18:10","slug":"asiarum","status":"publish","type":"product","link":"https:\/\/www.phyt-inov.com\/de\/produit\/asiarum\/","title":{"rendered":"Asiarum"},"content":{"rendered":"<p>Dose mit 100 pflanzlichen Kapseln \u00e0 420 mg.<\/p>\n<p>Nettogewicht: 51 g.<\/p>\n<p>Verzehrempfehlung: 2- bis 3-mal t\u00e4glich 2 Kapseln zu den Mahlzeiten.<\/p>\n","protected":false},"excerpt":{"rendered":"<p>Beifu\u00df enth\u00e4lt die Substanz Artemisinin, ein Sesquiterpenlacton.<\/p>\n<p>Eisen tr\u00e4gt unter anderem zu einer normalen Funktion des Immunsystems bei.<\/p>\n<p>Lepidium latifolium (Breitbl\u00e4ttrige Kresse)<br \/>\nDie Kresse ist eine ausdauernde Pflanze. Sie wird auch Breitbl\u00e4ttrige Kresse genannt und geh\u00f6rt zur Familie der Kreuzbl\u00fctler. Sie enth\u00e4lt Substanzen (Phenol, Flavonoide, Quercetin), Myricetin und Lepidin.<\/p>\n<p>Drei \u00e4therische \u00d6le<br \/>\nAus rund einem Dutzend interessanter \u00e4therischer \u00d6le haben wir drei ausgew\u00e4hlt:<br \/>\n\u2022 Ingwer ist ein mythisches Gew\u00fcrz, das seit Jahrtausenden in Indien und China verwendet wird und heute von Wissenschaftlern aktiv neu untersucht wird.<br \/>\nDas \u00e4therische Ingwer\u00f6l besteht aus Sesquiterpenkohlenwasserstoffen und Vanilloiden (Zingiberen und Curcumen).<\/p>\n<p>\u2022 Das \u00e4therische \u00d6l der Litsea cubeba geh\u00f6rt zur Familie der Citrale.<\/p>\n<p>\u2022 Schwarzk\u00fcmmel\u00f6l (Nigella sativa) enth\u00e4lt Caryophyllen, Humulen und Thymoquinon.<\/p>\n<p>Zusammensetzung: Beifu\u00df-Trockenextrakt, Lepidium latifolium-Trockenextrakt, Eisengluconat, \u00e4therische \u00d6le aus: Ingwer und Litsea cubeba sowie Schwarzk\u00fcmmelsamen\u00f6l.<\/p>\n","protected":false},"featured_media":83837,"comment_status":"open","ping_status":"closed","template":"","meta":{"_et_pb_use_builder":"","_et_pb_old_content":"","_et_gb_content_width":""},"product_brand":[],"product_cat":[108,105,146,126,124],"product_tag":[],"class_list":{"0":"post-83834","1":"product","2":"type-product","3":"status-publish","4":"has-post-thumbnail","6":"product_cat-atemwege","7":"product_cat-harnwege","8":"product_cat-hepato-biliare-unterstutzung-entgiftung","9":"product_cat-naturliches-protokoll-zur-zellunterstutzung","10":"product_cat-oxidativer-stress-zellschutz","12":"first","13":"instock","14":"shipping-taxable","15":"purchasable","16":"product-type-simple"},"yoast_head":"<!-- This site is optimized with the Yoast SEO plugin v27.3 - https:\/\/yoast.com\/product\/yoast-seo-wordpress\/ -->\n<title>Nat\u00fcrliches Produkt zur Unterst\u00fctzung des Zellgleichgewichts \u2013 Formel von JP Willem \u2013 Asiarum 100 pflanzliche Kapseln \u00e0 420 mg | Phyt-inov.com<\/title>\n<meta name=\"description\" content=\"Phyt-Inov international\u00ae offiziell, ein Schweizer Labor, entwickelt mit JP Willem Asiarum (100 pflanzliche Kapseln \u00e0 420 mg), eine Kombination aus Pflanzen und \u00e4therischen \u00d6len, die gezielt auf die Zellen wirken. Es tr\u00e4gt zu einer normalen Funktion des Immunsystems bei. Kann erg\u00e4nzend zu medizinischen Behandlungen eingenommen werden, um die Vitalit\u00e4t zu st\u00e4rken und \u00dcbelkeit zu lindern. (Artemisia\/Kresse\/Ingwer\/Litsea\/Schwarzk\u00fcmmel)\" \/>\n<meta name=\"robots\" content=\"index, follow, max-snippet:-1, max-image-preview:large, max-video-preview:-1\" \/>\n<link rel=\"canonical\" href=\"https:\/\/www.phyt-inov.com\/de\/produit\/asiarum\/\" \/>\n<meta property=\"og:locale\" content=\"de_DE\" \/>\n<meta property=\"og:type\" content=\"article\" \/>\n<meta property=\"og:title\" content=\"Nat\u00fcrliches Produkt zur Unterst\u00fctzung des Zellgleichgewichts \u2013 Formel von JP Willem \u2013 Asiarum 100 pflanzliche Kapseln \u00e0 420 mg | Phyt-inov.com\" \/>\n<meta property=\"og:description\" content=\"Phyt-Inov international\u00ae offiziell, ein Schweizer Labor, entwickelt mit JP Willem Asiarum (100 pflanzliche Kapseln \u00e0 420 mg), eine Kombination aus Pflanzen und \u00e4therischen \u00d6len, die gezielt auf die Zellen wirken. Es tr\u00e4gt zu einer normalen Funktion des Immunsystems bei. Kann erg\u00e4nzend zu medizinischen Behandlungen eingenommen werden, um die Vitalit\u00e4t zu st\u00e4rken und \u00dcbelkeit zu lindern. (Artemisia\/Kresse\/Ingwer\/Litsea\/Schwarzk\u00fcmmel)\" \/>\n<meta property=\"og:url\" content=\"https:\/\/www.phyt-inov.com\/de\/produit\/asiarum\/\" \/>\n<meta property=\"og:site_name\" content=\"Phyt-Inov\" \/>\n<meta property=\"article:publisher\" content=\"https:\/\/www.facebook.com\/phytinov\/\" \/>\n<meta property=\"article:modified_time\" content=\"2026-03-30T09:18:10+00:00\" \/>\n<meta property=\"og:image\" content=\"https:\/\/www.phyt-inov.com\/wp-content\/uploads\/2019\/04\/Asiarum-100-gel-scaled.png\" \/>\n\t<meta property=\"og:image:width\" content=\"2048\" \/>\n\t<meta property=\"og:image:height\" content=\"2560\" \/>\n\t<meta property=\"og:image:type\" content=\"image\/png\" \/>\n<meta name=\"twitter:card\" content=\"summary_large_image\" \/>\n<script type=\"application\/ld+json\" class=\"yoast-schema-graph\">{\"@context\":\"https:\\\/\\\/schema.org\",\"@graph\":[{\"@type\":\"WebPage\",\"@id\":\"https:\\\/\\\/www.phyt-inov.com\\\/de\\\/produit\\\/asiarum\\\/\",\"url\":\"https:\\\/\\\/www.phyt-inov.com\\\/de\\\/produit\\\/asiarum\\\/\",\"name\":\"Nat\u00fcrliches Produkt zur Unterst\u00fctzung des Zellgleichgewichts \u2013 Formel von JP Willem \u2013 Asiarum 100 pflanzliche Kapseln \u00e0 420 mg | Phyt-inov.com\",\"isPartOf\":{\"@id\":\"https:\\\/\\\/www.phyt-inov.com\\\/de\\\/#website\"},\"primaryImageOfPage\":{\"@id\":\"https:\\\/\\\/www.phyt-inov.com\\\/de\\\/produit\\\/asiarum\\\/#primaryimage\"},\"image\":{\"@id\":\"https:\\\/\\\/www.phyt-inov.com\\\/de\\\/produit\\\/asiarum\\\/#primaryimage\"},\"thumbnailUrl\":\"https:\\\/\\\/www.phyt-inov.com\\\/wp-content\\\/uploads\\\/2019\\\/04\\\/Asiarum-100-gel-scaled.png\",\"datePublished\":\"2019-04-04T17:38:33+00:00\",\"dateModified\":\"2026-03-30T09:18:10+00:00\",\"description\":\"Phyt-Inov international\u00ae offiziell, ein Schweizer Labor, entwickelt mit JP Willem Asiarum (100 pflanzliche Kapseln \u00e0 420 mg), eine Kombination aus Pflanzen und \u00e4therischen \u00d6len, die gezielt auf die Zellen wirken. Es tr\u00e4gt zu einer normalen Funktion des Immunsystems bei. Kann erg\u00e4nzend zu medizinischen Behandlungen eingenommen werden, um die Vitalit\u00e4t zu st\u00e4rken und \u00dcbelkeit zu lindern. (Artemisia\\\/Kresse\\\/Ingwer\\\/Litsea\\\/Schwarzk\u00fcmmel)\",\"breadcrumb\":{\"@id\":\"https:\\\/\\\/www.phyt-inov.com\\\/de\\\/produit\\\/asiarum\\\/#breadcrumb\"},\"inLanguage\":\"de\",\"potentialAction\":[{\"@type\":\"ReadAction\",\"target\":[\"https:\\\/\\\/www.phyt-inov.com\\\/de\\\/produit\\\/asiarum\\\/\"]}]},{\"@type\":\"ImageObject\",\"inLanguage\":\"de\",\"@id\":\"https:\\\/\\\/www.phyt-inov.com\\\/de\\\/produit\\\/asiarum\\\/#primaryimage\",\"url\":\"https:\\\/\\\/www.phyt-inov.com\\\/wp-content\\\/uploads\\\/2019\\\/04\\\/Asiarum-100-gel-scaled.png\",\"contentUrl\":\"https:\\\/\\\/www.phyt-inov.com\\\/wp-content\\\/uploads\\\/2019\\\/04\\\/Asiarum-100-gel-scaled.png\",\"width\":2048,\"height\":2560,\"caption\":\"phyt-inov produkt asiarum\"},{\"@type\":\"BreadcrumbList\",\"@id\":\"https:\\\/\\\/www.phyt-inov.com\\\/de\\\/produit\\\/asiarum\\\/#breadcrumb\",\"itemListElement\":[{\"@type\":\"ListItem\",\"position\":1,\"name\":\"Accueil\",\"item\":\"https:\\\/\\\/www.phyt-inov.com\\\/de\\\/startseite\\\/\"},{\"@type\":\"ListItem\",\"position\":2,\"name\":\"Shop\",\"item\":\"https:\\\/\\\/www.phyt-inov.com\\\/de\\\/shop\\\/\"},{\"@type\":\"ListItem\",\"position\":3,\"name\":\"Asiarum\"}]},{\"@type\":\"WebSite\",\"@id\":\"https:\\\/\\\/www.phyt-inov.com\\\/de\\\/#website\",\"url\":\"https:\\\/\\\/www.phyt-inov.com\\\/de\\\/\",\"name\":\"Phyt-Inov International\",\"description\":\"L&#039;efficacit\u00e9 naturelle pour vos soins quotidiens\",\"publisher\":{\"@id\":\"https:\\\/\\\/www.phyt-inov.com\\\/de\\\/#organization\"},\"alternateName\":\"phyt-inov\",\"potentialAction\":[{\"@type\":\"SearchAction\",\"target\":{\"@type\":\"EntryPoint\",\"urlTemplate\":\"https:\\\/\\\/www.phyt-inov.com\\\/de\\\/?s={search_term_string}\"},\"query-input\":{\"@type\":\"PropertyValueSpecification\",\"valueRequired\":true,\"valueName\":\"search_term_string\"}}],\"inLanguage\":\"de\"},{\"@type\":\"Organization\",\"@id\":\"https:\\\/\\\/www.phyt-inov.com\\\/de\\\/#organization\",\"name\":\"Phyt-Inov\",\"alternateName\":\"Phyt-Inov\",\"url\":\"https:\\\/\\\/www.phyt-inov.com\\\/de\\\/\",\"logo\":{\"@type\":\"ImageObject\",\"inLanguage\":\"de\",\"@id\":\"https:\\\/\\\/www.phyt-inov.com\\\/de\\\/#\\\/schema\\\/logo\\\/image\\\/\",\"url\":\"https:\\\/\\\/www.phyt-inov.com\\\/wp-content\\\/uploads\\\/2025\\\/09\\\/Logo-site-phyt-inov4_Plan-de-travail-1-2048x760-1.png\",\"contentUrl\":\"https:\\\/\\\/www.phyt-inov.com\\\/wp-content\\\/uploads\\\/2025\\\/09\\\/Logo-site-phyt-inov4_Plan-de-travail-1-2048x760-1.png\",\"width\":2048,\"height\":760,\"caption\":\"Phyt-Inov\"},\"image\":{\"@id\":\"https:\\\/\\\/www.phyt-inov.com\\\/de\\\/#\\\/schema\\\/logo\\\/image\\\/\"},\"sameAs\":[\"https:\\\/\\\/www.facebook.com\\\/phytinov\\\/\",\"https:\\\/\\\/www.youtube.com\\\/channel\\\/UCE05sYsSXuuKbLqs4Au3e4Q\",\"https:\\\/\\\/www.instagram.com\\\/phytinov\\\/\"]}]}<\/script>\n<!-- \/ Yoast SEO plugin. -->","yoast_head_json":{"title":"Nat\u00fcrliches Produkt zur Unterst\u00fctzung des Zellgleichgewichts \u2013 Formel von JP Willem \u2013 Asiarum 100 pflanzliche Kapseln \u00e0 420 mg | Phyt-inov.com","description":"Phyt-Inov international\u00ae offiziell, ein Schweizer Labor, entwickelt mit JP Willem Asiarum (100 pflanzliche Kapseln \u00e0 420 mg), eine Kombination aus Pflanzen und \u00e4therischen \u00d6len, die gezielt auf die Zellen wirken. Es tr\u00e4gt zu einer normalen Funktion des Immunsystems bei. Kann erg\u00e4nzend zu medizinischen Behandlungen eingenommen werden, um die Vitalit\u00e4t zu st\u00e4rken und \u00dcbelkeit zu lindern. (Artemisia\/Kresse\/Ingwer\/Litsea\/Schwarzk\u00fcmmel)","robots":{"index":"index","follow":"follow","max-snippet":"max-snippet:-1","max-image-preview":"max-image-preview:large","max-video-preview":"max-video-preview:-1"},"canonical":"https:\/\/www.phyt-inov.com\/de\/produit\/asiarum\/","og_locale":"de_DE","og_type":"article","og_title":"Nat\u00fcrliches Produkt zur Unterst\u00fctzung des Zellgleichgewichts \u2013 Formel von JP Willem \u2013 Asiarum 100 pflanzliche Kapseln \u00e0 420 mg | Phyt-inov.com","og_description":"Phyt-Inov international\u00ae offiziell, ein Schweizer Labor, entwickelt mit JP Willem Asiarum (100 pflanzliche Kapseln \u00e0 420 mg), eine Kombination aus Pflanzen und \u00e4therischen \u00d6len, die gezielt auf die Zellen wirken. Es tr\u00e4gt zu einer normalen Funktion des Immunsystems bei. Kann erg\u00e4nzend zu medizinischen Behandlungen eingenommen werden, um die Vitalit\u00e4t zu st\u00e4rken und \u00dcbelkeit zu lindern. (Artemisia\/Kresse\/Ingwer\/Litsea\/Schwarzk\u00fcmmel)","og_url":"https:\/\/www.phyt-inov.com\/de\/produit\/asiarum\/","og_site_name":"Phyt-Inov","article_publisher":"https:\/\/www.facebook.com\/phytinov\/","article_modified_time":"2026-03-30T09:18:10+00:00","og_image":[{"width":2048,"height":2560,"url":"https:\/\/www.phyt-inov.com\/wp-content\/uploads\/2019\/04\/Asiarum-100-gel-scaled.png","type":"image\/png"}],"twitter_card":"summary_large_image","schema":{"@context":"https:\/\/schema.org","@graph":[{"@type":"WebPage","@id":"https:\/\/www.phyt-inov.com\/de\/produit\/asiarum\/","url":"https:\/\/www.phyt-inov.com\/de\/produit\/asiarum\/","name":"Nat\u00fcrliches Produkt zur Unterst\u00fctzung des Zellgleichgewichts \u2013 Formel von JP Willem \u2013 Asiarum 100 pflanzliche Kapseln \u00e0 420 mg | Phyt-inov.com","isPartOf":{"@id":"https:\/\/www.phyt-inov.com\/de\/#website"},"primaryImageOfPage":{"@id":"https:\/\/www.phyt-inov.com\/de\/produit\/asiarum\/#primaryimage"},"image":{"@id":"https:\/\/www.phyt-inov.com\/de\/produit\/asiarum\/#primaryimage"},"thumbnailUrl":"https:\/\/www.phyt-inov.com\/wp-content\/uploads\/2019\/04\/Asiarum-100-gel-scaled.png","datePublished":"2019-04-04T17:38:33+00:00","dateModified":"2026-03-30T09:18:10+00:00","description":"Phyt-Inov international\u00ae offiziell, ein Schweizer Labor, entwickelt mit JP Willem Asiarum (100 pflanzliche Kapseln \u00e0 420 mg), eine Kombination aus Pflanzen und \u00e4therischen \u00d6len, die gezielt auf die Zellen wirken. Es tr\u00e4gt zu einer normalen Funktion des Immunsystems bei. Kann erg\u00e4nzend zu medizinischen Behandlungen eingenommen werden, um die Vitalit\u00e4t zu st\u00e4rken und \u00dcbelkeit zu lindern. (Artemisia\/Kresse\/Ingwer\/Litsea\/Schwarzk\u00fcmmel)","breadcrumb":{"@id":"https:\/\/www.phyt-inov.com\/de\/produit\/asiarum\/#breadcrumb"},"inLanguage":"de","potentialAction":[{"@type":"ReadAction","target":["https:\/\/www.phyt-inov.com\/de\/produit\/asiarum\/"]}]},{"@type":"ImageObject","inLanguage":"de","@id":"https:\/\/www.phyt-inov.com\/de\/produit\/asiarum\/#primaryimage","url":"https:\/\/www.phyt-inov.com\/wp-content\/uploads\/2019\/04\/Asiarum-100-gel-scaled.png","contentUrl":"https:\/\/www.phyt-inov.com\/wp-content\/uploads\/2019\/04\/Asiarum-100-gel-scaled.png","width":2048,"height":2560,"caption":"phyt-inov produkt asiarum"},{"@type":"BreadcrumbList","@id":"https:\/\/www.phyt-inov.com\/de\/produit\/asiarum\/#breadcrumb","itemListElement":[{"@type":"ListItem","position":1,"name":"Accueil","item":"https:\/\/www.phyt-inov.com\/de\/startseite\/"},{"@type":"ListItem","position":2,"name":"Shop","item":"https:\/\/www.phyt-inov.com\/de\/shop\/"},{"@type":"ListItem","position":3,"name":"Asiarum"}]},{"@type":"WebSite","@id":"https:\/\/www.phyt-inov.com\/de\/#website","url":"https:\/\/www.phyt-inov.com\/de\/","name":"Phyt-Inov International","description":"L&#039;efficacit\u00e9 naturelle pour vos soins quotidiens","publisher":{"@id":"https:\/\/www.phyt-inov.com\/de\/#organization"},"alternateName":"phyt-inov","potentialAction":[{"@type":"SearchAction","target":{"@type":"EntryPoint","urlTemplate":"https:\/\/www.phyt-inov.com\/de\/?s={search_term_string}"},"query-input":{"@type":"PropertyValueSpecification","valueRequired":true,"valueName":"search_term_string"}}],"inLanguage":"de"},{"@type":"Organization","@id":"https:\/\/www.phyt-inov.com\/de\/#organization","name":"Phyt-Inov","alternateName":"Phyt-Inov","url":"https:\/\/www.phyt-inov.com\/de\/","logo":{"@type":"ImageObject","inLanguage":"de","@id":"https:\/\/www.phyt-inov.com\/de\/#\/schema\/logo\/image\/","url":"https:\/\/www.phyt-inov.com\/wp-content\/uploads\/2025\/09\/Logo-site-phyt-inov4_Plan-de-travail-1-2048x760-1.png","contentUrl":"https:\/\/www.phyt-inov.com\/wp-content\/uploads\/2025\/09\/Logo-site-phyt-inov4_Plan-de-travail-1-2048x760-1.png","width":2048,"height":760,"caption":"Phyt-Inov"},"image":{"@id":"https:\/\/www.phyt-inov.com\/de\/#\/schema\/logo\/image\/"},"sameAs":["https:\/\/www.facebook.com\/phytinov\/","https:\/\/www.youtube.com\/channel\/UCE05sYsSXuuKbLqs4Au3e4Q","https:\/\/www.instagram.com\/phytinov\/"]}]}},"jetpack_sharing_enabled":true,"_links":{"self":[{"href":"https:\/\/www.phyt-inov.com\/de\/wp-json\/wp\/v2\/product\/83834","targetHints":{"allow":["GET"]}}],"collection":[{"href":"https:\/\/www.phyt-inov.com\/de\/wp-json\/wp\/v2\/product"}],"about":[{"href":"https:\/\/www.phyt-inov.com\/de\/wp-json\/wp\/v2\/types\/product"}],"replies":[{"embeddable":true,"href":"https:\/\/www.phyt-inov.com\/de\/wp-json\/wp\/v2\/comments?post=83834"}],"wp:featuredmedia":[{"embeddable":true,"href":"https:\/\/www.phyt-inov.com\/de\/wp-json\/wp\/v2\/media\/83837"}],"wp:attachment":[{"href":"https:\/\/www.phyt-inov.com\/de\/wp-json\/wp\/v2\/media?parent=83834"}],"wp:term":[{"taxonomy":"product_brand","embeddable":true,"href":"https:\/\/www.phyt-inov.com\/de\/wp-json\/wp\/v2\/product_brand?post=83834"},{"taxonomy":"product_cat","embeddable":true,"href":"https:\/\/www.phyt-inov.com\/de\/wp-json\/wp\/v2\/product_cat?post=83834"},{"taxonomy":"product_tag","embeddable":true,"href":"https:\/\/www.phyt-inov.com\/de\/wp-json\/wp\/v2\/product_tag?post=83834"}],"curies":[{"name":"wp","href":"https:\/\/api.w.org\/{rel}","templated":true}]}}