{"id":83830,"date":"2019-04-04T17:38:40","date_gmt":"2019-04-04T17:38:40","guid":{"rendered":"https:\/\/www.phyt-inov.com\/produit\/schilddruesenerkrankungen\/"},"modified":"2026-03-30T09:17:53","modified_gmt":"2026-03-30T09:17:53","slug":"schilddruesenerkrankungen","status":"publish","type":"product","link":"https:\/\/www.phyt-inov.com\/de\/produit\/schilddruesenerkrankungen\/","title":{"rendered":"Schilddr\u00fcsenerkrankungen"},"content":{"rendered":"<p>Autor: Dr. Jean-Pierre WILLEM <\/p>\n<p>Seitenzahl: 208 Seiten<br \/>\nFormat: 15,00 x 22,00 x 1,30 cm<br \/>\nGewicht: 0,3340 kg<\/p>\n<p>Erscheinungsdatum: 25.05.2023<\/p>\n<p>Verlag: DAUPHIN<\/p>\n","protected":false},"excerpt":{"rendered":"<p><a href=\"https:\/\/www.phyt-inov.com\/de\/produit\/thyregul-phyt-inov-offiziell-150-kapseln\/\" target=\"_blank\" rel=\"noopener\"><b>Schilddr\u00fcsenerkrankungen<\/b><\/a><\/p>\n<p>&#8211; Symptome;<br \/>\n&#8211; Behandlungen;<br \/>\n&#8211; Tipps.<\/p>\n<p><span style=\"color: #ffcc00;\"><a style=\"color: #ffcc00;\" href=\"https:\/\/www.phyt-inov.com\/fr\/complements-alimentaires\/thyroide\" target=\"_blank\" rel=\"noopener\"><strong>Die Schilddr\u00fcse<\/strong><\/a><\/span> ist eine endokrine Dr\u00fcse, die sich im vorderen und unteren Bereich des Halses befindet. Sie besteht aus zwei Lappen, die durch einen Isthmus (verengter Teil eines Organs) verbunden sind, und ist aus Bl\u00e4schen aufgebaut, die mit einer z\u00e4hfl\u00fcssigen Substanz gef\u00fcllt sind, die Thyreoglobulin enth\u00e4lt, aus dem die Schilddr\u00fcsenhormone hervorgehen. <\/p>\n<p>Diese neue Ausgabe beschreibt:<br \/>\nDie Schilddr\u00fcse, eine kleine endokrine Dr\u00fcse im vorderen und unteren Bereich des Halses, hat eine entscheidende Funktion, da sie die Regulation des Hormonsystems, das Wachstum, den Stoffwechsel und das Nervensystem beeinflusst. St\u00f6rungen (Hypo- oder Hyperthyreose, Tumor, Kropf), die mit einer Fehlregulation oder einer unzureichenden Sekretion zusammenh\u00e4ngen, wirken sich auf unseren Alltag aus: M\u00fcdigkeit, Ged\u00e4chtnis, Stimmungsschwankungen, Depression, nachlassende Libido, trockene Haut und Haare, Zu- oder Abnahme des Gewichts usw. Sehr h\u00e4ufig wird die Diagnose einer Fehlfunktion der Dr\u00fcse nicht gestellt, und es ist wichtig, die Anzeichen und Symptome, die aus diesen Schilddr\u00fcsenfunktionsst\u00f6rungen resultieren, richtig zu erkennen. Leider sind sehr viele von uns von einer Schilddr\u00fcsenerkrankung betroffen. Einige Endokrinologen nennen die Zahl von 40 % der Bev\u00f6lkerung. Betroffen sind vor allem junge Frauen, insbesondere w\u00e4hrend der Schwangerschaft oder der Menopause. Dieses Informationsbuch erkl\u00e4rt Ihnen nicht nur die Funktionsweise der Schilddr\u00fcse, ihre wichtigsten Fehlregulationen und deren Ursachen, sondern auch die durchzuf\u00fchrenden Untersuchungen, die bekannten Behandlungen und ihre Grenzen. In den Anh\u00e4ngen werden die Gefahren der Radioaktivit\u00e4t behandelt.<br \/>\n<span style=\"color: #ffcc00;\"><a style=\"color: #ffcc00;\" href=\"https:\/\/www.phyt-inov.com\/fr\/complements-alimentaires\/thyroide\" target=\"_blank\" rel=\"noopener\"><strong>Dr. Willem legt hier diese Beobachtungen und die Behandlungen dar, die er kennt und deren Nutzen er bei zahlreichen Patienten feststellen konnte<\/strong><\/a><\/span>.<\/p>\n","protected":false},"featured_media":83831,"comment_status":"open","ping_status":"closed","template":"","meta":{"_et_pb_use_builder":"","_et_pb_old_content":"","_et_gb_content_width":""},"product_brand":[],"product_cat":[133,134],"product_tag":[],"class_list":{"0":"post-83830","1":"product","2":"type-product","3":"status-publish","4":"has-post-thumbnail","6":"product_cat-bucher","7":"product_cat-bucher-von-jean-pierre-willem","9":"first","10":"instock","11":"shipping-taxable","12":"purchasable","13":"product-type-simple"},"yoast_head":"<!-- This site is optimized with the Yoast SEO plugin v27.3 - https:\/\/yoast.com\/product\/yoast-seo-wordpress\/ -->\n<title>Buch \u201eSchilddr\u00fcsenerkrankungen\u201c von Dr. Jean-Pierre Willem \u2013 Hypothyreose\/Hyperthyreose\/Basedow\/Hashimoto | Phyt-inov.com<\/title>\n<meta name=\"description\" content=\"Offizielles Phyt-Inov international\u00ae (Schweizer Labor) verkauft die B\u00fccher von Jean-Pierre Willem. Buch \u201eSchilddr\u00fcsenerkrankungen\u201c, Edition du Dauphin.\" \/>\n<meta name=\"robots\" content=\"index, follow, max-snippet:-1, max-image-preview:large, max-video-preview:-1\" \/>\n<link rel=\"canonical\" href=\"https:\/\/www.phyt-inov.com\/de\/produit\/schilddruesenerkrankungen\/\" \/>\n<meta property=\"og:locale\" content=\"de_DE\" \/>\n<meta property=\"og:type\" content=\"article\" \/>\n<meta property=\"og:title\" content=\"Buch \u201eSchilddr\u00fcsenerkrankungen\u201c von Dr. Jean-Pierre Willem \u2013 Hypothyreose\/Hyperthyreose\/Basedow\/Hashimoto | Phyt-inov.com\" \/>\n<meta property=\"og:description\" content=\"Offizielles Phyt-Inov international\u00ae (Schweizer Labor) verkauft die B\u00fccher von Jean-Pierre Willem. Buch \u201eSchilddr\u00fcsenerkrankungen\u201c, Edition du Dauphin.\" \/>\n<meta property=\"og:url\" content=\"https:\/\/www.phyt-inov.com\/de\/produit\/schilddruesenerkrankungen\/\" \/>\n<meta property=\"og:site_name\" content=\"Phyt-Inov\" \/>\n<meta property=\"article:publisher\" content=\"https:\/\/www.facebook.com\/phytinov\/\" \/>\n<meta property=\"article:modified_time\" content=\"2026-03-30T09:17:53+00:00\" \/>\n<meta property=\"og:image\" content=\"https:\/\/www.phyt-inov.com\/wp-content\/uploads\/2025\/09\/Les-troubles-de-la-thyroide.jpg\" \/>\n\t<meta property=\"og:image:width\" content=\"400\" \/>\n\t<meta property=\"og:image:height\" content=\"589\" \/>\n\t<meta property=\"og:image:type\" content=\"image\/jpeg\" \/>\n<meta name=\"twitter:card\" content=\"summary_large_image\" \/>\n<script type=\"application\/ld+json\" class=\"yoast-schema-graph\">{\"@context\":\"https:\\\/\\\/schema.org\",\"@graph\":[{\"@type\":\"WebPage\",\"@id\":\"https:\\\/\\\/www.phyt-inov.com\\\/de\\\/produit\\\/schilddruesenerkrankungen\\\/\",\"url\":\"https:\\\/\\\/www.phyt-inov.com\\\/de\\\/produit\\\/schilddruesenerkrankungen\\\/\",\"name\":\"Buch \u201eSchilddr\u00fcsenerkrankungen\u201c von Dr. Jean-Pierre Willem \u2013 Hypothyreose\\\/Hyperthyreose\\\/Basedow\\\/Hashimoto | Phyt-inov.com\",\"isPartOf\":{\"@id\":\"https:\\\/\\\/www.phyt-inov.com\\\/de\\\/#website\"},\"primaryImageOfPage\":{\"@id\":\"https:\\\/\\\/www.phyt-inov.com\\\/de\\\/produit\\\/schilddruesenerkrankungen\\\/#primaryimage\"},\"image\":{\"@id\":\"https:\\\/\\\/www.phyt-inov.com\\\/de\\\/produit\\\/schilddruesenerkrankungen\\\/#primaryimage\"},\"thumbnailUrl\":\"https:\\\/\\\/www.phyt-inov.com\\\/wp-content\\\/uploads\\\/2025\\\/09\\\/Les-troubles-de-la-thyroide.jpg\",\"datePublished\":\"2019-04-04T17:38:40+00:00\",\"dateModified\":\"2026-03-30T09:17:53+00:00\",\"description\":\"Offizielles Phyt-Inov international\u00ae (Schweizer Labor) verkauft die B\u00fccher von Jean-Pierre Willem. Buch \u201eSchilddr\u00fcsenerkrankungen\u201c, Edition du Dauphin.\",\"breadcrumb\":{\"@id\":\"https:\\\/\\\/www.phyt-inov.com\\\/de\\\/produit\\\/schilddruesenerkrankungen\\\/#breadcrumb\"},\"inLanguage\":\"de\",\"potentialAction\":[{\"@type\":\"ReadAction\",\"target\":[\"https:\\\/\\\/www.phyt-inov.com\\\/de\\\/produit\\\/schilddruesenerkrankungen\\\/\"]}]},{\"@type\":\"ImageObject\",\"inLanguage\":\"de\",\"@id\":\"https:\\\/\\\/www.phyt-inov.com\\\/de\\\/produit\\\/schilddruesenerkrankungen\\\/#primaryimage\",\"url\":\"https:\\\/\\\/www.phyt-inov.com\\\/wp-content\\\/uploads\\\/2025\\\/09\\\/Les-troubles-de-la-thyroide.jpg\",\"contentUrl\":\"https:\\\/\\\/www.phyt-inov.com\\\/wp-content\\\/uploads\\\/2025\\\/09\\\/Les-troubles-de-la-thyroide.jpg\",\"width\":400,\"height\":589,\"caption\":\"Schilddruesenerkrankungen\"},{\"@type\":\"BreadcrumbList\",\"@id\":\"https:\\\/\\\/www.phyt-inov.com\\\/de\\\/produit\\\/schilddruesenerkrankungen\\\/#breadcrumb\",\"itemListElement\":[{\"@type\":\"ListItem\",\"position\":1,\"name\":\"Accueil\",\"item\":\"https:\\\/\\\/www.phyt-inov.com\\\/de\\\/startseite\\\/\"},{\"@type\":\"ListItem\",\"position\":2,\"name\":\"Shop\",\"item\":\"https:\\\/\\\/www.phyt-inov.com\\\/de\\\/shop\\\/\"},{\"@type\":\"ListItem\",\"position\":3,\"name\":\"Schilddr\u00fcsenerkrankungen\"}]},{\"@type\":\"WebSite\",\"@id\":\"https:\\\/\\\/www.phyt-inov.com\\\/de\\\/#website\",\"url\":\"https:\\\/\\\/www.phyt-inov.com\\\/de\\\/\",\"name\":\"Phyt-Inov International\",\"description\":\"L&#039;efficacit\u00e9 naturelle pour vos soins quotidiens\",\"publisher\":{\"@id\":\"https:\\\/\\\/www.phyt-inov.com\\\/de\\\/#organization\"},\"alternateName\":\"phyt-inov\",\"potentialAction\":[{\"@type\":\"SearchAction\",\"target\":{\"@type\":\"EntryPoint\",\"urlTemplate\":\"https:\\\/\\\/www.phyt-inov.com\\\/de\\\/?s={search_term_string}\"},\"query-input\":{\"@type\":\"PropertyValueSpecification\",\"valueRequired\":true,\"valueName\":\"search_term_string\"}}],\"inLanguage\":\"de\"},{\"@type\":\"Organization\",\"@id\":\"https:\\\/\\\/www.phyt-inov.com\\\/de\\\/#organization\",\"name\":\"Phyt-Inov\",\"alternateName\":\"Phyt-Inov\",\"url\":\"https:\\\/\\\/www.phyt-inov.com\\\/de\\\/\",\"logo\":{\"@type\":\"ImageObject\",\"inLanguage\":\"de\",\"@id\":\"https:\\\/\\\/www.phyt-inov.com\\\/de\\\/#\\\/schema\\\/logo\\\/image\\\/\",\"url\":\"https:\\\/\\\/www.phyt-inov.com\\\/wp-content\\\/uploads\\\/2025\\\/09\\\/Logo-site-phyt-inov4_Plan-de-travail-1-2048x760-1.png\",\"contentUrl\":\"https:\\\/\\\/www.phyt-inov.com\\\/wp-content\\\/uploads\\\/2025\\\/09\\\/Logo-site-phyt-inov4_Plan-de-travail-1-2048x760-1.png\",\"width\":2048,\"height\":760,\"caption\":\"Phyt-Inov\"},\"image\":{\"@id\":\"https:\\\/\\\/www.phyt-inov.com\\\/de\\\/#\\\/schema\\\/logo\\\/image\\\/\"},\"sameAs\":[\"https:\\\/\\\/www.facebook.com\\\/phytinov\\\/\",\"https:\\\/\\\/www.youtube.com\\\/channel\\\/UCE05sYsSXuuKbLqs4Au3e4Q\",\"https:\\\/\\\/www.instagram.com\\\/phytinov\\\/\"]}]}<\/script>\n<!-- \/ Yoast SEO plugin. -->","yoast_head_json":{"title":"Buch \u201eSchilddr\u00fcsenerkrankungen\u201c von Dr. Jean-Pierre Willem \u2013 Hypothyreose\/Hyperthyreose\/Basedow\/Hashimoto | Phyt-inov.com","description":"Offizielles Phyt-Inov international\u00ae (Schweizer Labor) verkauft die B\u00fccher von Jean-Pierre Willem. Buch \u201eSchilddr\u00fcsenerkrankungen\u201c, Edition du Dauphin.","robots":{"index":"index","follow":"follow","max-snippet":"max-snippet:-1","max-image-preview":"max-image-preview:large","max-video-preview":"max-video-preview:-1"},"canonical":"https:\/\/www.phyt-inov.com\/de\/produit\/schilddruesenerkrankungen\/","og_locale":"de_DE","og_type":"article","og_title":"Buch \u201eSchilddr\u00fcsenerkrankungen\u201c von Dr. Jean-Pierre Willem \u2013 Hypothyreose\/Hyperthyreose\/Basedow\/Hashimoto | Phyt-inov.com","og_description":"Offizielles Phyt-Inov international\u00ae (Schweizer Labor) verkauft die B\u00fccher von Jean-Pierre Willem. Buch \u201eSchilddr\u00fcsenerkrankungen\u201c, Edition du Dauphin.","og_url":"https:\/\/www.phyt-inov.com\/de\/produit\/schilddruesenerkrankungen\/","og_site_name":"Phyt-Inov","article_publisher":"https:\/\/www.facebook.com\/phytinov\/","article_modified_time":"2026-03-30T09:17:53+00:00","og_image":[{"width":400,"height":589,"url":"https:\/\/www.phyt-inov.com\/wp-content\/uploads\/2025\/09\/Les-troubles-de-la-thyroide.jpg","type":"image\/jpeg"}],"twitter_card":"summary_large_image","schema":{"@context":"https:\/\/schema.org","@graph":[{"@type":"WebPage","@id":"https:\/\/www.phyt-inov.com\/de\/produit\/schilddruesenerkrankungen\/","url":"https:\/\/www.phyt-inov.com\/de\/produit\/schilddruesenerkrankungen\/","name":"Buch \u201eSchilddr\u00fcsenerkrankungen\u201c von Dr. Jean-Pierre Willem \u2013 Hypothyreose\/Hyperthyreose\/Basedow\/Hashimoto | Phyt-inov.com","isPartOf":{"@id":"https:\/\/www.phyt-inov.com\/de\/#website"},"primaryImageOfPage":{"@id":"https:\/\/www.phyt-inov.com\/de\/produit\/schilddruesenerkrankungen\/#primaryimage"},"image":{"@id":"https:\/\/www.phyt-inov.com\/de\/produit\/schilddruesenerkrankungen\/#primaryimage"},"thumbnailUrl":"https:\/\/www.phyt-inov.com\/wp-content\/uploads\/2025\/09\/Les-troubles-de-la-thyroide.jpg","datePublished":"2019-04-04T17:38:40+00:00","dateModified":"2026-03-30T09:17:53+00:00","description":"Offizielles Phyt-Inov international\u00ae (Schweizer Labor) verkauft die B\u00fccher von Jean-Pierre Willem. Buch \u201eSchilddr\u00fcsenerkrankungen\u201c, Edition du Dauphin.","breadcrumb":{"@id":"https:\/\/www.phyt-inov.com\/de\/produit\/schilddruesenerkrankungen\/#breadcrumb"},"inLanguage":"de","potentialAction":[{"@type":"ReadAction","target":["https:\/\/www.phyt-inov.com\/de\/produit\/schilddruesenerkrankungen\/"]}]},{"@type":"ImageObject","inLanguage":"de","@id":"https:\/\/www.phyt-inov.com\/de\/produit\/schilddruesenerkrankungen\/#primaryimage","url":"https:\/\/www.phyt-inov.com\/wp-content\/uploads\/2025\/09\/Les-troubles-de-la-thyroide.jpg","contentUrl":"https:\/\/www.phyt-inov.com\/wp-content\/uploads\/2025\/09\/Les-troubles-de-la-thyroide.jpg","width":400,"height":589,"caption":"Schilddruesenerkrankungen"},{"@type":"BreadcrumbList","@id":"https:\/\/www.phyt-inov.com\/de\/produit\/schilddruesenerkrankungen\/#breadcrumb","itemListElement":[{"@type":"ListItem","position":1,"name":"Accueil","item":"https:\/\/www.phyt-inov.com\/de\/startseite\/"},{"@type":"ListItem","position":2,"name":"Shop","item":"https:\/\/www.phyt-inov.com\/de\/shop\/"},{"@type":"ListItem","position":3,"name":"Schilddr\u00fcsenerkrankungen"}]},{"@type":"WebSite","@id":"https:\/\/www.phyt-inov.com\/de\/#website","url":"https:\/\/www.phyt-inov.com\/de\/","name":"Phyt-Inov International","description":"L&#039;efficacit\u00e9 naturelle pour vos soins quotidiens","publisher":{"@id":"https:\/\/www.phyt-inov.com\/de\/#organization"},"alternateName":"phyt-inov","potentialAction":[{"@type":"SearchAction","target":{"@type":"EntryPoint","urlTemplate":"https:\/\/www.phyt-inov.com\/de\/?s={search_term_string}"},"query-input":{"@type":"PropertyValueSpecification","valueRequired":true,"valueName":"search_term_string"}}],"inLanguage":"de"},{"@type":"Organization","@id":"https:\/\/www.phyt-inov.com\/de\/#organization","name":"Phyt-Inov","alternateName":"Phyt-Inov","url":"https:\/\/www.phyt-inov.com\/de\/","logo":{"@type":"ImageObject","inLanguage":"de","@id":"https:\/\/www.phyt-inov.com\/de\/#\/schema\/logo\/image\/","url":"https:\/\/www.phyt-inov.com\/wp-content\/uploads\/2025\/09\/Logo-site-phyt-inov4_Plan-de-travail-1-2048x760-1.png","contentUrl":"https:\/\/www.phyt-inov.com\/wp-content\/uploads\/2025\/09\/Logo-site-phyt-inov4_Plan-de-travail-1-2048x760-1.png","width":2048,"height":760,"caption":"Phyt-Inov"},"image":{"@id":"https:\/\/www.phyt-inov.com\/de\/#\/schema\/logo\/image\/"},"sameAs":["https:\/\/www.facebook.com\/phytinov\/","https:\/\/www.youtube.com\/channel\/UCE05sYsSXuuKbLqs4Au3e4Q","https:\/\/www.instagram.com\/phytinov\/"]}]}},"jetpack_sharing_enabled":true,"_links":{"self":[{"href":"https:\/\/www.phyt-inov.com\/de\/wp-json\/wp\/v2\/product\/83830","targetHints":{"allow":["GET"]}}],"collection":[{"href":"https:\/\/www.phyt-inov.com\/de\/wp-json\/wp\/v2\/product"}],"about":[{"href":"https:\/\/www.phyt-inov.com\/de\/wp-json\/wp\/v2\/types\/product"}],"replies":[{"embeddable":true,"href":"https:\/\/www.phyt-inov.com\/de\/wp-json\/wp\/v2\/comments?post=83830"}],"wp:featuredmedia":[{"embeddable":true,"href":"https:\/\/www.phyt-inov.com\/de\/wp-json\/wp\/v2\/media\/83831"}],"wp:attachment":[{"href":"https:\/\/www.phyt-inov.com\/de\/wp-json\/wp\/v2\/media?parent=83830"}],"wp:term":[{"taxonomy":"product_brand","embeddable":true,"href":"https:\/\/www.phyt-inov.com\/de\/wp-json\/wp\/v2\/product_brand?post=83830"},{"taxonomy":"product_cat","embeddable":true,"href":"https:\/\/www.phyt-inov.com\/de\/wp-json\/wp\/v2\/product_cat?post=83830"},{"taxonomy":"product_tag","embeddable":true,"href":"https:\/\/www.phyt-inov.com\/de\/wp-json\/wp\/v2\/product_tag?post=83830"}],"curies":[{"name":"wp","href":"https:\/\/api.w.org\/{rel}","templated":true}]}}