{"id":83811,"date":"2019-04-04T17:38:40","date_gmt":"2019-04-04T17:38:40","guid":{"rendered":"https:\/\/www.phyt-inov.com\/produit\/nahrungsmittelunvertraeglichkeiten\/"},"modified":"2019-04-04T17:38:40","modified_gmt":"2019-04-04T17:38:40","slug":"nahrungsmittelunvertraeglichkeiten","status":"publish","type":"product","link":"https:\/\/www.phyt-inov.com\/de\/produit\/nahrungsmittelunvertraeglichkeiten\/","title":{"rendered":"Nahrungsmittelunvertr\u00e4glichkeiten"},"content":{"rendered":"<p>Autor: Dr. Jean-Pierre WILLEM <\/p>\n<p>Seitenzahl: 410 Seiten<br \/>\nFormat: 24,00 x 16,00 x 3,40 cm<br \/>\nGewicht: 0,6800 kg<\/p>\n<p>Erscheinung: Januar 2012<\/p>\n<p>Verlag: Tredaniel La Maisnie<\/p>\n","protected":false},"excerpt":{"rendered":"<p>Was, wenn der Ursprung vieler Krankheiten eine Nahrungsmittelunvertr\u00e4glichkeit w\u00e4re?<br \/>\nWas, wenn manche \u00c4rzte den Ursache-Wirkungs-Zusammenhang zwischen allt\u00e4glichen Lebensmitteln und chronischen Symptomen noch nicht erkannt h\u00e4tten,<br \/>\ndie das Leben und das Blut der Menschen \u00fcber Jahre hinweg vergiften?<br \/>\nBei einer Nahrungsmittelallergie tritt die Reaktion sofort und sichtbar auf, manchmal heftig. Eine Nahrungsmittelunvertr\u00e4glichkeit hingegen ist eine langsame Reaktion, die erst nach mehr als zwei Tagen einsetzt und ein Leben lang anhalten kann. Sie verursacht schwere Folgen im Verdauungssystem sowie zahlreiche Erkrankungen: \u00dcbergewicht, Stress, Niedergeschlagenheit, Schlaflosigkeit, Migr\u00e4ne, Haut- und Atemprobleme, Autoimmunerkrankungen, Infektionen usw. In diesem Werk eines renommierten Arztes, der mit den neuesten wissenschaftlichen Erkenntnissen zu diesem Thema vertraut ist, entdecken Sie die Mechanismen des Immunsystems, die zentrale Rolle des Darms bei Unvertr\u00e4glichkeitsprozessen, die am h\u00e4ufigsten beschuldigten Lebensmittel und Zusatzstoffe sowie die h\u00e4ufigsten und verheerendsten Krankheiten. Als echtes Hilfsmittel zur Diagnose f\u00fcr alle Menschen, die unter Nahrungsmittelunvertr\u00e4glichkeiten leiden, ohne sich dessen immer bewusst zu sein, aber auch f\u00fcr Fachleute, bietet dieses Buch nat\u00fcrliche und wirksame L\u00f6sungen.   <\/p>\n","protected":false},"featured_media":83813,"comment_status":"open","ping_status":"closed","template":"","meta":{"_et_pb_use_builder":"","_et_pb_old_content":"","_et_gb_content_width":""},"product_brand":[],"product_cat":[133,134],"product_tag":[],"class_list":{"0":"post-83811","1":"product","2":"type-product","3":"status-publish","4":"has-post-thumbnail","6":"product_cat-bucher","7":"product_cat-bucher-von-jean-pierre-willem","9":"first","10":"instock","11":"shipping-taxable","12":"purchasable","13":"product-type-simple"},"yoast_head":"<!-- This site is optimized with the Yoast SEO plugin v27.3 - https:\/\/yoast.com\/product\/yoast-seo-wordpress\/ -->\n<title>Nahrungsmittelunvertr\u00e4glichkeiten - Phyt-Inov<\/title>\n<meta name=\"description\" content=\"Phyt-Inov - Nahrungsmittelunvertr\u00e4glichkeiten\" \/>\n<meta name=\"robots\" content=\"index, follow, max-snippet:-1, max-image-preview:large, max-video-preview:-1\" \/>\n<link rel=\"canonical\" href=\"https:\/\/www.phyt-inov.com\/de\/produit\/nahrungsmittelunvertraeglichkeiten\/\" \/>\n<meta property=\"og:locale\" content=\"de_DE\" \/>\n<meta property=\"og:type\" content=\"article\" \/>\n<meta property=\"og:title\" content=\"Nahrungsmittelunvertr\u00e4glichkeiten - Phyt-Inov\" \/>\n<meta property=\"og:description\" content=\"Phyt-Inov - Nahrungsmittelunvertr\u00e4glichkeiten\" \/>\n<meta property=\"og:url\" content=\"https:\/\/www.phyt-inov.com\/de\/produit\/nahrungsmittelunvertraeglichkeiten\/\" \/>\n<meta property=\"og:site_name\" content=\"Phyt-Inov\" \/>\n<meta property=\"article:publisher\" content=\"https:\/\/www.facebook.com\/phytinov\/\" \/>\n<meta property=\"og:image\" content=\"https:\/\/www.phyt-inov.com\/wp-content\/uploads\/2025\/09\/1710311902003919.jpg\" \/>\n\t<meta property=\"og:image:width\" content=\"331\" \/>\n\t<meta property=\"og:image:height\" content=\"499\" \/>\n\t<meta property=\"og:image:type\" content=\"image\/jpeg\" \/>\n<meta name=\"twitter:card\" content=\"summary_large_image\" \/>\n<script type=\"application\/ld+json\" class=\"yoast-schema-graph\">{\"@context\":\"https:\\\/\\\/schema.org\",\"@graph\":[{\"@type\":\"WebPage\",\"@id\":\"https:\\\/\\\/www.phyt-inov.com\\\/de\\\/produit\\\/nahrungsmittelunvertraeglichkeiten\\\/\",\"url\":\"https:\\\/\\\/www.phyt-inov.com\\\/de\\\/produit\\\/nahrungsmittelunvertraeglichkeiten\\\/\",\"name\":\"Nahrungsmittelunvertr\u00e4glichkeiten - Phyt-Inov\",\"isPartOf\":{\"@id\":\"https:\\\/\\\/www.phyt-inov.com\\\/de\\\/#website\"},\"primaryImageOfPage\":{\"@id\":\"https:\\\/\\\/www.phyt-inov.com\\\/de\\\/produit\\\/nahrungsmittelunvertraeglichkeiten\\\/#primaryimage\"},\"image\":{\"@id\":\"https:\\\/\\\/www.phyt-inov.com\\\/de\\\/produit\\\/nahrungsmittelunvertraeglichkeiten\\\/#primaryimage\"},\"thumbnailUrl\":\"https:\\\/\\\/www.phyt-inov.com\\\/wp-content\\\/uploads\\\/2025\\\/09\\\/1710311902003919.jpg\",\"datePublished\":\"2019-04-04T17:38:40+00:00\",\"description\":\"Phyt-Inov - Nahrungsmittelunvertr\u00e4glichkeiten\",\"breadcrumb\":{\"@id\":\"https:\\\/\\\/www.phyt-inov.com\\\/de\\\/produit\\\/nahrungsmittelunvertraeglichkeiten\\\/#breadcrumb\"},\"inLanguage\":\"de\",\"potentialAction\":[{\"@type\":\"ReadAction\",\"target\":[\"https:\\\/\\\/www.phyt-inov.com\\\/de\\\/produit\\\/nahrungsmittelunvertraeglichkeiten\\\/\"]}]},{\"@type\":\"ImageObject\",\"inLanguage\":\"de\",\"@id\":\"https:\\\/\\\/www.phyt-inov.com\\\/de\\\/produit\\\/nahrungsmittelunvertraeglichkeiten\\\/#primaryimage\",\"url\":\"https:\\\/\\\/www.phyt-inov.com\\\/wp-content\\\/uploads\\\/2025\\\/09\\\/1710311902003919.jpg\",\"contentUrl\":\"https:\\\/\\\/www.phyt-inov.com\\\/wp-content\\\/uploads\\\/2025\\\/09\\\/1710311902003919.jpg\",\"width\":331,\"height\":499,\"caption\":\"dr willem nahrungsmittelunvertr\u00e4glichkeiten\"},{\"@type\":\"BreadcrumbList\",\"@id\":\"https:\\\/\\\/www.phyt-inov.com\\\/de\\\/produit\\\/nahrungsmittelunvertraeglichkeiten\\\/#breadcrumb\",\"itemListElement\":[{\"@type\":\"ListItem\",\"position\":1,\"name\":\"Accueil\",\"item\":\"https:\\\/\\\/www.phyt-inov.com\\\/de\\\/startseite\\\/\"},{\"@type\":\"ListItem\",\"position\":2,\"name\":\"Shop\",\"item\":\"https:\\\/\\\/www.phyt-inov.com\\\/de\\\/shop\\\/\"},{\"@type\":\"ListItem\",\"position\":3,\"name\":\"Nahrungsmittelunvertr\u00e4glichkeiten\"}]},{\"@type\":\"WebSite\",\"@id\":\"https:\\\/\\\/www.phyt-inov.com\\\/de\\\/#website\",\"url\":\"https:\\\/\\\/www.phyt-inov.com\\\/de\\\/\",\"name\":\"Phyt-Inov International\",\"description\":\"L&#039;efficacit\u00e9 naturelle pour vos soins quotidiens\",\"publisher\":{\"@id\":\"https:\\\/\\\/www.phyt-inov.com\\\/de\\\/#organization\"},\"alternateName\":\"phyt-inov\",\"potentialAction\":[{\"@type\":\"SearchAction\",\"target\":{\"@type\":\"EntryPoint\",\"urlTemplate\":\"https:\\\/\\\/www.phyt-inov.com\\\/de\\\/?s={search_term_string}\"},\"query-input\":{\"@type\":\"PropertyValueSpecification\",\"valueRequired\":true,\"valueName\":\"search_term_string\"}}],\"inLanguage\":\"de\"},{\"@type\":\"Organization\",\"@id\":\"https:\\\/\\\/www.phyt-inov.com\\\/de\\\/#organization\",\"name\":\"Phyt-Inov\",\"alternateName\":\"Phyt-Inov\",\"url\":\"https:\\\/\\\/www.phyt-inov.com\\\/de\\\/\",\"logo\":{\"@type\":\"ImageObject\",\"inLanguage\":\"de\",\"@id\":\"https:\\\/\\\/www.phyt-inov.com\\\/de\\\/#\\\/schema\\\/logo\\\/image\\\/\",\"url\":\"https:\\\/\\\/www.phyt-inov.com\\\/wp-content\\\/uploads\\\/2025\\\/09\\\/Logo-site-phyt-inov4_Plan-de-travail-1-2048x760-1.png\",\"contentUrl\":\"https:\\\/\\\/www.phyt-inov.com\\\/wp-content\\\/uploads\\\/2025\\\/09\\\/Logo-site-phyt-inov4_Plan-de-travail-1-2048x760-1.png\",\"width\":2048,\"height\":760,\"caption\":\"Phyt-Inov\"},\"image\":{\"@id\":\"https:\\\/\\\/www.phyt-inov.com\\\/de\\\/#\\\/schema\\\/logo\\\/image\\\/\"},\"sameAs\":[\"https:\\\/\\\/www.facebook.com\\\/phytinov\\\/\",\"https:\\\/\\\/www.youtube.com\\\/channel\\\/UCE05sYsSXuuKbLqs4Au3e4Q\",\"https:\\\/\\\/www.instagram.com\\\/phytinov\\\/\"]}]}<\/script>\n<!-- \/ Yoast SEO plugin. -->","yoast_head_json":{"title":"Nahrungsmittelunvertr\u00e4glichkeiten - Phyt-Inov","description":"Phyt-Inov - Nahrungsmittelunvertr\u00e4glichkeiten","robots":{"index":"index","follow":"follow","max-snippet":"max-snippet:-1","max-image-preview":"max-image-preview:large","max-video-preview":"max-video-preview:-1"},"canonical":"https:\/\/www.phyt-inov.com\/de\/produit\/nahrungsmittelunvertraeglichkeiten\/","og_locale":"de_DE","og_type":"article","og_title":"Nahrungsmittelunvertr\u00e4glichkeiten - Phyt-Inov","og_description":"Phyt-Inov - Nahrungsmittelunvertr\u00e4glichkeiten","og_url":"https:\/\/www.phyt-inov.com\/de\/produit\/nahrungsmittelunvertraeglichkeiten\/","og_site_name":"Phyt-Inov","article_publisher":"https:\/\/www.facebook.com\/phytinov\/","og_image":[{"width":331,"height":499,"url":"https:\/\/www.phyt-inov.com\/wp-content\/uploads\/2025\/09\/1710311902003919.jpg","type":"image\/jpeg"}],"twitter_card":"summary_large_image","schema":{"@context":"https:\/\/schema.org","@graph":[{"@type":"WebPage","@id":"https:\/\/www.phyt-inov.com\/de\/produit\/nahrungsmittelunvertraeglichkeiten\/","url":"https:\/\/www.phyt-inov.com\/de\/produit\/nahrungsmittelunvertraeglichkeiten\/","name":"Nahrungsmittelunvertr\u00e4glichkeiten - Phyt-Inov","isPartOf":{"@id":"https:\/\/www.phyt-inov.com\/de\/#website"},"primaryImageOfPage":{"@id":"https:\/\/www.phyt-inov.com\/de\/produit\/nahrungsmittelunvertraeglichkeiten\/#primaryimage"},"image":{"@id":"https:\/\/www.phyt-inov.com\/de\/produit\/nahrungsmittelunvertraeglichkeiten\/#primaryimage"},"thumbnailUrl":"https:\/\/www.phyt-inov.com\/wp-content\/uploads\/2025\/09\/1710311902003919.jpg","datePublished":"2019-04-04T17:38:40+00:00","description":"Phyt-Inov - Nahrungsmittelunvertr\u00e4glichkeiten","breadcrumb":{"@id":"https:\/\/www.phyt-inov.com\/de\/produit\/nahrungsmittelunvertraeglichkeiten\/#breadcrumb"},"inLanguage":"de","potentialAction":[{"@type":"ReadAction","target":["https:\/\/www.phyt-inov.com\/de\/produit\/nahrungsmittelunvertraeglichkeiten\/"]}]},{"@type":"ImageObject","inLanguage":"de","@id":"https:\/\/www.phyt-inov.com\/de\/produit\/nahrungsmittelunvertraeglichkeiten\/#primaryimage","url":"https:\/\/www.phyt-inov.com\/wp-content\/uploads\/2025\/09\/1710311902003919.jpg","contentUrl":"https:\/\/www.phyt-inov.com\/wp-content\/uploads\/2025\/09\/1710311902003919.jpg","width":331,"height":499,"caption":"dr willem nahrungsmittelunvertr\u00e4glichkeiten"},{"@type":"BreadcrumbList","@id":"https:\/\/www.phyt-inov.com\/de\/produit\/nahrungsmittelunvertraeglichkeiten\/#breadcrumb","itemListElement":[{"@type":"ListItem","position":1,"name":"Accueil","item":"https:\/\/www.phyt-inov.com\/de\/startseite\/"},{"@type":"ListItem","position":2,"name":"Shop","item":"https:\/\/www.phyt-inov.com\/de\/shop\/"},{"@type":"ListItem","position":3,"name":"Nahrungsmittelunvertr\u00e4glichkeiten"}]},{"@type":"WebSite","@id":"https:\/\/www.phyt-inov.com\/de\/#website","url":"https:\/\/www.phyt-inov.com\/de\/","name":"Phyt-Inov International","description":"L&#039;efficacit\u00e9 naturelle pour vos soins quotidiens","publisher":{"@id":"https:\/\/www.phyt-inov.com\/de\/#organization"},"alternateName":"phyt-inov","potentialAction":[{"@type":"SearchAction","target":{"@type":"EntryPoint","urlTemplate":"https:\/\/www.phyt-inov.com\/de\/?s={search_term_string}"},"query-input":{"@type":"PropertyValueSpecification","valueRequired":true,"valueName":"search_term_string"}}],"inLanguage":"de"},{"@type":"Organization","@id":"https:\/\/www.phyt-inov.com\/de\/#organization","name":"Phyt-Inov","alternateName":"Phyt-Inov","url":"https:\/\/www.phyt-inov.com\/de\/","logo":{"@type":"ImageObject","inLanguage":"de","@id":"https:\/\/www.phyt-inov.com\/de\/#\/schema\/logo\/image\/","url":"https:\/\/www.phyt-inov.com\/wp-content\/uploads\/2025\/09\/Logo-site-phyt-inov4_Plan-de-travail-1-2048x760-1.png","contentUrl":"https:\/\/www.phyt-inov.com\/wp-content\/uploads\/2025\/09\/Logo-site-phyt-inov4_Plan-de-travail-1-2048x760-1.png","width":2048,"height":760,"caption":"Phyt-Inov"},"image":{"@id":"https:\/\/www.phyt-inov.com\/de\/#\/schema\/logo\/image\/"},"sameAs":["https:\/\/www.facebook.com\/phytinov\/","https:\/\/www.youtube.com\/channel\/UCE05sYsSXuuKbLqs4Au3e4Q","https:\/\/www.instagram.com\/phytinov\/"]}]}},"jetpack_sharing_enabled":true,"_links":{"self":[{"href":"https:\/\/www.phyt-inov.com\/de\/wp-json\/wp\/v2\/product\/83811","targetHints":{"allow":["GET"]}}],"collection":[{"href":"https:\/\/www.phyt-inov.com\/de\/wp-json\/wp\/v2\/product"}],"about":[{"href":"https:\/\/www.phyt-inov.com\/de\/wp-json\/wp\/v2\/types\/product"}],"replies":[{"embeddable":true,"href":"https:\/\/www.phyt-inov.com\/de\/wp-json\/wp\/v2\/comments?post=83811"}],"wp:featuredmedia":[{"embeddable":true,"href":"https:\/\/www.phyt-inov.com\/de\/wp-json\/wp\/v2\/media\/83813"}],"wp:attachment":[{"href":"https:\/\/www.phyt-inov.com\/de\/wp-json\/wp\/v2\/media?parent=83811"}],"wp:term":[{"taxonomy":"product_brand","embeddable":true,"href":"https:\/\/www.phyt-inov.com\/de\/wp-json\/wp\/v2\/product_brand?post=83811"},{"taxonomy":"product_cat","embeddable":true,"href":"https:\/\/www.phyt-inov.com\/de\/wp-json\/wp\/v2\/product_cat?post=83811"},{"taxonomy":"product_tag","embeddable":true,"href":"https:\/\/www.phyt-inov.com\/de\/wp-json\/wp\/v2\/product_tag?post=83811"}],"curies":[{"name":"wp","href":"https:\/\/api.w.org\/{rel}","templated":true}]}}