{"id":83769,"date":"2026-02-16T16:32:14","date_gmt":"2026-02-16T16:32:14","guid":{"rendered":"https:\/\/www.phyt-inov.com\/produit\/quiet-full-kapseln\/"},"modified":"2026-03-30T09:16:10","modified_gmt":"2026-03-30T09:16:10","slug":"quiet-full-kapseln","status":"publish","type":"product","link":"https:\/\/www.phyt-inov.com\/de\/produit\/quiet-full-kapseln\/","title":{"rendered":"Quiet Full Kapseln"},"content":{"rendered":"<p>100 oder 200 vegetarische Kapseln mit 520 mg dosiert<\/p>\n<p>Nettogewicht: 61 g\/Schachteln mit 100 Kapseln<\/p>\n<p>Verzehrempfehlung: 1 Kapsel 3-mal t\u00e4glich<\/p>\n","protected":false},"excerpt":{"rendered":"<p>Die Begriffe Stress, Angst, Beklemmung und Depression nehmen in unseren modernen Gesellschaften einen immer gr\u00f6\u00dferen Stellenwert ein.<\/p>\n<p><b>QUIET-FULL<\/b> ist ein Konzentrat an N\u00e4hrstoffen, die f\u00fcr den K\u00f6rper n\u00fctzlich sind, um zur Aufrechterhaltung seines physiologischen Gleichgewichts beizutragen. Die in <b>QUIET-FULL<\/b> enthaltenen N\u00e4hrstoffe sorgen f\u00fcr eine schnelle und harmonische Anpassung des Organismus an jede Stresssituation und mindern deren nachteilige Folgen wie M\u00fcdigkeit, Spannungszust\u00e4nde und Unwohlsein.<br \/>\n<b>QUIET-FULL<\/b> erweist sich somit als ideales Nahrungserg\u00e4nzungsmittel f\u00fcr gestresste oder \u00fcberlastete Personen, indem es ihnen hilft, Angst und Beklemmung zu reduzieren und ihre Lebensqualit\u00e4t, ihr Wohlbefinden sowie die allgemeine Stimmung zu verbessern.<\/p>\n","protected":false},"featured_media":83770,"comment_status":"open","ping_status":"closed","template":"","meta":{"_et_pb_use_builder":"","_et_pb_old_content":"","_et_gb_content_width":""},"product_brand":[],"product_cat":[109,124],"product_tag":[],"class_list":{"0":"post-83769","1":"product","2":"type-product","3":"status-publish","4":"has-post-thumbnail","6":"product_cat-nahrungserganzungsmittel","7":"product_cat-oxidativer-stress-zellschutz","9":"first","10":"instock","11":"shipping-taxable","12":"purchasable","13":"product-type-variable"},"yoast_head":"<!-- This site is optimized with the Yoast SEO plugin v27.3 - https:\/\/yoast.com\/product\/yoast-seo-wordpress\/ -->\n<title>Quiet Full: Erholsamer Schlaf &amp; Gelassenheit | Phyt-Inov<\/title>\n<meta name=\"description\" content=\"Finden Sie mit Quiet Full zu tiefem, nat\u00fcrlichem Schlaf zur\u00fcck. Lindern Sie Stress und f\u00f6rdern Sie das Einschlafen \u2013 ohne Gew\u00f6hnung. Schweizer Qualit\u00e4t.\" \/>\n<meta name=\"robots\" content=\"index, follow, max-snippet:-1, max-image-preview:large, max-video-preview:-1\" \/>\n<link rel=\"canonical\" href=\"https:\/\/www.phyt-inov.com\/de\/produit\/quiet-full-kapseln\/\" \/>\n<meta property=\"og:locale\" content=\"de_DE\" \/>\n<meta property=\"og:type\" content=\"article\" \/>\n<meta property=\"og:title\" content=\"Quiet Full: Erholsamer Schlaf &amp; Gelassenheit | Phyt-Inov\" \/>\n<meta property=\"og:description\" content=\"Finden Sie mit Quiet Full zu tiefem, nat\u00fcrlichem Schlaf zur\u00fcck. Lindern Sie Stress und f\u00f6rdern Sie das Einschlafen \u2013 ohne Gew\u00f6hnung. Schweizer Qualit\u00e4t.\" \/>\n<meta property=\"og:url\" content=\"https:\/\/www.phyt-inov.com\/de\/produit\/quiet-full-kapseln\/\" \/>\n<meta property=\"og:site_name\" content=\"Phyt-Inov\" \/>\n<meta property=\"article:publisher\" content=\"https:\/\/www.facebook.com\/phytinov\/\" \/>\n<meta property=\"article:modified_time\" content=\"2026-03-30T09:16:10+00:00\" \/>\n<meta property=\"og:image\" content=\"https:\/\/www.phyt-inov.com\/wp-content\/uploads\/2026\/02\/Quiet-Full-10-gel-819x1024.png\" \/>\n\t<meta property=\"og:image:width\" content=\"819\" \/>\n\t<meta property=\"og:image:height\" content=\"1024\" \/>\n\t<meta property=\"og:image:type\" content=\"image\/png\" \/>\n<meta name=\"twitter:card\" content=\"summary_large_image\" \/>\n<script type=\"application\/ld+json\" class=\"yoast-schema-graph\">{\"@context\":\"https:\\\/\\\/schema.org\",\"@graph\":[{\"@type\":\"WebPage\",\"@id\":\"https:\\\/\\\/www.phyt-inov.com\\\/de\\\/produit\\\/quiet-full-kapseln\\\/\",\"url\":\"https:\\\/\\\/www.phyt-inov.com\\\/de\\\/produit\\\/quiet-full-kapseln\\\/\",\"name\":\"Quiet Full: Erholsamer Schlaf & Gelassenheit | Phyt-Inov\",\"isPartOf\":{\"@id\":\"https:\\\/\\\/www.phyt-inov.com\\\/de\\\/#website\"},\"primaryImageOfPage\":{\"@id\":\"https:\\\/\\\/www.phyt-inov.com\\\/de\\\/produit\\\/quiet-full-kapseln\\\/#primaryimage\"},\"image\":{\"@id\":\"https:\\\/\\\/www.phyt-inov.com\\\/de\\\/produit\\\/quiet-full-kapseln\\\/#primaryimage\"},\"thumbnailUrl\":\"https:\\\/\\\/www.phyt-inov.com\\\/wp-content\\\/uploads\\\/2026\\\/02\\\/Quiet-Full-10-gel.png\",\"datePublished\":\"2026-02-16T16:32:14+00:00\",\"dateModified\":\"2026-03-30T09:16:10+00:00\",\"description\":\"Finden Sie mit Quiet Full zu tiefem, nat\u00fcrlichem Schlaf zur\u00fcck. Lindern Sie Stress und f\u00f6rdern Sie das Einschlafen \u2013 ohne Gew\u00f6hnung. Schweizer Qualit\u00e4t.\",\"breadcrumb\":{\"@id\":\"https:\\\/\\\/www.phyt-inov.com\\\/de\\\/produit\\\/quiet-full-kapseln\\\/#breadcrumb\"},\"inLanguage\":\"de\",\"potentialAction\":[{\"@type\":\"ReadAction\",\"target\":[\"https:\\\/\\\/www.phyt-inov.com\\\/de\\\/produit\\\/quiet-full-kapseln\\\/\"]}]},{\"@type\":\"ImageObject\",\"inLanguage\":\"de\",\"@id\":\"https:\\\/\\\/www.phyt-inov.com\\\/de\\\/produit\\\/quiet-full-kapseln\\\/#primaryimage\",\"url\":\"https:\\\/\\\/www.phyt-inov.com\\\/wp-content\\\/uploads\\\/2026\\\/02\\\/Quiet-Full-10-gel.png\",\"contentUrl\":\"https:\\\/\\\/www.phyt-inov.com\\\/wp-content\\\/uploads\\\/2026\\\/02\\\/Quiet-Full-10-gel.png\",\"width\":6400,\"height\":8000,\"caption\":\"phyt-inov produkt quiet full\"},{\"@type\":\"BreadcrumbList\",\"@id\":\"https:\\\/\\\/www.phyt-inov.com\\\/de\\\/produit\\\/quiet-full-kapseln\\\/#breadcrumb\",\"itemListElement\":[{\"@type\":\"ListItem\",\"position\":1,\"name\":\"Accueil\",\"item\":\"https:\\\/\\\/www.phyt-inov.com\\\/de\\\/startseite\\\/\"},{\"@type\":\"ListItem\",\"position\":2,\"name\":\"Shop\",\"item\":\"https:\\\/\\\/www.phyt-inov.com\\\/de\\\/shop\\\/\"},{\"@type\":\"ListItem\",\"position\":3,\"name\":\"Quiet Full Kapseln\"}]},{\"@type\":\"WebSite\",\"@id\":\"https:\\\/\\\/www.phyt-inov.com\\\/de\\\/#website\",\"url\":\"https:\\\/\\\/www.phyt-inov.com\\\/de\\\/\",\"name\":\"Phyt-Inov International\",\"description\":\"L&#039;efficacit\u00e9 naturelle pour vos soins quotidiens\",\"publisher\":{\"@id\":\"https:\\\/\\\/www.phyt-inov.com\\\/de\\\/#organization\"},\"alternateName\":\"phyt-inov\",\"potentialAction\":[{\"@type\":\"SearchAction\",\"target\":{\"@type\":\"EntryPoint\",\"urlTemplate\":\"https:\\\/\\\/www.phyt-inov.com\\\/de\\\/?s={search_term_string}\"},\"query-input\":{\"@type\":\"PropertyValueSpecification\",\"valueRequired\":true,\"valueName\":\"search_term_string\"}}],\"inLanguage\":\"de\"},{\"@type\":\"Organization\",\"@id\":\"https:\\\/\\\/www.phyt-inov.com\\\/de\\\/#organization\",\"name\":\"Phyt-Inov\",\"alternateName\":\"Phyt-Inov\",\"url\":\"https:\\\/\\\/www.phyt-inov.com\\\/de\\\/\",\"logo\":{\"@type\":\"ImageObject\",\"inLanguage\":\"de\",\"@id\":\"https:\\\/\\\/www.phyt-inov.com\\\/de\\\/#\\\/schema\\\/logo\\\/image\\\/\",\"url\":\"https:\\\/\\\/www.phyt-inov.com\\\/wp-content\\\/uploads\\\/2025\\\/09\\\/Logo-site-phyt-inov4_Plan-de-travail-1-2048x760-1.png\",\"contentUrl\":\"https:\\\/\\\/www.phyt-inov.com\\\/wp-content\\\/uploads\\\/2025\\\/09\\\/Logo-site-phyt-inov4_Plan-de-travail-1-2048x760-1.png\",\"width\":2048,\"height\":760,\"caption\":\"Phyt-Inov\"},\"image\":{\"@id\":\"https:\\\/\\\/www.phyt-inov.com\\\/de\\\/#\\\/schema\\\/logo\\\/image\\\/\"},\"sameAs\":[\"https:\\\/\\\/www.facebook.com\\\/phytinov\\\/\",\"https:\\\/\\\/www.youtube.com\\\/channel\\\/UCE05sYsSXuuKbLqs4Au3e4Q\",\"https:\\\/\\\/www.instagram.com\\\/phytinov\\\/\"]}]}<\/script>\n<!-- \/ Yoast SEO plugin. -->","yoast_head_json":{"title":"Quiet Full: Erholsamer Schlaf & Gelassenheit | Phyt-Inov","description":"Finden Sie mit Quiet Full zu tiefem, nat\u00fcrlichem Schlaf zur\u00fcck. Lindern Sie Stress und f\u00f6rdern Sie das Einschlafen \u2013 ohne Gew\u00f6hnung. Schweizer Qualit\u00e4t.","robots":{"index":"index","follow":"follow","max-snippet":"max-snippet:-1","max-image-preview":"max-image-preview:large","max-video-preview":"max-video-preview:-1"},"canonical":"https:\/\/www.phyt-inov.com\/de\/produit\/quiet-full-kapseln\/","og_locale":"de_DE","og_type":"article","og_title":"Quiet Full: Erholsamer Schlaf & Gelassenheit | Phyt-Inov","og_description":"Finden Sie mit Quiet Full zu tiefem, nat\u00fcrlichem Schlaf zur\u00fcck. Lindern Sie Stress und f\u00f6rdern Sie das Einschlafen \u2013 ohne Gew\u00f6hnung. Schweizer Qualit\u00e4t.","og_url":"https:\/\/www.phyt-inov.com\/de\/produit\/quiet-full-kapseln\/","og_site_name":"Phyt-Inov","article_publisher":"https:\/\/www.facebook.com\/phytinov\/","article_modified_time":"2026-03-30T09:16:10+00:00","og_image":[{"width":819,"height":1024,"url":"https:\/\/www.phyt-inov.com\/wp-content\/uploads\/2026\/02\/Quiet-Full-10-gel-819x1024.png","type":"image\/png"}],"twitter_card":"summary_large_image","schema":{"@context":"https:\/\/schema.org","@graph":[{"@type":"WebPage","@id":"https:\/\/www.phyt-inov.com\/de\/produit\/quiet-full-kapseln\/","url":"https:\/\/www.phyt-inov.com\/de\/produit\/quiet-full-kapseln\/","name":"Quiet Full: Erholsamer Schlaf & Gelassenheit | Phyt-Inov","isPartOf":{"@id":"https:\/\/www.phyt-inov.com\/de\/#website"},"primaryImageOfPage":{"@id":"https:\/\/www.phyt-inov.com\/de\/produit\/quiet-full-kapseln\/#primaryimage"},"image":{"@id":"https:\/\/www.phyt-inov.com\/de\/produit\/quiet-full-kapseln\/#primaryimage"},"thumbnailUrl":"https:\/\/www.phyt-inov.com\/wp-content\/uploads\/2026\/02\/Quiet-Full-10-gel.png","datePublished":"2026-02-16T16:32:14+00:00","dateModified":"2026-03-30T09:16:10+00:00","description":"Finden Sie mit Quiet Full zu tiefem, nat\u00fcrlichem Schlaf zur\u00fcck. Lindern Sie Stress und f\u00f6rdern Sie das Einschlafen \u2013 ohne Gew\u00f6hnung. Schweizer Qualit\u00e4t.","breadcrumb":{"@id":"https:\/\/www.phyt-inov.com\/de\/produit\/quiet-full-kapseln\/#breadcrumb"},"inLanguage":"de","potentialAction":[{"@type":"ReadAction","target":["https:\/\/www.phyt-inov.com\/de\/produit\/quiet-full-kapseln\/"]}]},{"@type":"ImageObject","inLanguage":"de","@id":"https:\/\/www.phyt-inov.com\/de\/produit\/quiet-full-kapseln\/#primaryimage","url":"https:\/\/www.phyt-inov.com\/wp-content\/uploads\/2026\/02\/Quiet-Full-10-gel.png","contentUrl":"https:\/\/www.phyt-inov.com\/wp-content\/uploads\/2026\/02\/Quiet-Full-10-gel.png","width":6400,"height":8000,"caption":"phyt-inov produkt quiet full"},{"@type":"BreadcrumbList","@id":"https:\/\/www.phyt-inov.com\/de\/produit\/quiet-full-kapseln\/#breadcrumb","itemListElement":[{"@type":"ListItem","position":1,"name":"Accueil","item":"https:\/\/www.phyt-inov.com\/de\/startseite\/"},{"@type":"ListItem","position":2,"name":"Shop","item":"https:\/\/www.phyt-inov.com\/de\/shop\/"},{"@type":"ListItem","position":3,"name":"Quiet Full Kapseln"}]},{"@type":"WebSite","@id":"https:\/\/www.phyt-inov.com\/de\/#website","url":"https:\/\/www.phyt-inov.com\/de\/","name":"Phyt-Inov International","description":"L&#039;efficacit\u00e9 naturelle pour vos soins quotidiens","publisher":{"@id":"https:\/\/www.phyt-inov.com\/de\/#organization"},"alternateName":"phyt-inov","potentialAction":[{"@type":"SearchAction","target":{"@type":"EntryPoint","urlTemplate":"https:\/\/www.phyt-inov.com\/de\/?s={search_term_string}"},"query-input":{"@type":"PropertyValueSpecification","valueRequired":true,"valueName":"search_term_string"}}],"inLanguage":"de"},{"@type":"Organization","@id":"https:\/\/www.phyt-inov.com\/de\/#organization","name":"Phyt-Inov","alternateName":"Phyt-Inov","url":"https:\/\/www.phyt-inov.com\/de\/","logo":{"@type":"ImageObject","inLanguage":"de","@id":"https:\/\/www.phyt-inov.com\/de\/#\/schema\/logo\/image\/","url":"https:\/\/www.phyt-inov.com\/wp-content\/uploads\/2025\/09\/Logo-site-phyt-inov4_Plan-de-travail-1-2048x760-1.png","contentUrl":"https:\/\/www.phyt-inov.com\/wp-content\/uploads\/2025\/09\/Logo-site-phyt-inov4_Plan-de-travail-1-2048x760-1.png","width":2048,"height":760,"caption":"Phyt-Inov"},"image":{"@id":"https:\/\/www.phyt-inov.com\/de\/#\/schema\/logo\/image\/"},"sameAs":["https:\/\/www.facebook.com\/phytinov\/","https:\/\/www.youtube.com\/channel\/UCE05sYsSXuuKbLqs4Au3e4Q","https:\/\/www.instagram.com\/phytinov\/"]}]}},"jetpack_sharing_enabled":true,"_links":{"self":[{"href":"https:\/\/www.phyt-inov.com\/de\/wp-json\/wp\/v2\/product\/83769","targetHints":{"allow":["GET"]}}],"collection":[{"href":"https:\/\/www.phyt-inov.com\/de\/wp-json\/wp\/v2\/product"}],"about":[{"href":"https:\/\/www.phyt-inov.com\/de\/wp-json\/wp\/v2\/types\/product"}],"replies":[{"embeddable":true,"href":"https:\/\/www.phyt-inov.com\/de\/wp-json\/wp\/v2\/comments?post=83769"}],"wp:featuredmedia":[{"embeddable":true,"href":"https:\/\/www.phyt-inov.com\/de\/wp-json\/wp\/v2\/media\/83770"}],"wp:attachment":[{"href":"https:\/\/www.phyt-inov.com\/de\/wp-json\/wp\/v2\/media?parent=83769"}],"wp:term":[{"taxonomy":"product_brand","embeddable":true,"href":"https:\/\/www.phyt-inov.com\/de\/wp-json\/wp\/v2\/product_brand?post=83769"},{"taxonomy":"product_cat","embeddable":true,"href":"https:\/\/www.phyt-inov.com\/de\/wp-json\/wp\/v2\/product_cat?post=83769"},{"taxonomy":"product_tag","embeddable":true,"href":"https:\/\/www.phyt-inov.com\/de\/wp-json\/wp\/v2\/product_tag?post=83769"}],"curies":[{"name":"wp","href":"https:\/\/api.w.org\/{rel}","templated":true}]}}