{"id":83746,"date":"2026-02-24T09:37:46","date_gmt":"2026-02-24T09:37:46","guid":{"rendered":"https:\/\/www.phyt-inov.com\/produit\/sirup-mit-roter-propolis-manuka-honig\/"},"modified":"2026-02-24T09:37:46","modified_gmt":"2026-02-24T09:37:46","slug":"sirup-mit-roter-propolis-manuka-honig","status":"publish","type":"product","link":"https:\/\/www.phyt-inov.com\/de\/produit\/sirup-mit-roter-propolis-manuka-honig\/","title":{"rendered":"Sirup mit Roter Propolis &amp; Manuka-Honig"},"content":{"rendered":"<p>Flasche \u00e0 150 ml.<\/p>\n<p>Anwendungshinweise: Vor Gebrauch sch\u00fctteln. Vorzugsweise morgens einnehmen. 1 Essl\u00f6ffel pro Tag.  <\/p>\n","protected":false},"excerpt":{"rendered":"<p><strong>SIRUP MIT ROTER PROPOLIS UND MANUKA-HONIG<\/strong><\/p>\n<p data-start=\"256\" data-end=\"466\">Ein au\u00dfergew\u00f6hnlicher Sirup, der eine <strong data-start=\"291\" data-end=\"331\">rote Propolis von h\u00f6chster Qualit\u00e4t<\/strong> mit <strong data-start=\"337\" data-end=\"355\">Manuka-Honig<\/strong> kombiniert, angereichert mit Extrakten aus <strong data-start=\"380\" data-end=\"410\">Zimt, Guarana, Ginseng<\/strong> sowie mit <strong data-start=\"418\" data-end=\"465\">Bio-\u00e4therischem S\u00fc\u00dforangen\u00f6l<\/strong>.<\/p>\n<p data-start=\"468\" data-end=\"673\">Diese seltene Formulierung zeichnet sich durch das Vorhandensein von <strong data-start=\"523\" data-end=\"541\">roter Propolis<\/strong> aus, die f\u00fcr den Reichtum und die Intensit\u00e4t ihrer nat\u00fcrlichen Inhaltsstoffe bekannt ist und damit die konzentrierteste bekannte Propolis darstellt.<\/p>\n<p data-start=\"675\" data-end=\"845\">Schon ab der ersten Einnahme entfaltet der Sirup ein <strong data-start=\"717\" data-end=\"749\">intensives, umh\u00fcllendes Aroma<\/strong> und vermittelt beim Kontakt mit der Mundschleimhaut sofort ein Gef\u00fchl von Schutz und Wohlbefinden.<\/p>\n<p><strong>Dieser Sirup ist das Ergebnis der Synergie nat\u00fcrlicher Elemente:<\/strong><\/p>\n<p><strong>Manuka-Honig,<\/strong><br \/>\nein wahrer Schatz aus Neuseeland, mit mindestens 250 mg Methylglyoxal pro kg, was seine Qualit\u00e4t und Wirksamkeit garantiert.<\/p>\n<p><strong>Rote Propolis,<\/strong><br \/>\nein wertvolles Harz, das von Bienen zum Schutz des Bienenstocks verwendet wird.<\/p>\n<p><strong>Zimt, Guarana und Ginseng.<\/strong><\/p>\n","protected":false},"featured_media":83747,"comment_status":"open","ping_status":"closed","template":"","meta":{"_et_pb_use_builder":"","_et_pb_old_content":"","_et_gb_content_width":""},"product_brand":[],"product_cat":[109,107,125],"product_tag":[],"class_list":{"0":"post-83746","1":"product","2":"type-product","3":"status-publish","4":"has-post-thumbnail","6":"product_cat-nahrungserganzungsmittel","7":"product_cat-schatze-des-bienenstocks","8":"product_cat-tonus-und-vitalitat","10":"first","11":"instock","12":"shipping-taxable","13":"purchasable","14":"product-type-simple"},"yoast_head":"<!-- This site is optimized with the Yoast SEO plugin v27.3 - https:\/\/yoast.com\/product\/yoast-seo-wordpress\/ -->\n<title>Sirup Rote Propolis &amp; Manuka-Honig | Immunit\u00e4t Phyt-Inov<\/title>\n<meta name=\"description\" content=\"Beruhigen Sie Ihren Hals und st\u00e4rken Sie Ihre Abwehrkr\u00e4fte mit roter Propolis und Manuka-Honig. Kraftvolle, nat\u00fcrliche und fachkundige L\u00f6sung. Schweizer Herstellung.\" \/>\n<meta name=\"robots\" content=\"index, follow, max-snippet:-1, max-image-preview:large, max-video-preview:-1\" \/>\n<link rel=\"canonical\" href=\"https:\/\/www.phyt-inov.com\/de\/produit\/sirup-mit-roter-propolis-manuka-honig\/\" \/>\n<meta property=\"og:locale\" content=\"de_DE\" \/>\n<meta property=\"og:type\" content=\"article\" \/>\n<meta property=\"og:title\" content=\"Sirup Rote Propolis &amp; Manuka-Honig | Immunit\u00e4t Phyt-Inov\" \/>\n<meta property=\"og:description\" content=\"Beruhigen Sie Ihren Hals und st\u00e4rken Sie Ihre Abwehrkr\u00e4fte mit roter Propolis und Manuka-Honig. Kraftvolle, nat\u00fcrliche und fachkundige L\u00f6sung. Schweizer Herstellung.\" \/>\n<meta property=\"og:url\" content=\"https:\/\/www.phyt-inov.com\/de\/produit\/sirup-mit-roter-propolis-manuka-honig\/\" \/>\n<meta property=\"og:site_name\" content=\"Phyt-Inov\" \/>\n<meta property=\"article:publisher\" content=\"https:\/\/www.facebook.com\/phytinov\/\" \/>\n<meta property=\"og:image\" content=\"https:\/\/www.phyt-inov.com\/wp-content\/uploads\/2026\/02\/Image-Sirop-2026-02-09-detoure-leger-scaled-1.jpg\" \/>\n\t<meta property=\"og:image:width\" content=\"2560\" \/>\n\t<meta property=\"og:image:height\" content=\"1761\" \/>\n\t<meta property=\"og:image:type\" content=\"image\/jpeg\" \/>\n<meta name=\"twitter:card\" content=\"summary_large_image\" \/>\n<script type=\"application\/ld+json\" class=\"yoast-schema-graph\">{\"@context\":\"https:\\\/\\\/schema.org\",\"@graph\":[{\"@type\":\"WebPage\",\"@id\":\"https:\\\/\\\/www.phyt-inov.com\\\/de\\\/produit\\\/sirup-mit-roter-propolis-manuka-honig\\\/\",\"url\":\"https:\\\/\\\/www.phyt-inov.com\\\/de\\\/produit\\\/sirup-mit-roter-propolis-manuka-honig\\\/\",\"name\":\"Sirup Rote Propolis & Manuka-Honig | Immunit\u00e4t Phyt-Inov\",\"isPartOf\":{\"@id\":\"https:\\\/\\\/www.phyt-inov.com\\\/de\\\/#website\"},\"primaryImageOfPage\":{\"@id\":\"https:\\\/\\\/www.phyt-inov.com\\\/de\\\/produit\\\/sirup-mit-roter-propolis-manuka-honig\\\/#primaryimage\"},\"image\":{\"@id\":\"https:\\\/\\\/www.phyt-inov.com\\\/de\\\/produit\\\/sirup-mit-roter-propolis-manuka-honig\\\/#primaryimage\"},\"thumbnailUrl\":\"https:\\\/\\\/www.phyt-inov.com\\\/wp-content\\\/uploads\\\/2026\\\/02\\\/Image-Sirop-2026-02-09-detoure-leger-scaled-1.jpg\",\"datePublished\":\"2026-02-24T09:37:46+00:00\",\"description\":\"Beruhigen Sie Ihren Hals und st\u00e4rken Sie Ihre Abwehrkr\u00e4fte mit roter Propolis und Manuka-Honig. Kraftvolle, nat\u00fcrliche und fachkundige L\u00f6sung. Schweizer Herstellung.\",\"breadcrumb\":{\"@id\":\"https:\\\/\\\/www.phyt-inov.com\\\/de\\\/produit\\\/sirup-mit-roter-propolis-manuka-honig\\\/#breadcrumb\"},\"inLanguage\":\"de\",\"potentialAction\":[{\"@type\":\"ReadAction\",\"target\":[\"https:\\\/\\\/www.phyt-inov.com\\\/de\\\/produit\\\/sirup-mit-roter-propolis-manuka-honig\\\/\"]}]},{\"@type\":\"ImageObject\",\"inLanguage\":\"de\",\"@id\":\"https:\\\/\\\/www.phyt-inov.com\\\/de\\\/produit\\\/sirup-mit-roter-propolis-manuka-honig\\\/#primaryimage\",\"url\":\"https:\\\/\\\/www.phyt-inov.com\\\/wp-content\\\/uploads\\\/2026\\\/02\\\/Image-Sirop-2026-02-09-detoure-leger-scaled-1.jpg\",\"contentUrl\":\"https:\\\/\\\/www.phyt-inov.com\\\/wp-content\\\/uploads\\\/2026\\\/02\\\/Image-Sirop-2026-02-09-detoure-leger-scaled-1.jpg\",\"width\":2560,\"height\":1761,\"caption\":\"phyt-inov Produkt rote Propolis\"},{\"@type\":\"BreadcrumbList\",\"@id\":\"https:\\\/\\\/www.phyt-inov.com\\\/de\\\/produit\\\/sirup-mit-roter-propolis-manuka-honig\\\/#breadcrumb\",\"itemListElement\":[{\"@type\":\"ListItem\",\"position\":1,\"name\":\"Accueil\",\"item\":\"https:\\\/\\\/www.phyt-inov.com\\\/de\\\/startseite\\\/\"},{\"@type\":\"ListItem\",\"position\":2,\"name\":\"Shop\",\"item\":\"https:\\\/\\\/www.phyt-inov.com\\\/de\\\/shop\\\/\"},{\"@type\":\"ListItem\",\"position\":3,\"name\":\"Sirup mit Roter Propolis &amp; Manuka-Honig\"}]},{\"@type\":\"WebSite\",\"@id\":\"https:\\\/\\\/www.phyt-inov.com\\\/de\\\/#website\",\"url\":\"https:\\\/\\\/www.phyt-inov.com\\\/de\\\/\",\"name\":\"Phyt-Inov International\",\"description\":\"L&#039;efficacit\u00e9 naturelle pour vos soins quotidiens\",\"publisher\":{\"@id\":\"https:\\\/\\\/www.phyt-inov.com\\\/de\\\/#organization\"},\"alternateName\":\"phyt-inov\",\"potentialAction\":[{\"@type\":\"SearchAction\",\"target\":{\"@type\":\"EntryPoint\",\"urlTemplate\":\"https:\\\/\\\/www.phyt-inov.com\\\/de\\\/?s={search_term_string}\"},\"query-input\":{\"@type\":\"PropertyValueSpecification\",\"valueRequired\":true,\"valueName\":\"search_term_string\"}}],\"inLanguage\":\"de\"},{\"@type\":\"Organization\",\"@id\":\"https:\\\/\\\/www.phyt-inov.com\\\/de\\\/#organization\",\"name\":\"Phyt-Inov\",\"alternateName\":\"Phyt-Inov\",\"url\":\"https:\\\/\\\/www.phyt-inov.com\\\/de\\\/\",\"logo\":{\"@type\":\"ImageObject\",\"inLanguage\":\"de\",\"@id\":\"https:\\\/\\\/www.phyt-inov.com\\\/de\\\/#\\\/schema\\\/logo\\\/image\\\/\",\"url\":\"https:\\\/\\\/www.phyt-inov.com\\\/wp-content\\\/uploads\\\/2025\\\/09\\\/Logo-site-phyt-inov4_Plan-de-travail-1-2048x760-1.png\",\"contentUrl\":\"https:\\\/\\\/www.phyt-inov.com\\\/wp-content\\\/uploads\\\/2025\\\/09\\\/Logo-site-phyt-inov4_Plan-de-travail-1-2048x760-1.png\",\"width\":2048,\"height\":760,\"caption\":\"Phyt-Inov\"},\"image\":{\"@id\":\"https:\\\/\\\/www.phyt-inov.com\\\/de\\\/#\\\/schema\\\/logo\\\/image\\\/\"},\"sameAs\":[\"https:\\\/\\\/www.facebook.com\\\/phytinov\\\/\",\"https:\\\/\\\/www.youtube.com\\\/channel\\\/UCE05sYsSXuuKbLqs4Au3e4Q\",\"https:\\\/\\\/www.instagram.com\\\/phytinov\\\/\"]}]}<\/script>\n<!-- \/ Yoast SEO plugin. -->","yoast_head_json":{"title":"Sirup Rote Propolis & Manuka-Honig | Immunit\u00e4t Phyt-Inov","description":"Beruhigen Sie Ihren Hals und st\u00e4rken Sie Ihre Abwehrkr\u00e4fte mit roter Propolis und Manuka-Honig. Kraftvolle, nat\u00fcrliche und fachkundige L\u00f6sung. Schweizer Herstellung.","robots":{"index":"index","follow":"follow","max-snippet":"max-snippet:-1","max-image-preview":"max-image-preview:large","max-video-preview":"max-video-preview:-1"},"canonical":"https:\/\/www.phyt-inov.com\/de\/produit\/sirup-mit-roter-propolis-manuka-honig\/","og_locale":"de_DE","og_type":"article","og_title":"Sirup Rote Propolis & Manuka-Honig | Immunit\u00e4t Phyt-Inov","og_description":"Beruhigen Sie Ihren Hals und st\u00e4rken Sie Ihre Abwehrkr\u00e4fte mit roter Propolis und Manuka-Honig. Kraftvolle, nat\u00fcrliche und fachkundige L\u00f6sung. Schweizer Herstellung.","og_url":"https:\/\/www.phyt-inov.com\/de\/produit\/sirup-mit-roter-propolis-manuka-honig\/","og_site_name":"Phyt-Inov","article_publisher":"https:\/\/www.facebook.com\/phytinov\/","og_image":[{"width":2560,"height":1761,"url":"https:\/\/www.phyt-inov.com\/wp-content\/uploads\/2026\/02\/Image-Sirop-2026-02-09-detoure-leger-scaled-1.jpg","type":"image\/jpeg"}],"twitter_card":"summary_large_image","schema":{"@context":"https:\/\/schema.org","@graph":[{"@type":"WebPage","@id":"https:\/\/www.phyt-inov.com\/de\/produit\/sirup-mit-roter-propolis-manuka-honig\/","url":"https:\/\/www.phyt-inov.com\/de\/produit\/sirup-mit-roter-propolis-manuka-honig\/","name":"Sirup Rote Propolis & Manuka-Honig | Immunit\u00e4t Phyt-Inov","isPartOf":{"@id":"https:\/\/www.phyt-inov.com\/de\/#website"},"primaryImageOfPage":{"@id":"https:\/\/www.phyt-inov.com\/de\/produit\/sirup-mit-roter-propolis-manuka-honig\/#primaryimage"},"image":{"@id":"https:\/\/www.phyt-inov.com\/de\/produit\/sirup-mit-roter-propolis-manuka-honig\/#primaryimage"},"thumbnailUrl":"https:\/\/www.phyt-inov.com\/wp-content\/uploads\/2026\/02\/Image-Sirop-2026-02-09-detoure-leger-scaled-1.jpg","datePublished":"2026-02-24T09:37:46+00:00","description":"Beruhigen Sie Ihren Hals und st\u00e4rken Sie Ihre Abwehrkr\u00e4fte mit roter Propolis und Manuka-Honig. Kraftvolle, nat\u00fcrliche und fachkundige L\u00f6sung. Schweizer Herstellung.","breadcrumb":{"@id":"https:\/\/www.phyt-inov.com\/de\/produit\/sirup-mit-roter-propolis-manuka-honig\/#breadcrumb"},"inLanguage":"de","potentialAction":[{"@type":"ReadAction","target":["https:\/\/www.phyt-inov.com\/de\/produit\/sirup-mit-roter-propolis-manuka-honig\/"]}]},{"@type":"ImageObject","inLanguage":"de","@id":"https:\/\/www.phyt-inov.com\/de\/produit\/sirup-mit-roter-propolis-manuka-honig\/#primaryimage","url":"https:\/\/www.phyt-inov.com\/wp-content\/uploads\/2026\/02\/Image-Sirop-2026-02-09-detoure-leger-scaled-1.jpg","contentUrl":"https:\/\/www.phyt-inov.com\/wp-content\/uploads\/2026\/02\/Image-Sirop-2026-02-09-detoure-leger-scaled-1.jpg","width":2560,"height":1761,"caption":"phyt-inov Produkt rote Propolis"},{"@type":"BreadcrumbList","@id":"https:\/\/www.phyt-inov.com\/de\/produit\/sirup-mit-roter-propolis-manuka-honig\/#breadcrumb","itemListElement":[{"@type":"ListItem","position":1,"name":"Accueil","item":"https:\/\/www.phyt-inov.com\/de\/startseite\/"},{"@type":"ListItem","position":2,"name":"Shop","item":"https:\/\/www.phyt-inov.com\/de\/shop\/"},{"@type":"ListItem","position":3,"name":"Sirup mit Roter Propolis &amp; Manuka-Honig"}]},{"@type":"WebSite","@id":"https:\/\/www.phyt-inov.com\/de\/#website","url":"https:\/\/www.phyt-inov.com\/de\/","name":"Phyt-Inov International","description":"L&#039;efficacit\u00e9 naturelle pour vos soins quotidiens","publisher":{"@id":"https:\/\/www.phyt-inov.com\/de\/#organization"},"alternateName":"phyt-inov","potentialAction":[{"@type":"SearchAction","target":{"@type":"EntryPoint","urlTemplate":"https:\/\/www.phyt-inov.com\/de\/?s={search_term_string}"},"query-input":{"@type":"PropertyValueSpecification","valueRequired":true,"valueName":"search_term_string"}}],"inLanguage":"de"},{"@type":"Organization","@id":"https:\/\/www.phyt-inov.com\/de\/#organization","name":"Phyt-Inov","alternateName":"Phyt-Inov","url":"https:\/\/www.phyt-inov.com\/de\/","logo":{"@type":"ImageObject","inLanguage":"de","@id":"https:\/\/www.phyt-inov.com\/de\/#\/schema\/logo\/image\/","url":"https:\/\/www.phyt-inov.com\/wp-content\/uploads\/2025\/09\/Logo-site-phyt-inov4_Plan-de-travail-1-2048x760-1.png","contentUrl":"https:\/\/www.phyt-inov.com\/wp-content\/uploads\/2025\/09\/Logo-site-phyt-inov4_Plan-de-travail-1-2048x760-1.png","width":2048,"height":760,"caption":"Phyt-Inov"},"image":{"@id":"https:\/\/www.phyt-inov.com\/de\/#\/schema\/logo\/image\/"},"sameAs":["https:\/\/www.facebook.com\/phytinov\/","https:\/\/www.youtube.com\/channel\/UCE05sYsSXuuKbLqs4Au3e4Q","https:\/\/www.instagram.com\/phytinov\/"]}]}},"jetpack_sharing_enabled":true,"_links":{"self":[{"href":"https:\/\/www.phyt-inov.com\/de\/wp-json\/wp\/v2\/product\/83746","targetHints":{"allow":["GET"]}}],"collection":[{"href":"https:\/\/www.phyt-inov.com\/de\/wp-json\/wp\/v2\/product"}],"about":[{"href":"https:\/\/www.phyt-inov.com\/de\/wp-json\/wp\/v2\/types\/product"}],"replies":[{"embeddable":true,"href":"https:\/\/www.phyt-inov.com\/de\/wp-json\/wp\/v2\/comments?post=83746"}],"wp:featuredmedia":[{"embeddable":true,"href":"https:\/\/www.phyt-inov.com\/de\/wp-json\/wp\/v2\/media\/83747"}],"wp:attachment":[{"href":"https:\/\/www.phyt-inov.com\/de\/wp-json\/wp\/v2\/media?parent=83746"}],"wp:term":[{"taxonomy":"product_brand","embeddable":true,"href":"https:\/\/www.phyt-inov.com\/de\/wp-json\/wp\/v2\/product_brand?post=83746"},{"taxonomy":"product_cat","embeddable":true,"href":"https:\/\/www.phyt-inov.com\/de\/wp-json\/wp\/v2\/product_cat?post=83746"},{"taxonomy":"product_tag","embeddable":true,"href":"https:\/\/www.phyt-inov.com\/de\/wp-json\/wp\/v2\/product_tag?post=83746"}],"curies":[{"name":"wp","href":"https:\/\/api.w.org\/{rel}","templated":true}]}}