{"id":83740,"date":"2026-02-24T09:40:42","date_gmt":"2026-02-24T09:40:42","guid":{"rendered":"https:\/\/www.phyt-inov.com\/produit\/55-gesundheitsfragen-und-ihre-natuerlichen-behandlungen-ohne-rezept\/"},"modified":"2026-02-24T09:40:42","modified_gmt":"2026-02-24T09:40:42","slug":"55-gesundheitsfragen-und-ihre-natuerlichen-behandlungen-ohne-rezept","status":"publish","type":"product","link":"https:\/\/www.phyt-inov.com\/de\/produit\/55-gesundheitsfragen-und-ihre-natuerlichen-behandlungen-ohne-rezept\/","title":{"rendered":"55 Gesundheitsfragen und ihre nat\u00fcrlichen Behandlungen ohne Rezept"},"content":{"rendered":"<p>Autor: Dr. Jean-Pierre WILLEM <\/p>\n<p>Seitenzahl: 512 Seiten<br \/>\nFormat: 16,00 x 23,90 x 2,60 cm<br \/>\nGewicht: 0,7900 kg<\/p>\n<p>Erscheinungstermin: 27. August 2025<\/p>\n<p>Verlag: Dauphin Editions<\/p>\n","protected":false},"excerpt":{"rendered":"<p>Dieses Buch bietet L\u00f6sungen angesichts des \u00c4rztemangels und medizinischer Unterversorgung. Es informiert einerseits \u00fcber die gro\u00dfen Gesundheitsprobleme des Alltags (M\u00fcdigkeit, Stress \u2026) und erkl\u00e4rt andererseits h\u00e4ufige Erkrankungen (Winterinfektionen \u2026), spezifische (Elektrosensibilit\u00e4t \u2026) und schwere Krankheitsbilder (Bauchspeicheldr\u00fcsenkrebs \u2026). Jede Erkrankung wird mit ihren Ursachen und m\u00f6glichen Behandlungen erl\u00e4utert \u2013 ob schulmedizinisch oder nat\u00fcrlich. Das Werk legt zudem den Schwerpunkt auf Pr\u00e4vention, um eine Verschlimmerung der Beschwerden zu vermeiden.   <\/p>\n","protected":false},"featured_media":83741,"comment_status":"open","ping_status":"closed","template":"","meta":{"_et_pb_use_builder":"","_et_pb_old_content":"","_et_gb_content_width":""},"product_brand":[],"product_cat":[133,134],"product_tag":[],"class_list":{"0":"post-83740","1":"product","2":"type-product","3":"status-publish","4":"has-post-thumbnail","6":"product_cat-bucher","7":"product_cat-bucher-von-jean-pierre-willem","9":"first","10":"instock","11":"shipping-taxable","12":"purchasable","13":"product-type-simple"},"yoast_head":"<!-- This site is optimized with the Yoast SEO plugin v27.3 - https:\/\/yoast.com\/product\/yoast-seo-wordpress\/ -->\n<title>55 Gesundheitsfragen: Leitfaden f\u00fcr nat\u00fcrliche Behandlungen | Dr. Willem<\/title>\n<meta name=\"description\" content=\"Entdecken Sie die Antworten von Dr. Willem auf 55 h\u00e4ufige Gesundheitsprobleme. Praktischer Leitfaden, um sich nat\u00fcrlich und ohne Rezept zu behandeln. Expertenwissen.\" \/>\n<meta name=\"robots\" content=\"index, follow, max-snippet:-1, max-image-preview:large, max-video-preview:-1\" \/>\n<link rel=\"canonical\" href=\"https:\/\/www.phyt-inov.com\/de\/produit\/55-gesundheitsfragen-und-ihre-natuerlichen-behandlungen-ohne-rezept\/\" \/>\n<meta property=\"og:locale\" content=\"de_DE\" \/>\n<meta property=\"og:type\" content=\"article\" \/>\n<meta property=\"og:title\" content=\"55 Gesundheitsfragen: Leitfaden f\u00fcr nat\u00fcrliche Behandlungen | Dr. Willem\" \/>\n<meta property=\"og:description\" content=\"Entdecken Sie die Antworten von Dr. Willem auf 55 h\u00e4ufige Gesundheitsprobleme. Praktischer Leitfaden, um sich nat\u00fcrlich und ohne Rezept zu behandeln. Expertenwissen.\" \/>\n<meta property=\"og:url\" content=\"https:\/\/www.phyt-inov.com\/de\/produit\/55-gesundheitsfragen-und-ihre-natuerlichen-behandlungen-ohne-rezept\/\" \/>\n<meta property=\"og:site_name\" content=\"Phyt-Inov\" \/>\n<meta property=\"article:publisher\" content=\"https:\/\/www.facebook.com\/phytinov\/\" \/>\n<meta property=\"og:image\" content=\"https:\/\/www.phyt-inov.com\/wp-content\/uploads\/2026\/02\/55-questions-de-sante-et-leurs-traitements-naturels-sans-ordonnance.jpg\" \/>\n\t<meta property=\"og:image:width\" content=\"340\" \/>\n\t<meta property=\"og:image:height\" content=\"340\" \/>\n\t<meta property=\"og:image:type\" content=\"image\/jpeg\" \/>\n<meta name=\"twitter:card\" content=\"summary_large_image\" \/>\n<script type=\"application\/ld+json\" class=\"yoast-schema-graph\">{\"@context\":\"https:\\\/\\\/schema.org\",\"@graph\":[{\"@type\":\"WebPage\",\"@id\":\"https:\\\/\\\/www.phyt-inov.com\\\/de\\\/produit\\\/55-gesundheitsfragen-und-ihre-natuerlichen-behandlungen-ohne-rezept\\\/\",\"url\":\"https:\\\/\\\/www.phyt-inov.com\\\/de\\\/produit\\\/55-gesundheitsfragen-und-ihre-natuerlichen-behandlungen-ohne-rezept\\\/\",\"name\":\"55 Gesundheitsfragen: Leitfaden f\u00fcr nat\u00fcrliche Behandlungen | Dr. Willem\",\"isPartOf\":{\"@id\":\"https:\\\/\\\/www.phyt-inov.com\\\/de\\\/#website\"},\"primaryImageOfPage\":{\"@id\":\"https:\\\/\\\/www.phyt-inov.com\\\/de\\\/produit\\\/55-gesundheitsfragen-und-ihre-natuerlichen-behandlungen-ohne-rezept\\\/#primaryimage\"},\"image\":{\"@id\":\"https:\\\/\\\/www.phyt-inov.com\\\/de\\\/produit\\\/55-gesundheitsfragen-und-ihre-natuerlichen-behandlungen-ohne-rezept\\\/#primaryimage\"},\"thumbnailUrl\":\"https:\\\/\\\/www.phyt-inov.com\\\/wp-content\\\/uploads\\\/2026\\\/02\\\/55-questions-de-sante-et-leurs-traitements-naturels-sans-ordonnance.jpg\",\"datePublished\":\"2026-02-24T09:40:42+00:00\",\"description\":\"Entdecken Sie die Antworten von Dr. Willem auf 55 h\u00e4ufige Gesundheitsprobleme. Praktischer Leitfaden, um sich nat\u00fcrlich und ohne Rezept zu behandeln. Expertenwissen.\",\"breadcrumb\":{\"@id\":\"https:\\\/\\\/www.phyt-inov.com\\\/de\\\/produit\\\/55-gesundheitsfragen-und-ihre-natuerlichen-behandlungen-ohne-rezept\\\/#breadcrumb\"},\"inLanguage\":\"de\",\"potentialAction\":[{\"@type\":\"ReadAction\",\"target\":[\"https:\\\/\\\/www.phyt-inov.com\\\/de\\\/produit\\\/55-gesundheitsfragen-und-ihre-natuerlichen-behandlungen-ohne-rezept\\\/\"]}]},{\"@type\":\"ImageObject\",\"inLanguage\":\"de\",\"@id\":\"https:\\\/\\\/www.phyt-inov.com\\\/de\\\/produit\\\/55-gesundheitsfragen-und-ihre-natuerlichen-behandlungen-ohne-rezept\\\/#primaryimage\",\"url\":\"https:\\\/\\\/www.phyt-inov.com\\\/wp-content\\\/uploads\\\/2026\\\/02\\\/55-questions-de-sante-et-leurs-traitements-naturels-sans-ordonnance.jpg\",\"contentUrl\":\"https:\\\/\\\/www.phyt-inov.com\\\/wp-content\\\/uploads\\\/2026\\\/02\\\/55-questions-de-sante-et-leurs-traitements-naturels-sans-ordonnance.jpg\",\"width\":340,\"height\":340,\"caption\":\"Buch Dr. Willem 55 Gesundheitsfragen und ihre nat\u00fcrlichen Behandlungen\"},{\"@type\":\"BreadcrumbList\",\"@id\":\"https:\\\/\\\/www.phyt-inov.com\\\/de\\\/produit\\\/55-gesundheitsfragen-und-ihre-natuerlichen-behandlungen-ohne-rezept\\\/#breadcrumb\",\"itemListElement\":[{\"@type\":\"ListItem\",\"position\":1,\"name\":\"Accueil\",\"item\":\"https:\\\/\\\/www.phyt-inov.com\\\/de\\\/startseite\\\/\"},{\"@type\":\"ListItem\",\"position\":2,\"name\":\"Shop\",\"item\":\"https:\\\/\\\/www.phyt-inov.com\\\/de\\\/shop\\\/\"},{\"@type\":\"ListItem\",\"position\":3,\"name\":\"55 Gesundheitsfragen und ihre nat\u00fcrlichen Behandlungen ohne Rezept\"}]},{\"@type\":\"WebSite\",\"@id\":\"https:\\\/\\\/www.phyt-inov.com\\\/de\\\/#website\",\"url\":\"https:\\\/\\\/www.phyt-inov.com\\\/de\\\/\",\"name\":\"Phyt-Inov International\",\"description\":\"L&#039;efficacit\u00e9 naturelle pour vos soins quotidiens\",\"publisher\":{\"@id\":\"https:\\\/\\\/www.phyt-inov.com\\\/de\\\/#organization\"},\"alternateName\":\"phyt-inov\",\"potentialAction\":[{\"@type\":\"SearchAction\",\"target\":{\"@type\":\"EntryPoint\",\"urlTemplate\":\"https:\\\/\\\/www.phyt-inov.com\\\/de\\\/?s={search_term_string}\"},\"query-input\":{\"@type\":\"PropertyValueSpecification\",\"valueRequired\":true,\"valueName\":\"search_term_string\"}}],\"inLanguage\":\"de\"},{\"@type\":\"Organization\",\"@id\":\"https:\\\/\\\/www.phyt-inov.com\\\/de\\\/#organization\",\"name\":\"Phyt-Inov\",\"alternateName\":\"Phyt-Inov\",\"url\":\"https:\\\/\\\/www.phyt-inov.com\\\/de\\\/\",\"logo\":{\"@type\":\"ImageObject\",\"inLanguage\":\"de\",\"@id\":\"https:\\\/\\\/www.phyt-inov.com\\\/de\\\/#\\\/schema\\\/logo\\\/image\\\/\",\"url\":\"https:\\\/\\\/www.phyt-inov.com\\\/wp-content\\\/uploads\\\/2025\\\/09\\\/Logo-site-phyt-inov4_Plan-de-travail-1-2048x760-1.png\",\"contentUrl\":\"https:\\\/\\\/www.phyt-inov.com\\\/wp-content\\\/uploads\\\/2025\\\/09\\\/Logo-site-phyt-inov4_Plan-de-travail-1-2048x760-1.png\",\"width\":2048,\"height\":760,\"caption\":\"Phyt-Inov\"},\"image\":{\"@id\":\"https:\\\/\\\/www.phyt-inov.com\\\/de\\\/#\\\/schema\\\/logo\\\/image\\\/\"},\"sameAs\":[\"https:\\\/\\\/www.facebook.com\\\/phytinov\\\/\",\"https:\\\/\\\/www.youtube.com\\\/channel\\\/UCE05sYsSXuuKbLqs4Au3e4Q\",\"https:\\\/\\\/www.instagram.com\\\/phytinov\\\/\"]}]}<\/script>\n<!-- \/ Yoast SEO plugin. -->","yoast_head_json":{"title":"55 Gesundheitsfragen: Leitfaden f\u00fcr nat\u00fcrliche Behandlungen | Dr. Willem","description":"Entdecken Sie die Antworten von Dr. Willem auf 55 h\u00e4ufige Gesundheitsprobleme. Praktischer Leitfaden, um sich nat\u00fcrlich und ohne Rezept zu behandeln. Expertenwissen.","robots":{"index":"index","follow":"follow","max-snippet":"max-snippet:-1","max-image-preview":"max-image-preview:large","max-video-preview":"max-video-preview:-1"},"canonical":"https:\/\/www.phyt-inov.com\/de\/produit\/55-gesundheitsfragen-und-ihre-natuerlichen-behandlungen-ohne-rezept\/","og_locale":"de_DE","og_type":"article","og_title":"55 Gesundheitsfragen: Leitfaden f\u00fcr nat\u00fcrliche Behandlungen | Dr. Willem","og_description":"Entdecken Sie die Antworten von Dr. Willem auf 55 h\u00e4ufige Gesundheitsprobleme. Praktischer Leitfaden, um sich nat\u00fcrlich und ohne Rezept zu behandeln. Expertenwissen.","og_url":"https:\/\/www.phyt-inov.com\/de\/produit\/55-gesundheitsfragen-und-ihre-natuerlichen-behandlungen-ohne-rezept\/","og_site_name":"Phyt-Inov","article_publisher":"https:\/\/www.facebook.com\/phytinov\/","og_image":[{"width":340,"height":340,"url":"https:\/\/www.phyt-inov.com\/wp-content\/uploads\/2026\/02\/55-questions-de-sante-et-leurs-traitements-naturels-sans-ordonnance.jpg","type":"image\/jpeg"}],"twitter_card":"summary_large_image","schema":{"@context":"https:\/\/schema.org","@graph":[{"@type":"WebPage","@id":"https:\/\/www.phyt-inov.com\/de\/produit\/55-gesundheitsfragen-und-ihre-natuerlichen-behandlungen-ohne-rezept\/","url":"https:\/\/www.phyt-inov.com\/de\/produit\/55-gesundheitsfragen-und-ihre-natuerlichen-behandlungen-ohne-rezept\/","name":"55 Gesundheitsfragen: Leitfaden f\u00fcr nat\u00fcrliche Behandlungen | Dr. Willem","isPartOf":{"@id":"https:\/\/www.phyt-inov.com\/de\/#website"},"primaryImageOfPage":{"@id":"https:\/\/www.phyt-inov.com\/de\/produit\/55-gesundheitsfragen-und-ihre-natuerlichen-behandlungen-ohne-rezept\/#primaryimage"},"image":{"@id":"https:\/\/www.phyt-inov.com\/de\/produit\/55-gesundheitsfragen-und-ihre-natuerlichen-behandlungen-ohne-rezept\/#primaryimage"},"thumbnailUrl":"https:\/\/www.phyt-inov.com\/wp-content\/uploads\/2026\/02\/55-questions-de-sante-et-leurs-traitements-naturels-sans-ordonnance.jpg","datePublished":"2026-02-24T09:40:42+00:00","description":"Entdecken Sie die Antworten von Dr. Willem auf 55 h\u00e4ufige Gesundheitsprobleme. Praktischer Leitfaden, um sich nat\u00fcrlich und ohne Rezept zu behandeln. Expertenwissen.","breadcrumb":{"@id":"https:\/\/www.phyt-inov.com\/de\/produit\/55-gesundheitsfragen-und-ihre-natuerlichen-behandlungen-ohne-rezept\/#breadcrumb"},"inLanguage":"de","potentialAction":[{"@type":"ReadAction","target":["https:\/\/www.phyt-inov.com\/de\/produit\/55-gesundheitsfragen-und-ihre-natuerlichen-behandlungen-ohne-rezept\/"]}]},{"@type":"ImageObject","inLanguage":"de","@id":"https:\/\/www.phyt-inov.com\/de\/produit\/55-gesundheitsfragen-und-ihre-natuerlichen-behandlungen-ohne-rezept\/#primaryimage","url":"https:\/\/www.phyt-inov.com\/wp-content\/uploads\/2026\/02\/55-questions-de-sante-et-leurs-traitements-naturels-sans-ordonnance.jpg","contentUrl":"https:\/\/www.phyt-inov.com\/wp-content\/uploads\/2026\/02\/55-questions-de-sante-et-leurs-traitements-naturels-sans-ordonnance.jpg","width":340,"height":340,"caption":"Buch Dr. Willem 55 Gesundheitsfragen und ihre nat\u00fcrlichen Behandlungen"},{"@type":"BreadcrumbList","@id":"https:\/\/www.phyt-inov.com\/de\/produit\/55-gesundheitsfragen-und-ihre-natuerlichen-behandlungen-ohne-rezept\/#breadcrumb","itemListElement":[{"@type":"ListItem","position":1,"name":"Accueil","item":"https:\/\/www.phyt-inov.com\/de\/startseite\/"},{"@type":"ListItem","position":2,"name":"Shop","item":"https:\/\/www.phyt-inov.com\/de\/shop\/"},{"@type":"ListItem","position":3,"name":"55 Gesundheitsfragen und ihre nat\u00fcrlichen Behandlungen ohne Rezept"}]},{"@type":"WebSite","@id":"https:\/\/www.phyt-inov.com\/de\/#website","url":"https:\/\/www.phyt-inov.com\/de\/","name":"Phyt-Inov International","description":"L&#039;efficacit\u00e9 naturelle pour vos soins quotidiens","publisher":{"@id":"https:\/\/www.phyt-inov.com\/de\/#organization"},"alternateName":"phyt-inov","potentialAction":[{"@type":"SearchAction","target":{"@type":"EntryPoint","urlTemplate":"https:\/\/www.phyt-inov.com\/de\/?s={search_term_string}"},"query-input":{"@type":"PropertyValueSpecification","valueRequired":true,"valueName":"search_term_string"}}],"inLanguage":"de"},{"@type":"Organization","@id":"https:\/\/www.phyt-inov.com\/de\/#organization","name":"Phyt-Inov","alternateName":"Phyt-Inov","url":"https:\/\/www.phyt-inov.com\/de\/","logo":{"@type":"ImageObject","inLanguage":"de","@id":"https:\/\/www.phyt-inov.com\/de\/#\/schema\/logo\/image\/","url":"https:\/\/www.phyt-inov.com\/wp-content\/uploads\/2025\/09\/Logo-site-phyt-inov4_Plan-de-travail-1-2048x760-1.png","contentUrl":"https:\/\/www.phyt-inov.com\/wp-content\/uploads\/2025\/09\/Logo-site-phyt-inov4_Plan-de-travail-1-2048x760-1.png","width":2048,"height":760,"caption":"Phyt-Inov"},"image":{"@id":"https:\/\/www.phyt-inov.com\/de\/#\/schema\/logo\/image\/"},"sameAs":["https:\/\/www.facebook.com\/phytinov\/","https:\/\/www.youtube.com\/channel\/UCE05sYsSXuuKbLqs4Au3e4Q","https:\/\/www.instagram.com\/phytinov\/"]}]}},"jetpack_sharing_enabled":true,"_links":{"self":[{"href":"https:\/\/www.phyt-inov.com\/de\/wp-json\/wp\/v2\/product\/83740","targetHints":{"allow":["GET"]}}],"collection":[{"href":"https:\/\/www.phyt-inov.com\/de\/wp-json\/wp\/v2\/product"}],"about":[{"href":"https:\/\/www.phyt-inov.com\/de\/wp-json\/wp\/v2\/types\/product"}],"replies":[{"embeddable":true,"href":"https:\/\/www.phyt-inov.com\/de\/wp-json\/wp\/v2\/comments?post=83740"}],"wp:featuredmedia":[{"embeddable":true,"href":"https:\/\/www.phyt-inov.com\/de\/wp-json\/wp\/v2\/media\/83741"}],"wp:attachment":[{"href":"https:\/\/www.phyt-inov.com\/de\/wp-json\/wp\/v2\/media?parent=83740"}],"wp:term":[{"taxonomy":"product_brand","embeddable":true,"href":"https:\/\/www.phyt-inov.com\/de\/wp-json\/wp\/v2\/product_brand?post=83740"},{"taxonomy":"product_cat","embeddable":true,"href":"https:\/\/www.phyt-inov.com\/de\/wp-json\/wp\/v2\/product_cat?post=83740"},{"taxonomy":"product_tag","embeddable":true,"href":"https:\/\/www.phyt-inov.com\/de\/wp-json\/wp\/v2\/product_tag?post=83740"}],"curies":[{"name":"wp","href":"https:\/\/api.w.org\/{rel}","templated":true}]}}