{"id":83736,"date":"2026-02-24T09:50:58","date_gmt":"2026-02-24T09:50:58","guid":{"rendered":"https:\/\/www.phyt-inov.com\/produit\/hyper-feuchtigkeitscreme\/"},"modified":"2026-03-30T09:14:26","modified_gmt":"2026-03-30T09:14:26","slug":"hyper-feuchtigkeitscreme","status":"publish","type":"product","link":"https:\/\/www.phyt-inov.com\/de\/produit\/hyper-feuchtigkeitscreme\/","title":{"rendered":"Hyper-Feuchtigkeitscreme"},"content":{"rendered":"<p data-start=\"1019\" data-end=\"1082\"><b>Biomaxi, f\u00fcr einen maximalen Bio-Anteil der Gesamtinhaltsstoffe.<\/b><\/p>\n<h4 data-start=\"1019\" data-end=\"1082\">Eine beruhigende, sch\u00fctzende und hochgradig feuchtigkeitsspendende Formel<\/h4>\n<ul data-start=\"1084\" data-end=\"2034\">\n<li class=\"\" data-start=\"1084\" data-end=\"1315\">\n<p class=\"\" data-start=\"1086\" data-end=\"1315\"><strong data-start=\"1086\" data-end=\"1136\">Ungefilterter und unpasteurisierter Birkensaft<\/strong>, als Wasserersatz verwendet, reich an Vitaminen, Spurenelementen, Mineralien und Aminos\u00e4uren. Er unterst\u00fctzt den Hautstoffwechsel und verbessert die Bioverf\u00fcgbarkeit der Wirkstoffe. <\/p>\n<\/li>\n<li class=\"\" data-start=\"1316\" data-end=\"1440\">\n<p class=\"\" data-start=\"1318\" data-end=\"1440\"><strong data-start=\"1318\" data-end=\"1353\">Kamillenextrakt (Matricaria chamomilla)<\/strong>, bekannt f\u00fcr seine au\u00dfergew\u00f6hnlich beruhigende Wirkung auf empfindliche oder gereizte Haut.<\/p>\n<\/li>\n<li class=\"\" data-start=\"1441\" data-end=\"1580\">\n<p class=\"\" data-start=\"1443\" data-end=\"1580\"><strong data-start=\"1443\" data-end=\"1474\">Eselsdistelextrakt<\/strong>, heilend und reparierend, kombiniert mit <strong data-start=\"1516\" data-end=\"1536\">Carnaubawachs<\/strong>, mit filmbildenden und sch\u00fctzenden Eigenschaften.<\/p>\n<\/li>\n<li class=\"\" data-start=\"1581\" data-end=\"1736\">\n<p class=\"\" data-start=\"1583\" data-end=\"1736\"><strong data-start=\"1583\" data-end=\"1603\">Sheabutter<\/strong>, n\u00e4hrend, geschmeidig machend, reich an Vitaminen A, D, E und F. Sie spendet der Haut langanhaltend Feuchtigkeit und st\u00e4rkt gleichzeitig ihre Hautbarriere.<\/p>\n<\/li>\n<li class=\"\" data-start=\"1737\" data-end=\"1848\">\n<p class=\"\" data-start=\"1739\" data-end=\"1848\"><strong data-start=\"1739\" data-end=\"1758\">Aloe Vera Gel<\/strong>, beruhigend, feuchtigkeitsspendend und weichmachend, perfekt geeignet f\u00fcr empfindliche oder erhitzte Haut.<\/p>\n<\/li>\n<li class=\"\" data-start=\"1849\" data-end=\"2034\">\n<p class=\"\" data-start=\"1851\" data-end=\"2034\"><strong data-start=\"1851\" data-end=\"1876\">8 \u00e4therische \u00d6le<\/strong> mit vielf\u00e4ltigen Eigenschaften (Karotte, Palmarosa, Sandelholz, Speiklavendel, Rosmarin\u2026), um die Haut effektiv zu reinigen, zu straffen, zu beruhigen und zu sch\u00fctzen.<\/p>\n<\/li>\n<\/ul>\n<p data-start=\"2036\" data-end=\"2063\"><strong>Anwendungstipps<\/strong><\/p>\n<p class=\"\" data-start=\"2065\" data-end=\"2320\"><strong data-start=\"2075\" data-end=\"2087\">Morgens<\/strong> auf die gereinigte Haut auftragen, idealerweise nach einem fl\u00fcssigen Serum oder dem Floras\u00e9rum A. Eine Haselnussgro\u00dfe Menge des Produkts entnehmen, zwischen den H\u00e4nden erw\u00e4rmen und dann Gesicht und Hals mit aufw\u00e4rts gerichteten Bewegungen sanft einmassieren, bis es vollst\u00e4ndig eingezogen ist. <\/p>\n<p class=\"\" data-start=\"2322\" data-end=\"2509\">Diese Creme kann je nach Hautbed\u00fcrfnissen auch <strong data-start=\"2363\" data-end=\"2374\">abends<\/strong> verwendet werden. Sie bildet eine ausgezeichnete Make-up-Grundlage und hinterl\u00e4sst ein geschmeidiges, nicht fettendes und angenehmes Finish. <\/p>\n<p><b>Airless-Spender mit 50 ml<\/b>.<br \/>\n<b>100%<\/b> der gesamten Inhaltsstoffe sind nat\u00fcrlichen oder biologischen Ursprungs.<br \/>\n<b>90,8%<\/b> der gesamten Inhaltsstoffe sind bio-zertifiziert, keine Konservierungsstoffe, auch keine in Bio-Produkten zugelassenen.<\/p>\n","protected":false},"excerpt":{"rendered":"<p>Die <strong data-start=\"268\" data-end=\"294\">Hyper-Feuchtigkeitscreme<\/strong> ist eine t\u00e4gliche Pflege, die entwickelt wurde, um <strong>empfindliche, reaktive oder geschw\u00e4chte Haut<\/strong> <strong data-start=\"328\" data-end=\"352\">intensiv mit Feuchtigkeit zu versorgen<\/strong>, zu <strong data-start=\"354\" data-end=\"367\">st\u00e4rken<\/strong> und zu <strong data-start=\"371\" data-end=\"382\">beruhigen<\/strong>. Ideal f\u00fcr die morgendliche Anwendung, bildet sie eine Schutzbarriere, die der Haut hilft, \u00e4u\u00dferen Aggressionen (K\u00e4lte, Wind, Umweltverschmutzung, Temperaturschwankungen) standzuhalten. Sie eignet sich besonders f\u00fcr <strong>d\u00fcnne<\/strong>, <strong>reaktive<\/strong> Haut, die zu <strong>R\u00f6tungen<\/strong> oder <strong>Spannungsgef\u00fchlen<\/strong> neigt, sowie f\u00fcr alle Hauttypen, die eine tiefenwirksame Feuchtigkeitspflege ben\u00f6tigen.  <\/p>\n<p data-start=\"265\" data-end=\"598\">Dank einer Synergie leistungsstarker und gut vertr\u00e4glicher Pflanzenwirkstoffe stellt diese Creme die Elastizit\u00e4t der Haut wieder her, beugt Austrocknung vor und lindert Unannehmlichkeiten. Die Haut wird geschmeidiger, weicher und t\u00e4glich besser gesch\u00fctzt. <\/p>\n","protected":false},"featured_media":83737,"comment_status":"open","ping_status":"closed","template":"","meta":{"_et_pb_use_builder":"","_et_pb_old_content":"","_et_gb_content_width":""},"product_brand":[],"product_cat":[154],"product_tag":[],"class_list":{"0":"post-83736","1":"product","2":"type-product","3":"status-publish","4":"has-post-thumbnail","6":"product_cat-bio-kosmetik","8":"first","9":"instock","10":"shipping-taxable","11":"purchasable","12":"product-type-simple"},"yoast_head":"<!-- This site is optimized with the Yoast SEO plugin v27.3 - https:\/\/yoast.com\/product\/yoast-seo-wordpress\/ -->\n<title>Bio Hyper-Feuchtigkeitscreme: Gesicht &amp; K\u00f6rper | Phyt-Inov<\/title>\n<meta name=\"description\" content=\"Intensive Feuchtigkeit f\u00fcr trockene und empfindliche Haut. Nat\u00fcrliche Bio-Formel, parabenfrei, f\u00fcr sofortigen Komfort. Schweizer Qualit\u00e4t Flora d\u2019Essarts.\" \/>\n<meta name=\"robots\" content=\"index, follow, max-snippet:-1, max-image-preview:large, max-video-preview:-1\" \/>\n<link rel=\"canonical\" href=\"https:\/\/www.phyt-inov.com\/de\/produit\/hyper-feuchtigkeitscreme\/\" \/>\n<meta property=\"og:locale\" content=\"de_DE\" \/>\n<meta property=\"og:type\" content=\"article\" \/>\n<meta property=\"og:title\" content=\"Bio Hyper-Feuchtigkeitscreme: Gesicht &amp; K\u00f6rper | Phyt-Inov\" \/>\n<meta property=\"og:description\" content=\"Intensive Feuchtigkeit f\u00fcr trockene und empfindliche Haut. Nat\u00fcrliche Bio-Formel, parabenfrei, f\u00fcr sofortigen Komfort. Schweizer Qualit\u00e4t Flora d\u2019Essarts.\" \/>\n<meta property=\"og:url\" content=\"https:\/\/www.phyt-inov.com\/de\/produit\/hyper-feuchtigkeitscreme\/\" \/>\n<meta property=\"og:site_name\" content=\"Phyt-Inov\" \/>\n<meta property=\"article:publisher\" content=\"https:\/\/www.facebook.com\/phytinov\/\" \/>\n<meta property=\"article:modified_time\" content=\"2026-03-30T09:14:26+00:00\" \/>\n<meta property=\"og:image\" content=\"https:\/\/www.phyt-inov.com\/wp-content\/uploads\/2026\/02\/Creme-Hyper-Hydratante--scaled.png\" \/>\n\t<meta property=\"og:image:width\" content=\"2446\" \/>\n\t<meta property=\"og:image:height\" content=\"2560\" \/>\n\t<meta property=\"og:image:type\" content=\"image\/png\" \/>\n<meta name=\"twitter:card\" content=\"summary_large_image\" \/>\n<meta name=\"twitter:label1\" content=\"Gesch\u00e4tzte Lesezeit\" \/>\n\t<meta name=\"twitter:data1\" content=\"1\u00a0Minute\" \/>\n<script type=\"application\/ld+json\" class=\"yoast-schema-graph\">{\"@context\":\"https:\\\/\\\/schema.org\",\"@graph\":[{\"@type\":\"WebPage\",\"@id\":\"https:\\\/\\\/www.phyt-inov.com\\\/de\\\/produit\\\/hyper-feuchtigkeitscreme\\\/\",\"url\":\"https:\\\/\\\/www.phyt-inov.com\\\/de\\\/produit\\\/hyper-feuchtigkeitscreme\\\/\",\"name\":\"Bio Hyper-Feuchtigkeitscreme: Gesicht & K\u00f6rper | Phyt-Inov\",\"isPartOf\":{\"@id\":\"https:\\\/\\\/www.phyt-inov.com\\\/de\\\/#website\"},\"primaryImageOfPage\":{\"@id\":\"https:\\\/\\\/www.phyt-inov.com\\\/de\\\/produit\\\/hyper-feuchtigkeitscreme\\\/#primaryimage\"},\"image\":{\"@id\":\"https:\\\/\\\/www.phyt-inov.com\\\/de\\\/produit\\\/hyper-feuchtigkeitscreme\\\/#primaryimage\"},\"thumbnailUrl\":\"https:\\\/\\\/www.phyt-inov.com\\\/wp-content\\\/uploads\\\/2026\\\/02\\\/Creme-Hyper-Hydratante--scaled.png\",\"datePublished\":\"2026-02-24T09:50:58+00:00\",\"dateModified\":\"2026-03-30T09:14:26+00:00\",\"description\":\"Intensive Feuchtigkeit f\u00fcr trockene und empfindliche Haut. Nat\u00fcrliche Bio-Formel, parabenfrei, f\u00fcr sofortigen Komfort. Schweizer Qualit\u00e4t Flora d\u2019Essarts.\",\"breadcrumb\":{\"@id\":\"https:\\\/\\\/www.phyt-inov.com\\\/de\\\/produit\\\/hyper-feuchtigkeitscreme\\\/#breadcrumb\"},\"inLanguage\":\"de\",\"potentialAction\":[{\"@type\":\"ReadAction\",\"target\":[\"https:\\\/\\\/www.phyt-inov.com\\\/de\\\/produit\\\/hyper-feuchtigkeitscreme\\\/\"]}]},{\"@type\":\"ImageObject\",\"inLanguage\":\"de\",\"@id\":\"https:\\\/\\\/www.phyt-inov.com\\\/de\\\/produit\\\/hyper-feuchtigkeitscreme\\\/#primaryimage\",\"url\":\"https:\\\/\\\/www.phyt-inov.com\\\/wp-content\\\/uploads\\\/2026\\\/02\\\/Creme-Hyper-Hydratante--scaled.png\",\"contentUrl\":\"https:\\\/\\\/www.phyt-inov.com\\\/wp-content\\\/uploads\\\/2026\\\/02\\\/Creme-Hyper-Hydratante--scaled.png\",\"width\":2446,\"height\":2560,\"caption\":\"Flora d'Essarts Hyper-Feuchtigkeitscreme\"},{\"@type\":\"BreadcrumbList\",\"@id\":\"https:\\\/\\\/www.phyt-inov.com\\\/de\\\/produit\\\/hyper-feuchtigkeitscreme\\\/#breadcrumb\",\"itemListElement\":[{\"@type\":\"ListItem\",\"position\":1,\"name\":\"Accueil\",\"item\":\"https:\\\/\\\/www.phyt-inov.com\\\/de\\\/startseite\\\/\"},{\"@type\":\"ListItem\",\"position\":2,\"name\":\"Shop\",\"item\":\"https:\\\/\\\/www.phyt-inov.com\\\/de\\\/shop\\\/\"},{\"@type\":\"ListItem\",\"position\":3,\"name\":\"Hyper-Feuchtigkeitscreme\"}]},{\"@type\":\"WebSite\",\"@id\":\"https:\\\/\\\/www.phyt-inov.com\\\/de\\\/#website\",\"url\":\"https:\\\/\\\/www.phyt-inov.com\\\/de\\\/\",\"name\":\"Phyt-Inov International\",\"description\":\"L&#039;efficacit\u00e9 naturelle pour vos soins quotidiens\",\"publisher\":{\"@id\":\"https:\\\/\\\/www.phyt-inov.com\\\/de\\\/#organization\"},\"alternateName\":\"phyt-inov\",\"potentialAction\":[{\"@type\":\"SearchAction\",\"target\":{\"@type\":\"EntryPoint\",\"urlTemplate\":\"https:\\\/\\\/www.phyt-inov.com\\\/de\\\/?s={search_term_string}\"},\"query-input\":{\"@type\":\"PropertyValueSpecification\",\"valueRequired\":true,\"valueName\":\"search_term_string\"}}],\"inLanguage\":\"de\"},{\"@type\":\"Organization\",\"@id\":\"https:\\\/\\\/www.phyt-inov.com\\\/de\\\/#organization\",\"name\":\"Phyt-Inov\",\"alternateName\":\"Phyt-Inov\",\"url\":\"https:\\\/\\\/www.phyt-inov.com\\\/de\\\/\",\"logo\":{\"@type\":\"ImageObject\",\"inLanguage\":\"de\",\"@id\":\"https:\\\/\\\/www.phyt-inov.com\\\/de\\\/#\\\/schema\\\/logo\\\/image\\\/\",\"url\":\"https:\\\/\\\/www.phyt-inov.com\\\/wp-content\\\/uploads\\\/2025\\\/09\\\/Logo-site-phyt-inov4_Plan-de-travail-1-2048x760-1.png\",\"contentUrl\":\"https:\\\/\\\/www.phyt-inov.com\\\/wp-content\\\/uploads\\\/2025\\\/09\\\/Logo-site-phyt-inov4_Plan-de-travail-1-2048x760-1.png\",\"width\":2048,\"height\":760,\"caption\":\"Phyt-Inov\"},\"image\":{\"@id\":\"https:\\\/\\\/www.phyt-inov.com\\\/de\\\/#\\\/schema\\\/logo\\\/image\\\/\"},\"sameAs\":[\"https:\\\/\\\/www.facebook.com\\\/phytinov\\\/\",\"https:\\\/\\\/www.youtube.com\\\/channel\\\/UCE05sYsSXuuKbLqs4Au3e4Q\",\"https:\\\/\\\/www.instagram.com\\\/phytinov\\\/\"]}]}<\/script>\n<!-- \/ Yoast SEO plugin. -->","yoast_head_json":{"title":"Bio Hyper-Feuchtigkeitscreme: Gesicht & K\u00f6rper | Phyt-Inov","description":"Intensive Feuchtigkeit f\u00fcr trockene und empfindliche Haut. Nat\u00fcrliche Bio-Formel, parabenfrei, f\u00fcr sofortigen Komfort. Schweizer Qualit\u00e4t Flora d\u2019Essarts.","robots":{"index":"index","follow":"follow","max-snippet":"max-snippet:-1","max-image-preview":"max-image-preview:large","max-video-preview":"max-video-preview:-1"},"canonical":"https:\/\/www.phyt-inov.com\/de\/produit\/hyper-feuchtigkeitscreme\/","og_locale":"de_DE","og_type":"article","og_title":"Bio Hyper-Feuchtigkeitscreme: Gesicht & K\u00f6rper | Phyt-Inov","og_description":"Intensive Feuchtigkeit f\u00fcr trockene und empfindliche Haut. Nat\u00fcrliche Bio-Formel, parabenfrei, f\u00fcr sofortigen Komfort. Schweizer Qualit\u00e4t Flora d\u2019Essarts.","og_url":"https:\/\/www.phyt-inov.com\/de\/produit\/hyper-feuchtigkeitscreme\/","og_site_name":"Phyt-Inov","article_publisher":"https:\/\/www.facebook.com\/phytinov\/","article_modified_time":"2026-03-30T09:14:26+00:00","og_image":[{"width":2446,"height":2560,"url":"https:\/\/www.phyt-inov.com\/wp-content\/uploads\/2026\/02\/Creme-Hyper-Hydratante--scaled.png","type":"image\/png"}],"twitter_card":"summary_large_image","twitter_misc":{"Gesch\u00e4tzte Lesezeit":"1\u00a0Minute"},"schema":{"@context":"https:\/\/schema.org","@graph":[{"@type":"WebPage","@id":"https:\/\/www.phyt-inov.com\/de\/produit\/hyper-feuchtigkeitscreme\/","url":"https:\/\/www.phyt-inov.com\/de\/produit\/hyper-feuchtigkeitscreme\/","name":"Bio Hyper-Feuchtigkeitscreme: Gesicht & K\u00f6rper | Phyt-Inov","isPartOf":{"@id":"https:\/\/www.phyt-inov.com\/de\/#website"},"primaryImageOfPage":{"@id":"https:\/\/www.phyt-inov.com\/de\/produit\/hyper-feuchtigkeitscreme\/#primaryimage"},"image":{"@id":"https:\/\/www.phyt-inov.com\/de\/produit\/hyper-feuchtigkeitscreme\/#primaryimage"},"thumbnailUrl":"https:\/\/www.phyt-inov.com\/wp-content\/uploads\/2026\/02\/Creme-Hyper-Hydratante--scaled.png","datePublished":"2026-02-24T09:50:58+00:00","dateModified":"2026-03-30T09:14:26+00:00","description":"Intensive Feuchtigkeit f\u00fcr trockene und empfindliche Haut. Nat\u00fcrliche Bio-Formel, parabenfrei, f\u00fcr sofortigen Komfort. Schweizer Qualit\u00e4t Flora d\u2019Essarts.","breadcrumb":{"@id":"https:\/\/www.phyt-inov.com\/de\/produit\/hyper-feuchtigkeitscreme\/#breadcrumb"},"inLanguage":"de","potentialAction":[{"@type":"ReadAction","target":["https:\/\/www.phyt-inov.com\/de\/produit\/hyper-feuchtigkeitscreme\/"]}]},{"@type":"ImageObject","inLanguage":"de","@id":"https:\/\/www.phyt-inov.com\/de\/produit\/hyper-feuchtigkeitscreme\/#primaryimage","url":"https:\/\/www.phyt-inov.com\/wp-content\/uploads\/2026\/02\/Creme-Hyper-Hydratante--scaled.png","contentUrl":"https:\/\/www.phyt-inov.com\/wp-content\/uploads\/2026\/02\/Creme-Hyper-Hydratante--scaled.png","width":2446,"height":2560,"caption":"Flora d'Essarts Hyper-Feuchtigkeitscreme"},{"@type":"BreadcrumbList","@id":"https:\/\/www.phyt-inov.com\/de\/produit\/hyper-feuchtigkeitscreme\/#breadcrumb","itemListElement":[{"@type":"ListItem","position":1,"name":"Accueil","item":"https:\/\/www.phyt-inov.com\/de\/startseite\/"},{"@type":"ListItem","position":2,"name":"Shop","item":"https:\/\/www.phyt-inov.com\/de\/shop\/"},{"@type":"ListItem","position":3,"name":"Hyper-Feuchtigkeitscreme"}]},{"@type":"WebSite","@id":"https:\/\/www.phyt-inov.com\/de\/#website","url":"https:\/\/www.phyt-inov.com\/de\/","name":"Phyt-Inov International","description":"L&#039;efficacit\u00e9 naturelle pour vos soins quotidiens","publisher":{"@id":"https:\/\/www.phyt-inov.com\/de\/#organization"},"alternateName":"phyt-inov","potentialAction":[{"@type":"SearchAction","target":{"@type":"EntryPoint","urlTemplate":"https:\/\/www.phyt-inov.com\/de\/?s={search_term_string}"},"query-input":{"@type":"PropertyValueSpecification","valueRequired":true,"valueName":"search_term_string"}}],"inLanguage":"de"},{"@type":"Organization","@id":"https:\/\/www.phyt-inov.com\/de\/#organization","name":"Phyt-Inov","alternateName":"Phyt-Inov","url":"https:\/\/www.phyt-inov.com\/de\/","logo":{"@type":"ImageObject","inLanguage":"de","@id":"https:\/\/www.phyt-inov.com\/de\/#\/schema\/logo\/image\/","url":"https:\/\/www.phyt-inov.com\/wp-content\/uploads\/2025\/09\/Logo-site-phyt-inov4_Plan-de-travail-1-2048x760-1.png","contentUrl":"https:\/\/www.phyt-inov.com\/wp-content\/uploads\/2025\/09\/Logo-site-phyt-inov4_Plan-de-travail-1-2048x760-1.png","width":2048,"height":760,"caption":"Phyt-Inov"},"image":{"@id":"https:\/\/www.phyt-inov.com\/de\/#\/schema\/logo\/image\/"},"sameAs":["https:\/\/www.facebook.com\/phytinov\/","https:\/\/www.youtube.com\/channel\/UCE05sYsSXuuKbLqs4Au3e4Q","https:\/\/www.instagram.com\/phytinov\/"]}]}},"jetpack_sharing_enabled":true,"_links":{"self":[{"href":"https:\/\/www.phyt-inov.com\/de\/wp-json\/wp\/v2\/product\/83736","targetHints":{"allow":["GET"]}}],"collection":[{"href":"https:\/\/www.phyt-inov.com\/de\/wp-json\/wp\/v2\/product"}],"about":[{"href":"https:\/\/www.phyt-inov.com\/de\/wp-json\/wp\/v2\/types\/product"}],"replies":[{"embeddable":true,"href":"https:\/\/www.phyt-inov.com\/de\/wp-json\/wp\/v2\/comments?post=83736"}],"wp:featuredmedia":[{"embeddable":true,"href":"https:\/\/www.phyt-inov.com\/de\/wp-json\/wp\/v2\/media\/83737"}],"wp:attachment":[{"href":"https:\/\/www.phyt-inov.com\/de\/wp-json\/wp\/v2\/media?parent=83736"}],"wp:term":[{"taxonomy":"product_brand","embeddable":true,"href":"https:\/\/www.phyt-inov.com\/de\/wp-json\/wp\/v2\/product_brand?post=83736"},{"taxonomy":"product_cat","embeddable":true,"href":"https:\/\/www.phyt-inov.com\/de\/wp-json\/wp\/v2\/product_cat?post=83736"},{"taxonomy":"product_tag","embeddable":true,"href":"https:\/\/www.phyt-inov.com\/de\/wp-json\/wp\/v2\/product_tag?post=83736"}],"curies":[{"name":"wp","href":"https:\/\/api.w.org\/{rel}","templated":true}]}}