{"id":83729,"date":"2019-04-04T21:30:51","date_gmt":"2019-04-04T21:30:51","guid":{"rendered":"https:\/\/www.phyt-inov.com\/produit\/knoblauchcoq10-weissdorn-olive\/"},"modified":"2026-03-30T09:12:48","modified_gmt":"2026-03-30T09:12:48","slug":"knoblauchcoq10-weissdorn-olive","status":"publish","type":"product","link":"https:\/\/www.phyt-inov.com\/de\/produit\/knoblauchcoq10-weissdorn-olive\/","title":{"rendered":"KNOBLAUCH+CoQ10 + Wei\u00dfdorn + Olive"},"content":{"rendered":"<p>Packung mit 200 pflanzlichen Kapseln.<\/p>\n<p>Nettogewicht: 98 g.<\/p>\n<p>Verzehrempfehlung: Nehmen Sie 2 Kapseln zweimal t\u00e4glich zu den Mahlzeiten ein.<\/p>\n","protected":false},"excerpt":{"rendered":"<p>Nahrungserg\u00e4nzungsmittel auf Basis von Knoblauch, Coenzym Q10, Wei\u00dfdorn- und Olivenextrakt.<\/p>\n<p>Zahlreiche alte Texte erw\u00e4hnen die wohltuenden Wirkungen des Knoblauchs, die nie widerlegt wurden. Knoblauch hilft, einen normalen Cholesterinspiegel aufrechtzuerhalten. Dar\u00fcber hinaus unterst\u00fctzt er die Blutzirkulation und tr\u00e4gt zur normalen Funktion des Immunsystems bei.<br \/>\nWei\u00dfdorn unterst\u00fctzt die Herzfunktion, tr\u00e4gt zur Sauerstoffversorgung bei und f\u00f6rdert die periphere Blutzirkulation.  <\/p>\n<p>Das <b>Coenzym Q10<\/b> spielt eine grundlegende Rolle bei der ATP-Synthese durch die Mitochondrien, die wahren Einheiten der zellul\u00e4ren Energieproduktion.<\/p>\n","protected":false},"featured_media":83730,"comment_status":"open","ping_status":"closed","template":"","meta":{"_et_pb_use_builder":"","_et_pb_old_content":"","_et_gb_content_width":""},"product_brand":[],"product_cat":[148,123,143,128],"product_tag":[],"class_list":{"0":"post-83729","1":"product","2":"type-product","3":"status-publish","4":"has-post-thumbnail","6":"product_cat-begleitung-fur-sportler","7":"product_cat-kardiovaskulare-harmonie","8":"product_cat-stoffwechselstorungen","9":"product_cat-tiere","11":"first","12":"instock","13":"shipping-taxable","14":"purchasable","15":"product-type-simple"},"yoast_head":"<!-- This site is optimized with the Yoast SEO plugin v27.3 - https:\/\/yoast.com\/product\/yoast-seo-wordpress\/ -->\n<title>Naturprodukt zur Herz-Kreislauf-Unterst\u00fctzung \u2013 Knoblauch + CoQ10 + Wei\u00dfdorn + Olive \u2013 Formel von JP Willem \u2013 200 pflanzliche Kapseln \u00e0 400 mg | Phyt-inov.com<\/title>\n<meta name=\"description\" content=\"Phyt-Inov international\u00ae offiziell, ein Schweizer Labor, entwickelt mit JP Willem Knoblauch+CoQ10 (200 pflanzliche Kapseln \u00e0 400 mg), einen wahren Verb\u00fcndeten zur Aufrechterhaltung einer guten Herz-Kreislauf-Funktion (Knoblauch\/Coenzym Q10\/Wei\u00dfdorn\/Olive). Es hilft, einen normalen Cholesterinspiegel aufrechtzuerhalten, unterst\u00fctzt die Durchblutung und tr\u00e4gt zur normalen Funktion des Immunsystems bei.\" \/>\n<meta name=\"robots\" content=\"index, follow, max-snippet:-1, max-image-preview:large, max-video-preview:-1\" \/>\n<link rel=\"canonical\" href=\"https:\/\/www.phyt-inov.com\/de\/produit\/knoblauchcoq10-weissdorn-olive\/\" \/>\n<meta property=\"og:locale\" content=\"de_DE\" \/>\n<meta property=\"og:type\" content=\"article\" \/>\n<meta property=\"og:title\" content=\"Naturprodukt zur Herz-Kreislauf-Unterst\u00fctzung \u2013 Knoblauch + CoQ10 + Wei\u00dfdorn + Olive \u2013 Formel von JP Willem \u2013 200 pflanzliche Kapseln \u00e0 400 mg | Phyt-inov.com\" \/>\n<meta property=\"og:description\" content=\"Phyt-Inov international\u00ae offiziell, ein Schweizer Labor, entwickelt mit JP Willem Knoblauch+CoQ10 (200 pflanzliche Kapseln \u00e0 400 mg), einen wahren Verb\u00fcndeten zur Aufrechterhaltung einer guten Herz-Kreislauf-Funktion (Knoblauch\/Coenzym Q10\/Wei\u00dfdorn\/Olive). Es hilft, einen normalen Cholesterinspiegel aufrechtzuerhalten, unterst\u00fctzt die Durchblutung und tr\u00e4gt zur normalen Funktion des Immunsystems bei.\" \/>\n<meta property=\"og:url\" content=\"https:\/\/www.phyt-inov.com\/de\/produit\/knoblauchcoq10-weissdorn-olive\/\" \/>\n<meta property=\"og:site_name\" content=\"Phyt-Inov\" \/>\n<meta property=\"article:publisher\" content=\"https:\/\/www.facebook.com\/phytinov\/\" \/>\n<meta property=\"article:modified_time\" content=\"2026-03-30T09:12:48+00:00\" \/>\n<meta property=\"og:image\" content=\"https:\/\/www.phyt-inov.com\/wp-content\/uploads\/2025\/09\/AilCoQ10-1.png\" \/>\n\t<meta property=\"og:image:width\" content=\"819\" \/>\n\t<meta property=\"og:image:height\" content=\"1024\" \/>\n\t<meta property=\"og:image:type\" content=\"image\/png\" \/>\n<meta name=\"twitter:card\" content=\"summary_large_image\" \/>\n<script type=\"application\/ld+json\" class=\"yoast-schema-graph\">{\"@context\":\"https:\\\/\\\/schema.org\",\"@graph\":[{\"@type\":\"WebPage\",\"@id\":\"https:\\\/\\\/www.phyt-inov.com\\\/de\\\/produit\\\/knoblauchcoq10-weissdorn-olive\\\/\",\"url\":\"https:\\\/\\\/www.phyt-inov.com\\\/de\\\/produit\\\/knoblauchcoq10-weissdorn-olive\\\/\",\"name\":\"Naturprodukt zur Herz-Kreislauf-Unterst\u00fctzung \u2013 Knoblauch + CoQ10 + Wei\u00dfdorn + Olive \u2013 Formel von JP Willem \u2013 200 pflanzliche Kapseln \u00e0 400 mg | Phyt-inov.com\",\"isPartOf\":{\"@id\":\"https:\\\/\\\/www.phyt-inov.com\\\/de\\\/#website\"},\"primaryImageOfPage\":{\"@id\":\"https:\\\/\\\/www.phyt-inov.com\\\/de\\\/produit\\\/knoblauchcoq10-weissdorn-olive\\\/#primaryimage\"},\"image\":{\"@id\":\"https:\\\/\\\/www.phyt-inov.com\\\/de\\\/produit\\\/knoblauchcoq10-weissdorn-olive\\\/#primaryimage\"},\"thumbnailUrl\":\"https:\\\/\\\/www.phyt-inov.com\\\/wp-content\\\/uploads\\\/2025\\\/09\\\/AilCoQ10-1.png\",\"datePublished\":\"2019-04-04T21:30:51+00:00\",\"dateModified\":\"2026-03-30T09:12:48+00:00\",\"description\":\"Phyt-Inov international\u00ae offiziell, ein Schweizer Labor, entwickelt mit JP Willem Knoblauch+CoQ10 (200 pflanzliche Kapseln \u00e0 400 mg), einen wahren Verb\u00fcndeten zur Aufrechterhaltung einer guten Herz-Kreislauf-Funktion (Knoblauch\\\/Coenzym Q10\\\/Wei\u00dfdorn\\\/Olive). Es hilft, einen normalen Cholesterinspiegel aufrechtzuerhalten, unterst\u00fctzt die Durchblutung und tr\u00e4gt zur normalen Funktion des Immunsystems bei.\",\"breadcrumb\":{\"@id\":\"https:\\\/\\\/www.phyt-inov.com\\\/de\\\/produit\\\/knoblauchcoq10-weissdorn-olive\\\/#breadcrumb\"},\"inLanguage\":\"de\",\"potentialAction\":[{\"@type\":\"ReadAction\",\"target\":[\"https:\\\/\\\/www.phyt-inov.com\\\/de\\\/produit\\\/knoblauchcoq10-weissdorn-olive\\\/\"]}]},{\"@type\":\"ImageObject\",\"inLanguage\":\"de\",\"@id\":\"https:\\\/\\\/www.phyt-inov.com\\\/de\\\/produit\\\/knoblauchcoq10-weissdorn-olive\\\/#primaryimage\",\"url\":\"https:\\\/\\\/www.phyt-inov.com\\\/wp-content\\\/uploads\\\/2025\\\/09\\\/AilCoQ10-1.png\",\"contentUrl\":\"https:\\\/\\\/www.phyt-inov.com\\\/wp-content\\\/uploads\\\/2025\\\/09\\\/AilCoQ10-1.png\",\"width\":6400,\"height\":8000,\"caption\":\"phyt-inov Produkt Knoblauch + CoQ10\"},{\"@type\":\"BreadcrumbList\",\"@id\":\"https:\\\/\\\/www.phyt-inov.com\\\/de\\\/produit\\\/knoblauchcoq10-weissdorn-olive\\\/#breadcrumb\",\"itemListElement\":[{\"@type\":\"ListItem\",\"position\":1,\"name\":\"Accueil\",\"item\":\"https:\\\/\\\/www.phyt-inov.com\\\/de\\\/startseite\\\/\"},{\"@type\":\"ListItem\",\"position\":2,\"name\":\"Shop\",\"item\":\"https:\\\/\\\/www.phyt-inov.com\\\/de\\\/shop\\\/\"},{\"@type\":\"ListItem\",\"position\":3,\"name\":\"KNOBLAUCH+CoQ10 + Wei\u00dfdorn + Olive\"}]},{\"@type\":\"WebSite\",\"@id\":\"https:\\\/\\\/www.phyt-inov.com\\\/de\\\/#website\",\"url\":\"https:\\\/\\\/www.phyt-inov.com\\\/de\\\/\",\"name\":\"Phyt-Inov International\",\"description\":\"L&#039;efficacit\u00e9 naturelle pour vos soins quotidiens\",\"publisher\":{\"@id\":\"https:\\\/\\\/www.phyt-inov.com\\\/de\\\/#organization\"},\"alternateName\":\"phyt-inov\",\"potentialAction\":[{\"@type\":\"SearchAction\",\"target\":{\"@type\":\"EntryPoint\",\"urlTemplate\":\"https:\\\/\\\/www.phyt-inov.com\\\/de\\\/?s={search_term_string}\"},\"query-input\":{\"@type\":\"PropertyValueSpecification\",\"valueRequired\":true,\"valueName\":\"search_term_string\"}}],\"inLanguage\":\"de\"},{\"@type\":\"Organization\",\"@id\":\"https:\\\/\\\/www.phyt-inov.com\\\/de\\\/#organization\",\"name\":\"Phyt-Inov\",\"alternateName\":\"Phyt-Inov\",\"url\":\"https:\\\/\\\/www.phyt-inov.com\\\/de\\\/\",\"logo\":{\"@type\":\"ImageObject\",\"inLanguage\":\"de\",\"@id\":\"https:\\\/\\\/www.phyt-inov.com\\\/de\\\/#\\\/schema\\\/logo\\\/image\\\/\",\"url\":\"https:\\\/\\\/www.phyt-inov.com\\\/wp-content\\\/uploads\\\/2025\\\/09\\\/Logo-site-phyt-inov4_Plan-de-travail-1-2048x760-1.png\",\"contentUrl\":\"https:\\\/\\\/www.phyt-inov.com\\\/wp-content\\\/uploads\\\/2025\\\/09\\\/Logo-site-phyt-inov4_Plan-de-travail-1-2048x760-1.png\",\"width\":2048,\"height\":760,\"caption\":\"Phyt-Inov\"},\"image\":{\"@id\":\"https:\\\/\\\/www.phyt-inov.com\\\/de\\\/#\\\/schema\\\/logo\\\/image\\\/\"},\"sameAs\":[\"https:\\\/\\\/www.facebook.com\\\/phytinov\\\/\",\"https:\\\/\\\/www.youtube.com\\\/channel\\\/UCE05sYsSXuuKbLqs4Au3e4Q\",\"https:\\\/\\\/www.instagram.com\\\/phytinov\\\/\"]}]}<\/script>\n<!-- \/ Yoast SEO plugin. -->","yoast_head_json":{"title":"Naturprodukt zur Herz-Kreislauf-Unterst\u00fctzung \u2013 Knoblauch + CoQ10 + Wei\u00dfdorn + Olive \u2013 Formel von JP Willem \u2013 200 pflanzliche Kapseln \u00e0 400 mg | Phyt-inov.com","description":"Phyt-Inov international\u00ae offiziell, ein Schweizer Labor, entwickelt mit JP Willem Knoblauch+CoQ10 (200 pflanzliche Kapseln \u00e0 400 mg), einen wahren Verb\u00fcndeten zur Aufrechterhaltung einer guten Herz-Kreislauf-Funktion (Knoblauch\/Coenzym Q10\/Wei\u00dfdorn\/Olive). Es hilft, einen normalen Cholesterinspiegel aufrechtzuerhalten, unterst\u00fctzt die Durchblutung und tr\u00e4gt zur normalen Funktion des Immunsystems bei.","robots":{"index":"index","follow":"follow","max-snippet":"max-snippet:-1","max-image-preview":"max-image-preview:large","max-video-preview":"max-video-preview:-1"},"canonical":"https:\/\/www.phyt-inov.com\/de\/produit\/knoblauchcoq10-weissdorn-olive\/","og_locale":"de_DE","og_type":"article","og_title":"Naturprodukt zur Herz-Kreislauf-Unterst\u00fctzung \u2013 Knoblauch + CoQ10 + Wei\u00dfdorn + Olive \u2013 Formel von JP Willem \u2013 200 pflanzliche Kapseln \u00e0 400 mg | Phyt-inov.com","og_description":"Phyt-Inov international\u00ae offiziell, ein Schweizer Labor, entwickelt mit JP Willem Knoblauch+CoQ10 (200 pflanzliche Kapseln \u00e0 400 mg), einen wahren Verb\u00fcndeten zur Aufrechterhaltung einer guten Herz-Kreislauf-Funktion (Knoblauch\/Coenzym Q10\/Wei\u00dfdorn\/Olive). Es hilft, einen normalen Cholesterinspiegel aufrechtzuerhalten, unterst\u00fctzt die Durchblutung und tr\u00e4gt zur normalen Funktion des Immunsystems bei.","og_url":"https:\/\/www.phyt-inov.com\/de\/produit\/knoblauchcoq10-weissdorn-olive\/","og_site_name":"Phyt-Inov","article_publisher":"https:\/\/www.facebook.com\/phytinov\/","article_modified_time":"2026-03-30T09:12:48+00:00","og_image":[{"url":"https:\/\/www.phyt-inov.com\/wp-content\/uploads\/2025\/09\/AilCoQ10-1.png","width":819,"height":1024,"type":"image\/png"}],"twitter_card":"summary_large_image","schema":{"@context":"https:\/\/schema.org","@graph":[{"@type":"WebPage","@id":"https:\/\/www.phyt-inov.com\/de\/produit\/knoblauchcoq10-weissdorn-olive\/","url":"https:\/\/www.phyt-inov.com\/de\/produit\/knoblauchcoq10-weissdorn-olive\/","name":"Naturprodukt zur Herz-Kreislauf-Unterst\u00fctzung \u2013 Knoblauch + CoQ10 + Wei\u00dfdorn + Olive \u2013 Formel von JP Willem \u2013 200 pflanzliche Kapseln \u00e0 400 mg | Phyt-inov.com","isPartOf":{"@id":"https:\/\/www.phyt-inov.com\/de\/#website"},"primaryImageOfPage":{"@id":"https:\/\/www.phyt-inov.com\/de\/produit\/knoblauchcoq10-weissdorn-olive\/#primaryimage"},"image":{"@id":"https:\/\/www.phyt-inov.com\/de\/produit\/knoblauchcoq10-weissdorn-olive\/#primaryimage"},"thumbnailUrl":"https:\/\/www.phyt-inov.com\/wp-content\/uploads\/2025\/09\/AilCoQ10-1.png","datePublished":"2019-04-04T21:30:51+00:00","dateModified":"2026-03-30T09:12:48+00:00","description":"Phyt-Inov international\u00ae offiziell, ein Schweizer Labor, entwickelt mit JP Willem Knoblauch+CoQ10 (200 pflanzliche Kapseln \u00e0 400 mg), einen wahren Verb\u00fcndeten zur Aufrechterhaltung einer guten Herz-Kreislauf-Funktion (Knoblauch\/Coenzym Q10\/Wei\u00dfdorn\/Olive). Es hilft, einen normalen Cholesterinspiegel aufrechtzuerhalten, unterst\u00fctzt die Durchblutung und tr\u00e4gt zur normalen Funktion des Immunsystems bei.","breadcrumb":{"@id":"https:\/\/www.phyt-inov.com\/de\/produit\/knoblauchcoq10-weissdorn-olive\/#breadcrumb"},"inLanguage":"de","potentialAction":[{"@type":"ReadAction","target":["https:\/\/www.phyt-inov.com\/de\/produit\/knoblauchcoq10-weissdorn-olive\/"]}]},{"@type":"ImageObject","inLanguage":"de","@id":"https:\/\/www.phyt-inov.com\/de\/produit\/knoblauchcoq10-weissdorn-olive\/#primaryimage","url":"https:\/\/www.phyt-inov.com\/wp-content\/uploads\/2025\/09\/AilCoQ10-1.png","contentUrl":"https:\/\/www.phyt-inov.com\/wp-content\/uploads\/2025\/09\/AilCoQ10-1.png","width":6400,"height":8000,"caption":"phyt-inov Produkt Knoblauch + CoQ10"},{"@type":"BreadcrumbList","@id":"https:\/\/www.phyt-inov.com\/de\/produit\/knoblauchcoq10-weissdorn-olive\/#breadcrumb","itemListElement":[{"@type":"ListItem","position":1,"name":"Accueil","item":"https:\/\/www.phyt-inov.com\/de\/startseite\/"},{"@type":"ListItem","position":2,"name":"Shop","item":"https:\/\/www.phyt-inov.com\/de\/shop\/"},{"@type":"ListItem","position":3,"name":"KNOBLAUCH+CoQ10 + Wei\u00dfdorn + Olive"}]},{"@type":"WebSite","@id":"https:\/\/www.phyt-inov.com\/de\/#website","url":"https:\/\/www.phyt-inov.com\/de\/","name":"Phyt-Inov International","description":"L&#039;efficacit\u00e9 naturelle pour vos soins quotidiens","publisher":{"@id":"https:\/\/www.phyt-inov.com\/de\/#organization"},"alternateName":"phyt-inov","potentialAction":[{"@type":"SearchAction","target":{"@type":"EntryPoint","urlTemplate":"https:\/\/www.phyt-inov.com\/de\/?s={search_term_string}"},"query-input":{"@type":"PropertyValueSpecification","valueRequired":true,"valueName":"search_term_string"}}],"inLanguage":"de"},{"@type":"Organization","@id":"https:\/\/www.phyt-inov.com\/de\/#organization","name":"Phyt-Inov","alternateName":"Phyt-Inov","url":"https:\/\/www.phyt-inov.com\/de\/","logo":{"@type":"ImageObject","inLanguage":"de","@id":"https:\/\/www.phyt-inov.com\/de\/#\/schema\/logo\/image\/","url":"https:\/\/www.phyt-inov.com\/wp-content\/uploads\/2025\/09\/Logo-site-phyt-inov4_Plan-de-travail-1-2048x760-1.png","contentUrl":"https:\/\/www.phyt-inov.com\/wp-content\/uploads\/2025\/09\/Logo-site-phyt-inov4_Plan-de-travail-1-2048x760-1.png","width":2048,"height":760,"caption":"Phyt-Inov"},"image":{"@id":"https:\/\/www.phyt-inov.com\/de\/#\/schema\/logo\/image\/"},"sameAs":["https:\/\/www.facebook.com\/phytinov\/","https:\/\/www.youtube.com\/channel\/UCE05sYsSXuuKbLqs4Au3e4Q","https:\/\/www.instagram.com\/phytinov\/"]}]}},"jetpack_sharing_enabled":true,"_links":{"self":[{"href":"https:\/\/www.phyt-inov.com\/de\/wp-json\/wp\/v2\/product\/83729","targetHints":{"allow":["GET"]}}],"collection":[{"href":"https:\/\/www.phyt-inov.com\/de\/wp-json\/wp\/v2\/product"}],"about":[{"href":"https:\/\/www.phyt-inov.com\/de\/wp-json\/wp\/v2\/types\/product"}],"replies":[{"embeddable":true,"href":"https:\/\/www.phyt-inov.com\/de\/wp-json\/wp\/v2\/comments?post=83729"}],"wp:featuredmedia":[{"embeddable":true,"href":"https:\/\/www.phyt-inov.com\/de\/wp-json\/wp\/v2\/media\/83730"}],"wp:attachment":[{"href":"https:\/\/www.phyt-inov.com\/de\/wp-json\/wp\/v2\/media?parent=83729"}],"wp:term":[{"taxonomy":"product_brand","embeddable":true,"href":"https:\/\/www.phyt-inov.com\/de\/wp-json\/wp\/v2\/product_brand?post=83729"},{"taxonomy":"product_cat","embeddable":true,"href":"https:\/\/www.phyt-inov.com\/de\/wp-json\/wp\/v2\/product_cat?post=83729"},{"taxonomy":"product_tag","embeddable":true,"href":"https:\/\/www.phyt-inov.com\/de\/wp-json\/wp\/v2\/product_tag?post=83729"}],"curies":[{"name":"wp","href":"https:\/\/api.w.org\/{rel}","templated":true}]}}