{"id":83720,"date":"2019-04-04T21:31:05","date_gmt":"2019-04-04T21:31:05","guid":{"rendered":"https:\/\/www.phyt-inov.com\/produit\/epa-krill-licaps\/"},"modified":"2026-03-30T09:11:33","modified_gmt":"2026-03-30T09:11:33","slug":"epa-krill-licaps","status":"publish","type":"product","link":"https:\/\/www.phyt-inov.com\/de\/produit\/epa-krill-licaps\/","title":{"rendered":"Epa Krill Licaps"},"content":{"rendered":"<p><b>Unser Krill\u00f6l ist in Licaps verpackt, um Ger\u00fcche zu eliminieren, die bei Weichkapseln unvermeidlich sind.<\/b><\/p>\n<p>Packung mit 50 oder 100 marinen Licaps\u00ae-Kapseln, dosiert mit 590 mg reinem Krill\u00f6l ohne Fisch\u00f6le und ohne Hilfsstoffe.<\/p>\n<p>Anwendungsempfehlung: 1 Licaps\u00ae-Kapsel morgens und abends zu den Mahlzeiten.<\/p>\n<p>Nettogewicht: 70 g.<\/p>\n","protected":false},"excerpt":{"rendered":"<p>Krill ist der Gattungsname (norwegischen Ursprungs) f\u00fcr kleine Garnelen aus kalten Gew\u00e4ssern.<br \/>\nEs ist das am h\u00e4ufigsten vorkommende Krebstier der Erde.<br \/>\nKrill und andere Garnelenarten sind f\u00fcr die rosa F\u00e4rbung von Flamingos und die lachsrosa Farbe des Wildlachsfilets verantwortlich.<br \/>\nEs enth\u00e4lt Astaxanthin, rote Carotinoide und Vitamin A.<br \/>\nEs besteht aber haupts\u00e4chlich aus Omega-3-Fetts\u00e4uren und Phospholipiden.<br \/>\nKrill\u00f6l enth\u00e4lt EPA- und DHA-Fetts\u00e4uren in au\u00dfergew\u00f6hnlich hoher Konzentration; diese bilden den Hauptbestandteil der Zellmembranen.<\/p>\n","protected":false},"featured_media":83721,"comment_status":"open","ping_status":"closed","template":"","meta":{"_et_pb_use_builder":"","_et_pb_old_content":"","_et_gb_content_width":""},"product_brand":[],"product_cat":[122,147,142,141,144,123,143,128,118],"product_tag":[],"class_list":{"0":"post-83720","1":"product","2":"type-product","3":"status-publish","4":"has-post-thumbnail","6":"product_cat-capital-vision","7":"product_cat-emotionales-und-nervliches-gleichgewicht","8":"product_cat-entzundliche-beschwerden","9":"product_cat-hormonelles-gleichgewicht","10":"product_cat-hygiene-schonheit-und-hautpflege","11":"product_cat-kardiovaskulare-harmonie","12":"product_cat-stoffwechselstorungen","13":"product_cat-tiere","14":"product_cat-wohlbefinden-der-knochen-und-gelenke","16":"first","17":"instock","18":"shipping-taxable","19":"purchasable","20":"product-type-variable"},"yoast_head":"<!-- This site is optimized with the Yoast SEO plugin v27.3 - https:\/\/yoast.com\/product\/yoast-seo-wordpress\/ -->\n<title>Nat\u00fcrliches Produkt, reich an Omega-3-Fetts\u00e4uren, von Phyt-Inov\u00ae (entwickelt mit JP Willem) \u2013 Krill\u00f6l-Nahrungserg\u00e4nzungsmittel \u2013 F\u00f6rdert Darmkomfort \u2013 Verbessert die Erholung nach dem Sport \u2013 Epa Krill 100 Pflanzenkapseln | Phyt-inov.com<\/title>\n<meta name=\"description\" content=\"Phyt-Inov international\u00ae, ein f\u00fchrendes Schweizer Labor f\u00fcr nat\u00fcrliche Produkte\/Bio-\/Natur-Nahrungserg\u00e4nzungsmittel, entwickelt mit JP Willem, bietet Epa Krill (100 Pflanzenkapseln) an. Dieses Krill-basierte Produkt zeichnet sich durch seinen Reichtum an Phospholipiden, Omega-3 und Astaxanthin aus \u2013 Krill\u00f6l tr\u00e4gt zur normalen Herzfunktion, zur Aufrechterhaltung einer guten Sehkraft, zur normalen Gehirnfunktion und zur Konzentrationsf\u00e4higkeit bei.\" \/>\n<meta name=\"robots\" content=\"index, follow, max-snippet:-1, max-image-preview:large, max-video-preview:-1\" \/>\n<link rel=\"canonical\" href=\"https:\/\/www.phyt-inov.com\/de\/produit\/epa-krill-licaps\/\" \/>\n<meta property=\"og:locale\" content=\"de_DE\" \/>\n<meta property=\"og:type\" content=\"article\" \/>\n<meta property=\"og:title\" content=\"Nat\u00fcrliches Produkt, reich an Omega-3-Fetts\u00e4uren, von Phyt-Inov\u00ae (entwickelt mit JP Willem) \u2013 Krill\u00f6l-Nahrungserg\u00e4nzungsmittel \u2013 F\u00f6rdert Darmkomfort \u2013 Verbessert die Erholung nach dem Sport \u2013 Epa Krill 100 Pflanzenkapseln | Phyt-inov.com\" \/>\n<meta property=\"og:description\" content=\"Phyt-Inov international\u00ae, ein f\u00fchrendes Schweizer Labor f\u00fcr nat\u00fcrliche Produkte\/Bio-\/Natur-Nahrungserg\u00e4nzungsmittel, entwickelt mit JP Willem, bietet Epa Krill (100 Pflanzenkapseln) an. Dieses Krill-basierte Produkt zeichnet sich durch seinen Reichtum an Phospholipiden, Omega-3 und Astaxanthin aus \u2013 Krill\u00f6l tr\u00e4gt zur normalen Herzfunktion, zur Aufrechterhaltung einer guten Sehkraft, zur normalen Gehirnfunktion und zur Konzentrationsf\u00e4higkeit bei.\" \/>\n<meta property=\"og:url\" content=\"https:\/\/www.phyt-inov.com\/de\/produit\/epa-krill-licaps\/\" \/>\n<meta property=\"og:site_name\" content=\"Phyt-Inov\" \/>\n<meta property=\"article:publisher\" content=\"https:\/\/www.facebook.com\/phytinov\/\" \/>\n<meta property=\"article:modified_time\" content=\"2026-03-30T09:11:33+00:00\" \/>\n<meta property=\"og:image\" content=\"https:\/\/www.phyt-inov.com\/wp-content\/uploads\/2025\/09\/Epa-Krill-100-gel-1.png\" \/>\n\t<meta property=\"og:image:width\" content=\"819\" \/>\n\t<meta property=\"og:image:height\" content=\"1024\" \/>\n\t<meta property=\"og:image:type\" content=\"image\/png\" \/>\n<meta name=\"twitter:card\" content=\"summary_large_image\" \/>\n<script type=\"application\/ld+json\" class=\"yoast-schema-graph\">{\"@context\":\"https:\\\/\\\/schema.org\",\"@graph\":[{\"@type\":\"WebPage\",\"@id\":\"https:\\\/\\\/www.phyt-inov.com\\\/de\\\/produit\\\/epa-krill-licaps\\\/\",\"url\":\"https:\\\/\\\/www.phyt-inov.com\\\/de\\\/produit\\\/epa-krill-licaps\\\/\",\"name\":\"Nat\u00fcrliches Produkt, reich an Omega-3-Fetts\u00e4uren, von Phyt-Inov\u00ae (entwickelt mit JP Willem) \u2013 Krill\u00f6l-Nahrungserg\u00e4nzungsmittel \u2013 F\u00f6rdert Darmkomfort \u2013 Verbessert die Erholung nach dem Sport \u2013 Epa Krill 100 Pflanzenkapseln | Phyt-inov.com\",\"isPartOf\":{\"@id\":\"https:\\\/\\\/www.phyt-inov.com\\\/de\\\/#website\"},\"primaryImageOfPage\":{\"@id\":\"https:\\\/\\\/www.phyt-inov.com\\\/de\\\/produit\\\/epa-krill-licaps\\\/#primaryimage\"},\"image\":{\"@id\":\"https:\\\/\\\/www.phyt-inov.com\\\/de\\\/produit\\\/epa-krill-licaps\\\/#primaryimage\"},\"thumbnailUrl\":\"https:\\\/\\\/www.phyt-inov.com\\\/wp-content\\\/uploads\\\/2025\\\/09\\\/Epa-Krill-100-gel-1.png\",\"datePublished\":\"2019-04-04T21:31:05+00:00\",\"dateModified\":\"2026-03-30T09:11:33+00:00\",\"description\":\"Phyt-Inov international\u00ae, ein f\u00fchrendes Schweizer Labor f\u00fcr nat\u00fcrliche Produkte\\\/Bio-\\\/Natur-Nahrungserg\u00e4nzungsmittel, entwickelt mit JP Willem, bietet Epa Krill (100 Pflanzenkapseln) an. Dieses Krill-basierte Produkt zeichnet sich durch seinen Reichtum an Phospholipiden, Omega-3 und Astaxanthin aus \u2013 Krill\u00f6l tr\u00e4gt zur normalen Herzfunktion, zur Aufrechterhaltung einer guten Sehkraft, zur normalen Gehirnfunktion und zur Konzentrationsf\u00e4higkeit bei.\",\"breadcrumb\":{\"@id\":\"https:\\\/\\\/www.phyt-inov.com\\\/de\\\/produit\\\/epa-krill-licaps\\\/#breadcrumb\"},\"inLanguage\":\"de\",\"potentialAction\":[{\"@type\":\"ReadAction\",\"target\":[\"https:\\\/\\\/www.phyt-inov.com\\\/de\\\/produit\\\/epa-krill-licaps\\\/\"]}]},{\"@type\":\"ImageObject\",\"inLanguage\":\"de\",\"@id\":\"https:\\\/\\\/www.phyt-inov.com\\\/de\\\/produit\\\/epa-krill-licaps\\\/#primaryimage\",\"url\":\"https:\\\/\\\/www.phyt-inov.com\\\/wp-content\\\/uploads\\\/2025\\\/09\\\/Epa-Krill-100-gel-1.png\",\"contentUrl\":\"https:\\\/\\\/www.phyt-inov.com\\\/wp-content\\\/uploads\\\/2025\\\/09\\\/Epa-Krill-100-gel-1.png\",\"width\":6400,\"height\":8000,\"caption\":\"phyt-inov Produkt Epa Krill\"},{\"@type\":\"BreadcrumbList\",\"@id\":\"https:\\\/\\\/www.phyt-inov.com\\\/de\\\/produit\\\/epa-krill-licaps\\\/#breadcrumb\",\"itemListElement\":[{\"@type\":\"ListItem\",\"position\":1,\"name\":\"Accueil\",\"item\":\"https:\\\/\\\/www.phyt-inov.com\\\/de\\\/startseite\\\/\"},{\"@type\":\"ListItem\",\"position\":2,\"name\":\"Shop\",\"item\":\"https:\\\/\\\/www.phyt-inov.com\\\/de\\\/shop\\\/\"},{\"@type\":\"ListItem\",\"position\":3,\"name\":\"Epa Krill Licaps\"}]},{\"@type\":\"WebSite\",\"@id\":\"https:\\\/\\\/www.phyt-inov.com\\\/de\\\/#website\",\"url\":\"https:\\\/\\\/www.phyt-inov.com\\\/de\\\/\",\"name\":\"Phyt-Inov International\",\"description\":\"L&#039;efficacit\u00e9 naturelle pour vos soins quotidiens\",\"publisher\":{\"@id\":\"https:\\\/\\\/www.phyt-inov.com\\\/de\\\/#organization\"},\"alternateName\":\"phyt-inov\",\"potentialAction\":[{\"@type\":\"SearchAction\",\"target\":{\"@type\":\"EntryPoint\",\"urlTemplate\":\"https:\\\/\\\/www.phyt-inov.com\\\/de\\\/?s={search_term_string}\"},\"query-input\":{\"@type\":\"PropertyValueSpecification\",\"valueRequired\":true,\"valueName\":\"search_term_string\"}}],\"inLanguage\":\"de\"},{\"@type\":\"Organization\",\"@id\":\"https:\\\/\\\/www.phyt-inov.com\\\/de\\\/#organization\",\"name\":\"Phyt-Inov\",\"alternateName\":\"Phyt-Inov\",\"url\":\"https:\\\/\\\/www.phyt-inov.com\\\/de\\\/\",\"logo\":{\"@type\":\"ImageObject\",\"inLanguage\":\"de\",\"@id\":\"https:\\\/\\\/www.phyt-inov.com\\\/de\\\/#\\\/schema\\\/logo\\\/image\\\/\",\"url\":\"https:\\\/\\\/www.phyt-inov.com\\\/wp-content\\\/uploads\\\/2025\\\/09\\\/Logo-site-phyt-inov4_Plan-de-travail-1-2048x760-1.png\",\"contentUrl\":\"https:\\\/\\\/www.phyt-inov.com\\\/wp-content\\\/uploads\\\/2025\\\/09\\\/Logo-site-phyt-inov4_Plan-de-travail-1-2048x760-1.png\",\"width\":2048,\"height\":760,\"caption\":\"Phyt-Inov\"},\"image\":{\"@id\":\"https:\\\/\\\/www.phyt-inov.com\\\/de\\\/#\\\/schema\\\/logo\\\/image\\\/\"},\"sameAs\":[\"https:\\\/\\\/www.facebook.com\\\/phytinov\\\/\",\"https:\\\/\\\/www.youtube.com\\\/channel\\\/UCE05sYsSXuuKbLqs4Au3e4Q\",\"https:\\\/\\\/www.instagram.com\\\/phytinov\\\/\"]}]}<\/script>\n<!-- \/ Yoast SEO plugin. -->","yoast_head_json":{"title":"Nat\u00fcrliches Produkt, reich an Omega-3-Fetts\u00e4uren, von Phyt-Inov\u00ae (entwickelt mit JP Willem) \u2013 Krill\u00f6l-Nahrungserg\u00e4nzungsmittel \u2013 F\u00f6rdert Darmkomfort \u2013 Verbessert die Erholung nach dem Sport \u2013 Epa Krill 100 Pflanzenkapseln | Phyt-inov.com","description":"Phyt-Inov international\u00ae, ein f\u00fchrendes Schweizer Labor f\u00fcr nat\u00fcrliche Produkte\/Bio-\/Natur-Nahrungserg\u00e4nzungsmittel, entwickelt mit JP Willem, bietet Epa Krill (100 Pflanzenkapseln) an. Dieses Krill-basierte Produkt zeichnet sich durch seinen Reichtum an Phospholipiden, Omega-3 und Astaxanthin aus \u2013 Krill\u00f6l tr\u00e4gt zur normalen Herzfunktion, zur Aufrechterhaltung einer guten Sehkraft, zur normalen Gehirnfunktion und zur Konzentrationsf\u00e4higkeit bei.","robots":{"index":"index","follow":"follow","max-snippet":"max-snippet:-1","max-image-preview":"max-image-preview:large","max-video-preview":"max-video-preview:-1"},"canonical":"https:\/\/www.phyt-inov.com\/de\/produit\/epa-krill-licaps\/","og_locale":"de_DE","og_type":"article","og_title":"Nat\u00fcrliches Produkt, reich an Omega-3-Fetts\u00e4uren, von Phyt-Inov\u00ae (entwickelt mit JP Willem) \u2013 Krill\u00f6l-Nahrungserg\u00e4nzungsmittel \u2013 F\u00f6rdert Darmkomfort \u2013 Verbessert die Erholung nach dem Sport \u2013 Epa Krill 100 Pflanzenkapseln | Phyt-inov.com","og_description":"Phyt-Inov international\u00ae, ein f\u00fchrendes Schweizer Labor f\u00fcr nat\u00fcrliche Produkte\/Bio-\/Natur-Nahrungserg\u00e4nzungsmittel, entwickelt mit JP Willem, bietet Epa Krill (100 Pflanzenkapseln) an. Dieses Krill-basierte Produkt zeichnet sich durch seinen Reichtum an Phospholipiden, Omega-3 und Astaxanthin aus \u2013 Krill\u00f6l tr\u00e4gt zur normalen Herzfunktion, zur Aufrechterhaltung einer guten Sehkraft, zur normalen Gehirnfunktion und zur Konzentrationsf\u00e4higkeit bei.","og_url":"https:\/\/www.phyt-inov.com\/de\/produit\/epa-krill-licaps\/","og_site_name":"Phyt-Inov","article_publisher":"https:\/\/www.facebook.com\/phytinov\/","article_modified_time":"2026-03-30T09:11:33+00:00","og_image":[{"url":"https:\/\/www.phyt-inov.com\/wp-content\/uploads\/2025\/09\/Epa-Krill-100-gel-1.png","width":819,"height":1024,"type":"image\/png"}],"twitter_card":"summary_large_image","schema":{"@context":"https:\/\/schema.org","@graph":[{"@type":"WebPage","@id":"https:\/\/www.phyt-inov.com\/de\/produit\/epa-krill-licaps\/","url":"https:\/\/www.phyt-inov.com\/de\/produit\/epa-krill-licaps\/","name":"Nat\u00fcrliches Produkt, reich an Omega-3-Fetts\u00e4uren, von Phyt-Inov\u00ae (entwickelt mit JP Willem) \u2013 Krill\u00f6l-Nahrungserg\u00e4nzungsmittel \u2013 F\u00f6rdert Darmkomfort \u2013 Verbessert die Erholung nach dem Sport \u2013 Epa Krill 100 Pflanzenkapseln | Phyt-inov.com","isPartOf":{"@id":"https:\/\/www.phyt-inov.com\/de\/#website"},"primaryImageOfPage":{"@id":"https:\/\/www.phyt-inov.com\/de\/produit\/epa-krill-licaps\/#primaryimage"},"image":{"@id":"https:\/\/www.phyt-inov.com\/de\/produit\/epa-krill-licaps\/#primaryimage"},"thumbnailUrl":"https:\/\/www.phyt-inov.com\/wp-content\/uploads\/2025\/09\/Epa-Krill-100-gel-1.png","datePublished":"2019-04-04T21:31:05+00:00","dateModified":"2026-03-30T09:11:33+00:00","description":"Phyt-Inov international\u00ae, ein f\u00fchrendes Schweizer Labor f\u00fcr nat\u00fcrliche Produkte\/Bio-\/Natur-Nahrungserg\u00e4nzungsmittel, entwickelt mit JP Willem, bietet Epa Krill (100 Pflanzenkapseln) an. Dieses Krill-basierte Produkt zeichnet sich durch seinen Reichtum an Phospholipiden, Omega-3 und Astaxanthin aus \u2013 Krill\u00f6l tr\u00e4gt zur normalen Herzfunktion, zur Aufrechterhaltung einer guten Sehkraft, zur normalen Gehirnfunktion und zur Konzentrationsf\u00e4higkeit bei.","breadcrumb":{"@id":"https:\/\/www.phyt-inov.com\/de\/produit\/epa-krill-licaps\/#breadcrumb"},"inLanguage":"de","potentialAction":[{"@type":"ReadAction","target":["https:\/\/www.phyt-inov.com\/de\/produit\/epa-krill-licaps\/"]}]},{"@type":"ImageObject","inLanguage":"de","@id":"https:\/\/www.phyt-inov.com\/de\/produit\/epa-krill-licaps\/#primaryimage","url":"https:\/\/www.phyt-inov.com\/wp-content\/uploads\/2025\/09\/Epa-Krill-100-gel-1.png","contentUrl":"https:\/\/www.phyt-inov.com\/wp-content\/uploads\/2025\/09\/Epa-Krill-100-gel-1.png","width":6400,"height":8000,"caption":"phyt-inov Produkt Epa Krill"},{"@type":"BreadcrumbList","@id":"https:\/\/www.phyt-inov.com\/de\/produit\/epa-krill-licaps\/#breadcrumb","itemListElement":[{"@type":"ListItem","position":1,"name":"Accueil","item":"https:\/\/www.phyt-inov.com\/de\/startseite\/"},{"@type":"ListItem","position":2,"name":"Shop","item":"https:\/\/www.phyt-inov.com\/de\/shop\/"},{"@type":"ListItem","position":3,"name":"Epa Krill Licaps"}]},{"@type":"WebSite","@id":"https:\/\/www.phyt-inov.com\/de\/#website","url":"https:\/\/www.phyt-inov.com\/de\/","name":"Phyt-Inov International","description":"L&#039;efficacit\u00e9 naturelle pour vos soins quotidiens","publisher":{"@id":"https:\/\/www.phyt-inov.com\/de\/#organization"},"alternateName":"phyt-inov","potentialAction":[{"@type":"SearchAction","target":{"@type":"EntryPoint","urlTemplate":"https:\/\/www.phyt-inov.com\/de\/?s={search_term_string}"},"query-input":{"@type":"PropertyValueSpecification","valueRequired":true,"valueName":"search_term_string"}}],"inLanguage":"de"},{"@type":"Organization","@id":"https:\/\/www.phyt-inov.com\/de\/#organization","name":"Phyt-Inov","alternateName":"Phyt-Inov","url":"https:\/\/www.phyt-inov.com\/de\/","logo":{"@type":"ImageObject","inLanguage":"de","@id":"https:\/\/www.phyt-inov.com\/de\/#\/schema\/logo\/image\/","url":"https:\/\/www.phyt-inov.com\/wp-content\/uploads\/2025\/09\/Logo-site-phyt-inov4_Plan-de-travail-1-2048x760-1.png","contentUrl":"https:\/\/www.phyt-inov.com\/wp-content\/uploads\/2025\/09\/Logo-site-phyt-inov4_Plan-de-travail-1-2048x760-1.png","width":2048,"height":760,"caption":"Phyt-Inov"},"image":{"@id":"https:\/\/www.phyt-inov.com\/de\/#\/schema\/logo\/image\/"},"sameAs":["https:\/\/www.facebook.com\/phytinov\/","https:\/\/www.youtube.com\/channel\/UCE05sYsSXuuKbLqs4Au3e4Q","https:\/\/www.instagram.com\/phytinov\/"]}]}},"jetpack_sharing_enabled":true,"_links":{"self":[{"href":"https:\/\/www.phyt-inov.com\/de\/wp-json\/wp\/v2\/product\/83720","targetHints":{"allow":["GET"]}}],"collection":[{"href":"https:\/\/www.phyt-inov.com\/de\/wp-json\/wp\/v2\/product"}],"about":[{"href":"https:\/\/www.phyt-inov.com\/de\/wp-json\/wp\/v2\/types\/product"}],"replies":[{"embeddable":true,"href":"https:\/\/www.phyt-inov.com\/de\/wp-json\/wp\/v2\/comments?post=83720"}],"wp:featuredmedia":[{"embeddable":true,"href":"https:\/\/www.phyt-inov.com\/de\/wp-json\/wp\/v2\/media\/83721"}],"wp:attachment":[{"href":"https:\/\/www.phyt-inov.com\/de\/wp-json\/wp\/v2\/media?parent=83720"}],"wp:term":[{"taxonomy":"product_brand","embeddable":true,"href":"https:\/\/www.phyt-inov.com\/de\/wp-json\/wp\/v2\/product_brand?post=83720"},{"taxonomy":"product_cat","embeddable":true,"href":"https:\/\/www.phyt-inov.com\/de\/wp-json\/wp\/v2\/product_cat?post=83720"},{"taxonomy":"product_tag","embeddable":true,"href":"https:\/\/www.phyt-inov.com\/de\/wp-json\/wp\/v2\/product_tag?post=83720"}],"curies":[{"name":"wp","href":"https:\/\/api.w.org\/{rel}","templated":true}]}}