{"id":83704,"date":"2019-04-04T21:31:15","date_gmt":"2019-04-04T21:31:15","guid":{"rendered":"https:\/\/www.phyt-inov.com\/produit\/thyregul-phyt-inov-offiziell-150-kapseln\/"},"modified":"2026-03-30T09:10:24","modified_gmt":"2026-03-30T09:10:24","slug":"thyregul-phyt-inov-offiziell-150-kapseln","status":"publish","type":"product","link":"https:\/\/www.phyt-inov.com\/de\/produit\/thyregul-phyt-inov-offiziell-150-kapseln\/","title":{"rendered":"Thyr\u00e9gul\/Phyt-Inov\u00ae offiziell \u2013 150 Kapseln"},"content":{"rendered":"<p>Verzehrempfehlung: 2 bis 4 Kapseln t\u00e4glich auf n\u00fcchternen Magen vor den Mahlzeiten (mindestens 1\/4 Stunde vor dem Essen).<\/p>\n<p>Gesetzlich vorgeschriebene Informationen:<br \/>\nEnth\u00e4lt zugesetzte Pflanzensterine. Au\u00dferhalb der Reichweite von kleinen Kindern aufbewahren. Die angegebene empfohlene t\u00e4gliche Verzehrmenge darf nicht \u00fcberschritten werden. Nahrungserg\u00e4nzungsmittel sollten nicht als Ersatz f\u00fcr eine ausgewogene und abwechslungsreiche Ern\u00e4hrung, die einen regelm\u00e4\u00dfigen Verzehr von Obst und Gem\u00fcse zur Aufrechterhaltung des Carotinoidspiegels einschlie\u00dft, sowie eine gesunde Lebensweise verwendet werden.<br \/>\nNur f\u00fcr Erwachsene bestimmt, die ihren Cholesterinspiegel im Blut senken m\u00f6chten. Die Anwendung bei schwangeren und stillenden Frauen, bei Personen unter antidepressiver oder gerinnungshemmender Behandlung, bei Personen, die einen Monoaminooxidase-Hemmer oder einen Thrombozytenaggregationshemmer einnehmen, wird nicht empfohlen. Bei einer cholesterinsenkenden Behandlung, Magenbeschwerden, Schilddr\u00fcsenerkrankungen, antiepileptischer Behandlung oder Krampfanf\u00e4llen in der Vorgeschichte ist der Rat eines medizinischen Fachpersonals einzuholen. Keine l\u00e4ngere Anwendung. Nicht empfohlen bei schwerer Niereninsuffizienz oder -erkrankung, Gallensteinen und Allergie gegen Nelken oder Perubalsam. Vor der Anwendung \u00e4rztlichen Rat einholen.<br \/>\nK\u00fchl und trocken lagern.        <\/p>\n","protected":false},"excerpt":{"rendered":"<p><b>THYREGUL: EXKLUSIVE FORMEL VON J.P. WILLEM<\/b><\/p>\n<p>Das Nahrungserg\u00e4nzungsmittel Thyr\u00e9gul tr\u00e4gt aufgrund seiner Zusammensetzung (Vitamine &amp; Mineralstoffe, einschlie\u00dflich Selen) zu einer normalen Schilddr\u00fcsenfunktion bei.<\/p>\n<p>Dose mit 150 pflanzlichen Kapseln \u00e0 371 mg<br \/>\nNettogewicht: 70 g<\/p>\n","protected":false},"featured_media":83705,"comment_status":"open","ping_status":"closed","template":"","meta":{"_et_pb_use_builder":"","_et_pb_old_content":"","_et_gb_content_width":""},"product_brand":[],"product_cat":[148,141,143],"product_tag":[],"class_list":{"0":"post-83704","1":"product","2":"type-product","3":"status-publish","4":"has-post-thumbnail","6":"product_cat-begleitung-fur-sportler","7":"product_cat-hormonelles-gleichgewicht","8":"product_cat-stoffwechselstorungen","10":"first","11":"instock","12":"shipping-taxable","13":"purchasable","14":"product-type-simple"},"yoast_head":"<!-- This site is optimized with the Yoast SEO plugin v27.3 - https:\/\/yoast.com\/product\/yoast-seo-wordpress\/ -->\n<title>Thyr\u00e9gul \u2013 Phyt-Inov\u00ae offiziell (entwickelt mit Jean-Pierre Willem\/Referent f\u00fcr Naturheilkunde) \u2013 Nat\u00fcrliches Produkt f\u00fcr die Schilddr\u00fcse \u2013 Nahrungserg\u00e4nzungsmittel f\u00fcr eine normale Schilddr\u00fcsenfunktion \u2013 Starkes Antioxidans \u2013 150 pflanzliche Kapseln | Phyt-inov.com<\/title>\n<meta name=\"description\" content=\"Phyt-Inov international\u00ae offiziell, f\u00fchrendes Schweizer Labor f\u00fcr nat\u00fcrliche Schilddr\u00fcsenprodukte (Thyregul), entwickelt mit Jean-Pierre Willem, und Bio-\/Natur-Nahrungserg\u00e4nzungsmittel, bietet sein offizielles Thyr\u00e9gul\/Phyt\u2019Inov an (150 pflanzliche Kapseln) \u2013 Thyr\u00e9gul, ein nat\u00fcrliches\/Bio-Produkt von Phyt Inov f\u00fcr die Schilddr\u00fcse (Nahrungserg\u00e4nzungsmittel\/starkes Antioxidans), erm\u00f6glicht eine normale Schilddr\u00fcsenfunktion und tr\u00e4gt zu einer normalen Funktion des Immunsystems bei \u2013 Thyregul sch\u00fctzt zudem die Zellen vor oxidativem Stress.\" \/>\n<meta name=\"robots\" content=\"index, follow, max-snippet:-1, max-image-preview:large, max-video-preview:-1\" \/>\n<link rel=\"canonical\" href=\"https:\/\/www.phyt-inov.com\/de\/produit\/thyregul-phyt-inov-offiziell-150-kapseln\/\" \/>\n<meta property=\"og:locale\" content=\"de_DE\" \/>\n<meta property=\"og:type\" content=\"article\" \/>\n<meta property=\"og:title\" content=\"Thyr\u00e9gul \u2013 Phyt-Inov\u00ae offiziell (entwickelt mit Jean-Pierre Willem\/Referent f\u00fcr Naturheilkunde) \u2013 Nat\u00fcrliches Produkt f\u00fcr die Schilddr\u00fcse \u2013 Nahrungserg\u00e4nzungsmittel f\u00fcr eine normale Schilddr\u00fcsenfunktion \u2013 Starkes Antioxidans \u2013 150 pflanzliche Kapseln | Phyt-inov.com\" \/>\n<meta property=\"og:description\" content=\"Phyt-Inov international\u00ae offiziell, f\u00fchrendes Schweizer Labor f\u00fcr nat\u00fcrliche Schilddr\u00fcsenprodukte (Thyregul), entwickelt mit Jean-Pierre Willem, und Bio-\/Natur-Nahrungserg\u00e4nzungsmittel, bietet sein offizielles Thyr\u00e9gul\/Phyt\u2019Inov an (150 pflanzliche Kapseln) \u2013 Thyr\u00e9gul, ein nat\u00fcrliches\/Bio-Produkt von Phyt Inov f\u00fcr die Schilddr\u00fcse (Nahrungserg\u00e4nzungsmittel\/starkes Antioxidans), erm\u00f6glicht eine normale Schilddr\u00fcsenfunktion und tr\u00e4gt zu einer normalen Funktion des Immunsystems bei \u2013 Thyregul sch\u00fctzt zudem die Zellen vor oxidativem Stress.\" \/>\n<meta property=\"og:url\" content=\"https:\/\/www.phyt-inov.com\/de\/produit\/thyregul-phyt-inov-offiziell-150-kapseln\/\" \/>\n<meta property=\"og:site_name\" content=\"Phyt-Inov\" \/>\n<meta property=\"article:publisher\" content=\"https:\/\/www.facebook.com\/phytinov\/\" \/>\n<meta property=\"article:modified_time\" content=\"2026-03-30T09:10:24+00:00\" \/>\n<meta property=\"og:image\" content=\"https:\/\/www.phyt-inov.com\/wp-content\/uploads\/2025\/09\/Thyregul-1.png\" \/>\n\t<meta property=\"og:image:width\" content=\"819\" \/>\n\t<meta property=\"og:image:height\" content=\"1024\" \/>\n\t<meta property=\"og:image:type\" content=\"image\/png\" \/>\n<meta name=\"twitter:card\" content=\"summary_large_image\" \/>\n<meta name=\"twitter:label1\" content=\"Gesch\u00e4tzte Lesezeit\" \/>\n\t<meta name=\"twitter:data1\" content=\"1\u00a0Minute\" \/>\n<script type=\"application\/ld+json\" class=\"yoast-schema-graph\">{\"@context\":\"https:\\\/\\\/schema.org\",\"@graph\":[{\"@type\":\"WebPage\",\"@id\":\"https:\\\/\\\/www.phyt-inov.com\\\/de\\\/produit\\\/thyregul-phyt-inov-offiziell-150-kapseln\\\/\",\"url\":\"https:\\\/\\\/www.phyt-inov.com\\\/de\\\/produit\\\/thyregul-phyt-inov-offiziell-150-kapseln\\\/\",\"name\":\"Thyr\u00e9gul \u2013 Phyt-Inov\u00ae offiziell (entwickelt mit Jean-Pierre Willem\\\/Referent f\u00fcr Naturheilkunde) \u2013 Nat\u00fcrliches Produkt f\u00fcr die Schilddr\u00fcse \u2013 Nahrungserg\u00e4nzungsmittel f\u00fcr eine normale Schilddr\u00fcsenfunktion \u2013 Starkes Antioxidans \u2013 150 pflanzliche Kapseln | Phyt-inov.com\",\"isPartOf\":{\"@id\":\"https:\\\/\\\/www.phyt-inov.com\\\/de\\\/#website\"},\"primaryImageOfPage\":{\"@id\":\"https:\\\/\\\/www.phyt-inov.com\\\/de\\\/produit\\\/thyregul-phyt-inov-offiziell-150-kapseln\\\/#primaryimage\"},\"image\":{\"@id\":\"https:\\\/\\\/www.phyt-inov.com\\\/de\\\/produit\\\/thyregul-phyt-inov-offiziell-150-kapseln\\\/#primaryimage\"},\"thumbnailUrl\":\"https:\\\/\\\/www.phyt-inov.com\\\/wp-content\\\/uploads\\\/2025\\\/09\\\/Thyregul-1.png\",\"datePublished\":\"2019-04-04T21:31:15+00:00\",\"dateModified\":\"2026-03-30T09:10:24+00:00\",\"description\":\"Phyt-Inov international\u00ae offiziell, f\u00fchrendes Schweizer Labor f\u00fcr nat\u00fcrliche Schilddr\u00fcsenprodukte (Thyregul), entwickelt mit Jean-Pierre Willem, und Bio-\\\/Natur-Nahrungserg\u00e4nzungsmittel, bietet sein offizielles Thyr\u00e9gul\\\/Phyt\u2019Inov an (150 pflanzliche Kapseln) \u2013 Thyr\u00e9gul, ein nat\u00fcrliches\\\/Bio-Produkt von Phyt Inov f\u00fcr die Schilddr\u00fcse (Nahrungserg\u00e4nzungsmittel\\\/starkes Antioxidans), erm\u00f6glicht eine normale Schilddr\u00fcsenfunktion und tr\u00e4gt zu einer normalen Funktion des Immunsystems bei \u2013 Thyregul sch\u00fctzt zudem die Zellen vor oxidativem Stress.\",\"breadcrumb\":{\"@id\":\"https:\\\/\\\/www.phyt-inov.com\\\/de\\\/produit\\\/thyregul-phyt-inov-offiziell-150-kapseln\\\/#breadcrumb\"},\"inLanguage\":\"de\",\"potentialAction\":[{\"@type\":\"ReadAction\",\"target\":[\"https:\\\/\\\/www.phyt-inov.com\\\/de\\\/produit\\\/thyregul-phyt-inov-offiziell-150-kapseln\\\/\"]}]},{\"@type\":\"ImageObject\",\"inLanguage\":\"de\",\"@id\":\"https:\\\/\\\/www.phyt-inov.com\\\/de\\\/produit\\\/thyregul-phyt-inov-offiziell-150-kapseln\\\/#primaryimage\",\"url\":\"https:\\\/\\\/www.phyt-inov.com\\\/wp-content\\\/uploads\\\/2025\\\/09\\\/Thyregul-1.png\",\"contentUrl\":\"https:\\\/\\\/www.phyt-inov.com\\\/wp-content\\\/uploads\\\/2025\\\/09\\\/Thyregul-1.png\",\"width\":6400,\"height\":8000,\"caption\":\"phyt-inov produkt thyregul\"},{\"@type\":\"BreadcrumbList\",\"@id\":\"https:\\\/\\\/www.phyt-inov.com\\\/de\\\/produit\\\/thyregul-phyt-inov-offiziell-150-kapseln\\\/#breadcrumb\",\"itemListElement\":[{\"@type\":\"ListItem\",\"position\":1,\"name\":\"Accueil\",\"item\":\"https:\\\/\\\/www.phyt-inov.com\\\/de\\\/startseite\\\/\"},{\"@type\":\"ListItem\",\"position\":2,\"name\":\"Shop\",\"item\":\"https:\\\/\\\/www.phyt-inov.com\\\/de\\\/shop\\\/\"},{\"@type\":\"ListItem\",\"position\":3,\"name\":\"Thyr\u00e9gul\\\/Phyt-Inov\u00ae offiziell \u2013 150 Kapseln\"}]},{\"@type\":\"WebSite\",\"@id\":\"https:\\\/\\\/www.phyt-inov.com\\\/de\\\/#website\",\"url\":\"https:\\\/\\\/www.phyt-inov.com\\\/de\\\/\",\"name\":\"Phyt-Inov International\",\"description\":\"L&#039;efficacit\u00e9 naturelle pour vos soins quotidiens\",\"publisher\":{\"@id\":\"https:\\\/\\\/www.phyt-inov.com\\\/de\\\/#organization\"},\"alternateName\":\"phyt-inov\",\"potentialAction\":[{\"@type\":\"SearchAction\",\"target\":{\"@type\":\"EntryPoint\",\"urlTemplate\":\"https:\\\/\\\/www.phyt-inov.com\\\/de\\\/?s={search_term_string}\"},\"query-input\":{\"@type\":\"PropertyValueSpecification\",\"valueRequired\":true,\"valueName\":\"search_term_string\"}}],\"inLanguage\":\"de\"},{\"@type\":\"Organization\",\"@id\":\"https:\\\/\\\/www.phyt-inov.com\\\/de\\\/#organization\",\"name\":\"Phyt-Inov\",\"alternateName\":\"Phyt-Inov\",\"url\":\"https:\\\/\\\/www.phyt-inov.com\\\/de\\\/\",\"logo\":{\"@type\":\"ImageObject\",\"inLanguage\":\"de\",\"@id\":\"https:\\\/\\\/www.phyt-inov.com\\\/de\\\/#\\\/schema\\\/logo\\\/image\\\/\",\"url\":\"https:\\\/\\\/www.phyt-inov.com\\\/wp-content\\\/uploads\\\/2025\\\/09\\\/Logo-site-phyt-inov4_Plan-de-travail-1-2048x760-1.png\",\"contentUrl\":\"https:\\\/\\\/www.phyt-inov.com\\\/wp-content\\\/uploads\\\/2025\\\/09\\\/Logo-site-phyt-inov4_Plan-de-travail-1-2048x760-1.png\",\"width\":2048,\"height\":760,\"caption\":\"Phyt-Inov\"},\"image\":{\"@id\":\"https:\\\/\\\/www.phyt-inov.com\\\/de\\\/#\\\/schema\\\/logo\\\/image\\\/\"},\"sameAs\":[\"https:\\\/\\\/www.facebook.com\\\/phytinov\\\/\",\"https:\\\/\\\/www.youtube.com\\\/channel\\\/UCE05sYsSXuuKbLqs4Au3e4Q\",\"https:\\\/\\\/www.instagram.com\\\/phytinov\\\/\"]}]}<\/script>\n<!-- \/ Yoast SEO plugin. -->","yoast_head_json":{"title":"Thyr\u00e9gul \u2013 Phyt-Inov\u00ae offiziell (entwickelt mit Jean-Pierre Willem\/Referent f\u00fcr Naturheilkunde) \u2013 Nat\u00fcrliches Produkt f\u00fcr die Schilddr\u00fcse \u2013 Nahrungserg\u00e4nzungsmittel f\u00fcr eine normale Schilddr\u00fcsenfunktion \u2013 Starkes Antioxidans \u2013 150 pflanzliche Kapseln | Phyt-inov.com","description":"Phyt-Inov international\u00ae offiziell, f\u00fchrendes Schweizer Labor f\u00fcr nat\u00fcrliche Schilddr\u00fcsenprodukte (Thyregul), entwickelt mit Jean-Pierre Willem, und Bio-\/Natur-Nahrungserg\u00e4nzungsmittel, bietet sein offizielles Thyr\u00e9gul\/Phyt\u2019Inov an (150 pflanzliche Kapseln) \u2013 Thyr\u00e9gul, ein nat\u00fcrliches\/Bio-Produkt von Phyt Inov f\u00fcr die Schilddr\u00fcse (Nahrungserg\u00e4nzungsmittel\/starkes Antioxidans), erm\u00f6glicht eine normale Schilddr\u00fcsenfunktion und tr\u00e4gt zu einer normalen Funktion des Immunsystems bei \u2013 Thyregul sch\u00fctzt zudem die Zellen vor oxidativem Stress.","robots":{"index":"index","follow":"follow","max-snippet":"max-snippet:-1","max-image-preview":"max-image-preview:large","max-video-preview":"max-video-preview:-1"},"canonical":"https:\/\/www.phyt-inov.com\/de\/produit\/thyregul-phyt-inov-offiziell-150-kapseln\/","og_locale":"de_DE","og_type":"article","og_title":"Thyr\u00e9gul \u2013 Phyt-Inov\u00ae offiziell (entwickelt mit Jean-Pierre Willem\/Referent f\u00fcr Naturheilkunde) \u2013 Nat\u00fcrliches Produkt f\u00fcr die Schilddr\u00fcse \u2013 Nahrungserg\u00e4nzungsmittel f\u00fcr eine normale Schilddr\u00fcsenfunktion \u2013 Starkes Antioxidans \u2013 150 pflanzliche Kapseln | Phyt-inov.com","og_description":"Phyt-Inov international\u00ae offiziell, f\u00fchrendes Schweizer Labor f\u00fcr nat\u00fcrliche Schilddr\u00fcsenprodukte (Thyregul), entwickelt mit Jean-Pierre Willem, und Bio-\/Natur-Nahrungserg\u00e4nzungsmittel, bietet sein offizielles Thyr\u00e9gul\/Phyt\u2019Inov an (150 pflanzliche Kapseln) \u2013 Thyr\u00e9gul, ein nat\u00fcrliches\/Bio-Produkt von Phyt Inov f\u00fcr die Schilddr\u00fcse (Nahrungserg\u00e4nzungsmittel\/starkes Antioxidans), erm\u00f6glicht eine normale Schilddr\u00fcsenfunktion und tr\u00e4gt zu einer normalen Funktion des Immunsystems bei \u2013 Thyregul sch\u00fctzt zudem die Zellen vor oxidativem Stress.","og_url":"https:\/\/www.phyt-inov.com\/de\/produit\/thyregul-phyt-inov-offiziell-150-kapseln\/","og_site_name":"Phyt-Inov","article_publisher":"https:\/\/www.facebook.com\/phytinov\/","article_modified_time":"2026-03-30T09:10:24+00:00","og_image":[{"url":"https:\/\/www.phyt-inov.com\/wp-content\/uploads\/2025\/09\/Thyregul-1.png","width":819,"height":1024,"type":"image\/png"}],"twitter_card":"summary_large_image","twitter_misc":{"Gesch\u00e4tzte Lesezeit":"1\u00a0Minute"},"schema":{"@context":"https:\/\/schema.org","@graph":[{"@type":"WebPage","@id":"https:\/\/www.phyt-inov.com\/de\/produit\/thyregul-phyt-inov-offiziell-150-kapseln\/","url":"https:\/\/www.phyt-inov.com\/de\/produit\/thyregul-phyt-inov-offiziell-150-kapseln\/","name":"Thyr\u00e9gul \u2013 Phyt-Inov\u00ae offiziell (entwickelt mit Jean-Pierre Willem\/Referent f\u00fcr Naturheilkunde) \u2013 Nat\u00fcrliches Produkt f\u00fcr die Schilddr\u00fcse \u2013 Nahrungserg\u00e4nzungsmittel f\u00fcr eine normale Schilddr\u00fcsenfunktion \u2013 Starkes Antioxidans \u2013 150 pflanzliche Kapseln | Phyt-inov.com","isPartOf":{"@id":"https:\/\/www.phyt-inov.com\/de\/#website"},"primaryImageOfPage":{"@id":"https:\/\/www.phyt-inov.com\/de\/produit\/thyregul-phyt-inov-offiziell-150-kapseln\/#primaryimage"},"image":{"@id":"https:\/\/www.phyt-inov.com\/de\/produit\/thyregul-phyt-inov-offiziell-150-kapseln\/#primaryimage"},"thumbnailUrl":"https:\/\/www.phyt-inov.com\/wp-content\/uploads\/2025\/09\/Thyregul-1.png","datePublished":"2019-04-04T21:31:15+00:00","dateModified":"2026-03-30T09:10:24+00:00","description":"Phyt-Inov international\u00ae offiziell, f\u00fchrendes Schweizer Labor f\u00fcr nat\u00fcrliche Schilddr\u00fcsenprodukte (Thyregul), entwickelt mit Jean-Pierre Willem, und Bio-\/Natur-Nahrungserg\u00e4nzungsmittel, bietet sein offizielles Thyr\u00e9gul\/Phyt\u2019Inov an (150 pflanzliche Kapseln) \u2013 Thyr\u00e9gul, ein nat\u00fcrliches\/Bio-Produkt von Phyt Inov f\u00fcr die Schilddr\u00fcse (Nahrungserg\u00e4nzungsmittel\/starkes Antioxidans), erm\u00f6glicht eine normale Schilddr\u00fcsenfunktion und tr\u00e4gt zu einer normalen Funktion des Immunsystems bei \u2013 Thyregul sch\u00fctzt zudem die Zellen vor oxidativem Stress.","breadcrumb":{"@id":"https:\/\/www.phyt-inov.com\/de\/produit\/thyregul-phyt-inov-offiziell-150-kapseln\/#breadcrumb"},"inLanguage":"de","potentialAction":[{"@type":"ReadAction","target":["https:\/\/www.phyt-inov.com\/de\/produit\/thyregul-phyt-inov-offiziell-150-kapseln\/"]}]},{"@type":"ImageObject","inLanguage":"de","@id":"https:\/\/www.phyt-inov.com\/de\/produit\/thyregul-phyt-inov-offiziell-150-kapseln\/#primaryimage","url":"https:\/\/www.phyt-inov.com\/wp-content\/uploads\/2025\/09\/Thyregul-1.png","contentUrl":"https:\/\/www.phyt-inov.com\/wp-content\/uploads\/2025\/09\/Thyregul-1.png","width":6400,"height":8000,"caption":"phyt-inov produkt thyregul"},{"@type":"BreadcrumbList","@id":"https:\/\/www.phyt-inov.com\/de\/produit\/thyregul-phyt-inov-offiziell-150-kapseln\/#breadcrumb","itemListElement":[{"@type":"ListItem","position":1,"name":"Accueil","item":"https:\/\/www.phyt-inov.com\/de\/startseite\/"},{"@type":"ListItem","position":2,"name":"Shop","item":"https:\/\/www.phyt-inov.com\/de\/shop\/"},{"@type":"ListItem","position":3,"name":"Thyr\u00e9gul\/Phyt-Inov\u00ae offiziell \u2013 150 Kapseln"}]},{"@type":"WebSite","@id":"https:\/\/www.phyt-inov.com\/de\/#website","url":"https:\/\/www.phyt-inov.com\/de\/","name":"Phyt-Inov International","description":"L&#039;efficacit\u00e9 naturelle pour vos soins quotidiens","publisher":{"@id":"https:\/\/www.phyt-inov.com\/de\/#organization"},"alternateName":"phyt-inov","potentialAction":[{"@type":"SearchAction","target":{"@type":"EntryPoint","urlTemplate":"https:\/\/www.phyt-inov.com\/de\/?s={search_term_string}"},"query-input":{"@type":"PropertyValueSpecification","valueRequired":true,"valueName":"search_term_string"}}],"inLanguage":"de"},{"@type":"Organization","@id":"https:\/\/www.phyt-inov.com\/de\/#organization","name":"Phyt-Inov","alternateName":"Phyt-Inov","url":"https:\/\/www.phyt-inov.com\/de\/","logo":{"@type":"ImageObject","inLanguage":"de","@id":"https:\/\/www.phyt-inov.com\/de\/#\/schema\/logo\/image\/","url":"https:\/\/www.phyt-inov.com\/wp-content\/uploads\/2025\/09\/Logo-site-phyt-inov4_Plan-de-travail-1-2048x760-1.png","contentUrl":"https:\/\/www.phyt-inov.com\/wp-content\/uploads\/2025\/09\/Logo-site-phyt-inov4_Plan-de-travail-1-2048x760-1.png","width":2048,"height":760,"caption":"Phyt-Inov"},"image":{"@id":"https:\/\/www.phyt-inov.com\/de\/#\/schema\/logo\/image\/"},"sameAs":["https:\/\/www.facebook.com\/phytinov\/","https:\/\/www.youtube.com\/channel\/UCE05sYsSXuuKbLqs4Au3e4Q","https:\/\/www.instagram.com\/phytinov\/"]}]}},"jetpack_sharing_enabled":true,"_links":{"self":[{"href":"https:\/\/www.phyt-inov.com\/de\/wp-json\/wp\/v2\/product\/83704","targetHints":{"allow":["GET"]}}],"collection":[{"href":"https:\/\/www.phyt-inov.com\/de\/wp-json\/wp\/v2\/product"}],"about":[{"href":"https:\/\/www.phyt-inov.com\/de\/wp-json\/wp\/v2\/types\/product"}],"replies":[{"embeddable":true,"href":"https:\/\/www.phyt-inov.com\/de\/wp-json\/wp\/v2\/comments?post=83704"}],"wp:featuredmedia":[{"embeddable":true,"href":"https:\/\/www.phyt-inov.com\/de\/wp-json\/wp\/v2\/media\/83705"}],"wp:attachment":[{"href":"https:\/\/www.phyt-inov.com\/de\/wp-json\/wp\/v2\/media?parent=83704"}],"wp:term":[{"taxonomy":"product_brand","embeddable":true,"href":"https:\/\/www.phyt-inov.com\/de\/wp-json\/wp\/v2\/product_brand?post=83704"},{"taxonomy":"product_cat","embeddable":true,"href":"https:\/\/www.phyt-inov.com\/de\/wp-json\/wp\/v2\/product_cat?post=83704"},{"taxonomy":"product_tag","embeddable":true,"href":"https:\/\/www.phyt-inov.com\/de\/wp-json\/wp\/v2\/product_tag?post=83704"}],"curies":[{"name":"wp","href":"https:\/\/api.w.org\/{rel}","templated":true}]}}