{"id":83698,"date":"2019-04-04T21:31:16","date_gmt":"2019-04-04T21:31:16","guid":{"rendered":"https:\/\/www.phyt-inov.com\/produit\/floraserum-a\/"},"modified":"2026-03-30T09:10:05","modified_gmt":"2026-03-30T09:10:05","slug":"floraserum-a","status":"publish","type":"product","link":"https:\/\/www.phyt-inov.com\/de\/produit\/floraserum-a\/","title":{"rendered":"Floras\u00e9rum A"},"content":{"rendered":"<p><b>Biomaxi \u2013 f\u00fcr einen maximalen Bio-Anteil der gesamten Inhaltsstoffe.<\/b><\/p>\n<h4 class=\"\" data-start=\"795\" data-end=\"824\">Eine 100 % aktive Formel<\/h4>\n<ul data-start=\"826\" data-end=\"1258\">\n<li class=\"\" data-start=\"826\" data-end=\"1041\">\n<p class=\"\" data-start=\"828\" data-end=\"1041\"><strong data-start=\"828\" data-end=\"856\">5 feine Pflanzen\u00f6le<\/strong> (Jojoba, Haselnuss, S\u00fc\u00dfmandel, Wildrose, Aprikosenkern), ausgew\u00e4hlt f\u00fcr ihr schnelles Einziehen, ihr nicht fettendes Gef\u00fchl und ihre weichmachenden, beruhigenden und Anti-Aging-Eigenschaften.<\/p>\n<\/li>\n<li class=\"\" data-start=\"1042\" data-end=\"1258\">\n<p class=\"\" data-start=\"1044\" data-end=\"1137\"><strong data-start=\"1044\" data-end=\"1085\">8 erg\u00e4nzende \u00e4therische \u00d6le<\/strong> zur Regulierung, Reinigung, Gl\u00e4ttung und Regeneration der Haut:<\/p>\n<ul data-start=\"1140\" data-end=\"1258\">\n<li class=\"\" data-start=\"1140\" data-end=\"1258\">\n<p class=\"\" data-start=\"1142\" data-end=\"1258\">Petitgrain, Palmarosa, Bourbon-Geranie, Muskatellersalbei, Karotte, Sandelholz, Speik-Lavendel, Rosmarin.<\/p>\n<\/li>\n<\/ul>\n<\/li>\n<\/ul>\n<h4 class=\"\" data-start=\"1260\" data-end=\"1310\">Ein ma\u00dfgeschneidertes \u00d6l f\u00fcr jeden Hauttyp<\/h4>\n<ul data-start=\"1312\" data-end=\"1574\">\n<li class=\"\" data-start=\"1312\" data-end=\"1418\">\n<p class=\"\" data-start=\"1314\" data-end=\"1418\">Bei <strong data-start=\"1323\" data-end=\"1359\">fettiger oder unreiner Haut<\/strong> reinigt es, reguliert den Talg und f\u00f6rdert ein klares Hautbild.<\/p>\n<\/li>\n<li class=\"\" data-start=\"1419\" data-end=\"1574\">\n<p class=\"\" data-start=\"1421\" data-end=\"1574\">Bei <strong data-start=\"1430\" data-end=\"1457\">trockener oder reifer Haut<\/strong> wird es als reichhaltiges Serum vor der Tagescreme aufgetragen, um Feuchtigkeit und Elastizit\u00e4t zu st\u00e4rken.<\/p>\n<\/li>\n<\/ul>\n<h4 class=\"\" data-start=\"1576\" data-end=\"1603\">Anwendungshinweise<\/h4>\n<p class=\"\" data-start=\"1605\" data-end=\"1870\">Tragen Sie morgens und\/oder abends <strong data-start=\"1615\" data-end=\"1635\">einige Tropfen<\/strong> auf die gereinigte Haut von Gesicht, Hals oder gezielten Zonen auf. Sanft einmassieren, bis es eingezogen ist. Es kann je nach Hautbed\u00fcrfnis <strong data-start=\"1772\" data-end=\"1780\">allein<\/strong> oder als <strong data-start=\"1791\" data-end=\"1807\">Pflegebasis<\/strong> vor dem Auftragen einer Creme verwendet werden.  <\/p>\n<p class=\"\" data-start=\"1872\" data-end=\"2019\">Floras\u00e9rum A ist eine echte Universalpflege f\u00fcr jede Routine \u2013 f\u00fcr eine sichtbar sch\u00f6nere, ges\u00fcndere und strahlendere Haut.<\/p>\n<p><b>30-ml-Glasflakon<\/b>.<br \/>\nOhne Konservierungsstoffe, selbst solche, die f\u00fcr Bio-Produkte zugelassen sind.<br \/>\n<b>100 %<\/b> der gesamten Inhaltsstoffe sind nat\u00fcrlich oder nat\u00fcrlichen Ursprungs.<br \/>\n<b>100 %<\/b> der gesamten Inhaltsstoffe sind bio-zertifiziert.<\/p>\n","protected":false},"excerpt":{"rendered":"<p><b>Beruhigendes \u00d6l f\u00fcr alle Hauttypen<\/b><\/p>\n<p class=\"\" data-start=\"199\" data-end=\"506\"><strong data-start=\"199\" data-end=\"215\">Floras\u00e9rum A<\/strong> ist ein kostbares Konzentrat aus rein pflanzlichen und \u00e4therischen \u00d6len, entwickelt, um alle Hauttypen \u2013 selbst empfindlichste oder strapazierte Haut \u2013 zu <strong data-start=\"312\" data-end=\"345\">reparieren, zu beruhigen und zu regenerieren<\/strong>. Es ist eine vielseitige, tiefenn\u00e4hrende Pflege, ideal f\u00fcr die t\u00e4gliche Anwendung. <\/p>\n<p class=\"\" data-start=\"508\" data-end=\"793\">Es wird bei <strong data-start=\"530\" data-end=\"595\">R\u00f6tungen, Irritationen, Narben, Dehnungsstreifen, Falten oder Unreinheiten<\/strong> sowie auf empfindlichen Zonen wie <strong data-start=\"641\" data-end=\"690\">Augenpartie, Lippen oder Dekollet\u00e9<\/strong> angewendet. Es macht die Haut <strong data-start=\"710\" data-end=\"738\">geschmeidig, weich und strahlend<\/strong> \u2013 mit sichtbarer Wirkung ab der ersten Anwendung. <\/p>\n","protected":false},"featured_media":83699,"comment_status":"open","ping_status":"closed","template":"","meta":{"_et_pb_use_builder":"","_et_pb_old_content":"","_et_gb_content_width":""},"product_brand":[],"product_cat":[154,144],"product_tag":[],"class_list":{"0":"post-83698","1":"product","2":"type-product","3":"status-publish","4":"has-post-thumbnail","6":"product_cat-bio-kosmetik","7":"product_cat-hygiene-schonheit-und-hautpflege","9":"first","10":"instock","11":"shipping-taxable","12":"purchasable","13":"product-type-simple"},"yoast_head":"<!-- This site is optimized with the Yoast SEO plugin v27.3 - https:\/\/yoast.com\/product\/yoast-seo-wordpress\/ -->\n<title>Floras\u00e9rum A - Flora d&#039;Essarts - Phyt-Inov\u00ae offiziell - biologische Trocken\u00f6le f\u00fcr die Gesichtspflege - beruhigendes \u00d6l f\u00fcr alle Hauttypen - 30 ml 100 % nat\u00fcrlich und 100 % biologisch | Phyt-inov.com<\/title>\n<meta name=\"description\" content=\"Phyt-Inov international\u00ae offiziell, das f\u00fchrende Schweizer Labor f\u00fcr nat\u00fcrliche und biologische Pflege und Kosmetik f\u00fcr die Gesundheit und Sch\u00f6nheit der Haut, pr\u00e4sentiert Floras\u00e9rum A Flora d&#039;Essarts (30 ml, ohne Konservierungsstoffe oder PEG). Floras\u00e9rum A Flora d&#039;Essarts ist ein Natur-\/Bio-Produkt von Phyt-Inov zur Bewahrung der Sch\u00f6nheit der Gesichtshaut (Jojoba\u00f6l\/S\u00fc\u00dfmandel\/Haselnuss\/Wildrose\/Geranie). Als Komplex aus Trocken\u00f6len und \u00e4therischen \u00d6len bek\u00e4mpft Floras\u00e9rum A sichtbar die Hautalterung und f\u00f6rdert ein ausgeglichenes Hautbild.\" \/>\n<meta name=\"robots\" content=\"index, follow, max-snippet:-1, max-image-preview:large, max-video-preview:-1\" \/>\n<link rel=\"canonical\" href=\"https:\/\/www.phyt-inov.com\/de\/produit\/floraserum-a\/\" \/>\n<meta property=\"og:locale\" content=\"de_DE\" \/>\n<meta property=\"og:type\" content=\"article\" \/>\n<meta property=\"og:title\" content=\"Floras\u00e9rum A - Flora d&#039;Essarts - Phyt-Inov\u00ae offiziell - biologische Trocken\u00f6le f\u00fcr die Gesichtspflege - beruhigendes \u00d6l f\u00fcr alle Hauttypen - 30 ml 100 % nat\u00fcrlich und 100 % biologisch | Phyt-inov.com\" \/>\n<meta property=\"og:description\" content=\"Phyt-Inov international\u00ae offiziell, das f\u00fchrende Schweizer Labor f\u00fcr nat\u00fcrliche und biologische Pflege und Kosmetik f\u00fcr die Gesundheit und Sch\u00f6nheit der Haut, pr\u00e4sentiert Floras\u00e9rum A Flora d&#039;Essarts (30 ml, ohne Konservierungsstoffe oder PEG). Floras\u00e9rum A Flora d&#039;Essarts ist ein Natur-\/Bio-Produkt von Phyt-Inov zur Bewahrung der Sch\u00f6nheit der Gesichtshaut (Jojoba\u00f6l\/S\u00fc\u00dfmandel\/Haselnuss\/Wildrose\/Geranie). Als Komplex aus Trocken\u00f6len und \u00e4therischen \u00d6len bek\u00e4mpft Floras\u00e9rum A sichtbar die Hautalterung und f\u00f6rdert ein ausgeglichenes Hautbild.\" \/>\n<meta property=\"og:url\" content=\"https:\/\/www.phyt-inov.com\/de\/produit\/floraserum-a\/\" \/>\n<meta property=\"og:site_name\" content=\"Phyt-Inov\" \/>\n<meta property=\"article:publisher\" content=\"https:\/\/www.facebook.com\/phytinov\/\" \/>\n<meta property=\"article:modified_time\" content=\"2026-03-30T09:10:05+00:00\" \/>\n<meta property=\"og:image\" content=\"https:\/\/www.phyt-inov.com\/wp-content\/uploads\/2025\/09\/Floraserum-A-Visage-pour-site-bas-1.jpg\" \/>\n\t<meta property=\"og:image:width\" content=\"1205\" \/>\n\t<meta property=\"og:image:height\" content=\"1594\" \/>\n\t<meta property=\"og:image:type\" content=\"image\/jpeg\" \/>\n<meta name=\"twitter:card\" content=\"summary_large_image\" \/>\n<meta name=\"twitter:label1\" content=\"Gesch\u00e4tzte Lesezeit\" \/>\n\t<meta name=\"twitter:data1\" content=\"1\u00a0Minute\" \/>\n<script type=\"application\/ld+json\" class=\"yoast-schema-graph\">{\"@context\":\"https:\\\/\\\/schema.org\",\"@graph\":[{\"@type\":\"WebPage\",\"@id\":\"https:\\\/\\\/www.phyt-inov.com\\\/de\\\/produit\\\/floraserum-a\\\/\",\"url\":\"https:\\\/\\\/www.phyt-inov.com\\\/de\\\/produit\\\/floraserum-a\\\/\",\"name\":\"Floras\u00e9rum A - Flora d'Essarts - Phyt-Inov\u00ae offiziell - biologische Trocken\u00f6le f\u00fcr die Gesichtspflege - beruhigendes \u00d6l f\u00fcr alle Hauttypen - 30 ml 100 % nat\u00fcrlich und 100 % biologisch | Phyt-inov.com\",\"isPartOf\":{\"@id\":\"https:\\\/\\\/www.phyt-inov.com\\\/de\\\/#website\"},\"primaryImageOfPage\":{\"@id\":\"https:\\\/\\\/www.phyt-inov.com\\\/de\\\/produit\\\/floraserum-a\\\/#primaryimage\"},\"image\":{\"@id\":\"https:\\\/\\\/www.phyt-inov.com\\\/de\\\/produit\\\/floraserum-a\\\/#primaryimage\"},\"thumbnailUrl\":\"https:\\\/\\\/www.phyt-inov.com\\\/wp-content\\\/uploads\\\/2025\\\/09\\\/Floraserum-A-Visage-pour-site-bas-1.jpg\",\"datePublished\":\"2019-04-04T21:31:16+00:00\",\"dateModified\":\"2026-03-30T09:10:05+00:00\",\"description\":\"Phyt-Inov international\u00ae offiziell, das f\u00fchrende Schweizer Labor f\u00fcr nat\u00fcrliche und biologische Pflege und Kosmetik f\u00fcr die Gesundheit und Sch\u00f6nheit der Haut, pr\u00e4sentiert Floras\u00e9rum A Flora d'Essarts (30 ml, ohne Konservierungsstoffe oder PEG). Floras\u00e9rum A Flora d'Essarts ist ein Natur-\\\/Bio-Produkt von Phyt-Inov zur Bewahrung der Sch\u00f6nheit der Gesichtshaut (Jojoba\u00f6l\\\/S\u00fc\u00dfmandel\\\/Haselnuss\\\/Wildrose\\\/Geranie). Als Komplex aus Trocken\u00f6len und \u00e4therischen \u00d6len bek\u00e4mpft Floras\u00e9rum A sichtbar die Hautalterung und f\u00f6rdert ein ausgeglichenes Hautbild.\",\"breadcrumb\":{\"@id\":\"https:\\\/\\\/www.phyt-inov.com\\\/de\\\/produit\\\/floraserum-a\\\/#breadcrumb\"},\"inLanguage\":\"de\",\"potentialAction\":[{\"@type\":\"ReadAction\",\"target\":[\"https:\\\/\\\/www.phyt-inov.com\\\/de\\\/produit\\\/floraserum-a\\\/\"]}]},{\"@type\":\"ImageObject\",\"inLanguage\":\"de\",\"@id\":\"https:\\\/\\\/www.phyt-inov.com\\\/de\\\/produit\\\/floraserum-a\\\/#primaryimage\",\"url\":\"https:\\\/\\\/www.phyt-inov.com\\\/wp-content\\\/uploads\\\/2025\\\/09\\\/Floraserum-A-Visage-pour-site-bas-1.jpg\",\"contentUrl\":\"https:\\\/\\\/www.phyt-inov.com\\\/wp-content\\\/uploads\\\/2025\\\/09\\\/Floraserum-A-Visage-pour-site-bas-1.jpg\",\"width\":1205,\"height\":1594,\"caption\":\"flora d'essarts floras\u00e9rum a\"},{\"@type\":\"BreadcrumbList\",\"@id\":\"https:\\\/\\\/www.phyt-inov.com\\\/de\\\/produit\\\/floraserum-a\\\/#breadcrumb\",\"itemListElement\":[{\"@type\":\"ListItem\",\"position\":1,\"name\":\"Accueil\",\"item\":\"https:\\\/\\\/www.phyt-inov.com\\\/de\\\/startseite\\\/\"},{\"@type\":\"ListItem\",\"position\":2,\"name\":\"Shop\",\"item\":\"https:\\\/\\\/www.phyt-inov.com\\\/de\\\/shop\\\/\"},{\"@type\":\"ListItem\",\"position\":3,\"name\":\"Floras\u00e9rum A\"}]},{\"@type\":\"WebSite\",\"@id\":\"https:\\\/\\\/www.phyt-inov.com\\\/de\\\/#website\",\"url\":\"https:\\\/\\\/www.phyt-inov.com\\\/de\\\/\",\"name\":\"Phyt-Inov International\",\"description\":\"L&#039;efficacit\u00e9 naturelle pour vos soins quotidiens\",\"publisher\":{\"@id\":\"https:\\\/\\\/www.phyt-inov.com\\\/de\\\/#organization\"},\"alternateName\":\"phyt-inov\",\"potentialAction\":[{\"@type\":\"SearchAction\",\"target\":{\"@type\":\"EntryPoint\",\"urlTemplate\":\"https:\\\/\\\/www.phyt-inov.com\\\/de\\\/?s={search_term_string}\"},\"query-input\":{\"@type\":\"PropertyValueSpecification\",\"valueRequired\":true,\"valueName\":\"search_term_string\"}}],\"inLanguage\":\"de\"},{\"@type\":\"Organization\",\"@id\":\"https:\\\/\\\/www.phyt-inov.com\\\/de\\\/#organization\",\"name\":\"Phyt-Inov\",\"alternateName\":\"Phyt-Inov\",\"url\":\"https:\\\/\\\/www.phyt-inov.com\\\/de\\\/\",\"logo\":{\"@type\":\"ImageObject\",\"inLanguage\":\"de\",\"@id\":\"https:\\\/\\\/www.phyt-inov.com\\\/de\\\/#\\\/schema\\\/logo\\\/image\\\/\",\"url\":\"https:\\\/\\\/www.phyt-inov.com\\\/wp-content\\\/uploads\\\/2025\\\/09\\\/Logo-site-phyt-inov4_Plan-de-travail-1-2048x760-1.png\",\"contentUrl\":\"https:\\\/\\\/www.phyt-inov.com\\\/wp-content\\\/uploads\\\/2025\\\/09\\\/Logo-site-phyt-inov4_Plan-de-travail-1-2048x760-1.png\",\"width\":2048,\"height\":760,\"caption\":\"Phyt-Inov\"},\"image\":{\"@id\":\"https:\\\/\\\/www.phyt-inov.com\\\/de\\\/#\\\/schema\\\/logo\\\/image\\\/\"},\"sameAs\":[\"https:\\\/\\\/www.facebook.com\\\/phytinov\\\/\",\"https:\\\/\\\/www.youtube.com\\\/channel\\\/UCE05sYsSXuuKbLqs4Au3e4Q\",\"https:\\\/\\\/www.instagram.com\\\/phytinov\\\/\"]}]}<\/script>\n<!-- \/ Yoast SEO plugin. -->","yoast_head_json":{"title":"Floras\u00e9rum A - Flora d'Essarts - Phyt-Inov\u00ae offiziell - biologische Trocken\u00f6le f\u00fcr die Gesichtspflege - beruhigendes \u00d6l f\u00fcr alle Hauttypen - 30 ml 100 % nat\u00fcrlich und 100 % biologisch | Phyt-inov.com","description":"Phyt-Inov international\u00ae offiziell, das f\u00fchrende Schweizer Labor f\u00fcr nat\u00fcrliche und biologische Pflege und Kosmetik f\u00fcr die Gesundheit und Sch\u00f6nheit der Haut, pr\u00e4sentiert Floras\u00e9rum A Flora d'Essarts (30 ml, ohne Konservierungsstoffe oder PEG). Floras\u00e9rum A Flora d'Essarts ist ein Natur-\/Bio-Produkt von Phyt-Inov zur Bewahrung der Sch\u00f6nheit der Gesichtshaut (Jojoba\u00f6l\/S\u00fc\u00dfmandel\/Haselnuss\/Wildrose\/Geranie). Als Komplex aus Trocken\u00f6len und \u00e4therischen \u00d6len bek\u00e4mpft Floras\u00e9rum A sichtbar die Hautalterung und f\u00f6rdert ein ausgeglichenes Hautbild.","robots":{"index":"index","follow":"follow","max-snippet":"max-snippet:-1","max-image-preview":"max-image-preview:large","max-video-preview":"max-video-preview:-1"},"canonical":"https:\/\/www.phyt-inov.com\/de\/produit\/floraserum-a\/","og_locale":"de_DE","og_type":"article","og_title":"Floras\u00e9rum A - Flora d'Essarts - Phyt-Inov\u00ae offiziell - biologische Trocken\u00f6le f\u00fcr die Gesichtspflege - beruhigendes \u00d6l f\u00fcr alle Hauttypen - 30 ml 100 % nat\u00fcrlich und 100 % biologisch | Phyt-inov.com","og_description":"Phyt-Inov international\u00ae offiziell, das f\u00fchrende Schweizer Labor f\u00fcr nat\u00fcrliche und biologische Pflege und Kosmetik f\u00fcr die Gesundheit und Sch\u00f6nheit der Haut, pr\u00e4sentiert Floras\u00e9rum A Flora d'Essarts (30 ml, ohne Konservierungsstoffe oder PEG). Floras\u00e9rum A Flora d'Essarts ist ein Natur-\/Bio-Produkt von Phyt-Inov zur Bewahrung der Sch\u00f6nheit der Gesichtshaut (Jojoba\u00f6l\/S\u00fc\u00dfmandel\/Haselnuss\/Wildrose\/Geranie). Als Komplex aus Trocken\u00f6len und \u00e4therischen \u00d6len bek\u00e4mpft Floras\u00e9rum A sichtbar die Hautalterung und f\u00f6rdert ein ausgeglichenes Hautbild.","og_url":"https:\/\/www.phyt-inov.com\/de\/produit\/floraserum-a\/","og_site_name":"Phyt-Inov","article_publisher":"https:\/\/www.facebook.com\/phytinov\/","article_modified_time":"2026-03-30T09:10:05+00:00","og_image":[{"width":1205,"height":1594,"url":"https:\/\/www.phyt-inov.com\/wp-content\/uploads\/2025\/09\/Floraserum-A-Visage-pour-site-bas-1.jpg","type":"image\/jpeg"}],"twitter_card":"summary_large_image","twitter_misc":{"Gesch\u00e4tzte Lesezeit":"1\u00a0Minute"},"schema":{"@context":"https:\/\/schema.org","@graph":[{"@type":"WebPage","@id":"https:\/\/www.phyt-inov.com\/de\/produit\/floraserum-a\/","url":"https:\/\/www.phyt-inov.com\/de\/produit\/floraserum-a\/","name":"Floras\u00e9rum A - Flora d'Essarts - Phyt-Inov\u00ae offiziell - biologische Trocken\u00f6le f\u00fcr die Gesichtspflege - beruhigendes \u00d6l f\u00fcr alle Hauttypen - 30 ml 100 % nat\u00fcrlich und 100 % biologisch | Phyt-inov.com","isPartOf":{"@id":"https:\/\/www.phyt-inov.com\/de\/#website"},"primaryImageOfPage":{"@id":"https:\/\/www.phyt-inov.com\/de\/produit\/floraserum-a\/#primaryimage"},"image":{"@id":"https:\/\/www.phyt-inov.com\/de\/produit\/floraserum-a\/#primaryimage"},"thumbnailUrl":"https:\/\/www.phyt-inov.com\/wp-content\/uploads\/2025\/09\/Floraserum-A-Visage-pour-site-bas-1.jpg","datePublished":"2019-04-04T21:31:16+00:00","dateModified":"2026-03-30T09:10:05+00:00","description":"Phyt-Inov international\u00ae offiziell, das f\u00fchrende Schweizer Labor f\u00fcr nat\u00fcrliche und biologische Pflege und Kosmetik f\u00fcr die Gesundheit und Sch\u00f6nheit der Haut, pr\u00e4sentiert Floras\u00e9rum A Flora d'Essarts (30 ml, ohne Konservierungsstoffe oder PEG). Floras\u00e9rum A Flora d'Essarts ist ein Natur-\/Bio-Produkt von Phyt-Inov zur Bewahrung der Sch\u00f6nheit der Gesichtshaut (Jojoba\u00f6l\/S\u00fc\u00dfmandel\/Haselnuss\/Wildrose\/Geranie). Als Komplex aus Trocken\u00f6len und \u00e4therischen \u00d6len bek\u00e4mpft Floras\u00e9rum A sichtbar die Hautalterung und f\u00f6rdert ein ausgeglichenes Hautbild.","breadcrumb":{"@id":"https:\/\/www.phyt-inov.com\/de\/produit\/floraserum-a\/#breadcrumb"},"inLanguage":"de","potentialAction":[{"@type":"ReadAction","target":["https:\/\/www.phyt-inov.com\/de\/produit\/floraserum-a\/"]}]},{"@type":"ImageObject","inLanguage":"de","@id":"https:\/\/www.phyt-inov.com\/de\/produit\/floraserum-a\/#primaryimage","url":"https:\/\/www.phyt-inov.com\/wp-content\/uploads\/2025\/09\/Floraserum-A-Visage-pour-site-bas-1.jpg","contentUrl":"https:\/\/www.phyt-inov.com\/wp-content\/uploads\/2025\/09\/Floraserum-A-Visage-pour-site-bas-1.jpg","width":1205,"height":1594,"caption":"flora d'essarts floras\u00e9rum a"},{"@type":"BreadcrumbList","@id":"https:\/\/www.phyt-inov.com\/de\/produit\/floraserum-a\/#breadcrumb","itemListElement":[{"@type":"ListItem","position":1,"name":"Accueil","item":"https:\/\/www.phyt-inov.com\/de\/startseite\/"},{"@type":"ListItem","position":2,"name":"Shop","item":"https:\/\/www.phyt-inov.com\/de\/shop\/"},{"@type":"ListItem","position":3,"name":"Floras\u00e9rum A"}]},{"@type":"WebSite","@id":"https:\/\/www.phyt-inov.com\/de\/#website","url":"https:\/\/www.phyt-inov.com\/de\/","name":"Phyt-Inov International","description":"L&#039;efficacit\u00e9 naturelle pour vos soins quotidiens","publisher":{"@id":"https:\/\/www.phyt-inov.com\/de\/#organization"},"alternateName":"phyt-inov","potentialAction":[{"@type":"SearchAction","target":{"@type":"EntryPoint","urlTemplate":"https:\/\/www.phyt-inov.com\/de\/?s={search_term_string}"},"query-input":{"@type":"PropertyValueSpecification","valueRequired":true,"valueName":"search_term_string"}}],"inLanguage":"de"},{"@type":"Organization","@id":"https:\/\/www.phyt-inov.com\/de\/#organization","name":"Phyt-Inov","alternateName":"Phyt-Inov","url":"https:\/\/www.phyt-inov.com\/de\/","logo":{"@type":"ImageObject","inLanguage":"de","@id":"https:\/\/www.phyt-inov.com\/de\/#\/schema\/logo\/image\/","url":"https:\/\/www.phyt-inov.com\/wp-content\/uploads\/2025\/09\/Logo-site-phyt-inov4_Plan-de-travail-1-2048x760-1.png","contentUrl":"https:\/\/www.phyt-inov.com\/wp-content\/uploads\/2025\/09\/Logo-site-phyt-inov4_Plan-de-travail-1-2048x760-1.png","width":2048,"height":760,"caption":"Phyt-Inov"},"image":{"@id":"https:\/\/www.phyt-inov.com\/de\/#\/schema\/logo\/image\/"},"sameAs":["https:\/\/www.facebook.com\/phytinov\/","https:\/\/www.youtube.com\/channel\/UCE05sYsSXuuKbLqs4Au3e4Q","https:\/\/www.instagram.com\/phytinov\/"]}]}},"jetpack_sharing_enabled":true,"_links":{"self":[{"href":"https:\/\/www.phyt-inov.com\/de\/wp-json\/wp\/v2\/product\/83698","targetHints":{"allow":["GET"]}}],"collection":[{"href":"https:\/\/www.phyt-inov.com\/de\/wp-json\/wp\/v2\/product"}],"about":[{"href":"https:\/\/www.phyt-inov.com\/de\/wp-json\/wp\/v2\/types\/product"}],"replies":[{"embeddable":true,"href":"https:\/\/www.phyt-inov.com\/de\/wp-json\/wp\/v2\/comments?post=83698"}],"wp:featuredmedia":[{"embeddable":true,"href":"https:\/\/www.phyt-inov.com\/de\/wp-json\/wp\/v2\/media\/83699"}],"wp:attachment":[{"href":"https:\/\/www.phyt-inov.com\/de\/wp-json\/wp\/v2\/media?parent=83698"}],"wp:term":[{"taxonomy":"product_brand","embeddable":true,"href":"https:\/\/www.phyt-inov.com\/de\/wp-json\/wp\/v2\/product_brand?post=83698"},{"taxonomy":"product_cat","embeddable":true,"href":"https:\/\/www.phyt-inov.com\/de\/wp-json\/wp\/v2\/product_cat?post=83698"},{"taxonomy":"product_tag","embeddable":true,"href":"https:\/\/www.phyt-inov.com\/de\/wp-json\/wp\/v2\/product_tag?post=83698"}],"curies":[{"name":"wp","href":"https:\/\/api.w.org\/{rel}","templated":true}]}}