{"id":83639,"date":"2019-04-04T21:31:23","date_gmt":"2019-04-04T21:31:23","guid":{"rendered":"https:\/\/www.phyt-inov.com\/produit\/rote-propolis-creme\/"},"modified":"2026-03-30T09:07:17","modified_gmt":"2026-03-30T09:07:17","slug":"rote-propolis-creme","status":"publish","type":"product","link":"https:\/\/www.phyt-inov.com\/de\/produit\/rote-propolis-creme\/","title":{"rendered":"Rote Propolis Creme"},"content":{"rendered":"<p><b>Creme mit roter Propolis und Bio-Birkensaft<\/b><\/p>\n<p>Die n\u00e4hrenden und wohltuenden Eigenschaften des biologischen Birkensafts werden in dieser Pflegecreme mit den reinigenden Eigenschaften der biologischen Propolis f\u00fcr eine \u00fcberlegene Wirksamkeit kombiniert.<br \/>\nSehr reich an ungefiltertem und unpasteurisiertem Bio-Birkensaft (57%), der ihr zahlreiche N\u00e4hrstoffe verleiht, tr\u00e4gt die Phyt-Inov Propolis Creme dank ihrer wohltuenden und sch\u00fctzenden Eigenschaften dazu bei, die Integrit\u00e4t und Jugend einer gesunden Epidermis bei Hautsch\u00e4den oder -verletzungen wiederherzustellen. Mit ihrer F\u00e4higkeit, abgestorbene Zellen zu entfernen und die Bildung neuer Zellen zu f\u00f6rdern, ist sie auch sehr wirksam, um die Frische der Haut wiederherzustellen und Falten zu bek\u00e4mpfen. <\/p>\n<p>Empfohlen bei allen Dermatosen, Wunden, Narben, H\u00e4matomen, Verbrennungen, Sonnenbrand usw.<\/p>\n","protected":false},"excerpt":{"rendered":"<p>Creme mit roter Propolis und Bio-Birkensaft Die n\u00e4hrenden und wohltuenden Eigenschaften des biologischen Birkensafts werden in dieser Pflegecreme mit den reinigenden Eigenschaften der biologischen Propolis f\u00fcr eine \u00fcberlegene Wirksamkeit kombiniert. Sehr reich an ungefiltertem und unpasteurisiertem Bio-Birkensaft (57%), der ihr zahlreiche N\u00e4hrstoffe verleiht, tr\u00e4gt die Phyt-Inov Propolis Creme dank ihrer wohltuenden und sch\u00fctzenden Eigenschaften dazu [&hellip;]<\/p>\n","protected":false},"featured_media":83640,"comment_status":"open","ping_status":"closed","template":"","meta":{"_et_pb_use_builder":"","_et_pb_old_content":"","_et_gb_content_width":""},"product_brand":[],"product_cat":[148,103,144,107,128],"product_tag":[],"class_list":{"0":"post-83639","1":"product","2":"type-product","3":"status-publish","4":"has-post-thumbnail","6":"product_cat-begleitung-fur-sportler","7":"product_cat-hygiene-gesundheitsprodukte","8":"product_cat-hygiene-schonheit-und-hautpflege","9":"product_cat-schatze-des-bienenstocks","10":"product_cat-tiere","12":"first","13":"instock","14":"shipping-taxable","15":"purchasable","16":"product-type-simple"},"yoast_head":"<!-- This site is optimized with the Yoast SEO plugin v27.3 - https:\/\/yoast.com\/product\/yoast-seo-wordpress\/ -->\n<title>Creme mit roter Propolis und Birkensaft \u2013 Offizielles Phyt-Inov\u00ae \u2013 Propolis-Creme f\u00fcr die Pflege von Haut, Gesicht, Lippen, Dekollet\u00e9, H\u00e4nden \u2013 rote Propolis \u2013 50 ml, nat\u00fcrlich, biologisch | Phyt-inov.com<\/title>\n<meta name=\"description\" content=\"Phyt-Inov international\u00ae offiziell, das f\u00fchrende Schweizer Labor f\u00fcr nat\u00fcrliche und biologische Pflege- und Kosmetikprodukte f\u00fcr die Gesundheit und Sch\u00f6nheit der Haut, bietet seine Rote Propolis Creme (50 ml, ohne Konservierungsstoffe, ohne PEG) an \u2013 Die Rote Propolis Creme ist ein nat\u00fcrliches\/Bio-Produkt von Phyt-Inov zur F\u00f6rderung des Hautschutzes und zur wirksamen Linderung von Hautausschl\u00e4gen, Akne, Schnitten, Verbrennungen, Strahlensch\u00e4den und H\u00e4matomen.\" \/>\n<meta name=\"robots\" content=\"index, follow, max-snippet:-1, max-image-preview:large, max-video-preview:-1\" \/>\n<link rel=\"canonical\" href=\"https:\/\/www.phyt-inov.com\/de\/produit\/rote-propolis-creme\/\" \/>\n<meta property=\"og:locale\" content=\"de_DE\" \/>\n<meta property=\"og:type\" content=\"article\" \/>\n<meta property=\"og:title\" content=\"Creme mit roter Propolis und Birkensaft \u2013 Offizielles Phyt-Inov\u00ae \u2013 Propolis-Creme f\u00fcr die Pflege von Haut, Gesicht, Lippen, Dekollet\u00e9, H\u00e4nden \u2013 rote Propolis \u2013 50 ml, nat\u00fcrlich, biologisch | Phyt-inov.com\" \/>\n<meta property=\"og:description\" content=\"Phyt-Inov international\u00ae offiziell, das f\u00fchrende Schweizer Labor f\u00fcr nat\u00fcrliche und biologische Pflege- und Kosmetikprodukte f\u00fcr die Gesundheit und Sch\u00f6nheit der Haut, bietet seine Rote Propolis Creme (50 ml, ohne Konservierungsstoffe, ohne PEG) an \u2013 Die Rote Propolis Creme ist ein nat\u00fcrliches\/Bio-Produkt von Phyt-Inov zur F\u00f6rderung des Hautschutzes und zur wirksamen Linderung von Hautausschl\u00e4gen, Akne, Schnitten, Verbrennungen, Strahlensch\u00e4den und H\u00e4matomen.\" \/>\n<meta property=\"og:url\" content=\"https:\/\/www.phyt-inov.com\/de\/produit\/rote-propolis-creme\/\" \/>\n<meta property=\"og:site_name\" content=\"Phyt-Inov\" \/>\n<meta property=\"article:publisher\" content=\"https:\/\/www.facebook.com\/phytinov\/\" \/>\n<meta property=\"article:modified_time\" content=\"2026-03-30T09:07:17+00:00\" \/>\n<meta property=\"og:image\" content=\"https:\/\/www.phyt-inov.com\/wp-content\/uploads\/2025\/09\/Creme-a-la-propolis-detoure-scaled.png\" \/>\n\t<meta property=\"og:image:width\" content=\"2048\" \/>\n\t<meta property=\"og:image:height\" content=\"2560\" \/>\n\t<meta property=\"og:image:type\" content=\"image\/png\" \/>\n<meta name=\"twitter:card\" content=\"summary_large_image\" \/>\n<meta name=\"twitter:label1\" content=\"Gesch\u00e4tzte Lesezeit\" \/>\n\t<meta name=\"twitter:data1\" content=\"1\u00a0Minute\" \/>\n<script type=\"application\/ld+json\" class=\"yoast-schema-graph\">{\"@context\":\"https:\\\/\\\/schema.org\",\"@graph\":[{\"@type\":\"WebPage\",\"@id\":\"https:\\\/\\\/www.phyt-inov.com\\\/de\\\/produit\\\/rote-propolis-creme\\\/\",\"url\":\"https:\\\/\\\/www.phyt-inov.com\\\/de\\\/produit\\\/rote-propolis-creme\\\/\",\"name\":\"Creme mit roter Propolis und Birkensaft \u2013 Offizielles Phyt-Inov\u00ae \u2013 Propolis-Creme f\u00fcr die Pflege von Haut, Gesicht, Lippen, Dekollet\u00e9, H\u00e4nden \u2013 rote Propolis \u2013 50 ml, nat\u00fcrlich, biologisch | Phyt-inov.com\",\"isPartOf\":{\"@id\":\"https:\\\/\\\/www.phyt-inov.com\\\/de\\\/#website\"},\"primaryImageOfPage\":{\"@id\":\"https:\\\/\\\/www.phyt-inov.com\\\/de\\\/produit\\\/rote-propolis-creme\\\/#primaryimage\"},\"image\":{\"@id\":\"https:\\\/\\\/www.phyt-inov.com\\\/de\\\/produit\\\/rote-propolis-creme\\\/#primaryimage\"},\"thumbnailUrl\":\"https:\\\/\\\/www.phyt-inov.com\\\/wp-content\\\/uploads\\\/2025\\\/09\\\/Creme-a-la-propolis-detoure-scaled.png\",\"datePublished\":\"2019-04-04T21:31:23+00:00\",\"dateModified\":\"2026-03-30T09:07:17+00:00\",\"description\":\"Phyt-Inov international\u00ae offiziell, das f\u00fchrende Schweizer Labor f\u00fcr nat\u00fcrliche und biologische Pflege- und Kosmetikprodukte f\u00fcr die Gesundheit und Sch\u00f6nheit der Haut, bietet seine Rote Propolis Creme (50 ml, ohne Konservierungsstoffe, ohne PEG) an \u2013 Die Rote Propolis Creme ist ein nat\u00fcrliches\\\/Bio-Produkt von Phyt-Inov zur F\u00f6rderung des Hautschutzes und zur wirksamen Linderung von Hautausschl\u00e4gen, Akne, Schnitten, Verbrennungen, Strahlensch\u00e4den und H\u00e4matomen.\",\"breadcrumb\":{\"@id\":\"https:\\\/\\\/www.phyt-inov.com\\\/de\\\/produit\\\/rote-propolis-creme\\\/#breadcrumb\"},\"inLanguage\":\"de\",\"potentialAction\":[{\"@type\":\"ReadAction\",\"target\":[\"https:\\\/\\\/www.phyt-inov.com\\\/de\\\/produit\\\/rote-propolis-creme\\\/\"]}]},{\"@type\":\"ImageObject\",\"inLanguage\":\"de\",\"@id\":\"https:\\\/\\\/www.phyt-inov.com\\\/de\\\/produit\\\/rote-propolis-creme\\\/#primaryimage\",\"url\":\"https:\\\/\\\/www.phyt-inov.com\\\/wp-content\\\/uploads\\\/2025\\\/09\\\/Creme-a-la-propolis-detoure-scaled.png\",\"contentUrl\":\"https:\\\/\\\/www.phyt-inov.com\\\/wp-content\\\/uploads\\\/2025\\\/09\\\/Creme-a-la-propolis-detoure-scaled.png\",\"width\":2048,\"height\":2560,\"caption\":\"Phyt-Inov Produkt Propolis Creme und Birkensaft\"},{\"@type\":\"BreadcrumbList\",\"@id\":\"https:\\\/\\\/www.phyt-inov.com\\\/de\\\/produit\\\/rote-propolis-creme\\\/#breadcrumb\",\"itemListElement\":[{\"@type\":\"ListItem\",\"position\":1,\"name\":\"Accueil\",\"item\":\"https:\\\/\\\/www.phyt-inov.com\\\/de\\\/startseite\\\/\"},{\"@type\":\"ListItem\",\"position\":2,\"name\":\"Shop\",\"item\":\"https:\\\/\\\/www.phyt-inov.com\\\/de\\\/shop\\\/\"},{\"@type\":\"ListItem\",\"position\":3,\"name\":\"Rote Propolis Creme\"}]},{\"@type\":\"WebSite\",\"@id\":\"https:\\\/\\\/www.phyt-inov.com\\\/de\\\/#website\",\"url\":\"https:\\\/\\\/www.phyt-inov.com\\\/de\\\/\",\"name\":\"Phyt-Inov International\",\"description\":\"L&#039;efficacit\u00e9 naturelle pour vos soins quotidiens\",\"publisher\":{\"@id\":\"https:\\\/\\\/www.phyt-inov.com\\\/de\\\/#organization\"},\"alternateName\":\"phyt-inov\",\"potentialAction\":[{\"@type\":\"SearchAction\",\"target\":{\"@type\":\"EntryPoint\",\"urlTemplate\":\"https:\\\/\\\/www.phyt-inov.com\\\/de\\\/?s={search_term_string}\"},\"query-input\":{\"@type\":\"PropertyValueSpecification\",\"valueRequired\":true,\"valueName\":\"search_term_string\"}}],\"inLanguage\":\"de\"},{\"@type\":\"Organization\",\"@id\":\"https:\\\/\\\/www.phyt-inov.com\\\/de\\\/#organization\",\"name\":\"Phyt-Inov\",\"alternateName\":\"Phyt-Inov\",\"url\":\"https:\\\/\\\/www.phyt-inov.com\\\/de\\\/\",\"logo\":{\"@type\":\"ImageObject\",\"inLanguage\":\"de\",\"@id\":\"https:\\\/\\\/www.phyt-inov.com\\\/de\\\/#\\\/schema\\\/logo\\\/image\\\/\",\"url\":\"https:\\\/\\\/www.phyt-inov.com\\\/wp-content\\\/uploads\\\/2025\\\/09\\\/Logo-site-phyt-inov4_Plan-de-travail-1-2048x760-1.png\",\"contentUrl\":\"https:\\\/\\\/www.phyt-inov.com\\\/wp-content\\\/uploads\\\/2025\\\/09\\\/Logo-site-phyt-inov4_Plan-de-travail-1-2048x760-1.png\",\"width\":2048,\"height\":760,\"caption\":\"Phyt-Inov\"},\"image\":{\"@id\":\"https:\\\/\\\/www.phyt-inov.com\\\/de\\\/#\\\/schema\\\/logo\\\/image\\\/\"},\"sameAs\":[\"https:\\\/\\\/www.facebook.com\\\/phytinov\\\/\",\"https:\\\/\\\/www.youtube.com\\\/channel\\\/UCE05sYsSXuuKbLqs4Au3e4Q\",\"https:\\\/\\\/www.instagram.com\\\/phytinov\\\/\"]}]}<\/script>\n<!-- \/ Yoast SEO plugin. -->","yoast_head_json":{"title":"Creme mit roter Propolis und Birkensaft \u2013 Offizielles Phyt-Inov\u00ae \u2013 Propolis-Creme f\u00fcr die Pflege von Haut, Gesicht, Lippen, Dekollet\u00e9, H\u00e4nden \u2013 rote Propolis \u2013 50 ml, nat\u00fcrlich, biologisch | Phyt-inov.com","description":"Phyt-Inov international\u00ae offiziell, das f\u00fchrende Schweizer Labor f\u00fcr nat\u00fcrliche und biologische Pflege- und Kosmetikprodukte f\u00fcr die Gesundheit und Sch\u00f6nheit der Haut, bietet seine Rote Propolis Creme (50 ml, ohne Konservierungsstoffe, ohne PEG) an \u2013 Die Rote Propolis Creme ist ein nat\u00fcrliches\/Bio-Produkt von Phyt-Inov zur F\u00f6rderung des Hautschutzes und zur wirksamen Linderung von Hautausschl\u00e4gen, Akne, Schnitten, Verbrennungen, Strahlensch\u00e4den und H\u00e4matomen.","robots":{"index":"index","follow":"follow","max-snippet":"max-snippet:-1","max-image-preview":"max-image-preview:large","max-video-preview":"max-video-preview:-1"},"canonical":"https:\/\/www.phyt-inov.com\/de\/produit\/rote-propolis-creme\/","og_locale":"de_DE","og_type":"article","og_title":"Creme mit roter Propolis und Birkensaft \u2013 Offizielles Phyt-Inov\u00ae \u2013 Propolis-Creme f\u00fcr die Pflege von Haut, Gesicht, Lippen, Dekollet\u00e9, H\u00e4nden \u2013 rote Propolis \u2013 50 ml, nat\u00fcrlich, biologisch | Phyt-inov.com","og_description":"Phyt-Inov international\u00ae offiziell, das f\u00fchrende Schweizer Labor f\u00fcr nat\u00fcrliche und biologische Pflege- und Kosmetikprodukte f\u00fcr die Gesundheit und Sch\u00f6nheit der Haut, bietet seine Rote Propolis Creme (50 ml, ohne Konservierungsstoffe, ohne PEG) an \u2013 Die Rote Propolis Creme ist ein nat\u00fcrliches\/Bio-Produkt von Phyt-Inov zur F\u00f6rderung des Hautschutzes und zur wirksamen Linderung von Hautausschl\u00e4gen, Akne, Schnitten, Verbrennungen, Strahlensch\u00e4den und H\u00e4matomen.","og_url":"https:\/\/www.phyt-inov.com\/de\/produit\/rote-propolis-creme\/","og_site_name":"Phyt-Inov","article_publisher":"https:\/\/www.facebook.com\/phytinov\/","article_modified_time":"2026-03-30T09:07:17+00:00","og_image":[{"width":2048,"height":2560,"url":"https:\/\/www.phyt-inov.com\/wp-content\/uploads\/2025\/09\/Creme-a-la-propolis-detoure-scaled.png","type":"image\/png"}],"twitter_card":"summary_large_image","twitter_misc":{"Gesch\u00e4tzte Lesezeit":"1\u00a0Minute"},"schema":{"@context":"https:\/\/schema.org","@graph":[{"@type":"WebPage","@id":"https:\/\/www.phyt-inov.com\/de\/produit\/rote-propolis-creme\/","url":"https:\/\/www.phyt-inov.com\/de\/produit\/rote-propolis-creme\/","name":"Creme mit roter Propolis und Birkensaft \u2013 Offizielles Phyt-Inov\u00ae \u2013 Propolis-Creme f\u00fcr die Pflege von Haut, Gesicht, Lippen, Dekollet\u00e9, H\u00e4nden \u2013 rote Propolis \u2013 50 ml, nat\u00fcrlich, biologisch | Phyt-inov.com","isPartOf":{"@id":"https:\/\/www.phyt-inov.com\/de\/#website"},"primaryImageOfPage":{"@id":"https:\/\/www.phyt-inov.com\/de\/produit\/rote-propolis-creme\/#primaryimage"},"image":{"@id":"https:\/\/www.phyt-inov.com\/de\/produit\/rote-propolis-creme\/#primaryimage"},"thumbnailUrl":"https:\/\/www.phyt-inov.com\/wp-content\/uploads\/2025\/09\/Creme-a-la-propolis-detoure-scaled.png","datePublished":"2019-04-04T21:31:23+00:00","dateModified":"2026-03-30T09:07:17+00:00","description":"Phyt-Inov international\u00ae offiziell, das f\u00fchrende Schweizer Labor f\u00fcr nat\u00fcrliche und biologische Pflege- und Kosmetikprodukte f\u00fcr die Gesundheit und Sch\u00f6nheit der Haut, bietet seine Rote Propolis Creme (50 ml, ohne Konservierungsstoffe, ohne PEG) an \u2013 Die Rote Propolis Creme ist ein nat\u00fcrliches\/Bio-Produkt von Phyt-Inov zur F\u00f6rderung des Hautschutzes und zur wirksamen Linderung von Hautausschl\u00e4gen, Akne, Schnitten, Verbrennungen, Strahlensch\u00e4den und H\u00e4matomen.","breadcrumb":{"@id":"https:\/\/www.phyt-inov.com\/de\/produit\/rote-propolis-creme\/#breadcrumb"},"inLanguage":"de","potentialAction":[{"@type":"ReadAction","target":["https:\/\/www.phyt-inov.com\/de\/produit\/rote-propolis-creme\/"]}]},{"@type":"ImageObject","inLanguage":"de","@id":"https:\/\/www.phyt-inov.com\/de\/produit\/rote-propolis-creme\/#primaryimage","url":"https:\/\/www.phyt-inov.com\/wp-content\/uploads\/2025\/09\/Creme-a-la-propolis-detoure-scaled.png","contentUrl":"https:\/\/www.phyt-inov.com\/wp-content\/uploads\/2025\/09\/Creme-a-la-propolis-detoure-scaled.png","width":2048,"height":2560,"caption":"Phyt-Inov Produkt Propolis Creme und Birkensaft"},{"@type":"BreadcrumbList","@id":"https:\/\/www.phyt-inov.com\/de\/produit\/rote-propolis-creme\/#breadcrumb","itemListElement":[{"@type":"ListItem","position":1,"name":"Accueil","item":"https:\/\/www.phyt-inov.com\/de\/startseite\/"},{"@type":"ListItem","position":2,"name":"Shop","item":"https:\/\/www.phyt-inov.com\/de\/shop\/"},{"@type":"ListItem","position":3,"name":"Rote Propolis Creme"}]},{"@type":"WebSite","@id":"https:\/\/www.phyt-inov.com\/de\/#website","url":"https:\/\/www.phyt-inov.com\/de\/","name":"Phyt-Inov International","description":"L&#039;efficacit\u00e9 naturelle pour vos soins quotidiens","publisher":{"@id":"https:\/\/www.phyt-inov.com\/de\/#organization"},"alternateName":"phyt-inov","potentialAction":[{"@type":"SearchAction","target":{"@type":"EntryPoint","urlTemplate":"https:\/\/www.phyt-inov.com\/de\/?s={search_term_string}"},"query-input":{"@type":"PropertyValueSpecification","valueRequired":true,"valueName":"search_term_string"}}],"inLanguage":"de"},{"@type":"Organization","@id":"https:\/\/www.phyt-inov.com\/de\/#organization","name":"Phyt-Inov","alternateName":"Phyt-Inov","url":"https:\/\/www.phyt-inov.com\/de\/","logo":{"@type":"ImageObject","inLanguage":"de","@id":"https:\/\/www.phyt-inov.com\/de\/#\/schema\/logo\/image\/","url":"https:\/\/www.phyt-inov.com\/wp-content\/uploads\/2025\/09\/Logo-site-phyt-inov4_Plan-de-travail-1-2048x760-1.png","contentUrl":"https:\/\/www.phyt-inov.com\/wp-content\/uploads\/2025\/09\/Logo-site-phyt-inov4_Plan-de-travail-1-2048x760-1.png","width":2048,"height":760,"caption":"Phyt-Inov"},"image":{"@id":"https:\/\/www.phyt-inov.com\/de\/#\/schema\/logo\/image\/"},"sameAs":["https:\/\/www.facebook.com\/phytinov\/","https:\/\/www.youtube.com\/channel\/UCE05sYsSXuuKbLqs4Au3e4Q","https:\/\/www.instagram.com\/phytinov\/"]}]}},"jetpack_sharing_enabled":true,"_links":{"self":[{"href":"https:\/\/www.phyt-inov.com\/de\/wp-json\/wp\/v2\/product\/83639","targetHints":{"allow":["GET"]}}],"collection":[{"href":"https:\/\/www.phyt-inov.com\/de\/wp-json\/wp\/v2\/product"}],"about":[{"href":"https:\/\/www.phyt-inov.com\/de\/wp-json\/wp\/v2\/types\/product"}],"replies":[{"embeddable":true,"href":"https:\/\/www.phyt-inov.com\/de\/wp-json\/wp\/v2\/comments?post=83639"}],"wp:featuredmedia":[{"embeddable":true,"href":"https:\/\/www.phyt-inov.com\/de\/wp-json\/wp\/v2\/media\/83640"}],"wp:attachment":[{"href":"https:\/\/www.phyt-inov.com\/de\/wp-json\/wp\/v2\/media?parent=83639"}],"wp:term":[{"taxonomy":"product_brand","embeddable":true,"href":"https:\/\/www.phyt-inov.com\/de\/wp-json\/wp\/v2\/product_brand?post=83639"},{"taxonomy":"product_cat","embeddable":true,"href":"https:\/\/www.phyt-inov.com\/de\/wp-json\/wp\/v2\/product_cat?post=83639"},{"taxonomy":"product_tag","embeddable":true,"href":"https:\/\/www.phyt-inov.com\/de\/wp-json\/wp\/v2\/product_tag?post=83639"}],"curies":[{"name":"wp","href":"https:\/\/api.w.org\/{rel}","templated":true}]}}