{"id":83635,"date":"2019-04-04T21:31:28","date_gmt":"2019-04-04T21:31:28","guid":{"rendered":"https:\/\/www.phyt-inov.com\/produit\/orthoflore-kapseln\/"},"modified":"2026-03-30T09:06:59","modified_gmt":"2026-03-30T09:06:59","slug":"orthoflore-kapseln","status":"publish","type":"product","link":"https:\/\/www.phyt-inov.com\/de\/produit\/orthoflore-kapseln\/","title":{"rendered":"Orthoflore Kapseln"},"content":{"rendered":"<p>Packung mit 50 und 100 pflanzlichen Kapseln, dosiert mit 299 mg.<\/p>\n<p>Nettogewicht: 18,7 g \/ Packungen mit 50 Kapseln.<\/p>\n<p>Verzehrempfehlung: 1 Kapsel morgens n\u00fcchtern.<\/p>\n","protected":false},"excerpt":{"rendered":"<p>Um gesund zu sein, muss unser Immunsystem leistungsf\u00e4hig sein \u2013 daf\u00fcr muss unsere Darmflora in einwandfreiem Zustand, im perfekten Gleichgewicht sein.<br \/>\nDas heutige Leben bringt sie oft aus dem Takt: Umweltbelastungen, Ern\u00e4hrungsfehler, Stress, Antibiotika, zu viel Alkohol, Nikotin oder Kaffee sowie alle Ungleichgewichte, die zu einer geschw\u00e4chten Konstitution f\u00fchren k\u00f6nnen.<br \/>\n<b>Orthoflore <\/b>enth\u00e4lt Allicin, das zur Aufrechterhaltung des mikrobiellen Gleichgewichts im Darm beitr\u00e4gt.<br \/>\n<b>Orthoflore<\/b> liefert au\u00dferdem \u00fcber 11,4 Milliarden Bakterien pro Kapsel aus 8 verschiedenen St\u00e4mmen, darunter einige seltene, aber sehr n\u00fctzliche, die jeweils ihre Rolle erf\u00fcllen.<\/p>\n","protected":false},"featured_media":83636,"comment_status":"open","ping_status":"closed","template":"","meta":{"_et_pb_use_builder":"","_et_pb_old_content":"","_et_gb_content_width":""},"product_brand":[],"product_cat":[104,148,147,145],"product_tag":[],"class_list":{"0":"post-83635","1":"product","2":"type-product","3":"status-publish","4":"has-post-thumbnail","6":"product_cat-abwehrkrafte-starken","7":"product_cat-begleitung-fur-sportler","8":"product_cat-emotionales-und-nervliches-gleichgewicht","9":"product_cat-verdauungskomfort","11":"first","12":"instock","13":"shipping-taxable","14":"purchasable","15":"product-type-variable"},"yoast_head":"<!-- This site is optimized with the Yoast SEO plugin v27.3 - https:\/\/yoast.com\/product\/yoast-seo-wordpress\/ -->\n<title>Naturprodukt zum Ausgleich der Darmflora, Formel von Jean-Pierre Willem \u2013 Mikrobielles Gleichgewicht im Darm \u2013 Nahrungserg\u00e4nzungsmittel f\u00fcr die Darmflora \u2013 Orthoflore 50 pflanzliche Kapseln | Phyt-inov.com<\/title>\n<meta name=\"description\" content=\"Phyt-Inov international\u00ae, ein f\u00fchrendes Schweizer Labor f\u00fcr das mikrobielle Gleichgewicht im Darm und Bio-\/Naturgesundheits-Nahrungserg\u00e4nzungsmittel, bietet Orthoflore an, basierend auf der Formel von Jean-Pierre Willem (50 pflanzliche Kapseln). Es ist ein Naturprodukt auf Basis essenzieller N\u00e4hrstoffe mit einer Synergie aus nat\u00fcrlichen Inhaltsstoffen (Trockenextrakt aus Knoblauch \/ Bifidobacterium infantis \/ Lactobacillus casei \/ Lactococcus lactis \/ Lactobacillus acidophilus \/ Bifidobacterium bifidum \/ Bifidobacterium longum \/ Lactobacillus plantarum \/ Lactobacillus rhamnosus) \u2013 Orthoflore tr\u00e4gt so zur Aufrechterhaltung des Gleichgewichts der Darmflora bei.\" \/>\n<meta name=\"robots\" content=\"index, follow, max-snippet:-1, max-image-preview:large, max-video-preview:-1\" \/>\n<link rel=\"canonical\" href=\"https:\/\/www.phyt-inov.com\/de\/produit\/orthoflore-kapseln\/\" \/>\n<meta property=\"og:locale\" content=\"de_DE\" \/>\n<meta property=\"og:type\" content=\"article\" \/>\n<meta property=\"og:title\" content=\"Naturprodukt zum Ausgleich der Darmflora, Formel von Jean-Pierre Willem \u2013 Mikrobielles Gleichgewicht im Darm \u2013 Nahrungserg\u00e4nzungsmittel f\u00fcr die Darmflora \u2013 Orthoflore 50 pflanzliche Kapseln | Phyt-inov.com\" \/>\n<meta property=\"og:description\" content=\"Phyt-Inov international\u00ae, ein f\u00fchrendes Schweizer Labor f\u00fcr das mikrobielle Gleichgewicht im Darm und Bio-\/Naturgesundheits-Nahrungserg\u00e4nzungsmittel, bietet Orthoflore an, basierend auf der Formel von Jean-Pierre Willem (50 pflanzliche Kapseln). Es ist ein Naturprodukt auf Basis essenzieller N\u00e4hrstoffe mit einer Synergie aus nat\u00fcrlichen Inhaltsstoffen (Trockenextrakt aus Knoblauch \/ Bifidobacterium infantis \/ Lactobacillus casei \/ Lactococcus lactis \/ Lactobacillus acidophilus \/ Bifidobacterium bifidum \/ Bifidobacterium longum \/ Lactobacillus plantarum \/ Lactobacillus rhamnosus) \u2013 Orthoflore tr\u00e4gt so zur Aufrechterhaltung des Gleichgewichts der Darmflora bei.\" \/>\n<meta property=\"og:url\" content=\"https:\/\/www.phyt-inov.com\/de\/produit\/orthoflore-kapseln\/\" \/>\n<meta property=\"og:site_name\" content=\"Phyt-Inov\" \/>\n<meta property=\"article:publisher\" content=\"https:\/\/www.facebook.com\/phytinov\/\" \/>\n<meta property=\"article:modified_time\" content=\"2026-03-30T09:06:59+00:00\" \/>\n<meta property=\"og:image\" content=\"https:\/\/www.phyt-inov.com\/wp-content\/uploads\/2025\/09\/Orthoflore-50-gel.png\" \/>\n\t<meta property=\"og:image:width\" content=\"819\" \/>\n\t<meta property=\"og:image:height\" content=\"1024\" \/>\n\t<meta property=\"og:image:type\" content=\"image\/png\" \/>\n<meta name=\"twitter:card\" content=\"summary_large_image\" \/>\n<script type=\"application\/ld+json\" class=\"yoast-schema-graph\">{\"@context\":\"https:\\\/\\\/schema.org\",\"@graph\":[{\"@type\":\"WebPage\",\"@id\":\"https:\\\/\\\/www.phyt-inov.com\\\/de\\\/produit\\\/orthoflore-kapseln\\\/\",\"url\":\"https:\\\/\\\/www.phyt-inov.com\\\/de\\\/produit\\\/orthoflore-kapseln\\\/\",\"name\":\"Naturprodukt zum Ausgleich der Darmflora, Formel von Jean-Pierre Willem \u2013 Mikrobielles Gleichgewicht im Darm \u2013 Nahrungserg\u00e4nzungsmittel f\u00fcr die Darmflora \u2013 Orthoflore 50 pflanzliche Kapseln | Phyt-inov.com\",\"isPartOf\":{\"@id\":\"https:\\\/\\\/www.phyt-inov.com\\\/de\\\/#website\"},\"primaryImageOfPage\":{\"@id\":\"https:\\\/\\\/www.phyt-inov.com\\\/de\\\/produit\\\/orthoflore-kapseln\\\/#primaryimage\"},\"image\":{\"@id\":\"https:\\\/\\\/www.phyt-inov.com\\\/de\\\/produit\\\/orthoflore-kapseln\\\/#primaryimage\"},\"thumbnailUrl\":\"https:\\\/\\\/www.phyt-inov.com\\\/wp-content\\\/uploads\\\/2025\\\/09\\\/Orthoflore-50-gel.png\",\"datePublished\":\"2019-04-04T21:31:28+00:00\",\"dateModified\":\"2026-03-30T09:06:59+00:00\",\"description\":\"Phyt-Inov international\u00ae, ein f\u00fchrendes Schweizer Labor f\u00fcr das mikrobielle Gleichgewicht im Darm und Bio-\\\/Naturgesundheits-Nahrungserg\u00e4nzungsmittel, bietet Orthoflore an, basierend auf der Formel von Jean-Pierre Willem (50 pflanzliche Kapseln). Es ist ein Naturprodukt auf Basis essenzieller N\u00e4hrstoffe mit einer Synergie aus nat\u00fcrlichen Inhaltsstoffen (Trockenextrakt aus Knoblauch \\\/ Bifidobacterium infantis \\\/ Lactobacillus casei \\\/ Lactococcus lactis \\\/ Lactobacillus acidophilus \\\/ Bifidobacterium bifidum \\\/ Bifidobacterium longum \\\/ Lactobacillus plantarum \\\/ Lactobacillus rhamnosus) \u2013 Orthoflore tr\u00e4gt so zur Aufrechterhaltung des Gleichgewichts der Darmflora bei.\",\"breadcrumb\":{\"@id\":\"https:\\\/\\\/www.phyt-inov.com\\\/de\\\/produit\\\/orthoflore-kapseln\\\/#breadcrumb\"},\"inLanguage\":\"de\",\"potentialAction\":[{\"@type\":\"ReadAction\",\"target\":[\"https:\\\/\\\/www.phyt-inov.com\\\/de\\\/produit\\\/orthoflore-kapseln\\\/\"]}]},{\"@type\":\"ImageObject\",\"inLanguage\":\"de\",\"@id\":\"https:\\\/\\\/www.phyt-inov.com\\\/de\\\/produit\\\/orthoflore-kapseln\\\/#primaryimage\",\"url\":\"https:\\\/\\\/www.phyt-inov.com\\\/wp-content\\\/uploads\\\/2025\\\/09\\\/Orthoflore-50-gel.png\",\"contentUrl\":\"https:\\\/\\\/www.phyt-inov.com\\\/wp-content\\\/uploads\\\/2025\\\/09\\\/Orthoflore-50-gel.png\",\"width\":6400,\"height\":8000,\"caption\":\"phyt-inov Produkt orthoflore\"},{\"@type\":\"BreadcrumbList\",\"@id\":\"https:\\\/\\\/www.phyt-inov.com\\\/de\\\/produit\\\/orthoflore-kapseln\\\/#breadcrumb\",\"itemListElement\":[{\"@type\":\"ListItem\",\"position\":1,\"name\":\"Accueil\",\"item\":\"https:\\\/\\\/www.phyt-inov.com\\\/de\\\/startseite\\\/\"},{\"@type\":\"ListItem\",\"position\":2,\"name\":\"Shop\",\"item\":\"https:\\\/\\\/www.phyt-inov.com\\\/de\\\/shop\\\/\"},{\"@type\":\"ListItem\",\"position\":3,\"name\":\"Orthoflore Kapseln\"}]},{\"@type\":\"WebSite\",\"@id\":\"https:\\\/\\\/www.phyt-inov.com\\\/de\\\/#website\",\"url\":\"https:\\\/\\\/www.phyt-inov.com\\\/de\\\/\",\"name\":\"Phyt-Inov International\",\"description\":\"L&#039;efficacit\u00e9 naturelle pour vos soins quotidiens\",\"publisher\":{\"@id\":\"https:\\\/\\\/www.phyt-inov.com\\\/de\\\/#organization\"},\"alternateName\":\"phyt-inov\",\"potentialAction\":[{\"@type\":\"SearchAction\",\"target\":{\"@type\":\"EntryPoint\",\"urlTemplate\":\"https:\\\/\\\/www.phyt-inov.com\\\/de\\\/?s={search_term_string}\"},\"query-input\":{\"@type\":\"PropertyValueSpecification\",\"valueRequired\":true,\"valueName\":\"search_term_string\"}}],\"inLanguage\":\"de\"},{\"@type\":\"Organization\",\"@id\":\"https:\\\/\\\/www.phyt-inov.com\\\/de\\\/#organization\",\"name\":\"Phyt-Inov\",\"alternateName\":\"Phyt-Inov\",\"url\":\"https:\\\/\\\/www.phyt-inov.com\\\/de\\\/\",\"logo\":{\"@type\":\"ImageObject\",\"inLanguage\":\"de\",\"@id\":\"https:\\\/\\\/www.phyt-inov.com\\\/de\\\/#\\\/schema\\\/logo\\\/image\\\/\",\"url\":\"https:\\\/\\\/www.phyt-inov.com\\\/wp-content\\\/uploads\\\/2025\\\/09\\\/Logo-site-phyt-inov4_Plan-de-travail-1-2048x760-1.png\",\"contentUrl\":\"https:\\\/\\\/www.phyt-inov.com\\\/wp-content\\\/uploads\\\/2025\\\/09\\\/Logo-site-phyt-inov4_Plan-de-travail-1-2048x760-1.png\",\"width\":2048,\"height\":760,\"caption\":\"Phyt-Inov\"},\"image\":{\"@id\":\"https:\\\/\\\/www.phyt-inov.com\\\/de\\\/#\\\/schema\\\/logo\\\/image\\\/\"},\"sameAs\":[\"https:\\\/\\\/www.facebook.com\\\/phytinov\\\/\",\"https:\\\/\\\/www.youtube.com\\\/channel\\\/UCE05sYsSXuuKbLqs4Au3e4Q\",\"https:\\\/\\\/www.instagram.com\\\/phytinov\\\/\"]}]}<\/script>\n<!-- \/ Yoast SEO plugin. -->","yoast_head_json":{"title":"Naturprodukt zum Ausgleich der Darmflora, Formel von Jean-Pierre Willem \u2013 Mikrobielles Gleichgewicht im Darm \u2013 Nahrungserg\u00e4nzungsmittel f\u00fcr die Darmflora \u2013 Orthoflore 50 pflanzliche Kapseln | Phyt-inov.com","description":"Phyt-Inov international\u00ae, ein f\u00fchrendes Schweizer Labor f\u00fcr das mikrobielle Gleichgewicht im Darm und Bio-\/Naturgesundheits-Nahrungserg\u00e4nzungsmittel, bietet Orthoflore an, basierend auf der Formel von Jean-Pierre Willem (50 pflanzliche Kapseln). Es ist ein Naturprodukt auf Basis essenzieller N\u00e4hrstoffe mit einer Synergie aus nat\u00fcrlichen Inhaltsstoffen (Trockenextrakt aus Knoblauch \/ Bifidobacterium infantis \/ Lactobacillus casei \/ Lactococcus lactis \/ Lactobacillus acidophilus \/ Bifidobacterium bifidum \/ Bifidobacterium longum \/ Lactobacillus plantarum \/ Lactobacillus rhamnosus) \u2013 Orthoflore tr\u00e4gt so zur Aufrechterhaltung des Gleichgewichts der Darmflora bei.","robots":{"index":"index","follow":"follow","max-snippet":"max-snippet:-1","max-image-preview":"max-image-preview:large","max-video-preview":"max-video-preview:-1"},"canonical":"https:\/\/www.phyt-inov.com\/de\/produit\/orthoflore-kapseln\/","og_locale":"de_DE","og_type":"article","og_title":"Naturprodukt zum Ausgleich der Darmflora, Formel von Jean-Pierre Willem \u2013 Mikrobielles Gleichgewicht im Darm \u2013 Nahrungserg\u00e4nzungsmittel f\u00fcr die Darmflora \u2013 Orthoflore 50 pflanzliche Kapseln | Phyt-inov.com","og_description":"Phyt-Inov international\u00ae, ein f\u00fchrendes Schweizer Labor f\u00fcr das mikrobielle Gleichgewicht im Darm und Bio-\/Naturgesundheits-Nahrungserg\u00e4nzungsmittel, bietet Orthoflore an, basierend auf der Formel von Jean-Pierre Willem (50 pflanzliche Kapseln). Es ist ein Naturprodukt auf Basis essenzieller N\u00e4hrstoffe mit einer Synergie aus nat\u00fcrlichen Inhaltsstoffen (Trockenextrakt aus Knoblauch \/ Bifidobacterium infantis \/ Lactobacillus casei \/ Lactococcus lactis \/ Lactobacillus acidophilus \/ Bifidobacterium bifidum \/ Bifidobacterium longum \/ Lactobacillus plantarum \/ Lactobacillus rhamnosus) \u2013 Orthoflore tr\u00e4gt so zur Aufrechterhaltung des Gleichgewichts der Darmflora bei.","og_url":"https:\/\/www.phyt-inov.com\/de\/produit\/orthoflore-kapseln\/","og_site_name":"Phyt-Inov","article_publisher":"https:\/\/www.facebook.com\/phytinov\/","article_modified_time":"2026-03-30T09:06:59+00:00","og_image":[{"url":"https:\/\/www.phyt-inov.com\/wp-content\/uploads\/2025\/09\/Orthoflore-50-gel.png","width":819,"height":1024,"type":"image\/png"}],"twitter_card":"summary_large_image","schema":{"@context":"https:\/\/schema.org","@graph":[{"@type":"WebPage","@id":"https:\/\/www.phyt-inov.com\/de\/produit\/orthoflore-kapseln\/","url":"https:\/\/www.phyt-inov.com\/de\/produit\/orthoflore-kapseln\/","name":"Naturprodukt zum Ausgleich der Darmflora, Formel von Jean-Pierre Willem \u2013 Mikrobielles Gleichgewicht im Darm \u2013 Nahrungserg\u00e4nzungsmittel f\u00fcr die Darmflora \u2013 Orthoflore 50 pflanzliche Kapseln | Phyt-inov.com","isPartOf":{"@id":"https:\/\/www.phyt-inov.com\/de\/#website"},"primaryImageOfPage":{"@id":"https:\/\/www.phyt-inov.com\/de\/produit\/orthoflore-kapseln\/#primaryimage"},"image":{"@id":"https:\/\/www.phyt-inov.com\/de\/produit\/orthoflore-kapseln\/#primaryimage"},"thumbnailUrl":"https:\/\/www.phyt-inov.com\/wp-content\/uploads\/2025\/09\/Orthoflore-50-gel.png","datePublished":"2019-04-04T21:31:28+00:00","dateModified":"2026-03-30T09:06:59+00:00","description":"Phyt-Inov international\u00ae, ein f\u00fchrendes Schweizer Labor f\u00fcr das mikrobielle Gleichgewicht im Darm und Bio-\/Naturgesundheits-Nahrungserg\u00e4nzungsmittel, bietet Orthoflore an, basierend auf der Formel von Jean-Pierre Willem (50 pflanzliche Kapseln). Es ist ein Naturprodukt auf Basis essenzieller N\u00e4hrstoffe mit einer Synergie aus nat\u00fcrlichen Inhaltsstoffen (Trockenextrakt aus Knoblauch \/ Bifidobacterium infantis \/ Lactobacillus casei \/ Lactococcus lactis \/ Lactobacillus acidophilus \/ Bifidobacterium bifidum \/ Bifidobacterium longum \/ Lactobacillus plantarum \/ Lactobacillus rhamnosus) \u2013 Orthoflore tr\u00e4gt so zur Aufrechterhaltung des Gleichgewichts der Darmflora bei.","breadcrumb":{"@id":"https:\/\/www.phyt-inov.com\/de\/produit\/orthoflore-kapseln\/#breadcrumb"},"inLanguage":"de","potentialAction":[{"@type":"ReadAction","target":["https:\/\/www.phyt-inov.com\/de\/produit\/orthoflore-kapseln\/"]}]},{"@type":"ImageObject","inLanguage":"de","@id":"https:\/\/www.phyt-inov.com\/de\/produit\/orthoflore-kapseln\/#primaryimage","url":"https:\/\/www.phyt-inov.com\/wp-content\/uploads\/2025\/09\/Orthoflore-50-gel.png","contentUrl":"https:\/\/www.phyt-inov.com\/wp-content\/uploads\/2025\/09\/Orthoflore-50-gel.png","width":6400,"height":8000,"caption":"phyt-inov Produkt orthoflore"},{"@type":"BreadcrumbList","@id":"https:\/\/www.phyt-inov.com\/de\/produit\/orthoflore-kapseln\/#breadcrumb","itemListElement":[{"@type":"ListItem","position":1,"name":"Accueil","item":"https:\/\/www.phyt-inov.com\/de\/startseite\/"},{"@type":"ListItem","position":2,"name":"Shop","item":"https:\/\/www.phyt-inov.com\/de\/shop\/"},{"@type":"ListItem","position":3,"name":"Orthoflore Kapseln"}]},{"@type":"WebSite","@id":"https:\/\/www.phyt-inov.com\/de\/#website","url":"https:\/\/www.phyt-inov.com\/de\/","name":"Phyt-Inov International","description":"L&#039;efficacit\u00e9 naturelle pour vos soins quotidiens","publisher":{"@id":"https:\/\/www.phyt-inov.com\/de\/#organization"},"alternateName":"phyt-inov","potentialAction":[{"@type":"SearchAction","target":{"@type":"EntryPoint","urlTemplate":"https:\/\/www.phyt-inov.com\/de\/?s={search_term_string}"},"query-input":{"@type":"PropertyValueSpecification","valueRequired":true,"valueName":"search_term_string"}}],"inLanguage":"de"},{"@type":"Organization","@id":"https:\/\/www.phyt-inov.com\/de\/#organization","name":"Phyt-Inov","alternateName":"Phyt-Inov","url":"https:\/\/www.phyt-inov.com\/de\/","logo":{"@type":"ImageObject","inLanguage":"de","@id":"https:\/\/www.phyt-inov.com\/de\/#\/schema\/logo\/image\/","url":"https:\/\/www.phyt-inov.com\/wp-content\/uploads\/2025\/09\/Logo-site-phyt-inov4_Plan-de-travail-1-2048x760-1.png","contentUrl":"https:\/\/www.phyt-inov.com\/wp-content\/uploads\/2025\/09\/Logo-site-phyt-inov4_Plan-de-travail-1-2048x760-1.png","width":2048,"height":760,"caption":"Phyt-Inov"},"image":{"@id":"https:\/\/www.phyt-inov.com\/de\/#\/schema\/logo\/image\/"},"sameAs":["https:\/\/www.facebook.com\/phytinov\/","https:\/\/www.youtube.com\/channel\/UCE05sYsSXuuKbLqs4Au3e4Q","https:\/\/www.instagram.com\/phytinov\/"]}]}},"jetpack_sharing_enabled":true,"_links":{"self":[{"href":"https:\/\/www.phyt-inov.com\/de\/wp-json\/wp\/v2\/product\/83635","targetHints":{"allow":["GET"]}}],"collection":[{"href":"https:\/\/www.phyt-inov.com\/de\/wp-json\/wp\/v2\/product"}],"about":[{"href":"https:\/\/www.phyt-inov.com\/de\/wp-json\/wp\/v2\/types\/product"}],"replies":[{"embeddable":true,"href":"https:\/\/www.phyt-inov.com\/de\/wp-json\/wp\/v2\/comments?post=83635"}],"wp:featuredmedia":[{"embeddable":true,"href":"https:\/\/www.phyt-inov.com\/de\/wp-json\/wp\/v2\/media\/83636"}],"wp:attachment":[{"href":"https:\/\/www.phyt-inov.com\/de\/wp-json\/wp\/v2\/media?parent=83635"}],"wp:term":[{"taxonomy":"product_brand","embeddable":true,"href":"https:\/\/www.phyt-inov.com\/de\/wp-json\/wp\/v2\/product_brand?post=83635"},{"taxonomy":"product_cat","embeddable":true,"href":"https:\/\/www.phyt-inov.com\/de\/wp-json\/wp\/v2\/product_cat?post=83635"},{"taxonomy":"product_tag","embeddable":true,"href":"https:\/\/www.phyt-inov.com\/de\/wp-json\/wp\/v2\/product_tag?post=83635"}],"curies":[{"name":"wp","href":"https:\/\/api.w.org\/{rel}","templated":true}]}}