{"id":83617,"date":"2019-04-04T21:31:18","date_gmt":"2019-04-04T21:31:18","guid":{"rendered":"https:\/\/www.phyt-inov.com\/produit\/straffendes-serum-creme\/"},"modified":"2026-03-30T09:06:01","modified_gmt":"2026-03-30T09:06:01","slug":"straffendes-serum-creme","status":"publish","type":"product","link":"https:\/\/www.phyt-inov.com\/de\/produit\/straffendes-serum-creme\/","title":{"rendered":"Straffendes Serum-Creme"},"content":{"rendered":"<p><b>Biomaxi, f\u00fcr ein Maximum an Bio-Qualit\u00e4t der gesamten Inhaltsstoffe.<\/b><\/p>\n<h4 class=\"\" data-start=\"638\" data-end=\"686\">Drei Hauptwirkstoffe f\u00fcr eine Dreifachwirkung<\/h4>\n<ul data-start=\"688\" data-end=\"1053\">\n<li class=\"\" data-start=\"688\" data-end=\"821\">\n<p class=\"\" data-start=\"690\" data-end=\"821\"><strong data-start=\"690\" data-end=\"710\">Pracaxi-\u00d6l<\/strong>: Reich an Behens\u00e4ure, hilft es, Flecken und Augenringe zu mildern und f\u00f6rdert gleichzeitig die Hautregeneration.<\/p>\n<\/li>\n<li class=\"\" data-start=\"822\" data-end=\"965\">\n<p class=\"\" data-start=\"824\" data-end=\"965\"><strong data-start=\"824\" data-end=\"845\">Centella asiatica<\/strong>: Eine f\u00fcr ihre Anti-Aging-Eigenschaften bekannte Pflanze, die die Kollagensynthese stimuliert und die Spannkraft der Haut st\u00e4rkt.<\/p>\n<\/li>\n<li class=\"\" data-start=\"966\" data-end=\"1053\">\n<p class=\"\" data-start=\"968\" data-end=\"1053\"><strong data-start=\"968\" data-end=\"999\">Ackerschachtelhalm-Extrakt<\/strong>: Entw\u00e4ssert Tr\u00e4nens\u00e4cke und f\u00f6rdert die Hautelastizit\u00e4t.<\/p>\n<\/li>\n<\/ul>\n<h4 class=\"\" data-start=\"1055\" data-end=\"1095\">Eine vollst\u00e4ndige Synergie der Inhaltsstoffe<\/h4>\n<ul data-start=\"1097\" data-end=\"1596\">\n<li class=\"\" data-start=\"1097\" data-end=\"1223\">\n<p class=\"\" data-start=\"1099\" data-end=\"1223\"><strong data-start=\"1099\" data-end=\"1113\">Vitamin E<\/strong> (antioxidativ) und <strong data-start=\"1132\" data-end=\"1146\">Vitamin D<\/strong> (entz\u00fcndungshemmend) zur Unterst\u00fctzung des Gleichgewichts und der Jugendlichkeit der Haut.<\/p>\n<\/li>\n<li class=\"\" data-start=\"1224\" data-end=\"1331\">\n<p class=\"\" data-start=\"1226\" data-end=\"1331\"><strong data-start=\"1226\" data-end=\"1245\">Birkensaft<\/strong>, das Markenzeichen der Flora d\u2019Essarts-Serie, reich an hochgradig assimilierbaren N\u00e4hrstoffen.<\/p>\n<\/li>\n<li class=\"\" data-start=\"1332\" data-end=\"1473\">\n<p class=\"\" data-start=\"1334\" data-end=\"1473\"><strong data-start=\"1334\" data-end=\"1365\">Gezielte \u00e4therische \u00d6le<\/strong>: Unter anderem Karotte, Palmarosa, Sandelholz und Speik-Lavendel, um zu reinigen, zu regenerieren und zum Strahlen zu bringen.<\/p>\n<\/li>\n<li class=\"\" data-start=\"1474\" data-end=\"1596\">\n<p class=\"\" data-start=\"1476\" data-end=\"1596\"><strong data-start=\"1476\" data-end=\"1496\">Pflanzen\u00f6le<\/strong> (S\u00fc\u00dfmandel, Olive, Sesam, Sonnenblume) f\u00fcr eine zartschmelzende Textur und eine geschmeidige, revitalisierte Haut.<\/p>\n<\/li>\n<\/ul>\n<h4 class=\"\" data-start=\"1598\" data-end=\"1625\">Anwendungshinweise<\/h4>\n<p class=\"\" data-start=\"1627\" data-end=\"1928\"><strong data-start=\"1637\" data-end=\"1657\">Morgens und\/oder abends<\/strong> auf die gereinigte Haut auftragen, idealerweise nach einem <strong data-start=\"1699\" data-end=\"1711\">Hydrolat<\/strong> oder dem <strong data-start=\"1718\" data-end=\"1734\">Floraserum A<\/strong>. Eine kleine Menge des Produkts entnehmen, zwischen den H\u00e4nden erw\u00e4rmen und dann mit Aufw\u00e4rtsbewegungen <strong data-start=\"1808\" data-end=\"1831\">sanft in Gesicht und Hals einmassieren<\/strong>, wobei besonders auf erschlaffte oder strapazierte Partien zu achten ist. <\/p>\n<p class=\"\" data-start=\"1930\" data-end=\"2128\">Die Pflege kann je nach Hautbed\u00fcrfnis <strong data-start=\"1954\" data-end=\"1962\">allein<\/strong> oder als Erg\u00e4nzung zu einem leichteren Serum verwendet werden. Dank ihres glatten und seidigen Finishs ist sie zudem eine <strong data-start=\"2060\" data-end=\"2093\">hervorragende Make-up-Unterlage<\/strong>. <\/p>\n<p><b>50-ml-Airless-Flakon.<\/b><br \/>\nOhne Konservierungsstoffe.<br \/>\n<b>100 %<\/b> der gesamten Inhaltsstoffe sind nat\u00fcrlichen Ursprungs.<br \/>\n<b>93 %<\/b> der gesamten Inhaltsstoffe stammen aus biologischem Anbau.<\/p>\n","protected":false},"excerpt":{"rendered":"<p><b>Anti-Aging-, Anti-Falten-, Anti-Pigmentflecken- und Anti-Augenring-Pflege<br \/>\n<\/b><\/p>\n<p>Dynamisierende Emulsion zur N\u00e4hrstoffversorgung, Stimulierung und Straffung des Gewebes.<\/p>\n<p>Dynamisierende Emulsion zur N\u00e4hrstoffversorgung, Stimulierung und Straffung des Gewebes.<\/p>\n<p>Seine stimulierenden, radikalfangenden und ausgleichenden Wirkstoffe stellen die Hautstruktur wieder her.<br \/>\nDiese sehr reich an biologischem, ungefiltertem und unpasteurisiertem Birkensaft (57 %) formulierte Pflege bek\u00e4mpft die Hautalterung und verleiht der Epidermis langfristig eine authentische und dauerhafte Gelassenheit.<\/p>\n<p>Die Ergebnisse verst\u00e4rken sich schrittweise und schnell.<br \/>\nDie Verbesserung der Hautqualit\u00e4t zeigt sich in einer h\u00f6heren Elastizit\u00e4t und einer besseren Spannkraft des Gewebes, wodurch die Gesichtskonturen betont werden. Diese Effekte beugen Falten vor und mildern sie. Das enthaltene Pracaxi-\u00d6l reduziert das Erscheinungsbild von Altersflecken und Augenringen.  <\/p>\n","protected":false},"featured_media":83618,"comment_status":"open","ping_status":"closed","template":"","meta":{"_et_pb_use_builder":"","_et_pb_old_content":"","_et_gb_content_width":""},"product_brand":[],"product_cat":[154,144],"product_tag":[],"class_list":{"0":"post-83617","1":"product","2":"type-product","3":"status-publish","4":"has-post-thumbnail","6":"product_cat-bio-kosmetik","7":"product_cat-hygiene-schonheit-und-hautpflege","9":"first","10":"instock","11":"shipping-taxable","12":"purchasable","13":"product-type-simple"},"yoast_head":"<!-- This site is optimized with the Yoast SEO plugin v27.3 - https:\/\/yoast.com\/product\/yoast-seo-wordpress\/ -->\n<title>Straffendes Serum-Creme \u2013 Flora d&#039;Essarts \u2013 Phyt-Inov\u00ae offiziell \u2013 Bio-Creme f\u00fcr die Haut- und Gesichtspflege \u2013 Anti-Falten \u2013 Anti-Pigmentflecken \u2013 Deaktivierte Haut \u2013 50 ml 100 % nat\u00fcrlich und ultrabiologisch | Phyt-inov.com<\/title>\n<meta name=\"description\" content=\"Phyt-Inov international\u00ae offiziell, das f\u00fchrende Schweizer Labor f\u00fcr nat\u00fcrliche und biologische Pflege und Kosmetik f\u00fcr die Gesundheit und Sch\u00f6nheit der Haut, pr\u00e4sentiert sein straffendes Serum-Creme Flora d&#039;Essarts (50 ml ohne Konservierungsstoffe oder PEG). Das straffende Serum-Creme Flora d&#039;Essarts ist ein nat\u00fcrliches Bio-Produkt von Phyt Inov zur Bewahrung der Hautsch\u00f6nheit (Birkensaft\/Oliven\u00f6l\/Sonnenblume\/Palmarosa). Dieses straffende Serum-Creme ist eine dynamisierende Emulsion zur N\u00e4hrstoffversorgung, Stimulierung und Straffung des Gewebes. Seine stimulierenden, radikalfangenden und ausgleichenden Wirkstoffe stellen die Hautstruktur wieder her.\" \/>\n<meta name=\"robots\" content=\"index, follow, max-snippet:-1, max-image-preview:large, max-video-preview:-1\" \/>\n<link rel=\"canonical\" href=\"https:\/\/www.phyt-inov.com\/de\/produit\/straffendes-serum-creme\/\" \/>\n<meta property=\"og:locale\" content=\"de_DE\" \/>\n<meta property=\"og:type\" content=\"article\" \/>\n<meta property=\"og:title\" content=\"Straffendes Serum-Creme \u2013 Flora d&#039;Essarts \u2013 Phyt-Inov\u00ae offiziell \u2013 Bio-Creme f\u00fcr die Haut- und Gesichtspflege \u2013 Anti-Falten \u2013 Anti-Pigmentflecken \u2013 Deaktivierte Haut \u2013 50 ml 100 % nat\u00fcrlich und ultrabiologisch | Phyt-inov.com\" \/>\n<meta property=\"og:description\" content=\"Phyt-Inov international\u00ae offiziell, das f\u00fchrende Schweizer Labor f\u00fcr nat\u00fcrliche und biologische Pflege und Kosmetik f\u00fcr die Gesundheit und Sch\u00f6nheit der Haut, pr\u00e4sentiert sein straffendes Serum-Creme Flora d&#039;Essarts (50 ml ohne Konservierungsstoffe oder PEG). Das straffende Serum-Creme Flora d&#039;Essarts ist ein nat\u00fcrliches Bio-Produkt von Phyt Inov zur Bewahrung der Hautsch\u00f6nheit (Birkensaft\/Oliven\u00f6l\/Sonnenblume\/Palmarosa). Dieses straffende Serum-Creme ist eine dynamisierende Emulsion zur N\u00e4hrstoffversorgung, Stimulierung und Straffung des Gewebes. Seine stimulierenden, radikalfangenden und ausgleichenden Wirkstoffe stellen die Hautstruktur wieder her.\" \/>\n<meta property=\"og:url\" content=\"https:\/\/www.phyt-inov.com\/de\/produit\/straffendes-serum-creme\/\" \/>\n<meta property=\"og:site_name\" content=\"Phyt-Inov\" \/>\n<meta property=\"article:publisher\" content=\"https:\/\/www.facebook.com\/phytinov\/\" \/>\n<meta property=\"article:modified_time\" content=\"2026-03-30T09:06:01+00:00\" \/>\n<meta property=\"og:image\" content=\"https:\/\/www.phyt-inov.com\/wp-content\/uploads\/2025\/09\/SCT-1-scaled.png\" \/>\n\t<meta property=\"og:image:width\" content=\"2446\" \/>\n\t<meta property=\"og:image:height\" content=\"2560\" \/>\n\t<meta property=\"og:image:type\" content=\"image\/png\" \/>\n<meta name=\"twitter:card\" content=\"summary_large_image\" \/>\n<meta name=\"twitter:label1\" content=\"Gesch\u00e4tzte Lesezeit\" \/>\n\t<meta name=\"twitter:data1\" content=\"1\u00a0Minute\" \/>\n<script type=\"application\/ld+json\" class=\"yoast-schema-graph\">{\"@context\":\"https:\\\/\\\/schema.org\",\"@graph\":[{\"@type\":\"WebPage\",\"@id\":\"https:\\\/\\\/www.phyt-inov.com\\\/de\\\/produit\\\/straffendes-serum-creme\\\/\",\"url\":\"https:\\\/\\\/www.phyt-inov.com\\\/de\\\/produit\\\/straffendes-serum-creme\\\/\",\"name\":\"Straffendes Serum-Creme \u2013 Flora d'Essarts \u2013 Phyt-Inov\u00ae offiziell \u2013 Bio-Creme f\u00fcr die Haut- und Gesichtspflege \u2013 Anti-Falten \u2013 Anti-Pigmentflecken \u2013 Deaktivierte Haut \u2013 50 ml 100 % nat\u00fcrlich und ultrabiologisch | Phyt-inov.com\",\"isPartOf\":{\"@id\":\"https:\\\/\\\/www.phyt-inov.com\\\/de\\\/#website\"},\"primaryImageOfPage\":{\"@id\":\"https:\\\/\\\/www.phyt-inov.com\\\/de\\\/produit\\\/straffendes-serum-creme\\\/#primaryimage\"},\"image\":{\"@id\":\"https:\\\/\\\/www.phyt-inov.com\\\/de\\\/produit\\\/straffendes-serum-creme\\\/#primaryimage\"},\"thumbnailUrl\":\"https:\\\/\\\/www.phyt-inov.com\\\/wp-content\\\/uploads\\\/2025\\\/09\\\/SCT-1-scaled.png\",\"datePublished\":\"2019-04-04T21:31:18+00:00\",\"dateModified\":\"2026-03-30T09:06:01+00:00\",\"description\":\"Phyt-Inov international\u00ae offiziell, das f\u00fchrende Schweizer Labor f\u00fcr nat\u00fcrliche und biologische Pflege und Kosmetik f\u00fcr die Gesundheit und Sch\u00f6nheit der Haut, pr\u00e4sentiert sein straffendes Serum-Creme Flora d'Essarts (50 ml ohne Konservierungsstoffe oder PEG). Das straffende Serum-Creme Flora d'Essarts ist ein nat\u00fcrliches Bio-Produkt von Phyt Inov zur Bewahrung der Hautsch\u00f6nheit (Birkensaft\\\/Oliven\u00f6l\\\/Sonnenblume\\\/Palmarosa). Dieses straffende Serum-Creme ist eine dynamisierende Emulsion zur N\u00e4hrstoffversorgung, Stimulierung und Straffung des Gewebes. Seine stimulierenden, radikalfangenden und ausgleichenden Wirkstoffe stellen die Hautstruktur wieder her.\",\"breadcrumb\":{\"@id\":\"https:\\\/\\\/www.phyt-inov.com\\\/de\\\/produit\\\/straffendes-serum-creme\\\/#breadcrumb\"},\"inLanguage\":\"de\",\"potentialAction\":[{\"@type\":\"ReadAction\",\"target\":[\"https:\\\/\\\/www.phyt-inov.com\\\/de\\\/produit\\\/straffendes-serum-creme\\\/\"]}]},{\"@type\":\"ImageObject\",\"inLanguage\":\"de\",\"@id\":\"https:\\\/\\\/www.phyt-inov.com\\\/de\\\/produit\\\/straffendes-serum-creme\\\/#primaryimage\",\"url\":\"https:\\\/\\\/www.phyt-inov.com\\\/wp-content\\\/uploads\\\/2025\\\/09\\\/SCT-1-scaled.png\",\"contentUrl\":\"https:\\\/\\\/www.phyt-inov.com\\\/wp-content\\\/uploads\\\/2025\\\/09\\\/SCT-1-scaled.png\",\"width\":2446,\"height\":2560,\"caption\":\"Flora d'Essarts Straffendes Serum-Creme\"},{\"@type\":\"BreadcrumbList\",\"@id\":\"https:\\\/\\\/www.phyt-inov.com\\\/de\\\/produit\\\/straffendes-serum-creme\\\/#breadcrumb\",\"itemListElement\":[{\"@type\":\"ListItem\",\"position\":1,\"name\":\"Accueil\",\"item\":\"https:\\\/\\\/www.phyt-inov.com\\\/de\\\/startseite\\\/\"},{\"@type\":\"ListItem\",\"position\":2,\"name\":\"Shop\",\"item\":\"https:\\\/\\\/www.phyt-inov.com\\\/de\\\/shop\\\/\"},{\"@type\":\"ListItem\",\"position\":3,\"name\":\"Straffendes Serum-Creme\"}]},{\"@type\":\"WebSite\",\"@id\":\"https:\\\/\\\/www.phyt-inov.com\\\/de\\\/#website\",\"url\":\"https:\\\/\\\/www.phyt-inov.com\\\/de\\\/\",\"name\":\"Phyt-Inov International\",\"description\":\"L&#039;efficacit\u00e9 naturelle pour vos soins quotidiens\",\"publisher\":{\"@id\":\"https:\\\/\\\/www.phyt-inov.com\\\/de\\\/#organization\"},\"alternateName\":\"phyt-inov\",\"potentialAction\":[{\"@type\":\"SearchAction\",\"target\":{\"@type\":\"EntryPoint\",\"urlTemplate\":\"https:\\\/\\\/www.phyt-inov.com\\\/de\\\/?s={search_term_string}\"},\"query-input\":{\"@type\":\"PropertyValueSpecification\",\"valueRequired\":true,\"valueName\":\"search_term_string\"}}],\"inLanguage\":\"de\"},{\"@type\":\"Organization\",\"@id\":\"https:\\\/\\\/www.phyt-inov.com\\\/de\\\/#organization\",\"name\":\"Phyt-Inov\",\"alternateName\":\"Phyt-Inov\",\"url\":\"https:\\\/\\\/www.phyt-inov.com\\\/de\\\/\",\"logo\":{\"@type\":\"ImageObject\",\"inLanguage\":\"de\",\"@id\":\"https:\\\/\\\/www.phyt-inov.com\\\/de\\\/#\\\/schema\\\/logo\\\/image\\\/\",\"url\":\"https:\\\/\\\/www.phyt-inov.com\\\/wp-content\\\/uploads\\\/2025\\\/09\\\/Logo-site-phyt-inov4_Plan-de-travail-1-2048x760-1.png\",\"contentUrl\":\"https:\\\/\\\/www.phyt-inov.com\\\/wp-content\\\/uploads\\\/2025\\\/09\\\/Logo-site-phyt-inov4_Plan-de-travail-1-2048x760-1.png\",\"width\":2048,\"height\":760,\"caption\":\"Phyt-Inov\"},\"image\":{\"@id\":\"https:\\\/\\\/www.phyt-inov.com\\\/de\\\/#\\\/schema\\\/logo\\\/image\\\/\"},\"sameAs\":[\"https:\\\/\\\/www.facebook.com\\\/phytinov\\\/\",\"https:\\\/\\\/www.youtube.com\\\/channel\\\/UCE05sYsSXuuKbLqs4Au3e4Q\",\"https:\\\/\\\/www.instagram.com\\\/phytinov\\\/\"]}]}<\/script>\n<!-- \/ Yoast SEO plugin. -->","yoast_head_json":{"title":"Straffendes Serum-Creme \u2013 Flora d'Essarts \u2013 Phyt-Inov\u00ae offiziell \u2013 Bio-Creme f\u00fcr die Haut- und Gesichtspflege \u2013 Anti-Falten \u2013 Anti-Pigmentflecken \u2013 Deaktivierte Haut \u2013 50 ml 100 % nat\u00fcrlich und ultrabiologisch | Phyt-inov.com","description":"Phyt-Inov international\u00ae offiziell, das f\u00fchrende Schweizer Labor f\u00fcr nat\u00fcrliche und biologische Pflege und Kosmetik f\u00fcr die Gesundheit und Sch\u00f6nheit der Haut, pr\u00e4sentiert sein straffendes Serum-Creme Flora d'Essarts (50 ml ohne Konservierungsstoffe oder PEG). Das straffende Serum-Creme Flora d'Essarts ist ein nat\u00fcrliches Bio-Produkt von Phyt Inov zur Bewahrung der Hautsch\u00f6nheit (Birkensaft\/Oliven\u00f6l\/Sonnenblume\/Palmarosa). Dieses straffende Serum-Creme ist eine dynamisierende Emulsion zur N\u00e4hrstoffversorgung, Stimulierung und Straffung des Gewebes. Seine stimulierenden, radikalfangenden und ausgleichenden Wirkstoffe stellen die Hautstruktur wieder her.","robots":{"index":"index","follow":"follow","max-snippet":"max-snippet:-1","max-image-preview":"max-image-preview:large","max-video-preview":"max-video-preview:-1"},"canonical":"https:\/\/www.phyt-inov.com\/de\/produit\/straffendes-serum-creme\/","og_locale":"de_DE","og_type":"article","og_title":"Straffendes Serum-Creme \u2013 Flora d'Essarts \u2013 Phyt-Inov\u00ae offiziell \u2013 Bio-Creme f\u00fcr die Haut- und Gesichtspflege \u2013 Anti-Falten \u2013 Anti-Pigmentflecken \u2013 Deaktivierte Haut \u2013 50 ml 100 % nat\u00fcrlich und ultrabiologisch | Phyt-inov.com","og_description":"Phyt-Inov international\u00ae offiziell, das f\u00fchrende Schweizer Labor f\u00fcr nat\u00fcrliche und biologische Pflege und Kosmetik f\u00fcr die Gesundheit und Sch\u00f6nheit der Haut, pr\u00e4sentiert sein straffendes Serum-Creme Flora d'Essarts (50 ml ohne Konservierungsstoffe oder PEG). Das straffende Serum-Creme Flora d'Essarts ist ein nat\u00fcrliches Bio-Produkt von Phyt Inov zur Bewahrung der Hautsch\u00f6nheit (Birkensaft\/Oliven\u00f6l\/Sonnenblume\/Palmarosa). Dieses straffende Serum-Creme ist eine dynamisierende Emulsion zur N\u00e4hrstoffversorgung, Stimulierung und Straffung des Gewebes. Seine stimulierenden, radikalfangenden und ausgleichenden Wirkstoffe stellen die Hautstruktur wieder her.","og_url":"https:\/\/www.phyt-inov.com\/de\/produit\/straffendes-serum-creme\/","og_site_name":"Phyt-Inov","article_publisher":"https:\/\/www.facebook.com\/phytinov\/","article_modified_time":"2026-03-30T09:06:01+00:00","og_image":[{"width":2446,"height":2560,"url":"https:\/\/www.phyt-inov.com\/wp-content\/uploads\/2025\/09\/SCT-1-scaled.png","type":"image\/png"}],"twitter_card":"summary_large_image","twitter_misc":{"Gesch\u00e4tzte Lesezeit":"1\u00a0Minute"},"schema":{"@context":"https:\/\/schema.org","@graph":[{"@type":"WebPage","@id":"https:\/\/www.phyt-inov.com\/de\/produit\/straffendes-serum-creme\/","url":"https:\/\/www.phyt-inov.com\/de\/produit\/straffendes-serum-creme\/","name":"Straffendes Serum-Creme \u2013 Flora d'Essarts \u2013 Phyt-Inov\u00ae offiziell \u2013 Bio-Creme f\u00fcr die Haut- und Gesichtspflege \u2013 Anti-Falten \u2013 Anti-Pigmentflecken \u2013 Deaktivierte Haut \u2013 50 ml 100 % nat\u00fcrlich und ultrabiologisch | Phyt-inov.com","isPartOf":{"@id":"https:\/\/www.phyt-inov.com\/de\/#website"},"primaryImageOfPage":{"@id":"https:\/\/www.phyt-inov.com\/de\/produit\/straffendes-serum-creme\/#primaryimage"},"image":{"@id":"https:\/\/www.phyt-inov.com\/de\/produit\/straffendes-serum-creme\/#primaryimage"},"thumbnailUrl":"https:\/\/www.phyt-inov.com\/wp-content\/uploads\/2025\/09\/SCT-1-scaled.png","datePublished":"2019-04-04T21:31:18+00:00","dateModified":"2026-03-30T09:06:01+00:00","description":"Phyt-Inov international\u00ae offiziell, das f\u00fchrende Schweizer Labor f\u00fcr nat\u00fcrliche und biologische Pflege und Kosmetik f\u00fcr die Gesundheit und Sch\u00f6nheit der Haut, pr\u00e4sentiert sein straffendes Serum-Creme Flora d'Essarts (50 ml ohne Konservierungsstoffe oder PEG). Das straffende Serum-Creme Flora d'Essarts ist ein nat\u00fcrliches Bio-Produkt von Phyt Inov zur Bewahrung der Hautsch\u00f6nheit (Birkensaft\/Oliven\u00f6l\/Sonnenblume\/Palmarosa). Dieses straffende Serum-Creme ist eine dynamisierende Emulsion zur N\u00e4hrstoffversorgung, Stimulierung und Straffung des Gewebes. Seine stimulierenden, radikalfangenden und ausgleichenden Wirkstoffe stellen die Hautstruktur wieder her.","breadcrumb":{"@id":"https:\/\/www.phyt-inov.com\/de\/produit\/straffendes-serum-creme\/#breadcrumb"},"inLanguage":"de","potentialAction":[{"@type":"ReadAction","target":["https:\/\/www.phyt-inov.com\/de\/produit\/straffendes-serum-creme\/"]}]},{"@type":"ImageObject","inLanguage":"de","@id":"https:\/\/www.phyt-inov.com\/de\/produit\/straffendes-serum-creme\/#primaryimage","url":"https:\/\/www.phyt-inov.com\/wp-content\/uploads\/2025\/09\/SCT-1-scaled.png","contentUrl":"https:\/\/www.phyt-inov.com\/wp-content\/uploads\/2025\/09\/SCT-1-scaled.png","width":2446,"height":2560,"caption":"Flora d'Essarts Straffendes Serum-Creme"},{"@type":"BreadcrumbList","@id":"https:\/\/www.phyt-inov.com\/de\/produit\/straffendes-serum-creme\/#breadcrumb","itemListElement":[{"@type":"ListItem","position":1,"name":"Accueil","item":"https:\/\/www.phyt-inov.com\/de\/startseite\/"},{"@type":"ListItem","position":2,"name":"Shop","item":"https:\/\/www.phyt-inov.com\/de\/shop\/"},{"@type":"ListItem","position":3,"name":"Straffendes Serum-Creme"}]},{"@type":"WebSite","@id":"https:\/\/www.phyt-inov.com\/de\/#website","url":"https:\/\/www.phyt-inov.com\/de\/","name":"Phyt-Inov International","description":"L&#039;efficacit\u00e9 naturelle pour vos soins quotidiens","publisher":{"@id":"https:\/\/www.phyt-inov.com\/de\/#organization"},"alternateName":"phyt-inov","potentialAction":[{"@type":"SearchAction","target":{"@type":"EntryPoint","urlTemplate":"https:\/\/www.phyt-inov.com\/de\/?s={search_term_string}"},"query-input":{"@type":"PropertyValueSpecification","valueRequired":true,"valueName":"search_term_string"}}],"inLanguage":"de"},{"@type":"Organization","@id":"https:\/\/www.phyt-inov.com\/de\/#organization","name":"Phyt-Inov","alternateName":"Phyt-Inov","url":"https:\/\/www.phyt-inov.com\/de\/","logo":{"@type":"ImageObject","inLanguage":"de","@id":"https:\/\/www.phyt-inov.com\/de\/#\/schema\/logo\/image\/","url":"https:\/\/www.phyt-inov.com\/wp-content\/uploads\/2025\/09\/Logo-site-phyt-inov4_Plan-de-travail-1-2048x760-1.png","contentUrl":"https:\/\/www.phyt-inov.com\/wp-content\/uploads\/2025\/09\/Logo-site-phyt-inov4_Plan-de-travail-1-2048x760-1.png","width":2048,"height":760,"caption":"Phyt-Inov"},"image":{"@id":"https:\/\/www.phyt-inov.com\/de\/#\/schema\/logo\/image\/"},"sameAs":["https:\/\/www.facebook.com\/phytinov\/","https:\/\/www.youtube.com\/channel\/UCE05sYsSXuuKbLqs4Au3e4Q","https:\/\/www.instagram.com\/phytinov\/"]}]}},"jetpack_sharing_enabled":true,"_links":{"self":[{"href":"https:\/\/www.phyt-inov.com\/de\/wp-json\/wp\/v2\/product\/83617","targetHints":{"allow":["GET"]}}],"collection":[{"href":"https:\/\/www.phyt-inov.com\/de\/wp-json\/wp\/v2\/product"}],"about":[{"href":"https:\/\/www.phyt-inov.com\/de\/wp-json\/wp\/v2\/types\/product"}],"replies":[{"embeddable":true,"href":"https:\/\/www.phyt-inov.com\/de\/wp-json\/wp\/v2\/comments?post=83617"}],"wp:featuredmedia":[{"embeddable":true,"href":"https:\/\/www.phyt-inov.com\/de\/wp-json\/wp\/v2\/media\/83618"}],"wp:attachment":[{"href":"https:\/\/www.phyt-inov.com\/de\/wp-json\/wp\/v2\/media?parent=83617"}],"wp:term":[{"taxonomy":"product_brand","embeddable":true,"href":"https:\/\/www.phyt-inov.com\/de\/wp-json\/wp\/v2\/product_brand?post=83617"},{"taxonomy":"product_cat","embeddable":true,"href":"https:\/\/www.phyt-inov.com\/de\/wp-json\/wp\/v2\/product_cat?post=83617"},{"taxonomy":"product_tag","embeddable":true,"href":"https:\/\/www.phyt-inov.com\/de\/wp-json\/wp\/v2\/product_tag?post=83617"}],"curies":[{"name":"wp","href":"https:\/\/api.w.org\/{rel}","templated":true}]}}