{"id":83613,"date":"2019-04-04T21:31:17","date_gmt":"2019-04-04T21:31:17","guid":{"rendered":"https:\/\/www.phyt-inov.com\/produit\/naehrende-serumcreme\/"},"modified":"2026-03-30T09:05:44","modified_gmt":"2026-03-30T09:05:44","slug":"naehrende-serumcreme","status":"publish","type":"product","link":"https:\/\/www.phyt-inov.com\/de\/produit\/naehrende-serumcreme\/","title":{"rendered":"N\u00e4hrende Serumcreme"},"content":{"rendered":"<p><b>Biomaxi, f\u00fcr ein Maximum an Bio am Gesamtanteil der Inhaltsstoffe.<\/b><\/p>\n<h4 class=\"\" data-start=\"874\" data-end=\"924\">Eine Formel reich an wertvollen pflanzlichen Wirkstoffen<\/h4>\n<ul data-start=\"926\" data-end=\"1692\">\n<li class=\"\" data-start=\"926\" data-end=\"1162\">\n<p class=\"\" data-start=\"928\" data-end=\"1162\"><strong data-start=\"928\" data-end=\"953\">8 \u00e4therische \u00d6le<\/strong> sorgf\u00e4ltig ausgew\u00e4hlt wegen ihrer regulierenden, reparierenden und Anti-Aging-Eigenschaften: Karotte, Speiklavendel, Sandelholz, Palmarosa, Rosmarin, Muskatellersalbei, Bourbon-Geranie, Bitterorangen-Petitgrain.<\/p>\n<\/li>\n<li class=\"\" data-start=\"926\" data-end=\"1162\"><strong data-start=\"1165\" data-end=\"1198\">9 n\u00e4hrende Pflanzen\u00f6le<\/strong> wie Avocado-, Jojoba-, Macadamia-, Johanniskraut- oder Pracaxi\u00f6l verleihen der Epidermis Geschmeidigkeit und Komfort.<\/li>\n<li class=\"\" data-start=\"1336\" data-end=\"1426\">\n<p class=\"\" data-start=\"1338\" data-end=\"1426\"><strong data-start=\"1338\" data-end=\"1358\">Sheabutter<\/strong> und <strong data-start=\"1362\" data-end=\"1386\">Calendula-Extrakt<\/strong> mit n\u00e4hrenden und beruhigenden Eigenschaften.<\/p>\n<\/li>\n<li class=\"\" data-start=\"1427\" data-end=\"1507\">\n<p class=\"\" data-start=\"1429\" data-end=\"1507\"><strong data-start=\"1429\" data-end=\"1458\">M\u00e4des\u00fc\u00df-Extrakt<\/strong> f\u00fcr einen gl\u00e4ttenden, tonisierenden und adstringierenden Effekt.<\/p>\n<\/li>\n<li class=\"\" data-start=\"1508\" data-end=\"1692\">\n<p class=\"\" data-start=\"1510\" data-end=\"1692\"><strong data-start=\"1510\" data-end=\"1529\">Birkensaft<\/strong>, die Signatur der Flora-d\u2019Essarts-Linie, wird als Ersatz f\u00fcr Wasser verwendet, um die Formel mit Mineralstoffen anzureichern und eine bessere Aufnahme der Wirkstoffe zu f\u00f6rdern.<\/p>\n<\/li>\n<\/ul>\n<h4 class=\"\" data-start=\"1694\" data-end=\"1721\">Anwendungstipps<\/h4>\n<p class=\"\" data-start=\"1723\" data-end=\"1977\">Morgens und\/oder abends auf die gereinigte Haut auftragen, idealerweise nach einem Hydrolat oder einem Fluid-Serum. Eine kleine Menge der Pflege in die Handfl\u00e4che geben und anschlie\u00dfend Gesicht und Hals mit aufw\u00e4rts gerichteten Bewegungen sanft einmassieren, bis sie vollst\u00e4ndig eingezogen ist. <\/p>\n<p class=\"\" data-start=\"1979\" data-end=\"2137\">Diese Pflege kann allein oder je nach Hautbed\u00fcrfnis erg\u00e4nzend zu einem leichteren Serum verwendet werden. Sie ist au\u00dferdem eine ausgezeichnete Make-up-Grundlage. <\/p>\n<p><b>Airless-Flakon mit 50 ml<\/b>.<br \/>\nKeine Konservierungsstoffe, auch keine im Bio-Bereich zugelassenen.<br \/>\n<b>100 %<\/b> der Inhaltsstoffe sind nat\u00fcrlichen Ursprungs oder aus nat\u00fcrlichem Ursprung.<br \/>\n<b>92,9 %<\/b> der Inhaltsstoffe sind bio-zertifiziert.<\/p>\n<p>&nbsp;<\/p>\n<p>&nbsp;<\/p>\n","protected":false},"excerpt":{"rendered":"<p class=\"\" data-start=\"268\" data-end=\"579\">Die <strong data-start=\"271\" data-end=\"295\">N\u00e4hrende Serumcreme<\/strong> ist eine umfassende, hoch n\u00e4hrende Pflege, speziell formuliert f\u00fcr die Bed\u00fcrfnisse von <strong data-start=\"392\" data-end=\"432\">trockener, sehr trockener und reifer Haut<\/strong>. Ihre reichhaltige, cremige Textur umh\u00fcllt die Epidermis mit sofortigem und lang anhaltendem Komfort und stellt zugleich Geschmeidigkeit und die nat\u00fcrliche Ausstrahlung des Teints wieder her. <\/p>\n<p class=\"\" data-start=\"581\" data-end=\"872\">Diese Pflege vereint die Konzentration eines Serums mit der Sanftheit einer Creme und wirkt in der Tiefe, um die Gesichtsz\u00fcge zu gl\u00e4tten, die Haut intensiv zu n\u00e4hren und einen sichtbar strahlenderen, ebenm\u00e4\u00dfigeren Teint zu enth\u00fcllen. Ideal f\u00fcr Haut, die an Dichte oder Festigkeit verliert oder von den Zeichen der Zeit gepr\u00e4gt ist. <\/p>\n","protected":false},"featured_media":83614,"comment_status":"open","ping_status":"closed","template":"","meta":{"_et_pb_use_builder":"","_et_pb_old_content":"","_et_gb_content_width":""},"product_brand":[],"product_cat":[154,144],"product_tag":[],"class_list":{"0":"post-83613","1":"product","2":"type-product","3":"status-publish","4":"has-post-thumbnail","6":"product_cat-bio-kosmetik","7":"product_cat-hygiene-schonheit-und-hautpflege","9":"first","10":"instock","11":"shipping-taxable","12":"purchasable","13":"product-type-simple"},"yoast_head":"<!-- This site is optimized with the Yoast SEO plugin v27.3 - https:\/\/yoast.com\/product\/yoast-seo-wordpress\/ -->\n<title>N\u00e4hrende Serumcreme \u2013 Flora d\u2019Essarts \u2013 Phyt-Inov\u00ae offiziell \u2013 Bio-Creme f\u00fcr die Haut- und Gesichtspflege \u2013 Empfindliche Haut \u2013 50 ml, 100 % nat\u00fcrlich und ultra-bio | Phyt-inov.com<\/title>\n<meta name=\"description\" content=\"Phyt-Inov international\u00ae offiziell, ein f\u00fchrendes Schweizer Labor f\u00fcr nat\u00fcrliche und biologische Pflege- und Kosmetikprodukte f\u00fcr die Gesundheit und Sch\u00f6nheit der Haut, bietet seine N\u00e4hrende Serumcreme Flora d\u2019Essarts an (50 ml ohne Konservierungsstoffe und ohne PEG) \u2013 Die N\u00e4hrende Serumcreme Flora d\u2019Essarts ist ein nat\u00fcrliches\/Bio-Produkt von Phyt Inov zur Bewahrung der Hautsch\u00f6nheit (Birkensaft\/Oliven\u00f6l\/Sesam\/Kamille\/Jojoba\/Avocado). Diese N\u00e4hrende Serumcreme ist eine beruhigende, ausgleichende, weichmachende Emulsion, die der Epidermis hilft, ihr Gleichgewicht und ihre Geschmeidigkeit wiederzufinden. Sie wird f\u00fcr empfindliche, reaktive und zarte Haut empfohlen.\" \/>\n<meta name=\"robots\" content=\"index, follow, max-snippet:-1, max-image-preview:large, max-video-preview:-1\" \/>\n<link rel=\"canonical\" href=\"https:\/\/www.phyt-inov.com\/de\/produit\/naehrende-serumcreme\/\" \/>\n<meta property=\"og:locale\" content=\"de_DE\" \/>\n<meta property=\"og:type\" content=\"article\" \/>\n<meta property=\"og:title\" content=\"N\u00e4hrende Serumcreme \u2013 Flora d\u2019Essarts \u2013 Phyt-Inov\u00ae offiziell \u2013 Bio-Creme f\u00fcr die Haut- und Gesichtspflege \u2013 Empfindliche Haut \u2013 50 ml, 100 % nat\u00fcrlich und ultra-bio | Phyt-inov.com\" \/>\n<meta property=\"og:description\" content=\"Phyt-Inov international\u00ae offiziell, ein f\u00fchrendes Schweizer Labor f\u00fcr nat\u00fcrliche und biologische Pflege- und Kosmetikprodukte f\u00fcr die Gesundheit und Sch\u00f6nheit der Haut, bietet seine N\u00e4hrende Serumcreme Flora d\u2019Essarts an (50 ml ohne Konservierungsstoffe und ohne PEG) \u2013 Die N\u00e4hrende Serumcreme Flora d\u2019Essarts ist ein nat\u00fcrliches\/Bio-Produkt von Phyt Inov zur Bewahrung der Hautsch\u00f6nheit (Birkensaft\/Oliven\u00f6l\/Sesam\/Kamille\/Jojoba\/Avocado). Diese N\u00e4hrende Serumcreme ist eine beruhigende, ausgleichende, weichmachende Emulsion, die der Epidermis hilft, ihr Gleichgewicht und ihre Geschmeidigkeit wiederzufinden. Sie wird f\u00fcr empfindliche, reaktive und zarte Haut empfohlen.\" \/>\n<meta property=\"og:url\" content=\"https:\/\/www.phyt-inov.com\/de\/produit\/naehrende-serumcreme\/\" \/>\n<meta property=\"og:site_name\" content=\"Phyt-Inov\" \/>\n<meta property=\"article:publisher\" content=\"https:\/\/www.facebook.com\/phytinov\/\" \/>\n<meta property=\"article:modified_time\" content=\"2026-03-30T09:05:44+00:00\" \/>\n<meta property=\"og:image\" content=\"https:\/\/www.phyt-inov.com\/wp-content\/uploads\/2025\/09\/SCN-2-scaled.png\" \/>\n\t<meta property=\"og:image:width\" content=\"2446\" \/>\n\t<meta property=\"og:image:height\" content=\"2560\" \/>\n\t<meta property=\"og:image:type\" content=\"image\/png\" \/>\n<meta name=\"twitter:card\" content=\"summary_large_image\" \/>\n<meta name=\"twitter:label1\" content=\"Gesch\u00e4tzte Lesezeit\" \/>\n\t<meta name=\"twitter:data1\" content=\"1\u00a0Minute\" \/>\n<script type=\"application\/ld+json\" class=\"yoast-schema-graph\">{\"@context\":\"https:\\\/\\\/schema.org\",\"@graph\":[{\"@type\":\"WebPage\",\"@id\":\"https:\\\/\\\/www.phyt-inov.com\\\/de\\\/produit\\\/naehrende-serumcreme\\\/\",\"url\":\"https:\\\/\\\/www.phyt-inov.com\\\/de\\\/produit\\\/naehrende-serumcreme\\\/\",\"name\":\"N\u00e4hrende Serumcreme \u2013 Flora d\u2019Essarts \u2013 Phyt-Inov\u00ae offiziell \u2013 Bio-Creme f\u00fcr die Haut- und Gesichtspflege \u2013 Empfindliche Haut \u2013 50 ml, 100 % nat\u00fcrlich und ultra-bio | Phyt-inov.com\",\"isPartOf\":{\"@id\":\"https:\\\/\\\/www.phyt-inov.com\\\/de\\\/#website\"},\"primaryImageOfPage\":{\"@id\":\"https:\\\/\\\/www.phyt-inov.com\\\/de\\\/produit\\\/naehrende-serumcreme\\\/#primaryimage\"},\"image\":{\"@id\":\"https:\\\/\\\/www.phyt-inov.com\\\/de\\\/produit\\\/naehrende-serumcreme\\\/#primaryimage\"},\"thumbnailUrl\":\"https:\\\/\\\/www.phyt-inov.com\\\/wp-content\\\/uploads\\\/2025\\\/09\\\/SCN-2-scaled.png\",\"datePublished\":\"2019-04-04T21:31:17+00:00\",\"dateModified\":\"2026-03-30T09:05:44+00:00\",\"description\":\"Phyt-Inov international\u00ae offiziell, ein f\u00fchrendes Schweizer Labor f\u00fcr nat\u00fcrliche und biologische Pflege- und Kosmetikprodukte f\u00fcr die Gesundheit und Sch\u00f6nheit der Haut, bietet seine N\u00e4hrende Serumcreme Flora d\u2019Essarts an (50 ml ohne Konservierungsstoffe und ohne PEG) \u2013 Die N\u00e4hrende Serumcreme Flora d\u2019Essarts ist ein nat\u00fcrliches\\\/Bio-Produkt von Phyt Inov zur Bewahrung der Hautsch\u00f6nheit (Birkensaft\\\/Oliven\u00f6l\\\/Sesam\\\/Kamille\\\/Jojoba\\\/Avocado). Diese N\u00e4hrende Serumcreme ist eine beruhigende, ausgleichende, weichmachende Emulsion, die der Epidermis hilft, ihr Gleichgewicht und ihre Geschmeidigkeit wiederzufinden. Sie wird f\u00fcr empfindliche, reaktive und zarte Haut empfohlen.\",\"breadcrumb\":{\"@id\":\"https:\\\/\\\/www.phyt-inov.com\\\/de\\\/produit\\\/naehrende-serumcreme\\\/#breadcrumb\"},\"inLanguage\":\"de\",\"potentialAction\":[{\"@type\":\"ReadAction\",\"target\":[\"https:\\\/\\\/www.phyt-inov.com\\\/de\\\/produit\\\/naehrende-serumcreme\\\/\"]}]},{\"@type\":\"ImageObject\",\"inLanguage\":\"de\",\"@id\":\"https:\\\/\\\/www.phyt-inov.com\\\/de\\\/produit\\\/naehrende-serumcreme\\\/#primaryimage\",\"url\":\"https:\\\/\\\/www.phyt-inov.com\\\/wp-content\\\/uploads\\\/2025\\\/09\\\/SCN-2-scaled.png\",\"contentUrl\":\"https:\\\/\\\/www.phyt-inov.com\\\/wp-content\\\/uploads\\\/2025\\\/09\\\/SCN-2-scaled.png\",\"width\":2446,\"height\":2560,\"caption\":\"flora d\u2019essarts n\u00e4hrende serumcreme\"},{\"@type\":\"BreadcrumbList\",\"@id\":\"https:\\\/\\\/www.phyt-inov.com\\\/de\\\/produit\\\/naehrende-serumcreme\\\/#breadcrumb\",\"itemListElement\":[{\"@type\":\"ListItem\",\"position\":1,\"name\":\"Accueil\",\"item\":\"https:\\\/\\\/www.phyt-inov.com\\\/de\\\/startseite\\\/\"},{\"@type\":\"ListItem\",\"position\":2,\"name\":\"Shop\",\"item\":\"https:\\\/\\\/www.phyt-inov.com\\\/de\\\/shop\\\/\"},{\"@type\":\"ListItem\",\"position\":3,\"name\":\"N\u00e4hrende Serumcreme\"}]},{\"@type\":\"WebSite\",\"@id\":\"https:\\\/\\\/www.phyt-inov.com\\\/de\\\/#website\",\"url\":\"https:\\\/\\\/www.phyt-inov.com\\\/de\\\/\",\"name\":\"Phyt-Inov International\",\"description\":\"L&#039;efficacit\u00e9 naturelle pour vos soins quotidiens\",\"publisher\":{\"@id\":\"https:\\\/\\\/www.phyt-inov.com\\\/de\\\/#organization\"},\"alternateName\":\"phyt-inov\",\"potentialAction\":[{\"@type\":\"SearchAction\",\"target\":{\"@type\":\"EntryPoint\",\"urlTemplate\":\"https:\\\/\\\/www.phyt-inov.com\\\/de\\\/?s={search_term_string}\"},\"query-input\":{\"@type\":\"PropertyValueSpecification\",\"valueRequired\":true,\"valueName\":\"search_term_string\"}}],\"inLanguage\":\"de\"},{\"@type\":\"Organization\",\"@id\":\"https:\\\/\\\/www.phyt-inov.com\\\/de\\\/#organization\",\"name\":\"Phyt-Inov\",\"alternateName\":\"Phyt-Inov\",\"url\":\"https:\\\/\\\/www.phyt-inov.com\\\/de\\\/\",\"logo\":{\"@type\":\"ImageObject\",\"inLanguage\":\"de\",\"@id\":\"https:\\\/\\\/www.phyt-inov.com\\\/de\\\/#\\\/schema\\\/logo\\\/image\\\/\",\"url\":\"https:\\\/\\\/www.phyt-inov.com\\\/wp-content\\\/uploads\\\/2025\\\/09\\\/Logo-site-phyt-inov4_Plan-de-travail-1-2048x760-1.png\",\"contentUrl\":\"https:\\\/\\\/www.phyt-inov.com\\\/wp-content\\\/uploads\\\/2025\\\/09\\\/Logo-site-phyt-inov4_Plan-de-travail-1-2048x760-1.png\",\"width\":2048,\"height\":760,\"caption\":\"Phyt-Inov\"},\"image\":{\"@id\":\"https:\\\/\\\/www.phyt-inov.com\\\/de\\\/#\\\/schema\\\/logo\\\/image\\\/\"},\"sameAs\":[\"https:\\\/\\\/www.facebook.com\\\/phytinov\\\/\",\"https:\\\/\\\/www.youtube.com\\\/channel\\\/UCE05sYsSXuuKbLqs4Au3e4Q\",\"https:\\\/\\\/www.instagram.com\\\/phytinov\\\/\"]}]}<\/script>\n<!-- \/ Yoast SEO plugin. -->","yoast_head_json":{"title":"N\u00e4hrende Serumcreme \u2013 Flora d\u2019Essarts \u2013 Phyt-Inov\u00ae offiziell \u2013 Bio-Creme f\u00fcr die Haut- und Gesichtspflege \u2013 Empfindliche Haut \u2013 50 ml, 100 % nat\u00fcrlich und ultra-bio | Phyt-inov.com","description":"Phyt-Inov international\u00ae offiziell, ein f\u00fchrendes Schweizer Labor f\u00fcr nat\u00fcrliche und biologische Pflege- und Kosmetikprodukte f\u00fcr die Gesundheit und Sch\u00f6nheit der Haut, bietet seine N\u00e4hrende Serumcreme Flora d\u2019Essarts an (50 ml ohne Konservierungsstoffe und ohne PEG) \u2013 Die N\u00e4hrende Serumcreme Flora d\u2019Essarts ist ein nat\u00fcrliches\/Bio-Produkt von Phyt Inov zur Bewahrung der Hautsch\u00f6nheit (Birkensaft\/Oliven\u00f6l\/Sesam\/Kamille\/Jojoba\/Avocado). Diese N\u00e4hrende Serumcreme ist eine beruhigende, ausgleichende, weichmachende Emulsion, die der Epidermis hilft, ihr Gleichgewicht und ihre Geschmeidigkeit wiederzufinden. Sie wird f\u00fcr empfindliche, reaktive und zarte Haut empfohlen.","robots":{"index":"index","follow":"follow","max-snippet":"max-snippet:-1","max-image-preview":"max-image-preview:large","max-video-preview":"max-video-preview:-1"},"canonical":"https:\/\/www.phyt-inov.com\/de\/produit\/naehrende-serumcreme\/","og_locale":"de_DE","og_type":"article","og_title":"N\u00e4hrende Serumcreme \u2013 Flora d\u2019Essarts \u2013 Phyt-Inov\u00ae offiziell \u2013 Bio-Creme f\u00fcr die Haut- und Gesichtspflege \u2013 Empfindliche Haut \u2013 50 ml, 100 % nat\u00fcrlich und ultra-bio | Phyt-inov.com","og_description":"Phyt-Inov international\u00ae offiziell, ein f\u00fchrendes Schweizer Labor f\u00fcr nat\u00fcrliche und biologische Pflege- und Kosmetikprodukte f\u00fcr die Gesundheit und Sch\u00f6nheit der Haut, bietet seine N\u00e4hrende Serumcreme Flora d\u2019Essarts an (50 ml ohne Konservierungsstoffe und ohne PEG) \u2013 Die N\u00e4hrende Serumcreme Flora d\u2019Essarts ist ein nat\u00fcrliches\/Bio-Produkt von Phyt Inov zur Bewahrung der Hautsch\u00f6nheit (Birkensaft\/Oliven\u00f6l\/Sesam\/Kamille\/Jojoba\/Avocado). Diese N\u00e4hrende Serumcreme ist eine beruhigende, ausgleichende, weichmachende Emulsion, die der Epidermis hilft, ihr Gleichgewicht und ihre Geschmeidigkeit wiederzufinden. Sie wird f\u00fcr empfindliche, reaktive und zarte Haut empfohlen.","og_url":"https:\/\/www.phyt-inov.com\/de\/produit\/naehrende-serumcreme\/","og_site_name":"Phyt-Inov","article_publisher":"https:\/\/www.facebook.com\/phytinov\/","article_modified_time":"2026-03-30T09:05:44+00:00","og_image":[{"width":2446,"height":2560,"url":"https:\/\/www.phyt-inov.com\/wp-content\/uploads\/2025\/09\/SCN-2-scaled.png","type":"image\/png"}],"twitter_card":"summary_large_image","twitter_misc":{"Gesch\u00e4tzte Lesezeit":"1\u00a0Minute"},"schema":{"@context":"https:\/\/schema.org","@graph":[{"@type":"WebPage","@id":"https:\/\/www.phyt-inov.com\/de\/produit\/naehrende-serumcreme\/","url":"https:\/\/www.phyt-inov.com\/de\/produit\/naehrende-serumcreme\/","name":"N\u00e4hrende Serumcreme \u2013 Flora d\u2019Essarts \u2013 Phyt-Inov\u00ae offiziell \u2013 Bio-Creme f\u00fcr die Haut- und Gesichtspflege \u2013 Empfindliche Haut \u2013 50 ml, 100 % nat\u00fcrlich und ultra-bio | Phyt-inov.com","isPartOf":{"@id":"https:\/\/www.phyt-inov.com\/de\/#website"},"primaryImageOfPage":{"@id":"https:\/\/www.phyt-inov.com\/de\/produit\/naehrende-serumcreme\/#primaryimage"},"image":{"@id":"https:\/\/www.phyt-inov.com\/de\/produit\/naehrende-serumcreme\/#primaryimage"},"thumbnailUrl":"https:\/\/www.phyt-inov.com\/wp-content\/uploads\/2025\/09\/SCN-2-scaled.png","datePublished":"2019-04-04T21:31:17+00:00","dateModified":"2026-03-30T09:05:44+00:00","description":"Phyt-Inov international\u00ae offiziell, ein f\u00fchrendes Schweizer Labor f\u00fcr nat\u00fcrliche und biologische Pflege- und Kosmetikprodukte f\u00fcr die Gesundheit und Sch\u00f6nheit der Haut, bietet seine N\u00e4hrende Serumcreme Flora d\u2019Essarts an (50 ml ohne Konservierungsstoffe und ohne PEG) \u2013 Die N\u00e4hrende Serumcreme Flora d\u2019Essarts ist ein nat\u00fcrliches\/Bio-Produkt von Phyt Inov zur Bewahrung der Hautsch\u00f6nheit (Birkensaft\/Oliven\u00f6l\/Sesam\/Kamille\/Jojoba\/Avocado). Diese N\u00e4hrende Serumcreme ist eine beruhigende, ausgleichende, weichmachende Emulsion, die der Epidermis hilft, ihr Gleichgewicht und ihre Geschmeidigkeit wiederzufinden. Sie wird f\u00fcr empfindliche, reaktive und zarte Haut empfohlen.","breadcrumb":{"@id":"https:\/\/www.phyt-inov.com\/de\/produit\/naehrende-serumcreme\/#breadcrumb"},"inLanguage":"de","potentialAction":[{"@type":"ReadAction","target":["https:\/\/www.phyt-inov.com\/de\/produit\/naehrende-serumcreme\/"]}]},{"@type":"ImageObject","inLanguage":"de","@id":"https:\/\/www.phyt-inov.com\/de\/produit\/naehrende-serumcreme\/#primaryimage","url":"https:\/\/www.phyt-inov.com\/wp-content\/uploads\/2025\/09\/SCN-2-scaled.png","contentUrl":"https:\/\/www.phyt-inov.com\/wp-content\/uploads\/2025\/09\/SCN-2-scaled.png","width":2446,"height":2560,"caption":"flora d\u2019essarts n\u00e4hrende serumcreme"},{"@type":"BreadcrumbList","@id":"https:\/\/www.phyt-inov.com\/de\/produit\/naehrende-serumcreme\/#breadcrumb","itemListElement":[{"@type":"ListItem","position":1,"name":"Accueil","item":"https:\/\/www.phyt-inov.com\/de\/startseite\/"},{"@type":"ListItem","position":2,"name":"Shop","item":"https:\/\/www.phyt-inov.com\/de\/shop\/"},{"@type":"ListItem","position":3,"name":"N\u00e4hrende Serumcreme"}]},{"@type":"WebSite","@id":"https:\/\/www.phyt-inov.com\/de\/#website","url":"https:\/\/www.phyt-inov.com\/de\/","name":"Phyt-Inov International","description":"L&#039;efficacit\u00e9 naturelle pour vos soins quotidiens","publisher":{"@id":"https:\/\/www.phyt-inov.com\/de\/#organization"},"alternateName":"phyt-inov","potentialAction":[{"@type":"SearchAction","target":{"@type":"EntryPoint","urlTemplate":"https:\/\/www.phyt-inov.com\/de\/?s={search_term_string}"},"query-input":{"@type":"PropertyValueSpecification","valueRequired":true,"valueName":"search_term_string"}}],"inLanguage":"de"},{"@type":"Organization","@id":"https:\/\/www.phyt-inov.com\/de\/#organization","name":"Phyt-Inov","alternateName":"Phyt-Inov","url":"https:\/\/www.phyt-inov.com\/de\/","logo":{"@type":"ImageObject","inLanguage":"de","@id":"https:\/\/www.phyt-inov.com\/de\/#\/schema\/logo\/image\/","url":"https:\/\/www.phyt-inov.com\/wp-content\/uploads\/2025\/09\/Logo-site-phyt-inov4_Plan-de-travail-1-2048x760-1.png","contentUrl":"https:\/\/www.phyt-inov.com\/wp-content\/uploads\/2025\/09\/Logo-site-phyt-inov4_Plan-de-travail-1-2048x760-1.png","width":2048,"height":760,"caption":"Phyt-Inov"},"image":{"@id":"https:\/\/www.phyt-inov.com\/de\/#\/schema\/logo\/image\/"},"sameAs":["https:\/\/www.facebook.com\/phytinov\/","https:\/\/www.youtube.com\/channel\/UCE05sYsSXuuKbLqs4Au3e4Q","https:\/\/www.instagram.com\/phytinov\/"]}]}},"jetpack_sharing_enabled":true,"_links":{"self":[{"href":"https:\/\/www.phyt-inov.com\/de\/wp-json\/wp\/v2\/product\/83613","targetHints":{"allow":["GET"]}}],"collection":[{"href":"https:\/\/www.phyt-inov.com\/de\/wp-json\/wp\/v2\/product"}],"about":[{"href":"https:\/\/www.phyt-inov.com\/de\/wp-json\/wp\/v2\/types\/product"}],"replies":[{"embeddable":true,"href":"https:\/\/www.phyt-inov.com\/de\/wp-json\/wp\/v2\/comments?post=83613"}],"wp:featuredmedia":[{"embeddable":true,"href":"https:\/\/www.phyt-inov.com\/de\/wp-json\/wp\/v2\/media\/83614"}],"wp:attachment":[{"href":"https:\/\/www.phyt-inov.com\/de\/wp-json\/wp\/v2\/media?parent=83613"}],"wp:term":[{"taxonomy":"product_brand","embeddable":true,"href":"https:\/\/www.phyt-inov.com\/de\/wp-json\/wp\/v2\/product_brand?post=83613"},{"taxonomy":"product_cat","embeddable":true,"href":"https:\/\/www.phyt-inov.com\/de\/wp-json\/wp\/v2\/product_cat?post=83613"},{"taxonomy":"product_tag","embeddable":true,"href":"https:\/\/www.phyt-inov.com\/de\/wp-json\/wp\/v2\/product_tag?post=83613"}],"curies":[{"name":"wp","href":"https:\/\/api.w.org\/{rel}","templated":true}]}}